{"id":2862,"date":"2018-07-08T20:06:39","date_gmt":"2018-07-08T23:06:39","guid":{"rendered":"http:\/\/www.jinsai.org\/en\/?page_id=2862"},"modified":"2019-07-12T08:46:43","modified_gmt":"2019-07-12T11:46:43","slug":"videos","status":"publish","type":"page","link":"https:\/\/www.jinsai.org\/en\/world-of-beauty\/audio-and-video\/videos\/","title":{"rendered":"Videos"},"content":{"rendered":"<div class=\"wp-playlist wp-video-playlist wp-playlist-light\">\n\t\t<video controls=\"controls\" preload=\"none\" width=\"698\"\n\t\t height=\"476\"\t><\/video>\n\t<div class=\"wp-playlist-next\"><\/div>\n\t<div class=\"wp-playlist-prev\"><\/div>\n\t<noscript>\n\t<ol>\n\t\t<li><a href='https:\/\/www.jinsai.org\/en\/wp-content\/uploads\/2018\/07\/V\u00eddeo-do-Mestre-Jinsai-apreciando-a-paisagem-no-Kanzantei-do-Shinsen-kyo-em-Hakone.mp4'>Master Jinsai's contemplating the landscape of Shinsen-kyo, Hakone<\/a><\/li><li><a href='https:\/\/www.jinsai.org\/en\/wp-content\/uploads\/2018\/07\/V\u00eddeo-do-Mestre-Jinsai-ministrando-Johrei-01.mp4'>Video of Master Jinsai chanelling Johrei 01<\/a><\/li><li><a href='https:\/\/www.jinsai.org\/en\/wp-content\/uploads\/2018\/07\/V\u00eddeo-do-Mestre-Jinsai-ministrando-Johrei-02.mp4'>Video of Master Jinsai chanelling Johrei 02<\/a><\/li><li><a href='https:\/\/www.jinsai.org\/en\/wp-content\/uploads\/2018\/07\/Palestra-do-Mestre-Jinsai-aonde-Ele-afirma-ser-o-Construtor-da-Nova-Civiliza\u00e7\u00e3o-o-Para\u00edso-Terrestre.mp4'>Master Jinsai's speech where He affirms He is the Builder of the New Civilization, the Paradise on Earth<\/a><\/li><li><a href='https:\/\/www.jinsai.org\/en\/wp-content\/uploads\/2018\/08\/Luz-do-Oriente-Ch\u00e1-9-MB.mp4'>Part of the Light from the East - Tea Ceremony<\/a><\/li>\t<\/ol>\n\t<\/noscript>\n\t<script type=\"application\/json\" class=\"wp-playlist-script\">{\"type\":\"video\",\"tracklist\":true,\"tracknumbers\":true,\"images\":true,\"artists\":true,\"tracks\":[{\"src\":\"https:\/\/www.jinsai.org\/en\/wp-content\/uploads\/2018\/07\/V\\u00eddeo-do-Mestre-Jinsai-apreciando-a-paisagem-no-Kanzantei-do-Shinsen-kyo-em-Hakone.mp4\",\"type\":\"video\/mp4\",\"title\":\"Master Jinsai's contemplating the landscape of Shinsen-kyo, Hakone\",\"caption\":\"\",\"description\":\"\",\"meta\":{\"length_formatted\":\"0:22\"},\"dimensions\":{\"original\":{\"width\":352,\"height\":240},\"resized\":{\"width\":698,\"height\":476}},\"image\":{\"src\":\"https:\/\/www.jinsai.org\/en\/wp-includes\/images\/media\/video.svg\",\"width\":48,\"height\":64},\"thumb\":{\"src\":\"https:\/\/www.jinsai.org\/en\/wp-includes\/images\/media\/video.svg\",\"width\":48,\"height\":64}},{\"src\":\"https:\/\/www.jinsai.org\/en\/wp-content\/uploads\/2018\/07\/V\\u00eddeo-do-Mestre-Jinsai-ministrando-Johrei-01.mp4\",\"type\":\"video\/mp4\",\"title\":\"Video of Master Jinsai chanelling Johrei 01\",\"caption\":\"\",\"description\":\"\",\"meta\":{\"length_formatted\":\"0:10\"},\"dimensions\":{\"original\":{\"width\":352,\"height\":240},\"resized\":{\"width\":698,\"height\":476}},\"image\":{\"src\":\"https:\/\/www.jinsai.org\/en\/wp-includes\/images\/media\/video.svg\",\"width\":48,\"height\":64},\"thumb\":{\"src\":\"https:\/\/www.jinsai.org\/en\/wp-includes\/images\/media\/video.svg\",\"width\":48,\"height\":64}},{\"src\":\"https:\/\/www.jinsai.org\/en\/wp-content\/uploads\/2018\/07\/V\\u00eddeo-do-Mestre-Jinsai-ministrando-Johrei-02.mp4\",\"type\":\"video\/mp4\",\"title\":\"Video of Master Jinsai chanelling Johrei 02\",\"caption\":\"\",\"description\":\"\",\"meta\":{\"length_formatted\":\"0:14\"},\"dimensions\":{\"original\":{\"width\":352,\"height\":240},\"resized\":{\"width\":698,\"height\":476}},\"image\":{\"src\":\"https:\/\/www.jinsai.org\/en\/wp-includes\/images\/media\/video.svg\",\"width\":48,\"height\":64},\"thumb\":{\"src\":\"https:\/\/www.jinsai.org\/en\/wp-includes\/images\/media\/video.svg\",\"width\":48,\"height\":64}},{\"src\":\"https:\/\/www.jinsai.org\/en\/wp-content\/uploads\/2018\/07\/Palestra-do-Mestre-Jinsai-aonde-Ele-afirma-ser-o-Construtor-da-Nova-Civiliza\\u00e7\\u00e3o-o-Para\\u00edso-Terrestre.mp4\",\"type\":\"video\/mp4\",\"title\":\"Master Jinsai's speech where He affirms He is the Builder of the New Civilization, the Paradise on Earth\",\"caption\":\"\",\"description\":\"\",\"meta\":{\"length_formatted\":\"0:11\"},\"dimensions\":{\"original\":{\"width\":348,\"height\":240},\"resized\":{\"width\":698,\"height\":481}},\"image\":{\"src\":\"https:\/\/www.jinsai.org\/en\/wp-includes\/images\/media\/video.svg\",\"width\":48,\"height\":64},\"thumb\":{\"src\":\"https:\/\/www.jinsai.org\/en\/wp-includes\/images\/media\/video.svg\",\"width\":48,\"height\":64}},{\"src\":\"https:\/\/www.jinsai.org\/en\/wp-content\/uploads\/2018\/08\/Luz-do-Oriente-Ch\\u00e1-9-MB.mp4\",\"type\":\"video\/mp4\",\"title\":\"Part of the Light from the East - Tea Ceremony\",\"caption\":\"\",\"description\":\"\",\"meta\":{\"length_formatted\":\"4:01\"},\"dimensions\":{\"original\":{\"width\":352,\"height\":240},\"resized\":{\"width\":698,\"height\":476}},\"image\":{\"src\":\"https:\/\/www.jinsai.org\/en\/wp-includes\/images\/media\/video.svg\",\"width\":48,\"height\":64},\"thumb\":{\"src\":\"https:\/\/www.jinsai.org\/en\/wp-includes\/images\/media\/video.svg\",\"width\":48,\"height\":64}}]}<\/script>\n<\/div>\n\t\n<p><iframe loading=\"lazy\" style=\"border: none; overflow: hidden;\" src=\"https:\/\/www.facebook.com\/plugins\/like.php?href=http%3A%2F%2Fwww.jinsai.org%2Fen%2Fworld-of-beauty%2Faudio-and-video%2Fvideos%2F&amp;width=450&amp;layout=standard&amp;action=like&amp;size=large&amp;show_faces=true&amp;share=true&amp;height=80&amp;appId=171964893011161\" width=\"450\" height=\"80\" frameborder=\"0\" scrolling=\"no\"><\/iframe><\/p>\n<div id=\"fb-root\"><\/div>\n<p><script async defer crossorigin=\"anonymous\" src=\"https:\/\/connect.facebook.net\/en_US\/sdk.js#xfbml=1&#038;version=v3.3&#038;appId=171964893011161&#038;autoLogAppEvents=1\"><\/script><\/p>\n<div class=\"fb-comments\" data-href=\"http:\/\/www.jinsai.org\/en\/world-of-beauty\/audio-and-video\/videos\/\" data-width=\"\" data-numposts=\"100\"><\/div>\n","protected":false},"excerpt":{"rendered":"","protected":false},"author":1,"featured_media":0,"parent":907,"menu_order":0,"comment_status":"closed","ping_status":"closed","template":"","meta":{"footnotes":""},"class_list":["post-2862","page","type-page","status-publish","hentry","post"],"_links":{"self":[{"href":"https:\/\/www.jinsai.org\/en\/wp-json\/wp\/v2\/pages\/2862","targetHints":{"allow":["GET"]}}],"collection":[{"href":"https:\/\/www.jinsai.org\/en\/wp-json\/wp\/v2\/pages"}],"about":[{"href":"https:\/\/www.jinsai.org\/en\/wp-json\/wp\/v2\/types\/page"}],"author":[{"embeddable":true,"href":"https:\/\/www.jinsai.org\/en\/wp-json\/wp\/v2\/users\/1"}],"replies":[{"embeddable":true,"href":"https:\/\/www.jinsai.org\/en\/wp-json\/wp\/v2\/comments?post=2862"}],"version-history":[{"count":9,"href":"https:\/\/www.jinsai.org\/en\/wp-json\/wp\/v2\/pages\/2862\/revisions"}],"predecessor-version":[{"id":4917,"href":"https:\/\/www.jinsai.org\/en\/wp-json\/wp\/v2\/pages\/2862\/revisions\/4917"}],"up":[{"embeddable":true,"href":"https:\/\/www.jinsai.org\/en\/wp-json\/wp\/v2\/pages\/907"}],"wp:attachment":[{"href":"https:\/\/www.jinsai.org\/en\/wp-json\/wp\/v2\/media?parent=2862"}],"curies":[{"name":"wp","href":"https:\/\/api.w.org\/{rel}","templated":true}]}}