{"id":3727,"date":"2019-01-08T12:53:59","date_gmt":"2019-01-08T14:53:59","guid":{"rendered":"http:\/\/www.jinsai.org\/en\/?page_id=3727"},"modified":"2019-07-11T10:01:12","modified_gmt":"2019-07-11T13:01:12","slug":"authors","status":"publish","type":"page","link":"https:\/\/www.jinsai.org\/en\/meishu-sama\/authors\/","title":{"rendered":"Authors"},"content":{"rendered":"<div id=\"pl-3727\"  class=\"panel-layout\" ><div id=\"pg-3727-0\"  class=\"panel-grid panel-no-style\" ><div id=\"pgc-3727-0-0\"  class=\"panel-grid-cell\" ><div id=\"panel-3727-0-0-0\" class=\"so-panel widget widget_sow-editor panel-first-child\" data-index=\"0\" ><div class=\"so-widget-sow-editor so-widget-sow-editor-base\">\n<div class=\"siteorigin-widget-tinymce textwidget\">\n\t<p style=\"text-align: justify;\">We are mentioning here the biography and main works of some authors read by Master Jinsai in His Teachings. It's important to explain that we will only talk about works, thoughts and philosophies mentioned in Teachings.<\/p>\n<p style=\"text-align: justify;\">If you would like to know about some specific author, <a href=\"mailto:jinsai@jinsai.org\">contact us<\/a>.<\/p>\n<\/div>\n<\/div><\/div><div id=\"panel-3727-0-0-1\" class=\"so-panel widget widget_siteorigin-panels-postloop\" data-index=\"1\" >\n\t<div id=\"vantage-circleicon-loop\" class=\"vantage-circleicon-loop circleicon-loop-columns-3\">\n\n\t\t<div class=\"widget widget_circleicon-widget\">\t\t<div class=\"circle-icon-box circle-icon-position-top circle-icon-hide-box circle-icon-size-small\">\n\t\t\t<div class=\"circle-icon-wrapper\">\n\t\t\t\t<a href=\"https:\/\/www.jinsai.org\/en\/meishu-sama\/authors\/takuan-soho\/\" class=\"link-icon\" >\t\t\t\t<div class=\"circle-icon icon-style-set\" style=\"background-image: url(https:\/\/www.jinsai.org\/en\/wp-content\/uploads\/2019\/10\/TakuanSoho-150x150.jpg)\">\n\t\t\t\t\t\t\t\t\t<\/div>\n\t\t\t\t<\/a>\t\t\t<\/div>\n\n\t\t\t<a href=\"https:\/\/www.jinsai.org\/en\/meishu-sama\/authors\/takuan-soho\/\" class=\"link-title\" >\t\t\t<h4 >TAKUAN SOHO<\/h4>\t\t\t<\/a>\n\t\t\t<p class=\"text\" >Takuan S\u014dh\u014d was born into a family of farmers in the town of Izushi, in Tajima Province (present-day Hy\u014dgo Prefecture). At the age of 8 in 1581, Takuan began his religious studies; two years later he entered a Buddhist monastery of the Pure Land Sect. By the age of 14 in 1587, he started studying [&hellip;]<\/p>\t\t\t\t\t\t\t<a href=\"https:\/\/www.jinsai.org\/en\/meishu-sama\/authors\/takuan-soho\/\" class=\"more-button\" >Read more <i><\/i><\/a>\n\t\t\t\t\t<\/div>\n\t\t<\/div><div class=\"widget widget_circleicon-widget\">\t\t<div class=\"circle-icon-box circle-icon-position-top circle-icon-hide-box circle-icon-size-small\">\n\t\t\t<div class=\"circle-icon-wrapper\">\n\t\t\t\t<a href=\"https:\/\/www.jinsai.org\/en\/meishu-sama\/authors\/le-corbusier\/\" class=\"link-icon\" >\t\t\t\t<div class=\"circle-icon icon-style-set\" style=\"background-image: url(https:\/\/www.jinsai.org\/en\/wp-content\/uploads\/2019\/02\/Le_Corbusier_1964_Stedelijk_Museum_Sikkensprijzen_916-9288_cropped-1-150x150.jpg)\">\n\t\t\t\t\t\t\t\t\t<\/div>\n\t\t\t\t<\/a>\t\t\t<\/div>\n\n\t\t\t<a href=\"https:\/\/www.jinsai.org\/en\/meishu-sama\/authors\/le-corbusier\/\" class=\"link-title\" >\t\t\t<h4 >LE CORBUSIER<\/h4>\t\t\t<\/a>\n\t\t\t<p class=\"text\" >Charles-\u00c9douard Jeanneret (6 October 1887 \u2013 27 August 1965), known as Le Corbusier (French: [l\u0259 k\u0254\u0281byzje]), was a Swiss-French architect, designer, painter, urban planner, writer, and one of the pioneers of what is now called modern architecture. He was born in Switzerland and became a French citizen in 1930. His career spanned five decades, and [&hellip;]<\/p>\t\t\t\t\t\t\t<a href=\"https:\/\/www.jinsai.org\/en\/meishu-sama\/authors\/le-corbusier\/\" class=\"more-button\" >Read more <i><\/i><\/a>\n\t\t\t\t\t<\/div>\n\t\t<\/div><div class=\"widget widget_circleicon-widget\">\t\t<div class=\"circle-icon-box circle-icon-position-top circle-icon-hide-box circle-icon-size-small\">\n\t\t\t<div class=\"circle-icon-wrapper\">\n\t\t\t\t<a href=\"https:\/\/www.jinsai.org\/en\/meishu-sama\/authors\/dante-alighieri\/\" class=\"link-icon\" >\t\t\t\t<div class=\"circle-icon icon-style-set\" style=\"background-image: url(https:\/\/www.jinsai.org\/en\/wp-content\/uploads\/2019\/05\/Portrait_de_Dante-150x150.jpg)\">\n\t\t\t\t\t\t\t\t\t<\/div>\n\t\t\t\t<\/a>\t\t\t<\/div>\n\n\t\t\t<a href=\"https:\/\/www.jinsai.org\/en\/meishu-sama\/authors\/dante-alighieri\/\" class=\"link-title\" >\t\t\t<h4 >DANTE ALIGHIERI<\/h4>\t\t\t<\/a>\n\t\t\t<p class=\"text\" >Durante di Alighiero degli Alighieri (Italian: [du\u02c8rante de\u028e\u028e ali\u02c8\u0261j\u025b\u02d0ri]; Latin: Dantes), commonly known by his pen name Dante Alighieri or simply as Dante (\/\u02c8d\u0251\u02d0nte\u026a, \u02c8d\u00e6nte\u026a, \u02c8d\u00e6nti\/,also US: \/\u02c8d\u0251\u02d0nti\/, Italian: [\u02c8dante]; c.\u20091265 \u2013 1321), was an Italian poet during the Late Middle Ages. His Divine Comedy, originally called Comed\u00eca (modern Italian: Commedia) and later christened Divina [&hellip;]<\/p>\t\t\t\t\t\t\t<a href=\"https:\/\/www.jinsai.org\/en\/meishu-sama\/authors\/dante-alighieri\/\" class=\"more-button\" >Read more <i><\/i><\/a>\n\t\t\t\t\t<\/div>\n\t\t<\/div><div class=\"clear\"><\/div>\t<\/div>\n\t<\/div><div id=\"panel-3727-0-0-2\" class=\"widget_text so-panel widget widget_custom_html panel-last-child\" data-index=\"2\" ><div class=\"textwidget custom-html-widget\">\n\n\n&nbsp;\n\n\n<iframe loading=\"lazy\" src=\"https:\/\/www.facebook.com\/plugins\/like.php?href=http%3A%2F%2Fwww.jinsai.org%2Fen%2Fmeishu-sama%2Fauthors%2F&width=450&layout=standard&action=like&size=large&show_faces=true&share=true&height=80&appId=171964893011161\" width=\"450\" height=\"80\" style=\"border:none;overflow:hidden\" scrolling=\"no\" frameborder=\"0\" allowTransparency=\"true\" allow=\"encrypted-media\"><\/iframe>\n\n\n\u00a0\n\n\n<div id=\"fb-root\"><\/div>\n\n\n<script async defer crossorigin=\"anonymous\" src=\"https:\/\/connect.facebook.net\/en_US\/sdk.js#xfbml=1&version=v3.3&appId=171964893011161&autoLogAppEvents=1\"><\/script>\n\n\n\u00a0\n\n\n<div class=\"fb-comments\" data-href=\"http:\/\/www.jinsai.org\/en\/meishu-sama\/authors\/\" data-width=\"\" data-numposts=\"100\"><\/div>\n\n\n<\/div><\/div><\/div><\/div><\/div>","protected":false},"excerpt":{"rendered":"<p>We are mentioning here the biography and main works of some authors read by Master Jinsai in His Teachings. It&#8217;s important to explain that we will only talk about works, thoughts and philosophies mentioned in Teachings. If you would like to know about some specific author, contact us.<\/p>\n","protected":false},"author":1,"featured_media":0,"parent":94,"menu_order":0,"comment_status":"closed","ping_status":"closed","template":"","meta":{"footnotes":""},"class_list":["post-3727","page","type-page","status-publish","hentry","post","post-with-thumbnail","post-with-thumbnail-icon"],"_links":{"self":[{"href":"https:\/\/www.jinsai.org\/en\/wp-json\/wp\/v2\/pages\/3727","targetHints":{"allow":["GET"]}}],"collection":[{"href":"https:\/\/www.jinsai.org\/en\/wp-json\/wp\/v2\/pages"}],"about":[{"href":"https:\/\/www.jinsai.org\/en\/wp-json\/wp\/v2\/types\/page"}],"author":[{"embeddable":true,"href":"https:\/\/www.jinsai.org\/en\/wp-json\/wp\/v2\/users\/1"}],"replies":[{"embeddable":true,"href":"https:\/\/www.jinsai.org\/en\/wp-json\/wp\/v2\/comments?post=3727"}],"version-history":[{"count":14,"href":"https:\/\/www.jinsai.org\/en\/wp-json\/wp\/v2\/pages\/3727\/revisions"}],"predecessor-version":[{"id":4825,"href":"https:\/\/www.jinsai.org\/en\/wp-json\/wp\/v2\/pages\/3727\/revisions\/4825"}],"up":[{"embeddable":true,"href":"https:\/\/www.jinsai.org\/en\/wp-json\/wp\/v2\/pages\/94"}],"wp:attachment":[{"href":"https:\/\/www.jinsai.org\/en\/wp-json\/wp\/v2\/media?parent=3727"}],"curies":[{"name":"wp","href":"https:\/\/api.w.org\/{rel}","templated":true}]}}