{"id":4989,"date":"2019-07-17T22:47:46","date_gmt":"2019-07-18T01:47:46","guid":{"rendered":"http:\/\/www.jinsai.org\/en\/?page_id=4989"},"modified":"2023-08-18T04:07:02","modified_gmt":"2023-08-18T07:07:02","slug":"home","status":"publish","type":"page","link":"https:\/\/www.jinsai.org\/en\/","title":{"rendered":"Home"},"content":{"rendered":"<div id=\"pl-4989\"  class=\"panel-layout\" ><div id=\"pg-4989-0\"  class=\"panel-grid panel-no-style\" ><div id=\"pgc-4989-0-0\"  class=\"panel-grid-cell\" ><div id=\"panel-4989-0-0-0\" class=\"widget_text so-panel widget widget_custom_html panel-first-child panel-last-child\" data-index=\"0\" ><div class=\"textwidget custom-html-widget\"><hr \/>\n<h2 style=\"text-align: center;\">\n\t<strong>Life and Work of Master Jinsai (Meishu-Sama), New Civilization builder<\/strong>\n<\/h2>\n<hr \/><\/div><\/div><\/div><\/div><div id=\"pg-4989-1\"  class=\"panel-grid panel-no-style\" ><div id=\"pgc-4989-1-0\"  class=\"panel-grid-cell\" ><div id=\"panel-4989-1-0-0\" class=\"so-panel widget widget_circleicon-widget panel-first-child panel-last-child\" data-index=\"1\" ><div class=\"panel-widget-style panel-widget-style-for-4989-1-0-0\" >\t\t<div class=\"circle-icon-box circle-icon-position-top circle-icon-hide-box circle-icon-size-small\">\n\t\t\t<div class=\"circle-icon-wrapper\">\n\t\t\t\t<a href=\"http:\/\/www.jinsai.org\/en\/world-of-beauty\/tea-ceremony\/\" class=\"link-icon\" >\t\t\t\t<div class=\"circle-icon\" >\n\t\t\t\t\t<div class=\"fa fa-universal-access\" style=\"color: #eeee22\"><\/div>\t\t\t\t<\/div>\n\t\t\t\t<\/a>\t\t\t<\/div>\n\n\t\t\t<a href=\"http:\/\/www.jinsai.org\/en\/world-of-beauty\/tea-ceremony\/\" class=\"link-title\" >\t\t\t<h4 style=\"color: #ffd800\">Tea Ceremony<\/h4>\t\t\t<\/a>\n\t\t\t<p class=\"text\" style=\"color: #ffd800\">Learn about this typical Japanese Art, which Master Jinsai so liked!<\/p>\t\t\t\t\t\t\t<a href=\"http:\/\/www.jinsai.org\/en\/world-of-beauty\/tea-ceremony\/\" class=\"more-button\" >Read more <i><\/i><\/a>\n\t\t\t\t\t<\/div>\n\t\t<\/div><\/div><\/div><div id=\"pgc-4989-1-1\"  class=\"panel-grid-cell\" ><div id=\"panel-4989-1-1-0\" class=\"so-panel widget widget_circleicon-widget panel-first-child panel-last-child\" data-index=\"2\" ><div class=\"panel-widget-style panel-widget-style-for-4989-1-1-0\" >\t\t<div class=\"circle-icon-box circle-icon-position-top circle-icon-hide-box circle-icon-size-small\">\n\t\t\t<div class=\"circle-icon-wrapper\">\n\t\t\t\t<a href=\"http:\/\/www.jinsai.org\/en\/teachings\/the-birth-of-the-new-civilization\/\" class=\"link-icon\" >\t\t\t\t<div class=\"circle-icon\" >\n\t\t\t\t\t<div class=\"fa fa-book\" style=\"color: #eeee22\"><\/div>\t\t\t\t<\/div>\n\t\t\t\t<\/a>\t\t\t<\/div>\n\n\t\t\t<a href=\"http:\/\/www.jinsai.org\/en\/teachings\/the-birth-of-the-new-civilization\/\" class=\"link-title\" >\t\t\t<h4 style=\"color: #ffd800\">The Birth of the New Civilization<\/h4>\t\t\t<\/a>\n\t\t\t<p class=\"text\" style=\"color: #ffd800\">The work Master Jinsai wrote to save the world!<\/p>\t\t\t\t\t\t\t<a href=\"http:\/\/www.jinsai.org\/en\/teachings\/the-birth-of-the-new-civilization\/\" class=\"more-button\" >Read more <i><\/i><\/a>\n\t\t\t\t\t<\/div>\n\t\t<\/div><\/div><\/div><\/div><div id=\"pg-4989-2\"  class=\"panel-grid panel-no-style\" ><div id=\"pgc-4989-2-0\"  class=\"panel-grid-cell\" ><div id=\"panel-4989-2-0-0\" class=\"so-panel widget widget_circleicon-widget panel-first-child panel-last-child\" data-index=\"3\" ><div class=\"panel-widget-style panel-widget-style-for-4989-2-0-0\" >\t\t<div class=\"circle-icon-box circle-icon-position-top circle-icon-hide-box circle-icon-size-small\">\n\t\t\t<div class=\"circle-icon-wrapper\">\n\t\t\t\t<a href=\"http:\/\/www.jinsai.org\/en\/world-of-beauty\/yama-to-mizu-poems\/\" class=\"link-icon\" >\t\t\t\t<div class=\"circle-icon\" >\n\t\t\t\t\t<div class=\"fa fa-bookmark\" style=\"color: #eeee22\"><\/div>\t\t\t\t<\/div>\n\t\t\t\t<\/a>\t\t\t<\/div>\n\n\t\t\t<a href=\"http:\/\/www.jinsai.org\/en\/world-of-beauty\/yama-to-mizu-poems\/\" class=\"link-title\" >\t\t\t<h4 style=\"color: #ffd800\">Yama-to-Mizu Poems<\/h4>\t\t\t<\/a>\n\t\t\t<p class=\"text\" style=\"color: #ffd800\">Finally, the poems Master Jinsai talked about!<\/p>\t\t\t\t\t\t\t<a href=\"http:\/\/www.jinsai.org\/en\/world-of-beauty\/yama-to-mizu-poems\/\" class=\"more-button\" >Read More <i><\/i><\/a>\n\t\t\t\t\t<\/div>\n\t\t<\/div><\/div><\/div><div id=\"pgc-4989-2-1\"  class=\"panel-grid-cell\" ><div id=\"panel-4989-2-1-0\" class=\"so-panel widget widget_circleicon-widget panel-first-child panel-last-child\" data-index=\"4\" ><div class=\"panel-widget-style panel-widget-style-for-4989-2-1-0\" >\t\t<div class=\"circle-icon-box circle-icon-position-top circle-icon-hide-box circle-icon-size-small\">\n\t\t\t<div class=\"circle-icon-wrapper\">\n\t\t\t\t<a href=\"http:\/\/www.jinsai.org\/en\/johrei\/\" class=\"link-icon\" >\t\t\t\t<div class=\"circle-icon\" >\n\t\t\t\t\t<div class=\"fa fa-hand-paper-o\" style=\"color: #eeee22\"><\/div>\t\t\t\t<\/div>\n\t\t\t\t<\/a>\t\t\t<\/div>\n\n\t\t\t<a href=\"http:\/\/www.jinsai.org\/en\/johrei\/\" class=\"link-title\" >\t\t\t<h4 style=\"color: #ffd800\">Johrei<\/h4>\t\t\t<\/a>\n\t\t\t<p class=\"text\" style=\"color: #ffd800\">Learn more about this method of true salvation!<\/p>\t\t\t\t\t\t\t<a href=\"http:\/\/www.jinsai.org\/en\/johrei\/\" class=\"more-button\" >Read More <i><\/i><\/a>\n\t\t\t\t\t<\/div>\n\t\t<\/div><\/div><\/div><\/div><div id=\"pg-4989-3\"  class=\"panel-grid panel-no-style\" ><div id=\"pgc-4989-3-0\"  class=\"panel-grid-cell\" ><div id=\"panel-4989-3-0-0\" class=\"so-panel widget widget_siteorigin-panels-postloop panel-first-child panel-last-child\" data-index=\"5\" ><div class=\"panel-widget-style panel-widget-style-for-4989-3-0-0\" ><h3 class=\"widget-title\">News<\/h3>\n\t<div id=\"vantage-circleicon-loop\" class=\"vantage-circleicon-loop circleicon-loop-columns-3\">\n\n\t\t<div class=\"widget widget_circleicon-widget\">\t\t<div class=\"circle-icon-box circle-icon-position-top circle-icon-hide-box circle-icon-size-small\">\n\t\t\t<div class=\"circle-icon-wrapper\">\n\t\t\t\t<a href=\"https:\/\/www.jinsai.org\/en\/teachings\/art\/musashi-and-zen\/\" class=\"link-icon\" >\t\t\t\t<div class=\"circle-icon icon-style-set\" style=\"background-image: url(https:\/\/www.jinsai.org\/en\/wp-content\/uploads\/2018\/06\/Logos-Ensinamentos-Arte-Small.jpg)\">\n\t\t\t\t\t\t\t\t\t<\/div>\n\t\t\t\t<\/a>\t\t\t<\/div>\n\n\t\t\t<a href=\"https:\/\/www.jinsai.org\/en\/teachings\/art\/musashi-and-zen\/\" class=\"link-title\" >\t\t\t<h4 >MUSASHI AND ZEN<\/h4>\t\t\t<\/a>\n\t\t\t<p class=\"text\" >Question: It is said that Miyamoto Musashi achieved a \u201cunity of sword and zen,\u201d and that he did not have to kill an opponent or protect himself, that he had freedom from all ideas with perfect serenity. Are there such effects? Meishu-Sama: Yes, there are, but they differ from \u201cfreedom from all ideas with perfect [&hellip;]<\/p>\t\t\t\t\t\t\t<a href=\"https:\/\/www.jinsai.org\/en\/teachings\/art\/musashi-and-zen\/\" class=\"more-button\" >Read more <i><\/i><\/a>\n\t\t\t\t\t<\/div>\n\t\t<\/div><div class=\"widget widget_circleicon-widget\">\t\t<div class=\"circle-icon-box circle-icon-position-top circle-icon-hide-box circle-icon-size-small\">\n\t\t\t<div class=\"circle-icon-wrapper\">\n\t\t\t\t<a href=\"https:\/\/www.jinsai.org\/en\/meishu-sama\/authors\/takuan-soho\/\" class=\"link-icon\" >\t\t\t\t<div class=\"circle-icon icon-style-set\" style=\"background-image: url(https:\/\/www.jinsai.org\/en\/wp-content\/uploads\/2019\/10\/TakuanSoho-150x150.jpg)\">\n\t\t\t\t\t\t\t\t\t<\/div>\n\t\t\t\t<\/a>\t\t\t<\/div>\n\n\t\t\t<a href=\"https:\/\/www.jinsai.org\/en\/meishu-sama\/authors\/takuan-soho\/\" class=\"link-title\" >\t\t\t<h4 >TAKUAN SOHO<\/h4>\t\t\t<\/a>\n\t\t\t<p class=\"text\" >Takuan S\u014dh\u014d was born into a family of farmers in the town of Izushi, in Tajima Province (present-day Hy\u014dgo Prefecture). At the age of 8 in 1581, Takuan began his religious studies; two years later he entered a Buddhist monastery of the Pure Land Sect. By the age of 14 in 1587, he started studying [&hellip;]<\/p>\t\t\t\t\t\t\t<a href=\"https:\/\/www.jinsai.org\/en\/meishu-sama\/authors\/takuan-soho\/\" class=\"more-button\" >Read more <i><\/i><\/a>\n\t\t\t\t\t<\/div>\n\t\t<\/div><div class=\"widget widget_circleicon-widget\">\t\t<div class=\"circle-icon-box circle-icon-position-top circle-icon-hide-box circle-icon-size-small\">\n\t\t\t<div class=\"circle-icon-wrapper\">\n\t\t\t\t<a href=\"https:\/\/www.jinsai.org\/en\/meishu-sama\/memories\/waka-poetry\/\" class=\"link-icon\" >\t\t\t\t<div class=\"circle-icon icon-style-set\" style=\"background-image: url(https:\/\/www.jinsai.org\/en\/wp-content\/uploads\/2018\/06\/Logos-Ensinamentos-Mem\u00f3rias-Small.jpg)\">\n\t\t\t\t\t\t\t\t\t<\/div>\n\t\t\t\t<\/a>\t\t\t<\/div>\n\n\t\t\t<a href=\"https:\/\/www.jinsai.org\/en\/meishu-sama\/memories\/waka-poetry\/\" class=\"link-title\" >\t\t\t<h4 >WAKA POETRY<\/h4>\t\t\t<\/a>\n\t\t\t<p class=\"text\" >This reminiscence is of one of the events that occurred while Meisu-sama was receiving his own revelations through divine possession. At that time, Oomoto published a journal titled God\u2019s Nation (Kami no Kuni) and the opening pages of each issue carried waka poems composed by its spiritual leader, Onisaburo Deguchi. Directly following the period that [&hellip;]<\/p>\t\t\t\t\t\t\t<a href=\"https:\/\/www.jinsai.org\/en\/meishu-sama\/memories\/waka-poetry\/\" class=\"more-button\" >Read more <i><\/i><\/a>\n\t\t\t\t\t<\/div>\n\t\t<\/div><div class=\"clear\"><\/div>\t<\/div>\n\t\t<nav role=\"navigation\" id=\"nav-below\" class=\"site-navigation paging-navigation\">\n\t\t<h2 class=\"assistive-text\">Post navigation<\/h2>\n\n\t\n\t\t<div class='pagination'><span aria-current=\"page\" class=\"page-numbers current\">1<\/span>\n<a class=\"page-numbers\" href=\"https:\/\/www.jinsai.org\/en\/wp-json\/wp\/v2\/pages\/4989\/page\/2\/\">2<\/a>\n<a class=\"page-numbers\" href=\"https:\/\/www.jinsai.org\/en\/wp-json\/wp\/v2\/pages\/4989\/page\/3\/\">3<\/a>\n<a class=\"page-numbers\" href=\"https:\/\/www.jinsai.org\/en\/wp-json\/wp\/v2\/pages\/4989\/page\/4\/\">4<\/a>\n<a class=\"page-numbers\" href=\"https:\/\/www.jinsai.org\/en\/wp-json\/wp\/v2\/pages\/4989\/page\/5\/\">5<\/a>\n<a class=\"page-numbers\" href=\"https:\/\/www.jinsai.org\/en\/wp-json\/wp\/v2\/pages\/4989\/page\/6\/\">6<\/a>\n<span class=\"page-numbers dots\">&hellip;<\/span>\n<a class=\"page-numbers\" href=\"https:\/\/www.jinsai.org\/en\/wp-json\/wp\/v2\/pages\/4989\/page\/44\/\">44<\/a>\n<a class=\"next page-numbers\" href=\"https:\/\/www.jinsai.org\/en\/wp-json\/wp\/v2\/pages\/4989\/page\/2\/\">Next &raquo;<\/a><\/div>\n\n\t\n\t<\/nav><!-- #nav-below -->\n\t<\/div><\/div><\/div><\/div><div id=\"pg-4989-4\"  class=\"panel-grid panel-no-style\" ><div id=\"pgc-4989-4-0\"  class=\"panel-grid-cell\" ><div id=\"panel-4989-4-0-0\" class=\"widget_text so-panel widget widget_custom_html panel-first-child panel-last-child\" data-index=\"6\" ><h3 class=\"widget-title\">Like our page!<\/h3><div class=\"textwidget custom-html-widget\"><iframe loading=\"lazy\" src=\"https:\/\/www.facebook.com\/plugins\/page.php?href=https%3A%2F%2Fwww.facebook.com%2FMeishuSamaOficialBr%2F&tabs&width=340&height=214&small_header=false&adapt_container_width=true&hide_cover=false&show_facepile=true&appId=171964893011161\" width=\"340\" height=\"214\" style=\"border:none;overflow:hidden\" scrolling=\"no\" frameborder=\"0\" allowTransparency=\"true\" allow=\"encrypted-media\"><\/iframe>\n<\/div><\/div><\/div><div id=\"pgc-4989-4-1\"  class=\"panel-grid-cell\" ><div id=\"panel-4989-4-1-0\" class=\"widget_text so-panel widget widget_custom_html panel-first-child panel-last-child\" data-index=\"7\" ><div class=\"textwidget custom-html-widget\"><iframe loading=\"lazy\" style=\"border: none; overflow: hidden;\" src=\"https:\/\/www.facebook.com\/plugins\/like.php?href=http%3A%2F%2Fwww.jinsai.org%2Fen;width=450&amp;layout=standard&amp;action=like&amp;size=large&amp;show_faces=true&amp;share=true&amp;height=80&amp;appId=171964893011161\" width=\"450\" height=\"80\" frameborder=\"0\" scrolling=\"no\"><\/iframe><div id=\"fb-root\"><\/div><script async defer crossorigin=\"anonymous\" src=\"https:\/\/connect.facebook.net\/en_US\/sdk.js#xfbml=1&version=v3.3&appId=171964893011161&autoLogAppEvents=1\"><\/script><div class=\"fb-comments\" data-href=\"http:\/\/www.jinsai.org\/en\/\" data-width=\"\" data-numposts=\"100\"><\/div><\/div><\/div><\/div><\/div><\/div>","protected":false},"excerpt":{"rendered":"<p>This reminiscence is of one of the events that occurred while Meisu-sama was receiving his own revelations through divine possession. At that time, Oomoto published a journal titled God\u2019s Nation (Kami no Kuni) and the opening pages of each issue carried waka poems composed by its spiritual leader, Onisaburo Deguchi. Directly following the period that [&hellip;]<\/p>\n","protected":false},"author":1,"featured_media":0,"parent":0,"menu_order":0,"comment_status":"closed","ping_status":"closed","template":"home-panels.php","meta":{"footnotes":""},"class_list":["post-4989","page","type-page","status-publish","hentry","post","post-with-thumbnail","post-with-thumbnail-icon"],"_links":{"self":[{"href":"https:\/\/www.jinsai.org\/en\/wp-json\/wp\/v2\/pages\/4989","targetHints":{"allow":["GET"]}}],"collection":[{"href":"https:\/\/www.jinsai.org\/en\/wp-json\/wp\/v2\/pages"}],"about":[{"href":"https:\/\/www.jinsai.org\/en\/wp-json\/wp\/v2\/types\/page"}],"author":[{"embeddable":true,"href":"https:\/\/www.jinsai.org\/en\/wp-json\/wp\/v2\/users\/1"}],"replies":[{"embeddable":true,"href":"https:\/\/www.jinsai.org\/en\/wp-json\/wp\/v2\/comments?post=4989"}],"version-history":[{"count":93,"href":"https:\/\/www.jinsai.org\/en\/wp-json\/wp\/v2\/pages\/4989\/revisions"}],"predecessor-version":[{"id":5369,"href":"https:\/\/www.jinsai.org\/en\/wp-json\/wp\/v2\/pages\/4989\/revisions\/5369"}],"wp:attachment":[{"href":"https:\/\/www.jinsai.org\/en\/wp-json\/wp\/v2\/media?parent=4989"}],"curies":[{"name":"wp","href":"https:\/\/api.w.org\/{rel}","templated":true}]}}