{"id":94,"date":"2018-05-31T11:20:22","date_gmt":"2018-05-31T14:20:22","guid":{"rendered":"http:\/\/www.jinsai.org\/en\/?page_id=94"},"modified":"2019-06-05T14:21:21","modified_gmt":"2019-06-05T17:21:21","slug":"meishu-sama","status":"publish","type":"page","link":"https:\/\/www.jinsai.org\/en\/meishu-sama\/","title":{"rendered":"Meishu-Sama"},"content":{"rendered":"<p><strong>Sobre o Mestre Jinsai (Meishu-Sama)<\/strong><\/p>\n<p><img loading=\"lazy\" decoding=\"async\" class=\" wp-image-957 alignleft\" src=\"http:\/\/www.jinsai.org\/en\/wp-content\/uploads\/2018\/06\/258-1-300x228.jpg\" alt=\"\" width=\"500\" height=\"335\" \/><\/p>\n<p class=\"style2\" style=\"margin-right: 10px; text-align: justify;\">O Mestre Jinsai (cujo nome verdadeiro \u00e9 Mokiti Okada, conhecido pelos fi\u00e9is como Meishu-Sama)\u00a0 nasceu em 23 de dezembro de 1882, no bairro de Assakussa, em Hashiba, na cidade de T\u00f3quio, capital do Jap\u00e3o. De fam\u00edlia extremamente humilde, desde pequeno ele era uma crian\u00e7a muito fr\u00e1gil fisicamente e grande parte da sua vida foi de constante luta contra as doen\u00e7as que o acometiam.<\/p>\n<p class=\"style2\" style=\"text-align: justify;\">Amante das artes, em sua juventude o Mestre Jinsai tinha uma forte determina\u00e7\u00e3o de tornar-se pintor e, assim que terminou o Ensino B\u00e1sico, ingressou no Curso Preparat\u00f3rio da Escola de Belas-Artes de T\u00f3quio. Mas a alegria de poder concretizar o seu sonho n\u00e3o durou muito tempo, pois meses depois de ter ingressado na referida escola, foi acometido por uma grave doen\u00e7a nos olhos que o fez desistir do curso.<\/p>\n<p class=\"style2\" style=\"text-align: justify;\">Desde a adolesc\u00eancia, ele se preocupou com os problemas sociais e era possuidor de um profundo sentimento de justi\u00e7a e altru\u00edsmo. Ainda jovem conseguiu sucesso nos neg\u00f3cios com o seu excepcional talento, mas, tamb\u00e9m, experimentou profundos sofrimentos, como dificuldades financeiras em decorr\u00eancia do grande terremoto ocorrido no Jap\u00e3o no ano de 1923, e das perdas da primeira esposa e das tr\u00eas filhas do primeiro casamento, bem como a morte do primog\u00eanito do segundo matrim\u00f4nio. Apesar das limita\u00e7\u00f5es determinadas pelo seu estado de sa\u00fade prec\u00e1rio, o Mestre Jinsai foi um homem \u00e1vido por aprender, buscando sempre ampliar o seu horizonte de conhecimentos e informa\u00e7\u00f5es. Pesquisou bastante a filosofia ocidental, que exerceu grande influ\u00eancia sobre sua forma\u00e7\u00e3o.<\/p>\n<p class=\"style2\" style=\"text-align: justify;\">No intuito de entender os motivos do sofrimento humano, Meishu-Sama dedicou metade de sua vida \u00e0 pesquisa para esclarecer qual a causa dele, bem como do mal social, e em dezembro de 1926 ele chegou ao conhecimento total da Verdade (<em>kenshinjitsu<\/em> = estado de suprema ilumina\u00e7\u00e3o espiritual). Compreendendo que esse conhecimento n\u00e3o servia apenas para ele mesmo, mas era universal, o Mestre Jinsai sentiu que precisava dedicar o resto de sua vida a uma s\u00f3 causa: divulgar a Verdade a todos os homens. Com esse prop\u00f3sito, nos anos que se seguiram, ele desenvolveu uma atividade intensa, publicando suas teorias e preparando pessoas para divulg\u00e1-las ao mundo inteiro, independente de fronteiras \u00e9tnicas, religiosas, pol\u00edticas ou ideol\u00f3gicas. As suas ideias e seu campo de atua\u00e7\u00e3o eram amplos, e ele se empenhou em lev\u00e1-los a toda sociedade.<\/p>\n<p class=\"style2\" style=\"text-align: justify;\"><img loading=\"lazy\" decoding=\"async\" class=\" wp-image-961 alignright\" src=\"http:\/\/www.jinsai.org\/en\/wp-content\/uploads\/2018\/06\/mokiti_okada02-300x207.jpg\" alt=\"\" width=\"398\" height=\"259\" \/>Escreveu a respeito de ci\u00eancias humanas como: Arte, Filosofia, Educa\u00e7\u00e3o, Pol\u00edtica, Economia, Religi\u00e3o, e tamb\u00e9m sobre ci\u00eancias naturais como Agronomia, teoria sobre a causa da doen\u00e7a, etc., englobando realmente as diversas \u00e1reas culturais. Prevendo j\u00e1 naquela \u00e9poca os problemas agr\u00edcolas de hoje, voltou-se para a pesquisa no campo da Agricultura Natural, chamando a aten\u00e7\u00e3o para a nocividade dos inseticidas agr\u00edcolas e adubos qu\u00edmicos e de origem animal. Ele ensina que a pr\u00f3pria terra, em seu estado natural, \u00e9 o mais poderoso agente fertilizante. Salienta, tamb\u00e9m, a import\u00e2ncia do amor e respeito ao solo e sua energia, raz\u00e3o pela qual esfor\u00e7ou-se na divulga\u00e7\u00e3o do m\u00e9todo de Agricultura Natural.<\/p>\n<p class=\"style2\" style=\"text-align: justify;\">Por amor \u00e0 arte, ele procurava estar sempre em contato com obras de arte, e durante o per\u00edodo de p\u00f3s-guerra (II Guerra Mundial) come\u00e7ou a comprar obras de arte japonesa, a fim de evitar que essas fossem vendidas para o exterior. Pensando em fundar um museu, o Mestre Jinsai pesquisou sobre Arte em livros, galerias, exposi\u00e7\u00f5es e museus famosos. Para ele, o contato com as obras-primas da Arte purifica a consci\u00eancia do ser humano, proporcionando-lhe, ao mesmo tempo, o verdadeiro \u00eaxtase. Procurava, assim, desenvolver a beleza harmoniosa no esp\u00edrito do homem, n\u00e3o se limitando apenas \u00e0 contempla\u00e7\u00e3o do Belo.<\/p>\n<p class=\"style2\" style=\"text-align: justify;\">Ele morreu em 10 de fevereiro de 1955, em Atami, no Jap\u00e3o.<\/p>\n<p>&nbsp;<\/p>\n<p><img loading=\"lazy\" decoding=\"async\" class=\"size-full wp-image-2842 aligncenter\" src=\"http:\/\/www.jinsai.org\/en\/wp-content\/uploads\/2018\/07\/\u00c1rvore-Geneagl\u00f3gica-de-Meishu-Sama.jpg\" alt=\"\" width=\"3000\" height=\"1467\" srcset=\"https:\/\/www.jinsai.org\/en\/wp-content\/uploads\/2018\/07\/\u00c1rvore-Geneagl\u00f3gica-de-Meishu-Sama.jpg 3000w, https:\/\/www.jinsai.org\/en\/wp-content\/uploads\/2018\/07\/\u00c1rvore-Geneagl\u00f3gica-de-Meishu-Sama-300x147.jpg 300w, https:\/\/www.jinsai.org\/en\/wp-content\/uploads\/2018\/07\/\u00c1rvore-Geneagl\u00f3gica-de-Meishu-Sama-768x376.jpg 768w, https:\/\/www.jinsai.org\/en\/wp-content\/uploads\/2018\/07\/\u00c1rvore-Geneagl\u00f3gica-de-Meishu-Sama-1024x501.jpg 1024w\" sizes=\"auto, (max-width: 3000px) 100vw, 3000px\" \/><\/p>\n<p style=\"text-align: center;\">\u00c1rvore geneal\u00f3gica da Fam\u00edlia Okada<\/p>\n<p>&nbsp;<\/p>\n<p class=\"style2\" style=\"text-align: justify;\"><strong><span class=\"style6\">Vis\u00e3o sobre o Mundo<\/span><\/strong><\/p>\n<p><img loading=\"lazy\" decoding=\"async\" class=\"wp-image-962 alignleft\" src=\"http:\/\/www.jinsai.org\/en\/wp-content\/uploads\/2018\/06\/trilogia.gif\" alt=\"\" width=\"281\" height=\"236\" \/><\/p>\n<p class=\"style2\" style=\"text-align: justify;\">O Mestre Jinsai definiu a seguran\u00e7a da vida como a tarefa mais importante. Isto significa conservar o meio ambiente do nosso planeta Terra, no sentido amplo, e no sentido estreito, assegurar a vida humana.<\/p>\n<p class=\"style2\" style=\"margin-right: 10px; text-align: justify;\">Em termos concretos, ele procurou em suas pesquisas um m\u00e9todo que pudesse aproveitar o poder da natureza que se manifesta pela sinergia dos tr\u00eas elementos fundamentais: o Fogo, a \u00c1gua e a Terra &#8211; o nascimento e o desenvolvimento de todas as coisas dependem da energia destes tr\u00eas elementos: o Sol, a Lua e a Terra. O Sol \u00e9 a origem do elemento Fogo; a Lua, a origem do elemento \u00c1gua; a Terra, a origem do elemento Terra. No campo da arte, prop\u00f4s atividades de arte e cultura, que elevam o car\u00e1ter e a espiritualidade do homem por meio da for\u00e7a da beleza e transforma a pr\u00f3pria sociedade em arte.<\/p>\n<p class=\"style2\" style=\"margin-right: 10px; text-align: justify;\"><img loading=\"lazy\" decoding=\"async\" class=\" wp-image-960 alignright\" src=\"http:\/\/www.jinsai.org\/en\/wp-content\/uploads\/2018\/06\/elementos-300x207.jpg\" alt=\"\" width=\"312\" height=\"225\" \/><\/p>\n<p class=\"style2\" style=\"margin-right: 10px; text-align: justify;\">Quanto \u00e0 agricultura, estabeleceu o sistema de Agricultura Natural que aproveita a for\u00e7a da natureza para aumentar a vitalidade inerente \u00e0 terra. Com respeito \u00e0 alimenta\u00e7\u00e3o, promoveu o consumo de alimentos naturais preparados com produtos de agricultura natural. Visando uma verdadeira sa\u00fade, criou o Johrei, m\u00e9todo de purifica\u00e7\u00e3o espiritual que usa o poder da Natureza para purificar o esp\u00edrito e o corpo, trazendo melhora para a sa\u00fade.<\/p>\n<p class=\"style2\" style=\"margin-right: 10px; text-align: justify;\">Trata-se das tr\u00eas pr\u00e1ticas inovadoras (tamb\u00e9m conhecidas como &#8220;Colunas da Salva\u00e7\u00e3o&#8221;) que o Mestre Jinsai apresentou como &#8220;Arte da Vida&#8221;,\u00a0 &#8220;Arte da Agricultura&#8221; e &#8220;Arte do Belo&#8221;, respectivamente, considerando-os como meios pr\u00e1ticos, concretos e fundamentais para a cria\u00e7\u00e3o da nova civiliza\u00e7\u00e3o. Ele apoiou-se na ideia fundamental de que cada um deles cont\u00e9m os elementos b\u00e1sicos da nova civiliza\u00e7\u00e3o, ou seja, do &#8220;Mundo do Belo&#8221;, que s\u00e3o: &#8220;Verdade, Bem e Belo&#8221;. Assim, ao incorporar estes tr\u00eas elementos na vida cotidiana, o &#8220;Mundo do Belo&#8221; se expandiria a partir do indiv\u00edduo e do lar at\u00e9 abarcar posteriormente o mundo inteiro.<\/p>\n<div id=\"fb-root\">\n<p><img loading=\"lazy\" decoding=\"async\" class=\"wp-image-4342 size-full aligncenter\" src=\"http:\/\/www.jinsai.org\/en\/wp-content\/uploads\/2019\/06\/timeline-MS-site-Guedes.jpg\" alt=\"\" width=\"600\" height=\"6053\" \/><\/p>\n<p style=\"text-align: center;\">Biografia de Meishu-Sama (cortesia da <a href=\"https:\/\/escoladaespiritualidade.com.br\/\" target=\"_blank\" rel=\"noopener\">Escola da Espiritualidade<\/a>)<\/p>\n<h4 class=\"style2\" style=\"text-align: center;\"><a href=\"http:\/\/www.jinsai.org\/en\/wp-content\/uploads\/2018\/06\/biografia_meishu_sama.pdf\">Biografia sucinta de Meishu-Sama<\/a><\/h4>\n<p>&nbsp;<\/p>\n<p style=\"text-align: center;\">Necessita Acrobat Reader! Caso n\u00e3o possua, clique abaixo para baixar!<\/p>\n<p><a href=\"http:\/\/get.adobe.com\/br\/reader\/download\/?installer=Reader_10.1_Portuguese_for_Windows&amp;amp;a=McAfee_Security_Scan_Plus&amp;amp;os=XP&amp;amp;browser=Firefox\"><img loading=\"lazy\" decoding=\"async\" class=\"aligncenter wp-image-966\" src=\"http:\/\/www.jinsai.org\/en\/wp-content\/uploads\/2018\/06\/adobe_reader.png\" alt=\"Adobe Acrobat Reader\" width=\"92\" height=\"65\" \/><\/a><\/p>\n<\/div>\n<p><iframe style=\"ovew: hidden; width: 350px; height: 25px;\" src=\"http:\/\/www.facebook.com\/plugins\/like.php?href= http:\/\/www.jinsai.org\/en\/meishu-sama&amp;%0Alayout=standard&amp;show_faces=false&amp;width=380&amp;action=like&amp;colorscheme=light&amp;height=25\" frameborder=\"0\" scrolling=\"no\"><\/p>\n<p>&nbsp;<br \/>\n<iframe src=\"http:\/\/www.facebook.com\/plugins\/like.php?href=  http:\/\/www.jinsai.org\/en\/meishu-sama&#038;%0Alayout=standard&#038;show_faces=false&#038;width=380&#038;action=like&#038;colorscheme=light&#038;height=25\" style=\"border: medium none ; ovew: hidden; width: 350px; height: 25px;\" allowtransparencyrflo =\"true\" frameborder=\"0\" scrolling=\"no\"><\/iframe><\/p>\n<div id=\"fb-root\"><\/div>\n<p><script src=\"http:\/\/connect.facebook.net\/pt_BR\/all.js#appId=APP_ID&amp;xfbml=1\"><\/script><fb:comments href=\"http:\/\/www.jinsai.org\/en\/meishu-sama\" num_posts=\"100\" width=\"500\"><\/fb:comments><meta property='fb:app_id' content='171964893011161'\/> <\/p>\n<div id=\"fb-root\"><\/div>\n<p><script>(function(d, s, id) {\n  var js, fjs = d.getElementsByTagName(s)[0];\n  if (d.getElementById(id)) return;\n  js = d.createElement(s); js.id = id;\n  js.src = 'https:\/\/connect.facebook.net\/pt_BR\/sdk.js#xfbml=1&version=v3.0&appId=171964893011161&autoLogAppEvents=1';\n  fjs.parentNode.insertBefore(js, fjs);\n}(document, 'script', 'facebook-jssdk'));<\/script><\/p>\n<div class=\"fb-share-button\" data-href=\"http:\/\/www.jinsai.org\/en\/meishu-sama\" data-layout=\"button_count\" data-size=\"large\" data-mobile-iframe=\"true\"><a target=\"_blank\" href=\"https:\/\/www.facebook.com\/sharer\/sharer.php?u=http%3A%2F% http:\/\/www.jinsai.org\/en\/meishu-sama%2F&amp;src=sdkpreparse\" class=\"fb-xfbml-parse-ignore\">Compartilhar<\/a><\/div>\n","protected":false},"excerpt":{"rendered":"<p>Sobre o Mestre Jinsai (Meishu-Sama) O Mestre Jinsai (cujo nome verdadeiro \u00e9 Mokiti Okada, conhecido pelos fi\u00e9is como Meishu-Sama)\u00a0 nasceu em 23 de dezembro de 1882, no bairro de Assakussa, em Hashiba, na cidade de T\u00f3quio, capital do Jap\u00e3o. De fam\u00edlia extremamente humilde, desde pequeno ele era uma crian\u00e7a muito fr\u00e1gil fisicamente e grande parte [&hellip;]<\/p>\n","protected":false},"author":1,"featured_media":0,"parent":0,"menu_order":0,"comment_status":"closed","ping_status":"closed","template":"","meta":{"footnotes":""},"class_list":["post-94","page","type-page","status-publish","hentry","post"],"_links":{"self":[{"href":"https:\/\/www.jinsai.org\/en\/wp-json\/wp\/v2\/pages\/94","targetHints":{"allow":["GET"]}}],"collection":[{"href":"https:\/\/www.jinsai.org\/en\/wp-json\/wp\/v2\/pages"}],"about":[{"href":"https:\/\/www.jinsai.org\/en\/wp-json\/wp\/v2\/types\/page"}],"author":[{"embeddable":true,"href":"https:\/\/www.jinsai.org\/en\/wp-json\/wp\/v2\/users\/1"}],"replies":[{"embeddable":true,"href":"https:\/\/www.jinsai.org\/en\/wp-json\/wp\/v2\/comments?post=94"}],"version-history":[{"count":29,"href":"https:\/\/www.jinsai.org\/en\/wp-json\/wp\/v2\/pages\/94\/revisions"}],"predecessor-version":[{"id":4345,"href":"https:\/\/www.jinsai.org\/en\/wp-json\/wp\/v2\/pages\/94\/revisions\/4345"}],"wp:attachment":[{"href":"https:\/\/www.jinsai.org\/en\/wp-json\/wp\/v2\/media?parent=94"}],"curies":[{"name":"wp","href":"https:\/\/api.w.org\/{rel}","templated":true}]}}