{"id":10005,"date":"2021-11-16T19:53:32","date_gmt":"2021-11-16T22:53:32","guid":{"rendered":"http:\/\/www.jinsai.org\/pt-BR\/?page_id=10005"},"modified":"2022-01-01T11:06:51","modified_gmt":"2022-01-01T14:06:51","slug":"calendarios","status":"publish","type":"page","link":"https:\/\/www.jinsai.org\/pt-BR\/mundo-do-belo\/calendarios\/","title":{"rendered":"Calend\u00e1rios"},"content":{"rendered":"<div id=\"pl-10005\"  class=\"panel-layout\" ><div id=\"pg-10005-0\"  class=\"panel-grid panel-no-style\" ><div id=\"pgc-10005-0-0\"  class=\"panel-grid-cell\" ><div id=\"panel-10005-0-0-0\" class=\"so-panel widget_sow-editor panel-first-child\" data-index=\"0\" ><div\n\t\t\t\n\t\t\tclass=\"so-widget-sow-editor so-widget-sow-editor-base\"\n\t\t\t\n\t\t>\n<div class=\"siteorigin-widget-tinymce textwidget\">\n\t<p>Complete sua cole\u00e7\u00e3o! Baixe agora os calend\u00e1rios Jinsai para embelezar sua mesa!<\/p>\n<div id=\"attachment_9022\" style=\"width: 160px\" class=\"wp-caption alignleft laranja\"><a href=\"http:\/\/www.jinsai.org\/pt-BR\/wp-content\/uploads\/2022\/01\/calendario_2022.pdf\"><img aria-describedby=\"caption-attachment-9022\" loading=\"lazy\" decoding=\"async\" class=\"wp-image-9022 size-thumbnail\" src=\"http:\/\/www.jinsai.org\/pt-BR\/wp-content\/uploads\/2022\/01\/calendario_2022.jpg\" alt=\"\" width=\"150\" height=\"212\"\/><\/a><p id=\"caption-attachment-9022\" class=\"wp-caption-text\">Calend\u00e1rio 2022<\/p><\/div>\n<div id=\"attachment_9022\" style=\"width: 160px\" class=\"wp-caption alignleft laranja\"><a href=\"http:\/\/www.jinsai.org\/pt-BR\/wp-content\/uploads\/2021\/11\/calendario_2021.pdf\"><img aria-describedby=\"caption-attachment-9022\" loading=\"lazy\" decoding=\"async\" class=\"wp-image-9022 size-thumbnail\" src=\"http:\/\/www.jinsai.org\/pt-BR\/wp-content\/uploads\/2021\/11\/calendario_2021.jpg\" alt=\"\" width=\"150\" height=\"212\"\/><\/a><p id=\"caption-attachment-9022\" class=\"wp-caption-text\">Calend\u00e1rio 2021<\/p><\/div>\n<div id=\"attachment_9022\" style=\"width: 160px\" class=\"wp-caption alignleft laranja\"><a href=\"http:\/\/www.jinsai.org\/pt-BR\/wp-content\/uploads\/2021\/11\/calendario_2020.pdf\"><img aria-describedby=\"caption-attachment-9022\" loading=\"lazy\" decoding=\"async\" class=\"wp-image-9022 size-thumbnail\" src=\"http:\/\/www.jinsai.org\/pt-BR\/wp-content\/uploads\/2021\/11\/calendario_2020.jpg\" alt=\"\" width=\"150\" height=\"212\"\/><\/a><p id=\"caption-attachment-9022\" class=\"wp-caption-text\">Calend\u00e1rio 2020<\/p><\/div>\n<div id=\"attachment_9022\" style=\"width: 160px\" class=\"wp-caption alignleft laranja\"><a href=\"http:\/\/www.jinsai.org\/pt-BR\/wp-content\/uploads\/2021\/11\/calendario_2019.pdf\"><img aria-describedby=\"caption-attachment-9022\" loading=\"lazy\" decoding=\"async\" class=\"wp-image-9022 size-thumbnail\" src=\"http:\/\/www.jinsai.org\/pt-BR\/wp-content\/uploads\/2021\/11\/calendario_2019.jpg\" alt=\"\" width=\"150\" height=\"212\"\/><\/a><p id=\"caption-attachment-9022\" class=\"wp-caption-text\">Calend\u00e1rio 2019<\/p><\/div>\n<div id=\"attachment_9022\" style=\"width: 160px\" class=\"wp-caption alignleft laranja\"><a href=\"http:\/\/www.jinsai.org\/pt-BR\/wp-content\/uploads\/2021\/11\/calendario_2018.pdf\"><img aria-describedby=\"caption-attachment-9022\" loading=\"lazy\" decoding=\"async\" class=\"wp-image-9022 size-thumbnail\" src=\"http:\/\/www.jinsai.org\/pt-BR\/wp-content\/uploads\/2021\/11\/calendario_2018.jpg\" alt=\"\" width=\"150\" height=\"212\"\/><\/a><p id=\"caption-attachment-9022\" class=\"wp-caption-text\">Calend\u00e1rio 2018<\/p><\/div>\n<div id=\"attachment_9022\" style=\"width: 160px\" class=\"wp-caption alignleft laranja\"><a href=\"http:\/\/www.jinsai.org\/pt-BR\/wp-content\/uploads\/2021\/11\/calendario_2017.pdf\"><img aria-describedby=\"caption-attachment-9022\" loading=\"lazy\" decoding=\"async\" class=\"wp-image-9022 size-thumbnail\" src=\"http:\/\/www.jinsai.org\/pt-BR\/wp-content\/uploads\/2021\/11\/calendario_2017.jpg\" alt=\"\" width=\"150\" height=\"212\"\/><\/a><p id=\"caption-attachment-9022\" class=\"wp-caption-text\">Calend\u00e1rio 2017<\/p><\/div>\n<div id=\"attachment_9022\" style=\"width: 160px\" class=\"wp-caption alignleft laranja\"><a href=\"http:\/\/www.jinsai.org\/pt-BR\/wp-content\/uploads\/2021\/11\/calendario_2016.pdf\"><img aria-describedby=\"caption-attachment-9022\" loading=\"lazy\" decoding=\"async\" class=\"wp-image-9022 size-thumbnail\" src=\"http:\/\/www.jinsai.org\/pt-BR\/wp-content\/uploads\/2021\/11\/calendario_2016.jpg\" alt=\"\" width=\"150\" height=\"212\"\/><\/a><p id=\"caption-attachment-9022\" class=\"wp-caption-text\">Calend\u00e1rio 2016<\/p><\/div>\n<div id=\"attachment_9022\" style=\"width: 160px\" class=\"wp-caption alignleft laranja\"><a href=\"http:\/\/www.jinsai.org\/pt-BR\/wp-content\/uploads\/2021\/11\/calendario_2015.pdf\"><img aria-describedby=\"caption-attachment-9022\" loading=\"lazy\" decoding=\"async\" class=\"wp-image-9022 size-thumbnail\" src=\"http:\/\/www.jinsai.org\/pt-BR\/wp-content\/uploads\/2021\/11\/calendario_2015.jpg\" alt=\"\" width=\"150\" height=\"212\"\/><\/a><p id=\"caption-attachment-9022\" class=\"wp-caption-text\">Calend\u00e1rio 2015<\/p><\/div>\n<div id=\"attachment_9022\" style=\"width: 160px\" class=\"wp-caption alignleft laranja\"><a href=\"http:\/\/www.jinsai.org\/pt-BR\/wp-content\/uploads\/2021\/11\/calendario_2014.pdf\"><img aria-describedby=\"caption-attachment-9022\" loading=\"lazy\" decoding=\"async\" class=\"wp-image-9022 size-thumbnail\" src=\"http:\/\/www.jinsai.org\/pt-BR\/wp-content\/uploads\/2021\/11\/calendario_2014.jpg\" alt=\"\" width=\"150\" height=\"212\"\/><\/a><p id=\"caption-attachment-9022\" class=\"wp-caption-text\">Calend\u00e1rio 2014<\/p><\/div>\n<div id=\"attachment_9022\" style=\"width: 160px\" class=\"wp-caption alignleft laranja\"><a href=\"http:\/\/www.jinsai.org\/pt-BR\/wp-content\/uploads\/2021\/11\/calendario_2013.pdf\"><img aria-describedby=\"caption-attachment-9022\" loading=\"lazy\" decoding=\"async\" class=\"wp-image-9022 size-thumbnail\" src=\"http:\/\/www.jinsai.org\/pt-BR\/wp-content\/uploads\/2021\/11\/calendario_2013.jpg\" alt=\"\" width=\"150\" height=\"212\"\/><\/a><p id=\"caption-attachment-9022\" class=\"wp-caption-text\">Calend\u00e1rio 2013<\/p><\/div>\n<div id=\"attachment_9022\" style=\"width: 160px\" class=\"wp-caption alignleft laranja\"><a href=\"http:\/\/www.jinsai.org\/pt-BR\/wp-content\/uploads\/2021\/11\/calendario_2012.pdf\"><img aria-describedby=\"caption-attachment-9022\" loading=\"lazy\" decoding=\"async\" class=\"wp-image-9022 size-thumbnail\" src=\"http:\/\/www.jinsai.org\/pt-BR\/wp-content\/uploads\/2021\/11\/calendario_2012.jpg\" alt=\"\" width=\"150\" height=\"212\"\/><\/a><p id=\"caption-attachment-9022\" class=\"wp-caption-text\">Calend\u00e1rio 2012<\/p><\/div>\n<div id=\"attachment_9022\" style=\"width: 160px\" class=\"wp-caption alignleft laranja\"><a href=\"http:\/\/www.jinsai.org\/pt-BR\/wp-content\/uploads\/2021\/11\/calendario_2011.pdf\"><img aria-describedby=\"caption-attachment-9022\" loading=\"lazy\" decoding=\"async\" class=\"wp-image-9022 size-thumbnail\" src=\"http:\/\/www.jinsai.org\/pt-BR\/wp-content\/uploads\/2021\/11\/calendario_2011.jpg\" alt=\"\" width=\"150\" height=\"212\"\/><\/a><p id=\"caption-attachment-9022\" class=\"wp-caption-text\">Calend\u00e1rio 2011<\/p><\/div>\n<div id=\"attachment_9022\" style=\"width: 160px\" class=\"wp-caption alignleft laranja\"><a href=\"http:\/\/www.jinsai.org\/pt-BR\/wp-content\/uploads\/2021\/11\/calendario_2010.pdf\"><img aria-describedby=\"caption-attachment-9022\" loading=\"lazy\" decoding=\"async\" class=\"wp-image-9022 size-thumbnail\" src=\"http:\/\/www.jinsai.org\/pt-BR\/wp-content\/uploads\/2021\/11\/calendario_2010.jpg\" alt=\"\" width=\"150\" height=\"212\"\/><\/a><p id=\"caption-attachment-9022\" class=\"wp-caption-text\">Calend\u00e1rio 2010<\/p><\/div>\n<\/div>\n<\/div><\/div><div id=\"panel-10005-0-0-1\" class=\"widget_text so-panel widget_custom_html\" data-index=\"1\" ><div class=\"textwidget custom-html-widget\"><iframe loading=\"lazy\" src=\"https:\/\/www.facebook.com\/plugins\/like.php?href=http%3A%2F%2Fwww.jinsai.org%2Fpt-BR%2Fmundo-do-belo%2Fcalendarios%2F%2F&width=450&layout=standard&action=like&size=large&share=false&height=35&appId=171964893011161\" width=\"450\" height=\"35\" style=\"border:none;overflow:hidden\" scrolling=\"no\" frameborder=\"0\" allowfullscreen=\"true\" allow=\"autoplay; clipboard-write; encrypted-media; picture-in-picture; web-share\"><\/iframe><\/div><\/div><div id=\"panel-10005-0-0-2\" class=\"widget_text so-panel widget_custom_html\" data-index=\"2\" ><div class=\"textwidget custom-html-widget\"><script src=\"http:\/\/connect.facebook.net\/pt_BR\/all.js#appId=APP_ID&amp;xfbml=1\"><\/script><fb:comments href=\" http:\/\/www.jinsai.org\/pt-BR\/mundo-do-belo\/calendarios\/\" num_posts=\"100\" width=\"500\"><\/fb:comments><meta property=\"fb:app_id\" content=\"171964893011161\"><\/div><\/div><div id=\"panel-10005-0-0-3\" class=\"widget_text so-panel widget_custom_html\" data-index=\"3\" ><div class=\"textwidget custom-html-widget\"><meta property=\"fb:app_id\" content=\"171964893011161\" \/><\/div><\/div><div id=\"panel-10005-0-0-4\" class=\"widget_text so-panel widget_custom_html panel-last-child\" data-index=\"4\" ><div class=\"textwidget custom-html-widget\"><div class=\"fb-share-button\" data-href=\"http:\/\/www.jinsai.org\/pt-BR\/mundo-do-belo\/calendarios\/\" data-layout=\"button_count\" data-size=\"large\"><a target=\"_blank\" href=\"https:\/\/www.facebook.com\/sharer\/sharer.php?u=http%3A%2F%2Fwww.jinsai.org%2Fpt-BR%2Fmundo-do-belo%2Fcalendarios%2F%2F&amp;src=sdkpreparse\" class=\"fb-xfbml-parse-ignore\">Compartilhar<\/a><\/div><\/div><\/div><\/div><\/div><\/div>","protected":false},"excerpt":{"rendered":"<p>Complete sua cole\u00e7\u00e3o! Baixe agora os calend\u00e1rios Jinsai para embelezar sua mesa!<\/p>\n","protected":false},"author":1,"featured_media":0,"parent":492,"menu_order":0,"comment_status":"open","ping_status":"closed","template":"templates\/template-full.php","meta":{"footnotes":""},"class_list":["post-10005","page","type-page","status-publish","hentry","post"],"_links":{"self":[{"href":"https:\/\/www.jinsai.org\/pt-BR\/wp-json\/wp\/v2\/pages\/10005","targetHints":{"allow":["GET"]}}],"collection":[{"href":"https:\/\/www.jinsai.org\/pt-BR\/wp-json\/wp\/v2\/pages"}],"about":[{"href":"https:\/\/www.jinsai.org\/pt-BR\/wp-json\/wp\/v2\/types\/page"}],"author":[{"embeddable":true,"href":"https:\/\/www.jinsai.org\/pt-BR\/wp-json\/wp\/v2\/users\/1"}],"replies":[{"embeddable":true,"href":"https:\/\/www.jinsai.org\/pt-BR\/wp-json\/wp\/v2\/comments?post=10005"}],"version-history":[{"count":17,"href":"https:\/\/www.jinsai.org\/pt-BR\/wp-json\/wp\/v2\/pages\/10005\/revisions"}],"predecessor-version":[{"id":10164,"href":"https:\/\/www.jinsai.org\/pt-BR\/wp-json\/wp\/v2\/pages\/10005\/revisions\/10164"}],"up":[{"embeddable":true,"href":"https:\/\/www.jinsai.org\/pt-BR\/wp-json\/wp\/v2\/pages\/492"}],"wp:attachment":[{"href":"https:\/\/www.jinsai.org\/pt-BR\/wp-json\/wp\/v2\/media?parent=10005"}],"curies":[{"name":"wp","href":"https:\/\/api.w.org\/{rel}","templated":true}]}}