{"id":10625,"date":"2022-03-31T21:34:01","date_gmt":"2022-04-01T00:34:01","guid":{"rendered":"https:\/\/www.jinsai.org\/pt-BR\/?page_id=10625"},"modified":"2022-06-14T14:16:00","modified_gmt":"2022-06-14T17:16:00","slug":"a-luz-do-oriente","status":"publish","type":"page","link":"https:\/\/www.jinsai.org\/pt-BR\/meishu-sama\/a-luz-do-oriente\/","title":{"rendered":"A Luz do Oriente"},"content":{"rendered":"<div id=\"pl-10625\"  class=\"panel-layout\" ><div id=\"pg-10625-0\"  class=\"panel-grid panel-no-style\" ><div id=\"pgc-10625-0-0\"  class=\"panel-grid-cell\" ><div id=\"panel-10625-0-0-0\" class=\"so-panel widget_sow-editor panel-first-child panel-last-child\" data-index=\"0\" ><div\n\t\t\t\n\t\t\tclass=\"so-widget-sow-editor so-widget-sow-editor-base\"\n\t\t\t\n\t\t>\n<div class=\"siteorigin-widget-tinymce textwidget\">\n\t<p style=\"text-align: justify;\">Este livro, dividido em quatro volumes, foi feito por um adepto para interpretar os Ensinamentos e, ao mesmo tempo, um aspecto da vida do Mestre Meishu Sama.<\/p>\n<p>Ele \u00e9 uma publica\u00e7\u00e3o do antigo Templo Messi\u00e2nico Universal.<\/p>\n<\/div>\n<\/div><\/div><\/div><\/div><div id=\"pg-10625-1\"  class=\"panel-grid panel-no-style\" ><div id=\"pgc-10625-1-0\"  class=\"panel-grid-cell\" ><div id=\"panel-10625-1-0-0\" class=\"so-panel widget_circleicon-widget panel-first-child panel-last-child\" data-index=\"1\" >\t\t<div class=\"circle-icon-box circle-icon-position-top circle-icon-hide-box circle-icon-size-large\">\n\t\t\t<div class=\"circle-icon-wrapper\">\n\t\t\t\t<a href=\"http:\/\/www.jinsai.org\/pt-BR\/meishu-sama\/a-luz-do-oriente\/volume-1\" class=\"link-icon\" >\t\t\t\t<div class=\"circle-icon icon-style-set\" style=\"background-image: url(http:\/\/www.jinsai.org\/pt-BR\/wp-content\/uploads\/2018\/06\/MeishuSama33-534x380.jpg)\">\n\t\t\t\t\t\t\t\t\t<\/div>\n\t\t\t\t<\/a>\t\t\t<\/div>\n\n\t\t\t<a href=\"http:\/\/www.jinsai.org\/pt-BR\/meishu-sama\/a-luz-do-oriente\/volume-1\" class=\"link-title\" >\t\t\t\t\t\t<h4 >Volume 1<\/h4>\t\t\t<\/a>\n\t\t\t\t\t\t\t\t\t\t<a href=\"http:\/\/www.jinsai.org\/pt-BR\/meishu-sama\/a-luz-do-oriente\/volume-1\" class=\"more-button\" >More Info <i><\/i><\/a>\n\t\t\t\t\t<\/div>\n\t\t<\/div><\/div><div id=\"pgc-10625-1-1\"  class=\"panel-grid-cell\" ><div id=\"panel-10625-1-1-0\" class=\"so-panel widget_circleicon-widget panel-first-child panel-last-child\" data-index=\"2\" >\t\t<div class=\"circle-icon-box circle-icon-position-top circle-icon-hide-box circle-icon-size-large\">\n\t\t\t<div class=\"circle-icon-wrapper\">\n\t\t\t\t<a href=\"http:\/\/www.jinsai.org\/pt-BR\/meishu-sama\/a-luz-do-oriente\/volume-2\" class=\"link-icon\" >\t\t\t\t<div class=\"circle-icon icon-style-set\" style=\"background-image: url(https:\/\/www.jinsai.org\/pt-BR\/wp-content\/uploads\/2018\/06\/MeishuSama08.jpg)\">\n\t\t\t\t\t\t\t\t\t<\/div>\n\t\t\t\t<\/a>\t\t\t<\/div>\n\n\t\t\t<a href=\"http:\/\/www.jinsai.org\/pt-BR\/meishu-sama\/a-luz-do-oriente\/volume-2\" class=\"link-title\" >\t\t\t\t\t\t<h4 >Volume 2<\/h4>\t\t\t<\/a>\n\t\t\t\t\t\t\t\t\t\t<a href=\"http:\/\/www.jinsai.org\/pt-BR\/meishu-sama\/a-luz-do-oriente\/volume-2\" class=\"more-button\" >More Info <i><\/i><\/a>\n\t\t\t\t\t<\/div>\n\t\t<\/div><\/div><\/div><div id=\"pg-10625-2\"  class=\"panel-grid panel-no-style\" ><div id=\"pgc-10625-2-0\"  class=\"panel-grid-cell\" ><div id=\"panel-10625-2-0-0\" class=\"widget_text so-panel widget_custom_html panel-first-child panel-last-child\" data-index=\"3\" ><div class=\"textwidget custom-html-widget\"><iframe loading=\"lazy\" src=\"https:\/\/www.facebook.com\/plugins\/like.php?href=https%3A%2F%2Fwww.jinsai.org%2Fpt-BR%2Fmeishu-sama%2Fa-luz-do-oriente&width=174&layout=button_count&action=like&size=large&share=false&height=46&appId=171964893011161\" width=\"174\" height=\"46\" style=\"border:none;overflow:hidden\" scrolling=\"no\" frameborder=\"0\" allowfullscreen=\"true\" allow=\"autoplay; clipboard-write; encrypted-media; picture-in-picture; web-share\"><\/iframe>\n<div id=\"fb-root\"><\/div>\n<script src=\"http:\/\/connect.facebook.net\/pt_BR\/all.js#appId=APP_ID&amp;xfbml=1\"><\/script><fb:comments href=\" https:\/\/www.jinsai.org\/pt-BR\/meishu-sama\/a-luz-do-oriente\" num_posts=\"100\" width=\"500\"><\/fb:comments><meta property=\"fb:app_id\" content=\"171964893011161\">\n<div id=\"fb-root\"><\/div>\n<script>(function(d, s, id) {<br \/>\n  var js, fjs = d.getElementsByTagName(s)[0];<br \/>\n  if (d.getElementById(id)) return;<br \/>\n  js = d.createElement(s); js.id = id;<br \/>\n  js.src = 'https:\/\/connect.facebook.net\/pt_BR\/sdk.js#xfbml=1&version=v3.0&appId=171964893011161&autoLogAppEvents=1';<br \/>\n  fjs.parentNode.insertBefore(js, fjs);<br \/>\n}(document, 'script', 'facebook-jssdk'));<\/script>\n<div class=\"fb-share-button\" data-href=\" https:\/\/www.jinsai.org\/pt-BR\/meishu-sama\/a-luz-do-oriente\" data-layout=\"button_count\" data-size=\"large\" data-mobile-iframe=\"true\"><a target=\"_blank\" href=\"https:\/\/www.facebook.com\/sharer\/sharer.php?u=http%3A%2F% https:\/\/www.jinsai.org\/pt-BR\/meishu-sama\/a-luz-do-oriente%2F&amp;src=sdkpreparse\" class=\"fb-xfbml-parse-ignore\">Compartilhar<\/a><\/div><\/div><\/div><\/div><\/div><\/div>","protected":false},"excerpt":{"rendered":"<p>Este livro, dividido em quatro volumes, foi feito por um adepto para interpretar os Ensinamentos e, ao mesmo tempo, um aspecto da vida do Mestre Meishu Sama. Ele \u00e9 uma publica\u00e7\u00e3o do antigo Templo Messi\u00e2nico Universal.<\/p>\n","protected":false},"author":1,"featured_media":0,"parent":94,"menu_order":0,"comment_status":"open","ping_status":"closed","template":"templates\/template-full.php","meta":{"footnotes":""},"class_list":["post-10625","page","type-page","status-publish","hentry","post"],"_links":{"self":[{"href":"https:\/\/www.jinsai.org\/pt-BR\/wp-json\/wp\/v2\/pages\/10625","targetHints":{"allow":["GET"]}}],"collection":[{"href":"https:\/\/www.jinsai.org\/pt-BR\/wp-json\/wp\/v2\/pages"}],"about":[{"href":"https:\/\/www.jinsai.org\/pt-BR\/wp-json\/wp\/v2\/types\/page"}],"author":[{"embeddable":true,"href":"https:\/\/www.jinsai.org\/pt-BR\/wp-json\/wp\/v2\/users\/1"}],"replies":[{"embeddable":true,"href":"https:\/\/www.jinsai.org\/pt-BR\/wp-json\/wp\/v2\/comments?post=10625"}],"version-history":[{"count":20,"href":"https:\/\/www.jinsai.org\/pt-BR\/wp-json\/wp\/v2\/pages\/10625\/revisions"}],"predecessor-version":[{"id":10930,"href":"https:\/\/www.jinsai.org\/pt-BR\/wp-json\/wp\/v2\/pages\/10625\/revisions\/10930"}],"up":[{"embeddable":true,"href":"https:\/\/www.jinsai.org\/pt-BR\/wp-json\/wp\/v2\/pages\/94"}],"wp:attachment":[{"href":"https:\/\/www.jinsai.org\/pt-BR\/wp-json\/wp\/v2\/media?parent=10625"}],"curies":[{"name":"wp","href":"https:\/\/api.w.org\/{rel}","templated":true}]}}