{"id":10637,"date":"2022-03-31T21:41:01","date_gmt":"2022-04-01T00:41:01","guid":{"rendered":"https:\/\/www.jinsai.org\/pt-BR\/?page_id=10637"},"modified":"2022-05-29T18:57:15","modified_gmt":"2022-05-29T21:57:15","slug":"volume-1","status":"publish","type":"page","link":"https:\/\/www.jinsai.org\/pt-BR\/meishu-sama\/a-luz-do-oriente\/volume-1\/","title":{"rendered":"Volume 1"},"content":{"rendered":"<div id=\"pl-10637\"  class=\"panel-layout\" ><div id=\"pg-10637-0\"  class=\"panel-grid panel-no-style\" ><div id=\"pgc-10637-0-0\"  class=\"panel-grid-cell\" ><div id=\"panel-10637-0-0-0\" class=\"so-panel widget_siteorigin-panels-postloop panel-first-child\" data-index=\"0\" >\n\t<div id=\"vantage-circleicon-loop\" class=\"vantage-circleicon-loop circleicon-loop-columns-3\">\n\n\t\t<div class=\"widget widget_circleicon-widget\">\t\t<div class=\"circle-icon-box circle-icon-position-top circle-icon-hide-box circle-icon-size-small\">\n\t\t\t<div class=\"circle-icon-wrapper\">\n\t\t\t\t<a href=\"https:\/\/www.jinsai.org\/pt-BR\/meishu-sama\/a-luz-do-oriente\/volume-1\/capitulo-xiii\/\" class=\"link-icon\" >\t\t\t\t<div class=\"circle-icon icon-style-set\" style=\"background-image: url(https:\/\/www.jinsai.org\/pt-BR\/wp-content\/uploads\/2022\/05\/0mise-5-150x53.jpg)\">\n\t\t\t\t\t\t\t\t\t<\/div>\n\t\t\t\t<\/a>\t\t\t<\/div>\n\n\t\t\t<a href=\"https:\/\/www.jinsai.org\/pt-BR\/meishu-sama\/a-luz-do-oriente\/volume-1\/capitulo-xiii\/\" class=\"link-title\" >\t\t\t<h5 >Volume 1<\/h5>\t\t\t<h4 >CAP\u00cdTULO XIII<\/h4>\t\t\t<\/a>\n\t\t\t<p class=\"text\" >Para que o Para\u00edso se estabele\u00e7a neste Mundo, h\u00e1 uma condi\u00e7\u00e3o fundamental. Esta \u00e9 a supress\u00e3o da maldade t\u00e3o arraigada na alma da maioria dos homens. Entretanto, \u00e9 curioso observar-se que, pelo bom senso natural, toda criatura humana rejeita a maldade. O criminoso sempre apresenta uma autodefesa para seu crime. O ladr\u00e3o n\u00e3o se considera [&hellip;]<\/p>\t\t\t\t\t\t\t<a href=\"https:\/\/www.jinsai.org\/pt-BR\/meishu-sama\/a-luz-do-oriente\/volume-1\/capitulo-xiii\/\" class=\"more-button\" >Continue lendo <i><\/i><\/a>\n\t\t\t\t\t<\/div>\n\t\t<\/div><div class=\"widget widget_circleicon-widget\">\t\t<div class=\"circle-icon-box circle-icon-position-top circle-icon-hide-box circle-icon-size-small\">\n\t\t\t<div class=\"circle-icon-wrapper\">\n\t\t\t\t<a href=\"https:\/\/www.jinsai.org\/pt-BR\/meishu-sama\/a-luz-do-oriente\/volume-1\/capitulo-xii\/\" class=\"link-icon\" >\t\t\t\t<div class=\"circle-icon icon-style-set\" style=\"background-image: url(https:\/\/www.jinsai.org\/pt-BR\/wp-content\/uploads\/2022\/05\/MeishuSama53-150x53.jpg)\">\n\t\t\t\t\t\t\t\t\t<\/div>\n\t\t\t\t<\/a>\t\t\t<\/div>\n\n\t\t\t<a href=\"https:\/\/www.jinsai.org\/pt-BR\/meishu-sama\/a-luz-do-oriente\/volume-1\/capitulo-xii\/\" class=\"link-title\" >\t\t\t<h5 >Volume 1<\/h5>\t\t\t<h4 >CAP\u00cdTULO XII<\/h4>\t\t\t<\/a>\n\t\t\t<p class=\"text\" >Meishu Sama ensinou que as palavras de nada valem se n\u00e3o forem postas em a\u00e7\u00e3o. Reconhecia que falar \u00e9 f\u00e1cil, mas fazer \u00e9 dif\u00edcil. Quem quiser viver os Ensinamentos messi\u00e2nicos ter\u00e1 de empreender a tarefa de agir pelo Programa da Luz Divina. Meishu Sama foi um homem de a\u00e7\u00e3o. Sempre fazia o que dizia. Era [&hellip;]<\/p>\t\t\t\t\t\t\t<a href=\"https:\/\/www.jinsai.org\/pt-BR\/meishu-sama\/a-luz-do-oriente\/volume-1\/capitulo-xii\/\" class=\"more-button\" >Continue lendo <i><\/i><\/a>\n\t\t\t\t\t<\/div>\n\t\t<\/div><div class=\"widget widget_circleicon-widget\">\t\t<div class=\"circle-icon-box circle-icon-position-top circle-icon-hide-box circle-icon-size-small\">\n\t\t\t<div class=\"circle-icon-wrapper\">\n\t\t\t\t<a href=\"https:\/\/www.jinsai.org\/pt-BR\/meishu-sama\/a-luz-do-oriente\/volume-1\/capitulo-xi\/\" class=\"link-icon\" >\t\t\t\t<div class=\"circle-icon icon-style-set\" style=\"background-image: url(https:\/\/www.jinsai.org\/pt-BR\/wp-content\/uploads\/2022\/05\/Digitalizar0025-150x53.jpg)\">\n\t\t\t\t\t\t\t\t\t<\/div>\n\t\t\t\t<\/a>\t\t\t<\/div>\n\n\t\t\t<a href=\"https:\/\/www.jinsai.org\/pt-BR\/meishu-sama\/a-luz-do-oriente\/volume-1\/capitulo-xi\/\" class=\"link-title\" >\t\t\t<h5 >Volume 1<\/h5>\t\t\t<h4 >CAP\u00cdTULO XI<\/h4>\t\t\t<\/a>\n\t\t\t<p class=\"text\" >Nos seus \u00faltimos anos de vida, Meishu Sama dedicou-se a visitar templos e museus, al\u00e9m de ir inspecionar pessoalmente os n\u00facleos da Doutrina Messi\u00e2nica, ent\u00e3o bem espalhados no Jap\u00e3o. Em 1954, o Mestre quis fazer uma visita ao templo de Muroo-ji, perto das montanhas de Yoshino. A Doutrina Messi\u00e2nica encerra Ensinamentos que nem sempre s\u00e3o [&hellip;]<\/p>\t\t\t\t\t\t\t<a href=\"https:\/\/www.jinsai.org\/pt-BR\/meishu-sama\/a-luz-do-oriente\/volume-1\/capitulo-xi\/\" class=\"more-button\" >Continue lendo <i><\/i><\/a>\n\t\t\t\t\t<\/div>\n\t\t<\/div><div class=\"clear\"><\/div><div class=\"widget widget_circleicon-widget\">\t\t<div class=\"circle-icon-box circle-icon-position-top circle-icon-hide-box circle-icon-size-small\">\n\t\t\t<div class=\"circle-icon-wrapper\">\n\t\t\t\t<a href=\"https:\/\/www.jinsai.org\/pt-BR\/meishu-sama\/a-luz-do-oriente\/volume-1\/capitulo-x\/\" class=\"link-icon\" >\t\t\t\t<div class=\"circle-icon icon-style-set\" style=\"background-image: url(https:\/\/www.jinsai.org\/pt-BR\/wp-content\/uploads\/2022\/05\/Meishu21-150x53.jpg)\">\n\t\t\t\t\t\t\t\t\t<\/div>\n\t\t\t\t<\/a>\t\t\t<\/div>\n\n\t\t\t<a href=\"https:\/\/www.jinsai.org\/pt-BR\/meishu-sama\/a-luz-do-oriente\/volume-1\/capitulo-x\/\" class=\"link-title\" >\t\t\t<h5 >Volume 1<\/h5>\t\t\t<h4 >CAP\u00cdTULO X<\/h4>\t\t\t<\/a>\n\t\t\t<p class=\"text\" >Quando Meishu Sama ficava sem saber como resolver alguma dificuldade, depois de ter feito tudo o que podia, deixava de pensar no caso. Confiava no poder de Deus. E, quando menos esperava, surgia a solu\u00e7\u00e3o. Sabia desta forma adaptar-se \u00e0s situa\u00e7\u00f5es. Quando vivia em Omori (T\u00f3quio), passou por incr\u00edveis dificuldades financeiras. Nesta \u00e9poca a Doutrina [&hellip;]<\/p>\t\t\t\t\t\t\t<a href=\"https:\/\/www.jinsai.org\/pt-BR\/meishu-sama\/a-luz-do-oriente\/volume-1\/capitulo-x\/\" class=\"more-button\" >Continue lendo <i><\/i><\/a>\n\t\t\t\t\t<\/div>\n\t\t<\/div><div class=\"widget widget_circleicon-widget\">\t\t<div class=\"circle-icon-box circle-icon-position-top circle-icon-hide-box circle-icon-size-small\">\n\t\t\t<div class=\"circle-icon-wrapper\">\n\t\t\t\t<a href=\"https:\/\/www.jinsai.org\/pt-BR\/meishu-sama\/a-luz-do-oriente\/volume-1\/capitulo-ix\/\" class=\"link-icon\" >\t\t\t\t<div class=\"circle-icon icon-style-set\" style=\"background-image: url(https:\/\/www.jinsai.org\/pt-BR\/wp-content\/uploads\/2022\/05\/MeishuSama51-150x53.jpg)\">\n\t\t\t\t\t\t\t\t\t<\/div>\n\t\t\t\t<\/a>\t\t\t<\/div>\n\n\t\t\t<a href=\"https:\/\/www.jinsai.org\/pt-BR\/meishu-sama\/a-luz-do-oriente\/volume-1\/capitulo-ix\/\" class=\"link-title\" >\t\t\t<h5 >Volume 1<\/h5>\t\t\t<h4 >CAP\u00cdTULO IX<\/h4>\t\t\t<\/a>\n\t\t\t<p class=\"text\" >A vida de Meishu Sama \u00e9 um Ensinamento vivo. O Mestre n\u00e3o se limitou a pregar. Ele vivia de acordo com seus Ensinamentos. Conhecer fatos de sua vida ser\u00e1, tamb\u00e9m, um meio de aprender o que ele ensinou em seus escritos. Meishu Sama ensinou que o progresso e sucesso dependem duma a\u00e7\u00e3o pronta. Uma pessoa [&hellip;]<\/p>\t\t\t\t\t\t\t<a href=\"https:\/\/www.jinsai.org\/pt-BR\/meishu-sama\/a-luz-do-oriente\/volume-1\/capitulo-ix\/\" class=\"more-button\" >Continue lendo <i><\/i><\/a>\n\t\t\t\t\t<\/div>\n\t\t<\/div><div class=\"widget widget_circleicon-widget\">\t\t<div class=\"circle-icon-box circle-icon-position-top circle-icon-hide-box circle-icon-size-small\">\n\t\t\t<div class=\"circle-icon-wrapper\">\n\t\t\t\t<a href=\"https:\/\/www.jinsai.org\/pt-BR\/meishu-sama\/a-luz-do-oriente\/volume-1\/capitulo-viii\/\" class=\"link-icon\" >\t\t\t\t<div class=\"circle-icon icon-style-set\" style=\"background-image: url(https:\/\/www.jinsai.org\/pt-BR\/wp-content\/uploads\/2022\/05\/0meishu7-150x53.jpg)\">\n\t\t\t\t\t\t\t\t\t<\/div>\n\t\t\t\t<\/a>\t\t\t<\/div>\n\n\t\t\t<a href=\"https:\/\/www.jinsai.org\/pt-BR\/meishu-sama\/a-luz-do-oriente\/volume-1\/capitulo-viii\/\" class=\"link-title\" >\t\t\t<h5 >Volume 1<\/h5>\t\t\t<h4 >CAP\u00cdTULO VIII<\/h4>\t\t\t<\/a>\n\t\t\t<p class=\"text\" >Para que este Mundo se torne um Para\u00edso, a velha civiliza\u00e7\u00e3o ter\u00e1 de sofrer transforma\u00e7\u00f5es radicais, com maior respeito \u00e0 Natureza. Na Era do Dia o presente ter\u00e1 corrigido o passado, com uma vida purificada. Enquanto morava em Tamagawa numa propriedade onde havia bastante terreno, Meishu Sama p\u00f4de dedicar-se aos jardins de sua casa, os [&hellip;]<\/p>\t\t\t\t\t\t\t<a href=\"https:\/\/www.jinsai.org\/pt-BR\/meishu-sama\/a-luz-do-oriente\/volume-1\/capitulo-viii\/\" class=\"more-button\" >Continue lendo <i><\/i><\/a>\n\t\t\t\t\t<\/div>\n\t\t<\/div><div class=\"clear\"><\/div><div class=\"widget widget_circleicon-widget\">\t\t<div class=\"circle-icon-box circle-icon-position-top circle-icon-hide-box circle-icon-size-small\">\n\t\t\t<div class=\"circle-icon-wrapper\">\n\t\t\t\t<a href=\"https:\/\/www.jinsai.org\/pt-BR\/meishu-sama\/a-luz-do-oriente\/volume-1\/capitulo-vii\/\" class=\"link-icon\" >\t\t\t\t<div class=\"circle-icon icon-style-set\" style=\"background-image: url(https:\/\/www.jinsai.org\/pt-BR\/wp-content\/uploads\/2022\/04\/Meishu10-150x53.jpg)\">\n\t\t\t\t\t\t\t\t\t<\/div>\n\t\t\t\t<\/a>\t\t\t<\/div>\n\n\t\t\t<a href=\"https:\/\/www.jinsai.org\/pt-BR\/meishu-sama\/a-luz-do-oriente\/volume-1\/capitulo-vii\/\" class=\"link-title\" >\t\t\t<h5 >Volume 1<\/h5>\t\t\t<h4 >CAP\u00cdTULO VII<\/h4>\t\t\t<\/a>\n\t\t\t<p class=\"text\" >Em 1940, a pol\u00edcia de Tamagawa quis prender Meishu Sama, alegando exerc\u00edcio ilegal da Medicina. \u00c9 f\u00e1cil imaginar-se que os m\u00e9dicos n\u00e3o podiam gostar dum concorrente assim prestigioso! Esgotado, Meishu Sama resolveu fechar a sua cl\u00ednica. At\u00e9 1944, deixou de curar abertamente, dedicando-se \u00e0 prepara\u00e7\u00e3o de disc\u00edpulos. Nunca p\u00f4de deixar de tratar doentes. Pessoas influentes, [&hellip;]<\/p>\t\t\t\t\t\t\t<a href=\"https:\/\/www.jinsai.org\/pt-BR\/meishu-sama\/a-luz-do-oriente\/volume-1\/capitulo-vii\/\" class=\"more-button\" >Continue lendo <i><\/i><\/a>\n\t\t\t\t\t<\/div>\n\t\t<\/div><div class=\"widget widget_circleicon-widget\">\t\t<div class=\"circle-icon-box circle-icon-position-top circle-icon-hide-box circle-icon-size-small\">\n\t\t\t<div class=\"circle-icon-wrapper\">\n\t\t\t\t<a href=\"https:\/\/www.jinsai.org\/pt-BR\/meishu-sama\/a-luz-do-oriente\/volume-1\/capitulo-vi\/\" class=\"link-icon\" >\t\t\t\t<div class=\"circle-icon icon-style-set\" style=\"background-image: url(https:\/\/www.jinsai.org\/pt-BR\/wp-content\/uploads\/2022\/04\/Meishu22-150x53.jpg)\">\n\t\t\t\t\t\t\t\t\t<\/div>\n\t\t\t\t<\/a>\t\t\t<\/div>\n\n\t\t\t<a href=\"https:\/\/www.jinsai.org\/pt-BR\/meishu-sama\/a-luz-do-oriente\/volume-1\/capitulo-vi\/\" class=\"link-title\" >\t\t\t<h5 >Volume 1<\/h5>\t\t\t<h4 >CAP\u00cdTULO VI<\/h4>\t\t\t<\/a>\n\t\t\t<p class=\"text\" >Em maio de 1934, Meishu Sama mudou-se para Tamagawa. Alugou casa em Hiraga-cho e abriu uma cl\u00ednica para tratamentos. Chamava-se \"Terapia de Massagens\". Neste mesmo ano, publicou um livro com o t\u00edtulo \"Terapia pela massagem com os dedos, \u00e0 maneira espiritual de Okada\u201d. Como as curas eram espetaculares, a clientela aumentou logo. Em 1935, levantou [&hellip;]<\/p>\t\t\t\t\t\t\t<a href=\"https:\/\/www.jinsai.org\/pt-BR\/meishu-sama\/a-luz-do-oriente\/volume-1\/capitulo-vi\/\" class=\"more-button\" >Continue lendo <i><\/i><\/a>\n\t\t\t\t\t<\/div>\n\t\t<\/div><div class=\"widget widget_circleicon-widget\">\t\t<div class=\"circle-icon-box circle-icon-position-top circle-icon-hide-box circle-icon-size-small\">\n\t\t\t<div class=\"circle-icon-wrapper\">\n\t\t\t\t<a href=\"https:\/\/www.jinsai.org\/pt-BR\/meishu-sama\/a-luz-do-oriente\/volume-1\/capitulo-v\/\" class=\"link-icon\" >\t\t\t\t<div class=\"circle-icon icon-style-set\" style=\"background-image: url(https:\/\/www.jinsai.org\/pt-BR\/wp-content\/uploads\/2022\/04\/0Meishu28-5-150x53.jpg)\">\n\t\t\t\t\t\t\t\t\t<\/div>\n\t\t\t\t<\/a>\t\t\t<\/div>\n\n\t\t\t<a href=\"https:\/\/www.jinsai.org\/pt-BR\/meishu-sama\/a-luz-do-oriente\/volume-1\/capitulo-v\/\" class=\"link-title\" >\t\t\t<h5 >Volume 1<\/h5>\t\t\t<h4 >CAP\u00cdTULO V<\/h4>\t\t\t<\/a>\n\t\t\t<p class=\"text\" >O dia 14 de junho de 1931 \u00e9 uma data magna no calend\u00e1rio da Doutrina Messi\u00e2nica. A fam\u00edlia de Meishu Sama ainda morava em Omori. Nesta \u00e9poca, o Mestre j\u00e1 tinha atingido o n\u00edvel espiritual de Kenshinjitsu (Ilumina\u00e7\u00e3o Total pela Intelig\u00eancia Divina). Desde 1926 come\u00e7ou a psicografar. Durante tr\u00eas meses recebeu a Revela\u00e7\u00e3o de Deus [&hellip;]<\/p>\t\t\t\t\t\t\t<a href=\"https:\/\/www.jinsai.org\/pt-BR\/meishu-sama\/a-luz-do-oriente\/volume-1\/capitulo-v\/\" class=\"more-button\" >Continue lendo <i><\/i><\/a>\n\t\t\t\t\t<\/div>\n\t\t<\/div><div class=\"clear\"><\/div><div class=\"widget widget_circleicon-widget\">\t\t<div class=\"circle-icon-box circle-icon-position-top circle-icon-hide-box circle-icon-size-small\">\n\t\t\t<div class=\"circle-icon-wrapper\">\n\t\t\t\t<a href=\"https:\/\/www.jinsai.org\/pt-BR\/meishu-sama\/a-luz-do-oriente\/volume-1\/capitulo-iv\/\" class=\"link-icon\" >\t\t\t\t<div class=\"circle-icon icon-style-set\" style=\"background-image: url(https:\/\/www.jinsai.org\/pt-BR\/wp-content\/uploads\/2022\/04\/0Meishu28-10-150x53.jpg)\">\n\t\t\t\t\t\t\t\t\t<\/div>\n\t\t\t\t<\/a>\t\t\t<\/div>\n\n\t\t\t<a href=\"https:\/\/www.jinsai.org\/pt-BR\/meishu-sama\/a-luz-do-oriente\/volume-1\/capitulo-iv\/\" class=\"link-title\" >\t\t\t<h5 >Volume 1<\/h5>\t\t\t<h4 >CAP\u00cdTULO IV<\/h4>\t\t\t<\/a>\n\t\t\t<p class=\"text\" >Pelo seu exemplo, Meishu Sama ensinou a alegria de viver e obedi\u00eancia \u00e0 vontade de Deus. Tinha uma filosofia de vida pela qual se interessava por tudo e por todos. Costumava dizer: \u201cQuando me acontece uma coisa m\u00e1, penso logo que \u00e9 pren\u00fancio de alguma coisa boa. Procuro enfrentar a dificuldade e fa\u00e7o tudo o [&hellip;]<\/p>\t\t\t\t\t\t\t<a href=\"https:\/\/www.jinsai.org\/pt-BR\/meishu-sama\/a-luz-do-oriente\/volume-1\/capitulo-iv\/\" class=\"more-button\" >Continue lendo <i><\/i><\/a>\n\t\t\t\t\t<\/div>\n\t\t<\/div><div class=\"widget widget_circleicon-widget\">\t\t<div class=\"circle-icon-box circle-icon-position-top circle-icon-hide-box circle-icon-size-small\">\n\t\t\t<div class=\"circle-icon-wrapper\">\n\t\t\t\t<a href=\"https:\/\/www.jinsai.org\/pt-BR\/meishu-sama\/a-luz-do-oriente\/volume-1\/capitulo-iii\/\" class=\"link-icon\" >\t\t\t\t<div class=\"circle-icon icon-style-set\" style=\"background-image: url(https:\/\/www.jinsai.org\/pt-BR\/wp-content\/uploads\/2022\/04\/MeishuSama64-150x53.jpg)\">\n\t\t\t\t\t\t\t\t\t<\/div>\n\t\t\t\t<\/a>\t\t\t<\/div>\n\n\t\t\t<a href=\"https:\/\/www.jinsai.org\/pt-BR\/meishu-sama\/a-luz-do-oriente\/volume-1\/capitulo-iii\/\" class=\"link-title\" >\t\t\t<h5 >Volume 1<\/h5>\t\t\t<h4 >CAP\u00cdTULO III<\/h4>\t\t\t<\/a>\n\t\t\t<p class=\"text\" >Meishu Sama foi muito doentio em sua juventude, por\u00e9m jamais permitiu que seu luminoso esp\u00edrito ficasse aprisionado no c\u00e1rcere do des\u00e2nimo. Era um lutador e amava a vida. Ele tinha as orelhas muito grandes e bem feitas. No Jap\u00e3o, acreditam que as pessoas de orelhas bonitas s\u00e3o predestinadas a uma boa sorte. Na cidade havia [&hellip;]<\/p>\t\t\t\t\t\t\t<a href=\"https:\/\/www.jinsai.org\/pt-BR\/meishu-sama\/a-luz-do-oriente\/volume-1\/capitulo-iii\/\" class=\"more-button\" >Continue lendo <i><\/i><\/a>\n\t\t\t\t\t<\/div>\n\t\t<\/div><div class=\"widget widget_circleicon-widget\">\t\t<div class=\"circle-icon-box circle-icon-position-top circle-icon-hide-box circle-icon-size-small\">\n\t\t\t<div class=\"circle-icon-wrapper\">\n\t\t\t\t<a href=\"https:\/\/www.jinsai.org\/pt-BR\/meishu-sama\/a-luz-do-oriente\/volume-1\/capitulo-ii\/\" class=\"link-icon\" >\t\t\t\t<div class=\"circle-icon icon-style-set\" style=\"background-image: url(https:\/\/www.jinsai.org\/pt-BR\/wp-content\/uploads\/2022\/04\/MeishuSama51-150x53.jpg)\">\n\t\t\t\t\t\t\t\t\t<\/div>\n\t\t\t\t<\/a>\t\t\t<\/div>\n\n\t\t\t<a href=\"https:\/\/www.jinsai.org\/pt-BR\/meishu-sama\/a-luz-do-oriente\/volume-1\/capitulo-ii\/\" class=\"link-title\" >\t\t\t<h5 >Volume 1<\/h5>\t\t\t<h4 >CAP\u00cdTULO II<\/h4>\t\t\t<\/a>\n\t\t\t<p class=\"text\" >Yoshiko-Okada, a segunda esposa, foi uma mulher de miseric\u00f3rdia e muito inteligente. Teve muito amor ao marido e ded icou-se ao lar e aos seis filhos. Depois do falecimento do Mestre, tornou-se a Segunda L\u00edder Espiritual. Sentia em Mokiti um homem superior e um predestinado e aceitou o papel nem sempre f\u00e1cil de ser a [&hellip;]<\/p>\t\t\t\t\t\t\t<a href=\"https:\/\/www.jinsai.org\/pt-BR\/meishu-sama\/a-luz-do-oriente\/volume-1\/capitulo-ii\/\" class=\"more-button\" >Continue lendo <i><\/i><\/a>\n\t\t\t\t\t<\/div>\n\t\t<\/div><div class=\"clear\"><\/div><div class=\"widget widget_circleicon-widget\">\t\t<div class=\"circle-icon-box circle-icon-position-top circle-icon-hide-box circle-icon-size-small\">\n\t\t\t<div class=\"circle-icon-wrapper\">\n\t\t\t\t<a href=\"https:\/\/www.jinsai.org\/pt-BR\/meishu-sama\/a-luz-do-oriente\/volume-1\/capitulo-i\/\" class=\"link-icon\" >\t\t\t\t<div class=\"circle-icon icon-style-set\" style=\"background-image: url(https:\/\/www.jinsai.org\/pt-BR\/wp-content\/uploads\/2022\/03\/20180127_215409-150x53.jpg)\">\n\t\t\t\t\t\t\t\t\t<\/div>\n\t\t\t\t<\/a>\t\t\t<\/div>\n\n\t\t\t<a href=\"https:\/\/www.jinsai.org\/pt-BR\/meishu-sama\/a-luz-do-oriente\/volume-1\/capitulo-i\/\" class=\"link-title\" >\t\t\t<h5 >Volume 1<\/h5>\t\t\t<h4 >CAP\u00cdTULO I<\/h4>\t\t\t<\/a>\n\t\t\t<p class=\"text\" >Seu nome foi Mokiti Okada. Nasceu em T\u00f3quio a 23 de dezembro de 1882. Seus disc\u00edpulos e seguidores deram-lhe o nome de Meishu Sama, que significa Senhor da Luz. Foi ele que revelou ao Mundo a pr\u00e1tica do Johrei (Purifica\u00e7\u00e3o do Esp\u00edrito), ou Luz Divina. Esta pr\u00e1tica tem sido o alicerce da Doutrina Messi\u00e2nica. Como [&hellip;]<\/p>\t\t\t\t\t\t\t<a href=\"https:\/\/www.jinsai.org\/pt-BR\/meishu-sama\/a-luz-do-oriente\/volume-1\/capitulo-i\/\" class=\"more-button\" >Continue lendo <i><\/i><\/a>\n\t\t\t\t\t<\/div>\n\t\t<\/div>\t<\/div>\n\t<\/div><div id=\"panel-10637-0-0-1\" class=\"widget_text so-panel widget_custom_html panel-last-child\" data-index=\"1\" ><div class=\"textwidget custom-html-widget\"><iframe loading=\"lazy\" src=\"https:\/\/www.facebook.com\/plugins\/like.php?href=https%3A%2F%2Fwww.jinsai.org%2Fpt-BR%2Fmeishu-sama%2Fa-luz-do-oriente%2volume-1&width=174&layout=button_count&action=like&size=large&share=false&height=46&appId=171964893011161\" width=\"174\" height=\"46\" style=\"border:none;overflow:hidden\" scrolling=\"no\" frameborder=\"0\" allowfullscreen=\"true\" allow=\"autoplay; clipboard-write; encrypted-media; picture-in-picture; web-share\"><\/iframe>\n<div id=\"fb-root\"><\/div>\n<script src=\"http:\/\/connect.facebook.net\/pt_BR\/all.js#appId=APP_ID&amp;xfbml=1\"><\/script><fb:comments href=\" https:\/\/www.jinsai.org\/pt-BR\/meishu-sama\/a-luz-do-oriente\/volume-1\" num_posts=\"100\" width=\"500\"><\/fb:comments><meta property=\"fb:app_id\" content=\"171964893011161\">\n<div id=\"fb-root\"><\/div>\n<script>(function(d, s, id) {<br \/>\n  var js, fjs = d.getElementsByTagName(s)[0];<br \/>\n  if (d.getElementById(id)) return;<br \/>\n  js = d.createElement(s); js.id = id;<br \/>\n  js.src = 'https:\/\/connect.facebook.net\/pt_BR\/sdk.js#xfbml=1&version=v3.0&appId=171964893011161&autoLogAppEvents=1';<br \/>\n  fjs.parentNode.insertBefore(js, fjs);<br \/>\n}(document, 'script', 'facebook-jssdk'));<\/script>\n<div class=\"fb-share-button\" data-href=\" https:\/\/www.jinsai.org\/pt-BR\/meishu-sama\/a-luz-do-oriente\/volume-1\" data-layout=\"button_count\" data-size=\"large\" data-mobile-iframe=\"true\"><a target=\"_blank\" href=\"https:\/\/www.facebook.com\/sharer\/sharer.php?u=http%3A%2F% https:\/\/www.jinsai.org\/pt-BR\/meishu-sama\/a-luz-do-oriente\/volume-1%2F&amp;src=sdkpreparse\" class=\"fb-xfbml-parse-ignore\">Compartilhar<\/a><\/div><\/div><\/div><\/div><\/div><\/div>","protected":false},"excerpt":{"rendered":"<p>Seu nome foi Mokiti Okada. Nasceu em T\u00f3quio a 23 de dezembro de 1882. Seus disc\u00edpulos e seguidores deram-lhe o nome de Meishu Sama, que significa Senhor da Luz. Foi ele que revelou ao Mundo a pr\u00e1tica do Johrei (Purifica\u00e7\u00e3o do Esp\u00edrito), ou Luz Divina. Esta pr\u00e1tica tem sido o alicerce da Doutrina Messi\u00e2nica. Como [&hellip;]<\/p>\n","protected":false},"author":1,"featured_media":0,"parent":10625,"menu_order":0,"comment_status":"open","ping_status":"closed","template":"templates\/template-full.php","meta":{"footnotes":""},"class_list":["post-10637","page","type-page","status-publish","hentry","post","post-with-thumbnail","post-with-thumbnail-icon"],"_links":{"self":[{"href":"https:\/\/www.jinsai.org\/pt-BR\/wp-json\/wp\/v2\/pages\/10637","targetHints":{"allow":["GET"]}}],"collection":[{"href":"https:\/\/www.jinsai.org\/pt-BR\/wp-json\/wp\/v2\/pages"}],"about":[{"href":"https:\/\/www.jinsai.org\/pt-BR\/wp-json\/wp\/v2\/types\/page"}],"author":[{"embeddable":true,"href":"https:\/\/www.jinsai.org\/pt-BR\/wp-json\/wp\/v2\/users\/1"}],"replies":[{"embeddable":true,"href":"https:\/\/www.jinsai.org\/pt-BR\/wp-json\/wp\/v2\/comments?post=10637"}],"version-history":[{"count":14,"href":"https:\/\/www.jinsai.org\/pt-BR\/wp-json\/wp\/v2\/pages\/10637\/revisions"}],"predecessor-version":[{"id":10885,"href":"https:\/\/www.jinsai.org\/pt-BR\/wp-json\/wp\/v2\/pages\/10637\/revisions\/10885"}],"up":[{"embeddable":true,"href":"https:\/\/www.jinsai.org\/pt-BR\/wp-json\/wp\/v2\/pages\/10625"}],"wp:attachment":[{"href":"https:\/\/www.jinsai.org\/pt-BR\/wp-json\/wp\/v2\/media?parent=10637"}],"curies":[{"name":"wp","href":"https:\/\/api.w.org\/{rel}","templated":true}]}}