{"id":108,"date":"2018-06-02T07:46:34","date_gmt":"2018-06-02T10:46:34","guid":{"rendered":"http:\/\/www.jinsai.org\/pt-BR\/?page_id=108"},"modified":"2019-04-29T09:49:54","modified_gmt":"2019-04-29T12:49:54","slug":"historia","status":"publish","type":"page","link":"https:\/\/www.jinsai.org\/pt-BR\/meishu-sama\/historia\/","title":{"rendered":"Hist\u00f3ria"},"content":{"rendered":"<div id=\"pl-108\"  class=\"panel-layout\" ><div id=\"pg-108-0\"  class=\"panel-grid panel-no-style\" ><div id=\"pgc-108-0-0\"  class=\"panel-grid-cell\" ><div id=\"panel-108-0-0-0\" class=\"so-panel widget_sow-editor panel-first-child\" data-index=\"0\" ><div\n\t\t\t\n\t\t\tclass=\"so-widget-sow-editor so-widget-sow-editor-base\"\n\t\t\t\n\t\t>\n<div class=\"siteorigin-widget-tinymce textwidget\">\n\t<p style=\"text-align: justify;\">Com a inten\u00e7\u00e3o de expor Seu real sentimento, Meishu-Sama escreveu uma grande quantidade de Ensinamentos autobiogr\u00e1ficos. Tal atitude \u00e9 a vontade de mostrar para a humanidade o cora\u00e7\u00e3o de Deus. O estudo destes Ensinamentos, aliado com Sua biografia, \u00e9 um importante meio para a educa\u00e7\u00e3o do esp\u00edrito.<\/p>\n<\/div>\n<\/div><\/div><div id=\"panel-108-0-0-1\" class=\"so-panel widget_siteorigin-panels-postloop panel-last-child\" data-index=\"1\" >\n\t<div id=\"vantage-circleicon-loop\" class=\"vantage-circleicon-loop circleicon-loop-columns-3\">\n\n\t\t<div class=\"widget widget_circleicon-widget\">\t\t<div class=\"circle-icon-box circle-icon-position-top circle-icon-hide-box circle-icon-size-small\">\n\t\t\t<div class=\"circle-icon-wrapper\">\n\t\t\t\t<a href=\"https:\/\/www.jinsai.org\/pt-BR\/meishu-sama\/historia\/vida-antes-da-fe-2\/\" class=\"link-icon\" >\t\t\t\t<div class=\"circle-icon icon-style-set\" style=\"background-image: url(https:\/\/www.jinsai.org\/pt-BR\/wp-content\/uploads\/2018\/06\/Logos-Ensinamentos-Hist\u00f3ria-Small.jpg)\">\n\t\t\t\t\t\t\t\t\t<\/div>\n\t\t\t\t<\/a>\t\t\t<\/div>\n\n\t\t\t<a href=\"https:\/\/www.jinsai.org\/pt-BR\/meishu-sama\/historia\/vida-antes-da-fe-2\/\" class=\"link-title\" >\t\t\t<h5 >Hist\u00f3ria<\/h5>\t\t\t<h4 >VIDA ANTES DA F\u00c9 (2)<\/h4>\t\t\t<\/a>\n\t\t\t<p class=\"text\" >Como gosto muito de cinema desde a juventude, houve um tempo em que quis ser diretor de cinema. Mas quando se pensa sobre isso, mesmo que algu\u00e9m tenha sucesso como diretor de cinema, n\u00e3o \u00e9 grande coisa, ent\u00e3o decidi fazer sucesso na ind\u00fastria cinematogr\u00e1fica. A princ\u00edpio coloquei na cabe\u00e7a construir um cinema e busquei esse [&hellip;]<\/p>\t\t\t\t\t\t\t<a href=\"https:\/\/www.jinsai.org\/pt-BR\/meishu-sama\/historia\/vida-antes-da-fe-2\/\" class=\"more-button\" >Continue lendo <i><\/i><\/a>\n\t\t\t\t\t<\/div>\n\t\t<\/div><div class=\"widget widget_circleicon-widget\">\t\t<div class=\"circle-icon-box circle-icon-position-top circle-icon-hide-box circle-icon-size-small\">\n\t\t\t<div class=\"circle-icon-wrapper\">\n\t\t\t\t<a href=\"https:\/\/www.jinsai.org\/pt-BR\/meishu-sama\/historia\/meishu-sama-e-a-energia-atomica\/\" class=\"link-icon\" >\t\t\t\t<div class=\"circle-icon icon-style-set\" style=\"background-image: url(https:\/\/www.jinsai.org\/pt-BR\/wp-content\/uploads\/2018\/06\/Logos-Ensinamentos-Hist\u00f3ria-Small.jpg)\">\n\t\t\t\t\t\t\t\t\t<\/div>\n\t\t\t\t<\/a>\t\t\t<\/div>\n\n\t\t\t<a href=\"https:\/\/www.jinsai.org\/pt-BR\/meishu-sama\/historia\/meishu-sama-e-a-energia-atomica\/\" class=\"link-title\" >\t\t\t<h5 >Hist\u00f3ria<\/h5>\t\t\t<h4 >MEISHU-SAMA E A ENERGIA AT\u00d4MICA<\/h4>\t\t\t<\/a>\n\t\t\t<p class=\"text\" >Pergunta: H\u00e1 algum significado para o fato de que no momento da Transi\u00e7\u00e3o da Noite para o Dia, o senhor surgiu no mundo ao mesmo tempo em que a descoberta da energia at\u00f4mica? Meishu-Sama: O fato de eu ter nascido no momento da Transi\u00e7\u00e3o da Noite para o Dia para salvar a humanidade \u00e9 destino, [&hellip;]<\/p>\t\t\t\t\t\t\t<a href=\"https:\/\/www.jinsai.org\/pt-BR\/meishu-sama\/historia\/meishu-sama-e-a-energia-atomica\/\" class=\"more-button\" >Continue lendo <i><\/i><\/a>\n\t\t\t\t\t<\/div>\n\t\t<\/div><div class=\"widget widget_circleicon-widget\">\t\t<div class=\"circle-icon-box circle-icon-position-top circle-icon-hide-box circle-icon-size-small\">\n\t\t\t<div class=\"circle-icon-wrapper\">\n\t\t\t\t<a href=\"https:\/\/www.jinsai.org\/pt-BR\/meishu-sama\/historia\/lembrancas-das-vidas-passadas\/\" class=\"link-icon\" >\t\t\t\t<div class=\"circle-icon icon-style-set\" style=\"background-image: url(https:\/\/www.jinsai.org\/pt-BR\/wp-content\/uploads\/2018\/06\/Logos-Ensinamentos-Hist\u00f3ria-Small.jpg)\">\n\t\t\t\t\t\t\t\t\t<\/div>\n\t\t\t\t<\/a>\t\t\t<\/div>\n\n\t\t\t<a href=\"https:\/\/www.jinsai.org\/pt-BR\/meishu-sama\/historia\/lembrancas-das-vidas-passadas\/\" class=\"link-title\" >\t\t\t<h5 >Hist\u00f3ria<\/h5>\t\t\t<h4 >LEMBRAN\u00c7AS DAS VIDAS PASSADAS<\/h4>\t\t\t<\/a>\n\t\t\t<p class=\"text\" >Pergunta: Apesar do esp\u00edrito possuir individualidade, ao nascer novamente neste mundo ele n\u00e3o lembra da vida passada, por que? Meishu-Sama: \u00c9 melhor n\u00e3o saber o que houve na vida anterior. N\u00e3o se deve saber. Se souber o que voc\u00ea foi vai ter problemas. Da mesma forma que n\u00e3o devemos saber quando vamos morrer. Trabalhamos porque [&hellip;]<\/p>\t\t\t\t\t\t\t<a href=\"https:\/\/www.jinsai.org\/pt-BR\/meishu-sama\/historia\/lembrancas-das-vidas-passadas\/\" class=\"more-button\" >Continue lendo <i><\/i><\/a>\n\t\t\t\t\t<\/div>\n\t\t<\/div><div class=\"clear\"><\/div><div class=\"widget widget_circleicon-widget\">\t\t<div class=\"circle-icon-box circle-icon-position-top circle-icon-hide-box circle-icon-size-small\">\n\t\t\t<div class=\"circle-icon-wrapper\">\n\t\t\t\t<a href=\"https:\/\/www.jinsai.org\/pt-BR\/meishu-sama\/historia\/ser-discipulo\/\" class=\"link-icon\" >\t\t\t\t<div class=\"circle-icon icon-style-set\" style=\"background-image: url(https:\/\/www.jinsai.org\/pt-BR\/wp-content\/uploads\/2018\/06\/Logos-Ensinamentos-Hist\u00f3ria-Small.jpg)\">\n\t\t\t\t\t\t\t\t\t<\/div>\n\t\t\t\t<\/a>\t\t\t<\/div>\n\n\t\t\t<a href=\"https:\/\/www.jinsai.org\/pt-BR\/meishu-sama\/historia\/ser-discipulo\/\" class=\"link-title\" >\t\t\t<h5 >Hist\u00f3ria<\/h5>\t\t\t<h4 >SER DISC\u00cdPULO<\/h4>\t\t\t<\/a>\n\t\t\t<p class=\"text\" >Meishu-Sama fala constantemente de seus \"disc\u00edpulos\". Nas reuni\u00f5es ou em outras ocasi\u00f5es, ouvimos frequentemente essa refer\u00eancia, mas exatamente a quem Meishu-Sama est\u00e1 se referindo nesses momentos? Pode-se justificar dizendo que nessas ocasi\u00f5es, Meishu-Sama est\u00e1 se referindo \u00e0queles que receberam o ponto focal sagrado (Ohikari) que foi escrito diretamente por Ele e que agora est\u00e3o trabalhando [&hellip;]<\/p>\t\t\t\t\t\t\t<a href=\"https:\/\/www.jinsai.org\/pt-BR\/meishu-sama\/historia\/ser-discipulo\/\" class=\"more-button\" >Continue lendo <i><\/i><\/a>\n\t\t\t\t\t<\/div>\n\t\t<\/div><div class=\"widget widget_circleicon-widget\">\t\t<div class=\"circle-icon-box circle-icon-position-top circle-icon-hide-box circle-icon-size-small\">\n\t\t\t<div class=\"circle-icon-wrapper\">\n\t\t\t\t<a href=\"https:\/\/www.jinsai.org\/pt-BR\/meishu-sama\/historia\/sobre-os-meus-nomes\/\" class=\"link-icon\" >\t\t\t\t<div class=\"circle-icon icon-style-set\" style=\"background-image: url(https:\/\/www.jinsai.org\/pt-BR\/wp-content\/uploads\/2018\/06\/Logos-Ensinamentos-Hist\u00f3ria-Small.jpg)\">\n\t\t\t\t\t\t\t\t\t<\/div>\n\t\t\t\t<\/a>\t\t\t<\/div>\n\n\t\t\t<a href=\"https:\/\/www.jinsai.org\/pt-BR\/meishu-sama\/historia\/sobre-os-meus-nomes\/\" class=\"link-title\" >\t\t\t<h5 >Hist\u00f3ria<\/h5>\t\t\t<h4 >SOBRE OS MEUS NOMES<\/h4>\t\t\t<\/a>\n\t\t\t<p class=\"text\" >O Sr. Yumiji Hongo escreveu diversas coisas pelo aspecto psicol\u00f3gico sobre a palavra disc\u00edpulo, que vez por outra eu uso para designar os fi\u00e9is. Achei isso muito interessante e vou acrescentar algumas palavras a respeito. Atualmente, estou centralizado na atua\u00e7\u00e3o de Komyo Nyorai, e podem pensar que essa palavra tem o mesmo sentido que os [&hellip;]<\/p>\t\t\t\t\t\t\t<a href=\"https:\/\/www.jinsai.org\/pt-BR\/meishu-sama\/historia\/sobre-os-meus-nomes\/\" class=\"more-button\" >Continue lendo <i><\/i><\/a>\n\t\t\t\t\t<\/div>\n\t\t<\/div><div class=\"widget widget_circleicon-widget\">\t\t<div class=\"circle-icon-box circle-icon-position-top circle-icon-hide-box circle-icon-size-small\">\n\t\t\t<div class=\"circle-icon-wrapper\">\n\t\t\t\t<a href=\"https:\/\/www.jinsai.org\/pt-BR\/meishu-sama\/historia\/as-palavras-e-os-atos-de-meishu-sama-proveem-diretamente-de-deus\/\" class=\"link-icon\" >\t\t\t\t<div class=\"circle-icon icon-style-set\" style=\"background-image: url(https:\/\/www.jinsai.org\/pt-BR\/wp-content\/uploads\/2018\/06\/Logos-Ensinamentos-Hist\u00f3ria-Small.jpg)\">\n\t\t\t\t\t\t\t\t\t<\/div>\n\t\t\t\t<\/a>\t\t\t<\/div>\n\n\t\t\t<a href=\"https:\/\/www.jinsai.org\/pt-BR\/meishu-sama\/historia\/as-palavras-e-os-atos-de-meishu-sama-proveem-diretamente-de-deus\/\" class=\"link-title\" >\t\t\t<h5 >Hist\u00f3ria<\/h5>\t\t\t<h4 >AS PALAVRAS E OS ATOS DE MEISHU-SAMA PROV\u00caEM DIRETAMENTE DE DEUS<\/h4>\t\t\t<\/a>\n\t\t\t<p class=\"text\" >Desde tempos remotos, uma pessoa que se dizia fundador de uma religi\u00e3o sempre consultava Deus, e diziam que tiveram revela\u00e7\u00e3o divina. O povo que o ouvia sentia-se imensamente sensibilizado. Mas eu n\u00e3o procedo assim. Expresso simplesmente as minhas palavras de acordo com o momento, pois n\u00e3o tenho necessidade de perguntar a Deus. Ent\u00e3o, as pessoas, [&hellip;]<\/p>\t\t\t\t\t\t\t<a href=\"https:\/\/www.jinsai.org\/pt-BR\/meishu-sama\/historia\/as-palavras-e-os-atos-de-meishu-sama-proveem-diretamente-de-deus\/\" class=\"more-button\" >Continue lendo <i><\/i><\/a>\n\t\t\t\t\t<\/div>\n\t\t<\/div><div class=\"clear\"><\/div><div class=\"widget widget_circleicon-widget\">\t\t<div class=\"circle-icon-box circle-icon-position-top circle-icon-hide-box circle-icon-size-small\">\n\t\t\t<div class=\"circle-icon-wrapper\">\n\t\t\t\t<a href=\"https:\/\/www.jinsai.org\/pt-BR\/meishu-sama\/historia\/sou-um-cientista-em-religiao\/\" class=\"link-icon\" >\t\t\t\t<div class=\"circle-icon icon-style-set\" style=\"background-image: url(https:\/\/www.jinsai.org\/pt-BR\/wp-content\/uploads\/2018\/06\/Logos-Ensinamentos-Hist\u00f3ria-Small.jpg)\">\n\t\t\t\t\t\t\t\t\t<\/div>\n\t\t\t\t<\/a>\t\t\t<\/div>\n\n\t\t\t<a href=\"https:\/\/www.jinsai.org\/pt-BR\/meishu-sama\/historia\/sou-um-cientista-em-religiao\/\" class=\"link-title\" >\t\t\t<h5 >Hist\u00f3ria<\/h5>\t\t\t<h4 >SOU UM CIENTISTA EM RELIGI\u00c3O<\/h4>\t\t\t<\/a>\n\t\t\t<p class=\"text\" >Se eu, um religioso, disser que sou tamb\u00e9m cientista, todos estranhar\u00e3o, mas estou certo de que, ao t\u00e9rmino desta leitura, h\u00e3o de concordar comigo. Sempre digo que a Ci\u00eancia atual ainda est\u00e1 num n\u00edvel muito baixo, nem podendo ser considerada como Ci\u00eancia. Sua import\u00e2ncia reside, sem d\u00favida, na descoberta e no estudo de corpos microsc\u00f3picos. [&hellip;]<\/p>\t\t\t\t\t\t\t<a href=\"https:\/\/www.jinsai.org\/pt-BR\/meishu-sama\/historia\/sou-um-cientista-em-religiao\/\" class=\"more-button\" >Continue lendo <i><\/i><\/a>\n\t\t\t\t\t<\/div>\n\t\t<\/div><div class=\"widget widget_circleicon-widget\">\t\t<div class=\"circle-icon-box circle-icon-position-top circle-icon-hide-box circle-icon-size-small\">\n\t\t\t<div class=\"circle-icon-wrapper\">\n\t\t\t\t<a href=\"https:\/\/www.jinsai.org\/pt-BR\/meishu-sama\/historia\/meu-metodo-de-saude\/\" class=\"link-icon\" >\t\t\t\t<div class=\"circle-icon icon-style-set\" style=\"background-image: url(https:\/\/www.jinsai.org\/pt-BR\/wp-content\/uploads\/2018\/06\/Logos-Ensinamentos-Hist\u00f3ria-Small.jpg)\">\n\t\t\t\t\t\t\t\t\t<\/div>\n\t\t\t\t<\/a>\t\t\t<\/div>\n\n\t\t\t<a href=\"https:\/\/www.jinsai.org\/pt-BR\/meishu-sama\/historia\/meu-metodo-de-saude\/\" class=\"link-title\" >\t\t\t<h5 >Hist\u00f3ria<\/h5>\t\t\t<h4 >MEU M\u00c9TODO DE SA\u00daDE<\/h4>\t\t\t<\/a>\n\t\t\t<p class=\"text\" >Escreverei agora sobre o meu m\u00e9todo de sa\u00fade. Este ano completo sessenta e sete anos, mas tenho um vigor que supera o dos jovens. Como estou desbravando terras, subo morros constantemente e, sempre que isso acontece, sou eu quem deve diminuir a marcha, porque os jovens n\u00e3o t\u00eam for\u00e7a nos p\u00e9s e n\u00e3o conseguem me [&hellip;]<\/p>\t\t\t\t\t\t\t<a href=\"https:\/\/www.jinsai.org\/pt-BR\/meishu-sama\/historia\/meu-metodo-de-saude\/\" class=\"more-button\" >Continue lendo <i><\/i><\/a>\n\t\t\t\t\t<\/div>\n\t\t<\/div>\t<\/div>\n\t\t<nav role=\"navigation\" id=\"nav-below\" class=\"site-navigation paging-navigation\">\n\t\t<h2 class=\"assistive-text\">Post navigation<\/h2>\n\n\t\n\t\t<div class='pagination'><span aria-current=\"page\" class=\"page-numbers current\">1<\/span>\n<a class=\"page-numbers\" href=\"https:\/\/www.jinsai.org\/pt-BR\/wp-json\/wp\/v2\/pages\/108\/page\/2\/\">2<\/a>\n<a class=\"page-numbers\" href=\"https:\/\/www.jinsai.org\/pt-BR\/wp-json\/wp\/v2\/pages\/108\/page\/3\/\">3<\/a>\n<a class=\"next page-numbers\" href=\"https:\/\/www.jinsai.org\/pt-BR\/wp-json\/wp\/v2\/pages\/108\/page\/2\/\">Pr\u00f3ximo &raquo;<\/a><\/div>\n\n\t\n\t<\/nav><!-- #nav-below -->\n\t<\/div><\/div><\/div><div id=\"pg-108-1\"  class=\"panel-grid panel-no-style\" ><div id=\"pgc-108-1-0\"  class=\"panel-grid-cell\" ><div id=\"panel-108-1-0-0\" class=\"widget_text so-panel widget_custom_html panel-first-child panel-last-child\" data-index=\"2\" ><div class=\"textwidget custom-html-widget\"><iframe src=\"http:\/\/www.facebook.com\/plugins\/like.php?href=http:\/\/www.jinsai.org\/pt-BR\/meishu-sama\/historia\/&%0Alayout=standard&show_faces=false&width=380&action=like&colorscheme=light&height=25\" style=\"border: medium none ; overflow: hidden; width: 350px; height: 25px;\" allowtransparency=\"true\" frameborder=\"0\" scrolling=\"no\"><\/iframe>\n\n<div id=\"fb-root\"><\/div><script src=\"http:\/\/connect.facebook.net\/pt_BR\/all.js#appId=APP_ID&amp;xfbml=1\"><\/script><fb:comments href=\"http:\/\/www.jinsai.org\/pt-BR\/meishu-sama\/historia\/\" num_posts=\"100\" width=\"500\"><\/fb:comments><meta property='fb:app_id' content='171964893011161'\/> \n\n<div id=\"fb-root\"><\/div>\n<script>(function(d, s, id) {\n  var js, fjs = d.getElementsByTagName(s)[0];\n  if (d.getElementById(id)) return;\n  js = d.createElement(s); js.id = id;\n  js.src = 'https:\/\/connect.facebook.net\/pt_BR\/sdk.js#xfbml=1&version=v3.0&appId=171964893011161&autoLogAppEvents=1';\n  fjs.parentNode.insertBefore(js, fjs);\n}(document, 'script', 'facebook-jssdk'));<\/script>\n<div class=\"fb-share-button\" data-href=\"http:\/\/www.jinsai.org\/pt-BR\/meishu-sama\/historia\/\" data-layout=\"button_count\" data-size=\"large\" data-mobile-iframe=\"true\"><a target=\"_blank\" href=\"https:\/\/www.facebook.com\/sharer\/sharer.php?u=http%3A%2F%2Fwww.jinsai.org%2Fpt-BR%2Fmeishu-sama%2Fhistoria%2F&amp;src=sdkpreparse\" class=\"fb-xfbml-parse-ignore\">Compartilhar<\/a><\/div>\n<\/div><\/div><\/div><\/div><\/div>","protected":false},"excerpt":{"rendered":"<p>Com a inten\u00e7\u00e3o de expor Seu real sentimento, Meishu-Sama escreveu uma grande quantidade de Ensinamentos autobiogr\u00e1ficos. Tal atitude \u00e9 a vontade de mostrar para a humanidade o cora\u00e7\u00e3o de Deus. O estudo destes Ensinamentos, aliado com Sua biografia, \u00e9 um importante meio para a educa\u00e7\u00e3o do esp\u00edrito.<\/p>\n","protected":false},"author":1,"featured_media":0,"parent":94,"menu_order":0,"comment_status":"closed","ping_status":"closed","template":"templates\/template-full.php","meta":{"footnotes":""},"class_list":["post-108","page","type-page","status-publish","hentry","post","post-with-thumbnail","post-with-thumbnail-icon"],"_links":{"self":[{"href":"https:\/\/www.jinsai.org\/pt-BR\/wp-json\/wp\/v2\/pages\/108","targetHints":{"allow":["GET"]}}],"collection":[{"href":"https:\/\/www.jinsai.org\/pt-BR\/wp-json\/wp\/v2\/pages"}],"about":[{"href":"https:\/\/www.jinsai.org\/pt-BR\/wp-json\/wp\/v2\/types\/page"}],"author":[{"embeddable":true,"href":"https:\/\/www.jinsai.org\/pt-BR\/wp-json\/wp\/v2\/users\/1"}],"replies":[{"embeddable":true,"href":"https:\/\/www.jinsai.org\/pt-BR\/wp-json\/wp\/v2\/comments?post=108"}],"version-history":[{"count":19,"href":"https:\/\/www.jinsai.org\/pt-BR\/wp-json\/wp\/v2\/pages\/108\/revisions"}],"predecessor-version":[{"id":4182,"href":"https:\/\/www.jinsai.org\/pt-BR\/wp-json\/wp\/v2\/pages\/108\/revisions\/4182"}],"up":[{"embeddable":true,"href":"https:\/\/www.jinsai.org\/pt-BR\/wp-json\/wp\/v2\/pages\/94"}],"wp:attachment":[{"href":"https:\/\/www.jinsai.org\/pt-BR\/wp-json\/wp\/v2\/media?parent=108"}],"curies":[{"name":"wp","href":"https:\/\/api.w.org\/{rel}","templated":true}]}}