{"id":112,"date":"2018-06-02T07:47:14","date_gmt":"2018-06-02T10:47:14","guid":{"rendered":"http:\/\/www.jinsai.org\/pt-BR\/?page_id=112"},"modified":"2021-05-23T10:32:11","modified_gmt":"2021-05-23T13:32:11","slug":"pseudonimos","status":"publish","type":"page","link":"https:\/\/www.jinsai.org\/pt-BR\/meishu-sama\/pseudonimos\/","title":{"rendered":"Pseud\u00f4nimos"},"content":{"rendered":"<p class=\"style5\" align=\"justify\">Durante Sua vida, Meishu-Sama adotou muitos pseud\u00f4nimos, de acordo com a ocasi\u00e3o de uso e a \u00e9poca.<\/p>\n<p class=\"style5\" align=\"justify\"><strong>Jikan<\/strong><\/p>\n<p class=\"style5\" align=\"justify\">A partir de 1934, Meishu-Sama abandonou o Seu sinete Kiguetsu (que significa &#8220;Sol e Lua&#8221; e representa a a\u00e7\u00e3o de Kannon), passando a usar Jinsai para os textos relacionados ao Johrei e aos tratamentos m\u00e9dicos e Jikan para as obras de caligrafia feita a pincel. Os fi\u00e9is, que at\u00e9 ent\u00e3o O chamavam de Sensei (Mestre), passaram a cham\u00e1-Lo de Dai Sensei (Gr\u00e3o-Mestre).<\/p>\n<p class=\"style5\" align=\"justify\">Jikan significa o &#8221; pr\u00f3prio Kannon &#8221; (ji = jibun = pr\u00f3prio, Kan = Kanzeon). Ji \u00e9, na verdade, a pr\u00f3pria pessoa em si, e Kan \u00e9 contempla\u00e7\u00e3o. Portanto, &#8221; Jikan &#8221; significa introspec\u00e7\u00e3o, a auto-observa\u00e7\u00e3o interior, ou melhor, a observa\u00e7\u00e3o que o &#8220;eu&#8221; faz dos pr\u00f3prios estados internos.<\/p>\n<p class=\"style5\" align=\"justify\">Assim, Ele Se apresentou como Kanzeon Bossatsu.<\/p>\n<p align=\"justify\"><strong>Jinsai<\/strong><\/p>\n<p class=\"style5 style51\" style=\"text-align: justify;\">Jinsai era o nome que o Mestre usava para assinar os textos relativos ao Johrei, o principal foco de todas as atividades de Salva\u00e7\u00e3o pregadas por Ele.<\/p>\n<p class=\"style5\" style=\"text-align: justify;\" align=\"justify\">O nome, cujo significado \u00e9 &#8220;Miseric\u00f3rdia e pureza de cora\u00e7\u00e3o para adorar a Deus&#8221;, foi usado por Meishu-Sama de 1934 a 1936.<\/p>\n<p class=\"style5\" style=\"text-align: justify;\" align=\"justify\">Os textos sobre Johrei podem ser vistos na se\u00e7\u00e3o <a href=\"https:\/\/www.jinsai.org\/pt-BR\/ensinamentos\/johrei\/\">Johrei<\/a>, em <a href=\"https:\/\/www.jinsai.org\/pt-BR\/ensinamentos\/\">Ensinamentos<\/a>.<\/p>\n<p align=\"justify\"><strong>Akemaro<\/strong><\/p>\n<p align=\"justify\"><span style=\"color: #000000;\">&#8220;Akemaro, que utilizo como nome para compor as waka, etc, foi escolhido pelo seguinte: a data de nascimento do Pr\u00edncipe Herdeiro \u00e9 23 de dezembro de 1933, e o dia e m\u00eas s\u00e3o o mesmo do meu nascimento. Nunca me esquecerei, no dia 23 de dezembro de 1933, a incentivo dos membros, fiz a primeira comemora\u00e7\u00e3o do meu anivers\u00e1rio, desde que havia nascido. Assim, em comemora\u00e7\u00e3o ao nome do pr\u00edncipe que havia sido anunciado como Akihito, escolhi o nome de Akemaro.&#8221; <\/span><\/p>\n<p class=\"style53\"><strong><span style=\"color: #000000;\">Akegarassu<\/span><\/strong><\/p>\n<p class=\"style5 style51\" style=\"text-align: justify;\">Akegarassu era o nome que Meishu-Sama usava para a composi\u00e7\u00e3o de poemas kanku (poema derivado do haikai).<\/p>\n<p class=\"style5 style51\" style=\"text-align: justify;\">No kanku, tal como no haikai, os p\u00e9s m\u00e9tricos s\u00e3o dezessete, distribu\u00eddos em tr\u00eas versos, dos quais o primeiro e o terceiro s\u00e3o pentass\u00edlabos, e o segundo, heptass\u00edlabo. Trata-se de um jogo de palavras onde s\u00f3 \u00e9 determinado o primeiro verso, e as pessoas t\u00eam de completar os dois seguintes, para competir nas habilidades de agilidade mental e humor. Existe, ainda, o toku, no qual se determina o \u00faltimo verso. Oficialmente, esses dois tipos de poemas s\u00e3o denominados kantoku; entretanto, parece que, popularmente, quando se fala em kanku, subentendem-se as duas formas.<\/p>\n<p class=\"style5 style51\" style=\"text-align: justify;\">Por volta de 1923, quando o Mestre retornou \u00e0 Oomoto, essa Igreja desenvolvia uma intensa atividade liter\u00e1ria, como parte da Obra Divina. Em 1927, ela fundou a Editora Meiko e come\u00e7ou a publicar uma revista mensal de poesia waka e kanku, chamada Meiko. Imediatamente, o Mestre Akegarassu passou a enviar Seus poemas para essa revista. Eram composi\u00e7\u00f5es de conte\u00fados diversos: poemas religiosos que expressavam a busca de Deus, poemas que retratavam a natureza, poemas que cantavam os sentimentos humanos, e tamb\u00e9m poemas rom\u00e2nticos. Eles revelavam o cora\u00e7\u00e3o do Mestre, que, em todos os aspectos de Sua vida, nunca Se fixava em um s\u00f3 ponto.<\/p>\n<p class=\"style5 style51\" style=\"text-align: justify;\">Seguem-se alguns exemplos das composi\u00e7\u00f5es do Mestre Akegarassu:<\/p>\n<p class=\"style5 style51\" align=\"center\">\u201cGraciosa \u00e9 a andorinha<\/p>\n<p class=\"style5 style51\" align=\"center\">Que, determinando<\/p>\n<p class=\"style5 style51\" align=\"center\">O canto do telhado<\/p>\n<p class=\"style5 style51\" align=\"center\">Como sua eterna resid\u00eancia,<\/p>\n<p class=\"style5 style51\" align=\"center\">Vai e vem voando.\u201d<\/p>\n<p class=\"style5 style51\" align=\"center\">\u201cMeu amor tornou-se<\/p>\n<p class=\"style5 style51\" align=\"center\">Algo imposs\u00edvel,<\/p>\n<p class=\"style5 style51\" align=\"center\">E conversar com ela<\/p>\n<p class=\"style5 style51\" align=\"center\">\u00c9 um sonho raro.\u201d<\/p>\n<p class=\"style5 style51\" align=\"center\">\u201cChuva de ver\u00e3o<\/p>\n<p class=\"style5 style51\" align=\"center\">Que reanima pessoas,<\/p>\n<p class=\"style5 style51\" align=\"center\">Animais e outros seres<\/p>\n<p class=\"style5 style51\" align=\"center\">Abatidos pelo intenso<\/p>\n<p class=\"style5 style51\" align=\"center\">Calor do Sol.\u201d<\/p>\n<p><strong><span style=\"color: #000000;\">Shin-no-Sei<\/span><\/strong><\/p>\n<p class=\"style5 style51\" style=\"text-align: justify;\">Este era o nome utilizado pelo Grande Mestre para desenvolver Seu trabalho no m\u00e9todo agr\u00edcola sem fertilizantes.<\/p>\n<p class=\"style5 style51\" style=\"text-align: justify;\">J\u00e1 durante a Segunda Guerra Mundial, portanto, o Mestre havia criado o m\u00e9todo agr\u00edcola sem fertilizantes e estabelecido a t\u00e9cnica de cultivo, mas a divulga\u00e7\u00e3o efetiva desse m\u00e9todo s\u00f3 foi iniciada ap\u00f3s a guerra. Em dezembro de 1948, foi publicado o primeiro n\u00famero da revista <em>Tijyo Tengoku <\/em> e, nele, Meishu-Sama, sob o pseud\u00f4nimo de <em>Shin-no-Sei<\/em>, publicou pela primeira vez um artigo sobre o assunto, intitulado <em>O cultivo sem fertilizantes<\/em>. Mais tarde, publicou v\u00e1rias revistas que davam enfoque ao novo m\u00e9todo e empenhou-Se em divulg\u00e1-lo, de modo que ele se expandiu gradativamente por todo o pa\u00eds. A partir de outubro de 1950, foi definido o nome do m\u00e9todo:&nbsp; &#8220;<em>Agricultura Natural&#8221;,<\/em> ficando decidido desenvolver essa atividade separadamente das atividades religiosas. Nessa ocasi\u00e3o, o Mestre comp\u00f4s vinte e sete poemas com o tema &#8220;Man\u00e1 da Vida&#8221;. Citamos dois:<\/p>\n<p class=\"style5 style51\" style=\"text-align: center;\"><em>&#8220;Chegou a hora <\/em><\/p>\n<p class=\"style5 style51\" style=\"text-align: center;\"><em>De salvar os agricultores <\/em><\/p>\n<p class=\"style5 style51\" style=\"text-align: center;\"><em>Respeitados como grande tesouro <\/em><\/p>\n<p class=\"style5 style51\" style=\"text-align: center;\"><em>Desde os tempos antigos.&#8221; <\/em><\/p>\n<p class=\"style5 style51\" style=\"text-align: center;\"><em>&#8220;Que tolice pesquisar <\/em><\/p>\n<p class=\"style5 style51\" style=\"text-align: center;\"><em>O t\u00e3o profundo Mist\u00e9rio do solo <\/em><\/p>\n<p class=\"style5 style51\" style=\"text-align: center;\"><em>Atrav\u00e9s da t\u00e3o sup\u00e9rflua Ci\u00eancia!&#8221; <\/em><\/p>\n<p><strong><span style=\"color: #000000;\">Meishu<\/span><\/strong><\/p>\n<p class=\"style5 style51\" style=\"text-align: justify;\">At\u00e9 04 de fevereiro de 1950, o Mestre era chamado pelos Seus disc\u00edpulos de &#8220;Dai Sensei&#8221; (= Grande Mestre). A partir desta data, seguindo a orienta\u00e7\u00e3o divina, Ele mudou Seu nome para Meishu-Sama (O Senhor da Luz). <em>Mei<\/em> significa &#8220;Sol e Lua&#8221;, e <em>Shu <\/em>significa amo, dono, senhor.<\/p>\n<p class=\"style5 style51\" style=\"text-align: justify;\">Desta forma, a jun\u00e7\u00e3o de Sol e Lua (ou fogo e \u00e1gua) gera a Luz, refer\u00eancia ao poder por Ele possu\u00eddo pelo <em>Nyoi-no-Tama,<\/em> a Bola de Luz outorgada a Ele por Kanzeon Bossatsu.<\/p>\n<p><img loading=\"lazy\" decoding=\"async\" class=\"aligncenter wp-image-4882 size-large\" src=\"https:\/\/www.jinsai.org\/pt-BR\/wp-content\/uploads\/2019\/08\/MEI-page-001-798x1024.jpg\" alt=\"\" width=\"720\" height=\"924\" srcset=\"https:\/\/www.jinsai.org\/pt-BR\/wp-content\/uploads\/2019\/08\/MEI-page-001-798x1024.jpg 798w, https:\/\/www.jinsai.org\/pt-BR\/wp-content\/uploads\/2019\/08\/MEI-page-001-234x300.jpg 234w, https:\/\/www.jinsai.org\/pt-BR\/wp-content\/uploads\/2019\/08\/MEI-page-001-768x986.jpg 768w, https:\/\/www.jinsai.org\/pt-BR\/wp-content\/uploads\/2019\/08\/MEI-page-001.jpg 1296w\" sizes=\"auto, (max-width: 720px) 100vw, 720px\" \/><\/p>\n<p><strong>Messias<\/strong><\/p>\n<p class=\"style5 style51\" style=\"text-align: justify;\">No dia 5 de junho, os dirigentes de Igrejas e os principais ministros foram chamados ao Solar da Nuvem Esmeralda, em Atami, para uma breve entrevista com o Mestre Jinsai; era a primeira, desde o in\u00edcio de sua purifica\u00e7\u00e3o, em abril. Nessa ocasi\u00e3o, ele disse: &#8220;<em>Fala-se sobre a vinda do Messias, n\u00e3o? Pois o Messias* nasceu. N\u00e3o s\u00e3o apenas palavras; \u00e9 realidade mesmo. Eu pr\u00f3prio fiquei surpreso. E n\u00e3o se trata de renascer, mas de nascer novamente. \u00c9 esquisito nascer depois de velho, mas o mais interessante \u00e9 que minha pele ficou delicada como a pele de um beb\u00ea e, al\u00e9m disso, como podem constatar, surgiram-me estes cabelos pretos. Ao v\u00ea-los, o barbeiro disse que parecem cabelo de crian\u00e7a. Os fios brancos foram sumindo gradativamente e s\u00f3 nasciam fios pretos. (&#8230;) Esse Messias tem a posi\u00e7\u00e3o mais elevada na hierarquia do mundo. No Ocidente, ele \u00e9 considerado o Rei dos Reis. Assim, a minha vinda se reveste da maior import\u00e2ncia, pois, gra\u00e7as a ela, a humanidade ser\u00e1 salva.<\/em>&#8220;<\/p>\n<p class=\"style5 style51\" style=\"text-align: justify;\">Dez dias depois, ou seja, em 15 de junho de 1954, foi solenemente realizada no Templo Messi\u00e2nico, que estava noventa por cento pronto, a <a href=\"https:\/\/www.jinsai.org\/pt-BR\/mundo-belo\/imagens\/meishu-sama-img\/a-cerimonia-de-comemoracao-provisoria-da-vinda-do-messias\/\">Cerim\u00f4nia de Comemora\u00e7\u00e3o Provis\u00f3ria da Vinda do Messias<\/a>. Nesse dia, o estado do Mestre Jinsai n\u00e3o era bom, tendo ele subido ao Altar com muito custo, ajudado por terceiros. Como ficaram sabendo que poderiam encontr\u00e1-lo, depois de dois meses sem v\u00ea-lo, os fi\u00e9is ali se reuniram em n\u00famero superior a dez mil, provenientes de todo o pa\u00eds. Era a primeira vez que o Mestre aparecia em p\u00fablico desde o in\u00edcio de sua purifica\u00e7\u00e3o. Estava todo vestido de branco e fez uma sauda\u00e7\u00e3o bem simples. Nessa oportunidade, o Presidente da Igreja, Okussa Naoyoshi, comunicou aos presentes a delibera\u00e7\u00e3o de cham\u00e1-lo, dali em diante, pelo nome Meshia Sama (Messias) e n\u00e3o mais Meishu-Sama.<\/p>\n<p class=\"style5 style51\" style=\"text-align: justify;\">Ap\u00f3s dois meses de purifica\u00e7\u00e3o, o Mestre Jinsai sentira-se firmemente convicto de que era hora de mostrar abertamente a Verdade, ou seja, que ele viera ao mundo com a miss\u00e3o de salv\u00e1-lo. Achou que os fen\u00f4menos misteriosos representados pelas linhas que lhe apareceram na m\u00e3o e pela mudan\u00e7a observada em seu cabelo indicavam a chegada desse momento. Assim, nos dois meses que sucederam a Comemora\u00e7\u00e3o Provis\u00f3ria da Vinda do Messias, revelou a toda a sociedade o advento do Salvador do Mundo, apresentando-se ele pr\u00f3prio como sendo o Messias.<\/p>\n<p class=\"style5 style53\" style=\"text-align: justify;\">* Relacionando-se ao conceito crist\u00e3o e judaico de Fim do Mundo (semelhante ao conceito budista de Fim das Leis), surgir\u00e1 um Salvador que salvar\u00e1 o mundo e o far\u00e1 renascer. Esse Salvador \u00e9 chamado de Messias; no budismo, segundo se presume, corresponde a <em>Mirokubutsu. <\/em><\/p>\n<p>&nbsp;<\/p>\n<p><iframe style=\"overflow: hidden; width: 350px; height: 25px;\" src=\"http:\/\/www.facebook.com\/plugins\/like.php?href=https:\/\/www.jinsai.org\/pt-BR\/meishu-sama\/pseudonimos\/&amp;%0Alayout=standard&amp;show_faces=false&amp;width=380&amp;action=like&amp;colorscheme=light&amp;height=25\" frameborder=\"0\" scrolling=\"no\"><\/iframe><\/p>\n<div id=\"fb-root\"><\/div>\n<p><script src=\"http:\/\/connect.facebook.net\/pt_BR\/all.js#appId=APP_ID&amp;xfbml=1\"><\/script><fb:comments href=\"https:\/\/www.jinsai.org\/pt-BR\/meishu-sama\/pseudonimos\/\u201dnum_posts=\" 100\"=\"\" width=\"500\"><\/fb:comments><meta property=\"fb:app_id\" content=\"171964893011161\"><\/p>\n<div id=\"fb-root\"><\/div>\n<p><script>(function(d, s, id) {<br \/>\n  var js, fjs = d.getElementsByTagName(s)[0];<br \/>\n  if (d.getElementById(id)) return;<br \/>\n  js = d.createElement(s); js.id = id;<br \/>\n  js.src = 'https:\/\/connect.facebook.net\/pt_BR\/sdk.js#xfbml=1&version=v3.0&appId=171964893011161&autoLogAppEvents=1';<br \/>\n  fjs.parentNode.insertBefore(js, fjs);<br \/>\n}(document, 'script', 'facebook-jssdk'));<\/script><\/p>\n<div class=\"fb-share-button\" data-href=\"https:\/\/www.jinsai.org\/pt-BR\/meishu-sama\/pseudonimos\/\" data-layout=\"button_count\" data-size=\"large\" data-mobile-iframe=\"true\"><a class=\"fb-xfbml-parse-ignore\" href=\"https:\/\/www.facebook.com\/sharer\/sharer.php?u=http%3A%2F%2Fwww.jinsai.org%2Fpt-BR%2Fmeishu-sama%2Fpseudonimos%2F&amp;src=sdkpreparse\" target=\"_blank\" rel=\"noopener noreferrer\">Compartilhar<\/a><\/div>\n","protected":false},"excerpt":{"rendered":"<p>Durante Sua vida, Meishu-Sama adotou muitos pseud\u00f4nimos, de acordo com a ocasi\u00e3o de uso e a \u00e9poca. Jikan A partir de 1934, Meishu-Sama abandonou o Seu sinete Kiguetsu (que significa &#8220;Sol e Lua&#8221; e representa a a\u00e7\u00e3o de Kannon), passando a usar Jinsai para os textos relacionados ao Johrei e aos tratamentos m\u00e9dicos e Jikan [&hellip;]<\/p>\n","protected":false},"author":1,"featured_media":0,"parent":94,"menu_order":0,"comment_status":"open","ping_status":"closed","template":"","meta":{"footnotes":""},"class_list":["post-112","page","type-page","status-publish","hentry","post"],"_links":{"self":[{"href":"https:\/\/www.jinsai.org\/pt-BR\/wp-json\/wp\/v2\/pages\/112","targetHints":{"allow":["GET"]}}],"collection":[{"href":"https:\/\/www.jinsai.org\/pt-BR\/wp-json\/wp\/v2\/pages"}],"about":[{"href":"https:\/\/www.jinsai.org\/pt-BR\/wp-json\/wp\/v2\/types\/page"}],"author":[{"embeddable":true,"href":"https:\/\/www.jinsai.org\/pt-BR\/wp-json\/wp\/v2\/users\/1"}],"replies":[{"embeddable":true,"href":"https:\/\/www.jinsai.org\/pt-BR\/wp-json\/wp\/v2\/comments?post=112"}],"version-history":[{"count":12,"href":"https:\/\/www.jinsai.org\/pt-BR\/wp-json\/wp\/v2\/pages\/112\/revisions"}],"predecessor-version":[{"id":4883,"href":"https:\/\/www.jinsai.org\/pt-BR\/wp-json\/wp\/v2\/pages\/112\/revisions\/4883"}],"up":[{"embeddable":true,"href":"https:\/\/www.jinsai.org\/pt-BR\/wp-json\/wp\/v2\/pages\/94"}],"wp:attachment":[{"href":"https:\/\/www.jinsai.org\/pt-BR\/wp-json\/wp\/v2\/media?parent=112"}],"curies":[{"name":"wp","href":"https:\/\/api.w.org\/{rel}","templated":true}]}}