{"id":121,"date":"2018-06-02T07:52:12","date_gmt":"2018-06-02T10:52:12","guid":{"rendered":"http:\/\/www.jinsai.org\/pt-BR\/?page_id=121"},"modified":"2020-03-02T09:00:19","modified_gmt":"2020-03-02T12:00:19","slug":"johrei","status":"publish","type":"page","link":"https:\/\/www.jinsai.org\/pt-BR\/johrei\/","title":{"rendered":"Johrei"},"content":{"rendered":"<p style=\"text-align: justify;\">Johrei \u00e9 o nome dado ao ato de purifica\u00e7\u00e3o do esp\u00edrito (JOH = purificar, REI = esp\u00edrito), revelado por Deus a Meishu-Sama como m\u00e9todo de criar felicidade.<\/p>\n<p style=\"text-align: justify;\">O Johrei atua diretamente no esp\u00edrito, purificando suas m\u00e1culas e elevando a pessoa a uma vida livre de doen\u00e7as, pobreza e conflito. Pela Lei da Reg\u00eancia do Esp\u00edrito sobre o corpo, todos os atos ocorrem primeiro no esp\u00edrito e se refletem no corpo f\u00edsico. Dessa forma, eliminando-se as m\u00e1culas espirituais, o corpo f\u00edsico tamb\u00e9m \u00e9 purificado, e por isso \u00e9 poss\u00edvel ocorrer a cura das doen\u00e7as.<\/p>\n<p style=\"text-align: justify;\">Em sua ess\u00eancia, o Johrei se constitui em um raio de Luz Divina, irradiada atrav\u00e9s da palma da m\u00e3o do ministrante. A origem dessa Luz \u00e9 o esp\u00edrito divino de Miroku Ookami, que a transmitia diretamente \u00e0 Bola de Luz recebida por Meishu-Sama em vida, e desta para os Ohikaris (talism\u00e3s sagrados) confeccionados pelo pr\u00f3prio Meishu-Sama e outorgados a todos os fieis.<\/p>\n<p style=\"text-align: justify;\">Nas palavras de Meishu-Sama:<em> &#8220;Esta luz \u00e9 espiritual; portanto, \u00e9 normal n\u00e3o ser vista pelas pessoas, embora haja pessoas que conseguem v\u00ea-la. H\u00e1 casos em que a pessoa que recebe o Johrei pode sentir certo calor. Por\u00e9m, mesmo que n\u00e3o sinta nada ou n\u00e3o acredite, o Johrei surte efeito da mesma forma. Portanto, no come\u00e7o, mesmo n\u00e3o acreditando, n\u00e3o se deve dar import\u00e2ncia ao fato de receb\u00ea-lo como experi\u00eancia. Para essas pessoas, cedo ou tarde lhes surgir\u00e3o mudan\u00e7as no corpo. Isto \u00e9 a evid\u00eancia do efeito do Johrei.&#8221;<\/em><\/p>\n<p><img loading=\"lazy\" decoding=\"async\" class=\"size-full wp-image-1940 aligncenter\" src=\"https:\/\/www.jinsai.org\/pt-BR\/wp-content\/uploads\/2018\/07\/MeishuSama22.jpg\" alt=\"\" width=\"479\" height=\"400\" srcset=\"https:\/\/www.jinsai.org\/pt-BR\/wp-content\/uploads\/2018\/07\/MeishuSama22.jpg 479w, https:\/\/www.jinsai.org\/pt-BR\/wp-content\/uploads\/2018\/07\/MeishuSama22-300x251.jpg 300w\" sizes=\"auto, (max-width: 479px) 100vw, 479px\" \/><\/p>\n<p style=\"text-align: center;\">Meishu-Sama ministrando Johrei durante um encontro no Nikko-Den, em Hakone<\/p>\n<p style=\"text-align: justify;\"><strong>Evolu\u00e7\u00e3o do m\u00e9todo de Johrei <\/strong>(cortesia do site <a href=\"https:\/\/sonendeluz.com.br\/home-portugues\/johrei\/a-evolucao\/#\">Sonen de Luz<\/a>)<\/p>\n<ul>\n<li style=\"text-align: justify;\">30 de abril de 1929: <strong>M\u00e9todo com leque. <\/strong>Primeira caligrafia concedida ao Sr. Yamamura para a ministra\u00e7\u00e3o do Johrei. O &#8220;miteshiro&#8221; corresponde ao antigo &#8220;mitegurashiro&#8221; e significa &#8220;segurar as oferendas feitas a Deus&#8221;, ou simplesmente, &#8220;oferendas&#8221;. Entretanto, na Oomoto, a palavra era usada para designar algo que substitui a m\u00e3o. O &#8220;miteshiro&#8221; oferecido pelo Mestre Jinsai era um leque, em cuja parte frontal Ele escrevia palavras como estas: &#8220;Este leque purifica e salva todos os esp\u00edritos.&#8221;<\/li>\n<li style=\"text-align: justify;\">Junho de 1930: <strong>Massagem. <\/strong>O Tinkon (como era chamado o Johrei inicialmente) come\u00e7ava com a entoa\u00e7\u00e3o da ora\u00e7\u00e3o Amatsu Norito; em seguida, depois de uma rever\u00eancia com as m\u00e3os unidas, pressionava-se a regi\u00e3o enferma com os dedos, passava-se nela a palma da m\u00e3o e, por fim, soprava-se o local.<\/li>\n<li style=\"text-align: justify;\">1932: <strong>Palma da m\u00e3o erguida e kototama (esp\u00edrito das palavras).&nbsp;<\/strong>Estendia-se a palma da m\u00e3o em dire\u00e7\u00e3o da pessoa e entoava-se em sil\u00eancio, tr\u00eas vezes, a ora\u00e7\u00e3o da contagem dos n\u00fameros sagrados. Outra forma consistia em escrever-se no ar, com os pr\u00f3prios dedos, a certa dist\u00e2ncia da pessoa: &#8220;Que esse interior seja purificado&#8221;, e outras palavras desse g\u00eanero. \u00c0s vezes, utilizava-se, paralelamente, o poder do Esp\u00edrito da Palavra. Por exemplo: no caso de uma pessoa com dor de cabe\u00e7a, falava-se: &#8220;Dor de cabe\u00e7a, deixe esta criatura&#8221;, e dava-se um sopro. Al\u00e9m destes, empregava-se tamb\u00e9m o seguinte m\u00e9todo: depois de se fazer a prece com as m\u00e3os unidas, levantava-se a m\u00e3o em dire\u00e7\u00e3o da pessoa e, ao mesmo tempo, dava-se um sopro, que era a materializa\u00e7\u00e3o da a\u00e7\u00e3o do Deus da Purifica\u00e7\u00e3o, o qual exorciza e purifica os crimes e pecados.<\/li>\n<li style=\"text-align: justify;\">Maio de 1934: <strong>T\u00e9cnica da palma da m\u00e3o erguida em estado de serenidade.&nbsp;<\/strong>Estabelece a forma de ministra\u00e7\u00e3o de Johrei com a palma da m\u00e3o, tocando o corpo enfermo. Ainda era chamado de Tinkon.<\/li>\n<li style=\"text-align: justify;\">1937: <strong>Mudan\u00e7a de nome.<\/strong> A t\u00e9cnica mudou o nome de Tinkon para Tiryo (tratamento).<\/li>\n<li style=\"text-align: justify;\">Agosto de 1947: <strong>Outras mudan\u00e7as com a Kannon Nippon Kyodan.<\/strong> O m\u00e9todo muda de nome novamente e passa a se chamar Okiyome (purifica\u00e7\u00e3o). Apenas meses mais tarde o nome mudou para Johrei.<\/li>\n<li style=\"text-align: justify;\">1950: <strong>Johrei \u00e0 dist\u00e2ncia.<\/strong> O Johrei passou a ser ministrado a uma dist\u00e2ncia m\u00e9dia de 30 cm. Meishu-Sama pede para n\u00e3o colocar for\u00e7a humana no m\u00e9todo. &#8220;Por ordem divina, modificamos o m\u00e9todo de ministrar Johrei e, por esse motivo, eu gostaria que, a partir de hoje, todos procedessem conforme determinamos. Isso foi feito com base na grande mudan\u00e7a ocorrida no Mundo Espiritual. O m\u00e9todo utilizado at\u00e9 aqui englobava a parte espiritual e a parte material. Irradiando-se a luz espiritual pela palma da m\u00e3o, acrescentava-se um pouco de for\u00e7a. For\u00e7a \u00e9 mat\u00e9ria e, por isso, \u00e0 medida que esta se faz presente, o poder da Luz diminui (&#8230;). De agora em diante, a grande mudan\u00e7a vai se tornar mais evidente, de modo que \u00e9 indispens\u00e1vel tirar toda a for\u00e7a material, irradiando apenas a Luz espiritual. Explicando mais detalhadamente, a Luz espiritual de Deus, chega at\u00e9 o Ohikari de todos os fieis atrav\u00e9s do elo que os liga a mim, sendo irradiada, pela palma da m\u00e3o, para a parte afetada pela doen\u00e7a. Portanto, daqui para a frente, devem transmitir a Luz mantendo um estado de esp\u00edrito leve e descontra\u00eddo. &#8221; &#8211; Mudan\u00e7a no m\u00e9todo de Johrei, Jornal Eiko, n\u00ba 34.<\/li>\n<li style=\"text-align: justify;\">4 de fevereiro de 1952: <strong>Johrei coletivo.<\/strong> A partir do Culto do In\u00edcio da Primavera, Meishu-Sama passou a ministrar Johrei coletivo, alegando que a purifica\u00e7\u00e3o iria come\u00e7ar a ficar mais rigorosa.<\/li>\n<li style=\"text-align: justify;\">1954: <strong>Johrei atrav\u00e9s do Sonen.<\/strong> Ap\u00f3s nascer de novo como Messias, Meishu-Sama disse: &#8220;A partir de agora o Johrei \u00e9 algo secund\u00e1rio. O sonen vem em primeiro lugar, ent\u00e3o, aprendam a mentalizar.&#8221; De acordo com uma reminisc\u00eancia de um servidor, Meishu-Sama j\u00e1 teria ministrado Johrei atrav\u00e9s do sonen em um cozinheiro. Ele estava sofrendo de dores de cabe\u00e7a e pediu Johrei a Meishu-Sama, que ficou em um canto do c\u00f4modo fazendo seus afazeres sem (aparentemente) prestar aten\u00e7\u00e3o \u00e0 presen\u00e7a do servidor. Ent\u00e3o Meishu-Sama diz: &#8220;Pode ir embora&#8221;. Em seguida, o servidor percebe que est\u00e1 curado da dor de cabe\u00e7a.<\/li>\n<\/ul>\n<p>&nbsp;<br \/>\n<iframe src=\"http:\/\/www.facebook.com\/plugins\/like.php?href=  https:\/\/www.jinsai.org\/pt-BR\/johrei\/ &amp;%0Alayout=standard&amp;show_faces=false&amp;width=380&amp;action=like&amp;colorscheme=light&amp;height=25\" style=\"border: medium none ; ovew: hidden; width: 350px; height: 25px;\" allowtransparencyrflo=\"true\" scrolling=\"no\" frameborder=\"0\"><\/iframe><\/p>\n<div id=\"fb-root\"><\/div>\n<p><script src=\"http:\/\/connect.facebook.net\/pt_BR\/all.js#appId=APP_ID&amp;xfbml=1\"><\/script><fb:comments href=\"  https:\/\/www.jinsai.org\/pt-BR\/johrei\/\" num_posts=\"100\" width=\"500\"><\/fb:comments><meta property=\"fb:app_id\" content=\"171964893011161\"><\/p>\n<div id=\"fb-root\"><\/div>\n<p><script>(function(d, s, id) {<br \/>\n  var js, fjs = d.getElementsByTagName(s)[0];<br \/>\n  if (d.getElementById(id)) return;<br \/>\n  js = d.createElement(s); js.id = id;<br \/>\n  js.src = 'https:\/\/connect.facebook.net\/pt_BR\/sdk.js#xfbml=1&version=v3.0&appId=171964893011161&autoLogAppEvents=1';<br \/>\n  fjs.parentNode.insertBefore(js, fjs);<br \/>\n}(document, 'script', 'facebook-jssdk'));<\/script><\/p>\n<div class=\"fb-share-button\" data-href=\"  https:\/\/www.jinsai.org\/pt-BR\/johrei\/\" data-layout=\"button_count\" data-size=\"large\" data-mobile-iframe=\"true\"><a target=\"_blank\" href=\"https:\/\/www.facebook.com\/sharer\/sharer.php?u=http%3A%2F%   https:\/\/www.jinsai.org\/pt-BR\/johrei\/%2F&amp;src=sdkpreparse\" class=\"fb-xfbml-parse-ignore\" rel=\"noopener noreferrer\">Compartilhar<\/a><\/div>\n","protected":false},"excerpt":{"rendered":"<p>Johrei \u00e9 o nome dado ao ato de purifica\u00e7\u00e3o do esp\u00edrito (JOH = purificar, REI = esp\u00edrito), revelado por Deus a Meishu-Sama como m\u00e9todo de criar felicidade. O Johrei atua diretamente no esp\u00edrito, purificando suas m\u00e1culas e elevando a pessoa a uma vida livre de doen\u00e7as, pobreza e conflito. Pela Lei da Reg\u00eancia do Esp\u00edrito [&hellip;]<\/p>\n","protected":false},"author":1,"featured_media":0,"parent":0,"menu_order":0,"comment_status":"open","ping_status":"closed","template":"","meta":{"footnotes":""},"class_list":["post-121","page","type-page","status-publish","hentry","post"],"_links":{"self":[{"href":"https:\/\/www.jinsai.org\/pt-BR\/wp-json\/wp\/v2\/pages\/121","targetHints":{"allow":["GET"]}}],"collection":[{"href":"https:\/\/www.jinsai.org\/pt-BR\/wp-json\/wp\/v2\/pages"}],"about":[{"href":"https:\/\/www.jinsai.org\/pt-BR\/wp-json\/wp\/v2\/types\/page"}],"author":[{"embeddable":true,"href":"https:\/\/www.jinsai.org\/pt-BR\/wp-json\/wp\/v2\/users\/1"}],"replies":[{"embeddable":true,"href":"https:\/\/www.jinsai.org\/pt-BR\/wp-json\/wp\/v2\/comments?post=121"}],"version-history":[{"count":19,"href":"https:\/\/www.jinsai.org\/pt-BR\/wp-json\/wp\/v2\/pages\/121\/revisions"}],"predecessor-version":[{"id":6014,"href":"https:\/\/www.jinsai.org\/pt-BR\/wp-json\/wp\/v2\/pages\/121\/revisions\/6014"}],"wp:attachment":[{"href":"https:\/\/www.jinsai.org\/pt-BR\/wp-json\/wp\/v2\/media?parent=121"}],"curies":[{"name":"wp","href":"https:\/\/api.w.org\/{rel}","templated":true}]}}