{"id":2225,"date":"2018-07-03T16:07:13","date_gmt":"2018-07-03T19:07:13","guid":{"rendered":"http:\/\/www.jinsai.org\/pt-BR\/?page_id=2225"},"modified":"2022-06-29T12:07:02","modified_gmt":"2022-06-29T15:07:02","slug":"ensinamentos","status":"publish","type":"page","link":"https:\/\/www.jinsai.org\/pt-BR\/ensinamentos\/","title":{"rendered":"Ensinamentos"},"content":{"rendered":"<div id=\"pl-2225\"  class=\"panel-layout\" ><div id=\"pg-2225-0\"  class=\"panel-grid panel-no-style\" ><div id=\"pgc-2225-0-0\"  class=\"panel-grid-cell\" ><div id=\"panel-2225-0-0-0\" class=\"so-panel widget_sow-editor panel-first-child panel-last-child\" data-index=\"0\" ><div\n\t\t\t\n\t\t\tclass=\"so-widget-sow-editor so-widget-sow-editor-base\"\n\t\t\t\n\t\t>\n<div class=\"siteorigin-widget-tinymce textwidget\">\n\t<p class=\"style3\" style=\"text-align: justify;\"><span style=\"color: #000000;\">\"O Johrei age de fora, e a leitura dos Ensinamentos atinge, diretamente, a alma. Parece que a alma n\u00e3o \u00e9 nada, mas as m\u00e1culas exercem grande influ\u00eancia sobre ela. Mediante a influ\u00eancia externa, ela fica reduzida, deste para este tamanho - diz-se que a alma est\u00e1 adormecida ou anuviada. Lendo os Ensinamentos, ela despertar\u00e1 instantaneamente, e as m\u00e1culas ir\u00e3o se dissipando a partir do centro. No tocante \u00e0 alma, o seu centro \u00e9 absolutamente puro. Os homens maus, tamb\u00e9m, em algumas circunst\u00e2ncias, podem despertar ou, na hora decisiva, praticar o bem, e o \u00e2mago da natureza do homem - g\u00eanio bom ou g\u00eanio mau - \u00e9 puro. Apenas o seu exterior, a sua periferia \u00e9 que diversifica; portanto, de acordo com isso, a alma cresce ou diminui de tamanho. A express\u00e3o Mitama no Fuyu (multiplicar a alma) significa o crescimento da alma.\"<\/span><\/p>\n<p style=\"text-align: right;\"><span style=\"color: #000000;\">Registro de Orienta\u00e7\u00f5es - <\/span><span style=\"color: #000000;\">8 de setembro de 1951 <\/span><\/p>\n<p><img loading=\"lazy\" decoding=\"async\" class=\"wp-image-2241 aligncenter\" src=\"http:\/\/www.jinsai.org\/pt-BR\/wp-content\/uploads\/2018\/07\/ensinamentos.jpg\" alt=\"\" width=\"700\" height=\"403\" srcset=\"https:\/\/www.jinsai.org\/pt-BR\/wp-content\/uploads\/2018\/07\/ensinamentos.jpg 947w, https:\/\/www.jinsai.org\/pt-BR\/wp-content\/uploads\/2018\/07\/ensinamentos-300x173.jpg 300w, https:\/\/www.jinsai.org\/pt-BR\/wp-content\/uploads\/2018\/07\/ensinamentos-768x443.jpg 768w\" sizes=\"auto, (max-width: 700px) 100vw, 700px\" \/><\/p>\n<p style=\"text-align: center;\">Algumas publica\u00e7\u00f5es da \u00e9poca de Meishu-Sama<\/p>\n<p style=\"text-align: center;\"><a href=\"http:\/\/www.jinsai.org\/pt-BR\/wp-content\/uploads\/2018\/07\/indice_publicacoes.pdf\">\u00cdndice das publica\u00e7\u00f5es da \u00e9poca de Meishu-Sama<\/a><\/p>\n<\/div>\n<\/div><\/div><\/div><\/div><div id=\"pg-2225-1\"  class=\"panel-grid panel-no-style\" ><div id=\"pgc-2225-1-0\"  class=\"panel-grid-cell\" ><div id=\"panel-2225-1-0-0\" class=\"so-panel widget_circleicon-widget panel-first-child panel-last-child\" data-index=\"1\" >\t\t<div class=\"circle-icon-box circle-icon-position-top circle-icon-hide-box circle-icon-size-large\">\n\t\t\t<div class=\"circle-icon-wrapper\">\n\t\t\t\t<a href=\"http:\/\/www.jinsai.org\/pt-BR\/category\/ensinamentos\/religiao\/\" class=\"link-icon\" >\t\t\t\t<div class=\"circle-icon icon-style-set\" style=\"background-image: url(http:\/\/4.bp.blogspot.com\/-Tk9oL2nUjvw\/Tb7xQMjG0BI\/AAAAAAAAABM\/Haw6zmM4A2Q\/s1600\/OgAAAN9pn6T4Htp5dk2pHcgLBTF4ub26eWSupqUIXEHEQg4Klb_Dr2HDIEv8KrASFUjeCndFRVQwN4YilWxwlckAkUIAm1T1UDj4hzLZCnjzvrIa-VKi--6SOZ0p.jpg)\">\n\t\t\t\t\t\t\t\t\t<\/div>\n\t\t\t\t<\/a>\t\t\t<\/div>\n\n\t\t\t<a href=\"http:\/\/www.jinsai.org\/pt-BR\/category\/ensinamentos\/religiao\/\" class=\"link-title\" >\t\t\t\t\t\t<h4 >Religi\u00e3o<\/h4>\t\t\t<\/a>\n\t\t\t\t\t\t\t\t\t\t<a href=\"http:\/\/www.jinsai.org\/pt-BR\/category\/ensinamentos\/religiao\/\" class=\"more-button\" >More Info <i><\/i><\/a>\n\t\t\t\t\t<\/div>\n\t\t<\/div><\/div><div id=\"pgc-2225-1-1\"  class=\"panel-grid-cell\" ><div id=\"panel-2225-1-1-0\" class=\"so-panel widget_circleicon-widget panel-first-child panel-last-child\" data-index=\"2\" >\t\t<div class=\"circle-icon-box circle-icon-position-top circle-icon-hide-box circle-icon-size-large\">\n\t\t\t<div class=\"circle-icon-wrapper\">\n\t\t\t\t<a href=\"http:\/\/www.jinsai.org\/pt-BR\/category\/ensinamentos\/johrei\/\" class=\"link-icon\" >\t\t\t\t<div class=\"circle-icon icon-style-set\" style=\"background-image: url(https:\/\/i.pinimg.com\/originals\/5d\/11\/9a\/5d119adc0e8300a7d1877ca39a822437.jpg)\">\n\t\t\t\t\t\t\t\t\t<\/div>\n\t\t\t\t<\/a>\t\t\t<\/div>\n\n\t\t\t<a href=\"http:\/\/www.jinsai.org\/pt-BR\/category\/ensinamentos\/johrei\/\" class=\"link-title\" >\t\t\t\t\t\t<h4 >Johrei<\/h4>\t\t\t<\/a>\n\t\t\t\t\t\t\t\t\t\t<a href=\"http:\/\/www.jinsai.org\/pt-BR\/category\/ensinamentos\/johrei\/\" class=\"more-button\" >More Info <i><\/i><\/a>\n\t\t\t\t\t<\/div>\n\t\t<\/div><\/div><div id=\"pgc-2225-1-2\"  class=\"panel-grid-cell\" ><div id=\"panel-2225-1-2-0\" class=\"so-panel widget_circleicon-widget panel-first-child panel-last-child\" data-index=\"3\" >\t\t<div class=\"circle-icon-box circle-icon-position-top circle-icon-hide-box circle-icon-size-large\">\n\t\t\t<div class=\"circle-icon-wrapper\">\n\t\t\t\t<a href=\"http:\/\/www.jinsai.org\/pt-BR\/category\/ensinamentos\/sociedade\/\" class=\"link-icon\" >\t\t\t\t<div class=\"circle-icon icon-style-set\" style=\"background-image: url(https:\/\/marcusmarques.com.br\/wp-content\/uploads\/2019\/05\/sociedade-coletiva.jpg)\">\n\t\t\t\t\t\t\t\t\t<\/div>\n\t\t\t\t<\/a>\t\t\t<\/div>\n\n\t\t\t<a href=\"http:\/\/www.jinsai.org\/pt-BR\/category\/ensinamentos\/sociedade\/\" class=\"link-title\" >\t\t\t\t\t\t<h4 >Sociedade<\/h4>\t\t\t<\/a>\n\t\t\t\t\t\t\t\t\t\t<a href=\"http:\/\/www.jinsai.org\/pt-BR\/category\/ensinamentos\/sociedade\/\" class=\"more-button\" >More Info <i><\/i><\/a>\n\t\t\t\t\t<\/div>\n\t\t<\/div><\/div><\/div><div id=\"pg-2225-2\"  class=\"panel-grid panel-no-style\" ><div id=\"pgc-2225-2-0\"  class=\"panel-grid-cell\" ><div id=\"panel-2225-2-0-0\" class=\"so-panel widget_circleicon-widget panel-first-child panel-last-child\" data-index=\"4\" >\t\t<div class=\"circle-icon-box circle-icon-position-top circle-icon-hide-box circle-icon-size-large\">\n\t\t\t<div class=\"circle-icon-wrapper\">\n\t\t\t\t<a href=\"http:\/\/www.jinsai.org\/pt-BR\/category\/ensinamentos\/arte\/\" class=\"link-icon\" >\t\t\t\t<div class=\"circle-icon icon-style-set\" style=\"background-image: url(https:\/\/encrypted-tbn0.gstatic.com\/images?q=tbn:ANd9GcRyndVrUd5RwlWqAHTMfJQNZwoyrbaed8zjPkbxIqOos_32iPWX)\">\n\t\t\t\t\t\t\t\t\t<\/div>\n\t\t\t\t<\/a>\t\t\t<\/div>\n\n\t\t\t<a href=\"http:\/\/www.jinsai.org\/pt-BR\/category\/ensinamentos\/arte\/\" class=\"link-title\" >\t\t\t\t\t\t<h4 >Arte<\/h4>\t\t\t<\/a>\n\t\t\t\t\t\t\t\t\t\t<a href=\"http:\/\/www.jinsai.org\/pt-BR\/category\/ensinamentos\/arte\/\" class=\"more-button\" >More Info <i><\/i><\/a>\n\t\t\t\t\t<\/div>\n\t\t<\/div><\/div><div id=\"pgc-2225-2-1\"  class=\"panel-grid-cell\" ><div id=\"panel-2225-2-1-0\" class=\"so-panel widget_circleicon-widget panel-first-child panel-last-child\" data-index=\"5\" >\t\t<div class=\"circle-icon-box circle-icon-position-top circle-icon-hide-box circle-icon-size-large\">\n\t\t\t<div class=\"circle-icon-wrapper\">\n\t\t\t\t<a href=\"http:\/\/www.jinsai.org\/pt-BR\/category\/ensinamentos\/agricultura\/\" class=\"link-icon\" >\t\t\t\t<div class=\"circle-icon icon-style-set\" style=\"background-image: url(http:\/\/paineira.usp.br\/bios\/wp-content\/uploads\/2013\/02\/shutterstock_561807071.jpg)\">\n\t\t\t\t\t\t\t\t\t<\/div>\n\t\t\t\t<\/a>\t\t\t<\/div>\n\n\t\t\t<a href=\"http:\/\/www.jinsai.org\/pt-BR\/category\/ensinamentos\/agricultura\/\" class=\"link-title\" >\t\t\t\t\t\t<h4 >Agricultura<\/h4>\t\t\t<\/a>\n\t\t\t\t\t\t\t\t\t\t<a href=\"http:\/\/www.jinsai.org\/pt-BR\/category\/ensinamentos\/agricultura\/\" class=\"more-button\" >More Info <i><\/i><\/a>\n\t\t\t\t\t<\/div>\n\t\t<\/div><\/div><div id=\"pgc-2225-2-2\"  class=\"panel-grid-cell\" ><div id=\"panel-2225-2-2-0\" class=\"so-panel widget_circleicon-widget panel-first-child panel-last-child\" data-index=\"6\" >\t\t<div class=\"circle-icon-box circle-icon-position-top circle-icon-hide-box circle-icon-size-large\">\n\t\t\t<div class=\"circle-icon-wrapper\">\n\t\t\t\t<a href=\"http:\/\/www.jinsai.org\/pt-BR\/category\/ensinamentos\/coletaneas\/\" class=\"link-icon\" >\t\t\t\t<div class=\"circle-icon icon-style-set\" style=\"background-image: url(https:\/\/www.coisasdeboteco.com.br\/tmbs\/700_500_Adesivo_para_porta___Biblioteca__3282_1.jpg)\">\n\t\t\t\t\t\t\t\t\t<\/div>\n\t\t\t\t<\/a>\t\t\t<\/div>\n\n\t\t\t<a href=\"http:\/\/www.jinsai.org\/pt-BR\/category\/ensinamentos\/coletaneas\/\" class=\"link-title\" >\t\t\t\t\t\t<h4 >Colet\u00e2neas<\/h4>\t\t\t<\/a>\n\t\t\t\t\t\t\t\t\t\t<a href=\"http:\/\/www.jinsai.org\/pt-BR\/category\/ensinamentos\/coletaneas\/\" class=\"more-button\" >More Info <i><\/i><\/a>\n\t\t\t\t\t<\/div>\n\t\t<\/div><\/div><\/div><div id=\"pg-2225-3\"  class=\"panel-grid panel-no-style\" ><div id=\"pgc-2225-3-0\"  class=\"panel-grid-cell\" ><div id=\"panel-2225-3-0-0\" class=\"so-panel widget_circleicon-widget panel-first-child panel-last-child\" data-index=\"7\" >\t\t<div class=\"circle-icon-box circle-icon-position-top circle-icon-hide-box circle-icon-size-large\">\n\t\t\t<div class=\"circle-icon-wrapper\">\n\t\t\t\t<a href=\"http:\/\/www.jinsai.org\/pt-BR\/category\/ensinamentos\/curiosidades\/\" class=\"link-icon\" >\t\t\t\t<div class=\"circle-icon icon-style-set\" style=\"background-image: url(https:\/\/i.pinimg.com\/originals\/80\/98\/25\/809825525d6c30796fd506503d0f99a1.jpg)\">\n\t\t\t\t\t\t\t\t\t<\/div>\n\t\t\t\t<\/a>\t\t\t<\/div>\n\n\t\t\t<a href=\"http:\/\/www.jinsai.org\/pt-BR\/category\/ensinamentos\/curiosidades\/\" class=\"link-title\" >\t\t\t\t\t\t<h4 >Curiosidades<\/h4>\t\t\t<\/a>\n\t\t\t\t\t\t\t\t\t\t<a href=\"http:\/\/www.jinsai.org\/pt-BR\/category\/ensinamentos\/curiosidades\/\" class=\"more-button\" >More Info <i><\/i><\/a>\n\t\t\t\t\t<\/div>\n\t\t<\/div><\/div><div id=\"pgc-2225-3-1\"  class=\"panel-grid-cell\" ><div id=\"panel-2225-3-1-0\" class=\"so-panel widget_circleicon-widget panel-first-child panel-last-child\" data-index=\"8\" >\t\t<div class=\"circle-icon-box circle-icon-position-top circle-icon-hide-box circle-icon-size-large\">\n\t\t\t<div class=\"circle-icon-wrapper\">\n\t\t\t\t<a href=\"http:\/\/www.jinsai.org\/pt-BR\/ensinamentos\/criacao-da-civilizacao\/\" class=\"link-icon\" >\t\t\t\t<div class=\"circle-icon icon-style-set\" style=\"background-image: url(https:\/\/media.gqindia.com\/wp-content\/uploads\/2017\/07\/Hyperloop-Hotel-travel_01-348x348.jpg)\">\n\t\t\t\t\t\t\t\t\t<\/div>\n\t\t\t\t<\/a>\t\t\t<\/div>\n\n\t\t\t<a href=\"http:\/\/www.jinsai.org\/pt-BR\/ensinamentos\/criacao-da-civilizacao\/\" class=\"link-title\" >\t\t\t\t\t\t<h4 >Cria\u00e7\u00e3o da Civiliza\u00e7\u00e3o<\/h4>\t\t\t<\/a>\n\t\t\t\t\t\t\t\t\t\t<a href=\"http:\/\/www.jinsai.org\/pt-BR\/ensinamentos\/criacao-da-civilizacao\/\" class=\"more-button\" >More Info <i><\/i><\/a>\n\t\t\t\t\t<\/div>\n\t\t<\/div><\/div><div id=\"pgc-2225-3-2\"  class=\"panel-grid-cell\" ><div id=\"panel-2225-3-2-0\" class=\"so-panel widget_circleicon-widget panel-first-child panel-last-child\" data-index=\"9\" >\t\t<div class=\"circle-icon-box circle-icon-position-top circle-icon-hide-box circle-icon-size-large\">\n\t\t\t<div class=\"circle-icon-wrapper\">\n\t\t\t\t<a href=\"http:\/\/www.jinsai.org\/pt-BR\/ensinamentos\/a-formacao-espiritual-do-povo-japones\/\" class=\"link-icon\" >\t\t\t\t<div class=\"circle-icon icon-style-set\" style=\"background-image: url(https:\/\/i1.wp.com\/mundo-nipo.com\/wp-content\/uploads\/2015\/03\/Deuses-Izanagi-e-Izanami-por-Nishikawa-Sukenobu-Periodo-edo-Foto-Creative-Commons.jpg?resize=810%2C540&#038;ssl=1)\">\n\t\t\t\t\t\t\t\t\t<\/div>\n\t\t\t\t<\/a>\t\t\t<\/div>\n\n\t\t\t<a href=\"http:\/\/www.jinsai.org\/pt-BR\/ensinamentos\/a-formacao-espiritual-do-povo-japones\/\" class=\"link-title\" >\t\t\t\t\t\t<h4 >A Forma\u00e7\u00e3o Espiritual do Povo Japon\u00eas<\/h4>\t\t\t<\/a>\n\t\t\t\t\t\t\t\t\t\t<a href=\"http:\/\/www.jinsai.org\/pt-BR\/ensinamentos\/a-formacao-espiritual-do-povo-japones\/\" class=\"more-button\" >More Info <i><\/i><\/a>\n\t\t\t\t\t<\/div>\n\t\t<\/div><\/div><\/div><div id=\"pg-2225-4\"  class=\"panel-grid panel-no-style\" ><div id=\"pgc-2225-4-0\"  class=\"panel-grid-cell\" ><div id=\"panel-2225-4-0-0\" class=\"so-panel widget_circleicon-widget panel-first-child panel-last-child\" data-index=\"10\" >\t\t<div class=\"circle-icon-box circle-icon-position-top circle-icon-hide-box circle-icon-size-large\">\n\t\t\t<div class=\"circle-icon-wrapper\">\n\t\t\t\t<a href=\"http:\/\/www.jinsai.org\/pt-BR\/ensinamentos\/um-guia-para-a-sekai-meshiya-kyo\/\" class=\"link-icon\" >\t\t\t\t<div class=\"circle-icon icon-style-set\" style=\"background-image: url(https:\/\/segredosdomundo.r7.com\/wp-content\/uploads\/2019\/04\/jardim-do-eden-onde-fica-e-curiosidades-sobre-o-local-biblico-1.jpg)\">\n\t\t\t\t\t\t\t\t\t<\/div>\n\t\t\t\t<\/a>\t\t\t<\/div>\n\n\t\t\t<a href=\"http:\/\/www.jinsai.org\/pt-BR\/ensinamentos\/um-guia-para-a-sekai-meshiya-kyo\/\" class=\"link-title\" >\t\t\t\t\t\t<h4 >Um Guia para a Sekai Meshiya Kyo<\/h4>\t\t\t<\/a>\n\t\t\t\t\t\t\t\t\t\t<a href=\"http:\/\/www.jinsai.org\/pt-BR\/ensinamentos\/um-guia-para-a-sekai-meshiya-kyo\/\" class=\"more-button\" >More Info <i><\/i><\/a>\n\t\t\t\t\t<\/div>\n\t\t<\/div><\/div><div id=\"pgc-2225-4-1\"  class=\"panel-grid-cell\" ><div id=\"panel-2225-4-1-0\" class=\"so-panel widget_circleicon-widget panel-first-child panel-last-child\" data-index=\"11\" >\t\t<div class=\"circle-icon-box circle-icon-position-top circle-icon-hide-box circle-icon-size-large\">\n\t\t\t<div class=\"circle-icon-wrapper\">\n\t\t\t\t<a href=\"http:\/\/www.jinsai.org\/pt-BR\/ensinamentos\/alimentacao-e-nutricao\" class=\"link-icon\" >\t\t\t\t<div class=\"circle-icon icon-style-set\" style=\"background-image: url(https:\/\/media-manager.noticiasaominuto.com.br\/1920\/naom_5af2e991b2e6c.jpg)\">\n\t\t\t\t\t\t\t\t\t<\/div>\n\t\t\t\t<\/a>\t\t\t<\/div>\n\n\t\t\t<a href=\"http:\/\/www.jinsai.org\/pt-BR\/ensinamentos\/alimentacao-e-nutricao\" class=\"link-title\" >\t\t\t\t\t\t<h4 >Alimenta\u00e7\u00e3o e Nutri\u00e7\u00e3o<\/h4>\t\t\t<\/a>\n\t\t\t\t\t\t\t\t\t\t<a href=\"http:\/\/www.jinsai.org\/pt-BR\/ensinamentos\/alimentacao-e-nutricao\" class=\"more-button\" >More Info <i><\/i><\/a>\n\t\t\t\t\t<\/div>\n\t\t<\/div><\/div><\/div><div id=\"pg-2225-5\"  class=\"panel-grid panel-no-style\" ><div id=\"pgc-2225-5-0\"  class=\"panel-grid-cell\" ><div id=\"panel-2225-5-0-0\" class=\"widget_text so-panel widget_custom_html panel-first-child panel-last-child\" data-index=\"12\" ><div class=\"textwidget custom-html-widget\"><iframe src=\"http:\/\/www.facebook.com\/plugins\/like.php?href=http:\/\/www.jinsai.org\/pt-BR\/ensinamentos\/&%0Alayout=standard&show_faces=false&width=380&action=like&colorscheme=light&height=25\" style=\"border: medium none ; overflow: hidden; width: 350px; height: 25px;\" allowtransparency=\"true\" frameborder=\"0\" scrolling=\"no\"><\/iframe>\n\n<div id=\"fb-root\"><\/div><script src=\"http:\/\/connect.facebook.net\/pt_BR\/all.js#appId=APP_ID&amp;xfbml=1\"><\/script><fb:comments href=\"http:\/\/www.jinsai.org\/pt-BR\/ensinamentos\/\" num_posts=\"100\" width=\"500\"><\/fb:comments><meta property='fb:app_id' content='171964893011161'\/> \n\n<div id=\"fb-root\"><\/div>\n<script>(function(d, s, id) {\n  var js, fjs = d.getElementsByTagName(s)[0];\n  if (d.getElementById(id)) return;\n  js = d.createElement(s); js.id = id;\n  js.src = 'https:\/\/connect.facebook.net\/pt_BR\/sdk.js#xfbml=1&version=v3.0&appId=171964893011161&autoLogAppEvents=1';\n  fjs.parentNode.insertBefore(js, fjs);\n}(document, 'script', 'facebook-jssdk'));<\/script>\n<div class=\"fb-share-button\" data-href=\"http:\/\/www.jinsai.org\/pt-BR\/ensinamentos\/\" data-layout=\"button_count\" data-size=\"large\" data-mobile-iframe=\"true\"><a target=\"_blank\" href=\"https:\/\/www.facebook.com\/sharer\/sharer.php?u=http%3A%2F%2Fwww.jinsai.org%2Fpt-BR%2Fensinamentos%2F&amp;src=sdkpreparse\" class=\"fb-xfbml-parse-ignore\">Compartilhar<\/a><\/div>\n<\/div><\/div><\/div><\/div><\/div>","protected":false},"excerpt":{"rendered":"<p>&#8220;O Johrei age de fora, e a leitura dos Ensinamentos atinge, diretamente, a alma. Parece que a alma n\u00e3o \u00e9 nada, mas as m\u00e1culas exercem grande influ\u00eancia sobre ela. Mediante a influ\u00eancia externa, ela fica reduzida, deste para este tamanho &#8211; diz-se que a alma est\u00e1 adormecida ou anuviada. Lendo os Ensinamentos, ela despertar\u00e1 instantaneamente, [&hellip;]<\/p>\n","protected":false},"author":1,"featured_media":0,"parent":0,"menu_order":0,"comment_status":"open","ping_status":"closed","template":"templates\/template-full.php","meta":{"footnotes":""},"class_list":["post-2225","page","type-page","status-publish","hentry","post"],"_links":{"self":[{"href":"https:\/\/www.jinsai.org\/pt-BR\/wp-json\/wp\/v2\/pages\/2225","targetHints":{"allow":["GET"]}}],"collection":[{"href":"https:\/\/www.jinsai.org\/pt-BR\/wp-json\/wp\/v2\/pages"}],"about":[{"href":"https:\/\/www.jinsai.org\/pt-BR\/wp-json\/wp\/v2\/types\/page"}],"author":[{"embeddable":true,"href":"https:\/\/www.jinsai.org\/pt-BR\/wp-json\/wp\/v2\/users\/1"}],"replies":[{"embeddable":true,"href":"https:\/\/www.jinsai.org\/pt-BR\/wp-json\/wp\/v2\/comments?post=2225"}],"version-history":[{"count":54,"href":"https:\/\/www.jinsai.org\/pt-BR\/wp-json\/wp\/v2\/pages\/2225\/revisions"}],"predecessor-version":[{"id":11034,"href":"https:\/\/www.jinsai.org\/pt-BR\/wp-json\/wp\/v2\/pages\/2225\/revisions\/11034"}],"wp:attachment":[{"href":"https:\/\/www.jinsai.org\/pt-BR\/wp-json\/wp\/v2\/media?parent=2225"}],"curies":[{"name":"wp","href":"https:\/\/api.w.org\/{rel}","templated":true}]}}