{"id":23,"date":"2018-05-21T21:32:01","date_gmt":"2018-05-22T00:32:01","guid":{"rendered":"http:\/\/www.jinsai.org\/pt-BR\/pagina-inicial\/"},"modified":"2024-12-23T08:49:42","modified_gmt":"2024-12-23T11:49:42","slug":"pagina-inicial","status":"publish","type":"page","link":"https:\/\/www.jinsai.org\/pt-BR\/","title":{"rendered":"Home"},"content":{"rendered":"<div id=\"pl-23\"  class=\"panel-layout\" ><div id=\"pg-23-0\"  class=\"panel-grid panel-no-style\" ><div id=\"pgc-23-0-0\"  class=\"panel-grid-cell\" ><div id=\"panel-23-0-0-0\" class=\"widget_text so-panel widget_custom_html panel-first-child panel-last-child\" data-index=\"0\" ><div class=\"textwidget custom-html-widget\"><hr \/>\n<h2 style=\"text-align: center;\">\n\t<strong>Vida e Obra do Mestre Jinsai (Meishu-Sama), construtor da Nova Civiliza\u00e7\u00e3o<\/strong>\n<\/h2>\n<hr \/><\/div><\/div><\/div><\/div><div id=\"pg-23-1\"  class=\"panel-grid panel-has-style\" ><div class=\"siteorigin-panels-stretch panel-row-style-full-width panel-row-style panel-row-style-for-23-1\" data-stretch-type=\"full\" ><div id=\"pgc-23-1-0\"  class=\"panel-grid-cell\" ><div id=\"panel-23-1-0-0\" class=\"so-panel widget_media_image panel-first-child panel-last-child\" data-index=\"1\" ><div class=\"panel-widget-style panel-widget-style-for-23-1-0-0\" ><img loading=\"lazy\" decoding=\"async\" width=\"247\" height=\"300\" src=\"https:\/\/www.jinsai.org\/pt-BR\/wp-content\/uploads\/2023\/12\/WhatsApp-Image-2023-12-23-at-18.59.34-247x300.jpeg\" class=\"image wp-image-11499  attachment-medium size-medium\" alt=\"\" style=\"max-width: 100%; height: auto;\" srcset=\"https:\/\/www.jinsai.org\/pt-BR\/wp-content\/uploads\/2023\/12\/WhatsApp-Image-2023-12-23-at-18.59.34-247x300.jpeg 247w, https:\/\/www.jinsai.org\/pt-BR\/wp-content\/uploads\/2023\/12\/WhatsApp-Image-2023-12-23-at-18.59.34-843x1024.jpeg 843w, https:\/\/www.jinsai.org\/pt-BR\/wp-content\/uploads\/2023\/12\/WhatsApp-Image-2023-12-23-at-18.59.34-150x182.jpeg 150w, https:\/\/www.jinsai.org\/pt-BR\/wp-content\/uploads\/2023\/12\/WhatsApp-Image-2023-12-23-at-18.59.34-768x932.jpeg 768w, https:\/\/www.jinsai.org\/pt-BR\/wp-content\/uploads\/2023\/12\/WhatsApp-Image-2023-12-23-at-18.59.34.jpeg 911w\" sizes=\"auto, (max-width: 247px) 100vw, 247px\" \/><\/div><\/div><\/div><\/div><\/div><div id=\"pg-23-2\"  class=\"panel-grid panel-has-style\" ><div class=\"row-1 panel-row-style panel-row-style-for-23-2\" ><div id=\"pgc-23-2-0\"  class=\"panel-grid-cell\" ><div class=\"panel-cell-style panel-cell-style-for-23-2-0\" ><div id=\"panel-23-2-0-0\" class=\"so-panel widget_circleicon-widget panel-first-child panel-last-child\" data-index=\"2\" ><div class=\"panel-widget-style panel-widget-style-for-23-2-0-0\" >\t\t<div class=\"circle-icon-box circle-icon-position-top circle-icon-hide-box circle-icon-size-small\">\n\t\t\t<div class=\"circle-icon-wrapper\">\n\t\t\t\t<a href=\"http:\/\/www.jinsai.org\/pt-BR\/prototipos-do-paraiso-terrestre\/participando-da-construcao\/\" class=\"link-icon\" >\t\t\t\t<div class=\"circle-icon\" >\n\t\t\t\t\t<div class=\"fa fa-hand-paper-o\" style=\"color: #eeee22\"><\/div>\t\t\t\t<\/div>\n\t\t\t\t<\/a>\t\t\t<\/div>\n\n\t\t\t<a href=\"http:\/\/www.jinsai.org\/pt-BR\/prototipos-do-paraiso-terrestre\/participando-da-construcao\/\" class=\"link-title\" >\t\t\t\t\t\t<h4 style=\"color: #ffd800\">Participando da constru\u00e7\u00e3o dos Prot\u00f3tipos!<\/h4>\t\t\t<\/a>\n\t\t\t<p class=\"text\" style=\"color: #ffd800\">Entrevista com os jardineiros-chefes de Hakone, Yoshitaro Katsumasa, e de Atami, Issao Morimoto!<\/p>\t\t\t\t\t\t\t<a href=\"http:\/\/www.jinsai.org\/pt-BR\/prototipos-do-paraiso-terrestre\/participando-da-construcao\/\" class=\"more-button\" >Saiba mais! <i><\/i><\/a>\n\t\t\t\t\t<\/div>\n\t\t<\/div><\/div><\/div><\/div><div id=\"pgc-23-2-1\"  class=\"panel-grid-cell\" ><div id=\"panel-23-2-1-0\" class=\"so-panel widget_circleicon-widget panel-first-child panel-last-child\" data-index=\"3\" ><div id=\"wd-divindades\" class=\"panel-widget-style panel-widget-style-for-23-2-1-0\" >\t\t<div class=\"circle-icon-box circle-icon-position-top circle-icon-hide-box circle-icon-size-small\">\n\t\t\t<div class=\"circle-icon-wrapper\">\n\t\t\t\t<a href=\"http:\/\/www.jinsai.org\/pt-BR\/sagrado\/introducao-a-teologia-do-mestre-jinsai\/\" class=\"link-icon\" >\t\t\t\t<div class=\"circle-icon\" >\n\t\t\t\t\t<div class=\"fa fa-book\" style=\"color: #eeee22\"><\/div>\t\t\t\t<\/div>\n\t\t\t\t<\/a>\t\t\t<\/div>\n\n\t\t\t<a href=\"http:\/\/www.jinsai.org\/pt-BR\/sagrado\/introducao-a-teologia-do-mestre-jinsai\/\" class=\"link-title\" >\t\t\t\t\t\t<h4 style=\"color: #ffd800\">Introdu\u00e7\u00e3o \u00e0 Teologia!<\/h4>\t\t\t<\/a>\n\t\t\t<p class=\"text\" style=\"color: #ffd800\">Conhe\u00e7a aqui os princ\u00edpios b\u00e1sicos da Teologia ensinada pelo Mestre Jinsai!<\/p>\t\t\t\t\t\t\t<a href=\"http:\/\/www.jinsai.org\/pt-BR\/sagrado\/introducao-a-teologia-do-mestre-jinsai\/\" class=\"more-button\" >Saiba mais <i><\/i><\/a>\n\t\t\t\t\t<\/div>\n\t\t<\/div><\/div><\/div><\/div><\/div><div id=\"pg-23-3\"  class=\"panel-grid panel-has-style\" ><div class=\"row-1 panel-row-style panel-row-style-for-23-3\" ><div id=\"pgc-23-3-0\"  class=\"panel-grid-cell\" ><div id=\"panel-23-3-0-0\" class=\"so-panel widget_circleicon-widget panel-first-child panel-last-child\" data-index=\"4\" ><div id=\"wd-atami\" class=\"panel-widget-style panel-widget-style-for-23-3-0-0\" >\t\t<div class=\"circle-icon-box circle-icon-position-top circle-icon-hide-box circle-icon-size-small\">\n\t\t\t<div class=\"circle-icon-wrapper\">\n\t\t\t\t<a href=\"http:\/\/www.jinsai.org\/pt-BR\/sagrado\/viagem-a-kyoto-e-nara\/\" class=\"link-icon\" >\t\t\t\t<div class=\"circle-icon\" >\n\t\t\t\t\t<div class=\"fa fa-universal-access\" style=\"color: #eeee22\"><\/div>\t\t\t\t<\/div>\n\t\t\t\t<\/a>\t\t\t<\/div>\n\n\t\t\t<a href=\"http:\/\/www.jinsai.org\/pt-BR\/sagrado\/viagem-a-kyoto-e-nara\/\" class=\"link-title\" >\t\t\t\t\t\t<h4 style=\"color: #ffd800\">Viagem a Kyoto e Nara!<\/h4>\t\t\t<\/a>\n\t\t\t<p class=\"text\" style=\"color: #ffd800\">Conhe\u00e7a aqui o roteiro da viagem do Mestre Jinsai a Kyoto e Nara!<\/p>\t\t\t\t\t\t\t<a href=\"http:\/\/www.jinsai.org\/pt-BR\/sagrado\/viagem-a-kyoto-e-nara\/\" class=\"more-button\" >Saiba mais! <i><\/i><\/a>\n\t\t\t\t\t<\/div>\n\t\t<\/div><\/div><\/div><div id=\"pgc-23-3-1\"  class=\"panel-grid-cell\" ><div id=\"panel-23-3-1-0\" class=\"so-panel widget_circleicon-widget panel-first-child panel-last-child\" data-index=\"5\" ><div class=\"panel-widget-style panel-widget-style-for-23-3-1-0\" >\t\t<div class=\"circle-icon-box circle-icon-position-top circle-icon-hide-box circle-icon-size-small\">\n\t\t\t<div class=\"circle-icon-wrapper\">\n\t\t\t\t<a href=\"https:\/\/www.jinsai.org\/pt-BR\/meishu-sama\/encarnacoes\/\" class=\"link-icon\" >\t\t\t\t<div class=\"circle-icon icon-style-set\" style=\"background-color: #ffffff\">\n\t\t\t\t\t<div class=\"fa fa-tree icon-color-set\" style=\"color: #000000\"><\/div>\t\t\t\t<\/div>\n\t\t\t\t<\/a>\t\t\t<\/div>\n\n\t\t\t<a href=\"https:\/\/www.jinsai.org\/pt-BR\/meishu-sama\/encarnacoes\/\" class=\"link-title\" >\t\t\t\t\t\t<h4 style=\"color: #f4b727\">Encarna\u00e7\u00f5es!<\/h4>\t\t\t<\/a>\n\t\t\t<p class=\"text\" style=\"color: #f4b727\">Conhe\u00e7a aqui as encarna\u00e7\u00f5es do Mestre Jinsai!<\/p>\t\t\t\t\t\t\t<a href=\"https:\/\/www.jinsai.org\/pt-BR\/meishu-sama\/encarnacoes\/\" class=\"more-button\" >Saiba Mais! <i><\/i><\/a>\n\t\t\t\t\t<\/div>\n\t\t<\/div><\/div><\/div><\/div><\/div><div id=\"pg-23-4\"  class=\"panel-grid panel-no-style\" ><div id=\"pgc-23-4-0\"  class=\"panel-grid-cell\" ><div id=\"panel-23-4-0-0\" class=\"so-panel widget_origin_button panel-first-child panel-last-child\" data-index=\"6\" ><div class=\"origin-widget origin-widget-button origin-widget-button-simple-orange align-center\"><a href=\"http:\/\/www.jinsai.org\/pt-BR\/ensinamentos\/criacao-da-civilizacao\/\" target=\"_blank\" rel=\"noopener noreferrer\">\n\tA Cria\u00e7\u00e3o da Civiliza\u00e7\u00e3o<\/a>\n<\/div><\/div><\/div><div id=\"pgc-23-4-1\"  class=\"panel-grid-cell\" ><div id=\"panel-23-4-1-0\" class=\"so-panel widget_origin_button panel-first-child panel-last-child\" data-index=\"7\" ><div class=\"origin-widget origin-widget-button origin-widget-button-simple-orange align-center\"><a href=\"https:\/\/www.jinsai.org\/pt-BR\/johrei\/curso-de-johrei\/\" target=\"_blank\" rel=\"noopener noreferrer\">\n\tCurso de Johrei<\/a>\n<\/div><\/div><\/div><div id=\"pgc-23-4-2\"  class=\"panel-grid-cell\" ><div id=\"panel-23-4-2-0\" class=\"so-panel widget_origin_button panel-first-child panel-last-child\" data-index=\"8\" ><div class=\"origin-widget origin-widget-button origin-widget-button-simple-orange align-center\"><a href=\"https:\/\/www.jinsai.org\/pt-BR\/newsletter\/\" target=\"_blank\" rel=\"noopener noreferrer\">\n\tAssine nossa Newsletter!<\/a>\n<\/div><\/div><\/div><div id=\"pgc-23-4-3\"  class=\"panel-grid-cell\" ><div id=\"panel-23-4-3-0\" class=\"so-panel widget_origin_button panel-first-child panel-last-child\" data-index=\"9\" ><div class=\"origin-widget origin-widget-button origin-widget-button-simple-orange align-center\"><a href=\"https:\/\/www.jinsai.org\/pt-BR\/mundo-do-belo\/audio-e-video\/palestras\/\" target=\"_blank\" rel=\"noopener noreferrer\">\n\tPalestras de Meishu-Sama<\/a>\n<\/div><\/div><\/div><div id=\"pgc-23-4-4\"  class=\"panel-grid-cell\" ><div id=\"panel-23-4-4-0\" class=\"so-panel widget_origin_button panel-first-child panel-last-child\" data-index=\"10\" ><div class=\"origin-widget origin-widget-button origin-widget-button-simple-orange align-center\"><a href=\"https:\/\/www.jinsai.org\/pt-BR\/mundo-do-belo\/audio-e-video\/videos\/\" target=\"_blank\" rel=\"noopener noreferrer\">\n\tV\u00eddeos de Meishu-Sama<\/a>\n<\/div><\/div><\/div><\/div><div id=\"pg-23-5\"  class=\"panel-grid panel-no-style\" ><div id=\"pgc-23-5-0\"  class=\"panel-grid-cell\" ><div id=\"panel-23-5-0-0\" class=\"so-panel widget_siteorigin-panels-postloop panel-first-child panel-last-child\" data-index=\"11\" ><div class=\"panel-widget-style panel-widget-style-for-23-5-0-0\" ><h3 class=\"widget-title\">Novidades<\/h3>\n\t<div id=\"vantage-circleicon-loop\" class=\"vantage-circleicon-loop circleicon-loop-columns-3\">\n\n\t\t<div class=\"widget widget_circleicon-widget\">\t\t<div class=\"circle-icon-box circle-icon-position-top circle-icon-hide-box circle-icon-size-small\">\n\t\t\t<div class=\"circle-icon-wrapper\">\n\t\t\t\t<a href=\"https:\/\/www.jinsai.org\/pt-BR\/ensinamentos\/religiao\/a-morte-e-a-posicao-do-corpo\/\" class=\"link-icon\" >\t\t\t\t<div class=\"circle-icon icon-style-set\" style=\"background-image: url(https:\/\/www.jinsai.org\/pt-BR\/wp-content\/uploads\/2018\/06\/Logos-Ensinamentos-Religi\u00e3o-Small.jpg)\">\n\t\t\t\t\t\t\t\t\t<\/div>\n\t\t\t\t<\/a>\t\t\t<\/div>\n\n\t\t\t<a href=\"https:\/\/www.jinsai.org\/pt-BR\/ensinamentos\/religiao\/a-morte-e-a-posicao-do-corpo\/\" class=\"link-title\" >\t\t\t<h5 >Religi\u00e3o<\/h5>\t\t\t<h4 >A MORTE E A POSI\u00c7\u00c3O DO CORPO<\/h4>\t\t\t<\/a>\n\t\t\t<p class=\"text\" >Pergunta: Quando uma pessoa morre, o corpo \u00e9 colocado com a cabe\u00e7a voltada para o lado norte e uma ferramenta afiada, faca ou espada \u00e9 colocada ao lado da cabe\u00e7a. Por que isso? Meishu-Sama: Esses procedimentos s\u00e3o seguidos para afastar os maus esp\u00edritos. Os esp\u00edritos malignos n\u00e3o gostam de facas e espadas, por isso esses [&hellip;]<\/p>\t\t\t\t\t\t\t<a href=\"https:\/\/www.jinsai.org\/pt-BR\/ensinamentos\/religiao\/a-morte-e-a-posicao-do-corpo\/\" class=\"more-button\" >Continue lendo <i><\/i><\/a>\n\t\t\t\t\t<\/div>\n\t\t<\/div><div class=\"widget widget_circleicon-widget\">\t\t<div class=\"circle-icon-box circle-icon-position-top circle-icon-hide-box circle-icon-size-small\">\n\t\t\t<div class=\"circle-icon-wrapper\">\n\t\t\t\t<a href=\"https:\/\/www.jinsai.org\/pt-BR\/ensinamentos\/religiao\/a-era-do-dia-e-a-extincao-do-sofrimento\/\" class=\"link-icon\" >\t\t\t\t<div class=\"circle-icon icon-style-set\" style=\"background-image: url(https:\/\/www.jinsai.org\/pt-BR\/wp-content\/uploads\/2018\/06\/Logos-Ensinamentos-Religi\u00e3o-Small.jpg)\">\n\t\t\t\t\t\t\t\t\t<\/div>\n\t\t\t\t<\/a>\t\t\t<\/div>\n\n\t\t\t<a href=\"https:\/\/www.jinsai.org\/pt-BR\/ensinamentos\/religiao\/a-era-do-dia-e-a-extincao-do-sofrimento\/\" class=\"link-title\" >\t\t\t<h5 >Religi\u00e3o<\/h5>\t\t\t<h4 >A ERA DO DIA E A EXTIN\u00c7\u00c3O DO SOFRIMENTO<\/h4>\t\t\t<\/a>\n\t\t\t<p class=\"text\" >Pergunta: Se o sofrimento vai desaparecer na Era da Luz do Dia, isso significa que o karma tamb\u00e9m vai desaparecer e a exist\u00eancia de pessoas ignorantes que pensam mal e praticam a\u00e7\u00f5es m\u00e1s n\u00e3o ser\u00e1 permitida? Al\u00e9m disso, no mundo diurno, como ser\u00e3o determinados os costumes de tempo, lugar e ocasi\u00e3o? Meishu-Sama: N\u00e3o exatamente. O [&hellip;]<\/p>\t\t\t\t\t\t\t<a href=\"https:\/\/www.jinsai.org\/pt-BR\/ensinamentos\/religiao\/a-era-do-dia-e-a-extincao-do-sofrimento\/\" class=\"more-button\" >Continue lendo <i><\/i><\/a>\n\t\t\t\t\t<\/div>\n\t\t<\/div><div class=\"widget widget_circleicon-widget\">\t\t<div class=\"circle-icon-box circle-icon-position-top circle-icon-hide-box circle-icon-size-small\">\n\t\t\t<div class=\"circle-icon-wrapper\">\n\t\t\t\t<a href=\"https:\/\/www.jinsai.org\/pt-BR\/ensinamentos\/religiao\/o-messias-e-a-descida-das-nuvens\/\" class=\"link-icon\" >\t\t\t\t<div class=\"circle-icon icon-style-set\" style=\"background-image: url(https:\/\/www.jinsai.org\/pt-BR\/wp-content\/uploads\/2018\/06\/Logos-Ensinamentos-Religi\u00e3o-Small.jpg)\">\n\t\t\t\t\t\t\t\t\t<\/div>\n\t\t\t\t<\/a>\t\t\t<\/div>\n\n\t\t\t<a href=\"https:\/\/www.jinsai.org\/pt-BR\/ensinamentos\/religiao\/o-messias-e-a-descida-das-nuvens\/\" class=\"link-title\" >\t\t\t<h5 >Religi\u00e3o<\/h5>\t\t\t<h4 >O MESSIAS E A DESCIDA DAS NUVENS<\/h4>\t\t\t<\/a>\n\t\t\t<p class=\"text\" >Pergunta: No Novo Testamento est\u00e1 a passagem: \u201cE, respondendo o sumo sacerdote, disse-lhe: Conjuro-te pelo Deus vivo que nos digas se tu \u00e9s o Cristo, o Filho de Deus. Disse-lhe Jesus: Tu disseste; n\u00e3o obstante, eu vos digo. Depois vereis o Filho do homem assentado \u00e0 direita do Poder e vindo nas nuvens do c\u00e9u\u201d. [&hellip;]<\/p>\t\t\t\t\t\t\t<a href=\"https:\/\/www.jinsai.org\/pt-BR\/ensinamentos\/religiao\/o-messias-e-a-descida-das-nuvens\/\" class=\"more-button\" >Continue lendo <i><\/i><\/a>\n\t\t\t\t\t<\/div>\n\t\t<\/div><div class=\"clear\"><\/div>\t<\/div>\n\t\t<nav role=\"navigation\" id=\"nav-below\" class=\"site-navigation paging-navigation\">\n\t\t<h2 class=\"assistive-text\">Post navigation<\/h2>\n\n\t\n\t\t<div class='pagination'><span aria-current=\"page\" class=\"page-numbers current\">1<\/span>\n<a class=\"page-numbers\" href=\"https:\/\/www.jinsai.org\/pt-BR\/wp-json\/wp\/v2\/pages\/23\/page\/2\/\">2<\/a>\n<a class=\"page-numbers\" href=\"https:\/\/www.jinsai.org\/pt-BR\/wp-json\/wp\/v2\/pages\/23\/page\/3\/\">3<\/a>\n<a class=\"page-numbers\" href=\"https:\/\/www.jinsai.org\/pt-BR\/wp-json\/wp\/v2\/pages\/23\/page\/4\/\">4<\/a>\n<a class=\"page-numbers\" href=\"https:\/\/www.jinsai.org\/pt-BR\/wp-json\/wp\/v2\/pages\/23\/page\/5\/\">5<\/a>\n<a class=\"page-numbers\" href=\"https:\/\/www.jinsai.org\/pt-BR\/wp-json\/wp\/v2\/pages\/23\/page\/6\/\">6<\/a>\n<span class=\"page-numbers dots\">&hellip;<\/span>\n<a class=\"page-numbers\" href=\"https:\/\/www.jinsai.org\/pt-BR\/wp-json\/wp\/v2\/pages\/23\/page\/329\/\">329<\/a>\n<a class=\"next page-numbers\" href=\"https:\/\/www.jinsai.org\/pt-BR\/wp-json\/wp\/v2\/pages\/23\/page\/2\/\">Pr\u00f3ximo &raquo;<\/a><\/div>\n\n\t\n\t<\/nav><!-- #nav-below -->\n\t<\/div><\/div><\/div><\/div><div id=\"pg-23-6\"  class=\"panel-grid panel-no-style\" ><div id=\"pgc-23-6-0\"  class=\"panel-grid-cell\" ><div id=\"panel-23-6-0-0\" class=\"so-panel widget_media_image panel-first-child panel-last-child\" data-index=\"12\" ><div class=\"panel-widget-style panel-widget-style-for-23-6-0-0\" ><h3 class=\"widget-title\">Imagem do Dia<\/h3><div style=\"width: 1010px\" class=\"wp-caption alignnone\"><img loading=\"lazy\" decoding=\"async\" width=\"1000\" height=\"1500\" src=\"https:\/\/www.jinsai.org\/pt-BR\/wp-content\/uploads\/2023\/03\/winter-05.jpg\" class=\"image wp-image-11425  attachment-full size-full\" alt=\"\" style=\"max-width: 100%; height: auto;\" title=\"Imagem do Dia\" srcset=\"https:\/\/www.jinsai.org\/pt-BR\/wp-content\/uploads\/2023\/03\/winter-05.jpg 1000w, https:\/\/www.jinsai.org\/pt-BR\/wp-content\/uploads\/2023\/03\/winter-05-200x300.jpg 200w, https:\/\/www.jinsai.org\/pt-BR\/wp-content\/uploads\/2023\/03\/winter-05-683x1024.jpg 683w, https:\/\/www.jinsai.org\/pt-BR\/wp-content\/uploads\/2023\/03\/winter-05-150x225.jpg 150w, https:\/\/www.jinsai.org\/pt-BR\/wp-content\/uploads\/2023\/03\/winter-05-768x1152.jpg 768w\" sizes=\"auto, (max-width: 1000px) 100vw, 1000px\" \/><p class=\"wp-caption-text\">Zuiun-kyo, a Terra das Nuvens Alvissareiras, o Prot\u00f3tipo do Para\u00edso Terrestre de Atami<\/p><\/div><\/div><\/div><\/div><\/div><div id=\"pg-23-7\"  class=\"panel-grid panel-no-style\" ><div id=\"pgc-23-7-0\"  class=\"panel-grid-cell\" ><div id=\"panel-23-7-0-0\" class=\"widget_text so-panel widget_custom_html panel-first-child panel-last-child\" data-index=\"13\" ><h3 class=\"widget-title\">Podcast de Ensinamentos<\/h3><div class=\"textwidget custom-html-widget\"><div class=\"text-center\">\n<iframe loading=\"lazy\" src=\"https:\/\/open.spotify.com\/embed-podcast\/show\/0vqYri5DFOaItFuTwUombf\" width=\"100%\" height=\"232\" frameborder=\"0\" allowtransparency=\"true\" allow=\"encrypted-media\"><\/iframe>\n<\/div><\/div><\/div><\/div><\/div><div id=\"pg-23-8\"  class=\"panel-grid panel-no-style\" ><div id=\"pgc-23-8-0\"  class=\"panel-grid-cell\" ><div id=\"panel-23-8-0-0\" class=\"widget_text so-panel widget_custom_html panel-first-child\" data-index=\"14\" ><h3 class=\"widget-title\">P\u00e1gina sobre os Prot\u00f3tipos do Para\u00edso Terrestre!<\/h3><div class=\"textwidget custom-html-widget\"><div style=\"text-align:center;\">\n\t<h5>\n\t<\/h5>\t\n<script>(function(d, s, id) {\n\t\tvar js, fjs = d.getElementsByTagName(s)[0];\n\t\tif (d.getElementById(id)) return;\n\t\tjs = d.createElement(s); js.id = id;\n\t\tjs.src = \"https:\/\/connect.facebook.net\/en_US\/all.js#xfbml=1\";\n\t\tfjs.parentNode.insertBefore(js, fjs);\n\t}(document, 'script', 'facebook-jssdk'));<\/script>\n\t<div id=\"fb-computadores\">\n\t\t<div class=\"fb-like-box\" data-href=\"https:\/\/www.facebook.com\/prototipodoparaiso\" data-width=\"700\" data-show-faces=\"true\" data-stream=\"false\" data-show-border=\"true\" data-header=\"true\"><\/div>\n\t<\/div>\n\t<div id=\"fb-telefones\">\n\t\t<div class=\"fb-like-box\" data-href=\"https:\/\/www.facebook.com\/prototipodoparaiso\" data-width=\"250\" data-show-faces=\"true\" data-stream=\"false\" data-show-border=\"true\" data-header=\"true\"><\/div>\n\t<\/div>\n<\/div><\/div><\/div><div id=\"panel-23-8-0-1\" class=\"widget_text so-panel widget_custom_html panel-last-child\" data-index=\"15\" ><h3 class=\"widget-title\">Curtam nossa p\u00e1gina!<\/h3><div class=\"textwidget custom-html-widget\"><div style=\"text-align:center;\">\n\t<h5>\n\t<\/h5>\t\n<script>(function(d, s, id) {\n\t\tvar js, fjs = d.getElementsByTagName(s)[0];\n\t\tif (d.getElementById(id)) return;\n\t\tjs = d.createElement(s); js.id = id;\n\t\tjs.src = \"https:\/\/connect.facebook.net\/en_US\/all.js#xfbml=1\";\n\t\tfjs.parentNode.insertBefore(js, fjs);\n\t}(document, 'script', 'facebook-jssdk'));<\/script>\n\t<div id=\"fb-computadores\">\n\t\t<div class=\"fb-like-box\" data-href=\"https:\/\/www.facebook.com\/MeishuSamaOficialBr\" data-width=\"700\" data-show-faces=\"true\" data-stream=\"false\" data-show-border=\"true\" data-header=\"true\"><\/div>\n\t<\/div>\n\t<div id=\"fb-telefones\">\n\t\t<div class=\"fb-like-box\" data-href=\"https:\/\/www.facebook.com\/MeishuSamaOficialBr\" data-width=\"250\" data-show-faces=\"true\" data-stream=\"false\" data-show-border=\"true\" data-header=\"true\"><\/div>\n\t<\/div>\n<\/div><\/div><\/div><\/div><div id=\"pgc-23-8-1\"  class=\"panel-grid-cell\" ><div id=\"panel-23-8-1-0\" class=\"widget_text so-panel widget_custom_html panel-first-child panel-last-child\" data-index=\"16\" ><div class=\"textwidget custom-html-widget\"><iframe src=\"https:\/\/www.facebook.com\/plugins\/like.php?href=https:\/\/www.jinsai.org\/pt-BR\/&%0Alayout=standard&show_faces=false&width=380&action=like&colorscheme=light&height=25\" style=\"border: medium none ; overflow: hidden; width: 350px; height: 25px;\" allowtransparency=\"true\" frameborder=\"0\" scrolling=\"no\"><\/iframe>\n\n<div id=\"fb-root\"><\/div><script src=\"https:\/\/connect.facebook.net\/pt_BR\/all.js#appId=APP_ID&amp;xfbml=1\"><\/script><fb:comments href=\"https:\/\/www.jinsai.org\/pt-BR\/\u201dnum_posts=\"100\" width=\"500\"><\/fb:comments><meta property='fb:app_id' content='171964893011161'\/> \n\n<script>(function(d, s, id) {\n  var js, fjs = d.getElementsByTagName(s)[0];\n  if (d.getElementById(id)) return;\n  js = d.createElement(s); js.id = id;\n  js.src = 'https:\/\/connect.facebook.net\/pt_BR\/sdk.js#xfbml=1&autoLogAppEvents=1&version=v3.0&appId=171964893011161';\n  fjs.parentNode.insertBefore(js, fjs);\n}(document, 'script', 'facebook-jssdk'));<\/script>\n<div class=\"fb-share-button\" data-href=\"http:\/\/www.jinsai.org\/pt-BR\/\" data-layout=\"button_count\" data-size=\"large\" data-mobile-iframe=\"true\"><a target=\"_blank\" href=\"https:\/\/www.facebook.com\/sharer\/sharer.php?u=https%3A%2F%2Fwww.jinsai.org%2Fpt-BR%2F%2F&amp;src=sdkpreparse\" class=\"fb-xfbml-parse-ignore\">Compartilhar<\/a><\/div><\/div><\/div><\/div><\/div><\/div>","protected":false},"excerpt":{"rendered":"<p>Pergunta: No Novo Testamento est\u00e1 a passagem: \u201cE, respondendo o sumo sacerdote, disse-lhe: Conjuro-te pelo Deus vivo que nos digas se tu \u00e9s o Cristo, o Filho de Deus. Disse-lhe Jesus: Tu disseste; n\u00e3o obstante, eu vos digo. Depois vereis o Filho do homem assentado \u00e0 direita do Poder e vindo nas nuvens do c\u00e9u\u201d. [&hellip;]<\/p>\n","protected":false},"author":1,"featured_media":0,"parent":0,"menu_order":0,"comment_status":"closed","ping_status":"closed","template":"home-panels.php","meta":{"footnotes":""},"class_list":["post-23","page","type-page","status-publish","hentry","post","post-with-thumbnail","post-with-thumbnail-icon"],"_links":{"self":[{"href":"https:\/\/www.jinsai.org\/pt-BR\/wp-json\/wp\/v2\/pages\/23","targetHints":{"allow":["GET"]}}],"collection":[{"href":"https:\/\/www.jinsai.org\/pt-BR\/wp-json\/wp\/v2\/pages"}],"about":[{"href":"https:\/\/www.jinsai.org\/pt-BR\/wp-json\/wp\/v2\/types\/page"}],"author":[{"embeddable":true,"href":"https:\/\/www.jinsai.org\/pt-BR\/wp-json\/wp\/v2\/users\/1"}],"replies":[{"embeddable":true,"href":"https:\/\/www.jinsai.org\/pt-BR\/wp-json\/wp\/v2\/comments?post=23"}],"version-history":[{"count":86,"href":"https:\/\/www.jinsai.org\/pt-BR\/wp-json\/wp\/v2\/pages\/23\/revisions"}],"predecessor-version":[{"id":11527,"href":"https:\/\/www.jinsai.org\/pt-BR\/wp-json\/wp\/v2\/pages\/23\/revisions\/11527"}],"wp:attachment":[{"href":"https:\/\/www.jinsai.org\/pt-BR\/wp-json\/wp\/v2\/media?parent=23"}],"curies":[{"name":"wp","href":"https:\/\/api.w.org\/{rel}","templated":true}]}}