{"id":2454,"date":"2018-07-05T14:03:56","date_gmt":"2018-07-05T17:03:56","guid":{"rendered":"http:\/\/www.jinsai.org\/pt-BR\/?page_id=2454"},"modified":"2019-09-05T12:59:13","modified_gmt":"2019-09-05T15:59:13","slug":"agricultura","status":"publish","type":"page","link":"https:\/\/www.jinsai.org\/pt-BR\/ensinamentos\/agricultura\/","title":{"rendered":"Agricultura"},"content":{"rendered":"<div id=\"pl-2454\"  class=\"panel-layout\" ><div id=\"pg-2454-0\"  class=\"panel-grid panel-no-style\" ><div id=\"pgc-2454-0-0\"  class=\"panel-grid-cell\" ><div id=\"panel-2454-0-0-0\" class=\"so-panel widget_siteorigin-panels-postloop panel-first-child\" data-index=\"0\" >\n\t<div id=\"vantage-circleicon-loop\" class=\"vantage-circleicon-loop circleicon-loop-columns-3\">\n\n\t\t<div class=\"widget widget_circleicon-widget\">\t\t<div class=\"circle-icon-box circle-icon-position-top circle-icon-hide-box circle-icon-size-small\">\n\t\t\t<div class=\"circle-icon-wrapper\">\n\t\t\t\t<a href=\"https:\/\/www.jinsai.org\/pt-BR\/ensinamentos\/agricultura\/agricultura-pura-vontade-e-sentimento\/\" class=\"link-icon\" >\t\t\t\t<div class=\"circle-icon icon-style-set\" style=\"background-image: url(https:\/\/www.jinsai.org\/pt-BR\/wp-content\/uploads\/2018\/06\/Logos-Ensinamentos-Agricultura-Small.jpg)\">\n\t\t\t\t\t\t\t\t\t<\/div>\n\t\t\t\t<\/a>\t\t\t<\/div>\n\n\t\t\t<a href=\"https:\/\/www.jinsai.org\/pt-BR\/ensinamentos\/agricultura\/agricultura-pura-vontade-e-sentimento\/\" class=\"link-title\" >\t\t\t<h5 >Agricultura<\/h5>\t\t\t<h4 >AGRICULTURA PURA, VONTADE E SENTIMENTO<\/h4>\t\t\t<\/a>\n\t\t\t<p class=\"text\" >\u00c9 uma verdade que o solo e as plantas possuem a sua pr\u00f3pria vontade e sentimento. Isto \u00e9 algo de grande import\u00e2ncia, sobre o qual devemos meditar profundamente. Por este motivo, devemos amar e respeitar a terra e \u00e9 essencial fazermos o m\u00e1ximo poss\u00edvel para n\u00e3o macul\u00e1-la. No que se refere a esta vontade e [&hellip;]<\/p>\t\t\t\t\t\t\t<a href=\"https:\/\/www.jinsai.org\/pt-BR\/ensinamentos\/agricultura\/agricultura-pura-vontade-e-sentimento\/\" class=\"more-button\" >Continue lendo <i><\/i><\/a>\n\t\t\t\t\t<\/div>\n\t\t<\/div><div class=\"widget widget_circleicon-widget\">\t\t<div class=\"circle-icon-box circle-icon-position-top circle-icon-hide-box circle-icon-size-small\">\n\t\t\t<div class=\"circle-icon-wrapper\">\n\t\t\t\t<a href=\"https:\/\/www.jinsai.org\/pt-BR\/ensinamentos\/agricultura\/a-agricultura-natural-higienica-e-agradavel-nas-hortas-caseiras\/\" class=\"link-icon\" >\t\t\t\t<div class=\"circle-icon icon-style-set\" style=\"background-image: url(https:\/\/www.jinsai.org\/pt-BR\/wp-content\/uploads\/2018\/06\/Logos-Ensinamentos-Agricultura-Small.jpg)\">\n\t\t\t\t\t\t\t\t\t<\/div>\n\t\t\t\t<\/a>\t\t\t<\/div>\n\n\t\t\t<a href=\"https:\/\/www.jinsai.org\/pt-BR\/ensinamentos\/agricultura\/a-agricultura-natural-higienica-e-agradavel-nas-hortas-caseiras\/\" class=\"link-title\" >\t\t\t<h5 >Agricultura<\/h5>\t\t\t<h4 >A AGRICULTURA NATURAL HIGI\u00caNICA E AGRAD\u00c1VEL NAS HORTAS CASEIRAS<\/h4>\t\t\t<\/a>\n\t\t\t<p class=\"text\" >No primeiro n\u00famero da revista &#8211; Chij\u00f4 Tengoku -, publiquei um minucioso artigo sobre a Agricultura Natural, dirigido aos agricultores profissionais; desta vez, enfocarei as hortas caseiras. Como tenho publicado, na referida revista e no nosso jornal, os excelentes resultados obtidos pelos profissionais atrav\u00e9s desse novo m\u00e9todo agr\u00edcola, acredito que os leitores tenham entendido, em [&hellip;]<\/p>\t\t\t\t\t\t\t<a href=\"https:\/\/www.jinsai.org\/pt-BR\/ensinamentos\/agricultura\/a-agricultura-natural-higienica-e-agradavel-nas-hortas-caseiras\/\" class=\"more-button\" >Continue lendo <i><\/i><\/a>\n\t\t\t\t\t<\/div>\n\t\t<\/div><div class=\"widget widget_circleicon-widget\">\t\t<div class=\"circle-icon-box circle-icon-position-top circle-icon-hide-box circle-icon-size-small\">\n\t\t\t<div class=\"circle-icon-wrapper\">\n\t\t\t\t<a href=\"https:\/\/www.jinsai.org\/pt-BR\/ensinamentos\/agricultura\/o-globo-terrestre-respira\/\" class=\"link-icon\" >\t\t\t\t<div class=\"circle-icon icon-style-set\" style=\"background-image: url(https:\/\/www.jinsai.org\/pt-BR\/wp-content\/uploads\/2018\/06\/Logos-Ensinamentos-Agricultura-Small.jpg)\">\n\t\t\t\t\t\t\t\t\t<\/div>\n\t\t\t\t<\/a>\t\t\t<\/div>\n\n\t\t\t<a href=\"https:\/\/www.jinsai.org\/pt-BR\/ensinamentos\/agricultura\/o-globo-terrestre-respira\/\" class=\"link-title\" >\t\t\t<h5 >Agricultura<\/h5>\t\t\t<h4 >O GLOBO TERRESTRE RESPIRA<\/h4>\t\t\t<\/a>\n\t\t\t<p class=\"text\" >Todos sabem que os seres humanos respiram. Na verdade, a respira\u00e7\u00e3o \u00e9 inerente a todos os seres, at\u00e9 mesmo aos vegetais e aos minerais. Se eu disser que o globo terrestre tamb\u00e9m respira, muitos poder\u00e3o achar estranho; todavia, com a explana\u00e7\u00e3o que farei a seguir, tenho certeza de que todos ir\u00e3o concordar. O globo terrestre [&hellip;]<\/p>\t\t\t\t\t\t\t<a href=\"https:\/\/www.jinsai.org\/pt-BR\/ensinamentos\/agricultura\/o-globo-terrestre-respira\/\" class=\"more-button\" >Continue lendo <i><\/i><\/a>\n\t\t\t\t\t<\/div>\n\t\t<\/div><div class=\"clear\"><\/div><div class=\"widget widget_circleicon-widget\">\t\t<div class=\"circle-icon-box circle-icon-position-top circle-icon-hide-box circle-icon-size-small\">\n\t\t\t<div class=\"circle-icon-wrapper\">\n\t\t\t\t<a href=\"https:\/\/www.jinsai.org\/pt-BR\/ensinamentos\/agricultura\/as-hortas-caseiras-e-a-agricultura-natural\/\" class=\"link-icon\" >\t\t\t\t<div class=\"circle-icon icon-style-set\" style=\"background-image: url(https:\/\/www.jinsai.org\/pt-BR\/wp-content\/uploads\/2018\/06\/Logos-Ensinamentos-Agricultura-Small.jpg)\">\n\t\t\t\t\t\t\t\t\t<\/div>\n\t\t\t\t<\/a>\t\t\t<\/div>\n\n\t\t\t<a href=\"https:\/\/www.jinsai.org\/pt-BR\/ensinamentos\/agricultura\/as-hortas-caseiras-e-a-agricultura-natural\/\" class=\"link-title\" >\t\t\t<h5 >Agricultura<\/h5>\t\t\t<h4 >AS HORTAS CASEIRAS E A AGRICULTURA NATURAL<\/h4>\t\t\t<\/a>\n\t\t\t<p class=\"text\" >Vou explicar, em linhas gerais, a grande boa-nova que representa a nossa Agricultura Natural, o cultivo sem adubos inclusive para as hortas caseiras. \u00c9 claro que nas hortas caseiras n\u00e3o se plantam cereais, como arroz e trigo, mas apenas legumes e verduras. Os adubos mais utilizados s\u00e3o: excremento humano, lixo, restos de peixes, cinzas de [&hellip;]<\/p>\t\t\t\t\t\t\t<a href=\"https:\/\/www.jinsai.org\/pt-BR\/ensinamentos\/agricultura\/as-hortas-caseiras-e-a-agricultura-natural\/\" class=\"more-button\" >Continue lendo <i><\/i><\/a>\n\t\t\t\t\t<\/div>\n\t\t<\/div><div class=\"widget widget_circleicon-widget\">\t\t<div class=\"circle-icon-box circle-icon-position-top circle-icon-hide-box circle-icon-size-small\">\n\t\t\t<div class=\"circle-icon-wrapper\">\n\t\t\t\t<a href=\"https:\/\/www.jinsai.org\/pt-BR\/ensinamentos\/agricultura\/danos-causados-pelas-chuvas-e-ventos\/\" class=\"link-icon\" >\t\t\t\t<div class=\"circle-icon icon-style-set\" style=\"background-image: url(https:\/\/www.jinsai.org\/pt-BR\/wp-content\/uploads\/2018\/06\/Logos-Ensinamentos-Agricultura-Small.jpg)\">\n\t\t\t\t\t\t\t\t\t<\/div>\n\t\t\t\t<\/a>\t\t\t<\/div>\n\n\t\t\t<a href=\"https:\/\/www.jinsai.org\/pt-BR\/ensinamentos\/agricultura\/danos-causados-pelas-chuvas-e-ventos\/\" class=\"link-title\" >\t\t\t<h5 >Agricultura<\/h5>\t\t\t<h4 >DANOS CAUSADOS PELAS CHUVAS E VENTOS<\/h4>\t\t\t<\/a>\n\t\t\t<p class=\"text\" >Os danos causados pelas chuvas e ventos tendem a aumentar de ano para ano, e tanto o governo como o povo est\u00e3o bastante preocupados em se prevenir; mas, como essas obras preventivas s\u00e3o de alt\u00edssimo custo, no momento, adotam-se apenas solu\u00e7\u00f5es improvisadas. Todavia, alguma coisa dever\u00e1 ser feita, j\u00e1 que os preju\u00edzos se repetem a [&hellip;]<\/p>\t\t\t\t\t\t\t<a href=\"https:\/\/www.jinsai.org\/pt-BR\/ensinamentos\/agricultura\/danos-causados-pelas-chuvas-e-ventos\/\" class=\"more-button\" >Continue lendo <i><\/i><\/a>\n\t\t\t\t\t<\/div>\n\t\t<\/div><div class=\"widget widget_circleicon-widget\">\t\t<div class=\"circle-icon-box circle-icon-position-top circle-icon-hide-box circle-icon-size-small\">\n\t\t\t<div class=\"circle-icon-wrapper\">\n\t\t\t\t<a href=\"https:\/\/www.jinsai.org\/pt-BR\/ensinamentos\/agricultura\/laranjas-produzidas-ha-quarenta-anos-sem-adubos\/\" class=\"link-icon\" >\t\t\t\t<div class=\"circle-icon icon-style-set\" style=\"background-image: url(https:\/\/www.jinsai.org\/pt-BR\/wp-content\/uploads\/2018\/06\/Logos-Ensinamentos-Agricultura-Small.jpg)\">\n\t\t\t\t\t\t\t\t\t<\/div>\n\t\t\t\t<\/a>\t\t\t<\/div>\n\n\t\t\t<a href=\"https:\/\/www.jinsai.org\/pt-BR\/ensinamentos\/agricultura\/laranjas-produzidas-ha-quarenta-anos-sem-adubos\/\" class=\"link-title\" >\t\t\t<h5 >Agricultura<\/h5>\t\t\t<h4 >LARANJAS PRODUZIDAS H\u00c1 QUARENTA ANOS SEM ADUBOS<\/h4>\t\t\t<\/a>\n\t\t\t<p class=\"text\" >Recentemente foram me presenteadas por um fiel as laranjas que h\u00e1 quarenta anos ele produz sem uso de adubos. Experimentei-as de imediato, ela apresentava um sabor agradabil\u00edssimo, imposs\u00edvel de se expressar atrav\u00e9s de palavras. Eu nunca havia provado laranjas t\u00e3o deliciosas. Ali\u00e1s, sempre ganho dos fi\u00e9is frutas e verduras cultivadas sem adubos e realmente s\u00e3o [&hellip;]<\/p>\t\t\t\t\t\t\t<a href=\"https:\/\/www.jinsai.org\/pt-BR\/ensinamentos\/agricultura\/laranjas-produzidas-ha-quarenta-anos-sem-adubos\/\" class=\"more-button\" >Continue lendo <i><\/i><\/a>\n\t\t\t\t\t<\/div>\n\t\t<\/div><div class=\"clear\"><\/div><div class=\"widget widget_circleicon-widget\">\t\t<div class=\"circle-icon-box circle-icon-position-top circle-icon-hide-box circle-icon-size-small\">\n\t\t\t<div class=\"circle-icon-wrapper\">\n\t\t\t\t<a href=\"https:\/\/www.jinsai.org\/pt-BR\/ensinamentos\/agricultura\/sobre-as-hortas-caseiras\/\" class=\"link-icon\" >\t\t\t\t<div class=\"circle-icon icon-style-set\" style=\"background-image: url(https:\/\/www.jinsai.org\/pt-BR\/wp-content\/uploads\/2018\/06\/Logos-Ensinamentos-Agricultura-Small.jpg)\">\n\t\t\t\t\t\t\t\t\t<\/div>\n\t\t\t\t<\/a>\t\t\t<\/div>\n\n\t\t\t<a href=\"https:\/\/www.jinsai.org\/pt-BR\/ensinamentos\/agricultura\/sobre-as-hortas-caseiras\/\" class=\"link-title\" >\t\t\t<h5 >Agricultura<\/h5>\t\t\t<h4 >SOBRE AS HORTAS CASEIRAS<\/h4>\t\t\t<\/a>\n\t\t\t<p class=\"text\" >At\u00e9 o artigo anterior escrevi dirigindo-me aos especialistas. Passarei agora a escrever sobre as hortas de amadores, ou seja, sobre as hortas caseiras. Mesmo nas hortas caseiras costuma-se usar grande quantidade de estrume. Trata-se de uma pr\u00e1tica insuport\u00e1vel para quem n\u00e3o est\u00e1 habituado, pois, n\u00e3o s\u00f3 no momento da aplica\u00e7\u00e3o, mas durante dias seguidos, o [&hellip;]<\/p>\t\t\t\t\t\t\t<a href=\"https:\/\/www.jinsai.org\/pt-BR\/ensinamentos\/agricultura\/sobre-as-hortas-caseiras\/\" class=\"more-button\" >Continue lendo <i><\/i><\/a>\n\t\t\t\t\t<\/div>\n\t\t<\/div><div class=\"widget widget_circleicon-widget\">\t\t<div class=\"circle-icon-box circle-icon-position-top circle-icon-hide-box circle-icon-size-small\">\n\t\t\t<div class=\"circle-icon-wrapper\">\n\t\t\t\t<a href=\"https:\/\/www.jinsai.org\/pt-BR\/ensinamentos\/agricultura\/danos-causados-pelas-pragas\/\" class=\"link-icon\" >\t\t\t\t<div class=\"circle-icon icon-style-set\" style=\"background-image: url(https:\/\/www.jinsai.org\/pt-BR\/wp-content\/uploads\/2018\/06\/Logos-Ensinamentos-Agricultura-Small.jpg)\">\n\t\t\t\t\t\t\t\t\t<\/div>\n\t\t\t\t<\/a>\t\t\t<\/div>\n\n\t\t\t<a href=\"https:\/\/www.jinsai.org\/pt-BR\/ensinamentos\/agricultura\/danos-causados-pelas-pragas\/\" class=\"link-title\" >\t\t\t<h5 >Agricultura<\/h5>\t\t\t<h4 >DANOS CAUSADOS PELAS PRAGAS<\/h4>\t\t\t<\/a>\n\t\t\t<p class=\"text\" >S\u00e3o tr\u00eas as preocupa\u00e7\u00f5es dos agricultores: o elevado pre\u00e7o dos adubos, os preju\u00edzos causados pelas pragas e os danos decorrentes dos ventos e das chuvas. Como j\u00e1 expliquei, em cap\u00edtulos anteriores, os malef\u00edcios dos adubos, passarei a falar agora sobre os danos causados pelas pragas. \u00c9 importante saber, de forma conclusiva, que a causa do [&hellip;]<\/p>\t\t\t\t\t\t\t<a href=\"https:\/\/www.jinsai.org\/pt-BR\/ensinamentos\/agricultura\/danos-causados-pelas-pragas\/\" class=\"more-button\" >Continue lendo <i><\/i><\/a>\n\t\t\t\t\t<\/div>\n\t\t<\/div><div class=\"widget widget_circleicon-widget\">\t\t<div class=\"circle-icon-box circle-icon-position-top circle-icon-hide-box circle-icon-size-small\">\n\t\t\t<div class=\"circle-icon-wrapper\">\n\t\t\t\t<a href=\"https:\/\/www.jinsai.org\/pt-BR\/ensinamentos\/agricultura\/agricultura-natural-introducao\/\" class=\"link-icon\" >\t\t\t\t<div class=\"circle-icon icon-style-set\" style=\"background-image: url(https:\/\/www.jinsai.org\/pt-BR\/wp-content\/uploads\/2018\/06\/Logos-Ensinamentos-Agricultura-Small.jpg)\">\n\t\t\t\t\t\t\t\t\t<\/div>\n\t\t\t\t<\/a>\t\t\t<\/div>\n\n\t\t\t<a href=\"https:\/\/www.jinsai.org\/pt-BR\/ensinamentos\/agricultura\/agricultura-natural-introducao\/\" class=\"link-title\" >\t\t\t<h5 >Agricultura<\/h5>\t\t\t<h4 >AGRICULTURA NATURAL &#8211; INTRODU\u00c7\u00c3O<\/h4>\t\t\t<\/a>\n\t\t\t<p class=\"text\" >Em geral as pessoas n\u00e3o conseguem aceitar minha tese sobre a Agricultura Natural. Ficam pasmadas com ela, pois acham que \u00e9 uma vis\u00e3o completamente diferente em rela\u00e7\u00e3o \u00e0 agricultura. Mas a verdade \u00e9 que n\u00e3o s\u00f3 os produtos agr\u00edcolas, mas o pr\u00f3prio homem se encontra intoxicado pelos adubos. Muitos depositam confian\u00e7a na tese por ser [&hellip;]<\/p>\t\t\t\t\t\t\t<a href=\"https:\/\/www.jinsai.org\/pt-BR\/ensinamentos\/agricultura\/agricultura-natural-introducao\/\" class=\"more-button\" >Continue lendo <i><\/i><\/a>\n\t\t\t\t\t<\/div>\n\t\t<\/div><div class=\"clear\"><\/div>\t<\/div>\n\t<\/div><div id=\"panel-2454-0-0-1\" class=\"widget_text so-panel widget_custom_html panel-last-child\" data-index=\"1\" ><div class=\"textwidget custom-html-widget\"><iframe src=\"http:\/\/www.facebook.com\/plugins\/like.php?href=http:\/\/www.jinsai.org\/pt-BR\/ensinamentos\/agricultura\/&%0Alayout=standard&show_faces=false&width=380&action=like&colorscheme=light&height=25\" style=\"border: medium none ; overflow: hidden; width: 350px; height: 25px;\" allowtransparency=\"true\" frameborder=\"0\" scrolling=\"no\"><\/iframe>\n\n<div id=\"fb-root\"><\/div><script src=\"http:\/\/connect.facebook.net\/pt_BR\/all.js#appId=APP_ID&amp;xfbml=1\"><\/script><fb:comments href=\"http:\/\/www.jinsai.org\/pt-BR\/ensinamentos\/agricultura\/\" num_posts=\"100\" width=\"500\"><\/fb:comments><meta property='fb:app_id' content='171964893011161'\/> \n\n<div id=\"fb-root\"><\/div>\n<script>(function(d, s, id) {\n  var js, fjs = d.getElementsByTagName(s)[0];\n  if (d.getElementById(id)) return;\n  js = d.createElement(s); js.id = id;\n  js.src = 'https:\/\/connect.facebook.net\/pt_BR\/sdk.js#xfbml=1&version=v3.0&appId=171964893011161&autoLogAppEvents=1';\n  fjs.parentNode.insertBefore(js, fjs);\n}(document, 'script', 'facebook-jssdk'));<\/script>\n<div class=\"fb-share-button\" data-href=\"http:\/\/www.jinsai.org\/pt-BR\/ensinamentos\/agricultura\/\" data-layout=\"button_count\" data-size=\"large\" data-mobile-iframe=\"true\"><a target=\"_blank\" href=\"https:\/\/www.facebook.com\/sharer\/sharer.php?u=http%3A%2F%2Fwww.jinsai.org%2Fpt-BR%2Fensinamentos%2Fagricultura%2F&amp;src=sdkpreparse\" class=\"fb-xfbml-parse-ignore\">Compartilhar<\/a><\/div>\n<\/div><\/div><\/div><\/div><\/div>","protected":false},"excerpt":{"rendered":"","protected":false},"author":1,"featured_media":0,"parent":2225,"menu_order":0,"comment_status":"closed","ping_status":"closed","template":"templates\/template-full.php","meta":{"footnotes":""},"class_list":["post-2454","page","type-page","status-publish","hentry","post","post-with-thumbnail","post-with-thumbnail-icon"],"_links":{"self":[{"href":"https:\/\/www.jinsai.org\/pt-BR\/wp-json\/wp\/v2\/pages\/2454","targetHints":{"allow":["GET"]}}],"collection":[{"href":"https:\/\/www.jinsai.org\/pt-BR\/wp-json\/wp\/v2\/pages"}],"about":[{"href":"https:\/\/www.jinsai.org\/pt-BR\/wp-json\/wp\/v2\/types\/page"}],"author":[{"embeddable":true,"href":"https:\/\/www.jinsai.org\/pt-BR\/wp-json\/wp\/v2\/users\/1"}],"replies":[{"embeddable":true,"href":"https:\/\/www.jinsai.org\/pt-BR\/wp-json\/wp\/v2\/comments?post=2454"}],"version-history":[{"count":16,"href":"https:\/\/www.jinsai.org\/pt-BR\/wp-json\/wp\/v2\/pages\/2454\/revisions"}],"predecessor-version":[{"id":5056,"href":"https:\/\/www.jinsai.org\/pt-BR\/wp-json\/wp\/v2\/pages\/2454\/revisions\/5056"}],"up":[{"embeddable":true,"href":"https:\/\/www.jinsai.org\/pt-BR\/wp-json\/wp\/v2\/pages\/2225"}],"wp:attachment":[{"href":"https:\/\/www.jinsai.org\/pt-BR\/wp-json\/wp\/v2\/media?parent=2454"}],"curies":[{"name":"wp","href":"https:\/\/api.w.org\/{rel}","templated":true}]}}