{"id":2462,"date":"2018-07-05T14:06:48","date_gmt":"2018-07-05T17:06:48","guid":{"rendered":"http:\/\/www.jinsai.org\/pt-BR\/?page_id=2462"},"modified":"2022-02-16T07:52:21","modified_gmt":"2022-02-16T10:52:21","slug":"coletaneas","status":"publish","type":"page","link":"https:\/\/www.jinsai.org\/pt-BR\/ensinamentos\/coletaneas\/","title":{"rendered":"Colet\u00e2neas"},"content":{"rendered":"<div id=\"pl-2462\"  class=\"panel-layout\" ><div id=\"pg-2462-0\"  class=\"panel-grid panel-no-style\" ><div id=\"pgc-2462-0-0\"  class=\"panel-grid-cell\" ><div id=\"panel-2462-0-0-0\" class=\"so-panel widget_text panel-first-child panel-last-child\" data-index=\"0\" >\t\t\t<div class=\"textwidget\"><p>Explica\u00e7\u00e3o sobre a tradu\u00e7\u00e3o das Colet\u00e2neas<\/p>\n<p style=\"text-align: justify;\">Luz da Sabedoria Divina<br \/>\nComplemento da Colet\u00e2nea de Palestras de Meishu-Sama &#8211; sem data de publica\u00e7\u00e3o<\/p>\n<p style=\"text-align: justify;\">Reda\u00e7\u00e3o: Motokichi Inoue<\/p>\n<p>&nbsp;<\/p>\n<p style=\"text-align: justify;\">Este material em formato de perguntas e respostas consiste num resumo feito pelo Sr. Motokichi Inoue, secret\u00e1rio de Meishu-Sama, sob o consentimento do pr\u00f3prio Meishu-Sama. Posteriormente, a Sekai Kyusei Kyo chegou a public\u00e1-lo como complemento da Colet\u00e2nea de Palestras de Meishu-Sama. O n\u00famero de perguntas e respostas \u00e9 de cerca de 5000.<\/p>\n<p style=\"text-align: justify;\">No material h\u00e1 uma mistura de trechos que s\u00e3o a resposta de Meishu-Sama \u00e0s perguntas, com anota\u00e7\u00f5es do pr\u00f3prio Rev. Inoue. Sem organiza\u00e7\u00e3o final, o conte\u00fado compreende trechos de dif\u00edcil compreens\u00e3o, considerados inadequados para serem divulgados. Tamb\u00e9m n\u00e3o \u00e9 adequada a divulga\u00e7\u00e3o de apenas alguns trechos, e pedimos que a c\u00f3pia ou reprodu\u00e7\u00e3o seja apenas para fins pessoais.<\/p>\n<p style=\"text-align: justify;\">Por fim, a Equipe Jinsai manteve as adapta\u00e7\u00f5es necess\u00e1rias das anota\u00e7\u00f5es originais do site rattail.org (site em japon\u00eas onde constam a maioria dos Ensinamentos de Meishu-Sama, al\u00e9m desta colet\u00e2nea de anota\u00e7\u00f5es), inclusive os n\u00fameros para facilitar a sua organiza\u00e7\u00e3o. Em alguns trechos, foram inseridas notas de texto, informando que a anota\u00e7\u00e3o n\u00e3o foi encontrada pela equipe rattail nos originais (notas essas tamb\u00e9m mantidas pela Equipe Jinsai). Ainda, nossa equipe tomou o cuidado de deixar a tradu\u00e7\u00e3o para o portugu\u00eas o mais clara e did\u00e1tica poss\u00edvel, por vezes explicando alguns termos e nomes em japon\u00eas, que n\u00e3o s\u00e3o t\u00e3o claros para n\u00f3s, ocidentais.<\/p>\n<\/div>\n\t\t<\/div><\/div><\/div><div id=\"pg-2462-1\"  class=\"panel-grid panel-no-style\" ><div id=\"pgc-2462-1-0\"  class=\"panel-grid-cell\" ><div id=\"panel-2462-1-0-0\" class=\"so-panel widget_circleicon-widget panel-first-child\" data-index=\"1\" >\t\t<div class=\"circle-icon-box circle-icon-position-top circle-icon-hide-box circle-icon-size-large\">\n\t\t\t<div class=\"circle-icon-wrapper\">\n\t\t\t\t<a href=\"http:\/\/www.jinsai.org\/pt-BR\/ensinamentos\/coletaneas\/coletanea-de-explicacoes-divinas-1-divindade\/\" class=\"link-icon\" >\t\t\t\t<div class=\"circle-icon icon-style-set\" style=\"background-image: url(https:\/\/www.onmarkproductions.com\/html\/slideshows\/seven-luckies-namazu-national-diet-library.jpg)\">\n\t\t\t\t\t\t\t\t\t<\/div>\n\t\t\t\t<\/a>\t\t\t<\/div>\n\n\t\t\t<a href=\"http:\/\/www.jinsai.org\/pt-BR\/ensinamentos\/coletaneas\/coletanea-de-explicacoes-divinas-1-divindade\/\" class=\"link-title\" >\t\t\t\t\t\t<h4 >Colet\u00e2nea de Explica\u00e7\u00f5es Divinas 1 \u2013 Divindade<\/h4>\t\t\t<\/a>\n\t\t\t\t\t\t\t\t\t\t<a href=\"http:\/\/www.jinsai.org\/pt-BR\/ensinamentos\/coletaneas\/coletanea-de-explicacoes-divinas-1-divindade\/\" class=\"more-button\" >More Info <i><\/i><\/a>\n\t\t\t\t\t<\/div>\n\t\t<\/div><div id=\"panel-2462-1-0-1\" class=\"so-panel widget_circleicon-widget\" data-index=\"2\" >\t\t<div class=\"circle-icon-box circle-icon-position-top circle-icon-hide-box circle-icon-size-large\">\n\t\t\t<div class=\"circle-icon-wrapper\">\n\t\t\t\t<a href=\"http:\/\/www.jinsai.org\/pt-BR\/ensinamentos\/coletaneas\/coletanea-de-explicacoes-divinas-4-antiguidade\/\" class=\"link-icon\" >\t\t\t\t<div class=\"circle-icon icon-style-set\" style=\"background-image: url(http:\/\/www.jinsai.org\/pt-BR\/wp-content\/uploads\/2018\/06\/dinossauros1-992x380.jpg)\">\n\t\t\t\t\t\t\t\t\t<\/div>\n\t\t\t\t<\/a>\t\t\t<\/div>\n\n\t\t\t<a href=\"http:\/\/www.jinsai.org\/pt-BR\/ensinamentos\/coletaneas\/coletanea-de-explicacoes-divinas-4-antiguidade\/\" class=\"link-title\" >\t\t\t\t\t\t<h4 >Colet\u00e2nea de Explica\u00e7\u00f5es Divinas 4 \u2013 Antiguidade<\/h4>\t\t\t<\/a>\n\t\t\t\t\t\t\t\t\t\t<a href=\"http:\/\/www.jinsai.org\/pt-BR\/ensinamentos\/coletaneas\/coletanea-de-explicacoes-divinas-4-antiguidade\/\" class=\"more-button\" >More Info <i><\/i><\/a>\n\t\t\t\t\t<\/div>\n\t\t<\/div><div id=\"panel-2462-1-0-2\" class=\"so-panel widget_circleicon-widget panel-last-child\" data-index=\"3\" >\t\t<div class=\"circle-icon-box circle-icon-position-top circle-icon-hide-box circle-icon-size-large\">\n\t\t\t<div class=\"circle-icon-wrapper\">\n\t\t\t\t<a href=\"http:\/\/www.jinsai.org\/pt-BR\/ensinamentos\/coletaneas\/coletanea-de-explicacoes-divinas-7-astronomia-e-geofisica\/\" class=\"link-icon\" >\t\t\t\t<div class=\"circle-icon icon-style-set\" style=\"background-image: url(https:\/\/t5z6q4c2.rocketcdn.me\/wp-content\/uploads\/2020\/07\/astronomia-o-que-e-historia-definicao-e-o-estudo-dos-corpos-celestes-1024x585.jpg)\">\n\t\t\t\t\t\t\t\t\t<\/div>\n\t\t\t\t<\/a>\t\t\t<\/div>\n\n\t\t\t<a href=\"http:\/\/www.jinsai.org\/pt-BR\/ensinamentos\/coletaneas\/coletanea-de-explicacoes-divinas-7-astronomia-e-geofisica\/\" class=\"link-title\" >\t\t\t\t\t\t<h4 >Colet\u00e2nea de Explica\u00e7\u00f5es Divinas 7 \u2013 Astronomia e Geof\u00edsica<\/h4>\t\t\t<\/a>\n\t\t\t\t\t\t\t\t\t\t<a href=\"http:\/\/www.jinsai.org\/pt-BR\/ensinamentos\/coletaneas\/coletanea-de-explicacoes-divinas-7-astronomia-e-geofisica\/\" class=\"more-button\" >More Info <i><\/i><\/a>\n\t\t\t\t\t<\/div>\n\t\t<\/div><\/div><div id=\"pgc-2462-1-1\"  class=\"panel-grid-cell\" ><div id=\"panel-2462-1-1-0\" class=\"so-panel widget_circleicon-widget panel-first-child\" data-index=\"4\" >\t\t<div class=\"circle-icon-box circle-icon-position-top circle-icon-hide-box circle-icon-size-large\">\n\t\t\t<div class=\"circle-icon-wrapper\">\n\t\t\t\t<a href=\"http:\/\/www.jinsai.org\/pt-BR\/ensinamentos\/coletaneas\/coletanea-de-explicacoes-divinas-2-hierarquia-divina\/\" class=\"link-icon\" >\t\t\t\t<div class=\"circle-icon icon-style-set\" style=\"background-image: url(http:\/\/www.jinsai.org\/pt-BR\/wp-content\/uploads\/slider8\/divindade18.jpeg)\">\n\t\t\t\t\t\t\t\t\t<\/div>\n\t\t\t\t<\/a>\t\t\t<\/div>\n\n\t\t\t<a href=\"http:\/\/www.jinsai.org\/pt-BR\/ensinamentos\/coletaneas\/coletanea-de-explicacoes-divinas-2-hierarquia-divina\/\" class=\"link-title\" >\t\t\t\t\t\t<h4 >Colet\u00e2nea de Explica\u00e7\u00f5es Divinas 2 \u2013 Hierarquia Divina<\/h4>\t\t\t<\/a>\n\t\t\t\t\t\t\t\t\t\t<a href=\"http:\/\/www.jinsai.org\/pt-BR\/ensinamentos\/coletaneas\/coletanea-de-explicacoes-divinas-2-hierarquia-divina\/\" class=\"more-button\" >More Info <i><\/i><\/a>\n\t\t\t\t\t<\/div>\n\t\t<\/div><div id=\"panel-2462-1-1-1\" class=\"so-panel widget_circleicon-widget\" data-index=\"5\" >\t\t<div class=\"circle-icon-box circle-icon-position-top circle-icon-hide-box circle-icon-size-large\">\n\t\t\t<div class=\"circle-icon-wrapper\">\n\t\t\t\t<a href=\"http:\/\/www.jinsai.org\/pt-BR\/ensinamentos\/coletaneas\/coletanea-de-explicacoes-divinas-5-misterio-divino\/\" class=\"link-icon\" >\t\t\t\t<div class=\"circle-icon icon-style-set\" style=\"background-image: url(http:\/\/www.jinsai.org\/pt-BR\/wp-content\/uploads\/2018\/08\/Lua_Cheia_laranja-400x380.jpg)\">\n\t\t\t\t\t\t\t\t\t<\/div>\n\t\t\t\t<\/a>\t\t\t<\/div>\n\n\t\t\t<a href=\"http:\/\/www.jinsai.org\/pt-BR\/ensinamentos\/coletaneas\/coletanea-de-explicacoes-divinas-5-misterio-divino\/\" class=\"link-title\" >\t\t\t\t\t\t<h4 >Colet\u00e2nea de Explica\u00e7\u00f5es Divinas 5 \u2013 Mist\u00e9rio Divino<\/h4>\t\t\t<\/a>\n\t\t\t\t\t\t\t\t\t\t<a href=\"http:\/\/www.jinsai.org\/pt-BR\/ensinamentos\/coletaneas\/coletanea-de-explicacoes-divinas-5-misterio-divino\/\" class=\"more-button\" >More Info <i><\/i><\/a>\n\t\t\t\t\t<\/div>\n\t\t<\/div><div id=\"panel-2462-1-1-2\" class=\"so-panel widget_circleicon-widget\" data-index=\"6\" >\t\t<div class=\"circle-icon-box circle-icon-position-top circle-icon-hide-box circle-icon-size-large\">\n\t\t\t<div class=\"circle-icon-wrapper\">\n\t\t\t\t<a href=\"https:\/\/www.jinsai.org\/pt-BR\/ensinamentos\/coletaneas\/coletanea-de-astronomia-e-geofisica-3-corpos-celestes\/\" class=\"link-icon\" >\t\t\t\t<div class=\"circle-icon icon-style-set\" style=\"background-image: url(https:\/\/images.educamaisbrasil.com.br\/content\/banco_de_imagens\/guia-de-estudo\/D\/corpos-celestes-astronomia.jpg)\">\n\t\t\t\t\t\t\t\t\t<\/div>\n\t\t\t\t<\/a>\t\t\t<\/div>\n\n\t\t\t<a href=\"https:\/\/www.jinsai.org\/pt-BR\/ensinamentos\/coletaneas\/coletanea-de-astronomia-e-geofisica-3-corpos-celestes\/\" class=\"link-title\" >\t\t\t\t\t\t<h4 >Colet\u00e2nea de Explica\u00e7\u00f5es Divinas 3 \u2013 Corpos Celestes<\/h4>\t\t\t<\/a>\n\t\t\t\t\t\t\t\t\t\t<a href=\"https:\/\/www.jinsai.org\/pt-BR\/ensinamentos\/coletaneas\/coletanea-de-astronomia-e-geofisica-3-corpos-celestes\/\" class=\"more-button\" >More Info <i><\/i><\/a>\n\t\t\t\t\t<\/div>\n\t\t<\/div><div id=\"panel-2462-1-1-3\" class=\"so-panel widget_circleicon-widget panel-last-child\" data-index=\"7\" >\t\t<div class=\"circle-icon-box circle-icon-position-top circle-icon-hide-box circle-icon-size-large\">\n\t\t\t<div class=\"circle-icon-wrapper\">\n\t\t\t\t<a href=\"http:\/\/www.jinsai.org\/pt-BR\/ensinamentos\/coletaneas\/coletanea-sobre-religiao-5-cristianismo\/\" class=\"link-icon\" >\t\t\t\t<div class=\"circle-icon icon-style-set\" style=\"background-image: url(https:\/\/1.bp.blogspot.com\/-cBfOfZ4umV0\/V9lgOkzk4bI\/AAAAAAAAnxI\/4yqg-j8gMVkEu6jWf3vAXCKecp5dLH_4wCLcB\/s1600\/jesus.jpg)\">\n\t\t\t\t\t\t\t\t\t<\/div>\n\t\t\t\t<\/a>\t\t\t<\/div>\n\n\t\t\t<a href=\"http:\/\/www.jinsai.org\/pt-BR\/ensinamentos\/coletaneas\/coletanea-sobre-religiao-5-cristianismo\/\" class=\"link-title\" >\t\t\t\t\t\t<h4 >Colet\u00e2nea sobre Religi\u00e3o 5 &#8211; Cristianismo<\/h4>\t\t\t<\/a>\n\t\t\t\t\t\t\t\t\t\t<a href=\"http:\/\/www.jinsai.org\/pt-BR\/ensinamentos\/coletaneas\/coletanea-sobre-religiao-5-cristianismo\/\" class=\"more-button\" >More Info <i><\/i><\/a>\n\t\t\t\t\t<\/div>\n\t\t<\/div><\/div><div id=\"pgc-2462-1-2\"  class=\"panel-grid-cell\" ><div id=\"panel-2462-1-2-0\" class=\"so-panel widget_circleicon-widget panel-first-child\" data-index=\"8\" >\t\t<div class=\"circle-icon-box circle-icon-position-top circle-icon-hide-box circle-icon-size-large\">\n\t\t\t<div class=\"circle-icon-wrapper\">\n\t\t\t\t<a href=\"http:\/\/www.jinsai.org\/pt-BR\/ensinamentos\/coletaneas\/coletanea-de-explicacoes-divinas-3-cosmos\/\" class=\"link-icon\" >\t\t\t\t<div class=\"circle-icon icon-style-set\" style=\"background-image: url(http:\/\/www.jinsai.org\/pt-BR\/wp-content\/uploads\/2018\/06\/O-fato-mais-interessante-sobre-o-Universo-1080x380.jpg)\">\n\t\t\t\t\t\t\t\t\t<\/div>\n\t\t\t\t<\/a>\t\t\t<\/div>\n\n\t\t\t<a href=\"http:\/\/www.jinsai.org\/pt-BR\/ensinamentos\/coletaneas\/coletanea-de-explicacoes-divinas-3-cosmos\/\" class=\"link-title\" >\t\t\t\t\t\t<h4 >Colet\u00e2nea de Explica\u00e7\u00f5es Divinas 3 \u2013 Cosmos<\/h4>\t\t\t<\/a>\n\t\t\t\t\t\t\t\t\t\t<a href=\"http:\/\/www.jinsai.org\/pt-BR\/ensinamentos\/coletaneas\/coletanea-de-explicacoes-divinas-3-cosmos\/\" class=\"more-button\" >More Info <i><\/i><\/a>\n\t\t\t\t\t<\/div>\n\t\t<\/div><div id=\"panel-2462-1-2-1\" class=\"so-panel widget_circleicon-widget\" data-index=\"9\" >\t\t<div class=\"circle-icon-box circle-icon-position-top circle-icon-hide-box circle-icon-size-large\">\n\t\t\t<div class=\"circle-icon-wrapper\">\n\t\t\t\t<a href=\"http:\/\/www.jinsai.org\/pt-BR\/ensinamentos\/coletaneas\/coletanea-de-explicacoes-divinas-6-historia-das-divindades\/\" class=\"link-icon\" >\t\t\t\t<div class=\"circle-icon icon-style-set\" style=\"background-image: url(http:\/\/www.jinsai.org\/pt-BR\/wp-content\/uploads\/2018\/06\/ushitora-303x380.jpg)\">\n\t\t\t\t\t\t\t\t\t<\/div>\n\t\t\t\t<\/a>\t\t\t<\/div>\n\n\t\t\t<a href=\"http:\/\/www.jinsai.org\/pt-BR\/ensinamentos\/coletaneas\/coletanea-de-explicacoes-divinas-6-historia-das-divindades\/\" class=\"link-title\" >\t\t\t\t\t\t<h4 >Colet\u00e2nea de Explica\u00e7\u00f5es Divinas 6 \u2013 Hist\u00f3ria das Divindades<\/h4>\t\t\t<\/a>\n\t\t\t\t\t\t\t\t\t\t<a href=\"http:\/\/www.jinsai.org\/pt-BR\/ensinamentos\/coletaneas\/coletanea-de-explicacoes-divinas-6-historia-das-divindades\/\" class=\"more-button\" >More Info <i><\/i><\/a>\n\t\t\t\t\t<\/div>\n\t\t<\/div><div id=\"panel-2462-1-2-2\" class=\"so-panel widget_circleicon-widget panel-last-child\" data-index=\"10\" >\t\t<div class=\"circle-icon-box circle-icon-position-top circle-icon-hide-box circle-icon-size-large\">\n\t\t\t<div class=\"circle-icon-wrapper\">\n\t\t\t\t<a href=\"http:\/\/www.jinsai.org\/pt-BR\/ensinamentos\/coletaneas\/coletanea-de-astronomia-e-geofisica-4-planeta-terra\/\" class=\"link-icon\" >\t\t\t\t<div class=\"circle-icon icon-style-set\" style=\"background-image: url(http:\/\/www.jinsai.org\/pt-BR\/wp-content\/uploads\/2018\/06\/nasaplanetaterra01-940x380.jpg)\">\n\t\t\t\t\t\t\t\t\t<\/div>\n\t\t\t\t<\/a>\t\t\t<\/div>\n\n\t\t\t<a href=\"http:\/\/www.jinsai.org\/pt-BR\/ensinamentos\/coletaneas\/coletanea-de-astronomia-e-geofisica-4-planeta-terra\/\" class=\"link-title\" >\t\t\t\t\t\t<h4 >Colet\u00e2nea de Astronomia e Geof\u00edsica 4 \u2013 Planeta Terra<\/h4>\t\t\t<\/a>\n\t\t\t\t\t\t\t\t\t\t<a href=\"http:\/\/www.jinsai.org\/pt-BR\/ensinamentos\/coletaneas\/coletanea-de-astronomia-e-geofisica-4-planeta-terra\/\" class=\"more-button\" >More Info <i><\/i><\/a>\n\t\t\t\t\t<\/div>\n\t\t<\/div><\/div><\/div><div id=\"pg-2462-2\"  class=\"panel-grid panel-no-style\" ><div id=\"pgc-2462-2-0\"  class=\"panel-grid-cell\" ><div id=\"panel-2462-2-0-0\" class=\"widget_text so-panel widget_custom_html panel-first-child panel-last-child\" data-index=\"11\" ><div class=\"textwidget custom-html-widget\"><iframe src=\"http:\/\/www.facebook.com\/plugins\/like.php?href=http:\/\/www.jinsai.org\/pt-BR\/ensinamentos\/coletaneas\/&%0Alayout=standard&show_faces=false&width=380&action=like&colorscheme=light&height=25\" style=\"border: medium none ; overflow: hidden; width: 350px; height: 25px;\" allowtransparency=\"true\" frameborder=\"0\" scrolling=\"no\"><\/iframe>\n\n<div id=\"fb-root\"><\/div><script src=\"http:\/\/connect.facebook.net\/pt_BR\/all.js#appId=APP_ID&amp;xfbml=1\"><\/script><fb:comments href=\"http:\/\/www.jinsai.org\/pt-BR\/ensinamentos\/coletaneas\/\" num_posts=\"100\" width=\"500\"><\/fb:comments><meta property='fb:app_id' content='171964893011161'\/> \n\n<div id=\"fb-root\"><\/div>\n<script>(function(d, s, id) {\n  var js, fjs = d.getElementsByTagName(s)[0];\n  if (d.getElementById(id)) return;\n  js = d.createElement(s); js.id = id;\n  js.src = 'https:\/\/connect.facebook.net\/pt_BR\/sdk.js#xfbml=1&version=v3.0&appId=171964893011161&autoLogAppEvents=1';\n  fjs.parentNode.insertBefore(js, fjs);\n}(document, 'script', 'facebook-jssdk'));<\/script>\n<div class=\"fb-share-button\" data-href=\"http:\/\/www.jinsai.org\/pt-BR\/ensinamentos\/coletaneas\/\" data-layout=\"button_count\" data-size=\"large\" data-mobile-iframe=\"true\"><a target=\"_blank\" href=\"https:\/\/www.facebook.com\/sharer\/sharer.php?u=http%3A%2F%2Fwww.jinsai.org%2Fpt-BR%2Fensinamentos%2Fcoletaneas%2F&amp;src=sdkpreparse\" class=\"fb-xfbml-parse-ignore\">Compartilhar<\/a><\/div>\n<\/div><\/div><\/div><\/div><\/div>","protected":false},"excerpt":{"rendered":"<p>Explica\u00e7\u00e3o sobre a tradu\u00e7\u00e3o das Colet\u00e2neas Luz da Sabedoria Divina Complemento da Colet\u00e2nea de Palestras de Meishu-Sama &#8211; sem data de publica\u00e7\u00e3o Reda\u00e7\u00e3o: Motokichi Inoue &nbsp; Este material em formato de perguntas e respostas consiste num resumo feito pelo Sr. Motokichi Inoue, secret\u00e1rio de Meishu-Sama, sob o consentimento do pr\u00f3prio Meishu-Sama. Posteriormente, a Sekai Kyusei [&hellip;]<\/p>\n","protected":false},"author":1,"featured_media":0,"parent":2225,"menu_order":0,"comment_status":"open","ping_status":"closed","template":"templates\/template-full.php","meta":{"footnotes":""},"class_list":["post-2462","page","type-page","status-publish","hentry","post"],"_links":{"self":[{"href":"https:\/\/www.jinsai.org\/pt-BR\/wp-json\/wp\/v2\/pages\/2462","targetHints":{"allow":["GET"]}}],"collection":[{"href":"https:\/\/www.jinsai.org\/pt-BR\/wp-json\/wp\/v2\/pages"}],"about":[{"href":"https:\/\/www.jinsai.org\/pt-BR\/wp-json\/wp\/v2\/types\/page"}],"author":[{"embeddable":true,"href":"https:\/\/www.jinsai.org\/pt-BR\/wp-json\/wp\/v2\/users\/1"}],"replies":[{"embeddable":true,"href":"https:\/\/www.jinsai.org\/pt-BR\/wp-json\/wp\/v2\/comments?post=2462"}],"version-history":[{"count":69,"href":"https:\/\/www.jinsai.org\/pt-BR\/wp-json\/wp\/v2\/pages\/2462\/revisions"}],"predecessor-version":[{"id":10466,"href":"https:\/\/www.jinsai.org\/pt-BR\/wp-json\/wp\/v2\/pages\/2462\/revisions\/10466"}],"up":[{"embeddable":true,"href":"https:\/\/www.jinsai.org\/pt-BR\/wp-json\/wp\/v2\/pages\/2225"}],"wp:attachment":[{"href":"https:\/\/www.jinsai.org\/pt-BR\/wp-json\/wp\/v2\/media?parent=2462"}],"curies":[{"name":"wp","href":"https:\/\/api.w.org\/{rel}","templated":true}]}}