{"id":2475,"date":"2018-07-05T14:09:43","date_gmt":"2018-07-05T17:09:43","guid":{"rendered":"http:\/\/www.jinsai.org\/pt-BR\/?page_id=2475"},"modified":"2020-06-21T16:49:06","modified_gmt":"2020-06-21T19:49:06","slug":"coletanea-de-explicacoes-divinas-3-cosmos","status":"publish","type":"page","link":"https:\/\/www.jinsai.org\/pt-BR\/ensinamentos\/coletaneas\/coletanea-de-explicacoes-divinas-3-cosmos\/","title":{"rendered":"Colet\u00e2nea de Explica\u00e7\u00f5es Divinas 3 \u2013 Cosmos (24 &#8211; 28)"},"content":{"rendered":"<div id=\"pl-2475\"  class=\"panel-layout\" ><div id=\"pg-2475-0\"  class=\"panel-grid panel-no-style\" ><div id=\"pgc-2475-0-0\"  class=\"panel-grid-cell\" ><div id=\"panel-2475-0-0-0\" class=\"so-panel widget_siteorigin-panels-postloop panel-first-child\" data-index=\"0\" >\n\t<div id=\"vantage-circleicon-loop\" class=\"vantage-circleicon-loop circleicon-loop-columns-3\">\n\n\t\t<div class=\"widget widget_circleicon-widget\">\t\t<div class=\"circle-icon-box circle-icon-position-top circle-icon-hide-box circle-icon-size-small\">\n\t\t\t<div class=\"circle-icon-wrapper\">\n\t\t\t\t<a href=\"https:\/\/www.jinsai.org\/pt-BR\/ensinamentos\/coletaneas\/coletanea-de-explicacoes-divinas-3-cosmos\/024-a-infinitude-do-universo-e-o-meson\/\" class=\"link-icon\" >\t\t\t\t<div class=\"circle-icon icon-style-set\" style=\"background-image: url(https:\/\/www.jinsai.org\/pt-BR\/wp-content\/uploads\/2018\/06\/Space-and-Stars-150x150.jpg)\">\n\t\t\t\t\t\t\t\t\t<\/div>\n\t\t\t\t<\/a>\t\t\t<\/div>\n\n\t\t\t<a href=\"https:\/\/www.jinsai.org\/pt-BR\/ensinamentos\/coletaneas\/coletanea-de-explicacoes-divinas-3-cosmos\/024-a-infinitude-do-universo-e-o-meson\/\" class=\"link-title\" >\t\t\t<h5 >Colet\u00e2nea de Explica\u00e7\u00f5es Divinas 3 &#8211; Cosmos<\/h5>\t\t\t<h4 >024 &#8211; A INFINITUDE DO UNIVERSO E M\u00c9SON<\/h4>\t\t\t<\/a>\n\t\t\t<p class=\"text\" >Pergunta: Podemos acreditar que nosso Universo tenha uma exist\u00eancia eterna?Meishu-Sama: O Universo \u00e9 infinito. N\u00e3o d\u00e1 nem para imaginar, n\u00e3o existe nada al\u00e9m dele.O Universo \u00e9 macro-infinito e micro-infinito; por isto, part\u00edculas como o M\u00e9son podem ainda ser consideradas grandes. Em algum momento isto tamb\u00e9m ser\u00e1 compreendido.O Sol, a Lua e as estrelas (ou os [&hellip;]<\/p>\t\t\t\t\t\t\t<a href=\"https:\/\/www.jinsai.org\/pt-BR\/ensinamentos\/coletaneas\/coletanea-de-explicacoes-divinas-3-cosmos\/024-a-infinitude-do-universo-e-o-meson\/\" class=\"more-button\" >Continue lendo <i><\/i><\/a>\n\t\t\t\t\t<\/div>\n\t\t<\/div><div class=\"widget widget_circleicon-widget\">\t\t<div class=\"circle-icon-box circle-icon-position-top circle-icon-hide-box circle-icon-size-small\">\n\t\t\t<div class=\"circle-icon-wrapper\">\n\t\t\t\t<a href=\"https:\/\/www.jinsai.org\/pt-BR\/ensinamentos\/coletaneas\/coletanea-de-explicacoes-divinas-3-cosmos\/025-o-universo-e-infinito-e-eterno\/\" class=\"link-icon\" >\t\t\t\t<div class=\"circle-icon icon-style-set\" style=\"background-image: url(https:\/\/www.jinsai.org\/pt-BR\/wp-content\/uploads\/2018\/06\/O-fato-mais-interessante-sobre-o-Universo-150x150.jpg)\">\n\t\t\t\t\t\t\t\t\t<\/div>\n\t\t\t\t<\/a>\t\t\t<\/div>\n\n\t\t\t<a href=\"https:\/\/www.jinsai.org\/pt-BR\/ensinamentos\/coletaneas\/coletanea-de-explicacoes-divinas-3-cosmos\/025-o-universo-e-infinito-e-eterno\/\" class=\"link-title\" >\t\t\t<h5 >Colet\u00e2nea de Explica\u00e7\u00f5es Divinas 3 &#8211; Cosmos<\/h5>\t\t\t<h4 >025 &#8211; O UNIVERSO \u00c9 INFINITO E ETERNO<\/h4>\t\t\t<\/a>\n\t\t\t<p class=\"text\" >Pergunta: Gostaria de saber se o universo \u00e9 finito ou infinito.<\/p>\t\t\t\t\t\t\t<a href=\"https:\/\/www.jinsai.org\/pt-BR\/ensinamentos\/coletaneas\/coletanea-de-explicacoes-divinas-3-cosmos\/025-o-universo-e-infinito-e-eterno\/\" class=\"more-button\" >Continue lendo <i><\/i><\/a>\n\t\t\t\t\t<\/div>\n\t\t<\/div><div class=\"widget widget_circleicon-widget\">\t\t<div class=\"circle-icon-box circle-icon-position-top circle-icon-hide-box circle-icon-size-small\">\n\t\t\t<div class=\"circle-icon-wrapper\">\n\t\t\t\t<a href=\"https:\/\/www.jinsai.org\/pt-BR\/ensinamentos\/coletaneas\/coletanea-de-explicacoes-divinas-3-cosmos\/026-sobre-a-eternidade-da-terra\/\" class=\"link-icon\" >\t\t\t\t<div class=\"circle-icon icon-style-set\" style=\"background-image: url(https:\/\/www.jinsai.org\/pt-BR\/wp-content\/uploads\/2018\/06\/nasaplanetaterra01-150x150.jpg)\">\n\t\t\t\t\t\t\t\t\t<\/div>\n\t\t\t\t<\/a>\t\t\t<\/div>\n\n\t\t\t<a href=\"https:\/\/www.jinsai.org\/pt-BR\/ensinamentos\/coletaneas\/coletanea-de-explicacoes-divinas-3-cosmos\/026-sobre-a-eternidade-da-terra\/\" class=\"link-title\" >\t\t\t<h5 >Colet\u00e2nea de Explica\u00e7\u00f5es Divinas 3 &#8211; Cosmos<\/h5>\t\t\t<h4 >026 &#8211; SOBRE A ETERNIDADE DA TERRA<\/h4>\t\t\t<\/a>\n\t\t\t<p class=\"text\" >Pergunta: O planeta Terra ter\u00e1 uma exist\u00eancia eterna?Meishu-Sama: \u00c9 uma exist\u00eancia eterna sim. Existir\u00e1 eternamente. Sem come\u00e7o nem fim. \u00c9 como se o espa\u00e7o sideral n\u00e3o tivesse paredes (lim\u00edtrofes). A idade da terra \u00e9 eterna e perp\u00e9tua. N\u00e3o \u00e9 algo a se pensar.22 de novembro de 1948Traduzido pela Equipe Jinsai<\/p>\t\t\t\t\t\t\t<a href=\"https:\/\/www.jinsai.org\/pt-BR\/ensinamentos\/coletaneas\/coletanea-de-explicacoes-divinas-3-cosmos\/026-sobre-a-eternidade-da-terra\/\" class=\"more-button\" >Continue lendo <i><\/i><\/a>\n\t\t\t\t\t<\/div>\n\t\t<\/div><div class=\"clear\"><\/div><div class=\"widget widget_circleicon-widget\">\t\t<div class=\"circle-icon-box circle-icon-position-top circle-icon-hide-box circle-icon-size-small\">\n\t\t\t<div class=\"circle-icon-wrapper\">\n\t\t\t\t<a href=\"https:\/\/www.jinsai.org\/pt-BR\/ensinamentos\/coletaneas\/coletanea-de-explicacoes-divinas-3-cosmos\/027-o-universo-e-infinito\/\" class=\"link-icon\" >\t\t\t\t<div class=\"circle-icon icon-style-set\" style=\"background-image: url(https:\/\/www.jinsai.org\/pt-BR\/wp-content\/uploads\/2018\/06\/32d_am2017_figure23_live-150x150.jpg)\">\n\t\t\t\t\t\t\t\t\t<\/div>\n\t\t\t\t<\/a>\t\t\t<\/div>\n\n\t\t\t<a href=\"https:\/\/www.jinsai.org\/pt-BR\/ensinamentos\/coletaneas\/coletanea-de-explicacoes-divinas-3-cosmos\/027-o-universo-e-infinito\/\" class=\"link-title\" >\t\t\t<h5 >Colet\u00e2nea de Explica\u00e7\u00f5es Divinas 3 &#8211; Cosmos<\/h5>\t\t\t<h4 >027 &#8211; O UNIVERSO \u00c9 INFINITO?<\/h4>\t\t\t<\/a>\n\t\t\t<p class=\"text\" >Pergunta: Gostaria, por gentileza, que me ensinasse se o Universo \u00e9 finito ou infinito.<\/p>\t\t\t\t\t\t\t<a href=\"https:\/\/www.jinsai.org\/pt-BR\/ensinamentos\/coletaneas\/coletanea-de-explicacoes-divinas-3-cosmos\/027-o-universo-e-infinito\/\" class=\"more-button\" >Continue lendo <i><\/i><\/a>\n\t\t\t\t\t<\/div>\n\t\t<\/div><div class=\"widget widget_circleicon-widget\">\t\t<div class=\"circle-icon-box circle-icon-position-top circle-icon-hide-box circle-icon-size-small\">\n\t\t\t<div class=\"circle-icon-wrapper\">\n\t\t\t\t<a href=\"https:\/\/www.jinsai.org\/pt-BR\/ensinamentos\/coletaneas\/coletanea-de-explicacoes-divinas-3-cosmos\/028-sobre-a-origem-e-constituicao-do-universo\/\" class=\"link-icon\" >\t\t\t\t<div class=\"circle-icon icon-style-set\" style=\"background-image: url(https:\/\/www.jinsai.org\/pt-BR\/wp-content\/uploads\/2018\/06\/space-stars-galaxy-universe-andromeda-nebula-150x150.jpg)\">\n\t\t\t\t\t\t\t\t\t<\/div>\n\t\t\t\t<\/a>\t\t\t<\/div>\n\n\t\t\t<a href=\"https:\/\/www.jinsai.org\/pt-BR\/ensinamentos\/coletaneas\/coletanea-de-explicacoes-divinas-3-cosmos\/028-sobre-a-origem-e-constituicao-do-universo\/\" class=\"link-title\" >\t\t\t<h5 >Colet\u00e2nea de Explica\u00e7\u00f5es Divinas 3 &#8211; Cosmos<\/h5>\t\t\t<h4 >028 &#8211; SOBRE A ORIGEM E CONSTITUI\u00c7\u00c3O DO UNIVERSO<\/h4>\t\t\t<\/a>\n\t\t\t<p class=\"text\" >Pergunta: Gostaria que me instru\u00edsse como se deu o surgimento e a constitui\u00e7\u00e3o do Universo.<\/p>\t\t\t\t\t\t\t<a href=\"https:\/\/www.jinsai.org\/pt-BR\/ensinamentos\/coletaneas\/coletanea-de-explicacoes-divinas-3-cosmos\/028-sobre-a-origem-e-constituicao-do-universo\/\" class=\"more-button\" >Continue lendo <i><\/i><\/a>\n\t\t\t\t\t<\/div>\n\t\t<\/div>\t<\/div>\n\t<\/div><div id=\"panel-2475-0-0-1\" class=\"widget_text so-panel widget_custom_html panel-last-child\" data-index=\"1\" ><div class=\"textwidget custom-html-widget\"><iframe src=\"http:\/\/www.facebook.com\/plugins\/like.php?href=http:\/\/www.jinsai.org\/pt-BR\/ensinamentos\/coletaneas\/coletanea-de-explicacoes-divinas-3-cosmos\/&%0Alayout=standard&show_faces=false&width=380&action=like&colorscheme=light&height=25\" style=\"border: medium none ; overflow: hidden; width: 350px; height: 25px;\" allowtransparency=\"true\" frameborder=\"0\" scrolling=\"no\"><\/iframe>\n\n<div id=\"fb-root\"><\/div><script src=\"http:\/\/connect.facebook.net\/pt_BR\/all.js#appId=APP_ID&amp;xfbml=1\"><\/script><fb:comments href=\"http:\/\/www.jinsai.org\/pt-BR\/ensinamentos\/coletaneas\/coletanea-de-explicacoes-divinas-3-cosmos\/\" num_posts=\"100\" width=\"500\"><\/fb:comments><meta property='fb:app_id' content='171964893011161'\/> \n\n<div id=\"fb-root\"><\/div>\n<script>(function(d, s, id) {\n  var js, fjs = d.getElementsByTagName(s)[0];\n  if (d.getElementById(id)) return;\n  js = d.createElement(s); js.id = id;\n  js.src = 'https:\/\/connect.facebook.net\/pt_BR\/sdk.js#xfbml=1&version=v3.0&appId=171964893011161&autoLogAppEvents=1';\n  fjs.parentNode.insertBefore(js, fjs);\n}(document, 'script', 'facebook-jssdk'));<\/script>\n<div class=\"fb-share-button\" data-href=\"http:\/\/www.jinsai.org\/pt-BR\/ensinamentos\/coletaneas\/coletanea-de-explicacoes-divinas-3-cosmos\/\" data-layout=\"button_count\" data-size=\"large\" data-mobile-iframe=\"true\"><a target=\"_blank\" href=\"https:\/\/www.facebook.com\/sharer\/sharer.php?u=http%3A%2F%2Fwww.jinsai.org%2Fpt-BR%2Fensinamentos%2Fcoletaneas%2Fcoletanea-de-explicacoes-divinas-3-cosmos%2F&amp;src=sdkpreparse\" class=\"fb-xfbml-parse-ignore\">Compartilhar<\/a><\/div>\n<\/div><\/div><\/div><\/div><\/div>","protected":false},"excerpt":{"rendered":"","protected":false},"author":1,"featured_media":0,"parent":2462,"menu_order":0,"comment_status":"open","ping_status":"closed","template":"templates\/template-full.php","meta":{"footnotes":""},"class_list":["post-2475","page","type-page","status-publish","hentry","post","post-with-thumbnail","post-with-thumbnail-icon"],"_links":{"self":[{"href":"https:\/\/www.jinsai.org\/pt-BR\/wp-json\/wp\/v2\/pages\/2475","targetHints":{"allow":["GET"]}}],"collection":[{"href":"https:\/\/www.jinsai.org\/pt-BR\/wp-json\/wp\/v2\/pages"}],"about":[{"href":"https:\/\/www.jinsai.org\/pt-BR\/wp-json\/wp\/v2\/types\/page"}],"author":[{"embeddable":true,"href":"https:\/\/www.jinsai.org\/pt-BR\/wp-json\/wp\/v2\/users\/1"}],"replies":[{"embeddable":true,"href":"https:\/\/www.jinsai.org\/pt-BR\/wp-json\/wp\/v2\/comments?post=2475"}],"version-history":[{"count":13,"href":"https:\/\/www.jinsai.org\/pt-BR\/wp-json\/wp\/v2\/pages\/2475\/revisions"}],"predecessor-version":[{"id":7728,"href":"https:\/\/www.jinsai.org\/pt-BR\/wp-json\/wp\/v2\/pages\/2475\/revisions\/7728"}],"up":[{"embeddable":true,"href":"https:\/\/www.jinsai.org\/pt-BR\/wp-json\/wp\/v2\/pages\/2462"}],"wp:attachment":[{"href":"https:\/\/www.jinsai.org\/pt-BR\/wp-json\/wp\/v2\/media?parent=2475"}],"curies":[{"name":"wp","href":"https:\/\/api.w.org\/{rel}","templated":true}]}}