{"id":248,"date":"2018-06-02T08:15:22","date_gmt":"2018-06-02T11:15:22","guid":{"rendered":"http:\/\/www.jinsai.org\/pt-BR\/?page_id=248"},"modified":"2020-03-26T18:15:57","modified_gmt":"2020-03-26T21:15:57","slug":"prototipos-do-paraiso-terrestre","status":"publish","type":"page","link":"https:\/\/www.jinsai.org\/pt-BR\/prototipos-do-paraiso-terrestre\/","title":{"rendered":"Prot\u00f3tipos do Para\u00edso Terrestre"},"content":{"rendered":"<p class=\"style5\" align=\"justify\">Observando a sociedade atual, como o demonstram os jornais e, diariamente, notici\u00e1rios de r\u00e1dio, n\u00e3o \u00e9 que as coisas que n\u00e3o prestam s\u00e3o muitas? Como \u00e9 do conhecimento geral, al\u00e9m das guerras, podemos enumerar, por cima, a corrup\u00e7\u00e3o do funcionalismo p\u00fablico, assassinatos, assaltos, embustes, furtos em lojas, suic\u00eddios, inclusive de fam\u00edlias inteiras, tuberculose e doen\u00e7as contagiosas, car\u00eancia de arroz, falta de moradia, escassez de moeda, opress\u00e3o fiscal&#8230; As boas not\u00edcias s\u00e3o raras como estrelas no c\u00e9u da manh\u00e3. Perguntamo-nos, ent\u00e3o, por que esta sociedade ficou assim? Haver\u00e1, de fato, v\u00e1rios motivos, mas, em suma, \u00e9 a decad\u00eancia da Moral, \u00e9 a evid\u00eancia do grau do rebaixamento do n\u00edvel humano. Ultimamente, a intelectualidade e os educadores passaram a ter interesse pela quest\u00e3o. Uma das causas poderia estar nos excessos da ideologia liberal do p\u00f3s-guerra. Por conseguinte, parece que os c\u00edrculos competentes est\u00e3o discutindo n\u00e3o haver outra solu\u00e7\u00e3o para o momento, a n\u00e3o ser a restaura\u00e7\u00e3o e o incentivo do Ensino e da educa\u00e7\u00e3o moral e c\u00edvica. O que \u00e9 de se estranhar \u00e9 que, no Jap\u00e3o, n\u00e3o se busque jamais a resposta na religi\u00e3o para tais casos. No entanto, n\u00e3o \u00e9 para menos. As religi\u00f5es antigas s\u00e3o por demais impotentes, enquanto, nas modernas, a supersti\u00e7\u00e3o e o charlatanismo parecem dominar. Consequentemente, n\u00e3o se encontra de maneira alguma o m\u00e9todo de solu\u00e7\u00e3o radical para o problema.<\/p>\n<p class=\"style5\" align=\"justify\">Contudo, eu estou tocando um projeto concreto, com vistas a colaborar para a resposta da quest\u00e3o, de um ponto de vista distinto. T\u00eam-se, primeiramente, as divers\u00f5es de um modo geral. Desnecess\u00e1rio mencionar, aqui, a necessidade que o povo tem da divers\u00e3o, em qualquer \u00e9poca. Mas o caso \u00e9 que, na sociedade hodierna, s\u00e3o numerosos os divertimentos baixos e vulgares. N\u00e3o existe, de fato, inconveniente nenhum no teatro, no cinema, nos esportes, no jogo de&nbsp;<em>go<\/em>, no xadrez japon\u00eas, no&nbsp;<em>mahjong<\/em>, no pebolim ou outros. Penso, todavia, que se fazem enormemente necess\u00e1rios divertimentos mais elevados. Nesse sentido, temos os prot\u00f3tipos do Para\u00edso Terrestre, que atualmente esta Igreja est\u00e1 construindo em Hakone e Atami. Como j\u00e1 escrevi ami\u00fade, est\u00e3o edificando-se para\u00edsos grandiosos e ideais, com a conjuga\u00e7\u00e3o das belezas natural e artificial. Al\u00e9m do mais, trata-se de algo de tal maneira espl\u00eandido, que talvez, at\u00e9 hoje, n\u00e3o houve quem idealizasse uma concep\u00e7\u00e3o em moldes semelhantes. Mod\u00e9stia \u00e0 parte, quem quer que se ponha fisicamente aqui, vem a se esquecer de tudo, embriagado pela atmosfera completamente distante do mundo vulgar e infernal: experimenta-se a sensa\u00e7\u00e3o de estar por sobre as nuvens. Embora o projeto encontre-se ainda pela metade, todos o elogiam assim.<\/p>\n<p class=\"style5\" align=\"justify\">A obra de Hakone est\u00e1 prestes a ser conclu\u00edda, mas, por suas dimens\u00f5es serem diminutas, deter-me-ei na descri\u00e7\u00e3o mais acurada do projeto de Atami, em constru\u00e7\u00e3o. Nos seus jardins de cem mil metros quadrados, rico em eleva\u00e7\u00f5es e concavidades, estamos plantando \u00e1rvores que d\u00e3o flores, como ameixeiras, cerejeiras e azaleias, entremeando-as com outras de folhagem, preparando, tamb\u00e9m, canteiros de flores variadas. Assim, com a chegada da primavera, n\u00e3o somente essa paisagem encantar\u00e1 a vista, mas a contempla\u00e7\u00e3o do panorama da Ba\u00eda de Sagami ao longe permitir\u00e1 dizer, sem exagero, ser este o jardim das del\u00edcias, grandioso e ideal. Al\u00e9m de tudo, em termos de posi\u00e7\u00e3o, tal Para\u00edso Terrestre goza da melhor em Atami. Com vistas a abrilhantar ainda mais o conjunto, teremos um museu de belas-artes cl\u00e1ssico que, na alvorada da conclus\u00e3o, tornar\u00e1 necessariamente o Para\u00edso Terrestre centro da admira\u00e7\u00e3o de japoneses e estrangeiros. Portanto, qualquer pessoa que uma vez puser aqui os seus p\u00e9s ter\u00e1 sua alma lavada das impurezas do h\u00e1bito mundano e mitigado o seu esp\u00edrito da aridez. Naturalmente, n\u00e3o apenas sua disposi\u00e7\u00e3o com rela\u00e7\u00e3o ao trabalho tornar-se-\u00e1 v\u00edvida, aumentando sua efici\u00eancia, como tamb\u00e9m, espontaneamente, sua moral se elevar\u00e1. O efeito sobre o esp\u00edrito social, pois, ser\u00e1 extraordin\u00e1rio.<\/p>\n<p class=\"style5\" align=\"right\">Jornal Eiko, n\u00ba 137<\/p>\n<p class=\"style5\" align=\"right\">1\u00ba de janeiro de 1952<\/p>\n<p style=\"text-align: justify;\" align=\"right\"><strong>Sobre a ordem<\/strong><\/p>\n<p style=\"text-align: justify;\">Conclu\u00eddo Hakone, passa-se a Atami, e conclu\u00eddo Atami, volta-se novamente a Hakone. Esta \u00e9 a ordem. O que estou executando no momento \u00e9 o Programa Divino mais importante e Deus n\u00e3o permite que haja um m\u00ednimo de desvio na ordem, como os membros antigos sabem perfeitamente. Realmente \u00e9 algo muito interessante.<\/p>\n<p style=\"text-align: right;\">23 de setembro de 1953<\/p>\n<p style=\"text-align: justify;\">Diz-se que &#8220;Deus \u00e9 Ordem&#8221;. Por estarem perturbando a ordem \u00e9 que a sociedade atual se acha extremamente conturbada. Mas o homem desconhece isso. Portanto, caso Hakone n\u00e3o se conclua, Atami tamb\u00e9m n\u00e3o se concluir\u00e1. Al\u00e9m do mais, tenho comprado um terreno aqui, no qual pretendo construir, futuramente, uma grande sede principal. Mas, ainda nisto, \u00e9 preciso haver ordem. Primeiro, Hakone dever\u00e1 ser conclu\u00eddo, depois Atami, novamente Hakone (Sede Principal): a seguir, n\u00e3o sei se vir\u00e1 antes Odawara ou se Kyoto. As coisas dever\u00e3o ocorrer nesta ordem. Esta \u00e9 a ordem maior.<\/p>\n<p style=\"text-align: right;\">28 de agosto de 1951<\/p>\n<p style=\"text-align: justify;\">Ser\u00e1, enfim, conclu\u00eddo o Para\u00edso Terrestre no Jap\u00e3o que, pela ordem, dever\u00e1 se expandir gradativamente no exterior. Isso explica o que eu disse h\u00e1 pouco, que Hakone vem a ser o modelo do Jap\u00e3o e Atami o do exterior. Com a conclus\u00e3o do Para\u00edso Terrestre de Shinsen-kyo neste ano, o pr\u00f3ximo passo ser\u00e1 Atami. Por fim, ir-se-\u00e1 expandindo aos poucos, de pequenas formas do Para\u00edso Terrestre do Jap\u00e3o para as do exterior. Deus est\u00e1, no momento, preparando essa forma, passo a passo.<\/p>\n<p style=\"text-align: right;\">17 de outubro de 1953<\/p>\n<p><strong>Concretizando o Prot\u00f3tipo do Para\u00edso Terrestre em Ky\u014dto, surgir\u00e1 o Miroku de tr\u00eas posi\u00e7\u00f5es em um corpo<\/strong><\/p>\n<p style=\"text-align: center;\">Hakone (5 \u2013 montanha \u2013 fogo &#8211; Mundo Divino)<\/p>\n<p style=\"text-align: center;\">Atami (6 \u2013 mar \u2013 \u00e1gua &#8211; Mundo Material)<\/p>\n<p style=\"text-align: center;\">Ky\u014dto (7 \u2013 plan\u00edcie \u2013 terra &#8211; Mundo B\u00fadico)<\/p>\n<p style=\"text-align: justify;\">Falando mais sobe isso, Hakone \u00e9 5. Isso porque \u00e9 montanha, \u00e9 fogo. Por isso \u00e9 5. Atami \u00e9 6. Isso porque as montanhas s\u00e3o baixas e t\u00eam mar. E como Ky\u014dto \u00e9 terra, se torna 7. Por isso se torna isso.<\/p>\n<p style=\"text-align: justify;\">5 \u00e9 Deus. Bom&#8230; \u00c9 a raz\u00e3o de se tornar o Mundo Divino. Depois 6 vira o Mundo Material. Em uma palavra, \u00e9 a cultura cient\u00edfica. Por isso que o mundo at\u00e9 hoje era o mundo de 6. Enfim, o mundo da \u00e1gua.<\/p>\n<p style=\"text-align: justify;\">7 \u00e9 o Mundo B\u00fadico. Podemos pensar desse jeito. Por isso, toda Ky\u014dto \u00e9 7. 7 \u00e9 terra, tem que ser um lugar plano. Por conseguinte, Ky\u014dto tem esse significado. (Abrevia\u00e7\u00e3o)<\/p>\n<p>Por isso que, concluindo o Para\u00edso Terrestre em Ky\u014dto, com Hakone, Atami e Ky\u014dto, se torna 5, 6 e 7. Enfim, \u00e9 a raz\u00e3o de tomar a forma de Miroku de tr\u00eas posi\u00e7\u00f5es em um corpo. Por isso que correspondendo com o tempo adequado, pela parte de Deus, o plano ser\u00e1 justamente executado.<\/p>\n<p style=\"text-align: right;\">Culto de Outono<\/p>\n<p style=\"text-align: right;\">24 de setembro de 1952<\/p>\n<p>&nbsp;<\/p>\n<p><img loading=\"lazy\" decoding=\"async\" class=\"size-full wp-image-2251 aligncenter\" src=\"https:\/\/www.jinsai.org\/pt-BR\/wp-content\/uploads\/2018\/07\/Trilogia-de-Miroku.jpg\" alt=\"\" width=\"3000\" height=\"2250\" srcset=\"https:\/\/www.jinsai.org\/pt-BR\/wp-content\/uploads\/2018\/07\/Trilogia-de-Miroku.jpg 3000w, https:\/\/www.jinsai.org\/pt-BR\/wp-content\/uploads\/2018\/07\/Trilogia-de-Miroku-300x225.jpg 300w, https:\/\/www.jinsai.org\/pt-BR\/wp-content\/uploads\/2018\/07\/Trilogia-de-Miroku-768x576.jpg 768w, https:\/\/www.jinsai.org\/pt-BR\/wp-content\/uploads\/2018\/07\/Trilogia-de-Miroku-1024x768.jpg 1024w\" sizes=\"auto, (max-width: 3000px) 100vw, 3000px\" \/><\/p>\n<p>&nbsp;<\/p>\n<p style=\"text-align: justify;\">Meishu-Sama escolheu as terras de Hakone, Atami e Kyoto, dotadas de magn\u00edfica paisagem, e designou-as respectivamente de Shinsen-Kyo, a Terra Divina; Zuiun-Kyo, a Terra Celestial; e Heian-Kyo, a Terra da Tranquilidade. Empregou todas as suas for\u00e7as para construir, a\u00ed, prot\u00f3tipos do Para\u00edso Terrestre, os quais expressassem perfeitamente o mundo ideal de Verdade, Bem e Belo. Centralizado nesses Prot\u00f3tipos do Para\u00edso Terrestre, veio desenvolvendo a Obra Divina.<\/p>\n<p style=\"text-align: justify;\"><strong>1 &#8211; O Prot\u00f3tipo do Para\u00edso Terrestre \u00e9 o centro do mundo, o lugar ideal determinado por Deus<\/strong><\/p>\n<p style=\"text-align: justify;\">A respeito do Shinsen-Kyo, a Terra Divina de Hakone, Meishu-Sama nos ensinou que ele \u00e9 o centro do mundo, dizendo: \u201cEspiritualmente, o Jap\u00e3o \u00e9 o centro do mundo. Hakone \u00e9 o centro do Jap\u00e3o, e Gora \u00e9 o centro de Hakone. \u201cKamiyama\u201d, a Montanha Divina que se ergue, ao fundo da Montanha Souri, a qual podemos avistar do Shinsen-Kyo, \u00e9 a mais alta da Cordilheira de Hakone, sendo o verdadeiro centro de Jap\u00e3o. Essa montanha \u00e9 o ponto de separa\u00e7\u00e3o entre o Leste e o Oeste japon\u00eas e, na minha opini\u00e3o, o nome Montanha Divina lhe \u00e9 muito adequado.<\/p>\n<p style=\"text-align: justify;\">Na realidade, o prot\u00f3tipo do Para\u00edso Terrestre deveria ser constru\u00eddo em cima da Montanha Divina, mas, por ser imposs\u00edvel, escolhi esse lugar. Dei \u00e0 minha primeira resid\u00eancia o nome de \u201cShinzan-So\u201d, Solar da Montanha Divina, justamente por t\u00ea-la como modelo da Montanha Divina\u201d.<\/p>\n<p style=\"text-align: justify;\">Meishu-Sama esclarece, tamb\u00e9m, a misteriosa e profunda Vontade Divina, dizendo o seguinte sobre o Zuiun-Kyo de Atami: \u201cTanto pela beleza da \u00e1gua e da montanha, como pelo clima, pelas \u00e1guas termais, pela facilidade dos meios de transporte etc., Atami \u00e9 provida de todas as condi\u00e7\u00f5es para prot\u00f3tipo do Para\u00edso Terrestre; em nenhum lugar do Jap\u00e3o existe um lugar com paisagens t\u00e3o magn\u00edficas.<\/p>\n<p style=\"text-align: justify;\">A sua constru\u00e7\u00e3o obedeceu a um plano eterno, tra\u00e7ado na \u00e9poca em que o Criador do Universo criou a Terra, o que aconteceu h\u00e1 milhares ou bilhares de anos. Mas, quando Deus a criou, estabeleceu um local paradis\u00edaco como Parque Mundial, denominado Jap\u00e3o, e, como condi\u00e7\u00f5es necess\u00e1rias para esta realiza\u00e7\u00e3o, dotou-o com excelente clima, aspecto, beleza natural etc. e aguardou o tempo certo.<\/p>\n<p style=\"text-align: justify;\">Atami corresponde a isso; Hakone e o Monte Fuji tamb\u00e9m possuem este significado.<\/p>\n<p style=\"text-align: justify;\">Atami, principalmente, foi objetivada como Terra Ideal de m\u00e1xima beleza\u201d.<\/p>\n<p style=\"text-align: justify;\">Considerando as ilhas de Ooshima e Hatsushima, que se avistam do Zuiun-Kyo, como se fossem uma paisagem em miniatura, constitu\u00edda de pedras e areia, os seis cabos, a fileira de montanhas de Jukkoku, na cordilheira de Hakone, a superf\u00edcie do mar calmo como um espelho, que nos parece uma lagoa, e a beleza das montanhas de Atami, s\u00e3o a maior obra de Deus. Meishu-Sama amou a paisagem do Zuiun-Kyo como a nenhum outro lugar e valorizou-o altamente como Prot\u00f3tipo do Para\u00edso Terrestre.<\/p>\n<p style=\"text-align: justify;\">Dessa maneira, o Shinsen-Kyo, a Terra Divina de Hakone, tem o profundo significado espiritual de ser o centro do mundo, e o Zuiun-Kyo, a Terra Celestial de Atami, tal como o Prot\u00f3tipo do Para\u00edso Terrestre de Hakone e de Kyoto, foi preparado e constru\u00eddo como terra ideal.<\/p>\n<p style=\"text-align: justify;\">Uma das caracter\u00edsticas do Zuiun-Kyo de Atami \u00e9 a grande quantidade de muros de pedras. Todas as pedras sa\u00edram do pr\u00f3prio Zuiun-Kyo, o que \u00e9 considerado um mist\u00e9rio sem par em toda a cidade de Atami.<\/p>\n<p style=\"text-align: justify;\">Quanto \u00e0s rochas existentes no Shinsen-Kyo, entre todas as montanhas de Hakone, Gora \u00e9 a localidade que as possui em maior quantidade. Existe a\u00ed, uma infinidade de enormes rochas, dos mais variados tipos.<\/p>\n<p style=\"text-align: justify;\">Por ocasi\u00e3o da constru\u00e7\u00e3o dos jardins, houve uma sequ\u00eancia de milagres: as pedras de que necessit\u00e1vamos estavam sempre nas imedia\u00e7\u00f5es; as \u00e1rvores, arbustos e plantas. tudo que era necess\u00e1rio vinha misteriosamente \u00e0s nossas m\u00e3os. Por esse motivo, podemos ver que este local \u00e9 realmente sagrado e que foi Deus quem o preparou, desde tempos remotos.<\/p>\n<p style=\"text-align: justify;\">Assim, para a constru\u00e7\u00e3o do Prot\u00f3tipo do Para\u00edso Terrestre, n\u00e3o foi apenas escolhido um lugar dotado de magn\u00edficas paisagens, nem foi ele constru\u00eddo pelo poder humano, mas planejado por Deus desde a origem da Terra e, no tempo certo, constru\u00eddo atrav\u00e9s de Meishu-Sama. Nisto reside o seu car\u00e1ter m\u00edstico e sagrado, que a intelig\u00eancia humana n\u00e3o pode avaliar.<\/p>\n<p><img loading=\"lazy\" decoding=\"async\" class=\"aligncenter wp-image-1660 size-full\" src=\"https:\/\/www.jinsai.org\/pt-BR\/wp-content\/uploads\/slider5\/hakone451.jpeg\" alt=\"\" width=\"640\" height=\"480\" srcset=\"https:\/\/www.jinsai.org\/pt-BR\/wp-content\/uploads\/slider5\/hakone451.jpeg 640w, https:\/\/www.jinsai.org\/pt-BR\/wp-content\/uploads\/slider5\/hakone451-300x225.jpeg 300w\" sizes=\"auto, (max-width: 640px) 100vw, 640px\" \/><\/p>\n<p style=\"text-align: justify;\"><strong>2 &#8211; O Prot\u00f3tipo do Para\u00edso Terrestre \u00e9 a fonte da Luz<\/strong><\/p>\n<p style=\"text-align: justify;\">No Komyo-Shinden, Santu\u00e1rio da Divina Luz, localizado no Shinsen-Kyo, Terra Divina de Hakone, est\u00e3o assentados o Deus Supremo que, sob o nome de MIROKU OOMIKAMI, manifestou-Se para construir o Para\u00edso Terrestre, e o Esp\u00edrito Divino de MEISHU-NO-OOMIKAMI.<\/p>\n<p style=\"text-align: justify;\">Do ponto de vista espiritual, isso significa que a Luz surgiu do centro da Terra, e que o Mundo de Luz se concretizar\u00e1. Isto \u00e9, tendo como fonte de Luz o Santu\u00e1rio da Divina Luz, Deus vem ativando o Seu poder, e com isso a Sua obra est\u00e1 se desenvolvendo mundialmente.<\/p>\n<p style=\"text-align: justify;\">Meishu-Sama nos ensina:<\/p>\n<p style=\"text-align: justify;\">\u201cHakone est\u00e1 relacionado com o Mundo Espiritual; Atami, com o Mundo Material. Hakone \u00e9 o centro do Esp\u00edrito; o que ali se planeja, reflete-se para Atami e se transforma em Provid\u00eancia Divina expressa materialmente\u201d. Entretanto, o Templo Messi\u00e2nico de Atami \u00e9 a fonte de Luz que representa as atividades de car\u00e1ter material.<\/p>\n<p style=\"text-align: justify;\">Meishu-Sama mostrou claramente a Sua rela\u00e7\u00e3o com Deus, dizendo: \u201cPara alcan\u00e7ar o objetivo de construir o Para\u00edso Terrestre, Deus me concedeu uma grande for\u00e7a e realiza a Sua obra na Terra, tendo-me como Seu instrumento\u201d. Como podemos compreender, atrav\u00e9s disso, o poder Divino de Salva\u00e7\u00e3o \u00e9 manifestado atrav\u00e9s de Meishu-Sama. Ele est\u00e1 assentado no Prot\u00f3tipo do Para\u00edso Terrestre e este \u00e9 a fonte de suas atividades.<\/p>\n<p style=\"text-align: justify;\">Dessa maneira, como fonte da Luz Divina, o Prot\u00f3tipo do Para\u00edso Terrestre transborda de Luz.<\/p>\n<p><img loading=\"lazy\" decoding=\"async\" class=\"aligncenter wp-image-1636 size-full\" src=\"https:\/\/www.jinsai.org\/pt-BR\/wp-content\/uploads\/slider5\/hakone171.jpeg\" alt=\"\" width=\"640\" height=\"480\" srcset=\"https:\/\/www.jinsai.org\/pt-BR\/wp-content\/uploads\/slider5\/hakone171.jpeg 640w, https:\/\/www.jinsai.org\/pt-BR\/wp-content\/uploads\/slider5\/hakone171-300x225.jpeg 300w\" sizes=\"auto, (max-width: 640px) 100vw, 640px\" \/><\/p>\n<p style=\"text-align: justify;\"><strong>3 &#8211; O Prot\u00f3tipo do Para\u00edso Terrestre \u00e9 a forma materializada do Para\u00edso na Terra<br \/>\n<\/strong><\/p>\n<p style=\"text-align: justify;\">Qual o significado do prot\u00f3tipo do Para\u00edso Terrestre? Deus desenvolve o Seu plano atrav\u00e9s de \u201ckata\u201d (modelos). Assim como as ondas se propagam quando se atiram pedras num lago, para tornar o mundo um Para\u00edso, j\u00e1 foi atirada a primeira pedra, que ser\u00e1 o seu centro. Partindo desse princ\u00edpio, Deus construiu o prot\u00f3tipo do Para\u00edso Terrestre no Shinsen-Kyo de Hakone que, espiritualmente, \u00e9 o centro do mundo. Teremos o Para\u00edso na Terra quando essas ondas se propagarem mundialmente.<\/p>\n<p style=\"text-align: justify;\">Por isso, quando o prot\u00f3tipo do Para\u00edso Terrestre, no Shinsen-Kyo de Hakone, foi terminado, a 15 de junho de 1953, realizou-se um culto tomando-o como dia do estabelecimento do Para\u00edso Terrestre.<\/p>\n<p style=\"text-align: justify;\">Pela rela\u00e7\u00e3o esp\u00edrito-mat\u00e9ria existente entre Hakone e Atami, Hakone \u00e9 vertical, \u00e9 o modelo do Oriente; Atami \u00e9 horizontal, \u00e9 o modelo do Ocidente. Isso ir\u00e1 expandir-se mundialmente.<\/p>\n<p style=\"text-align: justify;\">Meishu-Sama iniciava uma atividade da Obra Divina em Hakone e, logo depois, passava-a para Atami. Conforme nos ensinou, Ele veio seguindo a Lei do Esp\u00edrito Precede a Mat\u00e9ria: \u201cHakone \u00e9 esp\u00edrito; Atami \u00e9 mat\u00e9ria. Hakone ser\u00e1 o modelo do Mundo Espiritual; Atami, o modelo do Mundo Material\u201d.<\/p>\n<p style=\"text-align: justify;\">Como exemplo do que afirmava, construiu primeiro Hakone e depois Atami. Tamb\u00e9m as novas ideias eram anunciadas em Hakone; as orienta\u00e7\u00f5es concretas, em Atami.<\/p>\n<p style=\"text-align: justify;\">Sendo assim, qual o significado do Heian-Kyo de Kyoto, a Terra da Tranq\u00fcilidade? \u201cEspiritualmente, Hakone \u00e9 montanha (fogo), Atami \u00e9 mar (\u00e1gua), e Kyoto \u00e9 terra\u201d \u2014 assim nos ensinou Meishu-Sama.<\/p>\n<p style=\"text-align: justify;\">O Heian-Kyo \u00e9 um Prot\u00f3tipo do Para\u00edso Terrestre que possui caracteres de beleza diferentes em rela\u00e7\u00e3o aos dos Prot\u00f3tipos do Para\u00edso Terrestre de Hakone e Atami. Assim, vemos que \u00e0 medida que vai se desenvolvendo a constru\u00e7\u00e3o dos Solos Sagrados de Hakone, Atami e Kyoto, que est\u00e3o numa rela\u00e7\u00e3o de trilogia, na Obra Divina, aproxima-se o dia em que eles atingir\u00e3o a plenitude, como prot\u00f3tipos do Para\u00edso Terrestre.<\/p>\n<p style=\"text-align: justify;\">Portanto, conservar ao m\u00e1ximo o Prot\u00f3tipo do Para\u00edso Terrestre, mant\u00ea-lo o mais belo poss\u00edvel e planejar a expans\u00e3o de suas instala\u00e7\u00f5es de acordo com o plano de Meishu-Sama \u00e9 muito importante, sob o aspecto da Provid\u00eancia Divina de constru\u00e7\u00e3o do Para\u00edso Terrestre.<\/p>\n<p style=\"text-align: justify;\">Tendo como eixo principal da Obra Divina a constru\u00e7\u00e3o global do Prot\u00f3tipo do Para\u00edso Terrestre, n\u00f3s devemos realiz\u00e1-la com sinceridade, correspondendo, dessa forma, ao encargo que nos foi atribu\u00eddo.<\/p>\n<p><img loading=\"lazy\" decoding=\"async\" class=\"aligncenter wp-image-1635 size-full\" src=\"https:\/\/www.jinsai.org\/pt-BR\/wp-content\/uploads\/slider5\/hakone201.jpeg\" alt=\"\" width=\"640\" height=\"480\" srcset=\"https:\/\/www.jinsai.org\/pt-BR\/wp-content\/uploads\/slider5\/hakone201.jpeg 640w, https:\/\/www.jinsai.org\/pt-BR\/wp-content\/uploads\/slider5\/hakone201-300x225.jpeg 300w\" sizes=\"auto, (max-width: 640px) 100vw, 640px\" \/><\/p>\n<p style=\"text-align: justify;\"><strong>4 &#8211; No Prot\u00f3tipo do Para\u00edso Terrestre est\u00e1 depositado o sentimento de Meishu-Sama<\/strong><\/p>\n<p style=\"text-align: justify;\">Meishu-Sama adquiriu os terrenos de Hakone em 1944 e os de Atami em 1945, come\u00e7ando em seguida a constru\u00e7\u00e3o dos dois Solos Sagrados.<\/p>\n<p style=\"text-align: justify;\">Passava dias e dias absorto nos trabalhos de planejamento, exames, indica\u00e7\u00f5es de encargos etc. Ele centralizava a realiza\u00e7\u00e3o da Obra Divina na escrita do \u201cOhikari\u201d e da Imagem da Luz Divina e na elabora\u00e7\u00e3o dos Ensinamentos.<\/p>\n<p style=\"text-align: justify;\">Para construir um mundo ideal de Verdade, Bem e Belo e para proporcionar sa\u00fade, riqueza e paz \u00e0 humanidade, Meishu-Sama depositou todo o Seu sentimento no Prot\u00f3tipo do Para\u00edso Terrestre. Tendo-o como Obra Divina indispens\u00e1vel, apressou o seu t\u00e9rmino com uma paix\u00e3o messi\u00e2nica.<\/p>\n<p style=\"text-align: justify;\">Principalmente na constru\u00e7\u00e3o do Shinsen-Kyo de Hakone, que foi desenvolvida durante e ap\u00f3s a guerra, \u00e9poca em que a alimenta\u00e7\u00e3o era escassa, Meishu-Sama incentivou os seus empregados a ponto de dar-lhes o arroz que possu\u00eda, e, substituindo a sua alimenta\u00e7\u00e3o por um longo per\u00edodo, construiu o Prot\u00f3tipo do Para\u00edso Terrestre, vencendo milagrosamente as dificuldades relacionadas com a aquisi\u00e7\u00e3o de material e m\u00e3o-de-obra.<\/p>\n<p style=\"text-align: justify;\">Meishu-Sama dispensava aten\u00e7\u00f5es ao planejamento dos edif\u00edcios, \u00e0 constitui\u00e7\u00e3o do todo, a um conjunto de rochas, a uma \u00e1rvore ou a uma flor. Sempre em busca da arte mais elevada, desenvolveu a constru\u00e7\u00e3o dirigindo os empregados e dedicantes. Assim, todo o Seu sentimento continua palpitante no Prot\u00f3tipo do Para\u00edso Terrestre. Realmente, o Prot\u00f3tipo do Para\u00edso Terrestre \u00e9 uma obra de arte feita pela grande natureza, na qual Meishu-Sama colocou o Seu esp\u00edrito.<\/p>\n<p style=\"text-align: justify;\">Como Fonte de Luz e como Terra da Arte, no Prot\u00f3tipo do Para\u00edso Terrestre, onde est\u00e1 depositado o sentimento de Meishu-Sama, existe a grande virtude de, atrav\u00e9s dos olhos de quem o v\u00ea, despertar a percep\u00e7\u00e3o do Belo que existe no interior de cada ser humano, elevando o seu car\u00e1ter e purificando as m\u00e1culas do seu esp\u00edrito.<\/p>\n<p style=\"text-align: justify;\">Al\u00e9m do Prot\u00f3tipo do Para\u00edso Terrestre ser para todos n\u00f3s, fi\u00e9is, o lugar ideal provido de Verdade, Bem, Belo que a humanidade procura, ele \u00e9, agora, o Prot\u00f3tipo do Para\u00edso Terrestre do Mundo.<\/p>\n<p><img loading=\"lazy\" decoding=\"async\" class=\"aligncenter wp-image-1279 size-full\" src=\"https:\/\/www.jinsai.org\/pt-BR\/wp-content\/uploads\/2018\/06\/MeishuSama07.jpg\" alt=\"\" width=\"500\" height=\"361\" srcset=\"https:\/\/www.jinsai.org\/pt-BR\/wp-content\/uploads\/2018\/06\/MeishuSama07.jpg 500w, https:\/\/www.jinsai.org\/pt-BR\/wp-content\/uploads\/2018\/06\/MeishuSama07-300x217.jpg 300w\" sizes=\"auto, (max-width: 500px) 100vw, 500px\" \/><\/p>\n<p>&nbsp;<br \/>\n<iframe src=\"http:\/\/www.facebook.com\/plugins\/like.php?href= https:\/\/www.jinsai.org\/pt-BR\/prototipos-do-paraiso-terrestre\/museus\/&amp;%0Alayout=standard&amp;show_faces=false&amp;width=380&amp;action=like&amp;colorscheme=light&amp;height=25\" style=\"border: medium none ; overflow: hidden; width: 350px; height: 25px;\" allowtransparency=\"true\" scrolling=\"no\" frameborder=\"0\"><\/iframe><\/p>\n<div id=\"fb-root\"><\/div>\n<p><script src=\"http:\/\/connect.facebook.net\/pt_BR\/all.js#appId=APP_ID&amp;xfbml=1\"><\/script><fb:comments href=\" https:\/\/www.jinsai.org\/pt-BR\/prototipos-do-paraiso-terrestre\/\u201dnum_posts=\" 100\"=\"\" width=\"500\"><\/fb:comments><meta property=\"fb:app_id\" content=\"171964893011161\"><\/p>\n<div class=\"fb-share-button\" data-href=\"https:\/\/www.jinsai.org\/pt-BR\/prototipos-do-paraiso-terrestre\/\" data-layout=\"button_count\" data-size=\"large\" data-mobile-iframe=\"true\"><a class=\"fb-xfbml-parse-ignore\" href=\"https:\/\/www.facebook.com\/sharer\/sharer.php?u=http%3A%2F%2Fwww.jinsai.org%2Fpt-BR%2Fprototipos-do-paraiso-terrestre%2F&amp;src=sdkpreparse\" target=\"_blank\" rel=\"noopener noreferrer\">Compartilhar<\/a><\/div>\n","protected":false},"excerpt":{"rendered":"<p>Observando a sociedade atual, como o demonstram os jornais e, diariamente, notici\u00e1rios de r\u00e1dio, n\u00e3o \u00e9 que as coisas que n\u00e3o prestam s\u00e3o muitas? Como \u00e9 do conhecimento geral, al\u00e9m das guerras, podemos enumerar, por cima, a corrup\u00e7\u00e3o do funcionalismo p\u00fablico, assassinatos, assaltos, embustes, furtos em lojas, suic\u00eddios, inclusive de fam\u00edlias inteiras, tuberculose e doen\u00e7as [&hellip;]<\/p>\n","protected":false},"author":1,"featured_media":0,"parent":0,"menu_order":0,"comment_status":"open","ping_status":"closed","template":"","meta":{"footnotes":""},"class_list":["post-248","page","type-page","status-publish","hentry","post"],"_links":{"self":[{"href":"https:\/\/www.jinsai.org\/pt-BR\/wp-json\/wp\/v2\/pages\/248","targetHints":{"allow":["GET"]}}],"collection":[{"href":"https:\/\/www.jinsai.org\/pt-BR\/wp-json\/wp\/v2\/pages"}],"about":[{"href":"https:\/\/www.jinsai.org\/pt-BR\/wp-json\/wp\/v2\/types\/page"}],"author":[{"embeddable":true,"href":"https:\/\/www.jinsai.org\/pt-BR\/wp-json\/wp\/v2\/users\/1"}],"replies":[{"embeddable":true,"href":"https:\/\/www.jinsai.org\/pt-BR\/wp-json\/wp\/v2\/comments?post=248"}],"version-history":[{"count":16,"href":"https:\/\/www.jinsai.org\/pt-BR\/wp-json\/wp\/v2\/pages\/248\/revisions"}],"predecessor-version":[{"id":6719,"href":"https:\/\/www.jinsai.org\/pt-BR\/wp-json\/wp\/v2\/pages\/248\/revisions\/6719"}],"wp:attachment":[{"href":"https:\/\/www.jinsai.org\/pt-BR\/wp-json\/wp\/v2\/media?parent=248"}],"curies":[{"name":"wp","href":"https:\/\/api.w.org\/{rel}","templated":true}]}}