{"id":2496,"date":"2018-07-05T14:20:46","date_gmt":"2018-07-05T17:20:46","guid":{"rendered":"http:\/\/www.jinsai.org\/pt-BR\/?page_id=2496"},"modified":"2020-06-21T16:51:27","modified_gmt":"2020-06-21T19:51:27","slug":"coletanea-de-astronomia-e-geofisica-3-corpos-celestes","status":"publish","type":"page","link":"https:\/\/www.jinsai.org\/pt-BR\/ensinamentos\/coletaneas\/coletanea-de-astronomia-e-geofisica-3-corpos-celestes\/","title":{"rendered":"Colet\u00e2nea de Astronomia e Geof\u00edsica 3 \u2013 Corpos Celestes (024 &#8211; 050)"},"content":{"rendered":"<div id=\"pl-2496\"  class=\"panel-layout\" ><div id=\"pg-2496-0\"  class=\"panel-grid panel-no-style\" ><div id=\"pgc-2496-0-0\"  class=\"panel-grid-cell\" ><div id=\"panel-2496-0-0-0\" class=\"so-panel widget_siteorigin-panels-postloop panel-first-child\" data-index=\"0\" >\n\t<div id=\"vantage-circleicon-loop\" class=\"vantage-circleicon-loop circleicon-loop-columns-3\">\n\n\t\t<div class=\"widget widget_circleicon-widget\">\t\t<div class=\"circle-icon-box circle-icon-position-top circle-icon-hide-box circle-icon-size-small\">\n\t\t\t<div class=\"circle-icon-wrapper\">\n\t\t\t\t<a href=\"https:\/\/www.jinsai.org\/pt-BR\/ensinamentos\/coletaneas\/coletanea-de-astronomia-e-geofisica-3-corpos-celestes\/032-arco-iris-acima-do-sol\/\" class=\"link-icon\" >\t\t\t\t<div class=\"circle-icon icon-style-set\" style=\"background-image: url(https:\/\/www.jinsai.org\/pt-BR\/wp-content\/uploads\/2022\/04\/5653617f82bee15dac000f8fthinkstockphotos-1565080911-150x100.jpg)\">\n\t\t\t\t\t\t\t\t\t<\/div>\n\t\t\t\t<\/a>\t\t\t<\/div>\n\n\t\t\t<a href=\"https:\/\/www.jinsai.org\/pt-BR\/ensinamentos\/coletaneas\/coletanea-de-astronomia-e-geofisica-3-corpos-celestes\/032-arco-iris-acima-do-sol\/\" class=\"link-title\" >\t\t\t<h5 >Colet\u00e2nea de Astronomia e Geof\u00edsica 3 &#8211; Corpos Celestes<\/h5>\t\t\t<h4 >032 &#8211; ARCO-\u00cdRIS ACIMA DO SOL<\/h4>\t\t\t<\/a>\n\t\t\t<p class=\"text\" >Pergunta: (2 de julho, regi\u00e3o de Okayama) Acima do Sol, havia um arco-\u00edris em formato de lua crescente com uma largura de cerca de 30 cm. Meishu-Sama: \u00c9 muito comum esse fen\u00f4meno. Se a quantidade de \u00e1gua \u00e9 intensa, devido \u00e0 for\u00e7a da \u00e1gua, [o feixe] se aproxima do sol. Surge como um arco-\u00edris. Esse [&hellip;]<\/p>\t\t\t\t\t\t\t<a href=\"https:\/\/www.jinsai.org\/pt-BR\/ensinamentos\/coletaneas\/coletanea-de-astronomia-e-geofisica-3-corpos-celestes\/032-arco-iris-acima-do-sol\/\" class=\"more-button\" >Continue lendo <i><\/i><\/a>\n\t\t\t\t\t<\/div>\n\t\t<\/div><div class=\"widget widget_circleicon-widget\">\t\t<div class=\"circle-icon-box circle-icon-position-top circle-icon-hide-box circle-icon-size-small\">\n\t\t\t<div class=\"circle-icon-wrapper\">\n\t\t\t\t<a href=\"https:\/\/www.jinsai.org\/pt-BR\/ensinamentos\/coletaneas\/coletanea-de-astronomia-e-geofisica-3-corpos-celestes\/033-fogo-nao-identificado-e-estrondo\/\" class=\"link-icon\" >\t\t\t\t<div class=\"circle-icon icon-style-set\" style=\"background-image: url(https:\/\/www.jinsai.org\/pt-BR\/wp-content\/uploads\/2018\/07\/asteroide-explosao-1400x800-0517-150x150.jpg)\">\n\t\t\t\t\t\t\t\t\t<\/div>\n\t\t\t\t<\/a>\t\t\t<\/div>\n\n\t\t\t<a href=\"https:\/\/www.jinsai.org\/pt-BR\/ensinamentos\/coletaneas\/coletanea-de-astronomia-e-geofisica-3-corpos-celestes\/033-fogo-nao-identificado-e-estrondo\/\" class=\"link-title\" >\t\t\t<h5 >Colet\u00e2nea de Astronomia e Geof\u00edsica 3 &#8211; Corpos Celestes<\/h5>\t\t\t<h4 >033 &#8211; FOGO N\u00c3O-IDENTIFICADO E ESTRONDO<\/h4>\t\t\t<\/a>\n\t\t\t<p class=\"text\" >Pergunta: De acordo com as r\u00e1dios e jornais, na regi\u00e3o central da Prefeitura de Okayama, um fogo n\u00e3o-identificado foi avistado repentinamente e, junto com ele, houve um grande estrondo. Isso teria acontecido por causa de um meteoro. Existe algum outro motivo que possa ser considerado como a raz\u00e3o disto?<\/p>\t\t\t\t\t\t\t<a href=\"https:\/\/www.jinsai.org\/pt-BR\/ensinamentos\/coletaneas\/coletanea-de-astronomia-e-geofisica-3-corpos-celestes\/033-fogo-nao-identificado-e-estrondo\/\" class=\"more-button\" >Continue lendo <i><\/i><\/a>\n\t\t\t\t\t<\/div>\n\t\t<\/div><div class=\"widget widget_circleicon-widget\">\t\t<div class=\"circle-icon-box circle-icon-position-top circle-icon-hide-box circle-icon-size-small\">\n\t\t\t<div class=\"circle-icon-wrapper\">\n\t\t\t\t<a href=\"https:\/\/www.jinsai.org\/pt-BR\/ensinamentos\/coletaneas\/coletanea-de-astronomia-e-geofisica-3-corpos-celestes\/035-feixe-de-luz-do-cometa-velocidade-do-sol\/\" class=\"link-icon\" >\t\t\t\t<div class=\"circle-icon icon-style-set\" style=\"background-image: url(https:\/\/www.jinsai.org\/pt-BR\/wp-content\/uploads\/2022\/04\/por-que-os-cometas-tem-cauda-2-150x89.jpg)\">\n\t\t\t\t\t\t\t\t\t<\/div>\n\t\t\t\t<\/a>\t\t\t<\/div>\n\n\t\t\t<a href=\"https:\/\/www.jinsai.org\/pt-BR\/ensinamentos\/coletaneas\/coletanea-de-astronomia-e-geofisica-3-corpos-celestes\/035-feixe-de-luz-do-cometa-velocidade-do-sol\/\" class=\"link-title\" >\t\t\t<h5 >Colet\u00e2nea de Astronomia e Geof\u00edsica 3 &#8211; Corpos Celestes<\/h5>\t\t\t<h4 >035 &#8211; FEIXE DE LUZ DO COMETA (VELOCIDADE DO SOL)<\/h4>\t\t\t<\/a>\n\t\t\t<p class=\"text\" >Pergunta: Qual a\u00a0raz\u00e3o pela qual o feixe de luz do cometa deixa uma cauda forte em uma \u00fanica dire\u00e7\u00e3o? Meishu-Sama: O cometa apresenta uma luz na forma de cauda porque ele \u00e9 est\u00e1tico ao olho humano, mas est\u00e1 correndo. O Sol, por assim dizer, percorre uma \u00f3rbita gigantesca numa velocidade incr\u00edvel que nem conseguimos imaginar. [&hellip;]<\/p>\t\t\t\t\t\t\t<a href=\"https:\/\/www.jinsai.org\/pt-BR\/ensinamentos\/coletaneas\/coletanea-de-astronomia-e-geofisica-3-corpos-celestes\/035-feixe-de-luz-do-cometa-velocidade-do-sol\/\" class=\"more-button\" >Continue lendo <i><\/i><\/a>\n\t\t\t\t\t<\/div>\n\t\t<\/div><div class=\"clear\"><\/div><div class=\"widget widget_circleicon-widget\">\t\t<div class=\"circle-icon-box circle-icon-position-top circle-icon-hide-box circle-icon-size-small\">\n\t\t\t<div class=\"circle-icon-wrapper\">\n\t\t\t\t<a href=\"https:\/\/www.jinsai.org\/pt-BR\/ensinamentos\/coletaneas\/coletanea-de-astronomia-e-geofisica-3-corpos-celestes\/036-cometas-e-eventos-incomuns-sobre-a-terra\/\" class=\"link-icon\" >\t\t\t\t<div class=\"circle-icon icon-style-set\" style=\"background-image: url(https:\/\/www.jinsai.org\/pt-BR\/wp-content\/uploads\/2018\/07\/cometa-terra-espaco-0417-1400x800-150x150.png)\">\n\t\t\t\t\t\t\t\t\t<\/div>\n\t\t\t\t<\/a>\t\t\t<\/div>\n\n\t\t\t<a href=\"https:\/\/www.jinsai.org\/pt-BR\/ensinamentos\/coletaneas\/coletanea-de-astronomia-e-geofisica-3-corpos-celestes\/036-cometas-e-eventos-incomuns-sobre-a-terra\/\" class=\"link-title\" >\t\t\t<h5 >Colet\u00e2nea de Astronomia e Geof\u00edsica 3 &#8211; Corpos Celestes<\/h5>\t\t\t<h4 >036 &#8211; COMETAS E EVENTOS INCOMUNS SOBRE A TERRA<\/h4>\t\t\t<\/a>\n\t\t\t<p class=\"text\" >Pergunta: Existem muitas lendas sobre cometas, que \u00e9 pren\u00fancio de uma grande guerra ou de epidemia de uma doen\u00e7a. Mas qual a realidade sobre isso?Meishu-Sama: Desde a Antiguidade, por diversas vezes, eles foram pren\u00fancio de grandes acontecimentos. N\u00e3o foi um cometa que prenunciou a guerra entre os EUA e a Uni\u00e3o Sovi\u00e9tica*? Tudo que acontece [&hellip;]<\/p>\t\t\t\t\t\t\t<a href=\"https:\/\/www.jinsai.org\/pt-BR\/ensinamentos\/coletaneas\/coletanea-de-astronomia-e-geofisica-3-corpos-celestes\/036-cometas-e-eventos-incomuns-sobre-a-terra\/\" class=\"more-button\" >Continue lendo <i><\/i><\/a>\n\t\t\t\t\t<\/div>\n\t\t<\/div><div class=\"widget widget_circleicon-widget\">\t\t<div class=\"circle-icon-box circle-icon-position-top circle-icon-hide-box circle-icon-size-small\">\n\t\t\t<div class=\"circle-icon-wrapper\">\n\t\t\t\t<a href=\"https:\/\/www.jinsai.org\/pt-BR\/ensinamentos\/coletaneas\/coletanea-de-astronomia-e-geofisica-3-corpos-celestes\/043-estrela-mais-quente-que-o-sol-distancia-do-sol\/\" class=\"link-icon\" >\t\t\t\t<div class=\"circle-icon icon-style-set\" style=\"background-image: url(https:\/\/www.jinsai.org\/pt-BR\/wp-content\/uploads\/2020\/05\/345883-blackangel-150x150.jpg)\">\n\t\t\t\t\t\t\t\t\t<\/div>\n\t\t\t\t<\/a>\t\t\t<\/div>\n\n\t\t\t<a href=\"https:\/\/www.jinsai.org\/pt-BR\/ensinamentos\/coletaneas\/coletanea-de-astronomia-e-geofisica-3-corpos-celestes\/043-estrela-mais-quente-que-o-sol-distancia-do-sol\/\" class=\"link-title\" >\t\t\t<h5 >Colet\u00e2nea de Astronomia e Geof\u00edsica 3 &#8211; Corpos Celestes<\/h5>\t\t\t<h4 >043 &#8211; ESTRELA MAIS QUENTE QUE O SOL (DIST\u00c2NCIA DO SOL)<\/h4>\t\t\t<\/a>\n\t\t\t<p class=\"text\" >Pergunta: Os EUA descobriram uma estrela que \u00e9 27 vezes mais quente que o Sol, e caso estivesse \u00e0 uma dist\u00e2ncia igual \u00e0 do Sol, extinguiria toda a vida na Terra. Esta teoria \u00e9 verdadeira ou falsa?Meishu-Sama: Isso \u00e9 sem sentido. N\u00e3o existe absolutamente nada mais quente que o sol. Al\u00e9m disso, n\u00e3o existe outro [&hellip;]<\/p>\t\t\t\t\t\t\t<a href=\"https:\/\/www.jinsai.org\/pt-BR\/ensinamentos\/coletaneas\/coletanea-de-astronomia-e-geofisica-3-corpos-celestes\/043-estrela-mais-quente-que-o-sol-distancia-do-sol\/\" class=\"more-button\" >Continue lendo <i><\/i><\/a>\n\t\t\t\t\t<\/div>\n\t\t<\/div>\t<\/div>\n\t<\/div><div id=\"panel-2496-0-0-1\" class=\"widget_text so-panel widget_custom_html panel-last-child\" data-index=\"1\" ><div class=\"textwidget custom-html-widget\"><iframe src=\"http:\/\/www.facebook.com\/plugins\/like.php?href=http:\/\/www.jinsai.org\/pt-BR\/ensinamentos\/coletaneas\/coletanea-de-astronomia-e-geofisica-3-corpos-celestes\/&%0Alayout=standard&show_faces=false&width=380&action=like&colorscheme=light&height=25\" style=\"border: medium none ; overflow: hidden; width: 350px; height: 25px;\" allowtransparency=\"true\" frameborder=\"0\" scrolling=\"no\"><\/iframe>\n\n<div id=\"fb-root\"><\/div><script src=\"http:\/\/connect.facebook.net\/pt_BR\/all.js#appId=APP_ID&amp;xfbml=1\"><\/script><fb:comments href=\"http:\/\/www.jinsai.org\/pt-BR\/ensinamentos\/coletaneas\/coletanea-de-astronomia-e-geofisica-3-corpos-celestes\/\" num_posts=\"100\" width=\"500\"><\/fb:comments><meta property='fb:app_id' content='171964893011161'\/> \n\n<div id=\"fb-root\"><\/div>\n<script>(function(d, s, id) {\n  var js, fjs = d.getElementsByTagName(s)[0];\n  if (d.getElementById(id)) return;\n  js = d.createElement(s); js.id = id;\n  js.src = 'https:\/\/connect.facebook.net\/pt_BR\/sdk.js#xfbml=1&version=v3.0&appId=171964893011161&autoLogAppEvents=1';\n  fjs.parentNode.insertBefore(js, fjs);\n}(document, 'script', 'facebook-jssdk'));<\/script>\n<div class=\"fb-share-button\" data-href=\"http:\/\/www.jinsai.org\/pt-BR\/ensinamentos\/coletaneas\/coletanea-de-astronomia-e-geofisica-3-corpos-celestes\/\" data-layout=\"button_count\" data-size=\"large\" data-mobile-iframe=\"true\"><a target=\"_blank\" href=\"https:\/\/www.facebook.com\/sharer\/sharer.php?u=http%3A%2F%2Fwww.jinsai.org%2Fpt-BR%2Fensinamentos%2Fcoletaneas%2Fcoletanea-de-astronomia-e-geofisica-3-corpos-celestes%2F&amp;src=sdkpreparse\" class=\"fb-xfbml-parse-ignore\">Compartilhar<\/a><\/div>\n<\/div><\/div><\/div><\/div><\/div>","protected":false},"excerpt":{"rendered":"<p>Pergunta: Os EUA descobriram uma estrela que \u00e9 27 vezes mais quente que o Sol, e caso estivesse \u00e0 uma dist\u00e2ncia igual \u00e0 do Sol, extinguiria toda a vida na Terra. Esta teoria \u00e9 verdadeira ou falsa?Meishu-Sama: Isso \u00e9 sem sentido. N\u00e3o existe absolutamente nada mais quente que o sol. Al\u00e9m disso, n\u00e3o existe outro [&hellip;]<\/p>\n","protected":false},"author":1,"featured_media":0,"parent":2462,"menu_order":0,"comment_status":"open","ping_status":"closed","template":"templates\/template-full.php","meta":{"footnotes":""},"class_list":["post-2496","page","type-page","status-publish","hentry","post","post-with-thumbnail","post-with-thumbnail-icon"],"_links":{"self":[{"href":"https:\/\/www.jinsai.org\/pt-BR\/wp-json\/wp\/v2\/pages\/2496","targetHints":{"allow":["GET"]}}],"collection":[{"href":"https:\/\/www.jinsai.org\/pt-BR\/wp-json\/wp\/v2\/pages"}],"about":[{"href":"https:\/\/www.jinsai.org\/pt-BR\/wp-json\/wp\/v2\/types\/page"}],"author":[{"embeddable":true,"href":"https:\/\/www.jinsai.org\/pt-BR\/wp-json\/wp\/v2\/users\/1"}],"replies":[{"embeddable":true,"href":"https:\/\/www.jinsai.org\/pt-BR\/wp-json\/wp\/v2\/comments?post=2496"}],"version-history":[{"count":13,"href":"https:\/\/www.jinsai.org\/pt-BR\/wp-json\/wp\/v2\/pages\/2496\/revisions"}],"predecessor-version":[{"id":7738,"href":"https:\/\/www.jinsai.org\/pt-BR\/wp-json\/wp\/v2\/pages\/2496\/revisions\/7738"}],"up":[{"embeddable":true,"href":"https:\/\/www.jinsai.org\/pt-BR\/wp-json\/wp\/v2\/pages\/2462"}],"wp:attachment":[{"href":"https:\/\/www.jinsai.org\/pt-BR\/wp-json\/wp\/v2\/media?parent=2496"}],"curies":[{"name":"wp","href":"https:\/\/api.w.org\/{rel}","templated":true}]}}