{"id":2862,"date":"2018-07-08T20:06:39","date_gmt":"2018-07-08T23:06:39","guid":{"rendered":"http:\/\/www.jinsai.org\/pt-BR\/?page_id=2862"},"modified":"2022-08-06T10:58:54","modified_gmt":"2022-08-06T13:58:54","slug":"videos","status":"publish","type":"page","link":"https:\/\/www.jinsai.org\/pt-BR\/mundo-do-belo\/audio-e-video\/videos\/","title":{"rendered":"V\u00eddeos"},"content":{"rendered":"<div class=\"wp-playlist wp-video-playlist wp-playlist-light\">\n\t\t<video controls=\"controls\" preload=\"none\" width=\"698\"\n\t\t height=\"465\"\t><\/video>\n\t<div class=\"wp-playlist-next\"><\/div>\n\t<div class=\"wp-playlist-prev\"><\/div>\n\t<noscript>\n\t<ol>\n\t\t<li><a href='https:\/\/www.jinsai.org\/pt-BR\/wp-content\/uploads\/2018\/07\/V\u00eddeo-do-Mestre-Jinsai-apreciando-a-paisagem-no-Kanzantei-do-Shinsen-kyo-em-Hakone.mp4'>O Mestre Jinsai apreciando a paisagem no Kanzantei do Shinsen-kyo, em Hakone<\/a><\/li><li><a href='https:\/\/www.jinsai.org\/pt-BR\/wp-content\/uploads\/2018\/07\/V\u00eddeo-do-Mestre-Jinsai-ministrando-Johrei-01.mp4'>O Mestre Jinsai ministrando Johrei 01<\/a><\/li><li><a href='https:\/\/www.jinsai.org\/pt-BR\/wp-content\/uploads\/2018\/07\/V\u00eddeo-do-Mestre-Jinsai-ministrando-Johrei-02.mp4'>O Mestre Jinsai ministrando Johrei 02<\/a><\/li><li><a href='https:\/\/www.jinsai.org\/pt-BR\/wp-content\/uploads\/2018\/07\/Palestra-do-Mestre-Jinsai-aonde-Ele-afirma-ser-o-Construtor-da-Nova-Civiliza\u00e7\u00e3o-o-Para\u00edso-Terrestre.mp4'>Palestra do Mestre Jinsai na qual Ele afirma ser o Construtor da Nova Civiliza\u00e7\u00e3o, o Para\u00edso Terrestre<\/a><\/li><li><a href='https:\/\/www.jinsai.org\/pt-BR\/wp-content\/uploads\/2018\/08\/Luz-do-Oriente-Ch\u00e1-9-MB.mp4'>Trecho do Luz do Oriente - Cerim\u00f4nia de Ch\u00e1<\/a><\/li><li><a href='https:\/\/www.jinsai.org\/pt-BR\/wp-content\/uploads\/2019\/10\/Meishu-Sama-caligrafando.mp4'>Meishu-Sama caligrafando<\/a><\/li><li><a href='https:\/\/www.jinsai.org\/pt-BR\/wp-content\/uploads\/2020\/03\/Hakone-Shinsen-kyo.mp4'>Shinsen-kyo, o Prot\u00f3tipo do Para\u00edso Terrestre de Hakone<\/a><\/li><li><a href='https:\/\/www.jinsai.org\/pt-BR\/wp-content\/uploads\/2020\/03\/Atami-Zuiunkyo-Primavera.mp4'>Primavera no Zuiun-kyo, o Prot\u00f3tipo do Para\u00edso Terrestre de Atami<\/a><\/li><li><a href='https:\/\/www.jinsai.org\/pt-BR\/wp-content\/uploads\/2020\/03\/Heian-kyo-Kyoto.mp4'>Heian-kyo-Kyoto, Heian-kyo, o Prot\u00f3tipo do Para\u00edso Terrestre de Kyoto<\/a><\/li><li><a href='https:\/\/www.jinsai.org\/pt-BR\/wp-content\/uploads\/2022\/08\/Daiken11.mp4'>Trecho do Filme Daikeirin (\"Grande Constru\u00e7\u00e3o\")<\/a><\/li><li><a href='https:\/\/www.jinsai.org\/pt-BR\/wp-content\/uploads\/2022\/08\/Daiken21.mp4'>Trecho do Filme Daikeirin (\"Grande Constru\u00e7\u00e3o\")<\/a><\/li>\t<\/ol>\n\t<\/noscript>\n\t<script type=\"application\/json\" class=\"wp-playlist-script\">{\"type\":\"video\",\"tracklist\":true,\"tracknumbers\":true,\"images\":true,\"artists\":true,\"tracks\":[{\"src\":\"https:\/\/www.jinsai.org\/pt-BR\/wp-content\/uploads\/2018\/07\/V\\u00eddeo-do-Mestre-Jinsai-apreciando-a-paisagem-no-Kanzantei-do-Shinsen-kyo-em-Hakone.mp4\",\"type\":\"video\/mp4\",\"title\":\"O Mestre Jinsai apreciando a paisagem no Kanzantei do Shinsen-kyo, em Hakone\",\"caption\":\"\",\"description\":\"\",\"meta\":{\"length_formatted\":\"0:22\"},\"dimensions\":{\"original\":{\"width\":352,\"height\":240},\"resized\":{\"width\":698,\"height\":476}},\"image\":{\"src\":\"https:\/\/www.jinsai.org\/pt-BR\/wp-includes\/images\/media\/video.svg\",\"width\":48,\"height\":64},\"thumb\":{\"src\":\"https:\/\/www.jinsai.org\/pt-BR\/wp-includes\/images\/media\/video.svg\",\"width\":48,\"height\":64}},{\"src\":\"https:\/\/www.jinsai.org\/pt-BR\/wp-content\/uploads\/2018\/07\/V\\u00eddeo-do-Mestre-Jinsai-ministrando-Johrei-01.mp4\",\"type\":\"video\/mp4\",\"title\":\"O Mestre Jinsai ministrando Johrei 01\",\"caption\":\"\",\"description\":\"\",\"meta\":{\"length_formatted\":\"0:10\"},\"dimensions\":{\"original\":{\"width\":352,\"height\":240},\"resized\":{\"width\":698,\"height\":476}},\"image\":{\"src\":\"https:\/\/www.jinsai.org\/pt-BR\/wp-includes\/images\/media\/video.svg\",\"width\":48,\"height\":64},\"thumb\":{\"src\":\"https:\/\/www.jinsai.org\/pt-BR\/wp-includes\/images\/media\/video.svg\",\"width\":48,\"height\":64}},{\"src\":\"https:\/\/www.jinsai.org\/pt-BR\/wp-content\/uploads\/2018\/07\/V\\u00eddeo-do-Mestre-Jinsai-ministrando-Johrei-02.mp4\",\"type\":\"video\/mp4\",\"title\":\"O Mestre Jinsai ministrando Johrei 02\",\"caption\":\"\",\"description\":\"\",\"meta\":{\"length_formatted\":\"0:14\"},\"dimensions\":{\"original\":{\"width\":352,\"height\":240},\"resized\":{\"width\":698,\"height\":476}},\"image\":{\"src\":\"https:\/\/www.jinsai.org\/pt-BR\/wp-includes\/images\/media\/video.svg\",\"width\":48,\"height\":64},\"thumb\":{\"src\":\"https:\/\/www.jinsai.org\/pt-BR\/wp-includes\/images\/media\/video.svg\",\"width\":48,\"height\":64}},{\"src\":\"https:\/\/www.jinsai.org\/pt-BR\/wp-content\/uploads\/2018\/07\/Palestra-do-Mestre-Jinsai-aonde-Ele-afirma-ser-o-Construtor-da-Nova-Civiliza\\u00e7\\u00e3o-o-Para\\u00edso-Terrestre.mp4\",\"type\":\"video\/mp4\",\"title\":\"Palestra do Mestre Jinsai na qual Ele afirma ser o Construtor da Nova Civiliza\\u00e7\\u00e3o, o Para\\u00edso Terrestre\",\"caption\":\"\",\"description\":\"\",\"meta\":{\"length_formatted\":\"0:11\"},\"dimensions\":{\"original\":{\"width\":348,\"height\":240},\"resized\":{\"width\":698,\"height\":481}},\"image\":{\"src\":\"https:\/\/www.jinsai.org\/pt-BR\/wp-includes\/images\/media\/video.svg\",\"width\":48,\"height\":64},\"thumb\":{\"src\":\"https:\/\/www.jinsai.org\/pt-BR\/wp-includes\/images\/media\/video.svg\",\"width\":48,\"height\":64}},{\"src\":\"https:\/\/www.jinsai.org\/pt-BR\/wp-content\/uploads\/2018\/08\/Luz-do-Oriente-Ch\\u00e1-9-MB.mp4\",\"type\":\"video\/mp4\",\"title\":\"Trecho do Luz do Oriente - Cerim\\u00f4nia de Ch\\u00e1\",\"caption\":\"\",\"description\":\"\",\"meta\":{\"length_formatted\":\"4:01\"},\"dimensions\":{\"original\":{\"width\":352,\"height\":240},\"resized\":{\"width\":698,\"height\":476}},\"image\":{\"src\":\"https:\/\/www.jinsai.org\/pt-BR\/wp-includes\/images\/media\/video.svg\",\"width\":48,\"height\":64},\"thumb\":{\"src\":\"https:\/\/www.jinsai.org\/pt-BR\/wp-includes\/images\/media\/video.svg\",\"width\":48,\"height\":64}},{\"src\":\"https:\/\/www.jinsai.org\/pt-BR\/wp-content\/uploads\/2019\/10\/Meishu-Sama-caligrafando.mp4\",\"type\":\"video\/mp4\",\"title\":\"Meishu-Sama caligrafando\",\"caption\":\"\",\"description\":\"\",\"meta\":{\"length_formatted\":\"0:25\"},\"dimensions\":{\"original\":{\"width\":352,\"height\":240},\"resized\":{\"width\":698,\"height\":476}},\"image\":{\"src\":\"https:\/\/www.jinsai.org\/pt-BR\/wp-includes\/images\/media\/video.svg\",\"width\":48,\"height\":64},\"thumb\":{\"src\":\"https:\/\/www.jinsai.org\/pt-BR\/wp-includes\/images\/media\/video.svg\",\"width\":48,\"height\":64}},{\"src\":\"https:\/\/www.jinsai.org\/pt-BR\/wp-content\/uploads\/2020\/03\/Hakone-Shinsen-kyo.mp4\",\"type\":\"video\/mp4\",\"title\":\"Shinsen-kyo, o Prot\\u00f3tipo do Para\\u00edso Terrestre de Hakone\",\"caption\":\"\",\"description\":\"\",\"meta\":{\"length_formatted\":\"3:07\"},\"dimensions\":{\"original\":{\"width\":640,\"height\":360},\"resized\":{\"width\":698,\"height\":393}},\"image\":{\"src\":\"https:\/\/www.jinsai.org\/pt-BR\/wp-includes\/images\/media\/video.svg\",\"width\":48,\"height\":64},\"thumb\":{\"src\":\"https:\/\/www.jinsai.org\/pt-BR\/wp-includes\/images\/media\/video.svg\",\"width\":48,\"height\":64}},{\"src\":\"https:\/\/www.jinsai.org\/pt-BR\/wp-content\/uploads\/2020\/03\/Atami-Zuiunkyo-Primavera.mp4\",\"type\":\"video\/mp4\",\"title\":\"Primavera no Zuiun-kyo, o Prot\\u00f3tipo do Para\\u00edso Terrestre de Atami\",\"caption\":\"\",\"description\":\"\",\"meta\":{\"length_formatted\":\"5:06\"},\"dimensions\":{\"original\":{\"width\":640,\"height\":360},\"resized\":{\"width\":698,\"height\":393}},\"image\":{\"src\":\"https:\/\/www.jinsai.org\/pt-BR\/wp-includes\/images\/media\/video.svg\",\"width\":48,\"height\":64},\"thumb\":{\"src\":\"https:\/\/www.jinsai.org\/pt-BR\/wp-includes\/images\/media\/video.svg\",\"width\":48,\"height\":64}},{\"src\":\"https:\/\/www.jinsai.org\/pt-BR\/wp-content\/uploads\/2020\/03\/Heian-kyo-Kyoto.mp4\",\"type\":\"video\/mp4\",\"title\":\"Heian-kyo-Kyoto, Heian-kyo, o Prot\\u00f3tipo do Para\\u00edso Terrestre de Kyoto\",\"caption\":\"\",\"description\":\"\",\"meta\":{\"length_formatted\":\"4:43\"},\"dimensions\":{\"original\":{\"width\":640,\"height\":360},\"resized\":{\"width\":698,\"height\":393}},\"image\":{\"src\":\"https:\/\/www.jinsai.org\/pt-BR\/wp-includes\/images\/media\/video.svg\",\"width\":48,\"height\":64},\"thumb\":{\"src\":\"https:\/\/www.jinsai.org\/pt-BR\/wp-includes\/images\/media\/video.svg\",\"width\":48,\"height\":64}},{\"src\":\"https:\/\/www.jinsai.org\/pt-BR\/wp-content\/uploads\/2022\/08\/Daiken11.mp4\",\"type\":\"video\/mp4\",\"title\":\"Trecho do Filme Daikeirin (\\\"Grande Constru\\u00e7\\u00e3o\\\")\",\"caption\":\"\",\"description\":\"\",\"meta\":{\"length_formatted\":\"1:13\"},\"dimensions\":{\"original\":{\"width\":1080,\"height\":720},\"resized\":{\"width\":698,\"height\":465}},\"image\":{\"src\":\"https:\/\/www.jinsai.org\/pt-BR\/wp-includes\/images\/media\/video.svg\",\"width\":48,\"height\":64},\"thumb\":{\"src\":\"https:\/\/www.jinsai.org\/pt-BR\/wp-includes\/images\/media\/video.svg\",\"width\":48,\"height\":64}},{\"src\":\"https:\/\/www.jinsai.org\/pt-BR\/wp-content\/uploads\/2022\/08\/Daiken21.mp4\",\"type\":\"video\/mp4\",\"title\":\"Trecho do Filme Daikeirin (\\\"Grande Constru\\u00e7\\u00e3o\\\")\",\"caption\":\"\",\"description\":\"\",\"meta\":{\"length_formatted\":\"1:11\"},\"dimensions\":{\"original\":{\"width\":1080,\"height\":720},\"resized\":{\"width\":698,\"height\":465}},\"image\":{\"src\":\"https:\/\/www.jinsai.org\/pt-BR\/wp-includes\/images\/media\/video.svg\",\"width\":48,\"height\":64},\"thumb\":{\"src\":\"https:\/\/www.jinsai.org\/pt-BR\/wp-includes\/images\/media\/video.svg\",\"width\":48,\"height\":64}}]}<\/script>\n<\/div>\n\t\n<p>\u00a0<\/p>\n\n<div id=\"pl-gb2862-69f2455d6ac77\"  class=\"panel-layout\" ><div id=\"pg-gb2862-69f2455d6ac77-0\"  class=\"panel-grid panel-no-style\" ><div id=\"pgc-gb2862-69f2455d6ac77-0-0\"  class=\"panel-grid-cell\" ><div id=\"panel-gb2862-69f2455d6ac77-0-0-0\" class=\"widget_text so-panel widget_custom_html panel-first-child panel-last-child\" data-index=\"0\" ><div class=\"textwidget custom-html-widget\">\n\n\n&nbsp;\n\n\n<iframe src=\"http:\/\/www.facebook.com\/plugins\/like.php?href= https:\/\/www.jinsai.org\/pt-BR\/mundo-do-belo\/audio-e-video\/videos&amp;%0Alayout=standard&amp;show_faces=false&amp;width=380&amp;action=like&amp;colorscheme=light&amp;height=25\"\nstyle=\"border: medium none ; ovew: hidden; width: 350px; height:\n25px;\" allowtransparencyrflo=\"true\" scrolling=\"no\"\nframeborder=\"0\"><\/iframe>\n\n\n<div id=\"fb-root\"><\/div>\n\n\n<script\nsrc=\"http:\/\/connect.facebook.net\/pt_BR\/all.js#appId=APP_ID&amp;xfbml=1\"><\/script><fb:comments\nhref=\"https:\/\/www.jinsai.org\/pt-BR\/mundo-do-belo\/audio-e-video\/videos\"\nnum_posts=\"100\" width=\"500\"><\/fb:comments><meta\nproperty=\"fb:app_id\" content=\"171964893011161\">\n\n\n\u00a0\n\n\n<div id=\"fb-root\"><\/div>\n\n\n<script>(function(d, s, id) {<br \/>\n\n\n\u00a0 var js, fjs =\nd.getElementsByTagName(s)[0];<br \/>\n\n\n\u00a0 if (d.getElementById(id))\nreturn;<br \/>\n\n\n\u00a0 js = d.createElement(s); js.id =\nid;<br \/>\n\n\n\u00a0 js.src =\n'https:\/\/connect.facebook.net\/pt_BR\/sdk.js#xfbml=1&version=v3.0&appId=171964893011161&autoLogAppEvents=1';<br\n\/>\n\n\n\u00a0 fjs.parentNode.insertBefore(js,\nfjs);<br \/>\n\n\n}(document, 'script', 'facebook-jssdk'));<\/script>\n\n\n<div class=\"fb-share-button\" data-href=\"https:\/\/www.jinsai.org\/pt-BR\/mundo-do-belo\/audio-e-video\/videos\"\ndata-layout=\"button_count\" data-size=\"large\"\ndata-mobile-iframe=\"true\"><a target=\"_blank\"\nhref=\"https:\/\/www.facebook.com\/sharer\/sharer.php?u=http%3A%2F%https:\/\/www.jinsai.org\/pt-BR\/mundo-do-belo\/audio-e-video\/videos%2F&amp;src=sdkpreparse\"\nclass=\"fb-xfbml-parse-ignore\">Compartilhar<\/a><\/div>\n\n\n<\/div><\/div><\/div><\/div><\/div>","protected":false},"excerpt":{"rendered":"<p>\u00a0<\/p>\n","protected":false},"author":1,"featured_media":0,"parent":907,"menu_order":0,"comment_status":"open","ping_status":"closed","template":"","meta":{"footnotes":""},"class_list":["post-2862","page","type-page","status-publish","hentry","post"],"_links":{"self":[{"href":"https:\/\/www.jinsai.org\/pt-BR\/wp-json\/wp\/v2\/pages\/2862","targetHints":{"allow":["GET"]}}],"collection":[{"href":"https:\/\/www.jinsai.org\/pt-BR\/wp-json\/wp\/v2\/pages"}],"about":[{"href":"https:\/\/www.jinsai.org\/pt-BR\/wp-json\/wp\/v2\/types\/page"}],"author":[{"embeddable":true,"href":"https:\/\/www.jinsai.org\/pt-BR\/wp-json\/wp\/v2\/users\/1"}],"replies":[{"embeddable":true,"href":"https:\/\/www.jinsai.org\/pt-BR\/wp-json\/wp\/v2\/comments?post=2862"}],"version-history":[{"count":21,"href":"https:\/\/www.jinsai.org\/pt-BR\/wp-json\/wp\/v2\/pages\/2862\/revisions"}],"predecessor-version":[{"id":11159,"href":"https:\/\/www.jinsai.org\/pt-BR\/wp-json\/wp\/v2\/pages\/2862\/revisions\/11159"}],"up":[{"embeddable":true,"href":"https:\/\/www.jinsai.org\/pt-BR\/wp-json\/wp\/v2\/pages\/907"}],"wp:attachment":[{"href":"https:\/\/www.jinsai.org\/pt-BR\/wp-json\/wp\/v2\/media?parent=2862"}],"curies":[{"name":"wp","href":"https:\/\/api.w.org\/{rel}","templated":true}]}}