{"id":3216,"date":"2018-08-17T22:48:00","date_gmt":"2018-08-18T01:48:00","guid":{"rendered":"http:\/\/www.jinsai.org\/pt-BR\/?page_id=3216"},"modified":"2020-06-21T16:49:56","modified_gmt":"2020-06-21T19:49:56","slug":"coletanea-de-explicacoes-divinas-5-misterio-divino","status":"publish","type":"page","link":"https:\/\/www.jinsai.org\/pt-BR\/ensinamentos\/coletaneas\/coletanea-de-explicacoes-divinas-5-misterio-divino\/","title":{"rendered":"Colet\u00e2nea de Explica\u00e7\u00f5es Divinas 5 &#8211; Mist\u00e9rio Divino (44 &#8211; 50)"},"content":{"rendered":"<div id=\"pl-3216\"  class=\"panel-layout\" ><div id=\"pg-3216-0\"  class=\"panel-grid panel-no-style\" ><div id=\"pgc-3216-0-0\"  class=\"panel-grid-cell\" ><div id=\"panel-3216-0-0-0\" class=\"so-panel widget_siteorigin-panels-postloop panel-first-child\" data-index=\"0\" >\n\t<div id=\"vantage-circleicon-loop\" class=\"vantage-circleicon-loop circleicon-loop-columns-3\">\n\n\t\t<div class=\"widget widget_circleicon-widget\">\t\t<div class=\"circle-icon-box circle-icon-position-top circle-icon-hide-box circle-icon-size-small\">\n\t\t\t<div class=\"circle-icon-wrapper\">\n\t\t\t\t<a href=\"https:\/\/www.jinsai.org\/pt-BR\/ensinamentos\/coletaneas\/coletanea-de-explicacoes-divinas-5-misterio-divino\/050-o-dia-8-de-dezembro\/\" class=\"link-icon\" >\t\t\t\t<div class=\"circle-icon icon-style-set\" style=\"background-image: url(https:\/\/www.jinsai.org\/pt-BR\/wp-content\/uploads\/2018\/12\/Onisaburo-150x150.jpg)\">\n\t\t\t\t\t\t\t\t\t<\/div>\n\t\t\t\t<\/a>\t\t\t<\/div>\n\n\t\t\t<a href=\"https:\/\/www.jinsai.org\/pt-BR\/ensinamentos\/coletaneas\/coletanea-de-explicacoes-divinas-5-misterio-divino\/050-o-dia-8-de-dezembro\/\" class=\"link-title\" >\t\t\t<h5 >Colet\u00e2nea de Explica\u00e7\u00f5es Divinas 5 &#8211; Mist\u00e9rio Divino<\/h5>\t\t\t<h4 >050 &#8211; O DIA 8 DE DEZEMBRO<\/h4>\t\t\t<\/a>\n\t\t\t<p class=\"text\" >Pergunta: Dizem que Shakyamuni atingiu a ilumina\u00e7\u00e3o no dia 8 de dezembro. Essa \u00e9 a mesma data em que Onisaburo Deguchi foi preso e tamb\u00e9m \u00e9 o dia em que come\u00e7ou a Guerra do Pac\u00edfico. Existe alguma afinidade com o dia 8 de dezembro?<\/p>\t\t\t\t\t\t\t<a href=\"https:\/\/www.jinsai.org\/pt-BR\/ensinamentos\/coletaneas\/coletanea-de-explicacoes-divinas-5-misterio-divino\/050-o-dia-8-de-dezembro\/\" class=\"more-button\" >Continue lendo <i><\/i><\/a>\n\t\t\t\t\t<\/div>\n\t\t<\/div><div class=\"widget widget_circleicon-widget\">\t\t<div class=\"circle-icon-box circle-icon-position-top circle-icon-hide-box circle-icon-size-small\">\n\t\t\t<div class=\"circle-icon-wrapper\">\n\t\t\t\t<a href=\"https:\/\/www.jinsai.org\/pt-BR\/ensinamentos\/coletaneas\/coletanea-de-explicacoes-divinas-5-misterio-divino\/049-tathata-e-o-divino-misterio-de-15-de-agosto\/\" class=\"link-icon\" >\t\t\t\t<div class=\"circle-icon icon-style-set\" style=\"background-image: url(https:\/\/www.jinsai.org\/pt-BR\/wp-content\/uploads\/2018\/08\/Lua_Cheia_laranja-150x150.jpg)\">\n\t\t\t\t\t\t\t\t\t<\/div>\n\t\t\t\t<\/a>\t\t\t<\/div>\n\n\t\t\t<a href=\"https:\/\/www.jinsai.org\/pt-BR\/ensinamentos\/coletaneas\/coletanea-de-explicacoes-divinas-5-misterio-divino\/049-tathata-e-o-divino-misterio-de-15-de-agosto\/\" class=\"link-title\" >\t\t\t<h5 >Colet\u00e2nea de Explica\u00e7\u00f5es Divinas 5 &#8211; Mist\u00e9rio Divino<\/h5>\t\t\t<h4 >049 &#8211; TATHATA E O DIVINO MIST\u00c9RIO DE 15 DE AGOSTO<\/h4>\t\t\t<\/a>\n\t\t\t<p class=\"text\" >Tathata[1] e o divino mist\u00e9rio de 15 de agostoPergunta: Pe\u00e7o para que nos explique sobre o tathata.Meishu-Sama: Tathata \u00e9 algo tempor\u00e1rio e n\u00e3o a Verdade.Daisen \u00e9 o mundo do dia e sanzen \u00e9 o mundo da noite[2].A atua\u00e7\u00e3o da lua \u00e9 mat\u00e9ria e tem grande significado com o dia 15 de agosto, data do t\u00e9rmino [&hellip;]<\/p>\t\t\t\t\t\t\t<a href=\"https:\/\/www.jinsai.org\/pt-BR\/ensinamentos\/coletaneas\/coletanea-de-explicacoes-divinas-5-misterio-divino\/049-tathata-e-o-divino-misterio-de-15-de-agosto\/\" class=\"more-button\" >Continue lendo <i><\/i><\/a>\n\t\t\t\t\t<\/div>\n\t\t<\/div><div class=\"widget widget_circleicon-widget\">\t\t<div class=\"circle-icon-box circle-icon-position-top circle-icon-hide-box circle-icon-size-small\">\n\t\t\t<div class=\"circle-icon-wrapper\">\n\t\t\t\t<a href=\"https:\/\/www.jinsai.org\/pt-BR\/ensinamentos\/coletaneas\/coletanea-de-explicacoes-divinas-5-misterio-divino\/048-kannon-e-o-dia-18-de-maio\/\" class=\"link-icon\" >\t\t\t\t<div class=\"circle-icon icon-style-set\" style=\"background-image: url(https:\/\/www.jinsai.org\/pt-BR\/wp-content\/uploads\/slider8\/divindade18-150x150.jpeg)\">\n\t\t\t\t\t\t\t\t\t<\/div>\n\t\t\t\t<\/a>\t\t\t<\/div>\n\n\t\t\t<a href=\"https:\/\/www.jinsai.org\/pt-BR\/ensinamentos\/coletaneas\/coletanea-de-explicacoes-divinas-5-misterio-divino\/048-kannon-e-o-dia-18-de-maio\/\" class=\"link-title\" >\t\t\t<h5 >Colet\u00e2nea de Explica\u00e7\u00f5es Divinas 5 &#8211; Mist\u00e9rio Divino<\/h5>\t\t\t<h4 >048 &#8211; KANNON E O DIA 18 DE MAIO<\/h4>\t\t\t<\/a>\n\t\t\t<p class=\"text\" >Pergunta: O dia 18 de maio (18\/5) \u00e9 uma data que tem profunda rela\u00e7\u00e3o com Kannon?Meishu-Sama: Tem muita rela\u00e7\u00e3o, pois 5 \u00e9 esp\u00edrito; m\u00eas \u00e9 mat\u00e9ria; 18 \u00e9 a combina\u00e7\u00e3o de 10 e 8, sendo que 10 significa cruzar e 8 abrir; expandir[1]. Torna-se, portanto, um dia importante.22 de dezembro de 1948Traduzido pela Equipe Jinsai[1] [&hellip;]<\/p>\t\t\t\t\t\t\t<a href=\"https:\/\/www.jinsai.org\/pt-BR\/ensinamentos\/coletaneas\/coletanea-de-explicacoes-divinas-5-misterio-divino\/048-kannon-e-o-dia-18-de-maio\/\" class=\"more-button\" >Continue lendo <i><\/i><\/a>\n\t\t\t\t\t<\/div>\n\t\t<\/div><div class=\"clear\"><\/div><div class=\"widget widget_circleicon-widget\">\t\t<div class=\"circle-icon-box circle-icon-position-top circle-icon-hide-box circle-icon-size-small\">\n\t\t\t<div class=\"circle-icon-wrapper\">\n\t\t\t\t<a href=\"https:\/\/www.jinsai.org\/pt-BR\/ensinamentos\/coletaneas\/coletanea-de-explicacoes-divinas-5-misterio-divino\/047-akashigata\/\" class=\"link-icon\" >\t\t\t\t<div class=\"circle-icon icon-style-set\" style=\"background-image: url(https:\/\/www.jinsai.org\/pt-BR\/wp-content\/uploads\/2019\/01\/339636c4-4ddf-4ebe-9de8-68f19043057d-150x150.jpg)\">\n\t\t\t\t\t\t\t\t\t<\/div>\n\t\t\t\t<\/a>\t\t\t<\/div>\n\n\t\t\t<a href=\"https:\/\/www.jinsai.org\/pt-BR\/ensinamentos\/coletaneas\/coletanea-de-explicacoes-divinas-5-misterio-divino\/047-akashigata\/\" class=\"link-title\" >\t\t\t<h5 >Colet\u00e2nea de Explica\u00e7\u00f5es Divinas 5 &#8211; Mist\u00e9rio Divino<\/h5>\t\t\t<h4 >047 &#8211; AKASHIGATA<\/h4>\t\t\t<\/a>\n\t\t\t<p class=\"text\" >Pergunta: Qual \u00e9 o significado de Akashigata[1]?<\/p>\t\t\t\t\t\t\t<a href=\"https:\/\/www.jinsai.org\/pt-BR\/ensinamentos\/coletaneas\/coletanea-de-explicacoes-divinas-5-misterio-divino\/047-akashigata\/\" class=\"more-button\" >Continue lendo <i><\/i><\/a>\n\t\t\t\t\t<\/div>\n\t\t<\/div><div class=\"widget widget_circleicon-widget\">\t\t<div class=\"circle-icon-box circle-icon-position-top circle-icon-hide-box circle-icon-size-small\">\n\t\t\t<div class=\"circle-icon-wrapper\">\n\t\t\t\t<a href=\"https:\/\/www.jinsai.org\/pt-BR\/ensinamentos\/coletaneas\/coletanea-de-explicacoes-divinas-5-misterio-divino\/046-a-segunda-abertura-da-porta-da-rocha-a-construcao-do-kanzan-tei\/\" class=\"link-icon\" >\t\t\t\t<div class=\"circle-icon icon-style-set\" style=\"background-image: url(https:\/\/www.jinsai.org\/pt-BR\/wp-content\/uploads\/slider5\/hakone531-150x150.jpeg)\">\n\t\t\t\t\t\t\t\t\t<\/div>\n\t\t\t\t<\/a>\t\t\t<\/div>\n\n\t\t\t<a href=\"https:\/\/www.jinsai.org\/pt-BR\/ensinamentos\/coletaneas\/coletanea-de-explicacoes-divinas-5-misterio-divino\/046-a-segunda-abertura-da-porta-da-rocha-a-construcao-do-kanzan-tei\/\" class=\"link-title\" >\t\t\t<h5 >Colet\u00e2nea de Explica\u00e7\u00f5es Divinas 5 &#8211; Mist\u00e9rio Divino<\/h5>\t\t\t<h4 >046 &#8211; A SEGUNDA ABERTURA DA PORTA DA ROCHA (A CONSTRU\u00c7\u00c3O DO KANZAN-TEI)<\/h4>\t\t\t<\/a>\n\t\t\t<p class=\"text\" >H\u00e1 uma segunda vez para tudo. Mesmo para a abertura da Porta da Rocha[1]. Apesar de isso ter ocorrido h\u00e1 muitos anos, dessa vez acontecer\u00e1 a verdadeira abertura da Porta da Rocha.<\/p>\t\t\t\t\t\t\t<a href=\"https:\/\/www.jinsai.org\/pt-BR\/ensinamentos\/coletaneas\/coletanea-de-explicacoes-divinas-5-misterio-divino\/046-a-segunda-abertura-da-porta-da-rocha-a-construcao-do-kanzan-tei\/\" class=\"more-button\" >Continue lendo <i><\/i><\/a>\n\t\t\t\t\t<\/div>\n\t\t<\/div><div class=\"widget widget_circleicon-widget\">\t\t<div class=\"circle-icon-box circle-icon-position-top circle-icon-hide-box circle-icon-size-small\">\n\t\t\t<div class=\"circle-icon-wrapper\">\n\t\t\t\t<a href=\"https:\/\/www.jinsai.org\/pt-BR\/ensinamentos\/coletaneas\/coletanea-de-explicacoes-divinas-5-misterio-divino\/045-acabando-com-o-carater-mistico-da-religiao\/\" class=\"link-icon\" >\t\t\t\t<div class=\"circle-icon icon-style-set\" style=\"background-image: url(https:\/\/www.jinsai.org\/pt-BR\/wp-content\/uploads\/2018\/12\/sobrenatural-150x150.jpg)\">\n\t\t\t\t\t\t\t\t\t<\/div>\n\t\t\t\t<\/a>\t\t\t<\/div>\n\n\t\t\t<a href=\"https:\/\/www.jinsai.org\/pt-BR\/ensinamentos\/coletaneas\/coletanea-de-explicacoes-divinas-5-misterio-divino\/045-acabando-com-o-carater-mistico-da-religiao\/\" class=\"link-title\" >\t\t\t<h5 >Colet\u00e2nea de Explica\u00e7\u00f5es Divinas 5 &#8211; Mist\u00e9rio Divino<\/h5>\t\t\t<h4 >045 &#8211; ACABANDO COM O CAR\u00c1TER M\u00cdSTICO DA RELIGI\u00c3O<\/h4>\t\t\t<\/a>\n\t\t\t<p class=\"text\" >Pergunta: Dizem que religi\u00e3o e ci\u00eancia tornar-se-\u00e3o uma coisa s\u00f3. Se algum dia a ci\u00eancia expuser teorias sobre a Verdade pregada pela religi\u00e3o (ou, seus milagres), o que tem car\u00e1ter m\u00edstico desaparecer\u00e1 e acho que isso apenas far\u00e1 com que o ser humano se torne materialista. Solicito que nos oriente a esse respeito.<\/p>\t\t\t\t\t\t\t<a href=\"https:\/\/www.jinsai.org\/pt-BR\/ensinamentos\/coletaneas\/coletanea-de-explicacoes-divinas-5-misterio-divino\/045-acabando-com-o-carater-mistico-da-religiao\/\" class=\"more-button\" >Continue lendo <i><\/i><\/a>\n\t\t\t\t\t<\/div>\n\t\t<\/div><div class=\"clear\"><\/div><div class=\"widget widget_circleicon-widget\">\t\t<div class=\"circle-icon-box circle-icon-position-top circle-icon-hide-box circle-icon-size-small\">\n\t\t\t<div class=\"circle-icon-wrapper\">\n\t\t\t\t<a href=\"https:\/\/www.jinsai.org\/pt-BR\/ensinamentos\/coletaneas\/coletanea-de-explicacoes-divinas-5-misterio-divino\/044-divulgacao-de-misterios\/\" class=\"link-icon\" >\t\t\t\t<div class=\"circle-icon icon-style-set\" style=\"background-image: url(https:\/\/www.jinsai.org\/pt-BR\/wp-content\/uploads\/2018\/12\/Misterios-do-Espa\u00e7o-150x150.jpg)\">\n\t\t\t\t\t\t\t\t\t<\/div>\n\t\t\t\t<\/a>\t\t\t<\/div>\n\n\t\t\t<a href=\"https:\/\/www.jinsai.org\/pt-BR\/ensinamentos\/coletaneas\/coletanea-de-explicacoes-divinas-5-misterio-divino\/044-divulgacao-de-misterios\/\" class=\"link-title\" >\t\t\t<h5 >Colet\u00e2nea de Explica\u00e7\u00f5es Divinas 5 &#8211; Mist\u00e9rio Divino<\/h5>\t\t\t<h4 >044 &#8211; DIVULGA\u00c7\u00c3O DE MIST\u00c9RIOS<\/h4>\t\t\t<\/a>\n\t\t\t<p class=\"text\" >\u00c9 interessante adquirir conhecimento espiritual, contudo, ainda \u00e9 um pouco cedo para isso. Chega a ser penoso e at\u00e9 mesmo irritante n\u00e3o poder revel\u00e1-los ainda. Os segredos realmente existem. Desvendarei boa parte dos mist\u00e9rios divinos. 1948 Traduzido pela Equipe do Jinsai.org Compartilhar<\/p>\t\t\t\t\t\t\t<a href=\"https:\/\/www.jinsai.org\/pt-BR\/ensinamentos\/coletaneas\/coletanea-de-explicacoes-divinas-5-misterio-divino\/044-divulgacao-de-misterios\/\" class=\"more-button\" >Continue lendo <i><\/i><\/a>\n\t\t\t\t\t<\/div>\n\t\t<\/div>\t<\/div>\n\t<\/div><div id=\"panel-3216-0-0-1\" class=\"widget_text so-panel widget_custom_html panel-last-child\" data-index=\"1\" ><div class=\"textwidget custom-html-widget\"><iframe src=\"http:\/\/www.facebook.com\/plugins\/like.php?href= http:\/\/www.jinsai.org\/pt-BR\/ensinamentos\/coletaneas\/coletanea-de-explicacoes-divinas-5-misterio-divino\/ &%0Alayout=standard&show_faces=false&width=380&action=like&colorscheme=light&height=25\" style=\"border: medium none ; overflow: hidden; width: 350px; height: 25px;\" allowtransparency=\"true\" frameborder=\"0\" scrolling=\"no\"><\/iframe>\n\n<div id=\"fb-root\"><\/div><script src=\"http:\/\/connect.facebook.net\/pt_BR\/all.js#appId=APP_ID&amp;xfbml=1\"><\/script><fb:comments href=\"http:\/\/www.jinsai.org\/pt-BR\/ensinamentos\/coletaneas\/coletanea-de-explicacoes-divinas-5-misterio-divino\/\" num_posts=\"100\" width=\"500\"><\/fb:comments><meta property='fb:app_id' content='171964893011161'\/> \n\n<div id=\"fb-root\"><\/div>\n<script>(function(d, s, id) {\n  var js, fjs = d.getElementsByTagName(s)[0];\n  if (d.getElementById(id)) return;\n  js = d.createElement(s); js.id = id;\n  js.src = 'https:\/\/connect.facebook.net\/pt_BR\/sdk.js#xfbml=1&version=v3.0&appId=171964893011161&autoLogAppEvents=1';\n  fjs.parentNode.insertBefore(js, fjs);\n}(document, 'script', 'facebook-jssdk'));<\/script>\n<div class=\"fb-share-button\" data-href=\"http:\/\/www.jinsai.org\/pt-BR\/ensinamentos\/coletaneas\/coletanea-de-explicacoes-divinas-5-misterio-divino\/\" data-layout=\"button_count\" data-size=\"large\" data-mobile-iframe=\"true\"><a target=\"_blank\" href=\"https:\/\/www.facebook.com\/sharer\/sharer.php?u=http%3A%2F% http:\/\/www.jinsai.org\/pt-BR\/ensinamentos\/coletaneas\/coletanea-de-explicacoes-divinas-5-misterio-divino\/%2F&amp;src=sdkpreparse\" class=\"fb-xfbml-parse-ignore\">Compartilhar<\/a><\/div>\n<\/div><\/div><\/div><\/div><\/div>","protected":false},"excerpt":{"rendered":"","protected":false},"author":1,"featured_media":0,"parent":2462,"menu_order":0,"comment_status":"open","ping_status":"closed","template":"templates\/template-full.php","meta":{"footnotes":""},"class_list":["post-3216","page","type-page","status-publish","hentry","post","post-with-thumbnail","post-with-thumbnail-icon"],"_links":{"self":[{"href":"https:\/\/www.jinsai.org\/pt-BR\/wp-json\/wp\/v2\/pages\/3216","targetHints":{"allow":["GET"]}}],"collection":[{"href":"https:\/\/www.jinsai.org\/pt-BR\/wp-json\/wp\/v2\/pages"}],"about":[{"href":"https:\/\/www.jinsai.org\/pt-BR\/wp-json\/wp\/v2\/types\/page"}],"author":[{"embeddable":true,"href":"https:\/\/www.jinsai.org\/pt-BR\/wp-json\/wp\/v2\/users\/1"}],"replies":[{"embeddable":true,"href":"https:\/\/www.jinsai.org\/pt-BR\/wp-json\/wp\/v2\/comments?post=3216"}],"version-history":[{"count":12,"href":"https:\/\/www.jinsai.org\/pt-BR\/wp-json\/wp\/v2\/pages\/3216\/revisions"}],"predecessor-version":[{"id":7732,"href":"https:\/\/www.jinsai.org\/pt-BR\/wp-json\/wp\/v2\/pages\/3216\/revisions\/7732"}],"up":[{"embeddable":true,"href":"https:\/\/www.jinsai.org\/pt-BR\/wp-json\/wp\/v2\/pages\/2462"}],"wp:attachment":[{"href":"https:\/\/www.jinsai.org\/pt-BR\/wp-json\/wp\/v2\/media?parent=3216"}],"curies":[{"name":"wp","href":"https:\/\/api.w.org\/{rel}","templated":true}]}}