{"id":3348,"date":"2018-09-12T18:48:32","date_gmt":"2018-09-12T21:48:32","guid":{"rendered":"http:\/\/www.jinsai.org\/pt-BR\/?page_id=3348"},"modified":"2020-06-21T16:48:21","modified_gmt":"2020-06-21T19:48:21","slug":"coletanea-de-explicacoes-divinas-1-divindade","status":"publish","type":"page","link":"https:\/\/www.jinsai.org\/pt-BR\/ensinamentos\/coletaneas\/coletanea-de-explicacoes-divinas-1-divindade\/","title":{"rendered":"Colet\u00e2nea de Explica\u00e7\u00f5es Divinas 1 &#8211; Divindade (01 &#8211; 12)"},"content":{"rendered":"<div id=\"pl-3348\"  class=\"panel-layout\" ><div id=\"pg-3348-0\"  class=\"panel-grid panel-no-style\" ><div id=\"pgc-3348-0-0\"  class=\"panel-grid-cell\" ><div id=\"panel-3348-0-0-0\" class=\"so-panel widget_siteorigin-panels-postloop panel-first-child\" data-index=\"0\" >\n\t<div id=\"vantage-circleicon-loop\" class=\"vantage-circleicon-loop circleicon-loop-columns-3\">\n\n\t\t<div class=\"widget widget_circleicon-widget\">\t\t<div class=\"circle-icon-box circle-icon-position-top circle-icon-hide-box circle-icon-size-small\">\n\t\t\t<div class=\"circle-icon-wrapper\">\n\t\t\t\t<a href=\"https:\/\/www.jinsai.org\/pt-BR\/ensinamentos\/coletaneas\/coletanea-de-explicacoes-divinas-1-divindade\/010-deus-nao-se-repete-coercao-religiosa-por-parte-da-religiao-tenri\/\" class=\"link-icon\" >\t\t\t\t<div class=\"circle-icon icon-style-set\" style=\"background-image: url(https:\/\/www.jinsai.org\/pt-BR\/wp-content\/uploads\/2020\/07\/iStock-922729790-1-150x150.jpg)\">\n\t\t\t\t\t\t\t\t\t<\/div>\n\t\t\t\t<\/a>\t\t\t<\/div>\n\n\t\t\t<a href=\"https:\/\/www.jinsai.org\/pt-BR\/ensinamentos\/coletaneas\/coletanea-de-explicacoes-divinas-1-divindade\/010-deus-nao-se-repete-coercao-religiosa-por-parte-da-religiao-tenri\/\" class=\"link-title\" >\t\t\t<h5 >Colet\u00e2nea de Explica\u00e7\u00f5es Divinas 1 &#8211; Divindade<\/h5>\t\t\t<h4 >010 \u2013 DEUS N\u00c3O SE REPETE (COER\u00c7\u00c3O RELIGIOSA POR PARTE DA RELIGI\u00c3O TENRI)<\/h4>\t\t\t<\/a>\n\t\t\t<p class=\"text\" >Pergunta: Um mission\u00e1rio da religi\u00e3o Tenri das redondezas disse para minha esposa de meu segundo casamento: \u201cO seu marido precisa se tornar submisso a voc\u00ea\u201d e \u201cSe seu marido n\u00e3o se tornar fiel da religi\u00e3o Tenri, acabar\u00e1 falecendo\u201d.Como este mission\u00e1rio diz conseguir adivinhar coisas sobre o passado da fam\u00edlia de uma pessoa, s\u00f3 de olhar [&hellip;]<\/p>\t\t\t\t\t\t\t<a href=\"https:\/\/www.jinsai.org\/pt-BR\/ensinamentos\/coletaneas\/coletanea-de-explicacoes-divinas-1-divindade\/010-deus-nao-se-repete-coercao-religiosa-por-parte-da-religiao-tenri\/\" class=\"more-button\" >Continue lendo <i><\/i><\/a>\n\t\t\t\t\t<\/div>\n\t\t<\/div><div class=\"widget widget_circleicon-widget\">\t\t<div class=\"circle-icon-box circle-icon-position-top circle-icon-hide-box circle-icon-size-small\">\n\t\t\t<div class=\"circle-icon-wrapper\">\n\t\t\t\t<a href=\"https:\/\/www.jinsai.org\/pt-BR\/ensinamentos\/coletaneas\/coletanea-de-explicacoes-divinas-1-divindade\/009-alegria-de-deus\/\" class=\"link-icon\" >\t\t\t\t<div class=\"circle-icon icon-style-set\" style=\"background-image: url(https:\/\/www.jinsai.org\/pt-BR\/wp-content\/uploads\/2020\/05\/Ikebana02-150x150.jpg)\">\n\t\t\t\t\t\t\t\t\t<\/div>\n\t\t\t\t<\/a>\t\t\t<\/div>\n\n\t\t\t<a href=\"https:\/\/www.jinsai.org\/pt-BR\/ensinamentos\/coletaneas\/coletanea-de-explicacoes-divinas-1-divindade\/009-alegria-de-deus\/\" class=\"link-title\" >\t\t\t<h5 >Colet\u00e2nea de Explica\u00e7\u00f5es Divinas 1 &#8211; Divindade<\/h5>\t\t\t<h4 >009 \u2013 ALEGRIA DE DEUS<\/h4>\t\t\t<\/a>\n\t\t\t<p class=\"text\" >Pergunta: Independente de onde fazemos ora\u00e7\u00e3o, as flores que s\u00e3o ofertadas a Kannon ficam voltadas para a dire\u00e7\u00e3o das pessoas. Mas n\u00e3o seria melhor deixar voltadas em dire\u00e7\u00e3o a Kannon? Dentre ikebana, moribana, nageire, etc, qual seria a melhor forma de vivificar as flores?Meishu-Sama: Deus se alegra com a alegria do ser humano. N\u00f3s somos [&hellip;]<\/p>\t\t\t\t\t\t\t<a href=\"https:\/\/www.jinsai.org\/pt-BR\/ensinamentos\/coletaneas\/coletanea-de-explicacoes-divinas-1-divindade\/009-alegria-de-deus\/\" class=\"more-button\" >Continue lendo <i><\/i><\/a>\n\t\t\t\t\t<\/div>\n\t\t<\/div><div class=\"widget widget_circleicon-widget\">\t\t<div class=\"circle-icon-box circle-icon-position-top circle-icon-hide-box circle-icon-size-small\">\n\t\t\t<div class=\"circle-icon-wrapper\">\n\t\t\t\t<a href=\"https:\/\/www.jinsai.org\/pt-BR\/ensinamentos\/coletaneas\/coletanea-de-explicacoes-divinas-1-divindade\/005-amor-de-deus\/\" class=\"link-icon\" >\t\t\t\t<div class=\"circle-icon icon-style-set\" style=\"background-image: url(https:\/\/www.jinsai.org\/pt-BR\/wp-content\/uploads\/2018\/11\/como-era-o-jardim-do-eden-estudo-de-deus-150x150.jpg)\">\n\t\t\t\t\t\t\t\t\t<\/div>\n\t\t\t\t<\/a>\t\t\t<\/div>\n\n\t\t\t<a href=\"https:\/\/www.jinsai.org\/pt-BR\/ensinamentos\/coletaneas\/coletanea-de-explicacoes-divinas-1-divindade\/005-amor-de-deus\/\" class=\"link-title\" >\t\t\t<h5 >Colet\u00e2nea de Explica\u00e7\u00f5es Divinas 1 &#8211; Divindade<\/h5>\t\t\t<h4 >005 &#8211; AMOR DE DEUS<\/h4>\t\t\t<\/a>\n\t\t\t<p class=\"text\" >Pergunta: Ensine-nos sobre o amor de Deus. O amor limitado, como o patriotismo de fidelidade ao imperador ou o amor \u00e0 p\u00e1tria, d\u00e1 muito peso ao imperador... Meishu-Sama: O amor de Deus \u00e9 algo ilimitado, que visa a felicidade de todos os seres humanos. Existem muitos tipos de amor nas divindades. No Jap\u00e3o, as divindades [&hellip;]<\/p>\t\t\t\t\t\t\t<a href=\"https:\/\/www.jinsai.org\/pt-BR\/ensinamentos\/coletaneas\/coletanea-de-explicacoes-divinas-1-divindade\/005-amor-de-deus\/\" class=\"more-button\" >Continue lendo <i><\/i><\/a>\n\t\t\t\t\t<\/div>\n\t\t<\/div><div class=\"clear\"><\/div><div class=\"widget widget_circleicon-widget\">\t\t<div class=\"circle-icon-box circle-icon-position-top circle-icon-hide-box circle-icon-size-small\">\n\t\t\t<div class=\"circle-icon-wrapper\">\n\t\t\t\t<a href=\"https:\/\/www.jinsai.org\/pt-BR\/ensinamentos\/coletaneas\/coletanea-de-explicacoes-divinas-1-divindade\/012-divindades-e-pedidos\/\" class=\"link-icon\" >\t\t\t\t<div class=\"circle-icon icon-style-set\" style=\"background-image: url(https:\/\/www.jinsai.org\/pt-BR\/wp-content\/uploads\/2019\/06\/maxresdefault-150x150.jpg)\">\n\t\t\t\t\t\t\t\t\t<\/div>\n\t\t\t\t<\/a>\t\t\t<\/div>\n\n\t\t\t<a href=\"https:\/\/www.jinsai.org\/pt-BR\/ensinamentos\/coletaneas\/coletanea-de-explicacoes-divinas-1-divindade\/012-divindades-e-pedidos\/\" class=\"link-title\" >\t\t\t<h5 >Colet\u00e2nea de Explica\u00e7\u00f5es Divinas 1 &#8211; Divindade<\/h5>\t\t\t<h4 >012 &#8211; DIVINDADES E PEDIDOS<\/h4>\t\t\t<\/a>\n\t\t\t<p class=\"text\" >As divindades devem, sem exce\u00e7\u00f5es, atender aos pedidos referentes \u00e0s coisas corretas. Sem data Traduzido pela Equipe Jinsai &nbsp; Compartilhar<\/p>\t\t\t\t\t\t\t<a href=\"https:\/\/www.jinsai.org\/pt-BR\/ensinamentos\/coletaneas\/coletanea-de-explicacoes-divinas-1-divindade\/012-divindades-e-pedidos\/\" class=\"more-button\" >Continue lendo <i><\/i><\/a>\n\t\t\t\t\t<\/div>\n\t\t<\/div><div class=\"widget widget_circleicon-widget\">\t\t<div class=\"circle-icon-box circle-icon-position-top circle-icon-hide-box circle-icon-size-small\">\n\t\t\t<div class=\"circle-icon-wrapper\">\n\t\t\t\t<a href=\"https:\/\/www.jinsai.org\/pt-BR\/ensinamentos\/coletaneas\/coletanea-de-explicacoes-divinas-1-divindade\/011-inteligencia-divina-e-inteligencia-sagrada\/\" class=\"link-icon\" >\t\t\t\t<div class=\"circle-icon icon-style-set\" style=\"background-image: url(https:\/\/www.jinsai.org\/pt-BR\/wp-content\/uploads\/2019\/05\/homem-outono-mulher-pimavera-150x150.jpg)\">\n\t\t\t\t\t\t\t\t\t<\/div>\n\t\t\t\t<\/a>\t\t\t<\/div>\n\n\t\t\t<a href=\"https:\/\/www.jinsai.org\/pt-BR\/ensinamentos\/coletaneas\/coletanea-de-explicacoes-divinas-1-divindade\/011-inteligencia-divina-e-inteligencia-sagrada\/\" class=\"link-title\" >\t\t\t<h5 >Colet\u00e2nea de Explica\u00e7\u00f5es Divinas 1 &#8211; Divindade<\/h5>\t\t\t<h4 >011 \u2013 INTELIG\u00caNCIA DIVINA E INTELIG\u00caNCIA SAGRADA<\/h4>\t\t\t<\/a>\n\t\t\t<p class=\"text\" >Pergunta: O significado da intelig\u00eancia divina ter car\u00e1ter masculino e a intelig\u00eancia sagrada car\u00e1ter feminino&#8230;<\/p>\t\t\t\t\t\t\t<a href=\"https:\/\/www.jinsai.org\/pt-BR\/ensinamentos\/coletaneas\/coletanea-de-explicacoes-divinas-1-divindade\/011-inteligencia-divina-e-inteligencia-sagrada\/\" class=\"more-button\" >Continue lendo <i><\/i><\/a>\n\t\t\t\t\t<\/div>\n\t\t<\/div><div class=\"widget widget_circleicon-widget\">\t\t<div class=\"circle-icon-box circle-icon-position-top circle-icon-hide-box circle-icon-size-small\">\n\t\t\t<div class=\"circle-icon-wrapper\">\n\t\t\t\t<a href=\"https:\/\/www.jinsai.org\/pt-BR\/ensinamentos\/coletaneas\/coletanea-de-explicacoes-divinas-1-divindade\/008-as-circunstancias-que-levaram-as-divindades-a-se-tornarem-budas-a-colera-divina\/\" class=\"link-icon\" >\t\t\t\t<div class=\"circle-icon icon-style-set\" style=\"background-image: url(https:\/\/www.jinsai.org\/pt-BR\/wp-content\/uploads\/2019\/05\/Amaterasu-150x150.jpg)\">\n\t\t\t\t\t\t\t\t\t<\/div>\n\t\t\t\t<\/a>\t\t\t<\/div>\n\n\t\t\t<a href=\"https:\/\/www.jinsai.org\/pt-BR\/ensinamentos\/coletaneas\/coletanea-de-explicacoes-divinas-1-divindade\/008-as-circunstancias-que-levaram-as-divindades-a-se-tornarem-budas-a-colera-divina\/\" class=\"link-title\" >\t\t\t<h5 >Colet\u00e2nea de Explica\u00e7\u00f5es Divinas 1 &#8211; Divindade<\/h5>\t\t\t<h4 >008 \u2013 AS CIRCUNST\u00c2NCIAS QUE LEVARAM AS DIVINDADES A SE TORNAREM BUDAS; A C\u00d3LERA DIVINA<\/h4>\t\t\t<\/a>\n\t\t\t<p class=\"text\" >No mundo da Era da Noite, as divindades n\u00e3o conseguiam realizar a salva\u00e7\u00e3o. Elas se tornaram budas para salvar. Entre as divindades, algumas n\u00e3o se tornaram budas e isso se deve ao status divino delas e a vontade de Deus. Assim como os oito grandes drag\u00f5es reis, existiram divindades que n\u00e3o gostaram de tornar-se um [&hellip;]<\/p>\t\t\t\t\t\t\t<a href=\"https:\/\/www.jinsai.org\/pt-BR\/ensinamentos\/coletaneas\/coletanea-de-explicacoes-divinas-1-divindade\/008-as-circunstancias-que-levaram-as-divindades-a-se-tornarem-budas-a-colera-divina\/\" class=\"more-button\" >Continue lendo <i><\/i><\/a>\n\t\t\t\t\t<\/div>\n\t\t<\/div><div class=\"clear\"><\/div><div class=\"widget widget_circleicon-widget\">\t\t<div class=\"circle-icon-box circle-icon-position-top circle-icon-hide-box circle-icon-size-small\">\n\t\t\t<div class=\"circle-icon-wrapper\">\n\t\t\t\t<a href=\"https:\/\/www.jinsai.org\/pt-BR\/ensinamentos\/coletaneas\/coletanea-de-explicacoes-divinas-1-divindade\/007-o-altar-durante-a-ausencia-saudade-e-estima-as-divindades-nao-se-deixam-levar-pelas-emocoes\/\" class=\"link-icon\" >\t\t\t\t<div class=\"circle-icon icon-style-set\" style=\"background-image: url(https:\/\/www.jinsai.org\/pt-BR\/wp-content\/uploads\/2019\/05\/kannons-150x150.jpg)\">\n\t\t\t\t\t\t\t\t\t<\/div>\n\t\t\t\t<\/a>\t\t\t<\/div>\n\n\t\t\t<a href=\"https:\/\/www.jinsai.org\/pt-BR\/ensinamentos\/coletaneas\/coletanea-de-explicacoes-divinas-1-divindade\/007-o-altar-durante-a-ausencia-saudade-e-estima-as-divindades-nao-se-deixam-levar-pelas-emocoes\/\" class=\"link-title\" >\t\t\t<h5 >Colet\u00e2nea de Explica\u00e7\u00f5es Divinas 1 &#8211; Divindade<\/h5>\t\t\t<h4 >007 &#8211; O ALTAR DURANTE A AUS\u00caNCIA; SAUDADE E ESTIMA; AS DIVINDADES N\u00c3O SE DEIXAM LEVAR PELAS EMO\u00c7\u00d5ES<\/h4>\t\t\t<\/a>\n\t\t\t<p class=\"text\" >Pergunta: Como proceder com rela\u00e7\u00e3o ao biombo de Kannon e o Ihai[1] dos antepassados no Butsudan[2] quando sa\u00edmos para fazer difus\u00e3o? N\u00e3o fica ningu\u00e9m em casa e n\u00e3o h\u00e1 outra pessoa para realizar as ora\u00e7\u00f5es.<\/p>\t\t\t\t\t\t\t<a href=\"https:\/\/www.jinsai.org\/pt-BR\/ensinamentos\/coletaneas\/coletanea-de-explicacoes-divinas-1-divindade\/007-o-altar-durante-a-ausencia-saudade-e-estima-as-divindades-nao-se-deixam-levar-pelas-emocoes\/\" class=\"more-button\" >Continue lendo <i><\/i><\/a>\n\t\t\t\t\t<\/div>\n\t\t<\/div><div class=\"widget widget_circleicon-widget\">\t\t<div class=\"circle-icon-box circle-icon-position-top circle-icon-hide-box circle-icon-size-small\">\n\t\t\t<div class=\"circle-icon-wrapper\">\n\t\t\t\t<a href=\"https:\/\/www.jinsai.org\/pt-BR\/ensinamentos\/coletaneas\/coletanea-de-explicacoes-divinas-1-divindade\/006-o-amor-de-deus-e-o-amor-do-ser-humano\/\" class=\"link-icon\" >\t\t\t\t<div class=\"circle-icon icon-style-set\" style=\"background-image: url(https:\/\/www.jinsai.org\/pt-BR\/wp-content\/uploads\/2019\/04\/O-Amor-de-Deus-\u00e9-sobre-nossas-vidas-1-150x150.jpg)\">\n\t\t\t\t\t\t\t\t\t<\/div>\n\t\t\t\t<\/a>\t\t\t<\/div>\n\n\t\t\t<a href=\"https:\/\/www.jinsai.org\/pt-BR\/ensinamentos\/coletaneas\/coletanea-de-explicacoes-divinas-1-divindade\/006-o-amor-de-deus-e-o-amor-do-ser-humano\/\" class=\"link-title\" >\t\t\t<h5 >Colet\u00e2nea de Explica\u00e7\u00f5es Divinas 1 &#8211; Divindade<\/h5>\t\t\t<h4 >006 \u2013 O AMOR DE DEUS E O AMOR DO SER HUMANO<\/h4>\t\t\t<\/a>\n\t\t\t<p class=\"text\" >Pergunta: Qual \u00e9 a diferen\u00e7a entre o amor de Deus e o amor do ser humano? Meishu-Sama: O amor \u00e9 o mesmo, mas o de Deus \u00e9 grandioso, enquanto que o do ser humano \u00e9 pequeno. O amor de Deus compreende toda a humanidade, mas o amor do ser humano limita-se a uma pequena escala, [&hellip;]<\/p>\t\t\t\t\t\t\t<a href=\"https:\/\/www.jinsai.org\/pt-BR\/ensinamentos\/coletaneas\/coletanea-de-explicacoes-divinas-1-divindade\/006-o-amor-de-deus-e-o-amor-do-ser-humano\/\" class=\"more-button\" >Continue lendo <i><\/i><\/a>\n\t\t\t\t\t<\/div>\n\t\t<\/div><div class=\"widget widget_circleicon-widget\">\t\t<div class=\"circle-icon-box circle-icon-position-top circle-icon-hide-box circle-icon-size-small\">\n\t\t\t<div class=\"circle-icon-wrapper\">\n\t\t\t\t<a href=\"https:\/\/www.jinsai.org\/pt-BR\/ensinamentos\/coletaneas\/coletanea-de-explicacoes-divinas-1-divindade\/004-o-aspecto-das-divindades\/\" class=\"link-icon\" >\t\t\t\t<div class=\"circle-icon icon-style-set\" style=\"background-image: url(https:\/\/www.jinsai.org\/pt-BR\/wp-content\/uploads\/2018\/11\/Meiji-tenno_among_kami_and_emperors-150x150.jpg)\">\n\t\t\t\t\t\t\t\t\t<\/div>\n\t\t\t\t<\/a>\t\t\t<\/div>\n\n\t\t\t<a href=\"https:\/\/www.jinsai.org\/pt-BR\/ensinamentos\/coletaneas\/coletanea-de-explicacoes-divinas-1-divindade\/004-o-aspecto-das-divindades\/\" class=\"link-title\" >\t\t\t<h5 >Colet\u00e2nea de Explica\u00e7\u00f5es Divinas 1 &#8211; Divindade<\/h5>\t\t\t<h4 >004 &#8211; O ASPECTO DAS DIVINDADES<\/h4>\t\t\t<\/a>\n\t\t\t<p class=\"text\" >Pergunta:\u00a0Na Era Divina, as divindades tinham um corpo f\u00edsico assim como os serem humanos? Al\u00e9m das divindades, existiam seres humanos que viviam naquela \u00e9poca?<\/p>\t\t\t\t\t\t\t<a href=\"https:\/\/www.jinsai.org\/pt-BR\/ensinamentos\/coletaneas\/coletanea-de-explicacoes-divinas-1-divindade\/004-o-aspecto-das-divindades\/\" class=\"more-button\" >Continue lendo <i><\/i><\/a>\n\t\t\t\t\t<\/div>\n\t\t<\/div><div class=\"clear\"><\/div><div class=\"widget widget_circleicon-widget\">\t\t<div class=\"circle-icon-box circle-icon-position-top circle-icon-hide-box circle-icon-size-small\">\n\t\t\t<div class=\"circle-icon-wrapper\">\n\t\t\t\t<a href=\"https:\/\/www.jinsai.org\/pt-BR\/ensinamentos\/coletaneas\/coletanea-de-explicacoes-divinas-1-divindade\/003-a-primeira-aparencia-das-divindades\/\" class=\"link-icon\" >\t\t\t\t<div class=\"circle-icon icon-style-set\" style=\"background-image: url(https:\/\/www.jinsai.org\/pt-BR\/wp-content\/uploads\/2018\/09\/golden-dragon-9-150x150.jpg)\">\n\t\t\t\t\t\t\t\t\t<\/div>\n\t\t\t\t<\/a>\t\t\t<\/div>\n\n\t\t\t<a href=\"https:\/\/www.jinsai.org\/pt-BR\/ensinamentos\/coletaneas\/coletanea-de-explicacoes-divinas-1-divindade\/003-a-primeira-aparencia-das-divindades\/\" class=\"link-title\" >\t\t\t<h5 >Colet\u00e2nea de Explica\u00e7\u00f5es Divinas 1 &#8211; Divindade<\/h5>\t\t\t<h4 >003 \u2013 A PRIMEIRA APAR\u00caNCIA DAS DIVINDADES<\/h4>\t\t\t<\/a>\n\t\t\t<p class=\"text\" >Pergunta: As divindades, antes de assumirem aspectos de ser humano, tinham aspectos de drag\u00f5es[1]?<\/p>\t\t\t\t\t\t\t<a href=\"https:\/\/www.jinsai.org\/pt-BR\/ensinamentos\/coletaneas\/coletanea-de-explicacoes-divinas-1-divindade\/003-a-primeira-aparencia-das-divindades\/\" class=\"more-button\" >Continue lendo <i><\/i><\/a>\n\t\t\t\t\t<\/div>\n\t\t<\/div>\t<\/div>\n\t\t<nav role=\"navigation\" id=\"nav-below\" class=\"site-navigation paging-navigation\">\n\t\t<h2 class=\"assistive-text\">Post navigation<\/h2>\n\n\t\n\t\t<div class='pagination'><span aria-current=\"page\" class=\"page-numbers current\">1<\/span>\n<a class=\"page-numbers\" href=\"https:\/\/www.jinsai.org\/pt-BR\/wp-json\/wp\/v2\/pages\/3348\/page\/2\/\">2<\/a>\n<a class=\"next page-numbers\" href=\"https:\/\/www.jinsai.org\/pt-BR\/wp-json\/wp\/v2\/pages\/3348\/page\/2\/\">Pr\u00f3ximo &raquo;<\/a><\/div>\n\n\t\n\t<\/nav><!-- #nav-below -->\n\t<\/div><div id=\"panel-3348-0-0-1\" class=\"widget_text so-panel widget_custom_html panel-last-child\" data-index=\"1\" ><div class=\"textwidget custom-html-widget\"><iframe src=\"http:\/\/www.facebook.com\/plugins\/like.php?href= http:\/\/www.jinsai.org\/pt-BR\/ensinamentos\/coletaneas\/coletanea-de-explicacoes-divinas-1-divindade &%0Alayout=standard&show_faces=false&width=380&action=like&colorscheme=light&height=25\" style=\"border: medium none ; overflow: hidden; width: 350px; height: 25px;\" allowtransparency=\"true\" frameborder=\"0\" scrolling=\"no\"><\/iframe>\n\n<div id=\"fb-root\"><\/div><script src=\"http:\/\/connect.facebook.net\/pt_BR\/all.js#appId=APP_ID&amp;xfbml=1\"><\/script><fb:comments href=\"http:\/\/www.jinsai.org\/pt-BR\/ensinamentos\/coletaneas\/coletanea-de-explicacoes-divinas-1-divindade\" num_posts=\"100\" width=\"500\"><\/fb:comments><meta property='fb:app_id' content='171964893011161'\/> \n\n<div id=\"fb-root\"><\/div>\n<script>(function(d, s, id) {\n  var js, fjs = d.getElementsByTagName(s)[0];\n  if (d.getElementById(id)) return;\n  js = d.createElement(s); js.id = id;\n  js.src = 'https:\/\/connect.facebook.net\/pt_BR\/sdk.js#xfbml=1&version=v3.0&appId=171964893011161&autoLogAppEvents=1';\n  fjs.parentNode.insertBefore(js, fjs);\n}(document, 'script', 'facebook-jssdk'));<\/script>\n<div class=\"fb-share-button\" data-href=\"http:\/\/www.jinsai.org\/pt-BR\/ensinamentos\/coletaneas\/coletanea-de-explicacoes-divinas-1-divindade\" data-layout=\"button_count\" data-size=\"large\" data-mobile-iframe=\"true\"><a target=\"_blank\" href=\"https:\/\/www.facebook.com\/sharer\/sharer.php?u=http%3A%2F% http:\/\/www.jinsai.org\/pt-BR\/ensinamentos\/coletaneas\/coletanea-de-explicacoes-divinas-1-divindade%2F&amp;src=sdkpreparse\" class=\"fb-xfbml-parse-ignore\">Compartilhar<\/a><\/div>\n\n<\/div><\/div><\/div><\/div><\/div>","protected":false},"excerpt":{"rendered":"","protected":false},"author":1,"featured_media":0,"parent":2462,"menu_order":0,"comment_status":"open","ping_status":"closed","template":"","meta":{"footnotes":""},"class_list":["post-3348","page","type-page","status-publish","hentry","post","post-with-thumbnail","post-with-thumbnail-icon"],"_links":{"self":[{"href":"https:\/\/www.jinsai.org\/pt-BR\/wp-json\/wp\/v2\/pages\/3348","targetHints":{"allow":["GET"]}}],"collection":[{"href":"https:\/\/www.jinsai.org\/pt-BR\/wp-json\/wp\/v2\/pages"}],"about":[{"href":"https:\/\/www.jinsai.org\/pt-BR\/wp-json\/wp\/v2\/types\/page"}],"author":[{"embeddable":true,"href":"https:\/\/www.jinsai.org\/pt-BR\/wp-json\/wp\/v2\/users\/1"}],"replies":[{"embeddable":true,"href":"https:\/\/www.jinsai.org\/pt-BR\/wp-json\/wp\/v2\/comments?post=3348"}],"version-history":[{"count":9,"href":"https:\/\/www.jinsai.org\/pt-BR\/wp-json\/wp\/v2\/pages\/3348\/revisions"}],"predecessor-version":[{"id":7724,"href":"https:\/\/www.jinsai.org\/pt-BR\/wp-json\/wp\/v2\/pages\/3348\/revisions\/7724"}],"up":[{"embeddable":true,"href":"https:\/\/www.jinsai.org\/pt-BR\/wp-json\/wp\/v2\/pages\/2462"}],"wp:attachment":[{"href":"https:\/\/www.jinsai.org\/pt-BR\/wp-json\/wp\/v2\/media?parent=3348"}],"curies":[{"name":"wp","href":"https:\/\/api.w.org\/{rel}","templated":true}]}}