{"id":3394,"date":"2018-09-14T14:51:55","date_gmt":"2018-09-14T17:51:55","guid":{"rendered":"http:\/\/www.jinsai.org\/pt-BR\/?page_id=3394"},"modified":"2019-09-08T22:44:20","modified_gmt":"2019-09-09T01:44:20","slug":"sinetes","status":"publish","type":"page","link":"https:\/\/www.jinsai.org\/pt-BR\/mundo-do-belo\/imagens\/sinetes\/","title":{"rendered":"Sinetes"},"content":{"rendered":"<p style=\"text-align: justify;\">Faz parte da cultura japonesa. \u00c9 a marca da pessoa que deve ser registrada nos \u00f3rg\u00e3os p\u00fablicos. Tem a mesma validade que a assinatura pessoal no Brasil.<\/p>\n<p style=\"text-align: justify;\">O material utilizado na confec\u00e7\u00e3o do sinete \u00e9 pedra comum ou madeira de ameixeira, material muito duro que deve ser trabalhado com lima.<\/p>\n<p style=\"text-align: justify;\">Meishu-Sama utilizava duas ou tr\u00eas chancelas (impress\u00e3o do sinete) nas obras, al\u00e9m da assinatura.<\/p>\n<p style=\"text-align: justify;\">Segundo palavras do servidor imediato que durante muito tempo se dedicou a Meishu-Sama, em cerca de 17 anos (1930 &#8211; 1946), foram desenhadas 7.000 Imagens de Kannon e Nyorai, e durante 20 anos (1934 &#8211; 1954), no m\u00ednimo, 500.000 escritas.<\/p>\n<p style=\"text-align: justify;\">Como se atestando este grande n\u00famero de obras, alguns sinetes est\u00e3o desgastados a ponto de n\u00e3o se distinguir mais a forma original.<\/p>\n<p style=\"text-align: justify;\">Tamb\u00e9m, atrav\u00e9s disso sentimo-nos contatar com uma das faces do trabalho super-humano de Meishu-Sama.<\/p>\n<p style=\"text-align: justify;\">Alguns exemplos de chancelas est\u00e3o aqui expostos.<\/p>\n\n\t\t<style type=\"text\/css\">\n\t\t\t#gallery-1 {\n\t\t\t\tmargin: auto;\n\t\t\t}\n\t\t\t#gallery-1 .gallery-item {\n\t\t\t\tfloat: left;\n\t\t\t\tmargin-top: 10px;\n\t\t\t\ttext-align: center;\n\t\t\t\twidth: 33%;\n\t\t\t}\n\t\t\t#gallery-1 img {\n\t\t\t\tborder: 2px solid #cfcfcf;\n\t\t\t}\n\t\t\t#gallery-1 .gallery-caption {\n\t\t\t\tmargin-left: 0;\n\t\t\t}\n\t\t\t\/* see gallery_shortcode() in wp-includes\/media.php *\/\n\t\t<\/style>\n\t\t<div id='gallery-1' class='gallery galleryid-3394 gallery-columns-3 gallery-size-thumbnail'><dl class='gallery-item'>\n\t\t\t<dt class='gallery-icon portrait'>\n\t\t\t\t<a href='https:\/\/www.jinsai.org\/pt-BR\/wp-content\/uploads\/slider12\/Sinete01.jpeg'><img loading=\"lazy\" decoding=\"async\" width=\"150\" height=\"150\" src=\"https:\/\/www.jinsai.org\/pt-BR\/wp-content\/uploads\/slider12\/Sinete01-150x150.jpeg\" class=\"attachment-thumbnail size-thumbnail\" alt=\"\" aria-describedby=\"gallery-1-3378\" \/><\/a>\n\t\t\t<\/dt>\n\t\t\t\t<dd class='wp-caption-text gallery-caption' id='gallery-1-3378'>\n\t\t\t\tJufuku &#8211; Significa longevidade e riqueza\n\t\t\t\t<\/dd><\/dl><dl class='gallery-item'>\n\t\t\t<dt class='gallery-icon portrait'>\n\t\t\t\t<a href='https:\/\/www.jinsai.org\/pt-BR\/wp-content\/uploads\/slider12\/Sinete02.jpeg'><img loading=\"lazy\" decoding=\"async\" width=\"150\" height=\"150\" src=\"https:\/\/www.jinsai.org\/pt-BR\/wp-content\/uploads\/slider12\/Sinete02-150x150.jpeg\" class=\"attachment-thumbnail size-thumbnail\" alt=\"\" aria-describedby=\"gallery-1-3374\" \/><\/a>\n\t\t\t<\/dt>\n\t\t\t\t<dd class='wp-caption-text gallery-caption' id='gallery-1-3374'>\n\t\t\t\tToohoo no Hikari &#8211; Significa Luz do Oriente\n\t\t\t\t<\/dd><\/dl><dl class='gallery-item'>\n\t\t\t<dt class='gallery-icon portrait'>\n\t\t\t\t<a href='https:\/\/www.jinsai.org\/pt-BR\/wp-content\/uploads\/slider12\/Sinete03.jpeg'><img loading=\"lazy\" decoding=\"async\" width=\"150\" height=\"150\" src=\"https:\/\/www.jinsai.org\/pt-BR\/wp-content\/uploads\/slider12\/Sinete03-150x150.jpeg\" class=\"attachment-thumbnail size-thumbnail\" alt=\"\" aria-describedby=\"gallery-1-3376\" \/><\/a>\n\t\t\t<\/dt>\n\t\t\t\t<dd class='wp-caption-text gallery-caption' id='gallery-1-3376'>\n\t\t\t\tMeiko &#8211; Significa Esp\u00edrito de Luz\n\t\t\t\t<\/dd><\/dl><br style=\"clear: both\" \/><dl class='gallery-item'>\n\t\t\t<dt class='gallery-icon portrait'>\n\t\t\t\t<a href='https:\/\/www.jinsai.org\/pt-BR\/wp-content\/uploads\/slider12\/Sinete04.jpeg'><img loading=\"lazy\" decoding=\"async\" width=\"150\" height=\"150\" src=\"https:\/\/www.jinsai.org\/pt-BR\/wp-content\/uploads\/slider12\/Sinete04-150x150.jpeg\" class=\"attachment-thumbnail size-thumbnail\" alt=\"\" aria-describedby=\"gallery-1-3375\" \/><\/a>\n\t\t\t<\/dt>\n\t\t\t\t<dd class='wp-caption-text gallery-caption' id='gallery-1-3375'>\n\t\t\t\tKomyo &#8211; Neste caso, significa esperan\u00e7a convincente\n\t\t\t\t<\/dd><\/dl><dl class='gallery-item'>\n\t\t\t<dt class='gallery-icon portrait'>\n\t\t\t\t<a href='https:\/\/www.jinsai.org\/pt-BR\/wp-content\/uploads\/slider12\/Sinete05.jpeg'><img loading=\"lazy\" decoding=\"async\" width=\"150\" height=\"150\" src=\"https:\/\/www.jinsai.org\/pt-BR\/wp-content\/uploads\/slider12\/Sinete05-150x150.jpeg\" class=\"attachment-thumbnail size-thumbnail\" alt=\"\" aria-describedby=\"gallery-1-3382\" srcset=\"https:\/\/www.jinsai.org\/pt-BR\/wp-content\/uploads\/slider12\/Sinete05-150x150.jpeg 150w, https:\/\/www.jinsai.org\/pt-BR\/wp-content\/uploads\/slider12\/Sinete05.jpeg 446w\" sizes=\"auto, (max-width: 150px) 100vw, 150px\" \/><\/a>\n\t\t\t<\/dt>\n\t\t\t\t<dd class='wp-caption-text gallery-caption' id='gallery-1-3382'>\n\t\t\t\tSankai Kiitsu &#8211; Significa os Tr\u00eas Mundos &#8211; o Divino, o Espiritual e o Material, sob o governo do Uno ou de Deus\n\t\t\t\t<\/dd><\/dl><dl class='gallery-item'>\n\t\t\t<dt class='gallery-icon landscape'>\n\t\t\t\t<a href='https:\/\/www.jinsai.org\/pt-BR\/wp-content\/uploads\/slider12\/Sinete06.jpeg'><img loading=\"lazy\" decoding=\"async\" width=\"150\" height=\"150\" src=\"https:\/\/www.jinsai.org\/pt-BR\/wp-content\/uploads\/slider12\/Sinete06-150x150.jpeg\" class=\"attachment-thumbnail size-thumbnail\" alt=\"\" aria-describedby=\"gallery-1-3380\" \/><\/a>\n\t\t\t<\/dt>\n\t\t\t\t<dd class='wp-caption-text gallery-caption' id='gallery-1-3380'>\n\t\t\t\tBansho &#8211; Todos os fen\u00f4menos\n\t\t\t\t<\/dd><\/dl><br style=\"clear: both\" \/><dl class='gallery-item'>\n\t\t\t<dt class='gallery-icon landscape'>\n\t\t\t\t<a href='https:\/\/www.jinsai.org\/pt-BR\/wp-content\/uploads\/slider12\/Sinete07.jpeg'><img loading=\"lazy\" decoding=\"async\" width=\"150\" height=\"150\" src=\"https:\/\/www.jinsai.org\/pt-BR\/wp-content\/uploads\/slider12\/Sinete07-150x150.jpeg\" class=\"attachment-thumbnail size-thumbnail\" alt=\"\" aria-describedby=\"gallery-1-3379\" srcset=\"https:\/\/www.jinsai.org\/pt-BR\/wp-content\/uploads\/slider12\/Sinete07-150x150.jpeg 150w, https:\/\/www.jinsai.org\/pt-BR\/wp-content\/uploads\/slider12\/Sinete07-300x300.jpeg 300w, https:\/\/www.jinsai.org\/pt-BR\/wp-content\/uploads\/slider12\/Sinete07.jpeg 450w\" sizes=\"auto, (max-width: 150px) 100vw, 150px\" \/><\/a>\n\t\t\t<\/dt>\n\t\t\t\t<dd class='wp-caption-text gallery-caption' id='gallery-1-3379'>\n\t\t\t\tSu &#8211; O Deus, Senhor, Pai e Criador do Universo\n\t\t\t\t<\/dd><\/dl><dl class='gallery-item'>\n\t\t\t<dt class='gallery-icon portrait'>\n\t\t\t\t<a href='https:\/\/www.jinsai.org\/pt-BR\/wp-content\/uploads\/slider12\/Sinete08.jpeg'><img loading=\"lazy\" decoding=\"async\" width=\"150\" height=\"150\" src=\"https:\/\/www.jinsai.org\/pt-BR\/wp-content\/uploads\/slider12\/Sinete08-150x150.jpeg\" class=\"attachment-thumbnail size-thumbnail\" alt=\"\" aria-describedby=\"gallery-1-3377\" \/><\/a>\n\t\t\t<\/dt>\n\t\t\t\t<dd class='wp-caption-text gallery-caption' id='gallery-1-3377'>\n\t\t\t\tDaiKomyo &#8211; Grande e redobrada esperan\u00e7a\n\t\t\t\t<\/dd><\/dl><dl class='gallery-item'>\n\t\t\t<dt class='gallery-icon portrait'>\n\t\t\t\t<a href='https:\/\/www.jinsai.org\/pt-BR\/wp-content\/uploads\/slider12\/Sinete09.jpeg'><img loading=\"lazy\" decoding=\"async\" width=\"150\" height=\"150\" src=\"https:\/\/www.jinsai.org\/pt-BR\/wp-content\/uploads\/slider12\/Sinete09-150x150.jpeg\" class=\"attachment-thumbnail size-thumbnail\" alt=\"\" aria-describedby=\"gallery-1-3381\" \/><\/a>\n\t\t\t<\/dt>\n\t\t\t\t<dd class='wp-caption-text gallery-caption' id='gallery-1-3381'>\n\t\t\t\tJikan &#8211; Significa introspec\u00e7\u00e3o, a auto-observa\u00e7\u00e3o interior, ou melhor, a observa\u00e7\u00e3o que o \u201ceu\u201d faz dos pr\u00f3prios estados internos\n\t\t\t\t<\/dd><\/dl><br style=\"clear: both\" \/><dl class='gallery-item'>\n\t\t\t<dt class='gallery-icon landscape'>\n\t\t\t\t<a href='https:\/\/www.jinsai.org\/pt-BR\/wp-content\/uploads\/slider12\/Sinete10.jpeg'><img loading=\"lazy\" decoding=\"async\" width=\"150\" height=\"150\" src=\"https:\/\/www.jinsai.org\/pt-BR\/wp-content\/uploads\/slider12\/Sinete10-150x150.jpeg\" class=\"attachment-thumbnail size-thumbnail\" alt=\"\" aria-describedby=\"gallery-1-3383\" srcset=\"https:\/\/www.jinsai.org\/pt-BR\/wp-content\/uploads\/slider12\/Sinete10-150x150.jpeg 150w, https:\/\/www.jinsai.org\/pt-BR\/wp-content\/uploads\/slider12\/Sinete10-300x300.jpeg 300w, https:\/\/www.jinsai.org\/pt-BR\/wp-content\/uploads\/slider12\/Sinete10.jpeg 452w\" sizes=\"auto, (max-width: 150px) 100vw, 150px\" \/><\/a>\n\t\t\t<\/dt>\n\t\t\t\t<dd class='wp-caption-text gallery-caption' id='gallery-1-3383'>\n\t\t\t\tChijo Tengoku &#8211; Para\u00edso Terrestre\n\t\t\t\t<\/dd><\/dl><dl class='gallery-item'>\n\t\t\t<dt class='gallery-icon landscape'>\n\t\t\t\t<a href='https:\/\/www.jinsai.org\/pt-BR\/wp-content\/uploads\/slider12\/Sinete11.jpeg'><img loading=\"lazy\" decoding=\"async\" width=\"150\" height=\"150\" src=\"https:\/\/www.jinsai.org\/pt-BR\/wp-content\/uploads\/slider12\/Sinete11-150x150.jpeg\" class=\"attachment-thumbnail size-thumbnail\" alt=\"\" aria-describedby=\"gallery-1-3389\" \/><\/a>\n\t\t\t<\/dt>\n\t\t\t\t<dd class='wp-caption-text gallery-caption' id='gallery-1-3389'>\n\t\t\t\tMiroku Seidai &#8211; Sagrada Era de Miroku\n\t\t\t\t<\/dd><\/dl><dl class='gallery-item'>\n\t\t\t<dt class='gallery-icon portrait'>\n\t\t\t\t<a href='https:\/\/www.jinsai.org\/pt-BR\/wp-content\/uploads\/slider12\/Sinete12.jpeg'><img loading=\"lazy\" decoding=\"async\" width=\"150\" height=\"150\" src=\"https:\/\/www.jinsai.org\/pt-BR\/wp-content\/uploads\/slider12\/Sinete12-150x150.jpeg\" class=\"attachment-thumbnail size-thumbnail\" alt=\"\" aria-describedby=\"gallery-1-3384\" \/><\/a>\n\t\t\t<\/dt>\n\t\t\t\t<dd class='wp-caption-text gallery-caption' id='gallery-1-3384'>\n\t\t\t\tKomyo Hensho &#8211; Clara luz ilumina indistintamente a todos\n\t\t\t\t<\/dd><\/dl><br style=\"clear: both\" \/><dl class='gallery-item'>\n\t\t\t<dt class='gallery-icon portrait'>\n\t\t\t\t<a href='https:\/\/www.jinsai.org\/pt-BR\/wp-content\/uploads\/slider12\/Sinete13.jpeg'><img loading=\"lazy\" decoding=\"async\" width=\"150\" height=\"150\" src=\"https:\/\/www.jinsai.org\/pt-BR\/wp-content\/uploads\/slider12\/Sinete13-150x150.jpeg\" class=\"attachment-thumbnail size-thumbnail\" alt=\"\" aria-describedby=\"gallery-1-3385\" \/><\/a>\n\t\t\t<\/dt>\n\t\t\t\t<dd class='wp-caption-text gallery-caption' id='gallery-1-3385'>\n\t\t\t\tReishu Taiju &#8211; Esp\u00edrito precede a mat\u00e9ria\n\t\t\t\t<\/dd><\/dl><dl class='gallery-item'>\n\t\t\t<dt class='gallery-icon landscape'>\n\t\t\t\t<a href='https:\/\/www.jinsai.org\/pt-BR\/wp-content\/uploads\/slider12\/Sinete14.jpeg'><img loading=\"lazy\" decoding=\"async\" width=\"150\" height=\"150\" src=\"https:\/\/www.jinsai.org\/pt-BR\/wp-content\/uploads\/slider12\/Sinete14-150x150.jpeg\" class=\"attachment-thumbnail size-thumbnail\" alt=\"\" aria-describedby=\"gallery-1-3387\" srcset=\"https:\/\/www.jinsai.org\/pt-BR\/wp-content\/uploads\/slider12\/Sinete14-150x150.jpeg 150w, https:\/\/www.jinsai.org\/pt-BR\/wp-content\/uploads\/slider12\/Sinete14-300x297.jpeg 300w, https:\/\/www.jinsai.org\/pt-BR\/wp-content\/uploads\/slider12\/Sinete14.jpeg 454w\" sizes=\"auto, (max-width: 150px) 100vw, 150px\" \/><\/a>\n\t\t\t<\/dt>\n\t\t\t\t<dd class='wp-caption-text gallery-caption' id='gallery-1-3387'>\n\t\t\t\tShinra Bansho &#8211; Shinra Bansho significa a totalidade das coisas\n\n\t\t\t\t<\/dd><\/dl><dl class='gallery-item'>\n\t\t\t<dt class='gallery-icon landscape'>\n\t\t\t\t<a href='https:\/\/www.jinsai.org\/pt-BR\/wp-content\/uploads\/slider12\/Sinete15.jpeg'><img loading=\"lazy\" decoding=\"async\" width=\"150\" height=\"150\" src=\"https:\/\/www.jinsai.org\/pt-BR\/wp-content\/uploads\/slider12\/Sinete15-150x150.jpeg\" class=\"attachment-thumbnail size-thumbnail\" alt=\"\" aria-describedby=\"gallery-1-3386\" srcset=\"https:\/\/www.jinsai.org\/pt-BR\/wp-content\/uploads\/slider12\/Sinete15-150x150.jpeg 150w, https:\/\/www.jinsai.org\/pt-BR\/wp-content\/uploads\/slider12\/Sinete15-300x300.jpeg 300w, https:\/\/www.jinsai.org\/pt-BR\/wp-content\/uploads\/slider12\/Sinete15.jpeg 450w\" sizes=\"auto, (max-width: 150px) 100vw, 150px\" \/><\/a>\n\t\t\t<\/dt>\n\t\t\t\t<dd class='wp-caption-text gallery-caption' id='gallery-1-3386'>\n\t\t\t\tTensho Chimei &#8211; Gl\u00f3ria do C\u00e9u ilumina a Terra\n\t\t\t\t<\/dd><\/dl><br style=\"clear: both\" \/><dl class='gallery-item'>\n\t\t\t<dt class='gallery-icon portrait'>\n\t\t\t\t<a href='https:\/\/www.jinsai.org\/pt-BR\/wp-content\/uploads\/slider12\/Sinete16.jpeg'><img loading=\"lazy\" decoding=\"async\" width=\"150\" height=\"150\" src=\"https:\/\/www.jinsai.org\/pt-BR\/wp-content\/uploads\/slider12\/Sinete16-150x150.jpeg\" class=\"attachment-thumbnail size-thumbnail\" alt=\"\" aria-describedby=\"gallery-1-3388\" srcset=\"https:\/\/www.jinsai.org\/pt-BR\/wp-content\/uploads\/slider12\/Sinete16-150x150.jpeg 150w, https:\/\/www.jinsai.org\/pt-BR\/wp-content\/uploads\/slider12\/Sinete16.jpeg 446w\" sizes=\"auto, (max-width: 150px) 100vw, 150px\" \/><\/a>\n\t\t\t<\/dt>\n\t\t\t\t<dd class='wp-caption-text gallery-caption' id='gallery-1-3388'>\n\t\t\t\tMiroku Shinsei &#8211; Governo Divino de Miroku\n\t\t\t\t<\/dd><\/dl><dl class='gallery-item'>\n\t\t\t<dt class='gallery-icon landscape'>\n\t\t\t\t<a href='https:\/\/www.jinsai.org\/pt-BR\/wp-content\/uploads\/slider12\/Sinete17.jpeg'><img loading=\"lazy\" decoding=\"async\" width=\"150\" height=\"150\" src=\"https:\/\/www.jinsai.org\/pt-BR\/wp-content\/uploads\/slider12\/Sinete17-150x150.jpeg\" class=\"attachment-thumbnail size-thumbnail\" alt=\"\" aria-describedby=\"gallery-1-3391\" \/><\/a>\n\t\t\t<\/dt>\n\t\t\t\t<dd class='wp-caption-text gallery-caption' id='gallery-1-3391'>\n\t\t\t\tTozanso Shu &#8211; Senhor do Solar da Montanha do Leste. Tozanso \u00e9 o nome que Ele deu \u00e0 sua resid\u00eancia de Atami.\n\t\t\t\t<\/dd><\/dl><dl class='gallery-item'>\n\t\t\t<dt class='gallery-icon landscape'>\n\t\t\t\t<a href='https:\/\/www.jinsai.org\/pt-BR\/wp-content\/uploads\/slider12\/Sinete19.jpeg'><img loading=\"lazy\" decoding=\"async\" width=\"150\" height=\"150\" src=\"https:\/\/www.jinsai.org\/pt-BR\/wp-content\/uploads\/slider12\/Sinete19-150x150.jpeg\" class=\"attachment-thumbnail size-thumbnail\" alt=\"\" aria-describedby=\"gallery-1-3393\" srcset=\"https:\/\/www.jinsai.org\/pt-BR\/wp-content\/uploads\/slider12\/Sinete19-150x150.jpeg 150w, https:\/\/www.jinsai.org\/pt-BR\/wp-content\/uploads\/slider12\/Sinete19-300x300.jpeg 300w, https:\/\/www.jinsai.org\/pt-BR\/wp-content\/uploads\/slider12\/Sinete19.jpeg 452w\" sizes=\"auto, (max-width: 150px) 100vw, 150px\" \/><\/a>\n\t\t\t<\/dt>\n\t\t\t\t<dd class='wp-caption-text gallery-caption' id='gallery-1-3393'>\n\t\t\t\tOkamo no In &#8211; Mokiti Okada \u00e9 o nome secular de Meishu-Sama.\r\n\n\t\t\t\t<\/dd><\/dl><br style=\"clear: both\" \/><dl class='gallery-item'>\n\t\t\t<dt class='gallery-icon portrait'>\n\t\t\t\t<a href='https:\/\/www.jinsai.org\/pt-BR\/wp-content\/uploads\/slider12\/Sinete18.jpeg'><img loading=\"lazy\" decoding=\"async\" width=\"150\" height=\"150\" src=\"https:\/\/www.jinsai.org\/pt-BR\/wp-content\/uploads\/slider12\/Sinete18-150x150.jpeg\" class=\"attachment-thumbnail size-thumbnail\" alt=\"\" aria-describedby=\"gallery-1-3392\" \/><\/a>\n\t\t\t<\/dt>\n\t\t\t\t<dd class='wp-caption-text gallery-caption' id='gallery-1-3392'>\n\t\t\t\tBansho Daishu &#8211; Nome que ele deu ao local e \u00e0s adjac\u00eancias de \u201cBanshodai\u201d, quando residia em Kaminage, Tokyo, aproveitando-o na chancela.\n\n\t\t\t\t<\/dd><\/dl><dl class='gallery-item'>\n\t\t\t<dt class='gallery-icon landscape'>\n\t\t\t\t<a href='https:\/\/www.jinsai.org\/pt-BR\/wp-content\/uploads\/slider12\/Sinete20.jpeg'><img loading=\"lazy\" decoding=\"async\" width=\"150\" height=\"150\" src=\"https:\/\/www.jinsai.org\/pt-BR\/wp-content\/uploads\/slider12\/Sinete20-150x150.jpeg\" class=\"attachment-thumbnail size-thumbnail\" alt=\"\" aria-describedby=\"gallery-1-3390\" srcset=\"https:\/\/www.jinsai.org\/pt-BR\/wp-content\/uploads\/slider12\/Sinete20-150x150.jpeg 150w, https:\/\/www.jinsai.org\/pt-BR\/wp-content\/uploads\/slider12\/Sinete20-300x300.jpeg 300w, https:\/\/www.jinsai.org\/pt-BR\/wp-content\/uploads\/slider12\/Sinete20.jpeg 450w\" sizes=\"auto, (max-width: 150px) 100vw, 150px\" \/><\/a>\n\t\t\t<\/dt>\n\t\t\t\t<dd class='wp-caption-text gallery-caption' id='gallery-1-3390'>\n\t\t\t\tYama ni Kumo &#8211; Nuvem sobre montanha\n\t\t\t\t<\/dd><\/dl>\n\t\t\t<br style='clear: both' \/>\n\t\t<\/div>\n\n<div><\/div>\n<p>&nbsp;<br \/>\n<iframe src=\"http:\/\/www.facebook.com\/plugins\/like.php?href= https:\/\/www.jinsai.org\/pt-BR\/mundo-do-belo\/imagens\/sinetes\/ &amp;%0Alayout=standard&amp;show_faces=false&amp;width=380&amp;action=like&amp;colorscheme=light&amp;height=25\" style=\"border: medium none ; overflow: hidden; width: 350px; height: 25px;\" allowtransparency=\"true\" frameborder=\"0\" scrolling=\"no\"><\/iframe><\/p>\n<div id=\"fb-root\"><\/div>\n<p><script src=\"http:\/\/connect.facebook.net\/pt_BR\/all.js#appId=APP_ID&amp;xfbml=1\"><\/script><fb:comments href=\"https:\/\/www.jinsai.org\/pt-BR\/mundo-do-belo\/imagens\/sinetes\/\" num_posts=\"100\" width=\"500\"><\/fb:comments><meta property=\"fb:app_id\" content=\"171964893011161\"><\/p>\n<div id=\"fb-root\"><\/div>\n<p><script>(function(d, s, id) {<br \/>\n  var js, fjs = d.getElementsByTagName(s)[0];<br \/>\n  if (d.getElementById(id)) return;<br \/>\n  js = d.createElement(s); js.id = id;<br \/>\n  js.src = 'https:\/\/connect.facebook.net\/pt_BR\/sdk.js#xfbml=1&version=v3.0&appId=171964893011161&autoLogAppEvents=1';<br \/>\n  fjs.parentNode.insertBefore(js, fjs);<br \/>\n}(document, 'script', 'facebook-jssdk'));<\/script><\/p>\n<div class=\"fb-share-button\" data-href=\"https:\/\/www.jinsai.org\/pt-BR\/mundo-do-belo\/imagens\/sinetes\/\" data-layout=\"button_count\" data-size=\"large\" data-mobile-iframe=\"true\"><a target=\"_blank\" href=\"https:\/\/www.facebook.com\/sharer\/sharer.php?u=http%3A%2F% https:\/\/www.jinsai.org\/pt-BR\/mundo-do-belo\/imagens\/sinetes\/%2F&amp;src=sdkpreparse\" class=\"fb-xfbml-parse-ignore\" rel=\"noopener noreferrer\">Compartilhar<\/a><\/div>\n","protected":false},"excerpt":{"rendered":"<p>Faz parte da cultura japonesa. \u00c9 a marca da pessoa que deve ser registrada nos \u00f3rg\u00e3os p\u00fablicos. Tem a mesma validade que a assinatura pessoal no Brasil. O material utilizado na confec\u00e7\u00e3o do sinete \u00e9 pedra comum ou madeira de ameixeira, material muito duro que deve ser trabalhado com lima. Meishu-Sama utilizava duas ou tr\u00eas [&hellip;]<\/p>\n","protected":false},"author":1,"featured_media":0,"parent":905,"menu_order":0,"comment_status":"closed","ping_status":"closed","template":"","meta":{"footnotes":""},"class_list":["post-3394","page","type-page","status-publish","hentry","post"],"_links":{"self":[{"href":"https:\/\/www.jinsai.org\/pt-BR\/wp-json\/wp\/v2\/pages\/3394","targetHints":{"allow":["GET"]}}],"collection":[{"href":"https:\/\/www.jinsai.org\/pt-BR\/wp-json\/wp\/v2\/pages"}],"about":[{"href":"https:\/\/www.jinsai.org\/pt-BR\/wp-json\/wp\/v2\/types\/page"}],"author":[{"embeddable":true,"href":"https:\/\/www.jinsai.org\/pt-BR\/wp-json\/wp\/v2\/users\/1"}],"replies":[{"embeddable":true,"href":"https:\/\/www.jinsai.org\/pt-BR\/wp-json\/wp\/v2\/comments?post=3394"}],"version-history":[{"count":5,"href":"https:\/\/www.jinsai.org\/pt-BR\/wp-json\/wp\/v2\/pages\/3394\/revisions"}],"predecessor-version":[{"id":5103,"href":"https:\/\/www.jinsai.org\/pt-BR\/wp-json\/wp\/v2\/pages\/3394\/revisions\/5103"}],"up":[{"embeddable":true,"href":"https:\/\/www.jinsai.org\/pt-BR\/wp-json\/wp\/v2\/pages\/905"}],"wp:attachment":[{"href":"https:\/\/www.jinsai.org\/pt-BR\/wp-json\/wp\/v2\/media?parent=3394"}],"curies":[{"name":"wp","href":"https:\/\/api.w.org\/{rel}","templated":true}]}}