{"id":3624,"date":"2018-12-23T17:08:56","date_gmt":"2018-12-23T19:08:56","guid":{"rendered":"http:\/\/www.jinsai.org\/pt-BR\/?page_id=3624"},"modified":"2021-11-13T09:06:28","modified_gmt":"2021-11-13T12:06:28","slug":"criacao-da-civilizacao","status":"publish","type":"page","link":"https:\/\/www.jinsai.org\/pt-BR\/ensinamentos\/criacao-da-civilizacao\/","title":{"rendered":"Cria\u00e7\u00e3o da Civiliza\u00e7\u00e3o"},"content":{"rendered":"<div id=\"pl-3624\"  class=\"panel-layout\" ><div id=\"pg-3624-0\"  class=\"panel-grid panel-no-style\" ><div id=\"pgc-3624-0-0\"  class=\"panel-grid-cell\" ><div id=\"panel-3624-0-0-0\" class=\"so-panel widget_text panel-first-child panel-last-child\" data-index=\"0\" >\t\t\t<div class=\"textwidget\"><p><img loading=\"lazy\" decoding=\"async\" class=\"alignnone size-full wp-image-3658\" src=\"https:\/\/www.jinsai.org\/pt-BR\/wp-content\/uploads\/2018\/12\/hyperloop-1045x653-534x462.jpg\" alt=\"\" width=\"534\" height=\"462\" srcset=\"https:\/\/www.jinsai.org\/pt-BR\/wp-content\/uploads\/2018\/12\/hyperloop-1045x653-534x462.jpg 534w, https:\/\/www.jinsai.org\/pt-BR\/wp-content\/uploads\/2018\/12\/hyperloop-1045x653-534x462-300x260.jpg 300w\" sizes=\"auto, (max-width: 534px) 100vw, 534px\" \/><\/p>\n<p><strong>Explica\u00e7\u00e3o sobre a obra &#8220;Cria\u00e7\u00e3o da Civiliza\u00e7\u00e3o&#8221;<\/strong><\/p>\n<p style=\"text-align: justify;\">(&#8230;) &#8220;Na parte da cultura material, portanto, j\u00e1 est\u00e3o prontos quase todos os requisitos necess\u00e1rios para o estabelecimento do mundo verdadeiramente civilizado. Agora falta somente o essencial: a alma, que utilizar\u00e1 essa civiliza\u00e7\u00e3o material para o Bem. Mas a humanidade ainda n\u00e3o alcan\u00e7ou esse n\u00edvel.<\/p>\n<p style=\"text-align: justify;\">O problema, portanto, \u00e9 alma. \u00c9 preciso despertar a alma para que todas essas descobertas materiais sejam utilizadas em benef\u00edcio da humanidade.<\/p>\n<p style=\"text-align: justify;\">Para divulgar essa verdade, comecei, h\u00e1 cerca de seis meses, a escrever o livro intitulado <em>A Cria\u00e7\u00e3o da Civiliza\u00e7\u00e3o<\/em>. O objetivo desse livro \u00e9 mostrar que esta n\u00e3o \u00e9 uma civiliza\u00e7\u00e3o genu\u00edna. No livro eu abordo todas as \u00e1reas &#8211; medicina, pol\u00edtica, educa\u00e7\u00e3o, arte, etc. A parte referente \u00e0 medicina j\u00e1 est\u00e1 mais ou menos conclu\u00edda. O resto terminarei de escrever at\u00e9 o final do ano. Quando o livro ficar pronto, ser\u00e1 traduzido para o ingl\u00eas e distribu\u00eddo nos meios cient\u00edficos e universit\u00e1rios e ao maior n\u00famero poss\u00edvel de eruditos do mundo inteiro. Atrav\u00e9s da divulga\u00e7\u00e3o desse livro e, ao mesmo tempo, do Johrei, ser\u00e1 poss\u00edvel curar as doen\u00e7as.&#8221;<\/p>\n<p style=\"text-align: right;\">A Verdadeira Civiliza\u00e7\u00e3o<\/p>\n<p style=\"text-align: right;\">Palestra proferida no Audit\u00f3rio Hibya Public Hall, em T\u00f3quio, em 22 de maio de 1951<a name=\"_Toc221352861\"><\/a><\/p>\n<p><strong>PREF\u00c1CIO<\/strong><\/p>\n<p style=\"text-align: justify;\">Este livro \u00e9 uma obra como nunca houve na Hist\u00f3ria. Em s\u00edntese, exp\u00f5e o Plano concernente ao mundo da Nova Civiliza\u00e7\u00e3o. Ao mesmo tempo, \u00e9 o Evangelho do C\u00e9u, a B\u00edblia do S\u00e9culo XX. A atual n\u00e3o \u00e9 uma civiliza\u00e7\u00e3o genu\u00edna, mas apenas tempor\u00e1ria, at\u00e9 surgir a Nova Civiliza\u00e7\u00e3o. Os trechos da B\u00edblia referentes ao fim do mundo aludem ao fim dessa civiliza\u00e7\u00e3o tempor\u00e1ria. A difus\u00e3o deste livro tamb\u00e9m est\u00e1 prevista: \u201c<em>E<\/em><em> ser\u00e1 pregado este Evangelho do Reino<\/em><a href=\"#_ftn1\" name=\"_ftnref1\">[1]<\/a><em> por todo o mundo, para testemunho a todas as na\u00e7\u00f5es. Ent\u00e3o vir\u00e1 o fim<\/em><a href=\"#_ftn2\" name=\"_ftnref2\">[2]<\/a><sup>,<a href=\"#_ftn3\" name=\"_ftnref3\">[3]<\/a><\/sup> &#8220;.<\/p>\n<p style=\"text-align: justify;\">Os ensinamentos de Jesus Cristo est\u00e3o no Novo Testamento. Neste livro est\u00e1 a revela\u00e7\u00e3o direta de Jeov\u00e1, a quem Jesus se referiu repetidamente, chamando-O de Pai do C\u00e9u. Jesus disse: &#8220;<em>Arrependei-vos, porque est\u00e1 pr\u00f3ximo o Reino dos C\u00e9us<\/em>&#8220;. Eu n\u00e3o digo que o Reino dos C\u00e9us est\u00e1 pr\u00f3ximo, porque o tempo de sua concretiza\u00e7\u00e3o j\u00e1 chegou. A prepara\u00e7\u00e3o das bases para o estabelecimento do reino j\u00e1 come\u00e7ou. A semente, por ora, ainda \u00e9 muito pequenina, mas expande-se com prodigiosa rapidez, cercada de uma sucess\u00e3o de milagres que maravilham os homens. Mostrando, assim, que foi tudo cuidadosa e minuciosamente preparado por Deus h\u00e1 muitos mil\u00eanios, sem nada deixar escapar. A prepara\u00e7\u00e3o consiste, basicamente, em liquidar a velha civiliza\u00e7\u00e3o e esbo\u00e7ar a nova. Com esse prop\u00f3sito, est\u00e1 exaustivamente exposta, neste livro, uma tese baseada na realidade.<\/p>\n<p style=\"text-align: justify;\">O primeiro fato importante a assinalar, na velha civiliza\u00e7\u00e3o, \u00e9 o poder dominante do Mal e o poder extremamente fraco do Bem. Mas, tendo finalmente chegado o tempo, inverte-se a situa\u00e7\u00e3o. O mundo ingressa na fase do estabelecimento dos C\u00e9us na Terra. A velha civiliza\u00e7\u00e3o ter\u00e1 de ser infalivelmente liquidada. As m\u00e1culas e os pecados, resultantes da acumula\u00e7\u00e3o do Mal durante longo tempo, ter\u00e3o de ser eliminados. Isto acarretar\u00e1 um grave problema, pois significar\u00e1 uma vasta a\u00e7\u00e3o purificadora, de \u00e2mbito mundial. Nesse processo purificador, o n\u00famero de v\u00edtimas ser\u00e1 inumer\u00e1vel. Certamente, n\u00e3o haver\u00e1 alternativa, pois se trata do Ju\u00edzo Final. Deus, por\u00e9m, com Seu grande amor, escolheu-me para a grande tarefa, da qual este livro constitui um prel\u00fadio. Desejaria, pois, que o lessem guardando essas coisas no cora\u00e7\u00e3o.<\/p>\n<p style=\"text-align: justify;\">Terminado o Ju\u00edzo Final, ter\u00e1 in\u00edcio a constru\u00e7\u00e3o do Novo Mundo. Mas nesse per\u00edodo de transi\u00e7\u00e3o, a transforma\u00e7\u00e3o e renova\u00e7\u00e3o de toda a cultura representar\u00e3o uma cat\u00e1strofe sem precedentes, de propor\u00e7\u00f5es inimagin\u00e1veis. Em primeiro lugar, este livro aponta o lado bom e o lado mau dos erros da velha civiliza\u00e7\u00e3o e oferece as diretrizes da Nova Civiliza\u00e7\u00e3o. Isto ser\u00e1 pormenorizadamente exposto. Quem ler estas palavras e a elas se agarrar como uma t\u00e1bua de salva\u00e7\u00e3o, ser\u00e1 salvo. Os que deixarem para depois o arrependimento, talvez o fa\u00e7am tarde demais. Quem tiver muitos pecados ser\u00e1 destru\u00eddo. Os que tiverem pecados mais leves ser\u00e3o salvos e habitar\u00e3o o futuro Reino dos C\u00e9us na Terra. Faltam palavras para descrever a maravilha e magnific\u00eancia desse Plano. Mas, quando chegar o tempo, os homens compreender\u00e3o claramente o quanto foi b\u00e1rbara e med\u00edocre a atual civiliza\u00e7\u00e3o. E a humanidade, exultante, se rejubilar\u00e1.<\/p>\n<p style=\"text-align: justify;\"><a href=\"#_ftnref1\" name=\"_ftn1\">[1]<\/a>Evangelho significa \u201c<em>boa nova\u201d<\/em> ou \u201c<em>boa mensagem<\/em>\u201d. O <em>\u201cReino\u201d<\/em> no conceito crist\u00e3o subentende-se por\u00a0 <em>\u201cReino do C\u00e9u<\/em><em>\u201d<\/em><\/p>\n<p style=\"text-align: justify;\"><a href=\"#_ftnref2\" name=\"_ftn2\">[2]<\/a> Mateus 24:14<\/p>\n<p style=\"text-align: justify;\"><a href=\"#_ftnref3\" name=\"_ftn3\">[3]<\/a> Aqui Mateus est\u00e1 se referindo \u00e0 conversa no Monte das Oliveiras, onde Jesus esclarecia a inten\u00e7\u00e3o de deixar o Mundo Material, embora pretendesse voltar para completar o trabalho. Foi com essa miss\u00e3o que nasceu Meishu Sama, ou seja, de dar continuidade ao trabalho de Jesus e, finalmente, estabelecer o Reino do C\u00e9u na Terra.<\/p>\n<p style=\"text-align: justify;\">Tem-se a impress\u00e3o que a frase, quando lida fora de contexto, trata do Novo Testamento, aquele pregado por Jesus. No entanto, quando lida no Evangelho, refere-se a situa\u00e7\u00f5es do futuro, como guerras e atribula\u00e7\u00f5es, ou seja, somente ap\u00f3s o \u201cprinc\u00edpio das dores\u201d (Mateus 24:8) vem a passagem (Mateus 24:14) \u201c<em>E ser\u00e1 pregado este Evangelho do Reino por todo o mundo, para testemunho a todas as na\u00e7\u00f5es. Ent\u00e3o, vir\u00e1 o fim<\/em>.\u201d Portanto, pode-se perceber que Jesus se referiu a um evangelho futuro e n\u00e3o o pregado na \u00e9poca; enfim, ao que seria escrito para completar o trabalho de Jesus, ou seja, o escrito pelo Messias para a salva\u00e7\u00e3o do mundo no fim dos tempos.<\/p>\n<\/div>\n\t\t<\/div><\/div><\/div><div id=\"pg-3624-1\"  class=\"panel-grid panel-no-style\" ><div id=\"pgc-3624-1-0\"  class=\"panel-grid-cell\" ><div id=\"panel-3624-1-0-0\" class=\"so-panel widget_circleicon-widget panel-first-child panel-last-child\" data-index=\"1\" >\t\t<div class=\"circle-icon-box circle-icon-position-top circle-icon-hide-box circle-icon-size-large\">\n\t\t\t<div class=\"circle-icon-wrapper\">\n\t\t\t\t<a href=\"http:\/\/www.jinsai.org\/pt-BR\/ensinamentos\/criacao-da-civilizacao\/volume-1-a-nova-civilizacao\" class=\"link-icon\" >\t\t\t\t<div class=\"circle-icon icon-style-set\" style=\"background-image: url(http:\/\/pm1.narvii.com\/7071\/22235d221394d59eb6e37bcf68055a00d2926a6ar1-500-482v2_uhq.jpg)\">\n\t\t\t\t\t\t\t\t\t<\/div>\n\t\t\t\t<\/a>\t\t\t<\/div>\n\n\t\t\t<a href=\"http:\/\/www.jinsai.org\/pt-BR\/ensinamentos\/criacao-da-civilizacao\/volume-1-a-nova-civilizacao\" class=\"link-title\" >\t\t\t\t\t\t<h4 >Volume 1 &#8211; A Nova Civiliza\u00e7\u00e3o<\/h4>\t\t\t<\/a>\n\t\t\t\t\t\t\t\t\t\t<a href=\"http:\/\/www.jinsai.org\/pt-BR\/ensinamentos\/criacao-da-civilizacao\/volume-1-a-nova-civilizacao\" class=\"more-button\" >More Info <i><\/i><\/a>\n\t\t\t\t\t<\/div>\n\t\t<\/div><\/div><div id=\"pgc-3624-1-1\"  class=\"panel-grid-cell\" ><div id=\"panel-3624-1-1-0\" class=\"so-panel widget_circleicon-widget panel-first-child panel-last-child\" data-index=\"2\" >\t\t<div class=\"circle-icon-box circle-icon-position-top circle-icon-hide-box circle-icon-size-large\">\n\t\t\t<div class=\"circle-icon-wrapper\">\n\t\t\t\t<a href=\"http:\/\/www.jinsai.org\/pt-BR\/ensinamentos\/criacao-da-civilizacao\/volume-2-medicina-divina\" class=\"link-icon\" >\t\t\t\t<div class=\"circle-icon icon-style-set\" style=\"background-image: url(http:\/\/www.jinsai.org\/pt-BR\/wp-content\/uploads\/2018\/06\/MeishuSama25.jpg)\">\n\t\t\t\t\t\t\t\t\t<\/div>\n\t\t\t\t<\/a>\t\t\t<\/div>\n\n\t\t\t<a href=\"http:\/\/www.jinsai.org\/pt-BR\/ensinamentos\/criacao-da-civilizacao\/volume-2-medicina-divina\" class=\"link-title\" >\t\t\t\t\t\t<h4 >Volume 2 &#8211; Medicina Divina<\/h4>\t\t\t<\/a>\n\t\t\t\t\t\t\t\t\t\t<a href=\"http:\/\/www.jinsai.org\/pt-BR\/ensinamentos\/criacao-da-civilizacao\/volume-2-medicina-divina\" class=\"more-button\" >More Info <i><\/i><\/a>\n\t\t\t\t\t<\/div>\n\t\t<\/div><\/div><div id=\"pgc-3624-1-2\"  class=\"panel-grid-cell\" ><div id=\"panel-3624-1-2-0\" class=\"so-panel widget_circleicon-widget panel-first-child panel-last-child\" data-index=\"3\" >\t\t<div class=\"circle-icon-box circle-icon-position-top circle-icon-hide-box circle-icon-size-large\">\n\t\t\t<div class=\"circle-icon-wrapper\">\n\t\t\t\t<a href=\"http:\/\/www.jinsai.org\/pt-BR\/ensinamentos\/criacao-da-civilizacao\/volume-3-religiao\" class=\"link-icon\" >\t\t\t\t<div class=\"circle-icon icon-style-set\" style=\"background-image: url(http:\/\/www.jinsai.org\/pt-BR\/wp-content\/uploads\/2018\/06\/MeishuSama27-365x380.jpg)\">\n\t\t\t\t\t\t\t\t\t<\/div>\n\t\t\t\t<\/a>\t\t\t<\/div>\n\n\t\t\t<a href=\"http:\/\/www.jinsai.org\/pt-BR\/ensinamentos\/criacao-da-civilizacao\/volume-3-religiao\" class=\"link-title\" >\t\t\t\t\t\t<h4 >Volume 3 &#8211; Religi\u00e3o<\/h4>\t\t\t<\/a>\n\t\t\t\t\t\t\t\t\t\t<a href=\"http:\/\/www.jinsai.org\/pt-BR\/ensinamentos\/criacao-da-civilizacao\/volume-3-religiao\" class=\"more-button\" >More Info <i><\/i><\/a>\n\t\t\t\t\t<\/div>\n\t\t<\/div><\/div><\/div><div id=\"pg-3624-2\"  class=\"panel-grid panel-no-style\" ><div id=\"pgc-3624-2-0\"  class=\"panel-grid-cell\" ><div id=\"panel-3624-2-0-0\" class=\"so-panel widget_circleicon-widget panel-first-child panel-last-child\" data-index=\"4\" >\t\t<div class=\"circle-icon-box circle-icon-position-top circle-icon-hide-box circle-icon-size-large\">\n\t\t\t<div class=\"circle-icon-wrapper\">\n\t\t\t\t<a href=\"http:\/\/www.jinsai.org\/pt-BR\/ensinamentos\/criacao-da-civilizacao\/volume-4-o-mundo-de-miroku\" class=\"link-icon\" >\t\t\t\t<div class=\"circle-icon icon-style-set\" style=\"background-image: url(http:\/\/imagenesdecasasdelfuturo.com\/wp-content\/uploads\/2016\/12\/el-mundo-del-futuro.jpg)\">\n\t\t\t\t\t\t\t\t\t<\/div>\n\t\t\t\t<\/a>\t\t\t<\/div>\n\n\t\t\t<a href=\"http:\/\/www.jinsai.org\/pt-BR\/ensinamentos\/criacao-da-civilizacao\/volume-4-o-mundo-de-miroku\" class=\"link-title\" >\t\t\t\t\t\t<h4 >Volume 4 &#8211; O Mundo de Miroku<\/h4>\t\t\t<\/a>\n\t\t\t\t\t\t\t\t\t\t<a href=\"http:\/\/www.jinsai.org\/pt-BR\/ensinamentos\/criacao-da-civilizacao\/volume-4-o-mundo-de-miroku\" class=\"more-button\" >More Info <i><\/i><\/a>\n\t\t\t\t\t<\/div>\n\t\t<\/div><\/div><div id=\"pgc-3624-2-1\"  class=\"panel-grid-cell\" ><div id=\"panel-3624-2-1-0\" class=\"so-panel widget_circleicon-widget panel-first-child panel-last-child\" data-index=\"5\" >\t\t<div class=\"circle-icon-box circle-icon-position-top circle-icon-hide-box circle-icon-size-large\">\n\t\t\t<div class=\"circle-icon-wrapper\">\n\t\t\t\t<a href=\"http:\/\/www.jinsai.org\/pt-BR\/ensinamentos\/criacao-da-civilizacao\/adendo\" class=\"link-icon\" >\t\t\t\t<div class=\"circle-icon icon-style-set\" style=\"background-image: url(https:\/\/pbs.twimg.com\/profile_images\/985937598412742658\/jtLX4p4Q_400x400.jpg)\">\n\t\t\t\t\t\t\t\t\t<\/div>\n\t\t\t\t<\/a>\t\t\t<\/div>\n\n\t\t\t<a href=\"http:\/\/www.jinsai.org\/pt-BR\/ensinamentos\/criacao-da-civilizacao\/adendo\" class=\"link-title\" >\t\t\t\t\t\t<h4 >Adendo<\/h4>\t\t\t<\/a>\n\t\t\t\t\t\t\t\t\t\t<a href=\"http:\/\/www.jinsai.org\/pt-BR\/ensinamentos\/criacao-da-civilizacao\/adendo\" class=\"more-button\" >More Info <i><\/i><\/a>\n\t\t\t\t\t<\/div>\n\t\t<\/div><\/div><\/div><div id=\"pg-3624-3\"  class=\"panel-grid panel-no-style\" ><div id=\"pgc-3624-3-0\"  class=\"panel-grid-cell panel-grid-cell-empty\" ><\/div><div id=\"pgc-3624-3-1\"  class=\"panel-grid-cell panel-grid-cell-empty panel-grid-cell-mobile-last\" ><\/div><div id=\"pgc-3624-3-2\"  class=\"panel-grid-cell panel-grid-cell-empty\" ><\/div><\/div><div id=\"pg-3624-4\"  class=\"panel-grid panel-no-style\" ><div id=\"pgc-3624-4-0\"  class=\"panel-grid-cell\" ><div id=\"panel-3624-4-0-0\" class=\"widget_text so-panel widget_custom_html panel-first-child panel-last-child\" data-index=\"6\" ><div class=\"textwidget custom-html-widget\"><iframe src=\"http:\/\/www.facebook.com\/plugins\/like.php?href=http:\/\/www.jinsai.org\/pt-BR\/ensinamentos\/criacao-da-civilizacao\/&%0Alayout=standard&show_faces=false&width=380&action=like&colorscheme=light&height=25\" style=\"border: medium none ; overflow: hidden; width: 350px; height: 25px;\" allowtransparency=\"true\" frameborder=\"0\" scrolling=\"no\"><\/iframe>\n\n<div id=\"fb-root\"><\/div><script src=\"http:\/\/connect.facebook.net\/pt_BR\/all.js#appId=APP_ID&amp;xfbml=1\"><\/script><fb:comments href=\"http:\/\/www.jinsai.org\/pt-BR\/ensinamentos\/criacao-da-civilizacao\/\" num_posts=\"100\" width=\"500\"><\/fb:comments><meta property='fb:app_id' content='171964893011161'\/> \n\n<div id=\"fb-root\"><\/div>\n<script>(function(d, s, id) {\n  var js, fjs = d.getElementsByTagName(s)[0];\n  if (d.getElementById(id)) return;\n  js = d.createElement(s); js.id = id;\n  js.src = 'https:\/\/connect.facebook.net\/pt_BR\/sdk.js#xfbml=1&version=v3.0&appId=171964893011161&autoLogAppEvents=1';\n  fjs.parentNode.insertBefore(js, fjs);\n}(document, 'script', 'facebook-jssdk'));<\/script>\n<div class=\"fb-share-button\" data-href=\"http:\/\/www.jinsai.org\/pt-BR\/ensinamentos\/criacao-da-civilizacao\/\" data-layout=\"button_count\" data-size=\"large\" data-mobile-iframe=\"true\"><a target=\"_blank\" href=\"https:\/\/www.facebook.com\/sharer\/sharer.php?u=http%3A%2F%2Fhttp:\/\/www.jinsai.org\/pt-BR\/ensinamentos\/criacao-da-civilizacao\/%2F&amp;src=sdkpreparse\" class=\"fb-xfbml-parse-ignore\">Compartilhar<\/a><\/div>\n<\/div><\/div><\/div><\/div><\/div>","protected":false},"excerpt":{"rendered":"<p>Explica\u00e7\u00e3o sobre a obra &#8220;Cria\u00e7\u00e3o da Civiliza\u00e7\u00e3o&#8221; (&#8230;) &#8220;Na parte da cultura material, portanto, j\u00e1 est\u00e3o prontos quase todos os requisitos necess\u00e1rios para o estabelecimento do mundo verdadeiramente civilizado. Agora falta somente o essencial: a alma, que utilizar\u00e1 essa civiliza\u00e7\u00e3o material para o Bem. Mas a humanidade ainda n\u00e3o alcan\u00e7ou esse n\u00edvel. O problema, portanto, [&hellip;]<\/p>\n","protected":false},"author":1,"featured_media":0,"parent":2225,"menu_order":0,"comment_status":"open","ping_status":"closed","template":"templates\/template-full.php","meta":{"footnotes":""},"class_list":["post-3624","page","type-page","status-publish","hentry","post"],"_links":{"self":[{"href":"https:\/\/www.jinsai.org\/pt-BR\/wp-json\/wp\/v2\/pages\/3624","targetHints":{"allow":["GET"]}}],"collection":[{"href":"https:\/\/www.jinsai.org\/pt-BR\/wp-json\/wp\/v2\/pages"}],"about":[{"href":"https:\/\/www.jinsai.org\/pt-BR\/wp-json\/wp\/v2\/types\/page"}],"author":[{"embeddable":true,"href":"https:\/\/www.jinsai.org\/pt-BR\/wp-json\/wp\/v2\/users\/1"}],"replies":[{"embeddable":true,"href":"https:\/\/www.jinsai.org\/pt-BR\/wp-json\/wp\/v2\/comments?post=3624"}],"version-history":[{"count":32,"href":"https:\/\/www.jinsai.org\/pt-BR\/wp-json\/wp\/v2\/pages\/3624\/revisions"}],"predecessor-version":[{"id":9915,"href":"https:\/\/www.jinsai.org\/pt-BR\/wp-json\/wp\/v2\/pages\/3624\/revisions\/9915"}],"up":[{"embeddable":true,"href":"https:\/\/www.jinsai.org\/pt-BR\/wp-json\/wp\/v2\/pages\/2225"}],"wp:attachment":[{"href":"https:\/\/www.jinsai.org\/pt-BR\/wp-json\/wp\/v2\/media?parent=3624"}],"curies":[{"name":"wp","href":"https:\/\/api.w.org\/{rel}","templated":true}]}}