{"id":3644,"date":"2018-12-23T17:37:12","date_gmt":"2018-12-23T19:37:12","guid":{"rendered":"http:\/\/www.jinsai.org\/pt-BR\/?page_id=3644"},"modified":"2018-12-27T11:16:44","modified_gmt":"2018-12-27T13:16:44","slug":"volume-1-a-nova-civilizacao","status":"publish","type":"page","link":"https:\/\/www.jinsai.org\/pt-BR\/ensinamentos\/criacao-da-civilizacao\/volume-1-a-nova-civilizacao\/","title":{"rendered":"Volume 1 &#8211; A Nova Civiliza\u00e7\u00e3o"},"content":{"rendered":"<div id=\"pl-3644\"  class=\"panel-layout\" ><div id=\"pg-3644-0\"  class=\"panel-grid panel-no-style\" ><div id=\"pgc-3644-0-0\"  class=\"panel-grid-cell\" ><div id=\"panel-3644-0-0-0\" class=\"so-panel widget_siteorigin-panels-postloop panel-first-child\" data-index=\"0\" >\n\t<div id=\"vantage-circleicon-loop\" class=\"vantage-circleicon-loop circleicon-loop-columns-3\">\n\n\t\t<div class=\"widget widget_circleicon-widget\">\t\t<div class=\"circle-icon-box circle-icon-position-top circle-icon-hide-box circle-icon-size-small\">\n\t\t\t<div class=\"circle-icon-wrapper\">\n\t\t\t\t<a href=\"https:\/\/www.jinsai.org\/pt-BR\/ensinamentos\/criacao-da-civilizacao\/volume-1-a-nova-civilizacao\/capitulo-7-o-reino-dos-ceus-na-terra\/\" class=\"link-icon\" >\t\t\t\t<div class=\"circle-icon icon-style-set\" style=\"background-image: url(https:\/\/www.jinsai.org\/pt-BR\/wp-content\/uploads\/2018\/12\/Logo-Cria\u00e7\u00e3o-Small-e1545916460164.jpg)\">\n\t\t\t\t\t\t\t\t\t<\/div>\n\t\t\t\t<\/a>\t\t\t<\/div>\n\n\t\t\t<a href=\"https:\/\/www.jinsai.org\/pt-BR\/ensinamentos\/criacao-da-civilizacao\/volume-1-a-nova-civilizacao\/capitulo-7-o-reino-dos-ceus-na-terra\/\" class=\"link-title\" >\t\t\t<h5 >Volume 1 &#8211; A Nova Civiliza\u00e7\u00e3o<\/h5>\t\t\t<h4 >CAP\u00cdTULO 7 &#8211; O REINO DOS C\u00c9US NA TERRA<\/h4>\t\t\t<\/a>\n\t\t\t<p class=\"text\" >Reino dos C\u00e9us na Terra \u00e9 uma express\u00e3o b\u00edblica. As escrituras do budismo referem-se ao mundo de Miroku. No Ocidente, fala-se em Utopia. A cria\u00e7\u00e3o desse mundo ideal, como eu j\u00e1 disse, \u00e9 des\u00edgnio de Deus e o curso at\u00e9 hoje seguido pela Hist\u00f3ria nada mais foi se n\u00e3o uma trajet\u00f3ria em dire\u00e7\u00e3o a essa [&hellip;]<\/p>\t\t\t\t\t\t\t<a href=\"https:\/\/www.jinsai.org\/pt-BR\/ensinamentos\/criacao-da-civilizacao\/volume-1-a-nova-civilizacao\/capitulo-7-o-reino-dos-ceus-na-terra\/\" class=\"more-button\" >Continue lendo <i><\/i><\/a>\n\t\t\t\t\t<\/div>\n\t\t<\/div><div class=\"widget widget_circleicon-widget\">\t\t<div class=\"circle-icon-box circle-icon-position-top circle-icon-hide-box circle-icon-size-small\">\n\t\t\t<div class=\"circle-icon-wrapper\">\n\t\t\t\t<a href=\"https:\/\/www.jinsai.org\/pt-BR\/ensinamentos\/criacao-da-civilizacao\/volume-1-a-nova-civilizacao\/capitulo-6-salvador-e-redentor\/\" class=\"link-icon\" >\t\t\t\t<div class=\"circle-icon icon-style-set\" style=\"background-image: url(https:\/\/www.jinsai.org\/pt-BR\/wp-content\/uploads\/2018\/12\/Logo-Cria\u00e7\u00e3o-Small-e1545916460164.jpg)\">\n\t\t\t\t\t\t\t\t\t<\/div>\n\t\t\t\t<\/a>\t\t\t<\/div>\n\n\t\t\t<a href=\"https:\/\/www.jinsai.org\/pt-BR\/ensinamentos\/criacao-da-civilizacao\/volume-1-a-nova-civilizacao\/capitulo-6-salvador-e-redentor\/\" class=\"link-title\" >\t\t\t<h5 >Volume 1 &#8211; A Nova Civiliza\u00e7\u00e3o<\/h5>\t\t\t<h4 >CAP\u00cdTULO 6 &#8211; SALVADOR E REDENTOR<\/h4>\t\t\t<\/a>\n\t\t\t<p class=\"text\" >J\u00e1 vimos que o Mal foi fundamentalmente necess\u00e1rio para o progresso e o desenvolvimento da cultura, mas h\u00e1 outro importante ponto a assinalar. A Hist\u00f3ria registrou o surgimento de muitas religi\u00f5es. Todas, sem exce\u00e7\u00e3o, encorajaram o Bem e condenaram drasticamente o Mal. A miss\u00e3o das religi\u00f5es consistiu precisamente em evitar o Mal. Algumas pessoas, por\u00e9m, [&hellip;]<\/p>\t\t\t\t\t\t\t<a href=\"https:\/\/www.jinsai.org\/pt-BR\/ensinamentos\/criacao-da-civilizacao\/volume-1-a-nova-civilizacao\/capitulo-6-salvador-e-redentor\/\" class=\"more-button\" >Continue lendo <i><\/i><\/a>\n\t\t\t\t\t<\/div>\n\t\t<\/div><div class=\"widget widget_circleicon-widget\">\t\t<div class=\"circle-icon-box circle-icon-position-top circle-icon-hide-box circle-icon-size-small\">\n\t\t\t<div class=\"circle-icon-wrapper\">\n\t\t\t\t<a href=\"https:\/\/www.jinsai.org\/pt-BR\/ensinamentos\/criacao-da-civilizacao\/volume-1-a-nova-civilizacao\/capitulo-5-saude-e-longevidade\/\" class=\"link-icon\" >\t\t\t\t<div class=\"circle-icon icon-style-set\" style=\"background-image: url(https:\/\/www.jinsai.org\/pt-BR\/wp-content\/uploads\/2018\/12\/Logo-Cria\u00e7\u00e3o-Small-e1545916460164.jpg)\">\n\t\t\t\t\t\t\t\t\t<\/div>\n\t\t\t\t<\/a>\t\t\t<\/div>\n\n\t\t\t<a href=\"https:\/\/www.jinsai.org\/pt-BR\/ensinamentos\/criacao-da-civilizacao\/volume-1-a-nova-civilizacao\/capitulo-5-saude-e-longevidade\/\" class=\"link-title\" >\t\t\t<h5 >Volume 1 &#8211; A Nova Civiliza\u00e7\u00e3o<\/h5>\t\t\t<h4 >CAP\u00cdTULO 5 &#8211; SA\u00daDE E LONGEVIDADE<\/h4>\t\t\t<\/a>\n\t\t\t<p class=\"text\" >Farei aqui uma exaustiva an\u00e1lise cr\u00edtica da medicina. Antes, por\u00e9m, devo escrever sobre a sa\u00fade e a longevidade. Se a medicina contempor\u00e2nea fosse uma aut\u00eantica arte de curar, deveria, logicamente, reduzir a cada ano o n\u00famero de doentes e prolongar paulatinamente a vida. Bastariam algumas centenas de anos para que a tuberculose[1] e as epidemias, [&hellip;]<\/p>\t\t\t\t\t\t\t<a href=\"https:\/\/www.jinsai.org\/pt-BR\/ensinamentos\/criacao-da-civilizacao\/volume-1-a-nova-civilizacao\/capitulo-5-saude-e-longevidade\/\" class=\"more-button\" >Continue lendo <i><\/i><\/a>\n\t\t\t\t\t<\/div>\n\t\t<\/div><div class=\"clear\"><\/div><div class=\"widget widget_circleicon-widget\">\t\t<div class=\"circle-icon-box circle-icon-position-top circle-icon-hide-box circle-icon-size-small\">\n\t\t\t<div class=\"circle-icon-wrapper\">\n\t\t\t\t<a href=\"https:\/\/www.jinsai.org\/pt-BR\/ensinamentos\/criacao-da-civilizacao\/volume-1-a-nova-civilizacao\/capitulo-4-o-surgimento-do-mal-e-as-doencas\/\" class=\"link-icon\" >\t\t\t\t<div class=\"circle-icon icon-style-set\" style=\"background-image: url(https:\/\/www.jinsai.org\/pt-BR\/wp-content\/uploads\/2018\/12\/Logo-Cria\u00e7\u00e3o-Small-e1545916460164.jpg)\">\n\t\t\t\t\t\t\t\t\t<\/div>\n\t\t\t\t<\/a>\t\t\t<\/div>\n\n\t\t\t<a href=\"https:\/\/www.jinsai.org\/pt-BR\/ensinamentos\/criacao-da-civilizacao\/volume-1-a-nova-civilizacao\/capitulo-4-o-surgimento-do-mal-e-as-doencas\/\" class=\"link-title\" >\t\t\t<h5 >Volume 1 &#8211; A Nova Civiliza\u00e7\u00e3o<\/h5>\t\t\t<h4 >CAP\u00cdTULO 4 &#8211; O SURGIMENTO DO MAL E AS DOEN\u00c7AS<\/h4>\t\t\t<\/a>\n\t\t\t<p class=\"text\" >Como j\u00e1 vimos no cap\u00edtulo anterior, tendo surgido o itchirin (0,01) do Bem a brandir o Absoluto Poder Divino contra o kobukurin (0,99) do Mal, toda a cultura institu\u00edda ser\u00e1 corrigida, estabelecendo-se, ao mesmo tempo, uma nova cultura. Em s\u00edntese, haver\u00e1 uma invers\u00e3o. Este \u00e9 o cerne do Plano de Deus. Um plano sem precedentes, [&hellip;]<\/p>\t\t\t\t\t\t\t<a href=\"https:\/\/www.jinsai.org\/pt-BR\/ensinamentos\/criacao-da-civilizacao\/volume-1-a-nova-civilizacao\/capitulo-4-o-surgimento-do-mal-e-as-doencas\/\" class=\"more-button\" >Continue lendo <i><\/i><\/a>\n\t\t\t\t\t<\/div>\n\t\t<\/div><div class=\"widget widget_circleicon-widget\">\t\t<div class=\"circle-icon-box circle-icon-position-top circle-icon-hide-box circle-icon-size-small\">\n\t\t\t<div class=\"circle-icon-wrapper\">\n\t\t\t\t<a href=\"https:\/\/www.jinsai.org\/pt-BR\/ensinamentos\/criacao-da-civilizacao\/volume-1-a-nova-civilizacao\/capitulo-3-o-mal-e-os-espiritos-protetores\/\" class=\"link-icon\" >\t\t\t\t<div class=\"circle-icon icon-style-set\" style=\"background-image: url(https:\/\/www.jinsai.org\/pt-BR\/wp-content\/uploads\/2018\/12\/Logo-Cria\u00e7\u00e3o-Small-e1545916460164.jpg)\">\n\t\t\t\t\t\t\t\t\t<\/div>\n\t\t\t\t<\/a>\t\t\t<\/div>\n\n\t\t\t<a href=\"https:\/\/www.jinsai.org\/pt-BR\/ensinamentos\/criacao-da-civilizacao\/volume-1-a-nova-civilizacao\/capitulo-3-o-mal-e-os-espiritos-protetores\/\" class=\"link-title\" >\t\t\t<h5 >Volume 1 &#8211; A Nova Civiliza\u00e7\u00e3o<\/h5>\t\t\t<h4 >CAP\u00cdTULO 3 &#8211; O MAL E OS ESP\u00cdRITOS PROTETORES<\/h4>\t\t\t<\/a>\n\t\t\t<p class=\"text\" >Como vimos no cap\u00edtulo anterior, embora o Mal, at\u00e9 agora necess\u00e1rio, se tenha tornado desnecess\u00e1rio, n\u00e3o \u00e9 f\u00e1cil expuls\u00e1-lo. No Plano de Deus concernente a esse ponto, h\u00e1 algo de muito sutil e delicado. Isto ser\u00e1 pouco a pouco explicado. Antes, por\u00e9m, \u00e9 preciso conhecer a constitui\u00e7\u00e3o do cosmos. No centro do Universo h\u00e1 tr\u00eas [&hellip;]<\/p>\t\t\t\t\t\t\t<a href=\"https:\/\/www.jinsai.org\/pt-BR\/ensinamentos\/criacao-da-civilizacao\/volume-1-a-nova-civilizacao\/capitulo-3-o-mal-e-os-espiritos-protetores\/\" class=\"more-button\" >Continue lendo <i><\/i><\/a>\n\t\t\t\t\t<\/div>\n\t\t<\/div><div class=\"widget widget_circleicon-widget\">\t\t<div class=\"circle-icon-box circle-icon-position-top circle-icon-hide-box circle-icon-size-small\">\n\t\t\t<div class=\"circle-icon-wrapper\">\n\t\t\t\t<a href=\"https:\/\/www.jinsai.org\/pt-BR\/ensinamentos\/criacao-da-civilizacao\/volume-1-a-nova-civilizacao\/capitulo-2-construcao-do-reino-dos-ceus-e-expulsao-do-mal\/\" class=\"link-icon\" >\t\t\t\t<div class=\"circle-icon icon-style-set\" style=\"background-image: url(https:\/\/www.jinsai.org\/pt-BR\/wp-content\/uploads\/2018\/12\/Logo-Cria\u00e7\u00e3o-Small-e1545916460164.jpg)\">\n\t\t\t\t\t\t\t\t\t<\/div>\n\t\t\t\t<\/a>\t\t\t<\/div>\n\n\t\t\t<a href=\"https:\/\/www.jinsai.org\/pt-BR\/ensinamentos\/criacao-da-civilizacao\/volume-1-a-nova-civilizacao\/capitulo-2-construcao-do-reino-dos-ceus-e-expulsao-do-mal\/\" class=\"link-title\" >\t\t\t<h5 >Volume 1 &#8211; A Nova Civiliza\u00e7\u00e3o<\/h5>\t\t\t<h4 >CAP\u00cdTULO 2 &#8211; CONSTRU\u00c7\u00c3O DO REINO DOS C\u00c9US E EXPULS\u00c3O DO MAL<\/h4>\t\t\t<\/a>\n\t\t\t<p class=\"text\" >Para que o Reino dos C\u00e9us se estabele\u00e7a neste mundo, h\u00e1 uma condi\u00e7\u00e3o fundamental: a expuls\u00e3o do Mal, armazenado no fundo do cora\u00e7\u00e3o da maioria dos homens, hoje em dia. De modo geral, as pessoas dotadas de bom senso desaprovam o Mal e evitam o seu contato. Sistemas \u00e9ticos e morais foram criados para conden\u00e1-lo. [&hellip;]<\/p>\t\t\t\t\t\t\t<a href=\"https:\/\/www.jinsai.org\/pt-BR\/ensinamentos\/criacao-da-civilizacao\/volume-1-a-nova-civilizacao\/capitulo-2-construcao-do-reino-dos-ceus-e-expulsao-do-mal\/\" class=\"more-button\" >Continue lendo <i><\/i><\/a>\n\t\t\t\t\t<\/div>\n\t\t<\/div><div class=\"clear\"><\/div><div class=\"widget widget_circleicon-widget\">\t\t<div class=\"circle-icon-box circle-icon-position-top circle-icon-hide-box circle-icon-size-small\">\n\t\t\t<div class=\"circle-icon-wrapper\">\n\t\t\t\t<a href=\"https:\/\/www.jinsai.org\/pt-BR\/ensinamentos\/criacao-da-civilizacao\/volume-1-a-nova-civilizacao\/capitulo-1-os-erros-da-cultura-estabelecida\/\" class=\"link-icon\" >\t\t\t\t<div class=\"circle-icon icon-style-set\" style=\"background-image: url(https:\/\/www.jinsai.org\/pt-BR\/wp-content\/uploads\/2018\/12\/Logo-Cria\u00e7\u00e3o-Small-e1545916460164.jpg)\">\n\t\t\t\t\t\t\t\t\t<\/div>\n\t\t\t\t<\/a>\t\t\t<\/div>\n\n\t\t\t<a href=\"https:\/\/www.jinsai.org\/pt-BR\/ensinamentos\/criacao-da-civilizacao\/volume-1-a-nova-civilizacao\/capitulo-1-os-erros-da-cultura-estabelecida\/\" class=\"link-title\" >\t\t\t<h5 >Volume 1 &#8211; A Nova Civiliza\u00e7\u00e3o<\/h5>\t\t\t<h4 >CAP\u00cdTULO 1 &#8211; OS ERROS DA CULTURA ESTABELECIDA<\/h4>\t\t\t<\/a>\n\t\t\t<p class=\"text\" >Como sugere o pref\u00e1cio, pode-se dizer que este livro ter\u00e1 o efeito de uma bomba at\u00f4mica para a civiliza\u00e7\u00e3o contempor\u00e2nea. Lan\u00e7ando um olhar cr\u00edtico e penetrante sobre a religi\u00e3o, o pensamento, a filosofia, a educa\u00e7\u00e3o, a ci\u00eancia e a arte, que constituem as bases da civiliza\u00e7\u00e3o estabelecida, este livro investiga exaustivamente cada um desses campos [&hellip;]<\/p>\t\t\t\t\t\t\t<a href=\"https:\/\/www.jinsai.org\/pt-BR\/ensinamentos\/criacao-da-civilizacao\/volume-1-a-nova-civilizacao\/capitulo-1-os-erros-da-cultura-estabelecida\/\" class=\"more-button\" >Continue lendo <i><\/i><\/a>\n\t\t\t\t\t<\/div>\n\t\t<\/div>\t<\/div>\n\t<\/div><div id=\"panel-3644-0-0-1\" class=\"widget_text so-panel widget_custom_html panel-last-child\" data-index=\"1\" ><div class=\"textwidget custom-html-widget\"><iframe src=\"http:\/\/www.facebook.com\/plugins\/like.php?href= http:\/\/www.jinsai.org\/pt-BR\/ensinamentos\/criacao-da-civilizacao\/volume-1-a-nova-civilizacao  &%0Alayout=standard&show_faces=false&width=380&action=like&colorscheme=light&height=25\" style=\"border: medium none ; ovew: hidden; width: 350px; height: 25px;\" allowtransparencyrflo =\"true\" frameborder=\"0\" scrolling=\"no\"><\/iframe>\n\n<div id=\"fb-root\"><\/div><script src=\"http:\/\/connect.facebook.net\/pt_BR\/all.js#appId=APP_ID&amp;xfbml=1\"><\/script><fb:comments href=\"http:\/\/www.jinsai.org\/pt-BR\/ensinamentos\/criacao-da-civilizacao\/volume-1-a-nova-civilizacao  \" num_posts=\"100\" width=\"500\"><\/fb:comments><meta property='fb:app_id' content='171964893011161'\/> \n\n<div id=\"fb-root\"><\/div>\n<script>(function(d, s, id) {\n  var js, fjs = d.getElementsByTagName(s)[0];\n  if (d.getElementById(id)) return;\n  js = d.createElement(s); js.id = id;\n  js.src = 'https:\/\/connect.facebook.net\/pt_BR\/sdk.js#xfbml=1&version=v3.0&appId=171964893011161&autoLogAppEvents=1';\n  fjs.parentNode.insertBefore(js, fjs);\n}(document, 'script', 'facebook-jssdk'));<\/script>\n<div class=\"fb-share-button\" data-href=\"http:\/\/www.jinsai.org\/pt-BR\/ensinamentos\/criacao-da-civilizacao\/volume-1-a-nova-civilizacao  \" data-layout=\"button_count\" data-size=\"large\" data-mobile-iframe=\"true\"><a target=\"_blank\" href=\"https:\/\/www.facebook.com\/sharer\/sharer.php?u=http%3A%2F% http:\/\/www.jinsai.org\/pt-BR\/ensinamentos\/criacao-da-civilizacao\/volume-1-a-nova-civilizacao  %2F&amp;src=sdkpreparse\" class=\"fb-xfbml-parse-ignore\">Compartilhar<\/a><\/div>\n<\/div><\/div><\/div><\/div><\/div>","protected":false},"excerpt":{"rendered":"","protected":false},"author":1,"featured_media":0,"parent":3624,"menu_order":0,"comment_status":"closed","ping_status":"closed","template":"templates\/template-full.php","meta":{"footnotes":""},"class_list":["post-3644","page","type-page","status-publish","hentry","post","post-with-thumbnail","post-with-thumbnail-icon"],"_links":{"self":[{"href":"https:\/\/www.jinsai.org\/pt-BR\/wp-json\/wp\/v2\/pages\/3644","targetHints":{"allow":["GET"]}}],"collection":[{"href":"https:\/\/www.jinsai.org\/pt-BR\/wp-json\/wp\/v2\/pages"}],"about":[{"href":"https:\/\/www.jinsai.org\/pt-BR\/wp-json\/wp\/v2\/types\/page"}],"author":[{"embeddable":true,"href":"https:\/\/www.jinsai.org\/pt-BR\/wp-json\/wp\/v2\/users\/1"}],"replies":[{"embeddable":true,"href":"https:\/\/www.jinsai.org\/pt-BR\/wp-json\/wp\/v2\/comments?post=3644"}],"version-history":[{"count":16,"href":"https:\/\/www.jinsai.org\/pt-BR\/wp-json\/wp\/v2\/pages\/3644\/revisions"}],"predecessor-version":[{"id":3681,"href":"https:\/\/www.jinsai.org\/pt-BR\/wp-json\/wp\/v2\/pages\/3644\/revisions\/3681"}],"up":[{"embeddable":true,"href":"https:\/\/www.jinsai.org\/pt-BR\/wp-json\/wp\/v2\/pages\/3624"}],"wp:attachment":[{"href":"https:\/\/www.jinsai.org\/pt-BR\/wp-json\/wp\/v2\/media?parent=3644"}],"curies":[{"name":"wp","href":"https:\/\/api.w.org\/{rel}","templated":true}]}}