{"id":3727,"date":"2019-01-08T12:53:59","date_gmt":"2019-01-08T14:53:59","guid":{"rendered":"http:\/\/www.jinsai.org\/pt-BR\/?page_id=3727"},"modified":"2020-06-30T21:58:02","modified_gmt":"2020-07-01T00:58:02","slug":"autores","status":"publish","type":"page","link":"https:\/\/www.jinsai.org\/pt-BR\/meishu-sama\/autores\/","title":{"rendered":"Autores"},"content":{"rendered":"<div id=\"pl-3727\"  class=\"panel-layout\" ><div id=\"pg-3727-0\"  class=\"panel-grid panel-no-style\" ><div id=\"pgc-3727-0-0\"  class=\"panel-grid-cell\" ><div id=\"panel-3727-0-0-0\" class=\"so-panel widget_text panel-first-child\" data-index=\"0\" >\t\t\t<div class=\"textwidget\"><p style=\"text-align: justify;\">Mencionaremos aqui a biografia e principais obras de alguns dos autores citados pelo Mestre Jinsai em seus Ensinamentos, para conhecimento de todos. \u00c9 importante explicar que apenas falaremos sobre as obras, pensamentos e filosofias mencionadas nos Ensinamentos.<\/p>\n<p style=\"text-align: justify;\">Se voc\u00ea quiser saber sobre algum autor em espec\u00edfico, <a href=\"mailto:jinsai@jinsai.org\">entre em contato<\/a> com a gente.<\/p>\n<\/div>\n\t\t<\/div><div id=\"panel-3727-0-0-1\" class=\"so-panel widget_siteorigin-panels-postloop\" data-index=\"1\" >\n\t<div id=\"vantage-circleicon-loop\" class=\"vantage-circleicon-loop circleicon-loop-columns-3\">\n\n\t\t<div class=\"widget widget_circleicon-widget\">\t\t<div class=\"circle-icon-box circle-icon-position-top circle-icon-hide-box circle-icon-size-small\">\n\t\t\t<div class=\"circle-icon-wrapper\">\n\t\t\t\t<a href=\"https:\/\/www.jinsai.org\/pt-BR\/meishu-sama\/autores\/takeuchi-seiho\/\" class=\"link-icon\" >\t\t\t\t<div class=\"circle-icon icon-style-set\" style=\"background-image: url(https:\/\/www.jinsai.org\/pt-BR\/wp-content\/uploads\/2020\/01\/Takeuchi_Seiho-150x150.jpg)\">\n\t\t\t\t\t\t\t\t\t<\/div>\n\t\t\t\t<\/a>\t\t\t<\/div>\n\n\t\t\t<a href=\"https:\/\/www.jinsai.org\/pt-BR\/meishu-sama\/autores\/takeuchi-seiho\/\" class=\"link-title\" >\t\t\t<h5 >Autores<\/h5>\t\t\t<h4 >TAKEUCHI SEIH\u014c<\/h4>\t\t\t<\/a>\n\t\t\t<p class=\"text\" >Takeuchi Seih\u014d (\u6816\u9cf3 \u5185 \u6816\u9cf3, 20 de dezembro de 1864 - 23 de agosto de 1942) foi um pintor japon\u00eas do g\u00eanero nihonga , ativo desde a Era Meiji at\u00e9 o in\u00edcio do per\u00edodo Sh\u014dwa. Um dos fundadores de nihonga, suas obras duraram meio s\u00e9culo e ele foi considerado mestre do c\u00edrculo de pintores de [&hellip;]<\/p>\t\t\t\t\t\t\t<a href=\"https:\/\/www.jinsai.org\/pt-BR\/meishu-sama\/autores\/takeuchi-seiho\/\" class=\"more-button\" >Continue lendo <i><\/i><\/a>\n\t\t\t\t\t<\/div>\n\t\t<\/div><div class=\"widget widget_circleicon-widget\">\t\t<div class=\"circle-icon-box circle-icon-position-top circle-icon-hide-box circle-icon-size-small\">\n\t\t\t<div class=\"circle-icon-wrapper\">\n\t\t\t\t<a href=\"https:\/\/www.jinsai.org\/pt-BR\/meishu-sama\/autores\/ludwig-van-beethoven\/\" class=\"link-icon\" >\t\t\t\t<div class=\"circle-icon icon-style-set\" style=\"background-image: url(https:\/\/www.jinsai.org\/pt-BR\/wp-content\/uploads\/2019\/12\/Beethoven-por-Joseph-M\u00e4hler-150x150.jpg)\">\n\t\t\t\t\t\t\t\t\t<\/div>\n\t\t\t\t<\/a>\t\t\t<\/div>\n\n\t\t\t<a href=\"https:\/\/www.jinsai.org\/pt-BR\/meishu-sama\/autores\/ludwig-van-beethoven\/\" class=\"link-title\" >\t\t\t<h5 >Autores<\/h5>\t\t\t<h4 >LUDWIG VAN BEETHOVEN<\/h4>\t\t\t<\/a>\n\t\t\t<p class=\"text\" >Ludwig van Beethoven (Bonn, batizado em 17 de dezembro de 1770 \u2014 Viena, 26 de mar\u00e7o de 1827) foi um compositor alem\u00e3o, do per\u00edodo de transi\u00e7\u00e3o entre o Classicismo (s\u00e9culo XVIII) e o Romantismo (s\u00e9culo XIX). \u00c9 considerado um dos pilares da m\u00fasica ocidental, pelo incontest\u00e1vel desenvolvimento, tanto da linguagem como do conte\u00fado musical demonstrado [&hellip;]<\/p>\t\t\t\t\t\t\t<a href=\"https:\/\/www.jinsai.org\/pt-BR\/meishu-sama\/autores\/ludwig-van-beethoven\/\" class=\"more-button\" >Continue lendo <i><\/i><\/a>\n\t\t\t\t\t<\/div>\n\t\t<\/div><div class=\"widget widget_circleicon-widget\">\t\t<div class=\"circle-icon-box circle-icon-position-top circle-icon-hide-box circle-icon-size-small\">\n\t\t\t<div class=\"circle-icon-wrapper\">\n\t\t\t\t<a href=\"https:\/\/www.jinsai.org\/pt-BR\/meishu-sama\/autores\/ninsei-nonomura\/\" class=\"link-icon\" >\t\t\t\t<div class=\"circle-icon icon-style-set\" style=\"background-image: url(https:\/\/www.jinsai.org\/pt-BR\/wp-content\/uploads\/2018\/06\/pote-1-150x150.jpg)\">\n\t\t\t\t\t\t\t\t\t<\/div>\n\t\t\t\t<\/a>\t\t\t<\/div>\n\n\t\t\t<a href=\"https:\/\/www.jinsai.org\/pt-BR\/meishu-sama\/autores\/ninsei-nonomura\/\" class=\"link-title\" >\t\t\t<h5 >Autores<\/h5>\t\t\t<h4 >NINSEI NONOMURA<\/h4>\t\t\t<\/a>\n\t\t\t<p class=\"text\" >Ninsei (\u4ec1\u6e05) era um oleiro japon\u00eas, que viveu no per\u00edodo Edo, aproximadamente entre as d\u00e9cadas de 1640 e 1690. Ele nasceu Nonomura Seisuke, e mais tarde recebeu o primeiro nome Seiemon. Tempos depois, por volta de 1624, inicia seus estudos em Awataguchi. Depois de se aperfei\u00e7oar durante anos em Seto, Owari, que \u00e9 a sede [&hellip;]<\/p>\t\t\t\t\t\t\t<a href=\"https:\/\/www.jinsai.org\/pt-BR\/meishu-sama\/autores\/ninsei-nonomura\/\" class=\"more-button\" >Continue lendo <i><\/i><\/a>\n\t\t\t\t\t<\/div>\n\t\t<\/div><div class=\"clear\"><\/div><div class=\"widget widget_circleicon-widget\">\t\t<div class=\"circle-icon-box circle-icon-position-top circle-icon-hide-box circle-icon-size-small\">\n\t\t\t<div class=\"circle-icon-wrapper\">\n\t\t\t\t<a href=\"https:\/\/www.jinsai.org\/pt-BR\/meishu-sama\/autores\/takuan-soho\/\" class=\"link-icon\" >\t\t\t\t<div class=\"circle-icon icon-style-set\" style=\"background-image: url(https:\/\/www.jinsai.org\/pt-BR\/wp-content\/uploads\/2019\/09\/TakuanSoho-150x150.jpg)\">\n\t\t\t\t\t\t\t\t\t<\/div>\n\t\t\t\t<\/a>\t\t\t<\/div>\n\n\t\t\t<a href=\"https:\/\/www.jinsai.org\/pt-BR\/meishu-sama\/autores\/takuan-soho\/\" class=\"link-title\" >\t\t\t<h5 >Autores<\/h5>\t\t\t<h4 >TAKUAN SOHO<\/h4>\t\t\t<\/a>\n\t\t\t<p class=\"text\" >Takuan S\u014dh\u014d (24 \u5eb5 \u5b97 \u5f6d, 24 de dezembro de 1573 - 27 de janeiro de 1645) foi uma figura importante na escola Rinzai do zen-budismo. Takuan S\u014dh\u014d nasceu em uma fam\u00edlia de agricultores na cidade de Izushi, na prov\u00edncia de Tajima (atual Prefeitura de Hy\u014dgo). Aos 8 anos de idade em 1581, Takuan come\u00e7ou [&hellip;]<\/p>\t\t\t\t\t\t\t<a href=\"https:\/\/www.jinsai.org\/pt-BR\/meishu-sama\/autores\/takuan-soho\/\" class=\"more-button\" >Continue lendo <i><\/i><\/a>\n\t\t\t\t\t<\/div>\n\t\t<\/div><div class=\"widget widget_circleicon-widget\">\t\t<div class=\"circle-icon-box circle-icon-position-top circle-icon-hide-box circle-icon-size-small\">\n\t\t\t<div class=\"circle-icon-wrapper\">\n\t\t\t\t<a href=\"https:\/\/www.jinsai.org\/pt-BR\/meishu-sama\/autores\/dante-alighieri\/\" class=\"link-icon\" >\t\t\t\t<div class=\"circle-icon icon-style-set\" style=\"background-image: url(https:\/\/www.jinsai.org\/pt-BR\/wp-content\/uploads\/2019\/05\/Portrait_de_Dante-150x150.jpg)\">\n\t\t\t\t\t\t\t\t\t<\/div>\n\t\t\t\t<\/a>\t\t\t<\/div>\n\n\t\t\t<a href=\"https:\/\/www.jinsai.org\/pt-BR\/meishu-sama\/autores\/dante-alighieri\/\" class=\"link-title\" >\t\t\t<h5 >Autores<\/h5>\t\t\t<h4 >DANTE ALIGHIERI<\/h4>\t\t\t<\/a>\n\t\t\t<p class=\"text\" >Dante Alighieri, por Sandro Botticelli Dante Alighieri (Floren\u00e7a, entre 21 de maio e 20 de junho de 1265 d.C. \u2014 Ravena, 13 ou 14 de setembro de 1321 d.C.) foi um escritor, poeta e pol\u00edtico florentino, nascido na atual It\u00e1lia. \u00c9 considerado o primeiro e maior poeta da l\u00edngua italiana, definido como il sommo poeta [&hellip;]<\/p>\t\t\t\t\t\t\t<a href=\"https:\/\/www.jinsai.org\/pt-BR\/meishu-sama\/autores\/dante-alighieri\/\" class=\"more-button\" >Continue lendo <i><\/i><\/a>\n\t\t\t\t\t<\/div>\n\t\t<\/div><div class=\"widget widget_circleicon-widget\">\t\t<div class=\"circle-icon-box circle-icon-position-top circle-icon-hide-box circle-icon-size-small\">\n\t\t\t<div class=\"circle-icon-wrapper\">\n\t\t\t\t<a href=\"https:\/\/www.jinsai.org\/pt-BR\/meishu-sama\/autores\/george-bernard-shaw\/\" class=\"link-icon\" >\t\t\t\t<div class=\"circle-icon icon-style-set\" style=\"background-image: url(https:\/\/www.jinsai.org\/pt-BR\/wp-content\/uploads\/2019\/05\/George_Bernard_Shaw_1934-12-06-150x150.jpg)\">\n\t\t\t\t\t\t\t\t\t<\/div>\n\t\t\t\t<\/a>\t\t\t<\/div>\n\n\t\t\t<a href=\"https:\/\/www.jinsai.org\/pt-BR\/meishu-sama\/autores\/george-bernard-shaw\/\" class=\"link-title\" >\t\t\t<h5 >Autores<\/h5>\t\t\t<h4 >GEORGE BERNARD SHAW<\/h4>\t\t\t<\/a>\n\t\t\t<p class=\"text\" >George Bernard Shaw (Dublin, 26 de julho de 1856 \u2014 Ayot St Lawrence, 2 de novembro de 1950) foi um dramaturgo, romancista, contista, ensa\u00edsta e jornalista irland\u00eas. Cofundador da London School of Economics, foi tamb\u00e9m o autor de com\u00e9dias sat\u00edricas de esp\u00edrito irreverente e inconformista. Shaw irritou-se com o que percebeu como a explora\u00e7\u00e3o da [&hellip;]<\/p>\t\t\t\t\t\t\t<a href=\"https:\/\/www.jinsai.org\/pt-BR\/meishu-sama\/autores\/george-bernard-shaw\/\" class=\"more-button\" >Continue lendo <i><\/i><\/a>\n\t\t\t\t\t<\/div>\n\t\t<\/div><div class=\"clear\"><\/div><div class=\"widget widget_circleicon-widget\">\t\t<div class=\"circle-icon-box circle-icon-position-top circle-icon-hide-box circle-icon-size-small\">\n\t\t\t<div class=\"circle-icon-wrapper\">\n\t\t\t\t<a href=\"https:\/\/www.jinsai.org\/pt-BR\/meishu-sama\/autores\/nitiren\/\" class=\"link-icon\" >\t\t\t\t<div class=\"circle-icon icon-style-set\" style=\"background-image: url(https:\/\/www.jinsai.org\/pt-BR\/wp-content\/uploads\/2019\/04\/nitiren-150x150.jpg)\">\n\t\t\t\t\t\t\t\t\t<\/div>\n\t\t\t\t<\/a>\t\t\t<\/div>\n\n\t\t\t<a href=\"https:\/\/www.jinsai.org\/pt-BR\/meishu-sama\/autores\/nitiren\/\" class=\"link-title\" >\t\t\t<h5 >Autores<\/h5>\t\t\t<h4 >NITIREN<\/h4>\t\t\t<\/a>\n\t\t\t<p class=\"text\" >Nitiren ou Nichiren (em japon\u00eas \u65e5\u84ee) (Kamogawa, 16 de fevereiro de 1222 \u2013 \u014cta, 13 de outubro de 1282), nascido Zennichimaro (\u5584\u65e5\u9ebf), mais tarde Zesh\u014d-b\u014d Rench\u014d (\u662f\u751f\u623f\u84ee\u9577) e algumas vezes chamado de Nichiren Sh\u014dnin (\u65e5\u84ee\u8056\u4eba), Nichiren Daish\u014dnin (\u65e5\u84ee\u5927\u8056\u4eba) ou Nitiren Daibossatsu (\u65e5\u84ee\u5927\u83e9\u85a9), foi um monge budista do Jap\u00e3o do s\u00e9culo XIII. Fundou o budismo Nitiren, [&hellip;]<\/p>\t\t\t\t\t\t\t<a href=\"https:\/\/www.jinsai.org\/pt-BR\/meishu-sama\/autores\/nitiren\/\" class=\"more-button\" >Continue lendo <i><\/i><\/a>\n\t\t\t\t\t<\/div>\n\t\t<\/div><div class=\"widget widget_circleicon-widget\">\t\t<div class=\"circle-icon-box circle-icon-position-top circle-icon-hide-box circle-icon-size-small\">\n\t\t\t<div class=\"circle-icon-wrapper\">\n\t\t\t\t<a href=\"https:\/\/www.jinsai.org\/pt-BR\/meishu-sama\/autores\/leonardo-da-vinci\/\" class=\"link-icon\" >\t\t\t\t<div class=\"circle-icon icon-style-set\" style=\"background-image: url(https:\/\/www.jinsai.org\/pt-BR\/wp-content\/uploads\/2019\/04\/DaVinci-Face-150x150.jpg)\">\n\t\t\t\t\t\t\t\t\t<\/div>\n\t\t\t\t<\/a>\t\t\t<\/div>\n\n\t\t\t<a href=\"https:\/\/www.jinsai.org\/pt-BR\/meishu-sama\/autores\/leonardo-da-vinci\/\" class=\"link-title\" >\t\t\t<h5 >Autores<\/h5>\t\t\t<h4 >LEONARDO DA VINCI<\/h4>\t\t\t<\/a>\n\t\t\t<p class=\"text\" >Leonardo di Ser Piero da Vinci, ou simplesmente Leonardo da Vinci (Anchiano, 15 de abril de 1452 \u2014 Amboise, 2 de maio de 1519), foi um pol\u00edmata nascido na atual It\u00e1lia, uma das figuras mais importantes do Alto Renascimento, que se destacou como cientista, matem\u00e1tico, engenheiro, inventor, anatomista, pintor, escultor, arquiteto, bot\u00e2nico, poeta e m\u00fasico. [&hellip;]<\/p>\t\t\t\t\t\t\t<a href=\"https:\/\/www.jinsai.org\/pt-BR\/meishu-sama\/autores\/leonardo-da-vinci\/\" class=\"more-button\" >Continue lendo <i><\/i><\/a>\n\t\t\t\t\t<\/div>\n\t\t<\/div><div class=\"widget widget_circleicon-widget\">\t\t<div class=\"circle-icon-box circle-icon-position-top circle-icon-hide-box circle-icon-size-small\">\n\t\t\t<div class=\"circle-icon-wrapper\">\n\t\t\t\t<a href=\"https:\/\/www.jinsai.org\/pt-BR\/meishu-sama\/autores\/andrew-carnegie\/\" class=\"link-icon\" >\t\t\t\t<div class=\"circle-icon icon-style-set\" style=\"background-image: url(https:\/\/www.jinsai.org\/pt-BR\/wp-content\/uploads\/2019\/04\/Andrew-carnegie-portrait-pd-150x150.jpg)\">\n\t\t\t\t\t\t\t\t\t<\/div>\n\t\t\t\t<\/a>\t\t\t<\/div>\n\n\t\t\t<a href=\"https:\/\/www.jinsai.org\/pt-BR\/meishu-sama\/autores\/andrew-carnegie\/\" class=\"link-title\" >\t\t\t<h5 >Autores<\/h5>\t\t\t<h4 >ANDREW CARNEGIE<\/h4>\t\t\t<\/a>\n\t\t\t<p class=\"text\" >Andrew Carnegie (Dunfermline, Esc\u00f3cia, 25 de novembro de 1835 \u2014 Lenox, Massachusetts, 11 de agosto de 1919) foi um empres\u00e1rio e filantropo estadunidense nascido na Esc\u00f3cia, fundador da Universidade Carnegie Mellon. A hist\u00f3ria de Andrew Carnegie faz parte de um dos per\u00edodos mais prof\u00edcuos da economia americana. Ele, que inicialmente ganhava a vida como catador [&hellip;]<\/p>\t\t\t\t\t\t\t<a href=\"https:\/\/www.jinsai.org\/pt-BR\/meishu-sama\/autores\/andrew-carnegie\/\" class=\"more-button\" >Continue lendo <i><\/i><\/a>\n\t\t\t\t\t<\/div>\n\t\t<\/div><div class=\"clear\"><\/div><div class=\"widget widget_circleicon-widget\">\t\t<div class=\"circle-icon-box circle-icon-position-top circle-icon-hide-box circle-icon-size-small\">\n\t\t\t<div class=\"circle-icon-wrapper\">\n\t\t\t\t<a href=\"https:\/\/www.jinsai.org\/pt-BR\/meishu-sama\/autores\/john-davison-rockefeller\/\" class=\"link-icon\" >\t\t\t\t<div class=\"circle-icon icon-style-set\" style=\"background-image: url(https:\/\/www.jinsai.org\/pt-BR\/wp-content\/uploads\/2019\/03\/John_D_Rockefeller-150x150.jpg)\">\n\t\t\t\t\t\t\t\t\t<\/div>\n\t\t\t\t<\/a>\t\t\t<\/div>\n\n\t\t\t<a href=\"https:\/\/www.jinsai.org\/pt-BR\/meishu-sama\/autores\/john-davison-rockefeller\/\" class=\"link-title\" >\t\t\t<h5 >Autores<\/h5>\t\t\t<h4 >JOHN DAVISON ROCKEFELLER<\/h4>\t\t\t<\/a>\n\t\t\t<p class=\"text\" >John Davison Rockefeller (Richford, 8 de julho de 1839 \u2013 Ormond Beach, 23 de maio de 1937) foi um investidor e empres\u00e1rio norte-americano. Rockefeller revolucionou o setor do petr\u00f3leo. Em 1870, fundou a Standard Oil Company e a comandou agressivamente at\u00e9 sua aposentadoria oficial em 1897. Como a import\u00e2ncia do querosene e da gasolina estava [&hellip;]<\/p>\t\t\t\t\t\t\t<a href=\"https:\/\/www.jinsai.org\/pt-BR\/meishu-sama\/autores\/john-davison-rockefeller\/\" class=\"more-button\" >Continue lendo <i><\/i><\/a>\n\t\t\t\t\t<\/div>\n\t\t<\/div><div class=\"widget widget_circleicon-widget\">\t\t<div class=\"circle-icon-box circle-icon-position-top circle-icon-hide-box circle-icon-size-small\">\n\t\t\t<div class=\"circle-icon-wrapper\">\n\t\t\t\t<a href=\"https:\/\/www.jinsai.org\/pt-BR\/meishu-sama\/autores\/honami-koetsu\/\" class=\"link-icon\" >\t\t\t\t<div class=\"circle-icon icon-style-set\" style=\"background-image: url(https:\/\/www.jinsai.org\/pt-BR\/wp-content\/uploads\/2019\/03\/Honami_Koetsu-150x150.jpg)\">\n\t\t\t\t\t\t\t\t\t<\/div>\n\t\t\t\t<\/a>\t\t\t<\/div>\n\n\t\t\t<a href=\"https:\/\/www.jinsai.org\/pt-BR\/meishu-sama\/autores\/honami-koetsu\/\" class=\"link-title\" >\t\t\t<h5 >Autores<\/h5>\t\t\t<h4 >HON&#8217;AMI KOETSU<\/h4>\t\t\t<\/a>\n\t\t\t<p class=\"text\" >Koetsu Hon&#8217;ami (1558\u20131637) foi um artista japon\u00eas, poeta, cal\u00edgrafo, mestre da cerim\u00f4nia do ch\u00e1. Considerado um dos artistas mais influentes do S\u00e9culo XVI, sua pintura, caligrafia e artes relacionadas usaram uma vers\u00e3o estilizada do estilo do yamato e da arte japonesa tradicional. Sua carreira floresceu durante o per\u00edodo brilhante de Momoyama (1573\u20131615), que serviu como [&hellip;]<\/p>\t\t\t\t\t\t\t<a href=\"https:\/\/www.jinsai.org\/pt-BR\/meishu-sama\/autores\/honami-koetsu\/\" class=\"more-button\" >Continue lendo <i><\/i><\/a>\n\t\t\t\t\t<\/div>\n\t\t<\/div><div class=\"widget widget_circleicon-widget\">\t\t<div class=\"circle-icon-box circle-icon-position-top circle-icon-hide-box circle-icon-size-small\">\n\t\t\t<div class=\"circle-icon-wrapper\">\n\t\t\t\t<a href=\"https:\/\/www.jinsai.org\/pt-BR\/meishu-sama\/autores\/miyamoto-musashi\/\" class=\"link-icon\" >\t\t\t\t<div class=\"circle-icon icon-style-set\" style=\"background-image: url(https:\/\/www.jinsai.org\/pt-BR\/wp-content\/uploads\/2019\/02\/Musashi-150x150.jpg)\">\n\t\t\t\t\t\t\t\t\t<\/div>\n\t\t\t\t<\/a>\t\t\t<\/div>\n\n\t\t\t<a href=\"https:\/\/www.jinsai.org\/pt-BR\/meishu-sama\/autores\/miyamoto-musashi\/\" class=\"link-title\" >\t\t\t<h5 >Autores<\/h5>\t\t\t<h4 >MIYAMOTO MUSASHI<\/h4>\t\t\t<\/a>\n\t\t\t<p class=\"text\" >Miyamoto Musashi (\u5bae\u672c\u6b66\u8535) (batizado Shinmen Musashi No Kami Fujiwara No Genshin) (Harima, c. 1584 \u2014 Higo, atual Kumamoto, junho de 1645), tamb\u00e9m conhecido como Shinmen Takez\u014d, ou Miyamoto Bennosuke, ou pelo nome budista Niten D\u014draku, foi um japon\u00eas do cl\u00e3 Tokugawa (1603-1868), espadachim, ronin, ex-samurai, criador da t\u00e9cnica de espadas Niten Ichi Ryu (ou Kenjutsu) [&hellip;]<\/p>\t\t\t\t\t\t\t<a href=\"https:\/\/www.jinsai.org\/pt-BR\/meishu-sama\/autores\/miyamoto-musashi\/\" class=\"more-button\" >Continue lendo <i><\/i><\/a>\n\t\t\t\t\t<\/div>\n\t\t<\/div><div class=\"clear\"><\/div><div class=\"widget widget_circleicon-widget\">\t\t<div class=\"circle-icon-box circle-icon-position-top circle-icon-hide-box circle-icon-size-small\">\n\t\t\t<div class=\"circle-icon-wrapper\">\n\t\t\t\t<a href=\"https:\/\/www.jinsai.org\/pt-BR\/meishu-sama\/autores\/le-corbusier\/\" class=\"link-icon\" >\t\t\t\t<div class=\"circle-icon icon-style-set\" style=\"background-image: url(https:\/\/www.jinsai.org\/pt-BR\/wp-content\/uploads\/2019\/02\/Le_Corbusier_1964_Stedelijk_Museum_Sikkensprijzen_916-9288_cropped-1-150x150.jpg)\">\n\t\t\t\t\t\t\t\t\t<\/div>\n\t\t\t\t<\/a>\t\t\t<\/div>\n\n\t\t\t<a href=\"https:\/\/www.jinsai.org\/pt-BR\/meishu-sama\/autores\/le-corbusier\/\" class=\"link-title\" >\t\t\t<h5 >Autores<\/h5>\t\t\t<h4 >LE CORBUSIER<\/h4>\t\t\t<\/a>\n\t\t\t<p class=\"text\" >Charles-Edouard Jeanneret-Gris, mais conhecido pelo pseud\u00f4nimo de Le Corbusier (La Chaux-de-Fonds, 6 de Outubro de 1887 \u2014 Roquebrune-Cap-Martin, 27 de Agosto de 1965), foi um arquiteto, urbanista, escultor e pintor de origem su\u00ed\u00e7a e naturalizado franc\u00eas em 1930. \u00c9 considerado, juntamente com Frank Lloyd Wright, Alvar Aalto, Mies van der Rohe e Oscar Niemeyer, um [&hellip;]<\/p>\t\t\t\t\t\t\t<a href=\"https:\/\/www.jinsai.org\/pt-BR\/meishu-sama\/autores\/le-corbusier\/\" class=\"more-button\" >Continue lendo <i><\/i><\/a>\n\t\t\t\t\t<\/div>\n\t\t<\/div><div class=\"widget widget_circleicon-widget\">\t\t<div class=\"circle-icon-box circle-icon-position-top circle-icon-hide-box circle-icon-size-small\">\n\t\t\t<div class=\"circle-icon-wrapper\">\n\t\t\t\t<a href=\"https:\/\/www.jinsai.org\/pt-BR\/meishu-sama\/autores\/hideki-yukawa\/\" class=\"link-icon\" >\t\t\t\t<div class=\"circle-icon icon-style-set\" style=\"background-image: url(https:\/\/www.jinsai.org\/pt-BR\/wp-content\/uploads\/2019\/02\/Yukawa_1949-150x150.jpg)\">\n\t\t\t\t\t\t\t\t\t<\/div>\n\t\t\t\t<\/a>\t\t\t<\/div>\n\n\t\t\t<a href=\"https:\/\/www.jinsai.org\/pt-BR\/meishu-sama\/autores\/hideki-yukawa\/\" class=\"link-title\" >\t\t\t<h5 >Autores<\/h5>\t\t\t<h4 >HIDEKI YUKAWA<\/h4>\t\t\t<\/a>\n\t\t\t<p class=\"text\" >O Dr. Yukawa em 1949 Hideki Yukawa (\u6e6f\u5ddd \u79c0\u6a39, Yukawa Hideki, T\u00f3quio, 23 de janeiro de 1907 \u2014 Kyoto, 8 de setembro de 1981) foi um f\u00edsico te\u00f3rico japon\u00eas. Foi o primeiro japon\u00eas a receber um Nobel de F\u00edsica, em 1949, por formular a hip\u00f3tese dos m\u00e9sons, baseado em trabalhos te\u00f3ricos sobre for\u00e7as nucleares. Realizou [&hellip;]<\/p>\t\t\t\t\t\t\t<a href=\"https:\/\/www.jinsai.org\/pt-BR\/meishu-sama\/autores\/hideki-yukawa\/\" class=\"more-button\" >Continue lendo <i><\/i><\/a>\n\t\t\t\t\t<\/div>\n\t\t<\/div><div class=\"widget widget_circleicon-widget\">\t\t<div class=\"circle-icon-box circle-icon-position-top circle-icon-hide-box circle-icon-size-small\">\n\t\t\t<div class=\"circle-icon-wrapper\">\n\t\t\t\t<a href=\"https:\/\/www.jinsai.org\/pt-BR\/meishu-sama\/autores\/william-james\/\" class=\"link-icon\" >\t\t\t\t<div class=\"circle-icon icon-style-set\" style=\"background-image: url(https:\/\/www.jinsai.org\/pt-BR\/wp-content\/uploads\/2019\/01\/William_James_b1842c-150x150.jpg)\">\n\t\t\t\t\t\t\t\t\t<\/div>\n\t\t\t\t<\/a>\t\t\t<\/div>\n\n\t\t\t<a href=\"https:\/\/www.jinsai.org\/pt-BR\/meishu-sama\/autores\/william-james\/\" class=\"link-title\" >\t\t\t<h5 >Autores<\/h5>\t\t\t<h4 >WILLIAM JAMES<\/h4>\t\t\t<\/a>\n\t\t\t<p class=\"text\" >William James (Nova Iorque, 11 de janeiro de 1842 \u2013 Tamworth, 26 de agosto de 1910) foi um fil\u00f3sofo e psic\u00f3logo americano e o primeiro intelectual a oferecer um curso de psicologia nos Estados Unidos. James foi um dos principais pensadores do final do s\u00e9culo XIX e \u00e9 considerado por muitos como um dos fil\u00f3sofos [&hellip;]<\/p>\t\t\t\t\t\t\t<a href=\"https:\/\/www.jinsai.org\/pt-BR\/meishu-sama\/autores\/william-james\/\" class=\"more-button\" >Continue lendo <i><\/i><\/a>\n\t\t\t\t\t<\/div>\n\t\t<\/div><div class=\"clear\"><\/div><div class=\"widget widget_circleicon-widget\">\t\t<div class=\"circle-icon-box circle-icon-position-top circle-icon-hide-box circle-icon-size-small\">\n\t\t\t<div class=\"circle-icon-wrapper\">\n\t\t\t\t<a href=\"https:\/\/www.jinsai.org\/pt-BR\/meishu-sama\/autores\/henri-bergson\/\" class=\"link-icon\" >\t\t\t\t<div class=\"circle-icon icon-style-set\" style=\"background-image: url(https:\/\/www.jinsai.org\/pt-BR\/wp-content\/uploads\/2019\/01\/Henri_Bergson_02-1-150x150.jpg)\">\n\t\t\t\t\t\t\t\t\t<\/div>\n\t\t\t\t<\/a>\t\t\t<\/div>\n\n\t\t\t<a href=\"https:\/\/www.jinsai.org\/pt-BR\/meishu-sama\/autores\/henri-bergson\/\" class=\"link-title\" >\t\t\t<h5 >Autores<\/h5>\t\t\t<h4 >HENRI BERGSON<\/h4>\t\t\t<\/a>\n\t\t\t<p class=\"text\" >O fil\u00f3sofo e diplomata franc\u00eas Henri Bergson nasceu em Paris, em 18 de outubro de 1859. Conhecido principalmente por Ensaios sobre os dados imediatos da consci\u00eancia, Mat\u00e9ria e Mem\u00f3ria, A evolu\u00e7\u00e3o criadora e As duas fontes da moral e da religi\u00e3o, sua obra \u00e9 de grande atualidade e tem sido estudada em diferentes disciplinas &#8211; [&hellip;]<\/p>\t\t\t\t\t\t\t<a href=\"https:\/\/www.jinsai.org\/pt-BR\/meishu-sama\/autores\/henri-bergson\/\" class=\"more-button\" >Continue lendo <i><\/i><\/a>\n\t\t\t\t\t<\/div>\n\t\t<\/div>\t<\/div>\n\t<\/div><div id=\"panel-3727-0-0-2\" class=\"widget_text so-panel widget_custom_html panel-last-child\" data-index=\"2\" ><div class=\"textwidget custom-html-widget\"><iframe src=\"http:\/\/www.facebook.com\/plugins\/like.php?href=   http:\/\/www.jinsai.org\/pt-BR\/meishu-sama\/autores\/&%0Alayout=standard&show_faces=false&width=380&action=like&colorscheme=light&height=25\" style=\"border: medium none ; ovew: hidden; width: 350px; height: 25px;\" allowtransparencyrflo =\"true\" frameborder=\"0\" scrolling=\"no\"><\/iframe>\n\n<div id=\"fb-root\"><\/div><script src=\"http:\/\/connect.facebook.net\/pt_BR\/all.js#appId=APP_ID&amp;xfbml=1\"><\/script><fb:comments href=\"  http:\/\/www.jinsai.org\/pt-BR\/meishu-sama\/autores\/\" num_posts=\"100\" width=\"500\"><\/fb:comments><meta property='fb:app_id' content='171964893011161'\/> \n\n<div id=\"fb-root\"><\/div>\n<script>(function(d, s, id) {\n  var js, fjs = d.getElementsByTagName(s)[0];\n  if (d.getElementById(id)) return;\n  js = d.createElement(s); js.id = id;\n  js.src = 'https:\/\/connect.facebook.net\/pt_BR\/sdk.js#xfbml=1&version=v3.0&appId=171964893011161&autoLogAppEvents=1';\n  fjs.parentNode.insertBefore(js, fjs);\n}(document, 'script', 'facebook-jssdk'));<\/script>\n<div class=\"fb-share-button\" data-href=\"  http:\/\/www.jinsai.org\/pt-BR\/meishu-sama\/autores\/\" data-layout=\"button_count\" data-size=\"large\" data-mobile-iframe=\"true\"><a target=\"_blank\" href=\"https:\/\/www.facebook.com\/sharer\/sharer.php?u=http%3A%2F%   http:\/\/www.jinsai.org\/pt-BR\/meishu-sama\/autores\/%2F&amp;src=sdkpreparse\" class=\"fb-xfbml-parse-ignore\">Compartilhar<\/a><\/div>\n\n<\/div><\/div><\/div><\/div><\/div>","protected":false},"excerpt":{"rendered":"<p>Mencionaremos aqui a biografia e principais obras de alguns dos autores citados pelo Mestre Jinsai em seus Ensinamentos, para conhecimento de todos. \u00c9 importante explicar que apenas falaremos sobre as obras, pensamentos e filosofias mencionadas nos Ensinamentos. Se voc\u00ea quiser saber sobre algum autor em espec\u00edfico, entre em contato com a gente.<\/p>\n","protected":false},"author":1,"featured_media":0,"parent":94,"menu_order":0,"comment_status":"open","ping_status":"closed","template":"","meta":{"footnotes":""},"class_list":["post-3727","page","type-page","status-publish","hentry","post","post-with-thumbnail","post-with-thumbnail-icon"],"_links":{"self":[{"href":"https:\/\/www.jinsai.org\/pt-BR\/wp-json\/wp\/v2\/pages\/3727","targetHints":{"allow":["GET"]}}],"collection":[{"href":"https:\/\/www.jinsai.org\/pt-BR\/wp-json\/wp\/v2\/pages"}],"about":[{"href":"https:\/\/www.jinsai.org\/pt-BR\/wp-json\/wp\/v2\/types\/page"}],"author":[{"embeddable":true,"href":"https:\/\/www.jinsai.org\/pt-BR\/wp-json\/wp\/v2\/users\/1"}],"replies":[{"embeddable":true,"href":"https:\/\/www.jinsai.org\/pt-BR\/wp-json\/wp\/v2\/comments?post=3727"}],"version-history":[{"count":14,"href":"https:\/\/www.jinsai.org\/pt-BR\/wp-json\/wp\/v2\/pages\/3727\/revisions"}],"predecessor-version":[{"id":7811,"href":"https:\/\/www.jinsai.org\/pt-BR\/wp-json\/wp\/v2\/pages\/3727\/revisions\/7811"}],"up":[{"embeddable":true,"href":"https:\/\/www.jinsai.org\/pt-BR\/wp-json\/wp\/v2\/pages\/94"}],"wp:attachment":[{"href":"https:\/\/www.jinsai.org\/pt-BR\/wp-json\/wp\/v2\/media?parent=3727"}],"curies":[{"name":"wp","href":"https:\/\/api.w.org\/{rel}","templated":true}]}}