{"id":3772,"date":"2019-01-14T14:19:20","date_gmt":"2019-01-14T16:19:20","guid":{"rendered":"http:\/\/www.jinsai.org\/pt-BR\/?page_id=3772"},"modified":"2020-06-10T09:05:45","modified_gmt":"2020-06-10T12:05:45","slug":"volume-3-religiao","status":"publish","type":"page","link":"https:\/\/www.jinsai.org\/pt-BR\/ensinamentos\/criacao-da-civilizacao\/volume-3-religiao\/","title":{"rendered":"Volume 3 &#8211; Religi\u00e3o"},"content":{"rendered":"<div id=\"pl-3772\"  class=\"panel-layout\" ><div id=\"pg-3772-0\"  class=\"panel-grid panel-no-style\" ><div id=\"pgc-3772-0-0\"  class=\"panel-grid-cell\" ><div id=\"panel-3772-0-0-0\" class=\"so-panel widget_siteorigin-panels-postloop panel-first-child\" data-index=\"0\" >\n\t<div id=\"vantage-circleicon-loop\" class=\"vantage-circleicon-loop circleicon-loop-columns-3\">\n\n\t\t<div class=\"widget widget_circleicon-widget\">\t\t<div class=\"circle-icon-box circle-icon-position-top circle-icon-hide-box circle-icon-size-small\">\n\t\t\t<div class=\"circle-icon-wrapper\">\n\t\t\t\t<a href=\"https:\/\/www.jinsai.org\/pt-BR\/ensinamentos\/criacao-da-civilizacao\/volume-3-religiao\/capitulo-47-vertical-e-horizontal\/\" class=\"link-icon\" >\t\t\t\t<div class=\"circle-icon icon-style-set\" style=\"background-image: url(https:\/\/www.jinsai.org\/pt-BR\/wp-content\/uploads\/2018\/12\/Logo-Cria\u00e7\u00e3o-Small-e1545916460164.jpg)\">\n\t\t\t\t\t\t\t\t\t<\/div>\n\t\t\t\t<\/a>\t\t\t<\/div>\n\n\t\t\t<a href=\"https:\/\/www.jinsai.org\/pt-BR\/ensinamentos\/criacao-da-civilizacao\/volume-3-religiao\/capitulo-47-vertical-e-horizontal\/\" class=\"link-title\" >\t\t\t<h5 >Volume 3 &#8211; Religi\u00e3o<\/h5>\t\t\t<h4 >CAP\u00cdTULO 47 &#8211; VERTICAL E HORIZONTAL<\/h4>\t\t\t<\/a>\n\t\t\t<p class=\"text\" >Para conhecer a Verdade do C\u00e9u e da Terra, \u00e9 importante saber o significado do vertical e do horizontal. Em diversas ocasi\u00f5es referi-me a este assunto e, mais uma vez, vou falar sobre ele detalhadamente. Em primeiro lugar \u00e9 importante ter um conhecimento fundamental: o Sol \u00e9 fogo, e o fogo arde verticalmente; a Lua [&hellip;]<\/p>\t\t\t\t\t\t\t<a href=\"https:\/\/www.jinsai.org\/pt-BR\/ensinamentos\/criacao-da-civilizacao\/volume-3-religiao\/capitulo-47-vertical-e-horizontal\/\" class=\"more-button\" >Continue lendo <i><\/i><\/a>\n\t\t\t\t\t<\/div>\n\t\t<\/div><div class=\"widget widget_circleicon-widget\">\t\t<div class=\"circle-icon-box circle-icon-position-top circle-icon-hide-box circle-icon-size-small\">\n\t\t\t<div class=\"circle-icon-wrapper\">\n\t\t\t\t<a href=\"https:\/\/www.jinsai.org\/pt-BR\/ensinamentos\/criacao-da-civilizacao\/volume-3-religiao\/capitulo-46-o-cristianismo\/\" class=\"link-icon\" >\t\t\t\t<div class=\"circle-icon icon-style-set\" style=\"background-image: url(https:\/\/www.jinsai.org\/pt-BR\/wp-content\/uploads\/2018\/12\/Logo-Cria\u00e7\u00e3o-Small-e1545916460164.jpg)\">\n\t\t\t\t\t\t\t\t\t<\/div>\n\t\t\t\t<\/a>\t\t\t<\/div>\n\n\t\t\t<a href=\"https:\/\/www.jinsai.org\/pt-BR\/ensinamentos\/criacao-da-civilizacao\/volume-3-religiao\/capitulo-46-o-cristianismo\/\" class=\"link-title\" >\t\t\t<h5 >Volume 3 &#8211; Religi\u00e3o<\/h5>\t\t\t<h4 >CAP\u00cdTULO 46 &#8211; O CRISTIANISMO<\/h4>\t\t\t<\/a>\n\t\t\t<p class=\"text\" >Muitos j\u00e1 escreveram minuciosamente sobre o cristianismo, desde o nascimento de Cristo, passando por sua vida terrena, at\u00e9 sua crucifica\u00e7\u00e3o. Assim, n\u00e3o \u00e9 necess\u00e1rio que eu escreva novamente. Por isso, vou resumir os pontos de vista sobre fatos que ningu\u00e9m abordou at\u00e9 hoje e pe\u00e7o a compreens\u00e3o dos leitores. Como sempre digo, com o objetivo [&hellip;]<\/p>\t\t\t\t\t\t\t<a href=\"https:\/\/www.jinsai.org\/pt-BR\/ensinamentos\/criacao-da-civilizacao\/volume-3-religiao\/capitulo-46-o-cristianismo\/\" class=\"more-button\" >Continue lendo <i><\/i><\/a>\n\t\t\t\t\t<\/div>\n\t\t<\/div><div class=\"widget widget_circleicon-widget\">\t\t<div class=\"circle-icon-box circle-icon-position-top circle-icon-hide-box circle-icon-size-small\">\n\t\t\t<div class=\"circle-icon-wrapper\">\n\t\t\t\t<a href=\"https:\/\/www.jinsai.org\/pt-BR\/ensinamentos\/criacao-da-civilizacao\/volume-3-religiao\/capitulo-45-daijo-e-shojo-no-budismo\/\" class=\"link-icon\" >\t\t\t\t<div class=\"circle-icon icon-style-set\" style=\"background-image: url(https:\/\/www.jinsai.org\/pt-BR\/wp-content\/uploads\/2018\/12\/Logo-Cria\u00e7\u00e3o-Small-e1545916460164.jpg)\">\n\t\t\t\t\t\t\t\t\t<\/div>\n\t\t\t\t<\/a>\t\t\t<\/div>\n\n\t\t\t<a href=\"https:\/\/www.jinsai.org\/pt-BR\/ensinamentos\/criacao-da-civilizacao\/volume-3-religiao\/capitulo-45-daijo-e-shojo-no-budismo\/\" class=\"link-title\" >\t\t\t<h5 >Volume 3 &#8211; Religi\u00e3o<\/h5>\t\t\t<h4 >CAP\u00cdTULO 45 &#8211; DAIJO E SHOJO NO BUDISMO<\/h4>\t\t\t<\/a>\n\t\t\t<p class=\"text\" >J\u00e1 escrevi que o budismo, em sua ess\u00eancia, \u00e9 shojo. Entretanto, \u00e9 preciso dizer que, mesmo no budismo, que \u00e9 shojo, existem daijo e shojo. Falando mais claramente, enquanto shojo se centraliza na sua pr\u00f3pria for\u00e7a, daijo se ap\u00f3ia na for\u00e7a alheia. Entre as seitas budistas, a Zen-shuu e a Nitiren-shuu s\u00e3o shojo; todas as [&hellip;]<\/p>\t\t\t\t\t\t\t<a href=\"https:\/\/www.jinsai.org\/pt-BR\/ensinamentos\/criacao-da-civilizacao\/volume-3-religiao\/capitulo-45-daijo-e-shojo-no-budismo\/\" class=\"more-button\" >Continue lendo <i><\/i><\/a>\n\t\t\t\t\t<\/div>\n\t\t<\/div><div class=\"clear\"><\/div><div class=\"widget widget_circleicon-widget\">\t\t<div class=\"circle-icon-box circle-icon-position-top circle-icon-hide-box circle-icon-size-small\">\n\t\t\t<div class=\"circle-icon-wrapper\">\n\t\t\t\t<a href=\"https:\/\/www.jinsai.org\/pt-BR\/ensinamentos\/criacao-da-civilizacao\/volume-3-religiao\/capitulo-44-a-triplice-revelacao-de-miroku\/\" class=\"link-icon\" >\t\t\t\t<div class=\"circle-icon icon-style-set\" style=\"background-image: url(https:\/\/www.jinsai.org\/pt-BR\/wp-content\/uploads\/2018\/12\/Logo-Cria\u00e7\u00e3o-Small-e1545916460164.jpg)\">\n\t\t\t\t\t\t\t\t\t<\/div>\n\t\t\t\t<\/a>\t\t\t<\/div>\n\n\t\t\t<a href=\"https:\/\/www.jinsai.org\/pt-BR\/ensinamentos\/criacao-da-civilizacao\/volume-3-religiao\/capitulo-44-a-triplice-revelacao-de-miroku\/\" class=\"link-title\" >\t\t\t<h5 >Volume 3 &#8211; Religi\u00e3o<\/h5>\t\t\t<h4 >CAP\u00cdTULO 44 &#8211; A TR\u00cdPLICE REVELA\u00c7\u00c3O DE MIROKU<\/h4>\t\t\t<\/a>\n\t\t\t<p class=\"text\" >Desde antigamente, existe no budismo o termo \"Miroku-San-E\". Como at\u00e9 aos dias de hoje esse termo permanecia envolto em mist\u00e9rio, era imposs\u00edvel compreender o seu significado. Assim, gostaria de esclarecer a quest\u00e3o.De acordo com os ideogramas que comp\u00f5em o termo, Miroku-San-E significa o encontro simult\u00e2neo dos tr\u00eas Miroku. Esses tr\u00eas Miroku s\u00e3o, sem d\u00favida, Buda, [&hellip;]<\/p>\t\t\t\t\t\t\t<a href=\"https:\/\/www.jinsai.org\/pt-BR\/ensinamentos\/criacao-da-civilizacao\/volume-3-religiao\/capitulo-44-a-triplice-revelacao-de-miroku\/\" class=\"more-button\" >Continue lendo <i><\/i><\/a>\n\t\t\t\t\t<\/div>\n\t\t<\/div><div class=\"widget widget_circleicon-widget\">\t\t<div class=\"circle-icon-box circle-icon-position-top circle-icon-hide-box circle-icon-size-small\">\n\t\t\t<div class=\"circle-icon-wrapper\">\n\t\t\t\t<a href=\"https:\/\/www.jinsai.org\/pt-BR\/ensinamentos\/criacao-da-civilizacao\/volume-3-religiao\/capitulo-43-o-deus-kanzeon-bossatsu\/\" class=\"link-icon\" >\t\t\t\t<div class=\"circle-icon icon-style-set\" style=\"background-image: url(https:\/\/www.jinsai.org\/pt-BR\/wp-content\/uploads\/2018\/12\/Logo-Cria\u00e7\u00e3o-Small-e1545916460164.jpg)\">\n\t\t\t\t\t\t\t\t\t<\/div>\n\t\t\t\t<\/a>\t\t\t<\/div>\n\n\t\t\t<a href=\"https:\/\/www.jinsai.org\/pt-BR\/ensinamentos\/criacao-da-civilizacao\/volume-3-religiao\/capitulo-43-o-deus-kanzeon-bossatsu\/\" class=\"link-title\" >\t\t\t<h5 >Volume 3 &#8211; Religi\u00e3o<\/h5>\t\t\t<h4 >CAP\u00cdTULO 43 &#8211; O DEUS KANZEON BOSSATSU<\/h4>\t\t\t<\/a>\n\t\t\t<p class=\"text\" >Referi-me anteriormente \u00e0 afinidade de Kanzeon sob v\u00e1rios aspectos. Como j\u00e1 afirmei, a raz\u00e3o pela qual Ele se tornou Kanzeon Bossatsu foi, sem d\u00favida, a viol\u00eancia e a press\u00e3o do deus Sussanoo-no-Mikoto. Mas como ficou o trono do imperador depois da partida do deus Izunome-no-Ookami? O imperador Amaterassu, irm\u00e3o mais novo de Izunome Ookami, infelizmente, [&hellip;]<\/p>\t\t\t\t\t\t\t<a href=\"https:\/\/www.jinsai.org\/pt-BR\/ensinamentos\/criacao-da-civilizacao\/volume-3-religiao\/capitulo-43-o-deus-kanzeon-bossatsu\/\" class=\"more-button\" >Continue lendo <i><\/i><\/a>\n\t\t\t\t\t<\/div>\n\t\t<\/div><div class=\"widget widget_circleicon-widget\">\t\t<div class=\"circle-icon-box circle-icon-position-top circle-icon-hide-box circle-icon-size-small\">\n\t\t\t<div class=\"circle-icon-wrapper\">\n\t\t\t\t<a href=\"https:\/\/www.jinsai.org\/pt-BR\/ensinamentos\/criacao-da-civilizacao\/volume-3-religiao\/capitulo-42-o-deus-izunome-no-ookami\/\" class=\"link-icon\" >\t\t\t\t<div class=\"circle-icon icon-style-set\" style=\"background-image: url(https:\/\/www.jinsai.org\/pt-BR\/wp-content\/uploads\/2018\/12\/Logo-Cria\u00e7\u00e3o-Small-e1545916460164.jpg)\">\n\t\t\t\t\t\t\t\t\t<\/div>\n\t\t\t\t<\/a>\t\t\t<\/div>\n\n\t\t\t<a href=\"https:\/\/www.jinsai.org\/pt-BR\/ensinamentos\/criacao-da-civilizacao\/volume-3-religiao\/capitulo-42-o-deus-izunome-no-ookami\/\" class=\"link-title\" >\t\t\t<h5 >Volume 3 &#8211; Religi\u00e3o<\/h5>\t\t\t<h4 >CAP\u00cdTULO 42 &#8211; O DEUS IZUNOME-NO-OOKAMI<\/h4>\t\t\t<\/a>\n\t\t\t<p class=\"text\" >No cap\u00edtulo anterior expliquei que Daijizai-ten (Mah\u00e9svara) era o Deus Supremo na \u00e9poca em que o bramanismo era a religi\u00e3o predominante. Nessa \u00e9poca, como j\u00e1 expliquei anteriormente, os deuses origin\u00e1rios do Jap\u00e3o dirigiram-se para a \u00cdndia e tornaram-se emana\u00e7\u00f5es b\u00fadicas. A principal dessas emana\u00e7\u00f5es b\u00fadicas \u00e9 o Deus Izunome-no-Ookami, que na \u00e9poca ocupava o grau [&hellip;]<\/p>\t\t\t\t\t\t\t<a href=\"https:\/\/www.jinsai.org\/pt-BR\/ensinamentos\/criacao-da-civilizacao\/volume-3-religiao\/capitulo-42-o-deus-izunome-no-ookami\/\" class=\"more-button\" >Continue lendo <i><\/i><\/a>\n\t\t\t\t\t<\/div>\n\t\t<\/div><div class=\"clear\"><\/div><div class=\"widget widget_circleicon-widget\">\t\t<div class=\"circle-icon-box circle-icon-position-top circle-icon-hide-box circle-icon-size-small\">\n\t\t\t<div class=\"circle-icon-wrapper\">\n\t\t\t\t<a href=\"https:\/\/www.jinsai.org\/pt-BR\/ensinamentos\/criacao-da-civilizacao\/volume-3-religiao\/capitulo-41-as-origens-do-budismo\/\" class=\"link-icon\" >\t\t\t\t<div class=\"circle-icon icon-style-set\" style=\"background-image: url(https:\/\/www.jinsai.org\/pt-BR\/wp-content\/uploads\/2018\/12\/Logo-Cria\u00e7\u00e3o-Small-e1545916460164.jpg)\">\n\t\t\t\t\t\t\t\t\t<\/div>\n\t\t\t\t<\/a>\t\t\t<\/div>\n\n\t\t\t<a href=\"https:\/\/www.jinsai.org\/pt-BR\/ensinamentos\/criacao-da-civilizacao\/volume-3-religiao\/capitulo-41-as-origens-do-budismo\/\" class=\"link-title\" >\t\t\t<h5 >Volume 3 &#8211; Religi\u00e3o<\/h5>\t\t\t<h4 >CAP\u00cdTULO 41 &#8211; AS ORIGENS DO BUDISMO<\/h4>\t\t\t<\/a>\n\t\t\t<p class=\"text\" >Por muitas vezes, eu j\u00e1 tenho explicado que a deidade Kanzeon Bossatsu n\u00e3o \u00e9 outra sen\u00e3o o deus Izunome-no-Ookami. A respeito desse problema, \u00e9 necess\u00e1ria a compreens\u00e3o da natureza fundamental do Corpo B\u00fadico. Falamos comumente em Buda, mas, na verdade, essa palavra designa duas realidades diferentes: o Corpo B\u00fadico original e as emana\u00e7\u00f5es do mesmo [&hellip;]<\/p>\t\t\t\t\t\t\t<a href=\"https:\/\/www.jinsai.org\/pt-BR\/ensinamentos\/criacao-da-civilizacao\/volume-3-religiao\/capitulo-41-as-origens-do-budismo\/\" class=\"more-button\" >Continue lendo <i><\/i><\/a>\n\t\t\t\t\t<\/div>\n\t\t<\/div><div class=\"widget widget_circleicon-widget\">\t\t<div class=\"circle-icon-box circle-icon-position-top circle-icon-hide-box circle-icon-size-small\">\n\t\t\t<div class=\"circle-icon-wrapper\">\n\t\t\t\t<a href=\"https:\/\/www.jinsai.org\/pt-BR\/ensinamentos\/criacao-da-civilizacao\/volume-3-religiao\/capitulo-40-a-extincao-do-budismo-e-o-mundo-de-miroku\/\" class=\"link-icon\" >\t\t\t\t<div class=\"circle-icon icon-style-set\" style=\"background-image: url(https:\/\/www.jinsai.org\/pt-BR\/wp-content\/uploads\/2018\/12\/Logo-Cria\u00e7\u00e3o-Small-e1545916460164.jpg)\">\n\t\t\t\t\t\t\t\t\t<\/div>\n\t\t\t\t<\/a>\t\t\t<\/div>\n\n\t\t\t<a href=\"https:\/\/www.jinsai.org\/pt-BR\/ensinamentos\/criacao-da-civilizacao\/volume-3-religiao\/capitulo-40-a-extincao-do-budismo-e-o-mundo-de-miroku\/\" class=\"link-title\" >\t\t\t<h5 >Volume 3 &#8211; Religi\u00e3o<\/h5>\t\t\t<h4 >CAP\u00cdTULO 40 &#8211; A EXTIN\u00c7\u00c3O DO BUDISMO E O MUNDO DE MIROKU<\/h4>\t\t\t<\/a>\n\t\t\t<p class=\"text\" >Mais tarde, Sakyamuni fez uma profecia maravilhosa: \u201cDaqui a 5.670.000.000 (cinco bilh\u00f5es e seiscentos e setenta milh\u00f5es) de anos, o Mundo do Budismo se extinguir\u00e1 e nascer\u00e1 Miroku Bossatsu, que construir\u00e1 o Mundo de Miroku\u201d. O Mundo de Miroku \u00e9 aquele onde a pessoa pode se transportar para milhas de dist\u00e2ncia sem l\u00e1 estar; ouvir [&hellip;]<\/p>\t\t\t\t\t\t\t<a href=\"https:\/\/www.jinsai.org\/pt-BR\/ensinamentos\/criacao-da-civilizacao\/volume-3-religiao\/capitulo-40-a-extincao-do-budismo-e-o-mundo-de-miroku\/\" class=\"more-button\" >Continue lendo <i><\/i><\/a>\n\t\t\t\t\t<\/div>\n\t\t<\/div><div class=\"widget widget_circleicon-widget\">\t\t<div class=\"circle-icon-box circle-icon-position-top circle-icon-hide-box circle-icon-size-small\">\n\t\t\t<div class=\"circle-icon-wrapper\">\n\t\t\t\t<a href=\"https:\/\/www.jinsai.org\/pt-BR\/ensinamentos\/criacao-da-civilizacao\/volume-3-religiao\/capitulo-39-a-transicao-da-noite-para-o-dia-no-mundo-espiritual\/\" class=\"link-icon\" >\t\t\t\t<div class=\"circle-icon icon-style-set\" style=\"background-image: url(https:\/\/www.jinsai.org\/pt-BR\/wp-content\/uploads\/2018\/12\/Logo-Cria\u00e7\u00e3o-Small-e1545916460164.jpg)\">\n\t\t\t\t\t\t\t\t\t<\/div>\n\t\t\t\t<\/a>\t\t\t<\/div>\n\n\t\t\t<a href=\"https:\/\/www.jinsai.org\/pt-BR\/ensinamentos\/criacao-da-civilizacao\/volume-3-religiao\/capitulo-39-a-transicao-da-noite-para-o-dia-no-mundo-espiritual\/\" class=\"link-title\" >\t\t\t<h5 >Volume 3 &#8211; Religi\u00e3o<\/h5>\t\t\t<h4 >CAP\u00cdTULO 39 &#8211; A TRANSI\u00c7\u00c3O DA NOITE PARA O DIA NO MUNDO ESPIRITUAL<\/h4>\t\t\t<\/a>\n\t\t\t<p class=\"text\" >Um fato important\u00edssimo \u00e9 a grande Transi\u00e7\u00e3o da Noite para o Dia, que ocorre no Mundo Espiritual. Ou seja, a troca da Noite pelo Dia. Todos poder\u00e3o retrucar que isso \u00e9 muito estranho, argumentando que a noite e o dia existem no per\u00edodo de vinte e quatro horas. De fato, n\u00e3o h\u00e1 a menor d\u00favida [&hellip;]<\/p>\t\t\t\t\t\t\t<a href=\"https:\/\/www.jinsai.org\/pt-BR\/ensinamentos\/criacao-da-civilizacao\/volume-3-religiao\/capitulo-39-a-transicao-da-noite-para-o-dia-no-mundo-espiritual\/\" class=\"more-button\" >Continue lendo <i><\/i><\/a>\n\t\t\t\t\t<\/div>\n\t\t<\/div><div class=\"clear\"><\/div><div class=\"widget widget_circleicon-widget\">\t\t<div class=\"circle-icon-box circle-icon-position-top circle-icon-hide-box circle-icon-size-small\">\n\t\t\t<div class=\"circle-icon-wrapper\">\n\t\t\t\t<a href=\"https:\/\/www.jinsai.org\/pt-BR\/ensinamentos\/criacao-da-civilizacao\/volume-3-religiao\/capitulo-38-medicina-material-e-medicina-religiosa\/\" class=\"link-icon\" >\t\t\t\t<div class=\"circle-icon icon-style-set\" style=\"background-image: url(https:\/\/www.jinsai.org\/pt-BR\/wp-content\/uploads\/2018\/12\/Logo-Cria\u00e7\u00e3o-Small-e1545916460164.jpg)\">\n\t\t\t\t\t\t\t\t\t<\/div>\n\t\t\t\t<\/a>\t\t\t<\/div>\n\n\t\t\t<a href=\"https:\/\/www.jinsai.org\/pt-BR\/ensinamentos\/criacao-da-civilizacao\/volume-3-religiao\/capitulo-38-medicina-material-e-medicina-religiosa\/\" class=\"link-title\" >\t\t\t<h5 >Volume 3 &#8211; Religi\u00e3o<\/h5>\t\t\t<h4 >CAP\u00cdTULO 38 &#8211; MEDICINA MATERIAL E MEDICINA RELIGIOSA<\/h4>\t\t\t<\/a>\n\t\t\t<p class=\"text\" >At\u00e9 agora, vim escrevendo sobre os erros da Medicina contempor\u00e2nea, ou seja, da Medicina Material, e os princ\u00edpios patentes da Medicina Religiosa. Aqueles que os lerem, se n\u00e3o estiverem presos \u00e0 Medicina tradicional, certamente haver\u00e3o de compreend\u00ea-los.&nbsp; O objetivo verdadeiro da medicina \u00e9 curar por completo a doen\u00e7a do ser humano, e formar f\u00edsicos verdadeiramente [&hellip;]<\/p>\t\t\t\t\t\t\t<a href=\"https:\/\/www.jinsai.org\/pt-BR\/ensinamentos\/criacao-da-civilizacao\/volume-3-religiao\/capitulo-38-medicina-material-e-medicina-religiosa\/\" class=\"more-button\" >Continue lendo <i><\/i><\/a>\n\t\t\t\t\t<\/div>\n\t\t<\/div><div class=\"widget widget_circleicon-widget\">\t\t<div class=\"circle-icon-box circle-icon-position-top circle-icon-hide-box circle-icon-size-small\">\n\t\t\t<div class=\"circle-icon-wrapper\">\n\t\t\t\t<a href=\"https:\/\/www.jinsai.org\/pt-BR\/ensinamentos\/criacao-da-civilizacao\/volume-3-religiao\/capitulo-37-os-tres-espiritos-do-homem\/\" class=\"link-icon\" >\t\t\t\t<div class=\"circle-icon icon-style-set\" style=\"background-image: url(https:\/\/www.jinsai.org\/pt-BR\/wp-content\/uploads\/2018\/12\/Logo-Cria\u00e7\u00e3o-Small-e1545916460164.jpg)\">\n\t\t\t\t\t\t\t\t\t<\/div>\n\t\t\t\t<\/a>\t\t\t<\/div>\n\n\t\t\t<a href=\"https:\/\/www.jinsai.org\/pt-BR\/ensinamentos\/criacao-da-civilizacao\/volume-3-religiao\/capitulo-37-os-tres-espiritos-do-homem\/\" class=\"link-title\" >\t\t\t<h5 >Volume 3 &#8211; Religi\u00e3o<\/h5>\t\t\t<h4 >CAP\u00cdTULO 37 &#8211; OS TR\u00caS ESP\u00cdRITOS DO HOMEM<\/h4>\t\t\t<\/a>\n\t\t\t<p class=\"text\" >Todo homem tem, no Mundo Espiritual, um Esp\u00edrito Guardi\u00e3o que constantemente o protege. \u00c9 comum ouvirmos dizer que o homem \u00e9 filho ou templo de Deus: isso significa que ele possui a part\u00edcula Divina que lhe foi outorgada pelo Criador e que constitui seu Esp\u00edrito Primordial. O esp\u00edrito animal agregado ap\u00f3s o nascimento \u00e9 o [&hellip;]<\/p>\t\t\t\t\t\t\t<a href=\"https:\/\/www.jinsai.org\/pt-BR\/ensinamentos\/criacao-da-civilizacao\/volume-3-religiao\/capitulo-37-os-tres-espiritos-do-homem\/\" class=\"more-button\" >Continue lendo <i><\/i><\/a>\n\t\t\t\t\t<\/div>\n\t\t<\/div><div class=\"widget widget_circleicon-widget\">\t\t<div class=\"circle-icon-box circle-icon-position-top circle-icon-hide-box circle-icon-size-small\">\n\t\t\t<div class=\"circle-icon-wrapper\">\n\t\t\t\t<a href=\"https:\/\/www.jinsai.org\/pt-BR\/ensinamentos\/criacao-da-civilizacao\/volume-3-religiao\/capitulo-36-doencas-espirituais\/\" class=\"link-icon\" >\t\t\t\t<div class=\"circle-icon icon-style-set\" style=\"background-image: url(https:\/\/www.jinsai.org\/pt-BR\/wp-content\/uploads\/2018\/12\/Logo-Cria\u00e7\u00e3o-Small-e1545916460164.jpg)\">\n\t\t\t\t\t\t\t\t\t<\/div>\n\t\t\t\t<\/a>\t\t\t<\/div>\n\n\t\t\t<a href=\"https:\/\/www.jinsai.org\/pt-BR\/ensinamentos\/criacao-da-civilizacao\/volume-3-religiao\/capitulo-36-doencas-espirituais\/\" class=\"link-title\" >\t\t\t<h5 >Volume 3 &#8211; Religi\u00e3o<\/h5>\t\t\t<h4 >CAP\u00cdTULO 36 &#8211; DOEN\u00c7AS ESPIRITUAIS<\/h4>\t\t\t<\/a>\n\t\t\t<p class=\"text\" >Agora, escreverei sobre as doen\u00e7as espirituais. Elas s\u00e3o, em suma, doen\u00e7as causadas por encosto. Os encostos possuem os mais diversos sintomas. Por isso, escreverei um a um, pela ordem. 1) C\u00e2ncer Entre os tipos de c\u00e2ncer, o mais frequente e problem\u00e1tico \u00e9, sem d\u00favida, o c\u00e2ncer do est\u00f4mago. Como j\u00e1 expliquei detalhadamente sobre o c\u00e2ncer [&hellip;]<\/p>\t\t\t\t\t\t\t<a href=\"https:\/\/www.jinsai.org\/pt-BR\/ensinamentos\/criacao-da-civilizacao\/volume-3-religiao\/capitulo-36-doencas-espirituais\/\" class=\"more-button\" >Continue lendo <i><\/i><\/a>\n\t\t\t\t\t<\/div>\n\t\t<\/div><div class=\"clear\"><\/div><div class=\"widget widget_circleicon-widget\">\t\t<div class=\"circle-icon-box circle-icon-position-top circle-icon-hide-box circle-icon-size-small\">\n\t\t\t<div class=\"circle-icon-wrapper\">\n\t\t\t\t<a href=\"https:\/\/www.jinsai.org\/pt-BR\/ensinamentos\/criacao-da-civilizacao\/volume-3-religiao\/capitulo-35-juizo-final\/\" class=\"link-icon\" >\t\t\t\t<div class=\"circle-icon icon-style-set\" style=\"background-image: url(https:\/\/www.jinsai.org\/pt-BR\/wp-content\/uploads\/2018\/12\/Logo-Cria\u00e7\u00e3o-Small-e1545916460164.jpg)\">\n\t\t\t\t\t\t\t\t\t<\/div>\n\t\t\t\t<\/a>\t\t\t<\/div>\n\n\t\t\t<a href=\"https:\/\/www.jinsai.org\/pt-BR\/ensinamentos\/criacao-da-civilizacao\/volume-3-religiao\/capitulo-35-juizo-final\/\" class=\"link-title\" >\t\t\t<h5 >Volume 3 &#8211; Religi\u00e3o<\/h5>\t\t\t<h4 >CAP\u00cdTULO 35 &#8211; JU\u00cdZO FINAL<\/h4>\t\t\t<\/a>\n\t\t\t<p class=\"text\" >Vim, at\u00e9 agora, escrevendo da forma mais minuciosa poss\u00edvel sobre os erros da medicina contempor\u00e2nea e sobre como deve ser a verdadeira medicina. Por isso, creio que puderam entender, de um modo geral. Entretanto, isso n\u00e3o corresponde \u00e0 totalidade, pois o que vim explicando at\u00e9 agora correspondia, principalmente, \u00e0 parte f\u00edsica, ou seja, material. Portanto, [&hellip;]<\/p>\t\t\t\t\t\t\t<a href=\"https:\/\/www.jinsai.org\/pt-BR\/ensinamentos\/criacao-da-civilizacao\/volume-3-religiao\/capitulo-35-juizo-final\/\" class=\"more-button\" >Continue lendo <i><\/i><\/a>\n\t\t\t\t\t<\/div>\n\t\t<\/div>\t<\/div>\n\t<\/div><div id=\"panel-3772-0-0-1\" class=\"widget_text so-panel widget_custom_html panel-last-child\" data-index=\"1\" ><div class=\"textwidget custom-html-widget\"><iframe src=\"http:\/\/www.facebook.com\/plugins\/like.php?href= http:\/\/www.jinsai.org\/pt-BR\/ensinamentos\/criacao-da-civilizacao\/volume-3-religiao  &%0Alayout=standard&show_faces=false&width=380&action=like&colorscheme=light&height=25\" style=\"border: medium none ; ovew: hidden; width: 350px; height: 25px;\" allowtransparencyrflo =\"true\" frameborder=\"0\" scrolling=\"no\"><\/iframe>\n\n<div id=\"fb-root\"><\/div><script src=\"http:\/\/connect.facebook.net\/pt_BR\/all.js#appId=APP_ID&amp;xfbml=1\"><\/script><fb:comments href=\"http:\/\/www.jinsai.org\/pt-BR\/ensinamentos\/criacao-da-civilizacao\/volume-3-religiao  \" num_posts=\"100\" width=\"500\"><\/fb:comments><meta property='fb:app_id' content='171964893011161'\/> \n\n<div id=\"fb-root\"><\/div>\n<script>(function(d, s, id) {\n  var js, fjs = d.getElementsByTagName(s)[0];\n  if (d.getElementById(id)) return;\n  js = d.createElement(s); js.id = id;\n  js.src = 'https:\/\/connect.facebook.net\/pt_BR\/sdk.js#xfbml=1&version=v3.0&appId=171964893011161&autoLogAppEvents=1';\n  fjs.parentNode.insertBefore(js, fjs);\n}(document, 'script', 'facebook-jssdk'));<\/script>\n<div class=\"fb-share-button\" data-href=\"http:\/\/www.jinsai.org\/pt-BR\/ensinamentos\/criacao-da-civilizacao\/volume-3-religiao  \" data-layout=\"button_count\" data-size=\"large\" data-mobile-iframe=\"true\"><a target=\"_blank\" href=\"https:\/\/www.facebook.com\/sharer\/sharer.php?u=http%3A%2F% http:\/\/www.jinsai.org\/pt-BR\/ensinamentos\/criacao-da-civilizacao\/volume-3-religiao  %2F&amp;src=sdkpreparse\" class=\"fb-xfbml-parse-ignore\">Compartilhar<\/a><\/div>\n<\/div><\/div><\/div><\/div><\/div>","protected":false},"excerpt":{"rendered":"","protected":false},"author":1,"featured_media":0,"parent":3624,"menu_order":0,"comment_status":"closed","ping_status":"closed","template":"templates\/template-full.php","meta":{"footnotes":""},"class_list":["post-3772","page","type-page","status-publish","hentry","post","post-with-thumbnail","post-with-thumbnail-icon"],"_links":{"self":[{"href":"https:\/\/www.jinsai.org\/pt-BR\/wp-json\/wp\/v2\/pages\/3772","targetHints":{"allow":["GET"]}}],"collection":[{"href":"https:\/\/www.jinsai.org\/pt-BR\/wp-json\/wp\/v2\/pages"}],"about":[{"href":"https:\/\/www.jinsai.org\/pt-BR\/wp-json\/wp\/v2\/types\/page"}],"author":[{"embeddable":true,"href":"https:\/\/www.jinsai.org\/pt-BR\/wp-json\/wp\/v2\/users\/1"}],"replies":[{"embeddable":true,"href":"https:\/\/www.jinsai.org\/pt-BR\/wp-json\/wp\/v2\/comments?post=3772"}],"version-history":[{"count":4,"href":"https:\/\/www.jinsai.org\/pt-BR\/wp-json\/wp\/v2\/pages\/3772\/revisions"}],"predecessor-version":[{"id":7669,"href":"https:\/\/www.jinsai.org\/pt-BR\/wp-json\/wp\/v2\/pages\/3772\/revisions\/7669"}],"up":[{"embeddable":true,"href":"https:\/\/www.jinsai.org\/pt-BR\/wp-json\/wp\/v2\/pages\/3624"}],"wp:attachment":[{"href":"https:\/\/www.jinsai.org\/pt-BR\/wp-json\/wp\/v2\/media?parent=3772"}],"curies":[{"name":"wp","href":"https:\/\/api.w.org\/{rel}","templated":true}]}}