{"id":4287,"date":"2019-05-27T17:52:54","date_gmt":"2019-05-27T20:52:54","guid":{"rendered":"http:\/\/www.jinsai.org\/pt-BR\/?page_id=4287"},"modified":"2022-04-05T09:30:41","modified_gmt":"2022-04-05T12:30:41","slug":"coletanea-de-explicacoes-divinas-2-hierarquia-divina","status":"publish","type":"page","link":"https:\/\/www.jinsai.org\/pt-BR\/ensinamentos\/coletaneas\/coletanea-de-explicacoes-divinas-2-hierarquia-divina\/","title":{"rendered":"Colet\u00e2nea de Explica\u00e7\u00f5es Divinas 2 &#8211; Divindade (13 &#8211; 23)"},"content":{"rendered":"<div id=\"pl-4287\"  class=\"panel-layout\" ><div id=\"pg-4287-0\"  class=\"panel-grid panel-no-style\" ><div id=\"pgc-4287-0-0\"  class=\"panel-grid-cell\" ><div id=\"panel-4287-0-0-0\" class=\"so-panel widget_siteorigin-panels-postloop panel-first-child\" data-index=\"0\" >\n\t<div id=\"vantage-circleicon-loop\" class=\"vantage-circleicon-loop circleicon-loop-columns-3\">\n\n\t\t<div class=\"widget widget_circleicon-widget\">\t\t<div class=\"circle-icon-box circle-icon-position-top circle-icon-hide-box circle-icon-size-small\">\n\t\t\t<div class=\"circle-icon-wrapper\">\n\t\t\t\t<a href=\"https:\/\/www.jinsai.org\/pt-BR\/ensinamentos\/coletaneas\/coletanea-de-explicacoes-divinas-2-hierarquia-divina\/016-o-nivel-da-divindade-e-a-coloracao-da-sua-vestimenta-sonho-com-antepassados\/\" class=\"link-icon\" >\t\t\t\t<div class=\"circle-icon icon-style-set\" style=\"background-image: url(https:\/\/www.jinsai.org\/pt-BR\/wp-content\/uploads\/2020\/11\/Webp.net-resizeimage-2-12-150x79.jpg)\">\n\t\t\t\t\t\t\t\t\t<\/div>\n\t\t\t\t<\/a>\t\t\t<\/div>\n\n\t\t\t<a href=\"https:\/\/www.jinsai.org\/pt-BR\/ensinamentos\/coletaneas\/coletanea-de-explicacoes-divinas-2-hierarquia-divina\/016-o-nivel-da-divindade-e-a-coloracao-da-sua-vestimenta-sonho-com-antepassados\/\" class=\"link-title\" >\t\t\t<h5 >Colet\u00e2nea de Explica\u00e7\u00f5es Divinas 2 &#8211; Hierarquia Divina<\/h5>\t\t\t<h4 >016 \u2013 O N\u00cdVEL DA DIVINDADE E A COLORA\u00c7\u00c3O DA SUA VESTIMENTA (SONHO COM ANTEPASSADOS)<\/h4>\t\t\t<\/a>\n\t\t\t<p class=\"text\" >Pergunta: Meu pai se tornou membro, mas n\u00e3o \u00e9 fervoroso. Certo dia, postei-me perante o butsudan[1], voltei-me para os antepassados e pedi de todo cora\u00e7\u00e3o que me mostrassem se eu estivesse fazendo algo de errado. Essa noite, n\u00e3o consegui dormir direito e, na manh\u00e3 seguinte, enquanto acendia o fogo para cozinhar arroz, acabei pegando no [&hellip;]<\/p>\t\t\t\t\t\t\t<a href=\"https:\/\/www.jinsai.org\/pt-BR\/ensinamentos\/coletaneas\/coletanea-de-explicacoes-divinas-2-hierarquia-divina\/016-o-nivel-da-divindade-e-a-coloracao-da-sua-vestimenta-sonho-com-antepassados\/\" class=\"more-button\" >Continue lendo <i><\/i><\/a>\n\t\t\t\t\t<\/div>\n\t\t<\/div><div class=\"widget widget_circleicon-widget\">\t\t<div class=\"circle-icon-box circle-icon-position-top circle-icon-hide-box circle-icon-size-small\">\n\t\t\t<div class=\"circle-icon-wrapper\">\n\t\t\t\t<a href=\"https:\/\/www.jinsai.org\/pt-BR\/ensinamentos\/coletaneas\/coletanea-de-explicacoes-divinas-2-hierarquia-divina\/015-a-atuacao-o-nome-e-o-sonen-da-divindade-ubusunagami-do-inari-a-sublimidade-da-nossa-igreja\/\" class=\"link-icon\" >\t\t\t\t<div class=\"circle-icon icon-style-set\" style=\"background-image: url(https:\/\/www.jinsai.org\/pt-BR\/wp-content\/uploads\/2021\/07\/x1080-150x84.jpg)\">\n\t\t\t\t\t\t\t\t\t<\/div>\n\t\t\t\t<\/a>\t\t\t<\/div>\n\n\t\t\t<a href=\"https:\/\/www.jinsai.org\/pt-BR\/ensinamentos\/coletaneas\/coletanea-de-explicacoes-divinas-2-hierarquia-divina\/015-a-atuacao-o-nome-e-o-sonen-da-divindade-ubusunagami-do-inari-a-sublimidade-da-nossa-igreja\/\" class=\"link-title\" >\t\t\t<h5 >Colet\u00e2nea de Explica\u00e7\u00f5es Divinas 2 &#8211; Hierarquia Divina<\/h5>\t\t\t<h4 >015 \u2013 A ATUA\u00c7\u00c3O, O NOME E O SONEN DA DIVINDADE (UBUSUNAGAMI DO INARI); A SUBLIMIDADE DA NOSSA IGREJA<\/h4>\t\t\t<\/a>\n\t\t\t<p class=\"text\" >Pergunta: Tratando-se de um ujigami[1], como, por exemplo, um Inari-Myojin[2] ou um Tenjin[3], devemos prestar-lhes cultos? Tamb\u00e9m s\u00e3o eles capazes de proporcionar gra\u00e7as como sendo um Ubusunagami[4]? Meishu-Sama: Tanto o Inari como o Tenjin, desde que tenham se tornado Ubusunagami, assumem esse status e atua\u00e7\u00e3o. Por esse motivo, podemos pensar como sendo semelhantes. Melhor n\u00e3o [&hellip;]<\/p>\t\t\t\t\t\t\t<a href=\"https:\/\/www.jinsai.org\/pt-BR\/ensinamentos\/coletaneas\/coletanea-de-explicacoes-divinas-2-hierarquia-divina\/015-a-atuacao-o-nome-e-o-sonen-da-divindade-ubusunagami-do-inari-a-sublimidade-da-nossa-igreja\/\" class=\"more-button\" >Continue lendo <i><\/i><\/a>\n\t\t\t\t\t<\/div>\n\t\t<\/div><div class=\"widget widget_circleicon-widget\">\t\t<div class=\"circle-icon-box circle-icon-position-top circle-icon-hide-box circle-icon-size-small\">\n\t\t\t<div class=\"circle-icon-wrapper\">\n\t\t\t\t<a href=\"https:\/\/www.jinsai.org\/pt-BR\/ensinamentos\/coletaneas\/coletanea-de-explicacoes-divinas-2-hierarquia-divina\/014-a-atuacao-dos-nomes-das-divindades-dai-komyo-nyorai-e-kakuriyo-ookami\/\" class=\"link-icon\" >\t\t\t\t<div class=\"circle-icon icon-style-set\" style=\"background-image: url(https:\/\/www.jinsai.org\/pt-BR\/wp-content\/uploads\/2019\/05\/divindade10-150x150.jpg)\">\n\t\t\t\t\t\t\t\t\t<\/div>\n\t\t\t\t<\/a>\t\t\t<\/div>\n\n\t\t\t<a href=\"https:\/\/www.jinsai.org\/pt-BR\/ensinamentos\/coletaneas\/coletanea-de-explicacoes-divinas-2-hierarquia-divina\/014-a-atuacao-dos-nomes-das-divindades-dai-komyo-nyorai-e-kakuriyo-ookami\/\" class=\"link-title\" >\t\t\t<h5 >Colet\u00e2nea de Explica\u00e7\u00f5es Divinas 2 &#8211; Hierarquia Divina<\/h5>\t\t\t<h4 >014 \u2013 A ATUA\u00c7\u00c3O DOS NOMES DAS DIVINDADES; DAI KOMYO-NYORAI  E KAKURIYO-OOKAMI<\/h4>\t\t\t<\/a>\n\t\t\t<p class=\"text\" >Pergunta: Explique-nos, por favor, a diferen\u00e7a de atua\u00e7\u00e3o ao entoar o nome Dai Komyo-Nyorai ou Kakuriyo-no-Oomikami.<\/p>\t\t\t\t\t\t\t<a href=\"https:\/\/www.jinsai.org\/pt-BR\/ensinamentos\/coletaneas\/coletanea-de-explicacoes-divinas-2-hierarquia-divina\/014-a-atuacao-dos-nomes-das-divindades-dai-komyo-nyorai-e-kakuriyo-ookami\/\" class=\"more-button\" >Continue lendo <i><\/i><\/a>\n\t\t\t\t\t<\/div>\n\t\t<\/div><div class=\"clear\"><\/div><div class=\"widget widget_circleicon-widget\">\t\t<div class=\"circle-icon-box circle-icon-position-top circle-icon-hide-box circle-icon-size-small\">\n\t\t\t<div class=\"circle-icon-wrapper\">\n\t\t\t\t<a href=\"https:\/\/www.jinsai.org\/pt-BR\/ensinamentos\/coletaneas\/coletanea-de-explicacoes-divinas-2-hierarquia-divina\/013-sobre-o-pronome-de-tratamento-mi-ao-entoar-uma-oracao-a-deus\/\" class=\"link-icon\" >\t\t\t\t<div class=\"circle-icon icon-style-set\" style=\"background-image: url(https:\/\/www.jinsai.org\/pt-BR\/wp-content\/uploads\/2018\/06\/amaterasu_cave-150x150.jpg)\">\n\t\t\t\t\t\t\t\t\t<\/div>\n\t\t\t\t<\/a>\t\t\t<\/div>\n\n\t\t\t<a href=\"https:\/\/www.jinsai.org\/pt-BR\/ensinamentos\/coletaneas\/coletanea-de-explicacoes-divinas-2-hierarquia-divina\/013-sobre-o-pronome-de-tratamento-mi-ao-entoar-uma-oracao-a-deus\/\" class=\"link-title\" >\t\t\t<h5 >Colet\u00e2nea de Explica\u00e7\u00f5es Divinas 2 &#8211; Hierarquia Divina<\/h5>\t\t\t<h4 >013 \u2013 SOBRE O PRONOME DE TRATAMENTO \u201cMI\u201d AO ENTOAR UMA ORA\u00c7\u00c3O A DEUS<\/h4>\t\t\t<\/a>\n\t\t\t<p class=\"text\" >Pergunta: Para ultrapassar uma purifica\u00e7\u00e3o de forma branda, o correto seria entoar Miroku-Oomikami ou Kakuriyo-Oomikami no final da ora\u00e7\u00e3o quando entoada perante uma imagem? Al\u00e9m disso, \u00e9 melhor entoar Kakuriyo-Ookami ou Kakuriyo-Oomikami?\u00a0 \u00a0Pe\u00e7o que nos oriente a esse respeito. Meishu-Sama: O correto \u00e9 Miroku-Oomikami. Todavia, se houver o receio de que o enfermo esteja com [&hellip;]<\/p>\t\t\t\t\t\t\t<a href=\"https:\/\/www.jinsai.org\/pt-BR\/ensinamentos\/coletaneas\/coletanea-de-explicacoes-divinas-2-hierarquia-divina\/013-sobre-o-pronome-de-tratamento-mi-ao-entoar-uma-oracao-a-deus\/\" class=\"more-button\" >Continue lendo <i><\/i><\/a>\n\t\t\t\t\t<\/div>\n\t\t<\/div>\t<\/div>\n\t<\/div><div id=\"panel-4287-0-0-1\" class=\"widget_text so-panel widget_custom_html panel-last-child\" data-index=\"1\" ><div class=\"textwidget custom-html-widget\"><iframe src=\"http:\/\/www.facebook.com\/plugins\/like.php?href= http:\/\/www.jinsai.org\/pt-BR\/ensinamentos\/coletaneas\/coletanea-de-explicacoes-divinas-2-hierarquia-divina &%0Alayout=standard&show_faces=false&width=380&action=like&colorscheme=light&height=25\" style=\"border: medium none ; overflow: hidden; width: 350px; height: 25px;\" allowtransparency=\"true\" frameborder=\"0\" scrolling=\"no\"><\/iframe>\n\n<div id=\"fb-root\"><\/div><script src=\"http:\/\/connect.facebook.net\/pt_BR\/all.js#appId=APP_ID&amp;xfbml=1\"><\/script><fb:comments href=\"http:\/\/www.jinsai.org\/pt-BR\/ensinamentos\/coletaneas\/coletanea-de-explicacoes-divinas-2-hierarquia-divina\" num_posts=\"100\" width=\"500\"><\/fb:comments><meta property='fb:app_id' content='171964893011161'\/> \n\n<div id=\"fb-root\"><\/div>\n<script>(function(d, s, id) {\n  var js, fjs = d.getElementsByTagName(s)[0];\n  if (d.getElementById(id)) return;\n  js = d.createElement(s); js.id = id;\n  js.src = 'https:\/\/connect.facebook.net\/pt_BR\/sdk.js#xfbml=1&version=v3.0&appId=171964893011161&autoLogAppEvents=1';\n  fjs.parentNode.insertBefore(js, fjs);\n}(document, 'script', 'facebook-jssdk'));<\/script>\n<div class=\"fb-share-button\" data-href=\"http:\/\/www.jinsai.org\/pt-BR\/ensinamentos\/coletaneas\/coletanea-de-explicacoes-divinas-2-hierarquia-divina\" data-layout=\"button_count\" data-size=\"large\" data-mobile-iframe=\"true\"><a target=\"_blank\" href=\"https:\/\/www.facebook.com\/sharer\/sharer.php?u=http%3A%2F% http:\/\/www.jinsai.org\/pt-BR\/ensinamentos\/coletaneas\/coletanea-de-explicacoes-divinas-2-hierarquia-divina%2F&amp;src=sdkpreparse\" class=\"fb-xfbml-parse-ignore\">Compartilhar<\/a><\/div>\n\n<\/div><\/div><\/div><\/div><\/div>","protected":false},"excerpt":{"rendered":"<p>Pergunta: Para ultrapassar uma purifica\u00e7\u00e3o de forma branda, o correto seria entoar Miroku-Oomikami ou Kakuriyo-Oomikami no final da ora\u00e7\u00e3o quando entoada perante uma imagem? Al\u00e9m disso, \u00e9 melhor entoar Kakuriyo-Ookami ou Kakuriyo-Oomikami?\u00a0 \u00a0Pe\u00e7o que nos oriente a esse respeito. Meishu-Sama: O correto \u00e9 Miroku-Oomikami. Todavia, se houver o receio de que o enfermo esteja com [&hellip;]<\/p>\n","protected":false},"author":1,"featured_media":0,"parent":2462,"menu_order":0,"comment_status":"open","ping_status":"closed","template":"","meta":{"footnotes":""},"class_list":["post-4287","page","type-page","status-publish","hentry","post","post-with-thumbnail","post-with-thumbnail-icon"],"_links":{"self":[{"href":"https:\/\/www.jinsai.org\/pt-BR\/wp-json\/wp\/v2\/pages\/4287","targetHints":{"allow":["GET"]}}],"collection":[{"href":"https:\/\/www.jinsai.org\/pt-BR\/wp-json\/wp\/v2\/pages"}],"about":[{"href":"https:\/\/www.jinsai.org\/pt-BR\/wp-json\/wp\/v2\/types\/page"}],"author":[{"embeddable":true,"href":"https:\/\/www.jinsai.org\/pt-BR\/wp-json\/wp\/v2\/users\/1"}],"replies":[{"embeddable":true,"href":"https:\/\/www.jinsai.org\/pt-BR\/wp-json\/wp\/v2\/comments?post=4287"}],"version-history":[{"count":6,"href":"https:\/\/www.jinsai.org\/pt-BR\/wp-json\/wp\/v2\/pages\/4287\/revisions"}],"predecessor-version":[{"id":10702,"href":"https:\/\/www.jinsai.org\/pt-BR\/wp-json\/wp\/v2\/pages\/4287\/revisions\/10702"}],"up":[{"embeddable":true,"href":"https:\/\/www.jinsai.org\/pt-BR\/wp-json\/wp\/v2\/pages\/2462"}],"wp:attachment":[{"href":"https:\/\/www.jinsai.org\/pt-BR\/wp-json\/wp\/v2\/media?parent=4287"}],"curies":[{"name":"wp","href":"https:\/\/api.w.org\/{rel}","templated":true}]}}