{"id":4504,"date":"2019-07-31T20:45:22","date_gmt":"2019-07-31T23:45:22","guid":{"rendered":"http:\/\/www.jinsai.org\/pt-BR\/?page_id=4504"},"modified":"2020-05-24T10:21:50","modified_gmt":"2020-05-24T13:21:50","slug":"a-beleza-das-4-estacoes","status":"publish","type":"page","link":"https:\/\/www.jinsai.org\/pt-BR\/prototipos-do-paraiso-terrestre\/museus\/a-beleza-das-4-estacoes\/","title":{"rendered":"A Beleza das 4 Esta\u00e7\u00f5es"},"content":{"rendered":"<div id=\"pl-4504\"  class=\"panel-layout\" ><div id=\"pg-4504-0\"  class=\"panel-grid panel-no-style\" ><div id=\"pgc-4504-0-0\"  class=\"panel-grid-cell\" ><div id=\"panel-4504-0-0-0\" class=\"so-panel widget_sow-editor panel-first-child\" data-index=\"0\" ><div\n\t\t\t\n\t\t\tclass=\"so-widget-sow-editor so-widget-sow-editor-base\"\n\t\t\t\n\t\t>\n<div class=\"siteorigin-widget-tinymce textwidget\">\n\t<p style=\"text-align: justify;\">Uma visita ao Museu MOA n\u00e3o consiste apenas em apreciar a arte, mas \u00e9 tamb\u00e9m uma chance de apreciar o magn\u00edfico cen\u00e1rio que envolve o museu. Estabelecido em uma altitude de 250 m acima do n\u00edvel do mar nas montanhas atr\u00e1s da esta\u00e7\u00e3o de Atami, o museu oferece uma vista sensacional das ilhas de Hatsushima e Izu-Oshima na Ba\u00eda de Sagami. Cercado pelo Zuiun-kyo, 236.400 m<sup>2<\/sup> de jardins paisag\u00edsticos com ameixeiras e a Colina de Azaleias, o museu convida a todos a apreciar a rica beleza das quatro esta\u00e7\u00f5es dos, e em volta dos, jardins.<\/p>\n<\/div>\n<\/div><\/div><div id=\"panel-4504-0-0-1\" class=\"so-panel widget_siteorigin-panels-postloop\" data-index=\"1\" >\n\t<div id=\"vantage-circleicon-loop\" class=\"vantage-circleicon-loop circleicon-loop-columns-3\">\n\n\t\t<div class=\"widget widget_circleicon-widget\">\t\t<div class=\"circle-icon-box circle-icon-position-top circle-icon-hide-box circle-icon-size-small\">\n\t\t\t<div class=\"circle-icon-wrapper\">\n\t\t\t\t<a href=\"https:\/\/www.jinsai.org\/pt-BR\/prototipos-do-paraiso-terrestre\/museus\/a-beleza-das-4-estacoes\/primavera\/\" class=\"link-icon\" >\t\t\t\t<div class=\"circle-icon icon-style-set\" style=\"background-image: url(https:\/\/www.jinsai.org\/pt-BR\/wp-content\/uploads\/2019\/07\/primavera02-150x150.jpg)\">\n\t\t\t\t\t\t\t\t\t<\/div>\n\t\t\t\t<\/a>\t\t\t<\/div>\n\n\t\t\t<a href=\"https:\/\/www.jinsai.org\/pt-BR\/prototipos-do-paraiso-terrestre\/museus\/a-beleza-das-4-estacoes\/primavera\/\" class=\"link-title\" >\t\t\t<h5 >A Beleza das 4 Esta\u00e7\u00f5es<\/h5>\t\t\t<h4 >PRIMAVERA<\/h4>\t\t\t<\/a>\n\t\t\t<p class=\"text\" >As abundantes flores da primavera Todo ano por volta do come\u00e7o de abril, as cerejeiras someiyoshino da Pra\u00e7a Moore florescem e pode-se aproveitar a requintada vista da Ba\u00eda de Sagami acima das cerejeiras em plena flora\u00e7\u00e3o. As cerejeiras choradeiras \u201cshidarezakura\u201d no gramado verde do museu est\u00e3o no seu apogeu em meados de abril. Aproximadamente no [&hellip;]<\/p>\t\t\t\t\t\t\t<a href=\"https:\/\/www.jinsai.org\/pt-BR\/prototipos-do-paraiso-terrestre\/museus\/a-beleza-das-4-estacoes\/primavera\/\" class=\"more-button\" >Continue lendo <i><\/i><\/a>\n\t\t\t\t\t<\/div>\n\t\t<\/div><div class=\"widget widget_circleicon-widget\">\t\t<div class=\"circle-icon-box circle-icon-position-top circle-icon-hide-box circle-icon-size-small\">\n\t\t\t<div class=\"circle-icon-wrapper\">\n\t\t\t\t<a href=\"https:\/\/www.jinsai.org\/pt-BR\/prototipos-do-paraiso-terrestre\/museus\/a-beleza-das-4-estacoes\/verao\/\" class=\"link-icon\" >\t\t\t\t<div class=\"circle-icon icon-style-set\" style=\"background-image: url(https:\/\/www.jinsai.org\/pt-BR\/wp-content\/uploads\/2019\/07\/verao02-150x150.jpg)\">\n\t\t\t\t\t\t\t\t\t<\/div>\n\t\t\t\t<\/a>\t\t\t<\/div>\n\n\t\t\t<a href=\"https:\/\/www.jinsai.org\/pt-BR\/prototipos-do-paraiso-terrestre\/museus\/a-beleza-das-4-estacoes\/verao\/\" class=\"link-title\" >\t\t\t<h5 >A Beleza das 4 Esta\u00e7\u00f5es<\/h5>\t\t\t<h4 >VER\u00c3O<\/h4>\t\t\t<\/a>\n\t\t\t<p class=\"text\" >O sil\u00eancio do ver\u00e3o \u2013 longe das cidades movimentadas Grandes colunas de nuvens brancas reunidas sobre o mar azul ao redor de Hatsushima e Izu-Oshima s\u00e3o um sinal claro do in\u00edcio do ver\u00e3o. Esta \u00e9 a hora de apreciar os magn\u00edficos panoramas produzidos pela M\u00e3e-Natureza. Os caminhos que levam ao jardim de ch\u00e1 est\u00e3o cobertos [&hellip;]<\/p>\t\t\t\t\t\t\t<a href=\"https:\/\/www.jinsai.org\/pt-BR\/prototipos-do-paraiso-terrestre\/museus\/a-beleza-das-4-estacoes\/verao\/\" class=\"more-button\" >Continue lendo <i><\/i><\/a>\n\t\t\t\t\t<\/div>\n\t\t<\/div><div class=\"widget widget_circleicon-widget\">\t\t<div class=\"circle-icon-box circle-icon-position-top circle-icon-hide-box circle-icon-size-small\">\n\t\t\t<div class=\"circle-icon-wrapper\">\n\t\t\t\t<a href=\"https:\/\/www.jinsai.org\/pt-BR\/prototipos-do-paraiso-terrestre\/museus\/a-beleza-das-4-estacoes\/outono\/\" class=\"link-icon\" >\t\t\t\t<div class=\"circle-icon icon-style-set\" style=\"background-image: url(https:\/\/www.jinsai.org\/pt-BR\/wp-content\/uploads\/2019\/07\/outono04-150x150.jpg)\">\n\t\t\t\t\t\t\t\t\t<\/div>\n\t\t\t\t<\/a>\t\t\t<\/div>\n\n\t\t\t<a href=\"https:\/\/www.jinsai.org\/pt-BR\/prototipos-do-paraiso-terrestre\/museus\/a-beleza-das-4-estacoes\/outono\/\" class=\"link-title\" >\t\t\t<h5 >A Beleza das 4 Esta\u00e7\u00f5es<\/h5>\t\t\t<h4 >OUTONO<\/h4>\t\t\t<\/a>\n\t\t\t<p class=\"text\" >As \u00faltimas cores do outono De meados de novembro at\u00e9 o final de dezembro \u00e9 o momento em que as folhas de bordo se tornam brilhantes em nosso jardim de ch\u00e1, que \u00e9 cada vez mais descoberto como um local escondido para pegar as cores do outono. O jardim de ch\u00e1 d\u00e1 as boas-vindas ao [&hellip;]<\/p>\t\t\t\t\t\t\t<a href=\"https:\/\/www.jinsai.org\/pt-BR\/prototipos-do-paraiso-terrestre\/museus\/a-beleza-das-4-estacoes\/outono\/\" class=\"more-button\" >Continue lendo <i><\/i><\/a>\n\t\t\t\t\t<\/div>\n\t\t<\/div><div class=\"clear\"><\/div><div class=\"widget widget_circleicon-widget\">\t\t<div class=\"circle-icon-box circle-icon-position-top circle-icon-hide-box circle-icon-size-small\">\n\t\t\t<div class=\"circle-icon-wrapper\">\n\t\t\t\t<a href=\"https:\/\/www.jinsai.org\/pt-BR\/prototipos-do-paraiso-terrestre\/museus\/a-beleza-das-4-estacoes\/inverno\/\" class=\"link-icon\" >\t\t\t\t<div class=\"circle-icon icon-style-set\" style=\"background-image: url(https:\/\/www.jinsai.org\/pt-BR\/wp-content\/uploads\/2019\/07\/inverno01-150x150.jpg)\">\n\t\t\t\t\t\t\t\t\t<\/div>\n\t\t\t\t<\/a>\t\t\t<\/div>\n\n\t\t\t<a href=\"https:\/\/www.jinsai.org\/pt-BR\/prototipos-do-paraiso-terrestre\/museus\/a-beleza-das-4-estacoes\/inverno\/\" class=\"link-title\" >\t\t\t<h5 >A Beleza das 4 Esta\u00e7\u00f5es<\/h5>\t\t\t<h4 >INVERNO<\/h4>\t\t\t<\/a>\n\t\t\t<p class=\"text\" >Um inverno suave e os primeiros sinais da primavera A partir de janeiro, as ameixeiras de Atami est\u00e3o come\u00e7ando a florescer, e j\u00e1 \u00e9 poss\u00edvel sentir o in\u00edcio suave da primavera que se inicia. Em fevereiro, as cerca de 360 ameixeiras antigas de diferentes variedades do Zuiun-kyo florescem em vermelho e branco em un\u00edssono. Nos [&hellip;]<\/p>\t\t\t\t\t\t\t<a href=\"https:\/\/www.jinsai.org\/pt-BR\/prototipos-do-paraiso-terrestre\/museus\/a-beleza-das-4-estacoes\/inverno\/\" class=\"more-button\" >Continue lendo <i><\/i><\/a>\n\t\t\t\t\t<\/div>\n\t\t<\/div>\t<\/div>\n\t<\/div><div id=\"panel-4504-0-0-2\" class=\"widget_text so-panel widget_custom_html panel-last-child\" data-index=\"2\" ><div class=\"textwidget custom-html-widget\"><iframe src=\"http:\/\/www.facebook.com\/plugins\/like.php?href= http:\/\/www.jinsai.org\/pt-BR\/prototipos-do-paraiso-terrestre\/museus\/a-beleza-das-4-estacoes&%0Alayout=standard&show_faces=false&width=380&action=like&colorscheme=light&height=25\" style=\"border: medium none ; overflow: hidden; width: 350px; height: 25px;\" allowtransparency=\"true\" frameborder=\"0\" scrolling=\"no\"><\/iframe>\n\n<div id=\"fb-root\"><\/div><script src=\"http:\/\/connect.facebook.net\/pt_BR\/all.js#appId=APP_ID&amp;xfbml=1\"><\/script><fb:comments href=\" http:\/\/www.jinsai.org\/pt-BR\/prototipos-do-paraiso-terrestre\/museus\/a-beleza-das-4-estacoes\u201dnum_posts=\"100\" width=\"500\"><\/fb:comments><meta property='fb:app_id' content='171964893011161'\/> \n\n<div id=\"fb-root\"><\/div>\n<script>(function(d, s, id) {\n  var js, fjs = d.getElementsByTagName(s)[0];\n  if (d.getElementById(id)) return;\n  js = d.createElement(s); js.id = id;\n  js.src = 'https:\/\/connect.facebook.net\/pt_BR\/sdk.js#xfbml=1&version=v3.0&appId=171964893011161&autoLogAppEvents=1';\n\n<div id=\"fb-root\"><\/div>\n<script>(function(d, s, id) {\n  var js, fjs = d.getElementsByTagName(s)[0];\n  if (d.getElementById(id)) return;\n  js = d.createElement(s); js.id = id;\n  js.src = 'https:\/\/connect.facebook.net\/pt_BR\/sdk.js#xfbml=1&version=v3.0&appId=171964893011161&autoLogAppEvents=1';\n  fjs.parentNode.insertBefore(js, fjs);\n}(document, 'script', 'facebook-jssdk'));<\/script>\n<div class=\"fb-share-button\" data-href=\"http:\/\/www.jinsai.org\/pt-BR\/prototipos-do-paraiso-terrestre\/museus\/a-beleza-das-4-estacoes\" data-layout=\"button_count\" data-size=\"large\" data-mobile-iframe=\"true\"><a target=\"_blank\" href=\"https:\/\/www.facebook.com\/sharer\/sharer.php?u=http%3A%2F%2Fwww.jinsai.org%2Fpt-BR%2Fprototipos-do-paraiso-terrestre%2Fmuseus%2F&amp;src=sdkpreparse\" class=\"fb-xfbml-parse-ignore\">Compartilhar<\/a><\/div>\n<\/div><\/div><\/div><\/div><\/div>","protected":false},"excerpt":{"rendered":"<p>Uma visita ao Museu MOA n\u00e3o consiste apenas em apreciar a arte, mas \u00e9 tamb\u00e9m uma chance de apreciar o magn\u00edfico cen\u00e1rio que envolve o museu. Estabelecido em uma altitude de 250 m acima do n\u00edvel do mar nas montanhas atr\u00e1s da esta\u00e7\u00e3o de Atami, o museu oferece uma vista sensacional das ilhas de Hatsushima [&hellip;]<\/p>\n","protected":false},"author":1,"featured_media":0,"parent":2643,"menu_order":0,"comment_status":"open","ping_status":"closed","template":"","meta":{"footnotes":""},"class_list":["post-4504","page","type-page","status-publish","hentry","post","post-with-thumbnail","post-with-thumbnail-icon"],"_links":{"self":[{"href":"https:\/\/www.jinsai.org\/pt-BR\/wp-json\/wp\/v2\/pages\/4504","targetHints":{"allow":["GET"]}}],"collection":[{"href":"https:\/\/www.jinsai.org\/pt-BR\/wp-json\/wp\/v2\/pages"}],"about":[{"href":"https:\/\/www.jinsai.org\/pt-BR\/wp-json\/wp\/v2\/types\/page"}],"author":[{"embeddable":true,"href":"https:\/\/www.jinsai.org\/pt-BR\/wp-json\/wp\/v2\/users\/1"}],"replies":[{"embeddable":true,"href":"https:\/\/www.jinsai.org\/pt-BR\/wp-json\/wp\/v2\/comments?post=4504"}],"version-history":[{"count":11,"href":"https:\/\/www.jinsai.org\/pt-BR\/wp-json\/wp\/v2\/pages\/4504\/revisions"}],"predecessor-version":[{"id":7552,"href":"https:\/\/www.jinsai.org\/pt-BR\/wp-json\/wp\/v2\/pages\/4504\/revisions\/7552"}],"up":[{"embeddable":true,"href":"https:\/\/www.jinsai.org\/pt-BR\/wp-json\/wp\/v2\/pages\/2643"}],"wp:attachment":[{"href":"https:\/\/www.jinsai.org\/pt-BR\/wp-json\/wp\/v2\/media?parent=4504"}],"curies":[{"name":"wp","href":"https:\/\/api.w.org\/{rel}","templated":true}]}}