{"id":484,"date":"2018-06-02T08:29:40","date_gmt":"2018-06-02T11:29:40","guid":{"rendered":"http:\/\/www.jinsai.org\/pt-BR\/?page_id=484"},"modified":"2021-02-01T13:27:44","modified_gmt":"2021-02-01T16:27:44","slug":"outros","status":"publish","type":"page","link":"https:\/\/www.jinsai.org\/pt-BR\/prototipos-do-paraiso-terrestre\/outros\/","title":{"rendered":"Outros"},"content":{"rendered":"<h2 class=\"style50\" style=\"text-align: justify;\">OUTROS PROT\u00d3TIPOS DO PARA\u00cdSO TERRESTRE<\/h2>\n<p class=\"style5\" align=\"justify\">Al\u00e9m dos tr\u00eas Prot\u00f3tipos Primordiais, o Mestre Jinsai deixou manifestado Seu desejo de ver espalhados pelo mundo muitos outros Prot\u00f3tipos do Para\u00edso Terrestre, pois \u00e9 a partir desses pequenos Prot\u00f3tipos que se concretizar\u00e1 o grandioso Para\u00edso Terrestre.<\/p>\n<p class=\"style5\" align=\"justify\">Assim, h\u00e1 muitos outros pequenos modelos espalhados pelo Jap\u00e3o, feitos por organiza\u00e7\u00f5es independentes, assim como prot\u00f3tipos no Brasil, na Tail\u00e2ndia e em outros pa\u00edses. Com o aumento dos prot\u00f3tipos, chegar\u00e1 o dia em que o Mundo de Miroku estar\u00e1 estabelecido na Terra.<\/p>\n<p class=\"style5\" align=\"justify\">Sobre a constru\u00e7\u00e3o de prot\u00f3tipos, assim explica o Mestre Jinsai:<\/p>\n<p class=\"style5\" align=\"justify\">&#8220;As coisas de Deus s\u00e3o todas mostradas atrav\u00e9s do prot\u00f3tipo. Por exemplo, quando se amplia uma \u00e1rea ou se faz uma constru\u00e7\u00e3o, a parte correspondente da Obra Divina, naturalmente, amplia-se na mesma propor\u00e7\u00e3o e vai se expandindo.<\/p>\n<p class=\"style5\" align=\"justify\">De modo igual, ampliando-se um pequeno modelo, as coisas grandes tamb\u00e9m v\u00e3o se expandir. Assim sendo, construir um anexo e ampliar um terreno, por exemplo, \u00e9 realmente muito bom.&#8221;<\/p>\n<p align=\"justify\">\n<p align=\"justify\"><img loading=\"lazy\" decoding=\"async\" class=\"alignnone size-full wp-image-2889 aligncenter\" src=\"https:\/\/www.jinsai.org\/pt-BR\/wp-content\/uploads\/2018\/07\/dscn0452.jpg\" alt=\"\" width=\"4608\" height=\"3456\" srcset=\"https:\/\/www.jinsai.org\/pt-BR\/wp-content\/uploads\/2018\/07\/dscn0452.jpg 4608w, https:\/\/www.jinsai.org\/pt-BR\/wp-content\/uploads\/2018\/07\/dscn0452-300x225.jpg 300w, https:\/\/www.jinsai.org\/pt-BR\/wp-content\/uploads\/2018\/07\/dscn0452-768x576.jpg 768w, https:\/\/www.jinsai.org\/pt-BR\/wp-content\/uploads\/2018\/07\/dscn0452-1024x768.jpg 1024w\" sizes=\"auto, (max-width: 4608px) 100vw, 4608px\" \/> <img loading=\"lazy\" decoding=\"async\" class=\"alignnone size-full wp-image-2890 aligncenter\" src=\"https:\/\/www.jinsai.org\/pt-BR\/wp-content\/uploads\/2018\/07\/solo_sagrado_post.jpg\" alt=\"\" width=\"4608\" height=\"3456\" srcset=\"https:\/\/www.jinsai.org\/pt-BR\/wp-content\/uploads\/2018\/07\/solo_sagrado_post.jpg 4608w, https:\/\/www.jinsai.org\/pt-BR\/wp-content\/uploads\/2018\/07\/solo_sagrado_post-300x225.jpg 300w, https:\/\/www.jinsai.org\/pt-BR\/wp-content\/uploads\/2018\/07\/solo_sagrado_post-768x576.jpg 768w, https:\/\/www.jinsai.org\/pt-BR\/wp-content\/uploads\/2018\/07\/solo_sagrado_post-1024x768.jpg 1024w\" sizes=\"auto, (max-width: 4608px) 100vw, 4608px\" \/> <img loading=\"lazy\" decoding=\"async\" class=\"alignnone size-full wp-image-2891 aligncenter\" src=\"https:\/\/www.jinsai.org\/pt-BR\/wp-content\/uploads\/2018\/07\/61601509.jpg\" alt=\"\" width=\"2889\" height=\"2167\" srcset=\"https:\/\/www.jinsai.org\/pt-BR\/wp-content\/uploads\/2018\/07\/61601509.jpg 2889w, https:\/\/www.jinsai.org\/pt-BR\/wp-content\/uploads\/2018\/07\/61601509-300x225.jpg 300w, https:\/\/www.jinsai.org\/pt-BR\/wp-content\/uploads\/2018\/07\/61601509-768x576.jpg 768w, https:\/\/www.jinsai.org\/pt-BR\/wp-content\/uploads\/2018\/07\/61601509-1024x768.jpg 1024w\" sizes=\"auto, (max-width: 2889px) 100vw, 2889px\" \/> <img loading=\"lazy\" decoding=\"async\" class=\"size-full wp-image-2892 aligncenter\" src=\"https:\/\/www.jinsai.org\/pt-BR\/wp-content\/uploads\/2018\/07\/432041-28018-1280.jpg\" alt=\"\" width=\"1280\" height=\"960\" srcset=\"https:\/\/www.jinsai.org\/pt-BR\/wp-content\/uploads\/2018\/07\/432041-28018-1280.jpg 1280w, https:\/\/www.jinsai.org\/pt-BR\/wp-content\/uploads\/2018\/07\/432041-28018-1280-300x225.jpg 300w, https:\/\/www.jinsai.org\/pt-BR\/wp-content\/uploads\/2018\/07\/432041-28018-1280-768x576.jpg 768w, https:\/\/www.jinsai.org\/pt-BR\/wp-content\/uploads\/2018\/07\/432041-28018-1280-1024x768.jpg 1024w\" sizes=\"auto, (max-width: 1280px) 100vw, 1280px\" \/><\/p>\n<p style=\"text-align: center;\" align=\"justify\">Prot\u00f3tipo do Para\u00edso Terrestre de Guarapiranga, Brasil<\/p>\n<p align=\"justify\">\n<p style=\"text-align: center;\" align=\"justify\"><img loading=\"lazy\" decoding=\"async\" class=\"alignnone size-full wp-image-2893\" src=\"https:\/\/www.jinsai.org\/pt-BR\/wp-content\/uploads\/2018\/07\/solo-sagrado-tailandia-saraburi-02.jpg\" alt=\"\" width=\"800\" height=\"600\" srcset=\"https:\/\/www.jinsai.org\/pt-BR\/wp-content\/uploads\/2018\/07\/solo-sagrado-tailandia-saraburi-02.jpg 800w, https:\/\/www.jinsai.org\/pt-BR\/wp-content\/uploads\/2018\/07\/solo-sagrado-tailandia-saraburi-02-300x225.jpg 300w, https:\/\/www.jinsai.org\/pt-BR\/wp-content\/uploads\/2018\/07\/solo-sagrado-tailandia-saraburi-02-768x576.jpg 768w\" sizes=\"auto, (max-width: 800px) 100vw, 800px\" \/> <img loading=\"lazy\" decoding=\"async\" class=\"alignnone size-full wp-image-2894\" src=\"https:\/\/www.jinsai.org\/pt-BR\/wp-content\/uploads\/2018\/07\/solo-sagrado-tailandia-saraburi-04.jpg\" alt=\"\" width=\"800\" height=\"600\" srcset=\"https:\/\/www.jinsai.org\/pt-BR\/wp-content\/uploads\/2018\/07\/solo-sagrado-tailandia-saraburi-04.jpg 800w, https:\/\/www.jinsai.org\/pt-BR\/wp-content\/uploads\/2018\/07\/solo-sagrado-tailandia-saraburi-04-300x225.jpg 300w, https:\/\/www.jinsai.org\/pt-BR\/wp-content\/uploads\/2018\/07\/solo-sagrado-tailandia-saraburi-04-768x576.jpg 768w\" sizes=\"auto, (max-width: 800px) 100vw, 800px\" \/> <img loading=\"lazy\" decoding=\"async\" class=\"alignnone size-full wp-image-2895\" src=\"https:\/\/www.jinsai.org\/pt-BR\/wp-content\/uploads\/2018\/07\/solo-sagrado-tailandia-saraburi-06.jpg\" alt=\"\" width=\"800\" height=\"600\" srcset=\"https:\/\/www.jinsai.org\/pt-BR\/wp-content\/uploads\/2018\/07\/solo-sagrado-tailandia-saraburi-06.jpg 800w, https:\/\/www.jinsai.org\/pt-BR\/wp-content\/uploads\/2018\/07\/solo-sagrado-tailandia-saraburi-06-300x225.jpg 300w, https:\/\/www.jinsai.org\/pt-BR\/wp-content\/uploads\/2018\/07\/solo-sagrado-tailandia-saraburi-06-768x576.jpg 768w\" sizes=\"auto, (max-width: 800px) 100vw, 800px\" \/> <img loading=\"lazy\" decoding=\"async\" class=\"alignnone size-full wp-image-2896\" src=\"https:\/\/www.jinsai.org\/pt-BR\/wp-content\/uploads\/2018\/07\/droppedImage3.jpg\" alt=\"\" width=\"1920\" height=\"1352\" srcset=\"https:\/\/www.jinsai.org\/pt-BR\/wp-content\/uploads\/2018\/07\/droppedImage3.jpg 1920w, https:\/\/www.jinsai.org\/pt-BR\/wp-content\/uploads\/2018\/07\/droppedImage3-300x211.jpg 300w, https:\/\/www.jinsai.org\/pt-BR\/wp-content\/uploads\/2018\/07\/droppedImage3-768x541.jpg 768w, https:\/\/www.jinsai.org\/pt-BR\/wp-content\/uploads\/2018\/07\/droppedImage3-1024x721.jpg 1024w\" sizes=\"auto, (max-width: 1920px) 100vw, 1920px\" \/><\/p>\n<p style=\"text-align: center;\" align=\"justify\">Prot\u00f3tipo do Para\u00edso Terrestre de Saraburi, Tail\u00e2ndia<\/p>\n<p align=\"justify\">\n<p><iframe style=\"overflow: hidden; width: 350px; height: 25px;\" src=\"http:\/\/www.facebook.com\/plugins\/like.php?href= https:\/\/www.jinsai.org\/pt-BR\/prototipos-do-paraiso-terrestre\/outros\/&amp;%0Alayout=standard&amp;show_faces=false&amp;width=380&amp;action=like&amp;colorscheme=light&amp;height=25\" frameborder=\"0\" scrolling=\"no\"><\/iframe><\/p>\n<div id=\"fb-root\"><\/div>\n<p><script src=\"http:\/\/connect.facebook.net\/pt_BR\/all.js#appId=APP_ID&amp;xfbml=1\"><\/script><fb:comments href=\"https:\/\/www.jinsai.org\/pt-BR\/prototipos-do-paraiso-terrestre\/outros\/\u201dnum_posts=\" 100\"=\"\" width=\"500\"><\/fb:comments><meta property=\"fb:app_id\" content=\"171964893011161\"><\/p>\n<div id=\"fb-root\"><\/div>\n<p><script>(function(d, s, id) {<br \/>\n  var js, fjs = d.getElementsByTagName(s)[0];<br \/>\n  if (d.getElementById(id)) return;<br \/>\n  js = d.createElement(s); js.id = id;<br \/>\n  js.src = 'https:\/\/connect.facebook.net\/pt_BR\/sdk.js#xfbml=1&version=v3.0&appId=171964893011161&autoLogAppEvents=1';<br \/>\n  fjs.parentNode.insertBefore(js, fjs);<br \/>\n}(document, 'script', 'facebook-jssdk'));<\/script><\/p>\n<div class=\"fb-share-button\" data-href=\"https:\/\/www.jinsai.org\/pt-BR\/prototipos-do-paraiso-terrestre\/outros\/\" data-layout=\"button_count\" data-size=\"large\" data-mobile-iframe=\"true\"><a class=\"fb-xfbml-parse-ignore\" href=\"https:\/\/www.facebook.com\/sharer\/sharer.php?u=http%3A%2F%2Fwww.jinsai.org%2Fpt-BR%2Fprototipos-do-paraiso-terrestre%2Foutros%2F&amp;src=sdkpreparse\" target=\"_blank\" rel=\"noopener noreferrer\">Compartilhar<\/a><\/div>\n","protected":false},"excerpt":{"rendered":"<p>OUTROS PROT\u00d3TIPOS DO PARA\u00cdSO TERRESTRE Al\u00e9m dos tr\u00eas Prot\u00f3tipos Primordiais, o Mestre Jinsai deixou manifestado Seu desejo de ver espalhados pelo mundo muitos outros Prot\u00f3tipos do Para\u00edso Terrestre, pois \u00e9 a partir desses pequenos Prot\u00f3tipos que se concretizar\u00e1 o grandioso Para\u00edso Terrestre. Assim, h\u00e1 muitos outros pequenos modelos espalhados pelo Jap\u00e3o, feitos por organiza\u00e7\u00f5es independentes, [&hellip;]<\/p>\n","protected":false},"author":1,"featured_media":0,"parent":248,"menu_order":0,"comment_status":"open","ping_status":"closed","template":"templates\/template-full.php","meta":{"footnotes":""},"class_list":["post-484","page","type-page","status-publish","hentry","post"],"_links":{"self":[{"href":"https:\/\/www.jinsai.org\/pt-BR\/wp-json\/wp\/v2\/pages\/484","targetHints":{"allow":["GET"]}}],"collection":[{"href":"https:\/\/www.jinsai.org\/pt-BR\/wp-json\/wp\/v2\/pages"}],"about":[{"href":"https:\/\/www.jinsai.org\/pt-BR\/wp-json\/wp\/v2\/types\/page"}],"author":[{"embeddable":true,"href":"https:\/\/www.jinsai.org\/pt-BR\/wp-json\/wp\/v2\/users\/1"}],"replies":[{"embeddable":true,"href":"https:\/\/www.jinsai.org\/pt-BR\/wp-json\/wp\/v2\/comments?post=484"}],"version-history":[{"count":4,"href":"https:\/\/www.jinsai.org\/pt-BR\/wp-json\/wp\/v2\/pages\/484\/revisions"}],"predecessor-version":[{"id":8917,"href":"https:\/\/www.jinsai.org\/pt-BR\/wp-json\/wp\/v2\/pages\/484\/revisions\/8917"}],"up":[{"embeddable":true,"href":"https:\/\/www.jinsai.org\/pt-BR\/wp-json\/wp\/v2\/pages\/248"}],"wp:attachment":[{"href":"https:\/\/www.jinsai.org\/pt-BR\/wp-json\/wp\/v2\/media?parent=484"}],"curies":[{"name":"wp","href":"https:\/\/api.w.org\/{rel}","templated":true}]}}