{"id":4969,"date":"2019-08-30T10:48:03","date_gmt":"2019-08-30T13:48:03","guid":{"rendered":"http:\/\/www.jinsai.org\/pt-BR\/?page_id=4969"},"modified":"2020-02-27T09:07:09","modified_gmt":"2020-02-27T12:07:09","slug":"lei-da-purificacao","status":"publish","type":"page","link":"https:\/\/www.jinsai.org\/pt-BR\/johrei\/lei-da-purificacao\/","title":{"rendered":"Lei da Purifica\u00e7\u00e3o"},"content":{"rendered":"<p style=\"text-align: justify;\">Todas as coisas seguem a Lei de Causa e Efeito. O fato de adoecermos, bem como o de nos depararmos com desgra\u00e7as, jamais ocorrer\u00e1 por acaso e sim por uma causa correspondente. Depois de eliminarmos essa causa, \u00e9 natural e \u00e9 verdade que todos n\u00f3s nos tornemos mais saud\u00e1veis e mais felizes.<\/p>\n<p style=\"text-align: justify;\">Assemelha-se \u00e0 tortura que nos causa uma d\u00edvida de grande soma: ao sermos pressionados, o esp\u00edrito fica intranquilo, mas, mesmo sendo penosa, temporariamente, se acabamos por sald\u00e1-la, nosso esp\u00edrito tranquiliza-se e tamb\u00e9m a vida gradualmente torna-se mais confort\u00e1vel.<\/p>\n<p style=\"text-align: justify;\">Se Deus criou o homem, \u00e9 natural que Ele tenha mostrado \u00e0 humanidade os princ\u00edpios e m\u00e9todos para ela caminhar em dire\u00e7\u00e3o \u00e0 verdade, mesmo em meio a qualquer infelicidade ou circunst\u00e2ncia adversa.<\/p>\n<p style=\"text-align: justify;\"><strong>TODO SOFRIMENTO \u00c9 A\u00c7\u00c3O PURIFICADORA<\/strong><\/p>\n<p style=\"text-align: justify;\">Referimo-nos anteriormente \u00e0 doen\u00e7a e a todas as formas de sofrimentos, chamando-as de &#8220;a\u00e7\u00e3o purificadora&#8221;. Este n\u00e3o \u00e9 um modo paradoxal de se pensar. Isto porque, em resumo, poderemos dizer que a doen\u00e7a \u00e9 a a\u00e7\u00e3o de limpeza do corpo humano.<\/p>\n<p style=\"text-align: justify;\">Durante sua vida, sem que ele tenha percep\u00e7\u00e3o disso, acumulam-se impurezas ou toxinas no interior e no exterior do corpo f\u00edsico do homem. As impurezas exteriores s\u00e3o eliminadas por a\u00e7\u00e3o f\u00edsica como um banho, por exemplo, e as do interior por meio de a\u00e7\u00f5es fisiol\u00f3gicas, como fezes, urina, suor, etc; mas permanecem ainda aquelas dif\u00edceis de serem expelidas.<\/p>\n<p style=\"text-align: justify;\">Essas impurezas, ou seja, toxinas, se as observarmos sob o aspecto espiritual, s\u00e3o uma esp\u00e9cie de sombra criada bem no fundo do corpo material, isto \u00e9, no corpo espiritual do homem. A essas impurezas chamamos de &#8220;m\u00e1culas&#8221;. Quando elas atingem um certo limite-densidade, inicia-se automaticamente a a\u00e7\u00e3o eliminadora das mesmas. Essa a\u00e7\u00e3o reflete-se no corpo material, que temporariamente entra em estado de desequil\u00edbrio, costumeiramente chamado &#8220;sintoma de mal f\u00edsico&#8221;.<\/p>\n<p><img loading=\"lazy\" decoding=\"async\" class=\"size-full wp-image-3193 aligncenter\" src=\"https:\/\/www.jinsai.org\/pt-BR\/wp-content\/uploads\/2018\/08\/M\u00e1culas-2.jpg\" alt=\"\" width=\"3000\" height=\"1854\" srcset=\"https:\/\/www.jinsai.org\/pt-BR\/wp-content\/uploads\/2018\/08\/M\u00e1culas-2.jpg 3000w, https:\/\/www.jinsai.org\/pt-BR\/wp-content\/uploads\/2018\/08\/M\u00e1culas-2-300x185.jpg 300w, https:\/\/www.jinsai.org\/pt-BR\/wp-content\/uploads\/2018\/08\/M\u00e1culas-2-768x475.jpg 768w, https:\/\/www.jinsai.org\/pt-BR\/wp-content\/uploads\/2018\/08\/M\u00e1culas-2-1024x633.jpg 1024w\" sizes=\"auto, (max-width: 3000px) 100vw, 3000px\" \/><\/p>\n<p style=\"text-align: justify;\">Ainda fisicamente, poderemos dizer que ela \u00e9 a\u00e7\u00e3o de purifica\u00e7\u00e3o natural que tenta expelir fisiologicamente as toxinas do organismo, em virtude de haver no homem a faculdade inata de prote\u00e7\u00e3o da sa\u00fade. A esse processo, em geral acompanhado de dores e sofrimentos, costuma- se denominar &#8220;doen\u00e7a&#8221;.<\/p>\n<p style=\"text-align: justify;\">O homem geralmente teme a doen\u00e7a, mas na realidade ele foi criado para manter a sa\u00fade por meio dessa a\u00e7\u00e3o purificadora. Em outras palavras, por ser uma a\u00e7\u00e3o de limpeza do organismo, a doen\u00e7a \u00e9 algo que se teme inutilmente, pois \u00e9 uma provid\u00eancia da natureza para o aumento crescente da sa\u00fade, e \u00e9 grandiosa b\u00ean\u00e7\u00e3o Divina. Onde houver impurezas acumuladas, ocorre fatalmente a a\u00e7\u00e3o de purifica\u00e7\u00e3o espont\u00e2nea, porque esta \u00e9 a lei de toda a cria\u00e7\u00e3o.<\/p>\n<p style=\"text-align: justify;\">As m\u00e1culas do esp\u00edrito s\u00e3o submetidas a essa a\u00e7\u00e3o, n\u00e3o s\u00f3 pela doen\u00e7a, mas tamb\u00e9m por meio de variadas formas de sofrimentos.<\/p>\n<p style=\"text-align: justify;\">Perdas causadas por outrem, inc\u00eandios, fracassos e preju\u00edzos nos neg\u00f3cios, roubos e acidentes, infelicidade na fam\u00edlia, desarmonia entre pais e filhos ou entre irm\u00e3os, conflitos entre parentes e amigos, tudo isso \u00e9 a\u00e7\u00e3o purificadora.<\/p>\n<p style=\"text-align: justify;\">Dessa forma, todos os sofrimentos, sem limitar-se \u00e0 doen\u00e7a, s\u00e3o ben\u00e9ficos, por serem a\u00e7\u00e3o purificadora. Tais sofrimentos servem para eliminar as m\u00e1culas espirituais. Ap\u00f3s essa fase, a vida se modificar\u00e1 para melhor, muito melhor que antes.<\/p>\n<p style=\"text-align: justify;\">Nesse sentido, os bons acontecimentos s\u00e3o naturalmente bem-vindos; o mesmo acontece no caso de nos defrontarmos com fatos desagrad\u00e1veis, j\u00e1 que eles ocorrem para nossa purifica\u00e7\u00e3o, e, vencida essa fase, a melhora ser\u00e1 evidente; portanto, s\u00e3o bons de qualquer forma.<\/p>\n<p style=\"text-align: justify;\">Se compreendermos esse princ\u00edpio, poderemos enfrentar qualquer situa\u00e7\u00e3o com alegria, nascendo da\u00ed o sentimento de gratid\u00e3o. \u00c9 um estado de \u00eaxtase.<\/p>\n<p style=\"text-align: justify;\">Ao se defrontarem com sofrimentos, os messi\u00e2nicos n\u00e3o os interpretam nem os aceitam de forma negativa, mas com alegria e positivamente, dizendo: &#8220;Recebi purifica\u00e7\u00e3o&#8221;. Eles assim os encaram porque conhecem esse principio. Purificar o esp\u00edrito \u00e9 abrir caminhos para a bem-aventuran\u00e7a, e constitui a base fundamental da salva\u00e7\u00e3o.<\/p>\n<p style=\"text-align: justify;\">Geralmente a a\u00e7\u00e3o de purifica\u00e7\u00e3o \u00e9 um sofrimento transit\u00f3rio, s\u00f3 existindo esse m\u00e9todo para eliminar m\u00e1culas do esp\u00edrito. Enquanto elas existirem, o sofrimento n\u00e3o poder\u00e1 ser evitado. Entretanto, se purificarmos at\u00e9 certo limite, ele n\u00e3o se far\u00e1 necess\u00e1rio, desaparecendo o estado de infelicidade.<\/p>\n<p style=\"text-align: justify;\">N\u00e3o somente infelicidade e sofrimentos individuais, mas tamb\u00e9m estragos causados por tempestades, inunda\u00e7\u00f5es, inc\u00eandios, terremotos, revoltas sociais e guerras, que poderiam ser chamados de sofrimentos coletivos, constituem a\u00e7\u00f5es purificadoras, sejam eles fen\u00f4menos naturais ou sociais. A origem de tudo isso, embora sob diferentes formas, baseia-se no mesmo princ\u00edpio, tal como se manifesta em casos individuais.<\/p>\n<p><img loading=\"lazy\" decoding=\"async\" class=\"size-full wp-image-3117 aligncenter\" src=\"https:\/\/www.jinsai.org\/pt-BR\/wp-content\/uploads\/2018\/08\/naom_5a68b58083c50.jpg.png\" alt=\"\" width=\"1920\" height=\"1080\" srcset=\"https:\/\/www.jinsai.org\/pt-BR\/wp-content\/uploads\/2018\/08\/naom_5a68b58083c50.jpg.png 1920w, https:\/\/www.jinsai.org\/pt-BR\/wp-content\/uploads\/2018\/08\/naom_5a68b58083c50.jpg-300x169.png 300w, https:\/\/www.jinsai.org\/pt-BR\/wp-content\/uploads\/2018\/08\/naom_5a68b58083c50.jpg-768x432.png 768w, https:\/\/www.jinsai.org\/pt-BR\/wp-content\/uploads\/2018\/08\/naom_5a68b58083c50.jpg-1024x576.png 1024w\" sizes=\"auto, (max-width: 1920px) 100vw, 1920px\" \/><\/p>\n<p style=\"text-align: justify;\">Tamb\u00e9m podemos observar o princ\u00edpio da purifica\u00e7\u00e3o no surgimento de pragas e insetos nocivos nos produtos agr\u00edcolas.<\/p>\n<p style=\"text-align: justify;\">O erro mais grave \u00e9 a utiliza\u00e7\u00e3o de adubos antinaturais e inseticidas agr\u00edcolas. Eles penetram e misturam-se com o solo, onde as plantas crescem absorvendo esses produtos venenosos. No entanto, por existir uma a\u00e7\u00e3o da Natureza para purificar tudo aquilo que \u00e9 impuro, surge uma purifica\u00e7\u00e3o natural, isto \u00e9, a pr\u00f3pria Natureza encarrega-se de criar insetos nocivos para consumir tais produtos agr\u00edcolas insalubres. Dessa forma, no lugar onde se acumulam impurezas, infalivelmente ocorre uma a\u00e7\u00e3o purificadora espont\u00e2nea. Assim sendo, at\u00e9 o ponto em que o surgimento da mesma n\u00e3o seja mais necess\u00e1rio, \u00e9 preciso que os seres humanos e todas as coisas da superf\u00edcie terrestre tornem-se puros.<\/p>\n<p style=\"text-align: justify;\">Seja como for, cada um de n\u00f3s deve evitar m\u00e1culas no esp\u00edrito, o que constitui a linha mestra para a felicidade.<\/p>\n<p style=\"text-align: justify;\"><strong>&nbsp;<\/strong><\/p>\n<p style=\"text-align: justify;\"><strong>FORMA\u00c7\u00c3O DAS M\u00c1CULAS<\/strong><\/p>\n<p style=\"text-align: justify;\">A grande Natureza, que faz crescer e desenvolver tudo, inclusive nos seres humanos, \u00e9 a imagem da pr\u00f3pria Verdade. Agir, pois, conforme ela nos indica, tendo-a como exemplo, \u00e9 o verdadeiro caminho para a prosperidade.<\/p>\n<p style=\"text-align: justify;\">Sentimentos e a\u00e7\u00f5es ego\u00edstas, desviados do princ\u00edpio verdadeiro, s\u00e3o sentimentos pertencentes ao mal.<\/p>\n<p style=\"text-align: justify;\">O ac\u00famulo desses maus atos transforma-se em m\u00e1culas, correspondentes aos desvios cometidos, as quais nublam o corpo espiritual do homem.<\/p>\n<p style=\"text-align: justify;\">Quanto \u00e0s causas f\u00edsicas, o homem tem, desde seu nascimento, toxinas herdadas dos pais, e existem tamb\u00e9m as que s\u00e3o ingeridas ap\u00f3s o nascimento. Essas toxinas s\u00e3o na maior parte causadas pelos medicamentos, pelos quais se tenta solucionar doen\u00e7as por m\u00e9todos cient\u00edficos, encarando o homem sob o prisma da mat\u00e9ria.<\/p>\n<p style=\"text-align: justify;\">O aparelho digestivo do ser humano n\u00e3o assimila tudo aquilo que ele ingere, mas s\u00f3 o que \u00e9 estabelecido pela Natureza, como os alimentos, ou ainda, os derivados dos mesmos. Digere somente aqueles que s\u00e3o saboreados com prazer, existindo assim um limite regulado pelo pr\u00f3prio organismo.<\/p>\n<p style=\"text-align: justify;\">Al\u00e9m do mais, adubos e inseticidas agr\u00edcolas, bem como subst\u00e2ncias qu\u00edmicas e diversos elementos adicionados aos alimentos que o homem ingere de modo inevit\u00e1vel, devido ao meio em que vive, s\u00e3o causadores dos chamados &#8220;danos alimentares&#8221;. E mais ainda, h\u00e1 v\u00e1rias toxinas geradas pelas impurezas da \u00e1gua e do ar, isto \u00e9, em virtude da polui\u00e7\u00e3o, as quais invadem o interior do corpo, a\u00ed permanecendo.<\/p>\n<p style=\"text-align: justify;\">Com base na lei de &#8220;Identidade Esp\u00edrito e Mat\u00e9ria&#8221;, essa grande quantidade de toxinas projeta-se no corpo espiritual e transforma-se em m\u00e1culas.<\/p>\n<p><img loading=\"lazy\" decoding=\"async\" class=\"size-full wp-image-3135 aligncenter\" src=\"https:\/\/www.jinsai.org\/pt-BR\/wp-content\/uploads\/2018\/08\/M\u00e1culas.jpg\" alt=\"\" width=\"3000\" height=\"2250\" srcset=\"https:\/\/www.jinsai.org\/pt-BR\/wp-content\/uploads\/2018\/08\/M\u00e1culas.jpg 3000w, https:\/\/www.jinsai.org\/pt-BR\/wp-content\/uploads\/2018\/08\/M\u00e1culas-300x225.jpg 300w, https:\/\/www.jinsai.org\/pt-BR\/wp-content\/uploads\/2018\/08\/M\u00e1culas-768x576.jpg 768w, https:\/\/www.jinsai.org\/pt-BR\/wp-content\/uploads\/2018\/08\/M\u00e1culas-1024x768.jpg 1024w\" sizes=\"auto, (max-width: 3000px) 100vw, 3000px\" \/><\/p>\n<p style=\"text-align: justify;\">Durante sua vida, por mais qualificado que seja e por mais que deseje praticar apenas atos virtuosos, o homem tamb\u00e9m pratica algumas parcelas de mal. Nesse caso, se a quantidade do mal for maior que a do bem, isso se refletir\u00e1 no corpo espiritual e se transformar\u00e1 em m\u00e1cula.<\/p>\n<p style=\"text-align: justify;\">Independentemente das m\u00e1culas originadas das a\u00e7\u00f5es da pr\u00f3pria pessoa, existem tamb\u00e9m as provenientes dos ancestrais, isto \u00e9, as m\u00e1culas herdadas pela afinidade espiritual.<\/p>\n<p style=\"text-align: justify;\">Dessa forma o homem possui ilimitada quantidade de m\u00e1culas, e, quando ela ultrapassa um determinado limite, ocorre a a\u00e7\u00e3o de purifica\u00e7\u00e3o natural, o que, de conformidade com a &#8220;Lei do Esp\u00edrito Precede a Mat\u00e9ria&#8221;, reflete-se no corpo material, transformando-se em doen\u00e7as e infort\u00fanios.<\/p>\n<p style=\"text-align: justify;\">A forma\u00e7\u00e3o das m\u00e1culas coletivas tamb\u00e9m segue os mesmos processos. Os preju\u00edzos causados pelas tempestades e inunda\u00e7\u00f5es, as guerras, as revoltas sociais, etc., que t\u00eam a mesma origem, poderiam chamar-se &#8220;a\u00e7\u00e3o de purifica\u00e7\u00e3o representativa do reino natural&#8221;. Sua causa s\u00e3o m\u00e1culas acumuladas no Mundo Espiritual devido a m\u00e1s palavras e maus pensamentos do homem, a que j\u00e1 nos referimos anteriormente.<\/p>\n<p style=\"text-align: justify;\">Descontentamentos, \u00f3dios, imprecau\u00e7\u00f5es, invejas, iras, falsidades, esp\u00edrito de vingan\u00e7a, apegos, insultos e censuras a outrem, tudo \u00e9 originado do mal e gera m\u00e1culas no Mundo Espiritual. Nesse sentido, as tempestades e inunda\u00e7\u00f5es jamais s\u00e3o calamidades naturais, mas calamidades humanas.<\/p>\n<p style=\"text-align: justify;\">Se cuspimos para o alto, cair\u00e1 em nossa pr\u00f3pria cabe\u00e7a. A Natureza \u00e9 feita de modo que tudo retorne a si mesmo. Conhecendo, pois, as raz\u00f5es da Natureza, devemos respeit\u00e1-la e corrigir-nos. Por\u00e9m, os homens n\u00e3o a levam em considera\u00e7\u00e3o, e em consequ\u00eancia, culpam a Sociedade, a Educa\u00e7\u00e3o, etc., que, a seu ver, s\u00e3o maus, atribuindo-lhes a causa de suas desgra\u00e7as. Colocando suas falhas na prateleira, tendem sempre a pensar que tudo tem causa fora de si mesmos.<\/p>\n<p style=\"text-align: justify;\">\u00c9 evidente que, constatado os defeitos na Sociedade, na Educa\u00e7\u00e3o, na Economia etc., o fato de critic\u00e1-los e apontar seus erros pode proporcionar um incentivo ao progresso social, mas, se estivermos sempre cheios de rancor pelas pessoas e pelo mundo e cheios de descontentamento, isso, por sua vez, se transformar\u00e1 em m\u00e1culas, significando novos sofrimentos para a elimina\u00e7\u00e3o das mesmas; assim, a sociedade de hoje est\u00e1 colocada dentro de um c\u00edrculo vicioso.<\/p>\n<p style=\"text-align: justify;\">Esse \u00e9 o motivo por que surgem as m\u00e1culas, que se transformam em sofrimentos; a\u00e7\u00e3o purificadora natural.<\/p>\n<p style=\"text-align: justify;\">Para o homem tornar-se feliz, o primeiro e mais importante passo \u00e9 n\u00e3o formar tais m\u00e1culas no esp\u00edrito.<\/p>\n<p>&nbsp;<br \/>\n<iframe src=\"http:\/\/www.facebook.com\/plugins\/like.php?href=  https:\/\/www.jinsai.org\/pt-BR\/johrei\/lei-da-purificacao &amp;%0Alayout=standard&amp;show_faces=false&amp;width=380&amp;action=like&amp;colorscheme=light&amp;height=25\" style=\"border: medium none ; ovew: hidden; width: 350px; height: 25px;\" allowtransparencyrflo=\"true\" scrolling=\"no\" frameborder=\"0\"><\/iframe><\/p>\n<div id=\"fb-root\"><\/div>\n<p><script src=\"http:\/\/connect.facebook.net\/pt_BR\/all.js#appId=APP_ID&amp;xfbml=1\"><\/script><fb:comments href=\"https:\/\/www.jinsai.org\/pt-BR\/johrei\/lei-da-purificacao\/\" num_posts=\"100\" width=\"500\"><\/fb:comments><meta property=\"fb:app_id\" content=\"171964893011161\"><\/p>\n<div id=\"fb-root\"><\/div>\n<p><script>(function(d, s, id) {<br \/>\n  var js, fjs = d.getElementsByTagName(s)[0];<br \/>\n  if (d.getElementById(id)) return;<br \/>\n  js = d.createElement(s); js.id = id;<br \/>\n  js.src = 'https:\/\/connect.facebook.net\/pt_BR\/sdk.js#xfbml=1&version=v3.0&appId=171964893011161&autoLogAppEvents=1';<br \/>\n  fjs.parentNode.insertBefore(js, fjs);<br \/>\n}(document, 'script', 'facebook-jssdk'));<\/script><\/p>\n<div class=\"fb-share-button\" data-href=\" https:\/\/www.jinsai.org\/pt-BR\/johrei\/lei-da-purificacao \" data-layout=\"button_count\" data-size=\"large\" data-mobile-iframe=\"true\"><a target=\"_blank\" href=\"https:\/\/www.facebook.com\/sharer\/sharer.php?u=http%3A%2F% https:\/\/www.jinsai.org\/pt-BR\/johrei\/lei-da-purificacao %2F&amp;src=sdkpreparse\" class=\"fb-xfbml-parse-ignore\" rel=\"noopener noreferrer\">Compartilhar<\/a><\/div>\n","protected":false},"excerpt":{"rendered":"<p>Todas as coisas seguem a Lei de Causa e Efeito. O fato de adoecermos, bem como o de nos depararmos com desgra\u00e7as, jamais ocorrer\u00e1 por acaso e sim por uma causa correspondente. Depois de eliminarmos essa causa, \u00e9 natural e \u00e9 verdade que todos n\u00f3s nos tornemos mais saud\u00e1veis e mais felizes. Assemelha-se \u00e0 tortura [&hellip;]<\/p>\n","protected":false},"author":1,"featured_media":0,"parent":121,"menu_order":0,"comment_status":"open","ping_status":"closed","template":"","meta":{"footnotes":""},"class_list":["post-4969","page","type-page","status-publish","hentry","post"],"_links":{"self":[{"href":"https:\/\/www.jinsai.org\/pt-BR\/wp-json\/wp\/v2\/pages\/4969","targetHints":{"allow":["GET"]}}],"collection":[{"href":"https:\/\/www.jinsai.org\/pt-BR\/wp-json\/wp\/v2\/pages"}],"about":[{"href":"https:\/\/www.jinsai.org\/pt-BR\/wp-json\/wp\/v2\/types\/page"}],"author":[{"embeddable":true,"href":"https:\/\/www.jinsai.org\/pt-BR\/wp-json\/wp\/v2\/users\/1"}],"replies":[{"embeddable":true,"href":"https:\/\/www.jinsai.org\/pt-BR\/wp-json\/wp\/v2\/comments?post=4969"}],"version-history":[{"count":1,"href":"https:\/\/www.jinsai.org\/pt-BR\/wp-json\/wp\/v2\/pages\/4969\/revisions"}],"predecessor-version":[{"id":4970,"href":"https:\/\/www.jinsai.org\/pt-BR\/wp-json\/wp\/v2\/pages\/4969\/revisions\/4970"}],"up":[{"embeddable":true,"href":"https:\/\/www.jinsai.org\/pt-BR\/wp-json\/wp\/v2\/pages\/121"}],"wp:attachment":[{"href":"https:\/\/www.jinsai.org\/pt-BR\/wp-json\/wp\/v2\/media?parent=4969"}],"curies":[{"name":"wp","href":"https:\/\/api.w.org\/{rel}","templated":true}]}}