{"id":5244,"date":"2019-09-12T14:53:33","date_gmt":"2019-09-12T17:53:33","guid":{"rendered":"http:\/\/www.jinsai.org\/pt-BR\/?page_id=5244"},"modified":"2022-02-21T12:08:36","modified_gmt":"2022-02-21T15:08:36","slug":"referencias","status":"publish","type":"page","link":"https:\/\/www.jinsai.org\/pt-BR\/pagina-inicial\/referencias\/","title":{"rendered":"Refer\u00eancias"},"content":{"rendered":"<p style=\"text-align: justify;\">Artigos e refer\u00eancias externas aos Ensinamentos que os completam:<\/p>\n<ul>\n<li style=\"text-align: justify;\"><a href=\"https:\/\/www.jinsai.org\/pt-BR\/referencias\/a-ciencia-crista-e-a-sekai-meshiya-kyo\/\">A Ci\u00eancia Crist\u00e3 e a Sekai Meshiya Kyo<\/a>: Texto escrito pelo Sr. Matsui Sei fazendo uma analogia entre a Ci\u00eancia Crist\u00e3, descoberta pela Sra. Mary Baker Eddy, e a Sekai Meshiya Kyo.<\/li>\n<li style=\"text-align: justify;\"><a href=\"https:\/\/www.jinsai.org\/pt-BR\/meishu-sama\/historia\/ser-discipulo\/\">Ser disc\u00edpulo<\/a>: An\u00e1lise psicol\u00f3gica da palavra &#8220;disc\u00edpulo&#8221; feita pelo Sr. Yumiji Hongo, disc\u00edpulo de Meishu-Sama, que gerou o Ensinamento &#8220;<a href=\"https:\/\/www.jinsai.org\/pt-BR\/meishu-sama\/historia\/sobre-os-meus-nomes\/\">Sobre os meus nomes<\/a>&#8221; (https:\/\/www.jinsai.org\/pt-BR\/meishu-sama\/historia\/ser-discipulo\/)<\/li>\n<li style=\"text-align: justify;\"><a href=\"https:\/\/www.jinsai.org\/pt-BR\/ensinamentos\/religiao\/flutuacao-atmosferica-no-oeste-japones\/\">Flutua\u00e7\u00e3o atmosf\u00e9rica no oeste japon\u00eas:<\/a> reportagem do jornal japon\u00eas Assahi, de 11 de fevereiro de 1955, sobre os estrondos misteriosos ocorridos no Jap\u00e3o por ocasi\u00e3o da <a href=\"https:\/\/www.jinsai.org\/pt-BR\/ensinamentos\/religiao\/irradiacao-da-luz-divina-especial-goshoten\/\">Ascens\u00e3o de Meishu-Sama<\/a>. (https:\/\/www.jinsai.org\/pt-BR\/ensinamentos\/religiao\/flutuacao-atmosferica-no-oeste-japones\/)<\/li>\n<li style=\"text-align: justify;\"><a href=\"https:\/\/www.jinsai.org\/pt-BR\/prototipos-do-paraiso-terrestre\/koomyo-dai\/trecho-da-entrevista-com-o-escritor-isamu-kurita\/\">Trecho da entrevista com o escritor Isamu Kurita<\/a>: relato da descoberta do asceta Shin-no-Gyoja, no <a href=\"https:\/\/www.jinsai.org\/pt-BR\/prototipos-do-paraiso-terrestre\/koomyo-dai\/\">Koomyo-Dai<\/a>, em Hakone, e a profecia por tr\u00e1s do acontecimento. (https:\/\/www.jinsai.org\/pt-BR\/prototipos-do-paraiso-terrestre\/koomyo-dai\/trecho-da-entrevista-com-o-escritor-isamu-kurita\/)<\/li>\n<li style=\"text-align: justify;\"><a href=\"https:\/\/www.jinsai.org\/pt-BR\/meishu-sama\/memorias\/poema-waka\/\">Poema Waka<\/a>: Reminisc\u00eancia do secret\u00e1rio pessoal de Meishu-Sama, Inoue Motokiti, sobre a import\u00e2ncia da poesia waka. (https:\/\/www.jinsai.org\/pt-BR\/meishu-sama\/memorias\/poema-waka)<\/li>\n<\/ul>\n<p style=\"text-align: justify;\">\n<p><iframe style=\"ovew: hidden; width: 350px; height: 25px;\" src=\"http:\/\/www.facebook.com\/plugins\/like.php?href=    https:\/\/www.jinsai.org\/pt-BR\/pagina-inicial\/referencias\/\/&amp;%0Alayout=standard&amp;show_faces=false&amp;width=380&amp;action=like&amp;colorscheme=light&amp;height=25\" frameborder=\"0\" scrolling=\"no\"><\/iframe><\/p>\n<div id=\"fb-root\"><\/div>\n<p><script src=\"http:\/\/connect.facebook.net\/pt_BR\/all.js#appId=APP_ID&amp;xfbml=1\"><\/script><\/p>\n<div id=\"fb-root\"><\/div>\n<p><script>(function(d, s, id) {<br \/>\n  var js, fjs = d.getElementsByTagName(s)[0];<br \/>\n  if (d.getElementById(id)) return;<br \/>\n  js = d.createElement(s); js.id = id;<br \/>\n  js.src = 'https:\/\/connect.facebook.net\/pt_BR\/sdk.js#xfbml=1&version=v3.0&appId=171964893011161&autoLogAppEvents=1';<br \/>\n  fjs.parentNode.insertBefore(js, fjs);<br \/>\n}(document, 'script', 'facebook-jssdk'));<\/script><\/p>\n<div class=\"fb-share-button\" data-href=\"  https:\/\/www.jinsai.org\/pt-BR\/pagina-inicial\/referencias\/\/\" data-layout=\"button_count\" data-size=\"large\" data-mobile-iframe=\"true\"><a class=\"fb-xfbml-parse-ignore\" href=\"https:\/\/www.facebook.com\/sharer\/sharer.php?u=http%3A%2F%   https:\/\/www.jinsai.org\/pt-BR\/pagina-inicial\/referencias\/\/%2F&amp;src=sdkpreparse\" target=\"_blank\" rel=\"noopener noreferrer\">Compartilhar<\/a><\/div>\n","protected":false},"excerpt":{"rendered":"<p>Artigos e refer\u00eancias externas aos Ensinamentos que os completam: A Ci\u00eancia Crist\u00e3 e a Sekai Meshiya Kyo: Texto escrito pelo Sr. Matsui Sei fazendo uma analogia entre a Ci\u00eancia Crist\u00e3, descoberta pela Sra. Mary Baker Eddy, e a Sekai Meshiya Kyo. Ser disc\u00edpulo: An\u00e1lise psicol\u00f3gica da palavra &#8220;disc\u00edpulo&#8221; feita pelo Sr. Yumiji Hongo, disc\u00edpulo de [&hellip;]<\/p>\n","protected":false},"author":1,"featured_media":0,"parent":23,"menu_order":0,"comment_status":"open","ping_status":"closed","template":"templates\/template-full.php","meta":{"footnotes":""},"class_list":["post-5244","page","type-page","status-publish","hentry","post"],"_links":{"self":[{"href":"https:\/\/www.jinsai.org\/pt-BR\/wp-json\/wp\/v2\/pages\/5244","targetHints":{"allow":["GET"]}}],"collection":[{"href":"https:\/\/www.jinsai.org\/pt-BR\/wp-json\/wp\/v2\/pages"}],"about":[{"href":"https:\/\/www.jinsai.org\/pt-BR\/wp-json\/wp\/v2\/types\/page"}],"author":[{"embeddable":true,"href":"https:\/\/www.jinsai.org\/pt-BR\/wp-json\/wp\/v2\/users\/1"}],"replies":[{"embeddable":true,"href":"https:\/\/www.jinsai.org\/pt-BR\/wp-json\/wp\/v2\/comments?post=5244"}],"version-history":[{"count":5,"href":"https:\/\/www.jinsai.org\/pt-BR\/wp-json\/wp\/v2\/pages\/5244\/revisions"}],"predecessor-version":[{"id":10498,"href":"https:\/\/www.jinsai.org\/pt-BR\/wp-json\/wp\/v2\/pages\/5244\/revisions\/10498"}],"up":[{"embeddable":true,"href":"https:\/\/www.jinsai.org\/pt-BR\/wp-json\/wp\/v2\/pages\/23"}],"wp:attachment":[{"href":"https:\/\/www.jinsai.org\/pt-BR\/wp-json\/wp\/v2\/media?parent=5244"}],"curies":[{"name":"wp","href":"https:\/\/api.w.org\/{rel}","templated":true}]}}