{"id":531,"date":"2018-06-05T22:08:46","date_gmt":"2018-06-06T01:08:46","guid":{"rendered":"http:\/\/www.jinsai.org\/pt-BR\/?page_id=531"},"modified":"2020-03-26T18:16:40","modified_gmt":"2020-03-26T21:16:40","slug":"locais-sagrados","status":"publish","type":"page","link":"https:\/\/www.jinsai.org\/pt-BR\/sagrado\/locais-sagrados\/","title":{"rendered":"Locais Sagrados"},"content":{"rendered":"<div id=\"pl-531\"  class=\"panel-layout\" ><div id=\"pg-531-0\"  class=\"panel-grid panel-no-style\" ><div id=\"pgc-531-0-0\"  class=\"panel-grid-cell\" ><div id=\"panel-531-0-0-0\" class=\"so-panel widget_sow-editor panel-first-child\" data-index=\"0\" ><div\n\t\t\t\n\t\t\tclass=\"so-widget-sow-editor so-widget-sow-editor-base\"\n\t\t\t\n\t\t>\n<div class=\"siteorigin-widget-tinymce textwidget\">\n\t<p class=\"style3\" align=\"justify\">Ao longo de Sua vida, o Mestre Jinsai conheceu muitos lugares que tinham alguma rela\u00e7\u00e3o especial com a Divina Obra que Ele executava. Mostraremos, aqui, alguns deles.<\/p>\n<p align=\"justify\">\n<\/div>\n<\/div><\/div><div id=\"panel-531-0-0-1\" class=\"so-panel widget_siteorigin-panels-postloop\" data-index=\"1\" >\n\t<div id=\"vantage-circleicon-loop\" class=\"vantage-circleicon-loop circleicon-loop-columns-3\">\n\n\t\t<div class=\"widget widget_circleicon-widget\">\t\t<div class=\"circle-icon-box circle-icon-position-top circle-icon-hide-box circle-icon-size-small\">\n\t\t\t<div class=\"circle-icon-wrapper\">\n\t\t\t\t<a href=\"https:\/\/www.jinsai.org\/pt-BR\/sagrado\/locais-sagrados\/shaka-do\/\" class=\"link-icon\" >\t\t\t\t<div class=\"circle-icon icon-style-set\" style=\"background-image: url(https:\/\/www.jinsai.org\/pt-BR\/wp-content\/uploads\/2019\/08\/shaka-do-150x150.jpg)\">\n\t\t\t\t\t\t\t\t\t<\/div>\n\t\t\t\t<\/a>\t\t\t<\/div>\n\n\t\t\t<a href=\"https:\/\/www.jinsai.org\/pt-BR\/sagrado\/locais-sagrados\/shaka-do\/\" class=\"link-title\" >\t\t\t<h5 >Locais Sagrados<\/h5>\t\t\t<h4 >SHAKA-DO<\/h4>\t\t\t<\/a>\n\t\t\t<p class=\"text\" >TEMPLO SEIRYO-JI O Seiryo-ji \u00e9 um templo Jodo conhecido como Saga-no-shaka-do (o templo de Saga em Shaka). O \u00eddolo principal de culto \u00e9 a est\u00e1tua de Shaka Nyorai, que foi trazida de China pelo sacerdote Chonen em 987. A imagem de Shaka \u00e9 um tesouro nacional, e dentro da est\u00e1tua h\u00e1 escrituras feitas de seda [&hellip;]<\/p>\t\t\t\t\t\t\t<a href=\"https:\/\/www.jinsai.org\/pt-BR\/sagrado\/locais-sagrados\/shaka-do\/\" class=\"more-button\" >Continue lendo <i><\/i><\/a>\n\t\t\t\t\t<\/div>\n\t\t<\/div><div class=\"widget widget_circleicon-widget\">\t\t<div class=\"circle-icon-box circle-icon-position-top circle-icon-hide-box circle-icon-size-small\">\n\t\t\t<div class=\"circle-icon-wrapper\">\n\t\t\t\t<a href=\"https:\/\/www.jinsai.org\/pt-BR\/sagrado\/locais-sagrados\/fuji-san\/\" class=\"link-icon\" >\t\t\t\t<div class=\"circle-icon icon-style-set\" style=\"background-image: url(https:\/\/www.jinsai.org\/pt-BR\/wp-content\/uploads\/2019\/01\/004-150x150.jpg)\">\n\t\t\t\t\t\t\t\t\t<\/div>\n\t\t\t\t<\/a>\t\t\t<\/div>\n\n\t\t\t<a href=\"https:\/\/www.jinsai.org\/pt-BR\/sagrado\/locais-sagrados\/fuji-san\/\" class=\"link-title\" >\t\t\t<h5 >Locais Sagrados<\/h5>\t\t\t<h4 >FUJI-SAN<\/h4>\t\t\t<\/a>\n\t\t\t<p class=\"text\" >O Monte Fuji (em japon\u00eas \u5bcc\u58eb\u5c71 Fuji-san) \u00e9 a mais alta montanha da ilha de Honshu e de todo o arquip\u00e9lago japon\u00eas. \u00c9 um vulc\u00e3o ativo, por\u00e9m de baixo risco de erup\u00e7\u00e3o. O Monte Fuji localiza-se a oeste de T\u00f3quio (de onde pode ser visto num dia limpo) pr\u00f3ximo da costa do Oceano Pac\u00edfico da [&hellip;]<\/p>\t\t\t\t\t\t\t<a href=\"https:\/\/www.jinsai.org\/pt-BR\/sagrado\/locais-sagrados\/fuji-san\/\" class=\"more-button\" >Continue lendo <i><\/i><\/a>\n\t\t\t\t\t<\/div>\n\t\t<\/div><div class=\"widget widget_circleicon-widget\">\t\t<div class=\"circle-icon-box circle-icon-position-top circle-icon-hide-box circle-icon-size-small\">\n\t\t\t<div class=\"circle-icon-wrapper\">\n\t\t\t\t<a href=\"https:\/\/www.jinsai.org\/pt-BR\/sagrado\/locais-sagrados\/biwa-ko\/\" class=\"link-icon\" >\t\t\t\t<div class=\"circle-icon icon-style-set\" style=\"background-image: url(https:\/\/www.jinsai.org\/pt-BR\/wp-content\/uploads\/2018\/10\/lake-biwa-869x500-150x150.jpg)\">\n\t\t\t\t\t\t\t\t\t<\/div>\n\t\t\t\t<\/a>\t\t\t<\/div>\n\n\t\t\t<a href=\"https:\/\/www.jinsai.org\/pt-BR\/sagrado\/locais-sagrados\/biwa-ko\/\" class=\"link-title\" >\t\t\t<h5 >Locais Sagrados<\/h5>\t\t\t<h4 >BIWA-KO<\/h4>\t\t\t<\/a>\n\t\t\t<p class=\"text\" >O Lago Biwa \u7435\u7436\u6e56 (Biwa-ko), com 670&nbsp;km\u00b2, \u00e9 o maior lago de \u00e1gua doce do Jap\u00e3o e um dos mais antigos do mundo (originado numa falha tect\u00f4nica). Est\u00e1 localizado em Honshu, no Jap\u00e3o. A origem do nome Biwa est\u00e1 relacionada ao formato do lago: uma biwa \u00e9 um ala\u00fade de quatro cordas, instrumento musical trazido [&hellip;]<\/p>\t\t\t\t\t\t\t<a href=\"https:\/\/www.jinsai.org\/pt-BR\/sagrado\/locais-sagrados\/biwa-ko\/\" class=\"more-button\" >Continue lendo <i><\/i><\/a>\n\t\t\t\t\t<\/div>\n\t\t<\/div><div class=\"clear\"><\/div><div class=\"widget widget_circleicon-widget\">\t\t<div class=\"circle-icon-box circle-icon-position-top circle-icon-hide-box circle-icon-size-small\">\n\t\t\t<div class=\"circle-icon-wrapper\">\n\t\t\t\t<a href=\"https:\/\/www.jinsai.org\/pt-BR\/sagrado\/locais-sagrados\/nokogiri-yama\/\" class=\"link-icon\" >\t\t\t\t<div class=\"circle-icon icon-style-set\" style=\"background-image: url(https:\/\/www.jinsai.org\/pt-BR\/wp-content\/uploads\/2018\/06\/DSC06065-150x150.jpg)\">\n\t\t\t\t\t\t\t\t\t<\/div>\n\t\t\t\t<\/a>\t\t\t<\/div>\n\n\t\t\t<a href=\"https:\/\/www.jinsai.org\/pt-BR\/sagrado\/locais-sagrados\/nokogiri-yama\/\" class=\"link-title\" >\t\t\t<h5 >Locais Sagrados<\/h5>\t\t\t<h4 >NOKOGIRI-YAMA<\/h4>\t\t\t<\/a>\n\t\t\t<p class=\"text\" >Em meados de maio de 1931, o Mestre Jinsai recebeu a seguinte Ordem de Deus: &#8220;No dia 15 de junho, v\u00e1 ao Templo Nihon-ji, no Monte Nokoguiri, situada em Boshu, no Estado de Tiba&#8221;. O Monte Nokogiri&nbsp;(&#8220;Nokogiri-yama&#8221;, em japon\u00eas) \u00e9 uma baixa montanha (329,5 metros) na Pen\u00ednsula de Boso, estado de Honshu, no Jap\u00e3o. Fica [&hellip;]<\/p>\t\t\t\t\t\t\t<a href=\"https:\/\/www.jinsai.org\/pt-BR\/sagrado\/locais-sagrados\/nokogiri-yama\/\" class=\"more-button\" >Continue lendo <i><\/i><\/a>\n\t\t\t\t\t<\/div>\n\t\t<\/div><div class=\"widget widget_circleicon-widget\">\t\t<div class=\"circle-icon-box circle-icon-position-top circle-icon-hide-box circle-icon-size-small\">\n\t\t\t<div class=\"circle-icon-wrapper\">\n\t\t\t\t<a href=\"https:\/\/www.jinsai.org\/pt-BR\/sagrado\/locais-sagrados\/nihon-ji\/\" class=\"link-icon\" >\t\t\t\t<div class=\"circle-icon icon-style-set\" style=\"background-image: url(https:\/\/www.jinsai.org\/pt-BR\/wp-content\/uploads\/2018\/06\/1200px-Nihonji_daibutsu-150x150.jpg)\">\n\t\t\t\t\t\t\t\t\t<\/div>\n\t\t\t\t<\/a>\t\t\t<\/div>\n\n\t\t\t<a href=\"https:\/\/www.jinsai.org\/pt-BR\/sagrado\/locais-sagrados\/nihon-ji\/\" class=\"link-title\" >\t\t\t<h5 >Locais Sagrados<\/h5>\t\t\t<h4 >NIHON-JI<\/h4>\t\t\t<\/a>\n\t\t\t<p class=\"text\" >A partir do dia 4 de fevereiro de 1928, o Mestre Jinsai, que, atrav\u00e9s do transe de 1926, se conscientizara da sua importante miss\u00e3o de salvar o mundo, solidificou a decis\u00e3o de dedicar-se de corpo e alma \u00e0 Obra Divina. Tr\u00eas anos mais tarde, em meados de maio de 1931, ele recebeu a seguinte Ordem [&hellip;]<\/p>\t\t\t\t\t\t\t<a href=\"https:\/\/www.jinsai.org\/pt-BR\/sagrado\/locais-sagrados\/nihon-ji\/\" class=\"more-button\" >Continue lendo <i><\/i><\/a>\n\t\t\t\t\t<\/div>\n\t\t<\/div><div class=\"widget widget_circleicon-widget\">\t\t<div class=\"circle-icon-box circle-icon-position-top circle-icon-hide-box circle-icon-size-small\">\n\t\t\t<div class=\"circle-icon-wrapper\">\n\t\t\t\t<a href=\"https:\/\/www.jinsai.org\/pt-BR\/sagrado\/locais-sagrados\/horyu-ji\/\" class=\"link-icon\" >\t\t\t\t<div class=\"circle-icon icon-style-set\" style=\"background-image: url(https:\/\/www.jinsai.org\/pt-BR\/wp-content\/uploads\/2018\/06\/Horyuji_temple_near_Nara-150x150.jpg)\">\n\t\t\t\t\t\t\t\t\t<\/div>\n\t\t\t\t<\/a>\t\t\t<\/div>\n\n\t\t\t<a href=\"https:\/\/www.jinsai.org\/pt-BR\/sagrado\/locais-sagrados\/horyu-ji\/\" class=\"link-title\" >\t\t\t<h5 >Locais Sagrados<\/h5>\t\t\t<h4 >HORYU-JI<\/h4>\t\t\t<\/a>\n\t\t\t<p class=\"text\" >Nas duas viagens mission\u00e1rias feitas a Kyoto em 1951, o Mestre Jinsai visitou os principais monumentos da regi\u00e3o. Na viagem a Nara, realizada na primavera de 1952, visitou o Templo Kofuku-ji e o Santu\u00e1rio Kassuga Taisha, que prosperaram bastante sob a prote\u00e7\u00e3o dos Fujiwara, com os quais tinham profunda afinidade. Nessa ocasi\u00e3o, Ele esteve tamb\u00e9m [&hellip;]<\/p>\t\t\t\t\t\t\t<a href=\"https:\/\/www.jinsai.org\/pt-BR\/sagrado\/locais-sagrados\/horyu-ji\/\" class=\"more-button\" >Continue lendo <i><\/i><\/a>\n\t\t\t\t\t<\/div>\n\t\t<\/div><div class=\"clear\"><\/div>\t<\/div>\n\t<\/div><div id=\"panel-531-0-0-2\" class=\"widget_text so-panel widget_custom_html panel-last-child\" data-index=\"2\" ><div class=\"textwidget custom-html-widget\"><iframe src=\"http:\/\/www.facebook.com\/plugins\/like.php?href= http:\/\/www.jinsai.org\/pt-BR\/sagrado\/locais-sagrados\/&%0Alayout=standard&show_faces=false&width=380&action=like&colorscheme=light&height=25\" style=\"border: medium none ; overflow: hidden; width: 350px; height: 25px;\" allowtransparency=\"true\" frameborder=\"0\" scrolling=\"no\"><\/iframe>\n\n<div id=\"fb-root\"><\/div><script src=\"http:\/\/connect.facebook.net\/pt_BR\/all.js#appId=APP_ID&amp;xfbml=1\"><\/script><fb:comments href=\"http:\/\/www.jinsai.org\/pt-BR\/sagrado\/locais-sagrados\/\" num_posts=\"100\" width=\"500\"><\/fb:comments><meta property='fb:app_id' content='171964893011161'\/> \n\n<div id=\"fb-root\"><\/div>\n<script>(function(d, s, id) {\n  var js, fjs = d.getElementsByTagName(s)[0];\n  if (d.getElementById(id)) return;\n  js = d.createElement(s); js.id = id;\n  js.src = 'https:\/\/connect.facebook.net\/pt_BR\/sdk.js#xfbml=1&version=v3.0&appId=171964893011161&autoLogAppEvents=1';\n  fjs.parentNode.insertBefore(js, fjs);\n}(document, 'script', 'facebook-jssdk'));<\/script>\n<div class=\"fb-share-button\" data-href=\"http:\/\/www.jinsai.org\/pt-BR\/sagrado\/locais-sagrados\/\" data-layout=\"button_count\" data-size=\"large\" data-mobile-iframe=\"true\"><a target=\"_blank\" href=\"https:\/\/www.facebook.com\/sharer\/sharer.php?u=http%3A%2F%2Fwww.jinsai.org%2Fpt-BR%2Fsagrado%2Flocais-sagrados%2F&amp;src=sdkpreparse\" class=\"fb-xfbml-parse-ignore\">Compartilhar<\/a><\/div>\n<\/div><\/div><\/div><\/div><\/div>","protected":false},"excerpt":{"rendered":"<p>Ao longo de Sua vida, o Mestre Jinsai conheceu muitos lugares que tinham alguma rela\u00e7\u00e3o especial com a Divina Obra que Ele executava. Mostraremos, aqui, alguns deles.<\/p>\n","protected":false},"author":1,"featured_media":0,"parent":885,"menu_order":0,"comment_status":"open","ping_status":"closed","template":"","meta":{"footnotes":""},"class_list":["post-531","page","type-page","status-publish","hentry","post","post-with-thumbnail","post-with-thumbnail-icon"],"_links":{"self":[{"href":"https:\/\/www.jinsai.org\/pt-BR\/wp-json\/wp\/v2\/pages\/531","targetHints":{"allow":["GET"]}}],"collection":[{"href":"https:\/\/www.jinsai.org\/pt-BR\/wp-json\/wp\/v2\/pages"}],"about":[{"href":"https:\/\/www.jinsai.org\/pt-BR\/wp-json\/wp\/v2\/types\/page"}],"author":[{"embeddable":true,"href":"https:\/\/www.jinsai.org\/pt-BR\/wp-json\/wp\/v2\/users\/1"}],"replies":[{"embeddable":true,"href":"https:\/\/www.jinsai.org\/pt-BR\/wp-json\/wp\/v2\/comments?post=531"}],"version-history":[{"count":18,"href":"https:\/\/www.jinsai.org\/pt-BR\/wp-json\/wp\/v2\/pages\/531\/revisions"}],"predecessor-version":[{"id":6721,"href":"https:\/\/www.jinsai.org\/pt-BR\/wp-json\/wp\/v2\/pages\/531\/revisions\/6721"}],"up":[{"embeddable":true,"href":"https:\/\/www.jinsai.org\/pt-BR\/wp-json\/wp\/v2\/pages\/885"}],"wp:attachment":[{"href":"https:\/\/www.jinsai.org\/pt-BR\/wp-json\/wp\/v2\/media?parent=531"}],"curies":[{"name":"wp","href":"https:\/\/api.w.org\/{rel}","templated":true}]}}