{"id":5318,"date":"2019-09-25T07:27:39","date_gmt":"2019-09-25T10:27:39","guid":{"rendered":"http:\/\/www.jinsai.org\/pt-BR\/?page_id=5318"},"modified":"2019-09-25T07:34:27","modified_gmt":"2019-09-25T10:34:27","slug":"volume-4-o-mundo-de-miroku","status":"publish","type":"page","link":"https:\/\/www.jinsai.org\/pt-BR\/ensinamentos\/criacao-da-civilizacao\/volume-4-o-mundo-de-miroku\/","title":{"rendered":"Volume 4 &#8211; O Mundo de Miroku"},"content":{"rendered":"<div id=\"pl-5318\"  class=\"panel-layout\" ><div id=\"pg-5318-0\"  class=\"panel-grid panel-no-style\" ><div id=\"pgc-5318-0-0\"  class=\"panel-grid-cell\" ><div id=\"panel-5318-0-0-0\" class=\"so-panel widget_siteorigin-panels-postloop panel-first-child\" data-index=\"0\" >\n\t<div id=\"vantage-circleicon-loop\" class=\"vantage-circleicon-loop circleicon-loop-columns-3\">\n\n\t\t<div class=\"widget widget_circleicon-widget\">\t\t<div class=\"circle-icon-box circle-icon-position-top circle-icon-hide-box circle-icon-size-small\">\n\t\t\t<div class=\"circle-icon-wrapper\">\n\t\t\t\t<a href=\"https:\/\/www.jinsai.org\/pt-BR\/ensinamentos\/criacao-da-civilizacao\/volume-4-o-mundo-de-miroku\/capitulo-49-o-verdadeiro-aspecto-do-mundo-de-miroku\/\" class=\"link-icon\" >\t\t\t\t<div class=\"circle-icon icon-style-set\" style=\"background-image: url(https:\/\/www.jinsai.org\/pt-BR\/wp-content\/uploads\/2018\/12\/Logo-Cria\u00e7\u00e3o-Small-e1545916460164.jpg)\">\n\t\t\t\t\t\t\t\t\t<\/div>\n\t\t\t\t<\/a>\t\t\t<\/div>\n\n\t\t\t<a href=\"https:\/\/www.jinsai.org\/pt-BR\/ensinamentos\/criacao-da-civilizacao\/volume-4-o-mundo-de-miroku\/capitulo-49-o-verdadeiro-aspecto-do-mundo-de-miroku\/\" class=\"link-title\" >\t\t\t<h5 >Volume 4 &#8211; O Mundo de Miroku<\/h5>\t\t\t<h4 >CAP\u00cdTULO 49 &#8211; O VERDADEIRO ASPECTO DO MUNDO DE MIROKU<\/h4>\t\t\t<\/a>\n\t\t\t<p class=\"text\" >O VERDADEIRO ASPECTO DO MUNDO DE MIROKU[1] Costumam me perguntar como seria o Para\u00edso Terrestre de que eu sempre falo. Tantas vezes eu pensei em escrever sobre como seria a situa\u00e7\u00e3o do mundo um s\u00e9culo depois, que eu pude conhecer pela Revela\u00e7\u00e3o Divina de 1926, mas sentia que n\u00e3o era chegada a hora e acabei [&hellip;]<\/p>\t\t\t\t\t\t\t<a href=\"https:\/\/www.jinsai.org\/pt-BR\/ensinamentos\/criacao-da-civilizacao\/volume-4-o-mundo-de-miroku\/capitulo-49-o-verdadeiro-aspecto-do-mundo-de-miroku\/\" class=\"more-button\" >Continue lendo <i><\/i><\/a>\n\t\t\t\t\t<\/div>\n\t\t<\/div><div class=\"widget widget_circleicon-widget\">\t\t<div class=\"circle-icon-box circle-icon-position-top circle-icon-hide-box circle-icon-size-small\">\n\t\t\t<div class=\"circle-icon-wrapper\">\n\t\t\t\t<a href=\"https:\/\/www.jinsai.org\/pt-BR\/ensinamentos\/criacao-da-civilizacao\/volume-4-o-mundo-de-miroku\/capitulo-48-reino-dos-ceus\/\" class=\"link-icon\" >\t\t\t\t<div class=\"circle-icon icon-style-set\" style=\"background-image: url(https:\/\/www.jinsai.org\/pt-BR\/wp-content\/uploads\/2018\/12\/Logo-Cria\u00e7\u00e3o-Small-e1545916460164.jpg)\">\n\t\t\t\t\t\t\t\t\t<\/div>\n\t\t\t\t<\/a>\t\t\t<\/div>\n\n\t\t\t<a href=\"https:\/\/www.jinsai.org\/pt-BR\/ensinamentos\/criacao-da-civilizacao\/volume-4-o-mundo-de-miroku\/capitulo-48-reino-dos-ceus\/\" class=\"link-title\" >\t\t\t<h5 >Volume 4 &#8211; O Mundo de Miroku<\/h5>\t\t\t<h4 >CAP\u00cdTULO 48 &#8211; REINO DOS C\u00c9US<\/h4>\t\t\t<\/a>\n\t\t\t<p class=\"text\" >Como chegamos ao final desta obra, ap\u00f3s ter escrito o cap\u00edtulo de ci\u00eancia e o cap\u00edtulo de religi\u00e3o, eu quero dizer algo a respeito do Para\u00edso vindouro, o Reino dos C\u00e9us. Entretanto, essa minha tese \u00e9, no seu verdadeiro sentido, sem precedentes, e como tamb\u00e9m ser\u00e1 a raiz e o tronco do plano da constru\u00e7\u00e3o [&hellip;]<\/p>\t\t\t\t\t\t\t<a href=\"https:\/\/www.jinsai.org\/pt-BR\/ensinamentos\/criacao-da-civilizacao\/volume-4-o-mundo-de-miroku\/capitulo-48-reino-dos-ceus\/\" class=\"more-button\" >Continue lendo <i><\/i><\/a>\n\t\t\t\t\t<\/div>\n\t\t<\/div>\t<\/div>\n\t<\/div><div id=\"panel-5318-0-0-1\" class=\"widget_text so-panel widget_custom_html panel-last-child\" data-index=\"1\" ><div class=\"textwidget custom-html-widget\">\n\n\n&nbsp;\n\n\n<iframe\nsrc=\"http:\/\/www.facebook.com\/plugins\/like.php?href=\u00a0 \u00a0\u00a0http:\/\/www.jinsai.org\/pt-BR\/ensinamentos\/criacao-da-civilizacao\/volume-4-o-mundo-de-miroku\/&%0Alayout=standard&show_faces=false&width=380&action=like&colorscheme=light&height=25\"\nstyle=\"border: medium none ; ovew: hidden; width: 350px; height:\n25px;\" allowtransparencyrflo =\"true\" frameborder=\"0\"\nscrolling=\"no\"><\/iframe>\n\n\n\u00a0\n\n\n<div\nid=\"fb-root\"><\/div><script\nsrc=\"http:\/\/connect.facebook.net\/pt_BR\/all.js#appId=APP_ID&amp;xfbml=1\"><\/script><fb:comments\nhref=\" \u00a0http:\/\/www.jinsai.org\/pt-BR\/ensinamentos\/criacao-da-civilizacao\/volume-4-o-mundo-de-miroku\/\"\nnum_posts=\"100\" width=\"500\"><\/fb:comments><meta\nproperty='fb:app_id' content='171964893011161'\/> \n\n\n\u00a0\n\n\n<div\nid=\"fb-root\"><\/div>\n\n\n<script>(function(d,\ns, id) {\n\n\n\u00a0 var js, fjs = d.getElementsByTagName(s)[0];\n\n\n\u00a0 if (d.getElementById(id)) return;\n\n\n\u00a0 js = d.createElement(s); js.id = id;\n\n\n\u00a0 js.src =\n'https:\/\/connect.facebook.net\/pt_BR\/sdk.js#xfbml=1&version=v3.0&appId=171964893011161&autoLogAppEvents=1';\n\n\n\u00a0 fjs.parentNode.insertBefore(js, fjs);\n\n\n}(document,\n'script', 'facebook-jssdk'));<\/script>\n\n\n<div\nclass=\"fb-share-button\" data-href=\" \u00a0http:\/\/www.jinsai.org\/pt-BR\/ensinamentos\/criacao-da-civilizacao\/volume-4-o-mundo-de-miroku\/\"\ndata-layout=\"button_count\" data-size=\"large\"\ndata-mobile-iframe=\"true\"><a target=\"_blank\"\nhref=\"https:\/\/www.facebook.com\/sharer\/sharer.php?u=http%3A%2F% \u00a0\u00a0http:\/\/www.jinsai.org\/pt-BR\/ensinamentos\/criacao-da-civilizacao\/volume-4-o-mundo-de-miroku\/%2F&amp;src=sdkpreparse\"\nclass=\"fb-xfbml-parse-ignore\">Compartilhar<\/a><\/div>\n\n\n<\/div><\/div><\/div><\/div><\/div>","protected":false},"excerpt":{"rendered":"<p>Como chegamos ao final desta obra, ap\u00f3s ter escrito o cap\u00edtulo de ci\u00eancia e o cap\u00edtulo de religi\u00e3o, eu quero dizer algo a respeito do Para\u00edso vindouro, o Reino dos C\u00e9us. Entretanto, essa minha tese \u00e9, no seu verdadeiro sentido, sem precedentes, e como tamb\u00e9m ser\u00e1 a raiz e o tronco do plano da constru\u00e7\u00e3o [&hellip;]<\/p>\n","protected":false},"author":1,"featured_media":0,"parent":3624,"menu_order":0,"comment_status":"closed","ping_status":"closed","template":"templates\/template-full.php","meta":{"footnotes":""},"class_list":["post-5318","page","type-page","status-publish","hentry","post","post-with-thumbnail","post-with-thumbnail-icon"],"_links":{"self":[{"href":"https:\/\/www.jinsai.org\/pt-BR\/wp-json\/wp\/v2\/pages\/5318","targetHints":{"allow":["GET"]}}],"collection":[{"href":"https:\/\/www.jinsai.org\/pt-BR\/wp-json\/wp\/v2\/pages"}],"about":[{"href":"https:\/\/www.jinsai.org\/pt-BR\/wp-json\/wp\/v2\/types\/page"}],"author":[{"embeddable":true,"href":"https:\/\/www.jinsai.org\/pt-BR\/wp-json\/wp\/v2\/users\/1"}],"replies":[{"embeddable":true,"href":"https:\/\/www.jinsai.org\/pt-BR\/wp-json\/wp\/v2\/comments?post=5318"}],"version-history":[{"count":5,"href":"https:\/\/www.jinsai.org\/pt-BR\/wp-json\/wp\/v2\/pages\/5318\/revisions"}],"predecessor-version":[{"id":5329,"href":"https:\/\/www.jinsai.org\/pt-BR\/wp-json\/wp\/v2\/pages\/5318\/revisions\/5329"}],"up":[{"embeddable":true,"href":"https:\/\/www.jinsai.org\/pt-BR\/wp-json\/wp\/v2\/pages\/3624"}],"wp:attachment":[{"href":"https:\/\/www.jinsai.org\/pt-BR\/wp-json\/wp\/v2\/media?parent=5318"}],"curies":[{"name":"wp","href":"https:\/\/api.w.org\/{rel}","templated":true}]}}