{"id":5341,"date":"2019-09-27T09:22:05","date_gmt":"2019-09-27T12:22:05","guid":{"rendered":"http:\/\/www.jinsai.org\/pt-BR\/?page_id=5341"},"modified":"2019-09-27T09:22:05","modified_gmt":"2019-09-27T12:22:05","slug":"adendo","status":"publish","type":"page","link":"https:\/\/www.jinsai.org\/pt-BR\/ensinamentos\/criacao-da-civilizacao\/adendo\/","title":{"rendered":"Adendo"},"content":{"rendered":"<div id=\"pl-5341\"  class=\"panel-layout\" ><div id=\"pg-5341-0\"  class=\"panel-grid panel-no-style\" ><div id=\"pgc-5341-0-0\"  class=\"panel-grid-cell\" ><div id=\"panel-5341-0-0-0\" class=\"so-panel widget_siteorigin-panels-postloop panel-first-child\" data-index=\"0\" >\n\t<div id=\"vantage-circleicon-loop\" class=\"vantage-circleicon-loop circleicon-loop-columns-3\">\n\n\t\t<div class=\"widget widget_circleicon-widget\">\t\t<div class=\"circle-icon-box circle-icon-position-top circle-icon-hide-box circle-icon-size-small\">\n\t\t\t<div class=\"circle-icon-wrapper\">\n\t\t\t\t<a href=\"https:\/\/www.jinsai.org\/pt-BR\/ensinamentos\/criacao-da-civilizacao\/adendo\/kobukurin-099-e-itchirin-001\/\" class=\"link-icon\" >\t\t\t\t<div class=\"circle-icon icon-style-set\" style=\"background-image: url(https:\/\/www.jinsai.org\/pt-BR\/wp-content\/uploads\/2018\/12\/Logo-Cria\u00e7\u00e3o-Small-e1545916460164.jpg)\">\n\t\t\t\t\t\t\t\t\t<\/div>\n\t\t\t\t<\/a>\t\t\t<\/div>\n\n\t\t\t<a href=\"https:\/\/www.jinsai.org\/pt-BR\/ensinamentos\/criacao-da-civilizacao\/adendo\/kobukurin-099-e-itchirin-001\/\" class=\"link-title\" >\t\t\t<h5 >Adendo<\/h5>\t\t\t<h4 >KOBUKURIN (0,99) E ITCHIRIN (0,01)<\/h4>\t\t\t<\/a>\n\t\t\t<p class=\"text\" >Meishu-Sama costumava empregar o s\u00edmbolo \u0298 para explicar kobukurin (0,99) e itchirin (0,01).Todas as coisas na Natureza t\u00eam uma forma circular: o Sol, a Lua e a Terra, evidentemente, mas tamb\u00e9m os esp\u00edritos quando se locomovem e as pr\u00f3prias divindades, que se movimentam como bolas de luz. Contudo, somente quando surge um ponto dentro do [&hellip;]<\/p>\t\t\t\t\t\t\t<a href=\"https:\/\/www.jinsai.org\/pt-BR\/ensinamentos\/criacao-da-civilizacao\/adendo\/kobukurin-099-e-itchirin-001\/\" class=\"more-button\" >Continue lendo <i><\/i><\/a>\n\t\t\t\t\t<\/div>\n\t\t<\/div>\t<\/div>\n\t<\/div><div id=\"panel-5341-0-0-1\" class=\"widget_text so-panel widget_custom_html panel-last-child\" data-index=\"1\" ><div class=\"textwidget custom-html-widget\">\n\n\n&nbsp;\n\n\n<iframe\nsrc=\"http:\/\/www.facebook.com\/plugins\/like.php?href=\u00a0 \u00a0\u00a0http:\/\/www.jinsai.org\/pt-BR\/ensinamentos\/criacao-da-civilizacao\/adendo&%0Alayout=standard&show_faces=false&width=380&action=like&colorscheme=light&height=25\"\nstyle=\"border: medium none ; ovew: hidden; width: 350px; height:\n25px;\" allowtransparencyrflo =\"true\" frameborder=\"0\"\nscrolling=\"no\"><\/iframe>\n\n\n\u00a0\n\n\n<div\nid=\"fb-root\"><\/div><script\nsrc=\"http:\/\/connect.facebook.net\/pt_BR\/all.js#appId=APP_ID&amp;xfbml=1\"><\/script><fb:comments\nhref=\" \u00a0http:\/\/www.jinsai.org\/pt-BR\/ensinamentos\/criacao-da-civilizacao\/adendo\"\nnum_posts=\"100\" width=\"500\"><\/fb:comments><meta\nproperty='fb:app_id' content='171964893011161'\/> \n\n\n\u00a0\n\n\n<div\nid=\"fb-root\"><\/div>\n\n\n<script>(function(d,\ns, id) {\n\n\n\u00a0 var js, fjs = d.getElementsByTagName(s)[0];\n\n\n\u00a0 if (d.getElementById(id)) return;\n\n\n\u00a0 js = d.createElement(s); js.id = id;\n\n\n\u00a0 js.src = 'https:\/\/connect.facebook.net\/pt_BR\/sdk.js#xfbml=1&version=v3.0&appId=171964893011161&autoLogAppEvents=1';\n\n\n\u00a0 fjs.parentNode.insertBefore(js, fjs);\n\n\n}(document,\n'script', 'facebook-jssdk'));<\/script>\n\n\n<div\nclass=\"fb-share-button\" data-href=\" \u00a0http:\/\/www.jinsai.org\/pt-BR\/ensinamentos\/criacao-da-civilizacao\/adendo\"\ndata-layout=\"button_count\" data-size=\"large\"\ndata-mobile-iframe=\"true\"><a target=\"_blank\"\nhref=\"https:\/\/www.facebook.com\/sharer\/sharer.php?u=http%3A%2F% \u00a0\u00a0http:\/\/www.jinsai.org\/pt-BR\/ensinamentos\/criacao-da-civilizacao\/adendo%2F&amp;src=sdkpreparse\"\nclass=\"fb-xfbml-parse-ignore\">Compartilhar<\/a><\/div>\n\n\n\n\n\n<\/div><\/div><\/div><\/div><\/div>","protected":false},"excerpt":{"rendered":"<p>Meishu-Sama costumava empregar o s\u00edmbolo \u0298 para explicar kobukurin (0,99) e itchirin (0,01).Todas as coisas na Natureza t\u00eam uma forma circular: o Sol, a Lua e a Terra, evidentemente, mas tamb\u00e9m os esp\u00edritos quando se locomovem e as pr\u00f3prias divindades, que se movimentam como bolas de luz. Contudo, somente quando surge um ponto dentro do [&hellip;]<\/p>\n","protected":false},"author":1,"featured_media":0,"parent":3624,"menu_order":0,"comment_status":"closed","ping_status":"closed","template":"templates\/template-full.php","meta":{"footnotes":""},"class_list":["post-5341","page","type-page","status-publish","hentry","post","post-with-thumbnail","post-with-thumbnail-icon"],"_links":{"self":[{"href":"https:\/\/www.jinsai.org\/pt-BR\/wp-json\/wp\/v2\/pages\/5341","targetHints":{"allow":["GET"]}}],"collection":[{"href":"https:\/\/www.jinsai.org\/pt-BR\/wp-json\/wp\/v2\/pages"}],"about":[{"href":"https:\/\/www.jinsai.org\/pt-BR\/wp-json\/wp\/v2\/types\/page"}],"author":[{"embeddable":true,"href":"https:\/\/www.jinsai.org\/pt-BR\/wp-json\/wp\/v2\/users\/1"}],"replies":[{"embeddable":true,"href":"https:\/\/www.jinsai.org\/pt-BR\/wp-json\/wp\/v2\/comments?post=5341"}],"version-history":[{"count":2,"href":"https:\/\/www.jinsai.org\/pt-BR\/wp-json\/wp\/v2\/pages\/5341\/revisions"}],"predecessor-version":[{"id":5343,"href":"https:\/\/www.jinsai.org\/pt-BR\/wp-json\/wp\/v2\/pages\/5341\/revisions\/5343"}],"up":[{"embeddable":true,"href":"https:\/\/www.jinsai.org\/pt-BR\/wp-json\/wp\/v2\/pages\/3624"}],"wp:attachment":[{"href":"https:\/\/www.jinsai.org\/pt-BR\/wp-json\/wp\/v2\/media?parent=5341"}],"curies":[{"name":"wp","href":"https:\/\/api.w.org\/{rel}","templated":true}]}}