{"id":5352,"date":"2019-09-30T07:31:51","date_gmt":"2019-09-30T10:31:51","guid":{"rendered":"http:\/\/www.jinsai.org\/pt-BR\/?page_id=5352"},"modified":"2023-03-10T11:58:14","modified_gmt":"2023-03-10T14:58:14","slug":"a-formacao-espiritual-do-povo-japones","status":"publish","type":"page","link":"https:\/\/www.jinsai.org\/pt-BR\/ensinamentos\/a-formacao-espiritual-do-povo-japones\/","title":{"rendered":"A forma\u00e7\u00e3o espiritual do povo japon\u00eas"},"content":{"rendered":"<div id=\"pl-5352\"  class=\"panel-layout\" ><div id=\"pg-5352-0\"  class=\"panel-grid panel-no-style\" ><div id=\"pgc-5352-0-0\"  class=\"panel-grid-cell\" ><div id=\"panel-5352-0-0-0\" class=\"so-panel widget_sow-editor panel-first-child panel-last-child\" data-index=\"0\" ><div\n\t\t\t\n\t\t\tclass=\"so-widget-sow-editor so-widget-sow-editor-base\"\n\t\t\t\n\t\t>\n<div class=\"siteorigin-widget-tinymce textwidget\">\n\t<p class=\"MsoNormal\"><strong><span style=\"mso-font-width: 104%;\">1 - INTRODU\u00c7\u00c3O<\/span><\/strong><\/p>\n<p class=\"MsoNormal\" style=\"text-align: justify;\"><span style=\"mso-font-width: 104%;\">Antes de come\u00e7ar a escrever sobre a forma\u00e7\u00e3o do povo japon\u00eas do ponto de vista espiritual, quero deixar claro que todos esses assuntos que vou expor n\u00e3o est\u00e3o registrados em nenhum lugar. Gostaria, pois, que lessem sabendo que se trata de algo inusitado, um relato completamente in\u00e9dito.<\/span><\/p>\n<p class=\"MsoNormal\" style=\"text-align: justify;\"><span style=\"mso-font-width: 104%;\">Como japon\u00eas, acho que meus compatriotas dever\u00e3o conhecer essa verdade sobre a qual s\u00f3 agora me encontro em condi\u00e7\u00f5es de discorrer. S\u00e3o pontos delicados e poderiam gerar uma interpreta\u00e7\u00e3o inadequada se fossem levados ao conhecimento p\u00fablico antes do t\u00e9rmino da Segunda Guerra Mundial.<\/span><\/p>\n<p class=\"MsoNormal\" style=\"text-align: justify;\"><span style=\"mso-font-width: 104%;\">Todos, de um modo geral, sabem que as antigas narrativas hist\u00f3ricas sobre a origem do Jap\u00e3o se fundamentam em fatos mitol\u00f3gicos, dif\u00edceis de serem compreendidos pelo bom senso.<\/span><\/p>\n<\/div>\n<\/div><\/div><\/div><\/div><div id=\"pg-5352-1\"  class=\"panel-grid panel-no-style\" ><div id=\"pgc-5352-1-0\"  class=\"panel-grid-cell\" ><div id=\"panel-5352-1-0-0\" class=\"so-panel widget_circleicon-widget panel-first-child panel-last-child\" data-index=\"1\" >\t\t<div class=\"circle-icon-box circle-icon-position-top circle-icon-hide-box circle-icon-size-small\">\n\t\t\t<div class=\"circle-icon-wrapper\">\n\t\t\t\t<a href=\"http:\/\/www.jinsai.org\/pt-BR\/ensinamentos\/a-formacao-espiritual-do-povo-japones\/primeira-parte\" class=\"link-icon\" >\t\t\t\t<div class=\"circle-icon icon-style-set\" style=\"background-image: url(https:\/\/claudyatoledo.com.br\/wp-content\/uploads\/2020\/01\/deusa-amaterasu.jpg)\">\n\t\t\t\t\t\t\t\t\t<\/div>\n\t\t\t\t<\/a>\t\t\t<\/div>\n\n\t\t\t<a href=\"http:\/\/www.jinsai.org\/pt-BR\/ensinamentos\/a-formacao-espiritual-do-povo-japones\/primeira-parte\" class=\"link-title\" >\t\t\t\t\t\t<h4 >Primeira Parte<\/h4>\t\t\t<\/a>\n\t\t\t\t\t\t\t\t\t\t<a href=\"http:\/\/www.jinsai.org\/pt-BR\/ensinamentos\/a-formacao-espiritual-do-povo-japones\/primeira-parte\" class=\"more-button\" >More Info <i><\/i><\/a>\n\t\t\t\t\t<\/div>\n\t\t<\/div><\/div><div id=\"pgc-5352-1-1\"  class=\"panel-grid-cell\" ><div id=\"panel-5352-1-1-0\" class=\"so-panel widget_circleicon-widget panel-first-child panel-last-child\" data-index=\"2\" >\t\t<div class=\"circle-icon-box circle-icon-position-top circle-icon-hide-box circle-icon-size-small\">\n\t\t\t<div class=\"circle-icon-wrapper\">\n\t\t\t\t<a href=\"http:\/\/www.jinsai.org\/pt-BR\/ensinamentos\/a-formacao-espiritual-do-povo-japones\/segunda-parte\" class=\"link-icon\" >\t\t\t\t<div class=\"circle-icon icon-style-set\" style=\"background-image: url(https:\/\/upload.wikimedia.org\/wikipedia\/commons\/1\/11\/Tokugawa_Ieyasu2.JPG)\">\n\t\t\t\t\t\t\t\t\t<\/div>\n\t\t\t\t<\/a>\t\t\t<\/div>\n\n\t\t\t<a href=\"http:\/\/www.jinsai.org\/pt-BR\/ensinamentos\/a-formacao-espiritual-do-povo-japones\/segunda-parte\" class=\"link-title\" >\t\t\t\t\t\t<h4 >Segunda Parte<\/h4>\t\t\t<\/a>\n\t\t\t\t\t\t\t\t\t\t<a href=\"http:\/\/www.jinsai.org\/pt-BR\/ensinamentos\/a-formacao-espiritual-do-povo-japones\/segunda-parte\" class=\"more-button\" >More Info <i><\/i><\/a>\n\t\t\t\t\t<\/div>\n\t\t<\/div><\/div><div id=\"pgc-5352-1-2\"  class=\"panel-grid-cell\" ><div id=\"panel-5352-1-2-0\" class=\"so-panel widget_circleicon-widget panel-first-child panel-last-child\" data-index=\"3\" >\t\t<div class=\"circle-icon-box circle-icon-position-top circle-icon-hide-box circle-icon-size-small\">\n\t\t\t<div class=\"circle-icon-wrapper\">\n\t\t\t\t<a href=\"http:\/\/www.jinsai.org\/pt-BR\/ensinamentos\/a-formacao-espiritual-do-povo-japones\/terceira-parte\" class=\"link-icon\" >\t\t\t\t<div class=\"circle-icon icon-style-set\" style=\"background-image: url(http:\/\/factsanddetails.com\/media\/2\/20090730-Samurai%20archives%20Battle%20of%20Nagashino%20nagashino.jpg)\">\n\t\t\t\t\t\t\t\t\t<\/div>\n\t\t\t\t<\/a>\t\t\t<\/div>\n\n\t\t\t<a href=\"http:\/\/www.jinsai.org\/pt-BR\/ensinamentos\/a-formacao-espiritual-do-povo-japones\/terceira-parte\" class=\"link-title\" >\t\t\t\t\t\t<h4 >Terceira Parte<\/h4>\t\t\t<\/a>\n\t\t\t\t\t\t\t\t\t\t<a href=\"http:\/\/www.jinsai.org\/pt-BR\/ensinamentos\/a-formacao-espiritual-do-povo-japones\/terceira-parte\" class=\"more-button\" >More Info <i><\/i><\/a>\n\t\t\t\t\t<\/div>\n\t\t<\/div><\/div><\/div><div id=\"pg-5352-2\"  class=\"panel-grid panel-no-style\" ><div id=\"pgc-5352-2-0\"  class=\"panel-grid-cell\" ><div id=\"panel-5352-2-0-0\" class=\"widget_text so-panel widget_custom_html panel-first-child panel-last-child\" data-index=\"4\" ><div class=\"textwidget custom-html-widget\">\n\n\n&nbsp;\n\n\n<iframe\nsrc=\"http:\/\/www.facebook.com\/plugins\/like.php?href=\u00a0 \u00a0\u00a0http:\/\/www.jinsai.org\/pt-BR\/ensinamentos\/a-formacao-espiritual-do-povo-japones&%0Alayout=standard&show_faces=false&width=380&action=like&colorscheme=light&height=25\"\nstyle=\"border: medium none ; ovew: hidden; width: 350px; height:\n25px;\" allowtransparencyrflo =\"true\" frameborder=\"0\"\nscrolling=\"no\"><\/iframe>\n\n\n\u00a0\n\n\n<div\nid=\"fb-root\"><\/div><script\nsrc=\"http:\/\/connect.facebook.net\/pt_BR\/all.js#appId=APP_ID&amp;xfbml=1\"><\/script><fb:comments\nhref=\" \u00a0http:\/\/www.jinsai.org\/pt-BR\/ensinamentos\/a-formacao-espiritual-do-povo-japones\"\nnum_posts=\"100\" width=\"500\"><\/fb:comments><meta\nproperty='fb:app_id' content='171964893011161'\/> \n\n\n\u00a0\n\n\n<div\nid=\"fb-root\"><\/div>\n\n\n<script>(function(d,\ns, id) {\n\n\n\u00a0 var js, fjs = d.getElementsByTagName(s)[0];\n\n\n\u00a0 if (d.getElementById(id)) return;\n\n\n\u00a0 js = d.createElement(s); js.id = id;\n\n\n\u00a0 js.src =\n'https:\/\/connect.facebook.net\/pt_BR\/sdk.js#xfbml=1&version=v3.0&appId=171964893011161&autoLogAppEvents=1';\n\n\n\u00a0 fjs.parentNode.insertBefore(js, fjs);\n\n\n}(document,\n'script', 'facebook-jssdk'));<\/script>\n\n\n<div\nclass=\"fb-share-button\" data-href=\" \u00a0http:\/\/www.jinsai.org\/pt-BR\/ensinamentos\/a-formacao-espiritual-do-povo-japones\"\ndata-layout=\"button_count\" data-size=\"large\"\ndata-mobile-iframe=\"true\"><a target=\"_blank\"\nhref=\"https:\/\/www.facebook.com\/sharer\/sharer.php?u=http%3A%2F% \u00a0\u00a0http:\/\/www.jinsai.org\/pt-BR\/ensinamentos\/a-formacao-espiritual-do-povo-japones%2F&amp;src=sdkpreparse\"\nclass=\"fb-xfbml-parse-ignore\">Compartilhar<\/a><\/div>\n\n\n<\/div><\/div><\/div><\/div><\/div>","protected":false},"excerpt":{"rendered":"<p>1 &#8211; INTRODU\u00c7\u00c3O Antes de come\u00e7ar a escrever sobre a forma\u00e7\u00e3o do povo japon\u00eas do ponto de vista espiritual, quero deixar claro que todos esses assuntos que vou expor n\u00e3o est\u00e3o registrados em nenhum lugar. Gostaria, pois, que lessem sabendo que se trata de algo inusitado, um relato completamente in\u00e9dito. Como japon\u00eas, acho que meus [&hellip;]<\/p>\n","protected":false},"author":1,"featured_media":0,"parent":2225,"menu_order":0,"comment_status":"open","ping_status":"closed","template":"templates\/template-full.php","meta":{"footnotes":""},"class_list":["post-5352","page","type-page","status-publish","hentry","post"],"_links":{"self":[{"href":"https:\/\/www.jinsai.org\/pt-BR\/wp-json\/wp\/v2\/pages\/5352","targetHints":{"allow":["GET"]}}],"collection":[{"href":"https:\/\/www.jinsai.org\/pt-BR\/wp-json\/wp\/v2\/pages"}],"about":[{"href":"https:\/\/www.jinsai.org\/pt-BR\/wp-json\/wp\/v2\/types\/page"}],"author":[{"embeddable":true,"href":"https:\/\/www.jinsai.org\/pt-BR\/wp-json\/wp\/v2\/users\/1"}],"replies":[{"embeddable":true,"href":"https:\/\/www.jinsai.org\/pt-BR\/wp-json\/wp\/v2\/comments?post=5352"}],"version-history":[{"count":23,"href":"https:\/\/www.jinsai.org\/pt-BR\/wp-json\/wp\/v2\/pages\/5352\/revisions"}],"predecessor-version":[{"id":11386,"href":"https:\/\/www.jinsai.org\/pt-BR\/wp-json\/wp\/v2\/pages\/5352\/revisions\/11386"}],"up":[{"embeddable":true,"href":"https:\/\/www.jinsai.org\/pt-BR\/wp-json\/wp\/v2\/pages\/2225"}],"wp:attachment":[{"href":"https:\/\/www.jinsai.org\/pt-BR\/wp-json\/wp\/v2\/media?parent=5352"}],"curies":[{"name":"wp","href":"https:\/\/api.w.org\/{rel}","templated":true}]}}