{"id":58,"date":"2018-05-31T11:00:05","date_gmt":"2018-05-31T14:00:05","guid":{"rendered":"http:\/\/www.jinsai.org\/pt-BR\/?page_id=58"},"modified":"2020-03-04T21:01:53","modified_gmt":"2020-03-05T00:01:53","slug":"quem-somos","status":"publish","type":"page","link":"https:\/\/www.jinsai.org\/pt-BR\/pagina-inicial\/quem-somos\/","title":{"rendered":"Quem Somos"},"content":{"rendered":"<p class=\"style3\" style=\"text-align: justify;\">O site Jinsai.org \u00e9 um site independente que tem por objetivo apresentar o Plano da constru\u00e7\u00e3o da Verdadeira Civiliza\u00e7\u00e3o revelado por Deus ao Mestre Jinsai (pseud\u00f4nimo de Mokiti Okada, tamb\u00e9m conhecido como Meishu-Sama).<\/p>\n<p class=\"style3\" style=\"text-align: justify;\">Sua miss\u00e3o \u00e9 levar a mensagem de Meishu-Sama de forma universal a todas as pessoas, abrangendo os principais pontos deixados por Ele. Para isso, fazemos uso de Seus Ensinamentos, al\u00e9m de fotos, v\u00eddeos, caligrafias, poemas e todo o material que Ele nos legou.<\/p>\n<p class=\"style3\" style=\"text-align: justify;\">Buscando o mesmo princ\u00edpio universalista, o site Jinsai.org n\u00e3o representa nenhuma organiza\u00e7\u00e3o.<\/p>\n<p class=\"style3\" style=\"text-align: justify;\">O nome do site foi tirado de um dos pseud\u00f4nimos de Meishu-Sama, \u201cJinsai\u201d, que significa \u201cMiseric\u00f3rdia e pureza de cora\u00e7\u00e3o para adorar a Deus\u201d e era o nome utilizado para assinar os textos relativos ao Johrei, m\u00e9todo de purifica\u00e7\u00e3o do esp\u00edrito criado por Ele. \u00c9 tamb\u00e9m o nosso logotipo.<\/p>\n<p class=\"style3\" style=\"text-align: justify;\">O Mestre Jinsai explicou que viria a \u00e9poca em que se daria in\u00edcio \u00e0 \u201cpesquisa sobre Mokiti Okada\u201d. Portanto, com o avan\u00e7o do tempo e dos recursos tecnol\u00f3gicos e de comunica\u00e7\u00e3o, \u00e9 chegado esse momento.<\/p>\n<p class=\"style3\" style=\"text-align: justify;\">Assim, desejamos que, mudando o cora\u00e7\u00e3o em sintonia com os preceitos ensinados por Ele, cada um possa alcan\u00e7ar o mais alto n\u00edvel de sabedoria e conhecimento, at\u00e9 construir uma vida paradis\u00edaca.<\/p>\n<p class=\"style48 style3\" align=\"right\">Equipe Jinsai<\/p>\n\n<div id=\"pl-gb58-69f2455693b80\"  class=\"panel-layout\" ><div id=\"pg-gb58-69f2455693b80-0\"  class=\"panel-grid panel-no-style\" ><div id=\"pgc-gb58-69f2455693b80-0-0\"  class=\"panel-grid-cell\" ><div id=\"panel-gb58-69f2455693b80-0-0-0\" class=\"widget_text so-panel widget_custom_html panel-first-child panel-last-child\" data-index=\"0\" ><div class=\"textwidget custom-html-widget\">\n\n\n&nbsp;\n\n\n<iframe src=\"http:\/\/www.facebook.com\/plugins\/like.php?href= https:\/\/www.jinsai.org\/pt-BR\/pagina-inicial\/quem-somos\/\n&amp;%0Alayout=standard&amp;show_faces=false&amp;width=380&amp;action=like&amp;colorscheme=light&amp;height=25\"\nstyle=\"border: medium none ; ovew: hidden; width: 350px; height:\n25px;\" allowtransparencyrflo=\"true\" scrolling=\"no\"\nframeborder=\"0\"><\/iframe>\n\n\n<div id=\"fb-root\"><\/div>\n\n\n<script\nsrc=\"http:\/\/connect.facebook.net\/pt_BR\/all.js#appId=APP_ID&amp;xfbml=1\"><\/script><fb:comments\nhref=\"https:\/\/www.jinsai.org\/pt-BR\/pagina-inicial\/quem-somos\/\"\nnum_posts=\"100\" width=\"500\"><\/fb:comments><meta\nproperty=\"fb:app_id\" content=\"171964893011161\">\n\n\n\u00a0\n\n\n<div id=\"fb-root\"><\/div>\n\n\n<script>(function(d, s, id) {<br \/>\n\n\n\u00a0 var js, fjs =\nd.getElementsByTagName(s)[0];<br \/>\n\n\n\u00a0 if (d.getElementById(id))\nreturn;<br \/>\n\n\n\u00a0 js = d.createElement(s); js.id =\nid;<br \/>\n\n\n\u00a0 js.src =\n'https:\/\/connect.facebook.net\/pt_BR\/sdk.js#xfbml=1&version=v3.0&appId=171964893011161&autoLogAppEvents=1';<br\n\/>\n\n\n\u00a0 fjs.parentNode.insertBefore(js,\nfjs);<br \/>\n\n\n}(document, 'script', 'facebook-jssdk'));<\/script>\n\n\n<div class=\"fb-share-button\" data-href=\"https:\/\/www.jinsai.org\/pt-BR\/pagina-inicial\/quem-somos\/\"\ndata-layout=\"button_count\" data-size=\"large\" data-mobile-iframe=\"true\"><a\ntarget=\"_blank\"\nhref=\"https:\/\/www.facebook.com\/sharer\/sharer.php?u=http%3A%2F%https:\/\/www.jinsai.org\/pt-BR\/pagina-inicial\/quem-somos\/%2F&amp;src=sdkpreparse\"\nclass=\"fb-xfbml-parse-ignore\">Compartilhar<\/a><\/div>\n\n\n<\/div><\/div><\/div><\/div><\/div>","protected":false},"excerpt":{"rendered":"<p>O site Jinsai.org \u00e9 um site independente que tem por objetivo apresentar o Plano da constru\u00e7\u00e3o da Verdadeira Civiliza\u00e7\u00e3o revelado por Deus ao Mestre Jinsai (pseud\u00f4nimo de Mokiti Okada, tamb\u00e9m conhecido como Meishu-Sama). Sua miss\u00e3o \u00e9 levar a mensagem de Meishu-Sama de forma universal a todas as pessoas, abrangendo os principais pontos deixados por Ele. [&hellip;]<\/p>\n","protected":false},"author":1,"featured_media":0,"parent":23,"menu_order":1,"comment_status":"open","ping_status":"closed","template":"templates\/template-full.php","meta":{"footnotes":""},"class_list":["post-58","page","type-page","status-publish","hentry","post"],"_links":{"self":[{"href":"https:\/\/www.jinsai.org\/pt-BR\/wp-json\/wp\/v2\/pages\/58","targetHints":{"allow":["GET"]}}],"collection":[{"href":"https:\/\/www.jinsai.org\/pt-BR\/wp-json\/wp\/v2\/pages"}],"about":[{"href":"https:\/\/www.jinsai.org\/pt-BR\/wp-json\/wp\/v2\/types\/page"}],"author":[{"embeddable":true,"href":"https:\/\/www.jinsai.org\/pt-BR\/wp-json\/wp\/v2\/users\/1"}],"replies":[{"embeddable":true,"href":"https:\/\/www.jinsai.org\/pt-BR\/wp-json\/wp\/v2\/comments?post=58"}],"version-history":[{"count":11,"href":"https:\/\/www.jinsai.org\/pt-BR\/wp-json\/wp\/v2\/pages\/58\/revisions"}],"predecessor-version":[{"id":6644,"href":"https:\/\/www.jinsai.org\/pt-BR\/wp-json\/wp\/v2\/pages\/58\/revisions\/6644"}],"up":[{"embeddable":true,"href":"https:\/\/www.jinsai.org\/pt-BR\/wp-json\/wp\/v2\/pages\/23"}],"wp:attachment":[{"href":"https:\/\/www.jinsai.org\/pt-BR\/wp-json\/wp\/v2\/media?parent=58"}],"curies":[{"name":"wp","href":"https:\/\/api.w.org\/{rel}","templated":true}]}}