{"id":5916,"date":"2019-11-11T10:25:47","date_gmt":"2019-11-11T13:25:47","guid":{"rendered":"http:\/\/www.jinsai.org\/pt-BR\/?page_id=5916"},"modified":"2020-08-10T18:12:50","modified_gmt":"2020-08-10T21:12:50","slug":"um-guia-para-a-sekai-meshiya-kyo","status":"publish","type":"page","link":"https:\/\/www.jinsai.org\/pt-BR\/ensinamentos\/um-guia-para-a-sekai-meshiya-kyo\/","title":{"rendered":"Um Guia para a Sekai Meshiya Kyo"},"content":{"rendered":"<div id=\"pl-5916\"  class=\"panel-layout\" ><div id=\"pg-5916-0\"  class=\"panel-grid panel-no-style\" ><div id=\"pgc-5916-0-0\"  class=\"panel-grid-cell\" ><div id=\"panel-5916-0-0-0\" class=\"so-panel widget_siteorigin-panels-postloop panel-first-child\" data-index=\"0\" >\n\t<div id=\"vantage-circleicon-loop\" class=\"vantage-circleicon-loop circleicon-loop-columns-3\">\n\n\t\t<div class=\"widget widget_circleicon-widget\">\t\t<div class=\"circle-icon-box circle-icon-position-top circle-icon-hide-box circle-icon-size-small\">\n\t\t\t<div class=\"circle-icon-wrapper\">\n\t\t\t\t<a href=\"https:\/\/www.jinsai.org\/pt-BR\/ensinamentos\/um-guia-para-a-sekai-meshiya-kyo\/8-messias\/\" class=\"link-icon\" >\t\t\t\t<div class=\"circle-icon icon-style-set\" style=\"background-image: url(https:\/\/www.jinsai.org\/pt-BR\/wp-content\/uploads\/2019\/11\/Logo-Guia-SMK-Small.jpg)\">\n\t\t\t\t\t\t\t\t\t<\/div>\n\t\t\t\t<\/a>\t\t\t<\/div>\n\n\t\t\t<a href=\"https:\/\/www.jinsai.org\/pt-BR\/ensinamentos\/um-guia-para-a-sekai-meshiya-kyo\/8-messias\/\" class=\"link-title\" >\t\t\t<h5 >Um Guia para a Sekai Meshiya Kyo<\/h5>\t\t\t<h4 >8 &#8211; MESSIAS<\/h4>\t\t\t<\/a>\n\t\t\t<p class=\"text\" >O que \u00e9 um Messias? \u00c9 desnecess\u00e1rio dizer que \u00e9 um grande s\u00e1bio que nasceu com a miss\u00e3o de salvar o mundo. Minha atividade de salva\u00e7\u00e3o no presente momento pode ser praticamente insignificante do ponto de vista da humanidade como um todo. Entretanto, como o n\u00famero de pessoas salvas est\u00e1 aumentando rapidamente, minha empreitada tem [&hellip;]<\/p>\t\t\t\t\t\t\t<a href=\"https:\/\/www.jinsai.org\/pt-BR\/ensinamentos\/um-guia-para-a-sekai-meshiya-kyo\/8-messias\/\" class=\"more-button\" >Continue lendo <i><\/i><\/a>\n\t\t\t\t\t<\/div>\n\t\t<\/div><div class=\"widget widget_circleicon-widget\">\t\t<div class=\"circle-icon-box circle-icon-position-top circle-icon-hide-box circle-icon-size-small\">\n\t\t\t<div class=\"circle-icon-wrapper\">\n\t\t\t\t<a href=\"https:\/\/www.jinsai.org\/pt-BR\/ensinamentos\/um-guia-para-a-sekai-meshiya-kyo\/7-caminho-para-a-felicidade\/\" class=\"link-icon\" >\t\t\t\t<div class=\"circle-icon icon-style-set\" style=\"background-image: url(https:\/\/www.jinsai.org\/pt-BR\/wp-content\/uploads\/2019\/11\/Logo-Guia-SMK-Small.jpg)\">\n\t\t\t\t\t\t\t\t\t<\/div>\n\t\t\t\t<\/a>\t\t\t<\/div>\n\n\t\t\t<a href=\"https:\/\/www.jinsai.org\/pt-BR\/ensinamentos\/um-guia-para-a-sekai-meshiya-kyo\/7-caminho-para-a-felicidade\/\" class=\"link-title\" >\t\t\t<h5 >Um Guia para a Sekai Meshiya Kyo<\/h5>\t\t\t<h4 >7 &#8211; CAMINHO PARA A FELICIDADE<\/h4>\t\t\t<\/a>\n\t\t\t<p class=\"text\" >O problema mais grave das pessoas do mundo de hoje \u00e9 como obter a felicidade. Este \u00e9 um problema que preocupa o homem, desde o nascimento at\u00e9 a morte. Ironicamente, o que o homem mais deseja saber, tamb\u00e9m \u00e9 o mais dif\u00edcil. Este problema n\u00e3o \u00e9 exce\u00e7\u00e3o \u00e0 regra. Eu sou afortunado por saber a [&hellip;]<\/p>\t\t\t\t\t\t\t<a href=\"https:\/\/www.jinsai.org\/pt-BR\/ensinamentos\/um-guia-para-a-sekai-meshiya-kyo\/7-caminho-para-a-felicidade\/\" class=\"more-button\" >Continue lendo <i><\/i><\/a>\n\t\t\t\t\t<\/div>\n\t\t<\/div><div class=\"widget widget_circleicon-widget\">\t\t<div class=\"circle-icon-box circle-icon-position-top circle-icon-hide-box circle-icon-size-small\">\n\t\t\t<div class=\"circle-icon-wrapper\">\n\t\t\t\t<a href=\"https:\/\/www.jinsai.org\/pt-BR\/ensinamentos\/um-guia-para-a-sekai-meshiya-kyo\/6-metodo-revolucionario-de-agricultra\/\" class=\"link-icon\" >\t\t\t\t<div class=\"circle-icon icon-style-set\" style=\"background-image: url(https:\/\/www.jinsai.org\/pt-BR\/wp-content\/uploads\/2019\/11\/Logo-Guia-SMK-Small.jpg)\">\n\t\t\t\t\t\t\t\t\t<\/div>\n\t\t\t\t<\/a>\t\t\t<\/div>\n\n\t\t\t<a href=\"https:\/\/www.jinsai.org\/pt-BR\/ensinamentos\/um-guia-para-a-sekai-meshiya-kyo\/6-metodo-revolucionario-de-agricultra\/\" class=\"link-title\" >\t\t\t<h5 >Um Guia para a Sekai Meshiya Kyo<\/h5>\t\t\t<h4 >6 &#8211; M\u00c9TODO REVOLUCION\u00c1RIO DE AGRICULTRA<\/h4>\t\t\t<\/a>\n\t\t\t<p class=\"text\" >Desde cerca de quinze anos atr\u00e1s eu venho preconizando um m\u00e9todo de agricultura chamado Cultivo Natural, no qual as colheitas podem ser desenvolvidas enormemente sem o uso de fertilizantes qu\u00edmicos ou adubos. A princ\u00edpio, nenhum fazendeiro ouviu meus conselhos, embora eu tentasse ardentemente faz\u00ea-los adotar meu m\u00e9todo. Na minha firme cren\u00e7a de que meu m\u00e9todo [&hellip;]<\/p>\t\t\t\t\t\t\t<a href=\"https:\/\/www.jinsai.org\/pt-BR\/ensinamentos\/um-guia-para-a-sekai-meshiya-kyo\/6-metodo-revolucionario-de-agricultra\/\" class=\"more-button\" >Continue lendo <i><\/i><\/a>\n\t\t\t\t\t<\/div>\n\t\t<\/div><div class=\"clear\"><\/div><div class=\"widget widget_circleicon-widget\">\t\t<div class=\"circle-icon-box circle-icon-position-top circle-icon-hide-box circle-icon-size-small\">\n\t\t\t<div class=\"circle-icon-wrapper\">\n\t\t\t\t<a href=\"https:\/\/www.jinsai.org\/pt-BR\/ensinamentos\/um-guia-para-a-sekai-meshiya-kyo\/5-corpo-humano-poco-de-saude\/\" class=\"link-icon\" >\t\t\t\t<div class=\"circle-icon icon-style-set\" style=\"background-image: url(https:\/\/www.jinsai.org\/pt-BR\/wp-content\/uploads\/2019\/11\/Logo-Guia-SMK-Small.jpg)\">\n\t\t\t\t\t\t\t\t\t<\/div>\n\t\t\t\t<\/a>\t\t\t<\/div>\n\n\t\t\t<a href=\"https:\/\/www.jinsai.org\/pt-BR\/ensinamentos\/um-guia-para-a-sekai-meshiya-kyo\/5-corpo-humano-poco-de-saude\/\" class=\"link-title\" >\t\t\t<h5 >Um Guia para a Sekai Meshiya Kyo<\/h5>\t\t\t<h4 >5 &#8211; CORPO HUMANO, PO\u00c7O DE SA\u00daDE<\/h4>\t\t\t<\/a>\n\t\t\t<p class=\"text\" >Sempre existiu o conceito errado de que o corpo humano \u00e9 um po\u00e7o de doen\u00e7as. Nada \u00e9 mais absurdo. Isto deve ser corrigido; o corpo humano \u00e9 um po\u00e7o de sa\u00fade. H\u00e1 uma raz\u00e3o para a origem deste pensamento err\u00f4neo. O homem tem sofrido de doen\u00e7as muito frequentemente. Tem pego resfriados, tem sofrido com dores [&hellip;]<\/p>\t\t\t\t\t\t\t<a href=\"https:\/\/www.jinsai.org\/pt-BR\/ensinamentos\/um-guia-para-a-sekai-meshiya-kyo\/5-corpo-humano-poco-de-saude\/\" class=\"more-button\" >Continue lendo <i><\/i><\/a>\n\t\t\t\t\t<\/div>\n\t\t<\/div><div class=\"widget widget_circleicon-widget\">\t\t<div class=\"circle-icon-box circle-icon-position-top circle-icon-hide-box circle-icon-size-small\">\n\t\t\t<div class=\"circle-icon-wrapper\">\n\t\t\t\t<a href=\"https:\/\/www.jinsai.org\/pt-BR\/ensinamentos\/um-guia-para-a-sekai-meshiya-kyo\/4-genesis\/\" class=\"link-icon\" >\t\t\t\t<div class=\"circle-icon icon-style-set\" style=\"background-image: url(https:\/\/www.jinsai.org\/pt-BR\/wp-content\/uploads\/2019\/11\/Logo-Guia-SMK-Small.jpg)\">\n\t\t\t\t\t\t\t\t\t<\/div>\n\t\t\t\t<\/a>\t\t\t<\/div>\n\n\t\t\t<a href=\"https:\/\/www.jinsai.org\/pt-BR\/ensinamentos\/um-guia-para-a-sekai-meshiya-kyo\/4-genesis\/\" class=\"link-title\" >\t\t\t<h5 >Um Guia para a Sekai Meshiya Kyo<\/h5>\t\t\t<h4 >4 &#8211; G\u00caNESIS<\/h4>\t\t\t<\/a>\n\t\t\t<p class=\"text\" >Agora eu vou escrever sobre a cria\u00e7\u00e3o do Universo. No come\u00e7o, no centro do v\u00e1cuo, estava o Criador, que criou as subst\u00e2ncias que formaram o Universo.A terra, rec\u00e9m-criada pelas m\u00e3os do Criador, era macia. Gradualmente, endureceu; separou-se a terra da \u00e1gua, que se desenvolveram como solo e mar. Contudo, como a terra estava ainda muito [&hellip;]<\/p>\t\t\t\t\t\t\t<a href=\"https:\/\/www.jinsai.org\/pt-BR\/ensinamentos\/um-guia-para-a-sekai-meshiya-kyo\/4-genesis\/\" class=\"more-button\" >Continue lendo <i><\/i><\/a>\n\t\t\t\t\t<\/div>\n\t\t<\/div><div class=\"widget widget_circleicon-widget\">\t\t<div class=\"circle-icon-box circle-icon-position-top circle-icon-hide-box circle-icon-size-small\">\n\t\t\t<div class=\"circle-icon-wrapper\">\n\t\t\t\t<a href=\"https:\/\/www.jinsai.org\/pt-BR\/ensinamentos\/um-guia-para-a-sekai-meshiya-kyo\/3-o-homem\/\" class=\"link-icon\" >\t\t\t\t<div class=\"circle-icon icon-style-set\" style=\"background-image: url(https:\/\/www.jinsai.org\/pt-BR\/wp-content\/uploads\/2019\/11\/Logo-Guia-SMK-Small.jpg)\">\n\t\t\t\t\t\t\t\t\t<\/div>\n\t\t\t\t<\/a>\t\t\t<\/div>\n\n\t\t\t<a href=\"https:\/\/www.jinsai.org\/pt-BR\/ensinamentos\/um-guia-para-a-sekai-meshiya-kyo\/3-o-homem\/\" class=\"link-title\" >\t\t\t<h5 >Um Guia para a Sekai Meshiya Kyo<\/h5>\t\t\t<h4 >3 &#8211; O HOMEM<\/h4>\t\t\t<\/a>\n\t\t\t<p class=\"text\" >Qual a necessidade da exist\u00eancia do homem neste mundo? Quem o criou? Estas perguntas v\u00eam em primeiro lugar para qualquer pessoa. A menos que elas sejam respondidas, a solu\u00e7\u00e3o para qualquer outro \u00e1rduo problema n\u00e3o ter\u00e1 nenhum valor. Esses problemas s\u00e3o apenas motivo de dor de cabe\u00e7a e jamais podem ajudar o homem espiritualmente na [&hellip;]<\/p>\t\t\t\t\t\t\t<a href=\"https:\/\/www.jinsai.org\/pt-BR\/ensinamentos\/um-guia-para-a-sekai-meshiya-kyo\/3-o-homem\/\" class=\"more-button\" >Continue lendo <i><\/i><\/a>\n\t\t\t\t\t<\/div>\n\t\t<\/div><div class=\"clear\"><\/div><div class=\"widget widget_circleicon-widget\">\t\t<div class=\"circle-icon-box circle-icon-position-top circle-icon-hide-box circle-icon-size-small\">\n\t\t\t<div class=\"circle-icon-wrapper\">\n\t\t\t\t<a href=\"https:\/\/www.jinsai.org\/pt-BR\/ensinamentos\/um-guia-para-a-sekai-meshiya-kyo\/2-o-nascimento-da-nossa-religiao\/\" class=\"link-icon\" >\t\t\t\t<div class=\"circle-icon icon-style-set\" style=\"background-image: url(https:\/\/www.jinsai.org\/pt-BR\/wp-content\/uploads\/2019\/11\/Logo-Guia-SMK-Small.jpg)\">\n\t\t\t\t\t\t\t\t\t<\/div>\n\t\t\t\t<\/a>\t\t\t<\/div>\n\n\t\t\t<a href=\"https:\/\/www.jinsai.org\/pt-BR\/ensinamentos\/um-guia-para-a-sekai-meshiya-kyo\/2-o-nascimento-da-nossa-religiao\/\" class=\"link-title\" >\t\t\t<h5 >Um Guia para a Sekai Meshiya Kyo<\/h5>\t\t\t<h4 >2 &#8211; O NASCIMENTO DA NOSSA RELIGI\u00c3O<\/h4>\t\t\t<\/a>\n\t\t\t<p class=\"text\" >Qual \u00e9 a raz\u00e3o do nascimento da nossa religi\u00e3o? Devemos analisar a cultura moderna, que \u00e9 o resultado dos esfor\u00e7os humanos de milhares de anos e que aparenta ser altamente avan\u00e7ada. Mas para nosso grande desapontamento, ela \u00e9, na verdade, o contr\u00e1rio do que parece. Eu estou falando sobre o lado espiritual da cultura. N\u00e3o [&hellip;]<\/p>\t\t\t\t\t\t\t<a href=\"https:\/\/www.jinsai.org\/pt-BR\/ensinamentos\/um-guia-para-a-sekai-meshiya-kyo\/2-o-nascimento-da-nossa-religiao\/\" class=\"more-button\" >Continue lendo <i><\/i><\/a>\n\t\t\t\t\t<\/div>\n\t\t<\/div><div class=\"widget widget_circleicon-widget\">\t\t<div class=\"circle-icon-box circle-icon-position-top circle-icon-hide-box circle-icon-size-small\">\n\t\t\t<div class=\"circle-icon-wrapper\">\n\t\t\t\t<a href=\"https:\/\/www.jinsai.org\/pt-BR\/ensinamentos\/um-guia-para-a-sekai-meshiya-kyo\/1-introducao\/\" class=\"link-icon\" >\t\t\t\t<div class=\"circle-icon icon-style-set\" style=\"background-image: url(https:\/\/www.jinsai.org\/pt-BR\/wp-content\/uploads\/2019\/11\/Logo-Guia-SMK-Small.jpg)\">\n\t\t\t\t\t\t\t\t\t<\/div>\n\t\t\t\t<\/a>\t\t\t<\/div>\n\n\t\t\t<a href=\"https:\/\/www.jinsai.org\/pt-BR\/ensinamentos\/um-guia-para-a-sekai-meshiya-kyo\/1-introducao\/\" class=\"link-title\" >\t\t\t<h5 >Um Guia para a Sekai Meshiya Kyo<\/h5>\t\t\t<h4 >1 &#8211; INTRODU\u00c7\u00c3O<\/h4>\t\t\t<\/a>\n\t\t\t<p class=\"text\" >Este panfleto foi compilado para servir como guia para aqueles que nada sabem sobre a Sekai Meshiya Kyo. Nossa religi\u00e3o difere tanto das outras que n\u00e3o pode ser entendida pelo ponto de vista dos padr\u00f5es existentes das religi\u00f5es em geral. \u00c9 esta a import\u00e2ncia e o significado da Sekai Meshiya Kyo. Uma religi\u00e3o, como tudo [&hellip;]<\/p>\t\t\t\t\t\t\t<a href=\"https:\/\/www.jinsai.org\/pt-BR\/ensinamentos\/um-guia-para-a-sekai-meshiya-kyo\/1-introducao\/\" class=\"more-button\" >Continue lendo <i><\/i><\/a>\n\t\t\t\t\t<\/div>\n\t\t<\/div>\t<\/div>\n\t<\/div><div id=\"panel-5916-0-0-1\" class=\"widget_text so-panel widget_custom_html panel-last-child\" data-index=\"1\" ><div class=\"textwidget custom-html-widget\">\n\n\n&nbsp;\n\n\n<iframe\nsrc=\"http:\/\/www.facebook.com\/plugins\/like.php?href=\u00a0 http:\/\/www.jinsai.org\/pt-BR\/ensinamentos\/um-guia-para-a-sekai-meshiya-kyo\n&amp;%0Alayout=standard&amp;show_faces=false&amp;width=380&amp;action=like&amp;colorscheme=light&amp;height=25\"\nstyle=\"border: medium none ; ovew: hidden; width: 350px; height:\n25px;\" allowtransparencyrflo=\"true\" scrolling=\"no\"\nframeborder=\"0\"><\/iframe>\n\n\n<div\nid=\"fb-root\"><\/div>\n\n\n<script\nsrc=\"http:\/\/connect.facebook.net\/pt_BR\/all.js#appId=APP_ID&amp;xfbml=1\"><\/script><fb:comments\nhref=\" http:\/\/www.jinsai.org\/pt-BR\/ensinamentos\/um-guia-para-a-sekai-meshiya-kyo\"\nnum_posts=\"100\" width=\"500\"><\/fb:comments><meta\nproperty=\"fb:app_id\" content=\"171964893011161\">\n\n\n\u00a0\n\n\n<div\nid=\"fb-root\"><\/div>\n\n\n<script>(function(d,\ns, id) {<br \/>\n\n\n\u00a0 var js, fjs =\nd.getElementsByTagName(s)[0];<br \/>\n\n\n\u00a0 if (d.getElementById(id)) return;<br \/>\n\n\n\u00a0 js = d.createElement(s); js.id = id;<br\n\/>\n\n\n\u00a0 js.src =\n'https:\/\/connect.facebook.net\/pt_BR\/sdk.js#xfbml=1&version=v3.0&appId=171964893011161&autoLogAppEvents=1';<br\n\/>\n\n\n\u00a0 fjs.parentNode.insertBefore(js, fjs);<br\n\/>\n\n\n}(document,\n'script', 'facebook-jssdk'));<\/script>\n\n\n<div\nclass=\"fb-share-button\" data-href=\" http:\/\/www.jinsai.org\/pt-BR\/ensinamentos\/um-guia-para-a-sekai-meshiya-kyo\"\ndata-layout=\"button_count\" data-size=\"large\"\ndata-mobile-iframe=\"true\"><a target=\"_blank\"\nhref=\"https:\/\/www.facebook.com\/sharer\/sharer.php?u=http%3A%2F%\u00a0 http:\/\/www.jinsai.org\/pt-BR\/ensinamentos\/um-guia-para-a-sekai-meshiya-kyo%2F&amp;src=sdkpreparse\"\nclass=\"fb-xfbml-parse-ignore\">Compartilhar<\/a><\/div>\n\n\n<\/div><\/div><\/div><\/div><\/div>","protected":false},"excerpt":{"rendered":"<p>Este panfleto foi compilado para servir como guia para aqueles que nada sabem sobre a Sekai Meshiya Kyo. Nossa religi\u00e3o difere tanto das outras que n\u00e3o pode ser entendida pelo ponto de vista dos padr\u00f5es existentes das religi\u00f5es em geral. \u00c9 esta a import\u00e2ncia e o significado da Sekai Meshiya Kyo. Uma religi\u00e3o, como tudo [&hellip;]<\/p>\n","protected":false},"author":1,"featured_media":0,"parent":2225,"menu_order":0,"comment_status":"open","ping_status":"closed","template":"templates\/template-full.php","meta":{"footnotes":""},"class_list":["post-5916","page","type-page","status-publish","hentry","post","post-with-thumbnail","post-with-thumbnail-icon"],"_links":{"self":[{"href":"https:\/\/www.jinsai.org\/pt-BR\/wp-json\/wp\/v2\/pages\/5916","targetHints":{"allow":["GET"]}}],"collection":[{"href":"https:\/\/www.jinsai.org\/pt-BR\/wp-json\/wp\/v2\/pages"}],"about":[{"href":"https:\/\/www.jinsai.org\/pt-BR\/wp-json\/wp\/v2\/types\/page"}],"author":[{"embeddable":true,"href":"https:\/\/www.jinsai.org\/pt-BR\/wp-json\/wp\/v2\/users\/1"}],"replies":[{"embeddable":true,"href":"https:\/\/www.jinsai.org\/pt-BR\/wp-json\/wp\/v2\/comments?post=5916"}],"version-history":[{"count":5,"href":"https:\/\/www.jinsai.org\/pt-BR\/wp-json\/wp\/v2\/pages\/5916\/revisions"}],"predecessor-version":[{"id":8062,"href":"https:\/\/www.jinsai.org\/pt-BR\/wp-json\/wp\/v2\/pages\/5916\/revisions\/8062"}],"up":[{"embeddable":true,"href":"https:\/\/www.jinsai.org\/pt-BR\/wp-json\/wp\/v2\/pages\/2225"}],"wp:attachment":[{"href":"https:\/\/www.jinsai.org\/pt-BR\/wp-json\/wp\/v2\/media?parent=5916"}],"curies":[{"name":"wp","href":"https:\/\/api.w.org\/{rel}","templated":true}]}}