{"id":61,"date":"2018-05-31T11:01:50","date_gmt":"2018-05-31T14:01:50","guid":{"rendered":"http:\/\/www.jinsai.org\/pt-BR\/?page_id=61"},"modified":"2020-03-04T21:07:48","modified_gmt":"2020-03-05T00:07:48","slug":"duvidas-comuns","status":"publish","type":"page","link":"https:\/\/www.jinsai.org\/pt-BR\/pagina-inicial\/duvidas-comuns\/","title":{"rendered":"D\u00favidas Comuns"},"content":{"rendered":"<p class=\"style49\"><strong><span style=\"color: #000000;\">Quem \u00e9 o Mestre Jinsai?<\/span><\/strong><\/p>\n<p class=\"style3 style48\" style=\"text-align: justify;\">\u00c9 um dos pseud\u00f4nimos de Mokiti Okada, tamb\u00e9m conhecido como Meishu-Sama, o criador do processo de purificar o esp\u00edrito (Johrei), e construtor do modelo da Nova Civiliza\u00e7\u00e3o. Foi um cientista religioso e especialista em diversas \u00e1reas, tais como Arte, Pol\u00edtica, Religi\u00e3o, Economia, Sociedade, Medicina Alternativa, Agricultura, etc.<\/p>\n<p class=\"style3 style48\">Para saber mais sobre Ele, consulte a se\u00e7\u00e3o&nbsp;<a href=\"https:\/\/www.jinsai.org\/pt-BR\/meishu-sama\/\">Meishu-Sama.<\/a><\/p>\n<p style=\"text-align: justify;\"><strong>Qual a miss\u00e3o do homem?<\/strong><\/p>\n<p style=\"text-align: justify;\">O homem veio \u00e0 Terra com a miss\u00e3o de construir o mundo ideal preparado por Deus, o Para\u00edso Terrestre, que \u00e9 o mundo isento de doen\u00e7a, pobreza e conflito. \u00c9 um mundo onde o progresso espiritual anda lado a lado com o progresso material, e o ser humano vive em conformidade com a Lei da Natureza, ou seja, a Lei do Universo.<\/p>\n<p><strong>O que \u00e9 a Lei da Natureza?<\/strong><\/p>\n<p style=\"text-align: justify;\">Natureza \u00e9 a for\u00e7a ativa que criou e mant\u00e9m a ordem e o curso natural de tudo que existe na Cria\u00e7\u00e3o. A Lei da Natureza \u00e9 o conjunto de Leis Naturais criadas por Deus para regular, promover a evolu\u00e7\u00e3o e harmonizar o Universo. Ao contr\u00e1rio das leis imperfeitas, mut\u00e1veis e limitadas, criadas pelo homem, as Leis da Natureza s\u00e3o perfeitas, imut\u00e1veis e universais, por representarem a Vontade de Deus, a Verdade. Essas Leis encontram-se em a\u00e7\u00e3o na Natureza, embora a maioria dos homens n\u00e3o tenha consci\u00eancia disso. Ao desrespeit\u00e1-las, por vontade pr\u00f3pria ou por ignorar a sua exist\u00eancia, o homem cria desarmonia para si e para o mundo em que vive. Dentre as principais Leis da Natureza, a mais importante, para o estabelecimento da Grande Harmonia, \u00e9 a Lei da Reg\u00eancia do Esp\u00edrito sobre a Mat\u00e9ria.<\/p>\n<p><strong>O que \u00e9 a Lei da Reg\u00eancia do Esp\u00edrito sobre a Mat\u00e9ria?<\/strong><\/p>\n<p style=\"text-align: justify;\">A Lei da Reg\u00eancia do Esp\u00edrito sobre a Mat\u00e9ria revela que todas as coisas s\u00e3o constitu\u00eddas de esp\u00edrito e mat\u00e9ria, existindo entre essas duas realidades b\u00e1sicas uma hierarquia natural. \u00c9 a realidade invis\u00edvel do esp\u00edrito que d\u00e1 origem e mant\u00e9m a realidade vis\u00edvel da mat\u00e9ria. Essa verdade pode ser melhor compreendida pelo curso natural do pensamento, quando este se materializa numa a\u00e7\u00e3o. Toda a\u00e7\u00e3o tem origem num pensamento, invis\u00edvel. Isso significa que toda realidade material tem origem numa realidade espiritual. Esta \u00e9 a ordem e o curso natural de todas as coisas. Por ignorar a miss\u00e3o espiritual que existe em toda forma material, o homem vem desrespeitando a ordem existente na Natureza, interrompendo o curso natural da Verdade e gerando desarmonia na sua vida e na vida dos demais seres da Cria\u00e7\u00e3o.<\/p>\n<p style=\"text-align: justify;\">A Lei da Reg\u00eancia do Esp\u00edrito sobre a Mat\u00e9ria \u00e9 considerada a Lei mais importante da Natureza porque, sem conhec\u00ea-la e respeit\u00e1-la, o homem n\u00e3o consegue harmonizar plenamente a sua vida, nem consegue compreender exatamente o funcionamento das demais Leis. Um exemplo disso \u00e9 que, embora o homem fale sobre Lei da Ordem ou Lei de Causa e Efeito, ele jamais consegue, pela l\u00f3gica do racioc\u00ednio materialista, colocar as coisas na sua verdadeira ordem ou encontrar a verdadeira causa dos efeitos materiais na realidade invis\u00edvel do esp\u00edrito, onde ela realmente se encontra.<\/p>\n<p class=\"style3 style48 style49 style50\"><strong>Quais s\u00e3o os pontos b\u00e1sicos ensinados pelo Mestre Jinsai?<\/strong><\/p>\n<p class=\"style51\" style=\"text-align: justify;\">O Mestre Jinsai coloca como pontos b\u00e1sicos de Seus Ensinamentos os seguintes itens: Johrei, Agricultura Pura ou Natural e aprecia\u00e7\u00e3o da Arte e Beleza de alto n\u00edvel. Ele nos ensinou que s\u00e3o estes os tr\u00eas princ\u00edpios b\u00e1sicos para que o homem da atual civiliza\u00e7\u00e3o possa tornar-se o homem da Nova Civiliza\u00e7\u00e3o, que ser\u00e1 o Mundo de Miroku, o Para\u00edso Terrestre. Seguindo-os fielmente, qualquer pessoa ter\u00e1 sua vida livre dos tr\u00eas grandes infort\u00fanios, a saber: a doen\u00e7a, a pobreza e o conflito.<\/p>\n<p class=\"style3 style48 style49 style50\"><strong><span style=\"color: #000000;\">O que \u00e9 o Johrei?<\/span><\/strong><\/p>\n<p class=\"style51\" style=\"text-align: justify;\">\u00c9 a canaliza\u00e7\u00e3o da Luz Divina atrav\u00e9s da palma das m\u00e3os. Em sua ess\u00eancia, significa &#8220;purifica\u00e7\u00e3o do esp\u00edrito&#8221; (JOH = purificar, REI = esp\u00edrito).<\/p>\n<p class=\"style51\" style=\"text-align: justify;\">O Johrei \u00e9 formado pela trilogia fogo + \u00e1gua + terra, sendo o elemento fogo o preponderante. A uni\u00e3o desses elementos exerce um grande poder purificador das impurezas f\u00edsicas e espirituais. Ademais, ele aumenta a capacidade natural de recupera\u00e7\u00e3o do pr\u00f3prio corpo, sendo importante um constante estudo para saber aonde as toxinas se acumulam no corpo, o que difere de acordo com a doen\u00e7a ou problema.<\/p>\n<p class=\"style51\">Para saber mais, consulte a se\u00e7\u00e3o&nbsp;<a href=\"https:\/\/www.jinsai.org\/pt-BR\/johrei\/\">Johrei.<\/a><\/p>\n<p class=\"style3 style48\" style=\"text-align: justify;\"><strong><span class=\"style3 style48 style49 style50\"><span style=\"color: #000000;\">Para receber o Johrei \u00e9 necess\u00e1rio tornar-se um membro ou fiel da&nbsp;<\/span><\/span><span class=\"style3 style48 style49 style50\"><span style=\"color: #000000;\">i<\/span><\/span><span class=\"style3 style48 style49 style50\"><span style=\"color: #000000;\">ns<\/span><\/span><span class=\"style3 style48 style49 style50\"><span style=\"color: #000000;\">titui\u00e7\u00e3o religiosa?<\/span><\/span><\/strong><\/p>\n<p class=\"style3 style48\" style=\"text-align: justify;\"><span class=\"style51\">Nada impede o recebimento da Luz Divina. Qualquer pessoa pode procurar um local onde haja ministra\u00e7\u00e3o de Johrei e receb\u00ea-lo sem qualquer tipo de compromisso. Entretanto, para ministr\u00e1-lo, \u00e9 necess\u00e1rio fazer o Curso B\u00e1sico e receber o&nbsp;<em>Ohikari<\/em>, a medalha em cujo interior est\u00e1 caligrafada a palavra&nbsp;<em>Hikari<\/em>&nbsp;(Luz), de autoria do Mestre Jinsai. \u00c9 com ele que os fi\u00e9is recebem a Luz de Deus e ministram o Johrei.<\/span><\/p>\n<p class=\"style3 style48\" style=\"text-align: justify;\">Entretanto, mesmo com o recebimento do Ohikari, n\u00e3o \u00e9 necess\u00e1rio que se desligue \u00e0 f\u00e9 que se pertencia anteriormente, pois o Johrei \u00e9 um m\u00e9todo de salva\u00e7\u00e3o que independe da religi\u00e3o.<\/p>\n<p class=\"style3 style48\" style=\"text-align: justify;\"><strong><span class=\"style3 style48 style49 style50\">Com que sentimento devo receber o Ohikari&nbsp;<\/span><span class=\"style3 style48 style49 style50\">e ministrar Johrei?<\/span><\/strong><\/p>\n<p class=\"style3 style48\" style=\"text-align: justify;\">O mais importante \u00e9 pensar sempre primeiro na salva\u00e7\u00e3o dos outros, deixando em segundo plano nossos pr\u00f3prios interesses. H\u00e1 diferen\u00e7a no poder do Johrei daqueles que s\u00f3 querem obter m\u00e9ritos pessoais e daqueles que t\u00eam o desejo ardente de salvar as pessoas.<\/p>\n<p class=\"style3 style48\" style=\"text-align: justify;\">De qualquer forma, esfor\u00e7ando-nos para a salva\u00e7\u00e3o do pr\u00f3ximo, estaremos obtendo incont\u00e1veis b\u00ean\u00e7\u00e3os divinas e melhorando nosso pr\u00f3prio destino.<\/p>\n<p class=\"style3 style48\" style=\"text-align: justify;\"><strong><span class=\"style3 style48 style49 style50\"><span style=\"color: #000000;\">Em que se baseia a Agricultura Natural, ou&nbsp;<\/span><\/span><span class=\"style3 style48 style49 style50\"><span style=\"color: #000000;\">Agricultura Pura?<\/span><\/span><\/strong><\/p>\n<p class=\"style3 style48\" style=\"text-align: justify;\"><span style=\"color: #000000;\">Tal tipo de agricultura consiste em fazer com que o solo manifeste a sua verdadeira for\u00e7a, sem o uso de nenhum tipo de adubo ou agrot\u00f3xico. Assim, todas as coisas na Natureza s\u00e3o criadas com a for\u00e7a da trilogia fogo, \u00e1gua e terra. De modo an\u00e1logo, a ess\u00eancia do fogo \u00e9 o oxig\u00eanio, a da \u00e1gua \u00e9 o hidrog\u00eanio e a da terra \u00e9 o nitrog\u00eanio. Deus, portanto, fez o mundo de modo que os cereais e hortali\u00e7as pudessem ser produzidos na quantidade justa e necess\u00e1ria, e n\u00e3o h\u00e1 raz\u00e3o para que se faltem alimentos. Caso isso ocorra, \u00e9 \u00fanica e exclusivamente por alguma falha nas a\u00e7\u00f5es e conduta do homem, que se distancia da Verdade da Suprema Natureza.<\/span><\/p>\n<p class=\"style3 style48\" style=\"text-align: justify;\">Mais informa\u00e7\u00f5es podem ser adquiridas na se\u00e7\u00e3o&nbsp;<a href=\"https:\/\/www.jinsai.org\/pt-BR\/ensinamentos\/agricultura\/\">Agricultura<\/a>, em&nbsp;<span class=\"style51\"><a href=\"https:\/\/www.jinsai.org\/pt-BR\/ensinamentos\/\">Ensinamentos<\/a><\/span>.<\/p>\n<p class=\"style3 style48\" style=\"text-align: justify;\"><strong><span class=\"style3 style48 style49 style50\"><span style=\"color: #000000;\">Por que o Mestre Jinsai coloca a Arte como um dos princ\u00edpios b\u00e1sicos de Sua filosofia de&nbsp;<\/span><\/span><span class=\"style3 style48 style49 style50\"><span style=\"color: #000000;\">vida?<\/span><\/span><\/strong><\/p>\n<p class=\"style3 style48\" style=\"text-align: justify;\"><span class=\"style51\">Nas palavras do Mestre Jinsai: &#8220;<em>Enobrecer os sentimentos do homem e enriquecer-lhe a vida, proporcionando-lhe alegria e sentido, \u00e9 a miss\u00e3o da arte.&#8221; (25 de janeiro de 1949).&nbsp;<\/em>Portanto, a Arte tem como objetivo a eleva\u00e7\u00e3o do esp\u00edrito de uma forma celestial, na medida em que nos ligamos espiritualmente ao artista, atingindo n\u00edveis mais elevados de consci\u00eancia. Eis porque \u00e9 importante que o artista seja de elevado n\u00edvel espiritual, pois, caso contr\u00e1rio, a Arte traz como consequ\u00eancia a degrada\u00e7\u00e3o da sociedade.<\/span><\/p>\n<p class=\"style3 style48\" style=\"text-align: justify;\">Os Ensinamentos sobre Arte podem ser consultados&nbsp;<a href=\"https:\/\/www.jinsai.org\/pt-BR\/ensinamentos\/arte\/\">aqui<\/a>.<\/p>\n<p class=\"style3 style48\" style=\"text-align: justify;\"><strong><span class=\"style3 style48 style49 style50\"><span style=\"color: #000000;\">Como posso conhecer melhor os Ensinamentos de Meishu-Sama (Mestre Jinsai)<\/span><\/span><span class=\"style3 style48 style49 style50\"><span style=\"color: #000000;\">?<\/span><\/span><\/strong><\/p>\n<p class=\"style3 style48\" style=\"text-align: justify;\">O portal Jinsai.org divulga, constantemente, alguns dos Ensinamentos do Mestre. Entretanto, para uma melhor compreens\u00e3o, recomendamos que se comprem os livros existentes nas diversas institui\u00e7\u00f5es que seguem Sua filosofia. Tais Ensinamentos dever\u00e3o ser tratados com o m\u00e1ximo de respeito, jamais colocando-se algo em cima, e lidos constantemente, tanto com a mente quanto com o cora\u00e7\u00e3o, pois eles tamb\u00e9m aumentam nossa for\u00e7a espiritual. Al\u00e9m disso, ali est\u00e3o as explica\u00e7\u00f5es para grande parte das d\u00favidas que temos na vida, raz\u00e3o pela qual eles devem ser assimilados muito bem por todas as pessoas.<\/p>\n<p class=\"style3 style48\" style=\"text-align: justify;\"><\/p>\n\n<div id=\"pl-gb61-69f245577ed0c\"  class=\"panel-layout\" ><div id=\"pg-gb61-69f245577ed0c-0\"  class=\"panel-grid panel-no-style\" ><div id=\"pgc-gb61-69f245577ed0c-0-0\"  class=\"panel-grid-cell\" ><div id=\"panel-gb61-69f245577ed0c-0-0-0\" class=\"widget_text so-panel widget_custom_html panel-first-child panel-last-child\" data-index=\"0\" ><div class=\"textwidget custom-html-widget\">\n\n\n&nbsp;\n\n\n<iframe src=\"http:\/\/www.facebook.com\/plugins\/like.php?href= https:\/\/www.jinsai.org\/pt-BR\/pagina-inicial\/duvidas-comuns\/\n&amp;%0Alayout=standard&amp;show_faces=false&amp;width=380&amp;action=like&amp;colorscheme=light&amp;height=25\"\nstyle=\"border: medium none ; ovew: hidden; width: 350px; height:\n25px;\" allowtransparencyrflo=\"true\" scrolling=\"no\"\nframeborder=\"0\"><\/iframe>\n\n\n<div id=\"fb-root\"><\/div>\n\n\n<script\nsrc=\"http:\/\/connect.facebook.net\/pt_BR\/all.js#appId=APP_ID&amp;xfbml=1\"><\/script><fb:comments\nhref=\"https:\/\/www.jinsai.org\/pt-BR\/pagina-inicial\/duvidas-comuns\/\"\nnum_posts=\"100\" width=\"500\"><\/fb:comments><meta\nproperty=\"fb:app_id\" content=\"171964893011161\">\n\n\n\u00a0\n\n\n<div id=\"fb-root\"><\/div>\n\n\n<script>(function(d, s, id) {<br \/>\n\n\n\u00a0 var js, fjs =\nd.getElementsByTagName(s)[0];<br \/>\n\n\n\u00a0 if (d.getElementById(id))\nreturn;<br \/>\n\n\n\u00a0 js = d.createElement(s); js.id =\nid;<br \/>\n\n\n\u00a0 js.src =\n'https:\/\/connect.facebook.net\/pt_BR\/sdk.js#xfbml=1&version=v3.0&appId=171964893011161&autoLogAppEvents=1';<br\n\/>\n\n\n\u00a0 fjs.parentNode.insertBefore(js,\nfjs);<br \/>\n\n\n}(document, 'script', 'facebook-jssdk'));<\/script>\n\n\n<div class=\"fb-share-button\" data-href=\"https:\/\/www.jinsai.org\/pt-BR\/pagina-inicial\/duvidas-comuns\/\"\ndata-layout=\"button_count\" data-size=\"large\"\ndata-mobile-iframe=\"true\"><a target=\"_blank\"\nhref=\"https:\/\/www.facebook.com\/sharer\/sharer.php?u=http%3A%2F%https:\/\/www.jinsai.org\/pt-BR\/pagina-inicial\/duvidas-comuns\/%2F&amp;src=sdkpreparse\"\nclass=\"fb-xfbml-parse-ignore\">Compartilhar<\/a><\/div>\n\n\n<\/div><\/div><\/div><\/div><\/div>","protected":false},"excerpt":{"rendered":"<p>Quem \u00e9 o Mestre Jinsai? \u00c9 um dos pseud\u00f4nimos de Mokiti Okada, tamb\u00e9m conhecido como Meishu-Sama, o criador do processo de purificar o esp\u00edrito (Johrei), e construtor do modelo da Nova Civiliza\u00e7\u00e3o. Foi um cientista religioso e especialista em diversas \u00e1reas, tais como Arte, Pol\u00edtica, Religi\u00e3o, Economia, Sociedade, Medicina Alternativa, Agricultura, etc. Para saber mais [&hellip;]<\/p>\n","protected":false},"author":1,"featured_media":0,"parent":23,"menu_order":0,"comment_status":"open","ping_status":"closed","template":"templates\/template-full.php","meta":{"footnotes":""},"class_list":["post-61","page","type-page","status-publish","hentry","post"],"_links":{"self":[{"href":"https:\/\/www.jinsai.org\/pt-BR\/wp-json\/wp\/v2\/pages\/61","targetHints":{"allow":["GET"]}}],"collection":[{"href":"https:\/\/www.jinsai.org\/pt-BR\/wp-json\/wp\/v2\/pages"}],"about":[{"href":"https:\/\/www.jinsai.org\/pt-BR\/wp-json\/wp\/v2\/types\/page"}],"author":[{"embeddable":true,"href":"https:\/\/www.jinsai.org\/pt-BR\/wp-json\/wp\/v2\/users\/1"}],"replies":[{"embeddable":true,"href":"https:\/\/www.jinsai.org\/pt-BR\/wp-json\/wp\/v2\/comments?post=61"}],"version-history":[{"count":28,"href":"https:\/\/www.jinsai.org\/pt-BR\/wp-json\/wp\/v2\/pages\/61\/revisions"}],"predecessor-version":[{"id":6646,"href":"https:\/\/www.jinsai.org\/pt-BR\/wp-json\/wp\/v2\/pages\/61\/revisions\/6646"}],"up":[{"embeddable":true,"href":"https:\/\/www.jinsai.org\/pt-BR\/wp-json\/wp\/v2\/pages\/23"}],"wp:attachment":[{"href":"https:\/\/www.jinsai.org\/pt-BR\/wp-json\/wp\/v2\/media?parent=61"}],"curies":[{"name":"wp","href":"https:\/\/api.w.org\/{rel}","templated":true}]}}