{"id":63,"date":"2018-05-31T11:02:22","date_gmt":"2018-05-31T14:02:22","guid":{"rendered":"http:\/\/www.jinsai.org\/pt-BR\/?page_id=63"},"modified":"2020-03-28T18:07:12","modified_gmt":"2020-03-28T21:07:12","slug":"contato","status":"publish","type":"page","link":"https:\/\/www.jinsai.org\/pt-BR\/pagina-inicial\/contato\/","title":{"rendered":"Contato"},"content":{"rendered":"<p class=\"style3 style48\">D\u00favidas? Sugest\u00f5es? Endere\u00e7o para Johrei? Entre em contato conosco!<\/p>\n<p class=\"style3 style48\"><a href=\"mailto:jinsai@jinsai.org\">jinsai@jinsai.org<\/a><\/p>\n<p class=\"style3 style48\">Ou atrav\u00e9s de nossos perfis:<\/p>\n<p class=\"style48 style3 style49\"><strong>Facebook:<\/strong><\/p>\n<p class=\"style3 style48\"><strong>Nosso perfil:<\/strong><a href=\"http:\/\/www.facebook.com\/jinsai.meishu\" target=\"_blank\" rel=\"noopener noreferrer\">\u00a0http:\/\/www.facebook.com\/jinsai.meishu<\/a><\/p>\n<p class=\"style3 style48\"><strong>P\u00e1gina sobre Meishu-Sama:<\/strong>\u00a0<a href=\"https:\/\/www.facebook.com\/MeishuSamaOficialBr\" target=\"_blank\" rel=\"noopener noreferrer\">https:\/\/www.facebook.com\/MeishuSamaOficialBr<\/a><\/p>\n<p class=\"style3 style48\"><strong>P\u00e1gina sobre Ogata Korin:<\/strong>\u00a0<a href=\"https:\/\/www.facebook.com\/ogatakorinbr\" target=\"_blank\" rel=\"noopener noreferrer\">https:\/\/www.facebook.com\/ogatakorinbr<\/a><\/p>\n<p class=\"style48 style3\"><strong>P\u00e1gina sobre os Prot\u00f3tipos do Para\u00edso Terrestre:\u00a0<\/strong><a href=\"https:\/\/www.facebook.com\/prototipodoparaiso\" target=\"_blank\" rel=\"noopener noreferrer\">https:\/\/www.facebook.com\/prototipodoparaiso<\/a><\/p>\n<p class=\"style48 style3\"><strong>Grupo de Pesquisas sobre Meishu-Sama:\u00a0<\/strong><a href=\"https:\/\/www.facebook.com\/pesquisassobremeishusama\/\" target=\"_blank\" rel=\"noopener noreferrer\">https:\/\/www.facebook.com\/pesquisassobremeishusama\/<\/a><\/p>\n<p class=\"style49 style48 style3\"><strong>Twitter: <\/strong><a href=\"http:\/\/twitter.com\/#!\/Jinsaiorg\" target=\"_blank\" rel=\"noopener noreferrer\">http:\/\/twitter.com\/#!\/Jinsaiorg<\/a><\/p>\n<p><strong>Youtube:<\/strong> <span class=\"_F7Vk selectable-text invisible-space copyable-text\" dir=\"ltr\"><a class=\"_F7Vk selectable-text invisible-space copyable-text\" title=\"https:\/\/www.youtube.com\/channel\/UC_Nvyn3JGDEhvR4gQrn-IbQ\" href=\"https:\/\/www.youtube.com\/channel\/UC_Nvyn3JGDEhvR4gQrn-IbQ\" target=\"_blank\" rel=\"noopener noreferrer\">https:\/\/www.youtube.com\/channel\/UC_Nvyn3JGDEhvR4gQrn-IbQ<\/a><\/span><\/p>\n\n<div id=\"pl-gb63-69f24557247b9\"  class=\"panel-layout\" ><div id=\"pg-gb63-69f24557247b9-0\"  class=\"panel-grid panel-no-style\" ><div id=\"pgc-gb63-69f24557247b9-0-0\"  class=\"panel-grid-cell\" ><div id=\"panel-gb63-69f24557247b9-0-0-0\" class=\"widget_text so-panel widget_custom_html panel-first-child panel-last-child\" data-index=\"0\" ><div class=\"textwidget custom-html-widget\">\n\n\n&nbsp;\n\n\n<iframe src=\"http:\/\/www.facebook.com\/plugins\/like.php?href= https:\/\/www.jinsai.org\/pt-BR\/pagina-inicial\/contato&amp;%0Alayout=standard&amp;show_faces=false&amp;width=380&amp;action=like&amp;colorscheme=light&amp;height=25\"\nstyle=\"border: medium none ; ovew: hidden; width: 350px; height:\n25px;\" allowtransparencyrflo=\"true\" scrolling=\"no\"\nframeborder=\"0\"><\/iframe>\n\n\n<div id=\"fb-root\"><\/div>\n\n\n<script\nsrc=\"http:\/\/connect.facebook.net\/pt_BR\/all.js#appId=APP_ID&amp;xfbml=1\"><\/script><fb:comments\nhref=\"https:\/\/www.jinsai.org\/pt-BR\/pagina-inicial\/contato\"\nnum_posts=\"100\" width=\"500\"><\/fb:comments><meta\nproperty=\"fb:app_id\" content=\"171964893011161\">\n\n\n\u00a0\n\n\n<div id=\"fb-root\"><\/div>\n\n\n<script>(function(d, s, id) {<br \/>\n\n\n\u00a0 var js, fjs =\nd.getElementsByTagName(s)[0];<br \/>\n\n\n\u00a0 if (d.getElementById(id))\nreturn;<br \/>\n\n\n\u00a0 js = d.createElement(s); js.id =\nid;<br \/>\n\n\n\u00a0 js.src =\n'https:\/\/connect.facebook.net\/pt_BR\/sdk.js#xfbml=1&version=v3.0&appId=171964893011161&autoLogAppEvents=1';<br\n\/>\n\n\n\u00a0 fjs.parentNode.insertBefore(js,\nfjs);<br \/>\n\n\n}(document, 'script', 'facebook-jssdk'));<\/script>\n\n\n<div class=\"fb-share-button\" data-href=\"https:\/\/www.jinsai.org\/pt-BR\/pagina-inicial\/contato\"\ndata-layout=\"button_count\" data-size=\"large\"\ndata-mobile-iframe=\"true\"><a target=\"_blank\"\nhref=\"https:\/\/www.facebook.com\/sharer\/sharer.php?u=http%3A%2F%https:\/\/www.jinsai.org\/pt-BR\/pagina-inicial\/contato%2F&amp;src=sdkpreparse\"\nclass=\"fb-xfbml-parse-ignore\">Compartilhar<\/a><\/div>\n\n\n<\/div><\/div><\/div><\/div><\/div>\n\n<div id=\"pl-gb63-69f2455724973\"  class=\"panel-layout\" ><div id=\"pg-gb63-69f2455724973-0\"  class=\"panel-grid panel-no-style\" ><div id=\"pgc-gb63-69f2455724973-0-0\"  class=\"panel-grid-cell\" ><div id=\"panel-gb63-69f2455724973-0-0-0\" class=\"widget_text so-panel widget_custom_html panel-first-child panel-last-child\" data-index=\"0\" ><div class=\"textwidget custom-html-widget\"><\/div><\/div><\/div><\/div><\/div>","protected":false},"excerpt":{"rendered":"<p>D\u00favidas? Sugest\u00f5es? Endere\u00e7o para Johrei? Entre em contato conosco! jinsai@jinsai.org Ou atrav\u00e9s de nossos perfis: Facebook: Nosso perfil:\u00a0http:\/\/www.facebook.com\/jinsai.meishu P\u00e1gina sobre Meishu-Sama:\u00a0https:\/\/www.facebook.com\/MeishuSamaOficialBr P\u00e1gina sobre Ogata Korin:\u00a0https:\/\/www.facebook.com\/ogatakorinbr P\u00e1gina sobre os Prot\u00f3tipos do Para\u00edso Terrestre:\u00a0https:\/\/www.facebook.com\/prototipodoparaiso Grupo de Pesquisas sobre Meishu-Sama:\u00a0https:\/\/www.facebook.com\/pesquisassobremeishusama\/ Twitter: http:\/\/twitter.com\/#!\/Jinsaiorg Youtube: https:\/\/www.youtube.com\/channel\/UC_Nvyn3JGDEhvR4gQrn-IbQ<\/p>\n","protected":false},"author":1,"featured_media":0,"parent":23,"menu_order":0,"comment_status":"open","ping_status":"closed","template":"templates\/template-full.php","meta":{"footnotes":""},"class_list":["post-63","page","type-page","status-publish","hentry","post"],"_links":{"self":[{"href":"https:\/\/www.jinsai.org\/pt-BR\/wp-json\/wp\/v2\/pages\/63","targetHints":{"allow":["GET"]}}],"collection":[{"href":"https:\/\/www.jinsai.org\/pt-BR\/wp-json\/wp\/v2\/pages"}],"about":[{"href":"https:\/\/www.jinsai.org\/pt-BR\/wp-json\/wp\/v2\/types\/page"}],"author":[{"embeddable":true,"href":"https:\/\/www.jinsai.org\/pt-BR\/wp-json\/wp\/v2\/users\/1"}],"replies":[{"embeddable":true,"href":"https:\/\/www.jinsai.org\/pt-BR\/wp-json\/wp\/v2\/comments?post=63"}],"version-history":[{"count":9,"href":"https:\/\/www.jinsai.org\/pt-BR\/wp-json\/wp\/v2\/pages\/63\/revisions"}],"predecessor-version":[{"id":6751,"href":"https:\/\/www.jinsai.org\/pt-BR\/wp-json\/wp\/v2\/pages\/63\/revisions\/6751"}],"up":[{"embeddable":true,"href":"https:\/\/www.jinsai.org\/pt-BR\/wp-json\/wp\/v2\/pages\/23"}],"wp:attachment":[{"href":"https:\/\/www.jinsai.org\/pt-BR\/wp-json\/wp\/v2\/media?parent=63"}],"curies":[{"name":"wp","href":"https:\/\/api.w.org\/{rel}","templated":true}]}}