{"id":7042,"date":"2020-04-11T17:54:54","date_gmt":"2020-04-11T20:54:54","guid":{"rendered":"http:\/\/www.jinsai.org\/pt-BR\/?page_id=7042"},"modified":"2021-10-09T10:47:18","modified_gmt":"2021-10-09T13:47:18","slug":"coletanea-sobre-religiao-5-cristianismo","status":"publish","type":"page","link":"https:\/\/www.jinsai.org\/pt-BR\/ensinamentos\/coletaneas\/coletanea-sobre-religiao-5-cristianismo\/","title":{"rendered":"Colet\u00e2nea sobre Religi\u00e3o 5 &#8211; Cristianismo"},"content":{"rendered":"<div id=\"pl-7042\"  class=\"panel-layout\" ><div id=\"pg-7042-0\"  class=\"panel-grid panel-no-style\" ><div id=\"pgc-7042-0-0\"  class=\"panel-grid-cell\" ><div id=\"panel-7042-0-0-0\" class=\"so-panel widget_siteorigin-panels-postloop panel-first-child\" data-index=\"0\" >\n\t<div id=\"vantage-circleicon-loop\" class=\"vantage-circleicon-loop circleicon-loop-columns-3\">\n\n\t\t<div class=\"widget widget_circleicon-widget\">\t\t<div class=\"circle-icon-box circle-icon-position-top circle-icon-hide-box circle-icon-size-small\">\n\t\t\t<div class=\"circle-icon-wrapper\">\n\t\t\t\t<a href=\"https:\/\/www.jinsai.org\/pt-BR\/ensinamentos\/coletaneas\/coletanea-sobre-religiao-5-cristianismo\/112-aleluia\/\" class=\"link-icon\" >\t\t\t\t<div class=\"circle-icon icon-style-set\" style=\"background-image: url(https:\/\/www.jinsai.org\/pt-BR\/wp-content\/uploads\/2020\/04\/sabado-de-aleluia-14889-150x150.jpg)\">\n\t\t\t\t\t\t\t\t\t<\/div>\n\t\t\t\t<\/a>\t\t\t<\/div>\n\n\t\t\t<a href=\"https:\/\/www.jinsai.org\/pt-BR\/ensinamentos\/coletaneas\/coletanea-sobre-religiao-5-cristianismo\/112-aleluia\/\" class=\"link-title\" >\t\t\t<h5 >Colet\u00e2nea sobre Religi\u00e3o 5 &#8211; Cristianismo<\/h5>\t\t\t<h4 >112 &#8211; ALELUIA<\/h4>\t\t\t<\/a>\n\t\t\t<p class=\"text\" >Pergunta: Gostaria de saber o significado do termo \"aleluia\" presente em Vosso poema que versa sobre o Advento do Messias.<\/p>\t\t\t\t\t\t\t<a href=\"https:\/\/www.jinsai.org\/pt-BR\/ensinamentos\/coletaneas\/coletanea-sobre-religiao-5-cristianismo\/112-aleluia\/\" class=\"more-button\" >Continue lendo <i><\/i><\/a>\n\t\t\t\t\t<\/div>\n\t\t<\/div><div class=\"widget widget_circleicon-widget\">\t\t<div class=\"circle-icon-box circle-icon-position-top circle-icon-hide-box circle-icon-size-small\">\n\t\t\t<div class=\"circle-icon-wrapper\">\n\t\t\t\t<a href=\"https:\/\/www.jinsai.org\/pt-BR\/ensinamentos\/coletaneas\/coletanea-sobre-religiao-5-cristianismo\/114-o-filho-do-homem\/\" class=\"link-icon\" >\t\t\t\t<div class=\"circle-icon icon-style-set\" style=\"background-image: url(https:\/\/www.jinsai.org\/pt-BR\/wp-content\/uploads\/2021\/10\/502014285_univ_lsr_xl-1-150x75.jpg)\">\n\t\t\t\t\t\t\t\t\t<\/div>\n\t\t\t\t<\/a>\t\t\t<\/div>\n\n\t\t\t<a href=\"https:\/\/www.jinsai.org\/pt-BR\/ensinamentos\/coletaneas\/coletanea-sobre-religiao-5-cristianismo\/114-o-filho-do-homem\/\" class=\"link-title\" >\t\t\t<h5 >Colet\u00e2nea sobre Religi\u00e3o 5 &#8211; Cristianismo<\/h5>\t\t\t<h4 >114 &#8211; O FILHO DO HOMEM<\/h4>\t\t\t<\/a>\n\t\t\t<p class=\"text\" >Pergunta: Gostaria de ouvir suas Sagradas Palavras sobre a express\u00e3o \"filho do homem\" citada por Jesus v\u00e1rias vezes no Novo Testamento. Meishu-Sama: \u00c9 filho de Deus e filho do homem tamb\u00e9m. (Existe um profundo significado nisso) Pode-se dizer que \u00e9 filho unig\u00eanito. Deus desce do C\u00e9u \u00e0 Terra como filho do homem [1], mas tem [&hellip;]<\/p>\t\t\t\t\t\t\t<a href=\"https:\/\/www.jinsai.org\/pt-BR\/ensinamentos\/coletaneas\/coletanea-sobre-religiao-5-cristianismo\/114-o-filho-do-homem\/\" class=\"more-button\" >Continue lendo <i><\/i><\/a>\n\t\t\t\t\t<\/div>\n\t\t<\/div><div class=\"widget widget_circleicon-widget\">\t\t<div class=\"circle-icon-box circle-icon-position-top circle-icon-hide-box circle-icon-size-small\">\n\t\t\t<div class=\"circle-icon-wrapper\">\n\t\t\t\t<a href=\"https:\/\/www.jinsai.org\/pt-BR\/ensinamentos\/coletaneas\/coletanea-sobre-religiao-5-cristianismo\/116-o-fruto-proibido-e-o-jardim-do-eden\/\" class=\"link-icon\" >\t\t\t\t<div class=\"circle-icon icon-style-set\" style=\"background-image: url(https:\/\/www.jinsai.org\/pt-BR\/wp-content\/uploads\/2018\/07\/adan-y-eva-1-150x150.jpg)\">\n\t\t\t\t\t\t\t\t\t<\/div>\n\t\t\t\t<\/a>\t\t\t<\/div>\n\n\t\t\t<a href=\"https:\/\/www.jinsai.org\/pt-BR\/ensinamentos\/coletaneas\/coletanea-sobre-religiao-5-cristianismo\/116-o-fruto-proibido-e-o-jardim-do-eden\/\" class=\"link-title\" >\t\t\t<h5 >Colet\u00e2nea sobre Religi\u00e3o 5 &#8211; Cristianismo<\/h5>\t\t\t<h4 >116 &#8211; O FRUTO PROIBIDO E O JARDIM DO \u00c9DEN<\/h4>\t\t\t<\/a>\n\t\t\t<p class=\"text\" >Pergunta: Gostaria de saber o que \u00e9 o \"fruto proibido\" a que se refere a B\u00edblia. Meishu-Sama: Isto \u00e9 uma lenda, n\u00e3o d\u00e1 para dizer exatamente o que \u00e9. Existem muitas par\u00e1bolas na B\u00edblia. Eu acho que \u00e9 o rem\u00e9dio. A humanidade se tornou extremamente infeliz quando passou a tomar rem\u00e9dios. Os rem\u00e9dios criaram doen\u00e7as [&hellip;]<\/p>\t\t\t\t\t\t\t<a href=\"https:\/\/www.jinsai.org\/pt-BR\/ensinamentos\/coletaneas\/coletanea-sobre-religiao-5-cristianismo\/116-o-fruto-proibido-e-o-jardim-do-eden\/\" class=\"more-button\" >Continue lendo <i><\/i><\/a>\n\t\t\t\t\t<\/div>\n\t\t<\/div><div class=\"clear\"><\/div><div class=\"widget widget_circleicon-widget\">\t\t<div class=\"circle-icon-box circle-icon-position-top circle-icon-hide-box circle-icon-size-small\">\n\t\t\t<div class=\"circle-icon-wrapper\">\n\t\t\t\t<a href=\"https:\/\/www.jinsai.org\/pt-BR\/ensinamentos\/coletaneas\/coletanea-sobre-religiao-5-cristianismo\/118-cristo-e-a-pomba\/\" class=\"link-icon\" >\t\t\t\t<div class=\"circle-icon icon-style-set\" style=\"background-image: url(https:\/\/www.jinsai.org\/pt-BR\/wp-content\/uploads\/2021\/10\/super_imgpor_que_a_pomba_branca_e_o_simbolo_da_paz1-150x85.png)\">\n\t\t\t\t\t\t\t\t\t<\/div>\n\t\t\t\t<\/a>\t\t\t<\/div>\n\n\t\t\t<a href=\"https:\/\/www.jinsai.org\/pt-BR\/ensinamentos\/coletaneas\/coletanea-sobre-religiao-5-cristianismo\/118-cristo-e-a-pomba\/\" class=\"link-title\" >\t\t\t<h5 >Colet\u00e2nea sobre Religi\u00e3o 5 &#8211; Cristianismo<\/h5>\t\t\t<h4 >118 &#8211; CRISTO E A POMBA<\/h4>\t\t\t<\/a>\n\t\t\t<p class=\"text\" >Pergunta: Qual a rela\u00e7\u00e3o entre o esp\u00edrito de Cristo e a pomba? Meishu-Sama: A pomba \u00e9 mensageira da paz. N\u00e3o tem muita rela\u00e7\u00e3o. 03 de mar\u00e7o de 1950 Traduzido pela Equipe Jinsai<\/p>\t\t\t\t\t\t\t<a href=\"https:\/\/www.jinsai.org\/pt-BR\/ensinamentos\/coletaneas\/coletanea-sobre-religiao-5-cristianismo\/118-cristo-e-a-pomba\/\" class=\"more-button\" >Continue lendo <i><\/i><\/a>\n\t\t\t\t\t<\/div>\n\t\t<\/div><div class=\"widget widget_circleicon-widget\">\t\t<div class=\"circle-icon-box circle-icon-position-top circle-icon-hide-box circle-icon-size-small\">\n\t\t\t<div class=\"circle-icon-wrapper\">\n\t\t\t\t<a href=\"https:\/\/www.jinsai.org\/pt-BR\/ensinamentos\/coletaneas\/coletanea-sobre-religiao-5-cristianismo\/132-koomyo-nyorai-e-maria\/\" class=\"link-icon\" >\t\t\t\t<div class=\"circle-icon icon-style-set\" style=\"background-image: url(https:\/\/www.jinsai.org\/pt-BR\/wp-content\/uploads\/2021\/10\/502018141_univ_lsr_xl-150x75.jpg)\">\n\t\t\t\t\t\t\t\t\t<\/div>\n\t\t\t\t<\/a>\t\t\t<\/div>\n\n\t\t\t<a href=\"https:\/\/www.jinsai.org\/pt-BR\/ensinamentos\/coletaneas\/coletanea-sobre-religiao-5-cristianismo\/132-koomyo-nyorai-e-maria\/\" class=\"link-title\" >\t\t\t<h5 >Colet\u00e2nea sobre Religi\u00e3o 5 &#8211; Cristianismo<\/h5>\t\t\t<h4 >132 &#8211; KOOMYO NYORAI E MARIA<\/h4>\t\t\t<\/a>\n\t\t\t<p class=\"text\" >Pergunta:\u00a0Segundo a Igreja Cat\u00f3lica, a Guerra do Pac\u00edfico come\u00e7ou no dia de anivers\u00e1rio da Virgem Maria e terminou no dia de sua morte. Gostaria de saber se existe algum significado espiritual nesta ocorr\u00eancia. Gostaria de saber tamb\u00e9m se existe alguma rela\u00e7\u00e3o espiritual entre Maria e Koomyo Nyorai.Meishu-Sama:\u00a0Existe uma rela\u00e7\u00e3o indireta. Koomyo Nyorai pode se tornar [&hellip;]<\/p>\t\t\t\t\t\t\t<a href=\"https:\/\/www.jinsai.org\/pt-BR\/ensinamentos\/coletaneas\/coletanea-sobre-religiao-5-cristianismo\/132-koomyo-nyorai-e-maria\/\" class=\"more-button\" >Continue lendo <i><\/i><\/a>\n\t\t\t\t\t<\/div>\n\t\t<\/div><div class=\"widget widget_circleicon-widget\">\t\t<div class=\"circle-icon-box circle-icon-position-top circle-icon-hide-box circle-icon-size-small\">\n\t\t\t<div class=\"circle-icon-wrapper\">\n\t\t\t\t<a href=\"https:\/\/www.jinsai.org\/pt-BR\/ensinamentos\/coletaneas\/coletanea-sobre-religiao-5-cristianismo\/134-kannon-e-maria\/\" class=\"link-icon\" >\t\t\t\t<div class=\"circle-icon icon-style-set\" style=\"background-image: url(https:\/\/www.jinsai.org\/pt-BR\/wp-content\/uploads\/2018\/05\/ave-maria.png-w1200-150x150.png)\">\n\t\t\t\t\t\t\t\t\t<\/div>\n\t\t\t\t<\/a>\t\t\t<\/div>\n\n\t\t\t<a href=\"https:\/\/www.jinsai.org\/pt-BR\/ensinamentos\/coletaneas\/coletanea-sobre-religiao-5-cristianismo\/134-kannon-e-maria\/\" class=\"link-title\" >\t\t\t<h5 >Colet\u00e2nea sobre Religi\u00e3o 5 &#8211; Cristianismo<\/h5>\t\t\t<h4 >134 &#8211; KANNON E MARIA<\/h4>\t\t\t<\/a>\n\t\t\t<p class=\"text\" >Pergunta:\u00a0Algumas pessoas costumam dizer que Kannon [Avalokiteshvara] \u00e9 Maria [m\u00e3e de Jesus]. Gostaria de pedir sua instru\u00e7\u00e3o sobre isso. Meishu-Sama:\u00a0Chamam de \"Maria Kannon\". Dizem isso por sua imagem parecer com a de Kannon. Isto n\u00e3o \u00e9 totalmente sem sentido, mas n\u00e3o d\u00e1 para dizer claramente que \u00e9 Kannon. N\u00e3o h\u00e1 problema em chamar de \"Maria [&hellip;]<\/p>\t\t\t\t\t\t\t<a href=\"https:\/\/www.jinsai.org\/pt-BR\/ensinamentos\/coletaneas\/coletanea-sobre-religiao-5-cristianismo\/134-kannon-e-maria\/\" class=\"more-button\" >Continue lendo <i><\/i><\/a>\n\t\t\t\t\t<\/div>\n\t\t<\/div><div class=\"clear\"><\/div><div class=\"widget widget_circleicon-widget\">\t\t<div class=\"circle-icon-box circle-icon-position-top circle-icon-hide-box circle-icon-size-small\">\n\t\t\t<div class=\"circle-icon-wrapper\">\n\t\t\t\t<a href=\"https:\/\/www.jinsai.org\/pt-BR\/ensinamentos\/coletaneas\/coletanea-sobre-religiao-5-cristianismo\/136-maya-e-maria\/\" class=\"link-icon\" >\t\t\t\t<div class=\"circle-icon icon-style-set\" style=\"background-image: url(https:\/\/www.jinsai.org\/pt-BR\/wp-content\/uploads\/2021\/10\/web-blessed-virgin-mary-aaron-amat-shutterstock_80963179-150x75.jpg)\">\n\t\t\t\t\t\t\t\t\t<\/div>\n\t\t\t\t<\/a>\t\t\t<\/div>\n\n\t\t\t<a href=\"https:\/\/www.jinsai.org\/pt-BR\/ensinamentos\/coletaneas\/coletanea-sobre-religiao-5-cristianismo\/136-maya-e-maria\/\" class=\"link-title\" >\t\t\t<h5 >Colet\u00e2nea sobre Religi\u00e3o 5 &#8211; Cristianismo<\/h5>\t\t\t<h4 >136 &#8211; MAYA E MARIA<\/h4>\t\t\t<\/a>\n\t\t\t<p class=\"text\" >Pergunta:\u00a0O kototama de Maya (m\u00e3e de Sakyamuni) e de Maria (m\u00e3e de Jesus) parecem ter algo em comum; gostaria de receber sua orienta\u00e7\u00e3o a este respeito.Meishu-Sama:\u00a0T\u00eam algo em comum, sim. S\u00e3o as duas grandes religi\u00f5es do mundo, uma \u00e9 vertical e a outra horizontal. Tanto Maria quanto Maya foram instrumentos de Deus para conceber homens [&hellip;]<\/p>\t\t\t\t\t\t\t<a href=\"https:\/\/www.jinsai.org\/pt-BR\/ensinamentos\/coletaneas\/coletanea-sobre-religiao-5-cristianismo\/136-maya-e-maria\/\" class=\"more-button\" >Continue lendo <i><\/i><\/a>\n\t\t\t\t\t<\/div>\n\t\t<\/div>\t<\/div>\n\t<\/div><div id=\"panel-7042-0-0-1\" class=\"widget_text so-panel widget_custom_html panel-last-child\" data-index=\"1\" ><div class=\"textwidget custom-html-widget\">\n\n\n&nbsp;\n\n\n<iframe src=\"http:\/\/www.facebook.com\/plugins\/like.php?href= \u00a0http:\/\/www.jinsai.org\/pt-BR\/ensinamentos\/coletaneas\/coletanea-sobre-religiao-5-cristianismo&amp;%0Alayout=standard&amp;show_faces=false&amp;width=380&amp;action=like&amp;colorscheme=light&amp;height=25\"\nstyle=\"border: medium none ; ovew: hidden; width: 350px; height:\n25px;\" allowtransparencyrflo=\"true\" scrolling=\"no\"\nframeborder=\"0\"><\/iframe>\n\n\n<div id=\"fb-root\"><\/div>\n\n\n<script\nsrc=\"http:\/\/connect.facebook.net\/pt_BR\/all.js#appId=APP_ID&amp;xfbml=1\"><\/script><fb:comments\nhref=\" http:\/\/www.jinsai.org\/pt-BR\/ensinamentos\/coletaneas\/coletanea-sobre-religiao-5-cristianismo\"\nnum_posts=\"100\" width=\"500\"><\/fb:comments><meta\nproperty=\"fb:app_id\" content=\"171964893011161\">\n\n\n\u00a0\n\n\n<div id=\"fb-root\"><\/div>\n\n\n<script>(function(d, s, id) {<br \/>\n\n\n\u00a0 var js, fjs =\nd.getElementsByTagName(s)[0];<br \/>\n\n\n\u00a0 if (d.getElementById(id))\nreturn;<br \/>\n\n\n\u00a0 js = d.createElement(s); js.id =\nid;<br \/>\n\n\n\u00a0 js.src =\n'https:\/\/connect.facebook.net\/pt_BR\/sdk.js#xfbml=1&version=v3.0&appId=171964893011161&autoLogAppEvents=1';<br\n\/>\n\n\n\u00a0 fjs.parentNode.insertBefore(js,\nfjs);<br \/>\n\n\n}(document, 'script', 'facebook-jssdk'));<\/script>\n\n\n<div class=\"fb-share-button\" data-href=\" http:\/\/www.jinsai.org\/pt-BR\/ensinamentos\/coletaneas\/coletanea-sobre-religiao-5-cristianismo\"\ndata-layout=\"button_count\" data-size=\"large\"\ndata-mobile-iframe=\"true\"><a target=\"_blank\"\nhref=\"https:\/\/www.facebook.com\/sharer\/sharer.php?u=http%3A%2F% http:\/\/www.jinsai.org\/pt-BR\/ensinamentos\/coletaneas\/coletanea-sobre-religiao-5-cristianismo%2F&amp;src=sdkpreparse\"\nclass=\"fb-xfbml-parse-ignore\">Compartilhar<\/a><\/div>\n\n\n<\/div><\/div><\/div><\/div><\/div>","protected":false},"excerpt":{"rendered":"<p>Pergunta:\u00a0O kototama de Maya (m\u00e3e de Sakyamuni) e de Maria (m\u00e3e de Jesus) parecem ter algo em comum; gostaria de receber sua orienta\u00e7\u00e3o a este respeito.Meishu-Sama:\u00a0T\u00eam algo em comum, sim. S\u00e3o as duas grandes religi\u00f5es do mundo, uma \u00e9 vertical e a outra horizontal. Tanto Maria quanto Maya foram instrumentos de Deus para conceber homens [&hellip;]<\/p>\n","protected":false},"author":1,"featured_media":0,"parent":2462,"menu_order":0,"comment_status":"open","ping_status":"closed","template":"","meta":{"footnotes":""},"class_list":["post-7042","page","type-page","status-publish","hentry","post","post-with-thumbnail","post-with-thumbnail-icon"],"_links":{"self":[{"href":"https:\/\/www.jinsai.org\/pt-BR\/wp-json\/wp\/v2\/pages\/7042","targetHints":{"allow":["GET"]}}],"collection":[{"href":"https:\/\/www.jinsai.org\/pt-BR\/wp-json\/wp\/v2\/pages"}],"about":[{"href":"https:\/\/www.jinsai.org\/pt-BR\/wp-json\/wp\/v2\/types\/page"}],"author":[{"embeddable":true,"href":"https:\/\/www.jinsai.org\/pt-BR\/wp-json\/wp\/v2\/users\/1"}],"replies":[{"embeddable":true,"href":"https:\/\/www.jinsai.org\/pt-BR\/wp-json\/wp\/v2\/comments?post=7042"}],"version-history":[{"count":6,"href":"https:\/\/www.jinsai.org\/pt-BR\/wp-json\/wp\/v2\/pages\/7042\/revisions"}],"predecessor-version":[{"id":9691,"href":"https:\/\/www.jinsai.org\/pt-BR\/wp-json\/wp\/v2\/pages\/7042\/revisions\/9691"}],"up":[{"embeddable":true,"href":"https:\/\/www.jinsai.org\/pt-BR\/wp-json\/wp\/v2\/pages\/2462"}],"wp:attachment":[{"href":"https:\/\/www.jinsai.org\/pt-BR\/wp-json\/wp\/v2\/media?parent=7042"}],"curies":[{"name":"wp","href":"https:\/\/api.w.org\/{rel}","templated":true}]}}