{"id":7360,"date":"2020-05-13T10:44:07","date_gmt":"2020-05-13T13:44:07","guid":{"rendered":"http:\/\/www.jinsai.org\/pt-BR\/?page_id=7360"},"modified":"2022-02-10T21:04:49","modified_gmt":"2022-02-11T00:04:49","slug":"viagem-a-kyoto-e-nara","status":"publish","type":"page","link":"https:\/\/www.jinsai.org\/pt-BR\/sagrado\/viagem-a-kyoto-e-nara\/","title":{"rendered":"Viagem a Kyoto e Nara"},"content":{"rendered":"<div id=\"pl-7360\"  class=\"panel-layout\" ><div id=\"pg-7360-0\"  class=\"panel-grid panel-no-style\" ><div id=\"pgc-7360-0-0\"  class=\"panel-grid-cell\" ><div id=\"panel-7360-0-0-0\" class=\"so-panel widget_text panel-first-child panel-last-child\" data-index=\"0\" >\t\t\t<div class=\"textwidget\"><p><strong>Sobre as Belas-Artes de Kyoto e Nara<\/strong><\/p>\n<p style=\"text-align: justify;\">A partir da primavera de 1951, o Mestre Jinsai realizou visitas mission\u00e1rias \u00e0s regi\u00f5es Tyubu e Kansai. Um de Seus objetivos era procurar o local para a constru\u00e7\u00e3o do terceiro Solo Sagrado. Anteriormente, j\u00e1 havia orientado o respons\u00e1vel da \u00e1rea Kyoto que procurasse o local que se tornaria o Prot\u00f3tipo do Para\u00edso Terrestre. Em 30 de maio de 1951, ap\u00f3s a visita ao Shaka-do, no Templo Seiryoji em Saga, a caminho do Tozan Honnen-in, Meishu-Sama quis percorrer, de autom\u00f3vel, a orla do lago Hirosawa. \u00c0 beira do lago, desceu do autom\u00f3vel e, observando as redondezas, sentiu um misterioso desejo de apreciar a paisagem. Na ocasi\u00e3o, ordenou que as terras daquela regi\u00e3o fossem adquiridas.<\/p>\n<p style=\"text-align: justify;\">Na primavera de 1952, o terreno \u00e0s margens do Lago Hirosawa foi colocado \u00e0 venda, por\u00e9m, como o valor era muito alto, o neg\u00f3cio n\u00e3o foi realizado. Contudo, no outono do mesmo ano, a situa\u00e7\u00e3o mudou repentinamente e o local foi comprado. Em 27 de outubro de 1952, diante de aproximadamente dois mil membros no Teatro Kyoto , Meishu-Sama nomeou o local \u201cTerra da Tranquilidade\u201d.<\/p>\n<p style=\"text-align: justify;\">Meishu-Sama realizou calorosas palestras para os membros de Tyubu e Kansai, que vinham se desenvolvendo a contento e, com o objetivo de conduzi-los a uma f\u00e9 elevada e pura, entrevistou muitos deles. Meishu-Sama foi recepcionado com muita alegria. O roteiro de Sua visita mission\u00e1ria inclu\u00eda trajeto de autom\u00f3vel e trem. \u00c0 beira do caminho percorrido pelo autom\u00f3vel, in\u00fameros membros se aglomeravam para recepcionar e despedir-se de Meishu-Sama, que pedia ao motorista para guiar o autom\u00f3vel lentamente e ficava a observar com carinho a postura dos membros. No caso de trem noturno, os membros aguardavam Meishu-Sama em cada esta\u00e7\u00e3o por onde o trem passasse. Pensando nos membros que, \u00e0 noite, O aguardavam nas esta\u00e7\u00f5es, Meishu-Sama, embora cansado, mantinha-Se acordado para acolher a recep\u00e7\u00e3o a Ele dispensada. Desta maneira, Meishu-Sama dava muita import\u00e2ncia ao sentimento dos membros. Durante o breve instante em que Meishu-Sama passava naquele caminho, os membros recebiam uma grandiosa luz e muitos, milagrosamente, curavam-se de suas purifica\u00e7\u00f5es. Recebiam gra\u00e7as somente de verem, rapidamente, Meishu-Sama dentro do ve\u00edculo. Assim sendo, por todos os locais que passava, os milagres eram cont\u00ednuos e os membros sentiam-se felizes pelo encontro.<\/p>\n<p style=\"text-align: justify;\">O terceiro objetivo de Meishu-Sama era apreciar as v\u00e1rias obras art\u00edsticas dos museus de arte, a arquitetura, as imagens b\u00fadicas dos templos e os santu\u00e1rios de Kyoto e Nara. Meishu-Sama descreve em Seus Ensinamentos: \u201cDesde jovem, sempre que tinha chance ou quando a situa\u00e7\u00e3o permitia, costumava deleitar-me apreciando obras de Arte.\u201d Apreciar, ao m\u00e1ximo, coisas belas, \u00e9 um meio de elevar a alma. O pr\u00f3prio Meishu-Sama praticava isso e orientava: \u201cO Para\u00edso Terrestre \u2014 objetivo final da nossa Igreja \u2014 \u00e9 o Mundo da Arte.\u201d<\/p>\n<p style=\"text-align: justify;\">Nosso desejo \u00e9 que todos n\u00f3s possamos relembrar os locais visitados pelo Mestre, apreciar as obras art\u00edsticas e elevar nossa espiritualidade.<\/p>\n<p style=\"text-align: justify;\">Meishu-Sama colecionou diversas obras de Arte e, entre elas, dispensou tratamento especial aos quadros e imagens b\u00fadicas, que foram alvo de f\u00e9 das pessoas por longo tempo.<\/p>\n<p style=\"text-align: justify;\">O Museu de Arte de Hakone foi inaugurado em 15 de junho de 1952 e, naquela ocasi\u00e3o, Meishu-Sama orientou os dedicantes: \u201cProcurem dispor os quadros e imagens b\u00fadicas em locais altos. Desta forma, os acidentes n\u00e3o ocorrer\u00e3o com frequ\u00eancia.\u201d<\/p>\n<p style=\"text-align: justify;\">Outro epis\u00f3dio ocorreu por ocasi\u00e3o da compra dos \u201cSanzo-butsu\u201d, tr\u00eas imagens b\u00fadicas, atualmente expostas no MOA &#8211; Museu de Arte de Atami. Ao ouvir o encarregado da compra dizer: \u201cConsegui um abatimento de 500 mil ienes\u201d, Meishu-Sama ordenou-lhe: \u201cComo \u00e9 poss\u00edvel \u2018abater\u2019 budas? V\u00e1 imediatamente devolver o dinheiro.\u201d Conforme notamos pelo epis\u00f3dio, Meishu-Sama tinha um profundo respeito por quadros, imagens b\u00fadicas ou qualquer outro objeto que fora alvo da f\u00e9 das pessoas durante longo tempo.<\/p>\n<p style=\"text-align: justify;\">Em 10 de abril de 1953, no Teatro Kyoto, Meishu-Sama descreveu as impress\u00f5es sobre as imagens b\u00fadicas que apreciou nos templos de Nara: \u201cVer a Arte B\u00fadica simplesmente como pura arte \u00e9 uma atitude materialista, e isso n\u00e3o \u00e9 correto. Cada templo possui diferentes imagens b\u00fadicas e existe esp\u00edrito dentro de cada uma delas. Portanto, n\u00e3o s\u00e3o simples esculturas e, de fato, possuem vida.\u201d<\/p>\n<p style=\"text-align: justify;\">Gostar\u00edamos que pudessem visitar os templos e apreciar as obras com o sentimento semelhante ao de Meishu-Sama. Atualmente, muitas pessoas visitam tais locais com simples vis\u00e3o tur\u00edstica, por\u00e9m, definitivamente, templos s\u00e3o locais para treino de f\u00e9, ora\u00e7\u00e3o, enfim, s\u00e3o solos sagrados. Desejamos que, como possuidores de f\u00e9, visitem e apreciem tais locais sem se esquecerem disso.<\/p>\n<p style=\"text-align: justify;\">Ficaremos imensamente felizes se, ao apreciarem este \u00e1lbum, os senhores tiverem a sensa\u00e7\u00e3o de terem visitado, juntamente com Meishu-Sama, os templos e santu\u00e1rios de Kyoto e Nara.<\/p>\n<p style=\"text-align: justify;\">Expressamos nossa profunda gratid\u00e3o \u00e0s pessoas ligadas aos templos e \u00e0quelas que nos cederam preciosas fotografias, colaborando para o sucesso desta publica\u00e7\u00e3o.<\/p>\n<p>Maio de 1998<\/p>\n<p>Se\u00e7\u00e3o de Arquivo da Doutrina Messi\u00e2nica<\/p>\n<\/div>\n\t\t<\/div><\/div><\/div><div id=\"pg-7360-1\"  class=\"panel-grid panel-no-style\" ><div id=\"pgc-7360-1-0\"  class=\"panel-grid-cell\" ><div id=\"panel-7360-1-0-0\" class=\"so-panel widget_circleicon-widget panel-first-child panel-last-child\" data-index=\"1\" >\t\t<div class=\"circle-icon-box circle-icon-position-top circle-icon-hide-box circle-icon-size-large\">\n\t\t\t<div class=\"circle-icon-wrapper\">\n\t\t\t\t<a href=\"http:\/\/www.jinsai.org\/pt-BR\/sagrado\/viagem-a-kyoto\/\" class=\"link-icon\" >\t\t\t\t<div class=\"circle-icon icon-style-set\" style=\"background-image: url(http:\/\/www.jinsai.org\/pt-BR\/wp-content\/uploads\/slider4\/kyoto191.jpeg)\">\n\t\t\t\t\t\t\t\t\t<\/div>\n\t\t\t\t<\/a>\t\t\t<\/div>\n\n\t\t\t<a href=\"http:\/\/www.jinsai.org\/pt-BR\/sagrado\/viagem-a-kyoto\/\" class=\"link-title\" >\t\t\t\t\t\t<h4 >Viagem a Kyoto<\/h4>\t\t\t<\/a>\n\t\t\t\t\t\t\t\t\t\t<a href=\"http:\/\/www.jinsai.org\/pt-BR\/sagrado\/viagem-a-kyoto\/\" class=\"more-button\" >More Info <i><\/i><\/a>\n\t\t\t\t\t<\/div>\n\t\t<\/div><\/div><div id=\"pgc-7360-1-1\"  class=\"panel-grid-cell\" ><div id=\"panel-7360-1-1-0\" class=\"so-panel widget_circleicon-widget panel-first-child panel-last-child\" data-index=\"2\" >\t\t<div class=\"circle-icon-box circle-icon-position-top circle-icon-hide-box circle-icon-size-large\">\n\t\t\t<div class=\"circle-icon-wrapper\">\n\t\t\t\t<a href=\"http:\/\/www.jinsai.org\/pt-BR\/sagrado\/viagem-a-nara\/\" class=\"link-icon\" >\t\t\t\t<div class=\"circle-icon icon-style-set\" style=\"background-image: url(https:\/\/upload.wikimedia.org\/wikipedia\/commons\/thumb\/c\/cd\/Daibutsu-den_in_Todaiji_Nara02bs3200.jpg\/800px-Daibutsu-den_in_Todaiji_Nara02bs3200.jpg)\">\n\t\t\t\t\t\t\t\t\t<\/div>\n\t\t\t\t<\/a>\t\t\t<\/div>\n\n\t\t\t<a href=\"http:\/\/www.jinsai.org\/pt-BR\/sagrado\/viagem-a-nara\/\" class=\"link-title\" >\t\t\t\t\t\t<h4 >Viagem a Nara<\/h4>\t\t\t<\/a>\n\t\t\t\t\t\t\t\t\t\t<a href=\"http:\/\/www.jinsai.org\/pt-BR\/sagrado\/viagem-a-nara\/\" class=\"more-button\" >More Info <i><\/i><\/a>\n\t\t\t\t\t<\/div>\n\t\t<\/div><\/div><div id=\"pgc-7360-1-2\"  class=\"panel-grid-cell\" ><div id=\"panel-7360-1-2-0\" class=\"so-panel widget_circleicon-widget panel-first-child panel-last-child\" data-index=\"3\" >\t\t<div class=\"circle-icon-box circle-icon-position-top circle-icon-hide-box circle-icon-size-large\">\n\t\t\t<div class=\"circle-icon-wrapper\">\n\t\t\t\t<a href=\"http:\/\/www.jinsai.org\/pt-BR\/sagrado\/viagem-a-kyoto-e-nara\/registro-da-viagem-missionaria-de-meishu-sama-a-regiao-kansai\/\" class=\"link-icon\" >\t\t\t\t<div class=\"circle-icon icon-style-set\" style=\"background-image: url(http:\/\/www.jinsai.org\/pt-BR\/wp-content\/uploads\/2020\/08\/Digitalizar0113.jpg)\">\n\t\t\t\t\t\t\t\t\t<\/div>\n\t\t\t\t<\/a>\t\t\t<\/div>\n\n\t\t\t<a href=\"http:\/\/www.jinsai.org\/pt-BR\/sagrado\/viagem-a-kyoto-e-nara\/registro-da-viagem-missionaria-de-meishu-sama-a-regiao-kansai\/\" class=\"link-title\" >\t\t\t\t\t\t<h4 >Registro da viagem mission\u00e1ria de Meishu-Sama \u00e0 regi\u00e3o Kansai<\/h4>\t\t\t<\/a>\n\t\t\t\t\t\t\t\t\t\t<a href=\"http:\/\/www.jinsai.org\/pt-BR\/sagrado\/viagem-a-kyoto-e-nara\/registro-da-viagem-missionaria-de-meishu-sama-a-regiao-kansai\/\" class=\"more-button\" >More Info <i><\/i><\/a>\n\t\t\t\t\t<\/div>\n\t\t<\/div><\/div><\/div><div id=\"pg-7360-2\"  class=\"panel-grid panel-no-style\" ><div id=\"pgc-7360-2-0\"  class=\"panel-grid-cell\" ><div id=\"panel-7360-2-0-0\" class=\"widget_text so-panel widget_custom_html panel-first-child panel-last-child\" data-index=\"4\" ><div class=\"textwidget custom-html-widget\">&nbsp;\n<iframe src=\"http:\/\/www.facebook.com\/plugins\/like.php?href=   http:\/\/www.jinsai.org\/pt-BR\/sagrado\/viagem-a-kyoto-e-nara&amp;%0Alayout=standard&amp;show_faces=false&amp;width=380&amp;action=like&amp;colorscheme=light&amp;height=25\" style=\"border: medium none ; ovew: hidden; width: 350px; height: 25px;\" allowtransparencyrflo=\"true\" scrolling=\"no\" frameborder=\"0\"><\/iframe><div id=\"fb-root\"><\/div>\n<script src=\"http:\/\/connect.facebook.net\/pt_BR\/all.js#appId=APP_ID&amp;xfbml=1\"><\/script><fb:comments href=\" http:\/\/www.jinsai.org\/pt-BR\/sagrado\/viagem-a-kyoto-e-nara\" num_posts=\"100\" width=\"500\"><\/fb:comments><meta property=\"fb:app_id\" content=\"171964893011161\">\n\n<div id=\"fb-root\"><\/div>\n<script>(function(d, s, id) {<br \/>\n  var js, fjs = d.getElementsByTagName(s)[0];<br \/>\n  if (d.getElementById(id)) return;<br \/>\n  js = d.createElement(s); js.id = id;<br \/>\n  js.src = 'https:\/\/connect.facebook.net\/pt_BR\/sdk.js#xfbml=1&version=v3.0&appId=171964893011161&autoLogAppEvents=1';<br \/>\n  fjs.parentNode.insertBefore(js, fjs);<br \/>\n}(document, 'script', 'facebook-jssdk'));<\/script>\n<div class=\"fb-share-button\" data-href=\" http:\/\/www.jinsai.org\/pt-BR\/sagrado\/viagem-a-kyoto-e-nara\" data-layout=\"button_count\" data-size=\"large\" data-mobile-iframe=\"true\"><a target=\"_blank\" href=\"https:\/\/www.facebook.com\/sharer\/sharer.php?u=http%3A%2F% http:\/\/www.jinsai.org\/pt-BR\/sagrado\/viagem-a-kyoto-e-nara%2F&amp;src=sdkpreparse\" class=\"fb-xfbml-parse-ignore\">Compartilhar<\/a><\/div>\n<\/div><\/div><\/div><\/div><\/div>","protected":false},"excerpt":{"rendered":"<p>Sobre as Belas-Artes de Kyoto e Nara A partir da primavera de 1951, o Mestre Jinsai realizou visitas mission\u00e1rias \u00e0s regi\u00f5es Tyubu e Kansai. Um de Seus objetivos era procurar o local para a constru\u00e7\u00e3o do terceiro Solo Sagrado. Anteriormente, j\u00e1 havia orientado o respons\u00e1vel da \u00e1rea Kyoto que procurasse o local que se tornaria [&hellip;]<\/p>\n","protected":false},"author":1,"featured_media":0,"parent":885,"menu_order":0,"comment_status":"open","ping_status":"closed","template":"templates\/template-full.php","meta":{"footnotes":""},"class_list":["post-7360","page","type-page","status-publish","hentry","post"],"_links":{"self":[{"href":"https:\/\/www.jinsai.org\/pt-BR\/wp-json\/wp\/v2\/pages\/7360","targetHints":{"allow":["GET"]}}],"collection":[{"href":"https:\/\/www.jinsai.org\/pt-BR\/wp-json\/wp\/v2\/pages"}],"about":[{"href":"https:\/\/www.jinsai.org\/pt-BR\/wp-json\/wp\/v2\/types\/page"}],"author":[{"embeddable":true,"href":"https:\/\/www.jinsai.org\/pt-BR\/wp-json\/wp\/v2\/users\/1"}],"replies":[{"embeddable":true,"href":"https:\/\/www.jinsai.org\/pt-BR\/wp-json\/wp\/v2\/comments?post=7360"}],"version-history":[{"count":15,"href":"https:\/\/www.jinsai.org\/pt-BR\/wp-json\/wp\/v2\/pages\/7360\/revisions"}],"predecessor-version":[{"id":10404,"href":"https:\/\/www.jinsai.org\/pt-BR\/wp-json\/wp\/v2\/pages\/7360\/revisions\/10404"}],"up":[{"embeddable":true,"href":"https:\/\/www.jinsai.org\/pt-BR\/wp-json\/wp\/v2\/pages\/885"}],"wp:attachment":[{"href":"https:\/\/www.jinsai.org\/pt-BR\/wp-json\/wp\/v2\/media?parent=7360"}],"curies":[{"name":"wp","href":"https:\/\/api.w.org\/{rel}","templated":true}]}}