{"id":7399,"date":"2020-05-13T15:24:19","date_gmt":"2020-05-13T18:24:19","guid":{"rendered":"http:\/\/www.jinsai.org\/pt-BR\/?page_id=7399"},"modified":"2020-05-13T15:37:11","modified_gmt":"2020-05-13T18:37:11","slug":"como-apoiar","status":"publish","type":"page","link":"https:\/\/www.jinsai.org\/pt-BR\/pagina-inicial\/como-apoiar\/","title":{"rendered":"Como apoiar"},"content":{"rendered":"<p class=\"style3\" style=\"text-align: justify;\">Se voc\u00ea se identificou com nossos prop\u00f3sitos e quiser contribuir com nossos projetos para a expans\u00e3o do estado de esp\u00edrito do Mestre Jinsai (Meishu-Sama), entre em contato com a gente e saiba como colaborar!<\/p>\n\n<div\n\t\t\t\n\t\t\tclass=\"so-widget-sow-contact-form so-widget-sow-contact-form-default-d12da6965a73\"\n\t\t\t\n\t\t>\t<form\n\t\taction=\"\/pt-BR\/wp-json\/wp\/v2\/pages\/7399\"\n\t\tmethod=\"POST\"\n\t\tclass=\"sow-contact-form\"\n\t\tid=\"contact-form-5ed8\"\n\t>\n\n\t\t\n\t\t            <p><em>Campos marcados com * s\u00e3o obrigat\u00f3rios<\/em><\/p>\n\t\t\t\t\t\t<div class=\"sow-form-field sow-form-field-name\">\n\t\t\t\t<label class=\"sow-form-field-label-above\" for=\"sow-contact-form-field-seu-nome-1\">\n\t\t\t\t<strong>\n\t\t\t\t\tSeu nome\t\t\t\t\t\t\t\t\t\t\t<span class=\"sow-form-field-required\">*<\/span>\n\t\t\t\t\t\t\t\t\t<\/strong>\n\t\t\t<\/label>\n\t\t\t\t\t\t\t<div class=\"sow-field-container\">\n\t\t\t\t\t\t\t<input\n\t\t\ttype=\"text\"\n\t\t\tname=\"seu-nome-1\"\n\t\t\tid=\"sow-contact-form-field-seu-nome-1\"\n\t\t\tvalue=\"\"\n\t\t\tclass=\"sow-text-field\"\n\t\t\t\t\t\t\t\t\/>\n\t\t\t\t\t\t<\/div>\n\t\t\t\t\t\t\t<\/div>\n\t\t\t\t\t\t<div class=\"sow-form-field sow-form-field-email\">\n\t\t\t\t<label class=\"sow-form-field-label-above\" for=\"sow-contact-form-field-o-seu-e-mail-1\">\n\t\t\t\t<strong>\n\t\t\t\t\tO seu e-mail\t\t\t\t\t\t\t\t\t\t\t<span class=\"sow-form-field-required\">*<\/span>\n\t\t\t\t\t\t\t\t\t<\/strong>\n\t\t\t<\/label>\n\t\t\t\t\t\t\t<div class=\"sow-field-container\">\n\t\t\t\t\t\t\t<input\n\t\t\ttype=\"email\"\n\t\t\tname=\"o-seu-e-mail-1\"\n\t\t\tid=\"sow-contact-form-field-o-seu-e-mail-1\"\n\t\t\tvalue=\"\"\n\t\t\tclass=\"sow-text-field\"\t\t\t\t\t\t\t\t\/>\n\t\t\t\t\t\t<\/div>\n\t\t\t\t\t\t\t<\/div>\n\t\t\t\t\t\t<div class=\"sow-form-field sow-form-field-subject\">\n\t\t\t\t<label class=\"sow-form-field-label-above\" for=\"sow-contact-form-field-assunto-1\">\n\t\t\t\t<strong>\n\t\t\t\t\tAssunto\t\t\t\t\t\t\t\t\t\t\t<span class=\"sow-form-field-required\">*<\/span>\n\t\t\t\t\t\t\t\t\t<\/strong>\n\t\t\t<\/label>\n\t\t\t\t\t\t\t<div class=\"sow-field-container\">\n\t\t\t\t\t\t\t<input\n\t\t\ttype=\"text\"\n\t\t\tname=\"assunto-1\"\n\t\t\tid=\"sow-contact-form-field-assunto-1\"\n\t\t\tvalue=\"\"\n\t\t\tclass=\"sow-text-field\"\n\t\t\t\t\t\t\t\t\/>\n\t\t\t\t\t\t<\/div>\n\t\t\t\t\t\t\t<\/div>\n\t\t\t\t\t\t<div class=\"sow-form-field sow-form-field-textarea\">\n\t\t\t\t<label class=\"sow-form-field-label-above\" for=\"sow-contact-form-field-mensagem-1\">\n\t\t\t\t<strong>\n\t\t\t\t\tMensagem\t\t\t\t\t\t\t\t\t\t\t<span class=\"sow-form-field-required\">*<\/span>\n\t\t\t\t\t\t\t\t\t<\/strong>\n\t\t\t<\/label>\n\t\t\t\t\t\t\t<div class=\"sow-field-container\">\n\t\t\t\t\t\t\t<textarea\n\t\t\tname=\"mensagem-1\"\n\t\t\tid=\"sow-contact-form-field-mensagem-1\"\n\t\t\trows=\"10\"\n\t\t\t\t\t\t\t\t><\/textarea>\n\t\t\t\t\t\t<\/div>\n\t\t\t\t\t\t\t<\/div>\n\t\t\t\n\t\t\n\t\t<div class=\"sow-submit-wrapper \n\t\tsow-submit-styled\t\t\">\n\n\t\t\t<button\n\t\t\t\ttype=\"submit\"\n\t\t\t\tclass=\"sow-submit\n\t\t\t\t\t\t\t\t\"\n\t\t\t\t\t\t\t>\n\t\t\t\tEnviar\t\t\t<\/button>\n\t\t<\/div>\n\t\t\t\t<input\n\t\t\ttype=\"hidden\"\n\t\t\tname=\"instance_hash-1\"\n\t\t\tvalue=\"5ed89d6f\"\n\t\t\/>\n\n\t\t<input type=\"hidden\" id=\"_wpnonce\" name=\"_wpnonce\" value=\"059700924c\" \/><input type=\"hidden\" name=\"_wp_http_referer\" value=\"\/pt-BR\/wp-json\/wp\/v2\/pages\/7399\" \/>\t<\/form>\n\t<\/div>","protected":false},"excerpt":{"rendered":"<p>Se voc\u00ea se identificou com nossos prop\u00f3sitos e quiser contribuir com nossos projetos para a expans\u00e3o do estado de esp\u00edrito do Mestre Jinsai (Meishu-Sama), entre em contato com a gente e saiba como colaborar!<\/p>\n","protected":false},"author":1,"featured_media":0,"parent":23,"menu_order":1,"comment_status":"closed","ping_status":"closed","template":"templates\/template-full.php","meta":{"footnotes":""},"class_list":["post-7399","page","type-page","status-publish","hentry","post"],"_links":{"self":[{"href":"https:\/\/www.jinsai.org\/pt-BR\/wp-json\/wp\/v2\/pages\/7399","targetHints":{"allow":["GET"]}}],"collection":[{"href":"https:\/\/www.jinsai.org\/pt-BR\/wp-json\/wp\/v2\/pages"}],"about":[{"href":"https:\/\/www.jinsai.org\/pt-BR\/wp-json\/wp\/v2\/types\/page"}],"author":[{"embeddable":true,"href":"https:\/\/www.jinsai.org\/pt-BR\/wp-json\/wp\/v2\/users\/1"}],"replies":[{"embeddable":true,"href":"https:\/\/www.jinsai.org\/pt-BR\/wp-json\/wp\/v2\/comments?post=7399"}],"version-history":[{"count":3,"href":"https:\/\/www.jinsai.org\/pt-BR\/wp-json\/wp\/v2\/pages\/7399\/revisions"}],"predecessor-version":[{"id":7404,"href":"https:\/\/www.jinsai.org\/pt-BR\/wp-json\/wp\/v2\/pages\/7399\/revisions\/7404"}],"up":[{"embeddable":true,"href":"https:\/\/www.jinsai.org\/pt-BR\/wp-json\/wp\/v2\/pages\/23"}],"wp:attachment":[{"href":"https:\/\/www.jinsai.org\/pt-BR\/wp-json\/wp\/v2\/media?parent=7399"}],"curies":[{"name":"wp","href":"https:\/\/api.w.org\/{rel}","templated":true}]}}