{"id":8065,"date":"2020-08-11T09:02:13","date_gmt":"2020-08-11T12:02:13","guid":{"rendered":"http:\/\/www.jinsai.org\/pt-BR\/?page_id=8065"},"modified":"2020-08-12T09:01:11","modified_gmt":"2020-08-12T12:01:11","slug":"registro-da-viagem-missionaria-de-meishu-sama-a-regiao-kansai","status":"publish","type":"page","link":"https:\/\/www.jinsai.org\/pt-BR\/sagrado\/viagem-a-kyoto-e-nara\/registro-da-viagem-missionaria-de-meishu-sama-a-regiao-kansai\/","title":{"rendered":"Registro da viagem mission\u00e1ria de Meishu-Sama \u00e0 regi\u00e3o Kansai"},"content":{"rendered":"<div id=\"pl-8065\"  class=\"panel-layout\" ><div id=\"pg-8065-0\"  class=\"panel-grid panel-no-style\" ><div id=\"pgc-8065-0-0\"  class=\"panel-grid-cell\" ><div id=\"panel-8065-0-0-0\" class=\"so-panel widget_sow-editor panel-first-child\" data-index=\"0\" ><div\n\t\t\t\n\t\t\tclass=\"so-widget-sow-editor so-widget-sow-editor-base\"\n\t\t\t\n\t\t>\n<div class=\"siteorigin-widget-tinymce textwidget\">\n\t<p style=\"text-align: justify;\"><strong>Primavera de 1951<\/strong><\/p>\n<p style=\"text-align: justify;\"><strong>\u00a029 de maio<\/strong><\/p>\n<p style=\"text-align: justify;\">Manh\u00e3 - Partida de Atami.<\/p>\n<ul style=\"text-align: justify;\">\n<li>13:00 h - Chegada \u00e0 Igreja Tyukyo, em Nagoia. Entrevista com membros.<\/li>\n<li>15:30 h- Partida de Nagoia.<\/li>\n<li>Respons\u00e1veis de Igreja recepcionam Meishu-Sama na ponte Karahashi no rio Seta.<\/li>\n<li>19:40 h- Chegada ao local da hospedagem (Mans\u00e3o da fam\u00edlia Kimura, pr\u00f3ximo ao Templo Nanzenji).<\/li>\n<\/ul>\n<p style=\"text-align: justify;\"><strong>30 de maio<\/strong><\/p>\n<ul style=\"text-align: justify;\">\n<li>8:30 h- Partida da hospedaria. Visita ao Museu Sen-okuhakuko-kan, Santu\u00e1rio Katsura e Templos Saiho-ji (Kokedera), Seiryo-ji (Shaka-do, em Saga) e Ryuan-ji.<\/li>\n<li>Nesta ocasi\u00e3o, \u00e0s margens do Lago Hirosawa, Meishu-Sama afirmou: \u201cFuturamente, precisaremos igualmente construir o Para\u00edso Terrestre em Kyoto. Esta regi\u00e3o parece-me excelente.\u201d<\/li>\n<li>12:00 h - Palestra para cerca de mil membros no templo Honen-in. Retomo \u00e0 hospedaria. Almo\u00e7o.<\/li>\n<li>13:30 h - Partida da hospedaria. Visita ao Museu Yurinkan e Santu\u00e1rio Shugaku- in. No Templo Daitoku-ji, aprecia a tigela para ch\u00e1 Ido-tyawan.<\/li>\n<li>15:30 h - Segunda palestra no Honen-in. Visita \u00e0 Mans\u00e3o Nomura. Jantar no Kankyu-an.<\/li>\n<li>20:30 h - Retomo \u00e0 hospedagem.<\/li>\n<\/ul>\n<p style=\"text-align: justify;\"><strong>31 de maio<\/strong><\/p>\n<ul style=\"text-align: justify;\">\n<li>8:00 h - Visita ao Museu Nacional de Kyoto e ao Templo Nishi-hongan-ji. Na Igreja Osaka Daijyo, realiza entrevista com centenas de membros.<\/li>\n<li>16:00 h - Partida de Osaka. Visita ao Museu de Belas-Artes Kobe Hakutsuru.<\/li>\n<li>19:00 h \u2013 Em Tsuruya, Osaka, jantar com cerca de 30 pessoas, incluindo chefes de Igrejas.<\/li>\n<li>20:00 h - Partida de Osaka em trem expresso.<\/li>\n<li>Grande n\u00famero de membros recepcionam Meishu-Sama nas esta\u00e7\u00f5es de Hikone, Ogaki, Guifii e Nagoia.<\/li>\n<\/ul>\n<p style=\"text-align: justify;\"><strong>1\u00b0 de junho<\/strong><\/p>\n<ul style=\"text-align: justify;\">\n<li>5:00 h- Chegada a Odawara. Partida para Gora, Hakone.<\/li>\n<\/ul>\n<p style=\"text-align: justify;\"><strong>Outono de 1951<\/strong><\/p>\n<p style=\"text-align: justify;\"><strong>28 de outubro<\/strong><\/p>\n<ul style=\"text-align: justify;\">\n<li>22:53 h - Partida de Atami no trem expresso Tsukushi. Centenas de membros despedem-se de Meishu-Sama. Nas esta\u00e7\u00f5es de Numazu e Shizuka, mais de cem pessoas aguardam na plataforma do trem a passagem de Meishu-Sama.<\/li>\n<\/ul>\n<p style=\"text-align: justify;\"><strong>\u00a029 de outubro<\/strong><\/p>\n<ul style=\"text-align: justify;\">\n<li>7:04 h - Chegada a Kyoto. Centenas de membros recepcionam Meishu-Sama.<\/li>\n<li>Hospedaria (Mans\u00e3o Nomura, pr\u00f3xima ao Templo Nanzen-ji). Cerim\u00f4nia de ch\u00e1 com mestre do Kankyu-an.<\/li>\n<li>10:00 h- Partida da hospedaria. Visita ao Templo Daitoku-ji, Solar Shinjyu-an, ciceroneado pelo mestre do Kankyu-an. Aprecia os escritos \u201cKandoku-Shinsenbo\u201d do bonzo Daito e o jardim da abadia que se acredita ser da autoria de Murata Juko.<\/li>\n<li>12:00 h - No pr\u00e9dio principal do Templo Daitoku-ji, aprecia obras de Mokkei e um \u201cfusuma\u201d (NT.: porta corredi\u00e7a cuja estrutura \u00e9 feita em madeira e forrada com papel ou tecido) desenhado por Kano Tanyu. Retorno \u00e0 hospedaria. Almo\u00e7o.<\/li>\n<li>13:30 h- Partida para Osaka. Museu Municipal de Belas-Artes de Osaka. Aprecia\u00e7\u00e3o de obras de porcelana chinesa. Retorno a Kyoto. Aprecia a ponte Tsuten, do Templo Tofuku-ji.<\/li>\n<\/ul>\n<p style=\"text-align: justify;\"><strong>\u00a030 de outubro<\/strong><\/p>\n<ul style=\"text-align: justify;\">\n<li>8:00 h - Partida da hospedaria. No Templo Tofuku-ji, aprecia obras da dinastia Sung (China) e o \u201cDesenho dos quinhentos iluminados\u201d, de autoria de Mintyo Kitizan, entre outras obras.<\/li>\n<li>No Museu Nacional de Kyoto, aprecia principalmente quadros e imagens b\u00fadicas.<\/li>\n<li>10:20 h - Chegada ao Teatro Kyoto. Palestra para cerca de tr\u00eas mil membros. Ap\u00f3s a palestra, concede entrevista aos jornalistas. Mat\u00e9ria publicada no dia seguinte no Jornal Kyoto.<\/li>\n<li>Almo\u00e7o na hospedaria.<\/li>\n<li>13:30 h - Partida da hospedaria. Visita ao Museu de Belas-Artes Hakutsuru, ciccroneado pelo respons\u00e1vel do Museu, Sr. Yamaguti.<\/li>\n<li>14:10 h - Partida do Museu de Belas-Artes Hakutsuru.<\/li>\n<li>17:45 h - Retorno a Kyoto. Jantar com cerca de 50 pessoas no Sal\u00e3o Alasca, Edif\u00edcio Asahi.<\/li>\n<li>20:00 h - Ap\u00f3s o jantar, passeio a p\u00e9 no Kyogoku. Retorno \u00e0 hospedaria de autom\u00f3vel.<\/li>\n<\/ul>\n<p style=\"text-align: justify;\"><strong>31 de outubro<\/strong><\/p>\n<ul style=\"text-align: justify;\">\n<li>8:00 h - Partida da hospedaria rumo a Nagoia de autom\u00f3vel.<\/li>\n<li>Nas estradas ao longo das cidades de Maibara, Ogaki e Guifu, grande n\u00famero de membros sa\u00fadam a passagem de Meishu-Sama.<\/li>\n<li>12:00 h - Chegada \u00e0 Igreja Tyukyo, em Nagoia. Ap\u00f3s o almo\u00e7o, palestra de vinte minutos para cerca de mil membros.<\/li>\n<li>13:50 h - Partida da esta\u00e7\u00e3o de Nagoia no trem expresso Aso. Muitos membros despedem-se de Meishu-Sama.<\/li>\n<li>Membros aguardam e sa\u00fadam a passagem de Meishu-Sama nas esta\u00e7\u00f5es de Okazaki, Toyohashi, Hamamatsu, Kanaya, Shizuoka, Fuji, Numazu, Mishima, entre outras.<\/li>\n<li>18:12 h - Chegada a Atami.<\/li>\n<\/ul>\n<p style=\"text-align: justify;\"><strong>Primavera de 1952<\/strong><\/p>\n<p style=\"text-align: justify;\"><strong>28 de abril<\/strong><\/p>\n<ul style=\"text-align: justify;\">\n<li>8:00 h - Partida de Atami, de autom\u00f3vel.<\/li>\n<li>Palestra para cerca de mil membros na Igreja Tyukyo, em Nagoia.<\/li>\n<li>16:30 h - Partida de Nagoia.<\/li>\n<li>19:00 h - Chegada ao Hotel Miyako, em Kyoto.<\/li>\n<\/ul>\n<p style=\"text-align: justify;\"><strong>29 de abril<\/strong><\/p>\n<ul style=\"text-align: justify;\">\n<li>Partida do Hotel Miyako. Visita ao Templo Kofuku-ji, Santu\u00e1rio Kasuga-taisha, Templo Hokke-do, no Templo Todai-ji (Sangatsu-do); Museu Nacional de Nara e Templo Hokke-ji.<\/li>\n<li>12:00 h \u2013 Almo\u00e7o<\/li>\n<li>13:30 h - Visita aos Templos Yakushi-ji, To-shodai e Horyu-ji. Aprecia\u00e7\u00e3o da \u201cKannon da Salva\u00e7\u00e3o\u201d, no Yumedono, no Templo Horyu-ji.<\/li>\n<li>Retorno ao Hotel Miyako, em Kyoto.<\/li>\n<\/ul>\n<p style=\"text-align: justify;\"><strong>30 de abril<\/strong><\/p>\n<ul style=\"text-align: justify;\">\n<li>8:30 h - Partida do Hotel Miyako. Na regi\u00e3o de Sagano, inspeciona a constru\u00e7\u00e3o que determina como Solo Sagrado. Passeio por Arashiyama.<\/li>\n<li>10:30 h - Chegada ao Teatro Kyoto. Palestra para cerca de tr\u00eas mil membros.<\/li>\n<li>12:00 h - Almo\u00e7o no Hotel Miyako.<\/li>\n<li>13:30 h - Aprecia\u00e7\u00e3o dos Templos Byodo-in (Uji), Ishiyamadera (Ozu) e Santu\u00e1rio Heian.<\/li>\n<li>17:00 h - Retorno ao Hotel Miyako.<\/li>\n<li>18:30 h - Jantar com cerca de 60 pessoas, no Hotel Miyako.<\/li>\n<li>22:40 h - Partida da esta\u00e7\u00e3o de Kyoto rumo a Atami, no trem noturno.<\/li>\n<\/ul>\n<p style=\"text-align: justify;\"><strong>1\u00ba de maio<\/strong><\/p>\n<ul style=\"text-align: justify;\">\n<li>7:00 h - Chegada a Atami.<\/li>\n<\/ul>\n<p style=\"text-align: justify;\"><strong>Outono de 1952<\/strong><\/p>\n<p style=\"text-align: justify;\"><strong>18 de outubro<\/strong><\/p>\n<ul style=\"text-align: justify;\">\n<li>7:00 h - Partida de Atami, de autom\u00f3vel.<\/li>\n<li>13:35 h - Chegada a Nagoia.<\/li>\n<li>15:00 - Palestra para cerca de quatro mil membros, no Gin\u00e1sio de Esportes Kanayama, em Nagoia.<\/li>\n<li>15:45 h - Partida de Nagoia.<\/li>\n<li>19:00 h - Chegada ao Hotel Miyako, em Kyoto.<\/li>\n<\/ul>\n<p style=\"text-align: justify;\"><strong>19 de outubro<\/strong><\/p>\n<ul style=\"text-align: justify;\">\n<li>Manh\u00e3 - Partida do hotel. Visita ao Tihan-tei (Casa Beira do Lago) no Heian-kyo (Solo da Tranquilidade).<\/li>\n<li>10:30 h - Chegada ao Museu Municipal de Belas-Artes de Kyoto. Aprecia\u00e7\u00e3o da Exposi\u00e7\u00e3o de Ukio-\u00ea.<\/li>\n<li>12:00 h - Almo\u00e7o no Hotel Miyako.<\/li>\n<li>13:25 h - Partida para Nara.<\/li>\n<li>14:20 h - Aprecia\u00e7\u00e3o da Shosoin-ten \u2014 exposi\u00e7\u00e3o comemorativa pelos 1.200 anos da conclus\u00e3o da imagem do Daibutsu (Grande Buda) \u2014 realizada no Museu Nacional de Nara.<\/li>\n<li>Aprecia\u00e7\u00e3o da imagem do deus Shukongo, no Hokke-do (Sangatsudo), normalmente exposto somente uma vez ao ano. Partida para o Kaidan-in.<\/li>\n<li>17:30 h - Retorno ao Hotel Miyako.<\/li>\n<\/ul>\n<p style=\"text-align: justify;\"><strong>20 de outubro<\/strong><\/p>\n<ul style=\"text-align: justify;\">\n<li>10:00 h - Sa\u00edda do Hotel Miyako em dire\u00e7\u00e3o ao Teatro Kyoto. Palestra para cerca de dois mil membros das \u00e1reas de Kyoto, Osaka e Kobe.<\/li>\n<li>Meishu-Sama declara: \u201cNomeio Heian-kyo - Terra da Tranq\u00fcilidade - as terras onde o Para\u00edso Terrestre ser\u00e1 constru\u00eddo.\u201d<\/li>\n<li>11:15- Sa\u00edda do Teatro Kyoto rumo a Arashiyama. Almo\u00e7o em Arashiyama Kittyo.<\/li>\n<li>14:00 h - Visita ao Museu Nacional de Kyoto.<\/li>\n<li>16:00 h - Descanso no Hotel Miyako. Visita \u00e0 regi\u00e3o de Ohara, Templos Jyakko-in e Sanzen-in.<\/li>\n<li>18:40 h - Jantar com Respons\u00e1veis de Igrejas, no Hotel Miyako.<\/li>\n<li>22:00 h - Partida do Hotel Miyako em dire\u00e7\u00e3o \u00e0 esta\u00e7\u00e3o Kyoto.<\/li>\n<li>22:30 h - Partida no trem Tsukushi. Muitos membros despedem-se de Meishu- Sama, que parte em dire\u00e7\u00e3o a Atami.<\/li>\n<\/ul>\n<p style=\"text-align: justify;\"><strong>21 de outubro<\/strong><\/p>\n<ul style=\"text-align: justify;\">\n<li>6:35 h - Chegada \u00e0 esta\u00e7\u00e3o de Atami.<\/li>\n<\/ul>\n<p style=\"text-align: justify;\"><strong>Primavera de 1953<\/strong><\/p>\n<p style=\"text-align: justify;\"><strong>8 de abril<\/strong><\/p>\n<ul style=\"text-align: justify;\">\n<li>7:00 h - Partida de Atami de autom\u00f3vel. Membros despedem-se de Meishu-Sama calorosamente.<\/li>\n<li>13:00 h - Chegada a Nagoia.<\/li>\n<li>15:00 h - Palestra para cerca de tr\u00eas mil pessoas no Gin\u00e1sio de Esportes Kanayama.<\/li>\n<li>16:20 h - Partida de Nagoia, rumo a Kyoto. Pela primeira vez, pernoita no Shunju-an.<\/li>\n<\/ul>\n<p style=\"text-align: justify;\"><strong>9 de abril<\/strong><\/p>\n<ul style=\"text-align: justify;\">\n<li>Manh\u00e3 - Passeio por Sagano e Arashiyama.<\/li>\n<li>13:30 h - Partida do Arashiyama. Visita ao Museu de Belas-Artes Kobe Hakutsuru.<\/li>\n<li>18:30 h - Retorno ao Shunju-an.<\/li>\n<\/ul>\n<p style=\"text-align: justify;\"><strong>10 de abril<\/strong><\/p>\n<ul style=\"text-align: justify;\">\n<li>9:20 h - Partida do Shunju-an rumo ao Teatro Kyoto. Palestra para mais de tr\u00eas mil membros. Retorno ao Shunju-an.<\/li>\n<li>13:30 h - Partida para Nara. No Museu Nacional de Nara, aprecia a imagem Ashura, do acervo do Templo Kofuku-ji, e o Enmei-butsu, do acervo do Templo Todai-ji. Partida para o Templo Horyu-ji. Aprecia as imagens Shaka Sanzo, Kudara-Kannon e o orat\u00f3rio budista \u201cTamamushi-zushi\u201d.<\/li>\n<li>18:00 h - Jantar com cerca de oitenta pessoas no Hotel Miyako, em Kyoto.<\/li>\n<li>20:00 h - Retorno ao Shunju-an.<\/li>\n<\/ul>\n<p style=\"text-align: justify;\"><strong>11 de abril<\/strong><\/p>\n<ul style=\"text-align: justify;\">\n<li>9:20 h - Partida do Shunju-an. Aprecia\u00e7\u00e3o da imagem de Miroku Bosatsu, no Koryu-ji. No Templo Takao Kozan, aprecia esculturas em madeira.<\/li>\n<li>11:00 h - Almo\u00e7o com o propriet\u00e1rio do Di\u00e1rio Tyugai, no Sal\u00e3o Alasca, Edif\u00edcio Asahi.<\/li>\n<li>Tarde - Aprecia\u00e7\u00e3o de imagens de budas, deuses e utens\u00edlios de porcelana.<\/li>\n<li>16:00 h - Retorno ao Shunju-an.<\/li>\n<\/ul>\n<p style=\"text-align: justify;\"><strong>12 de abril<\/strong><\/p>\n<ul style=\"text-align: justify;\">\n<li>9:30 h - Partida do Shunju-an. No Solar Kantetsu Hashimoto, aprecia obras de arte b\u00fadica, pertencentes ao acervo do Memorial Kantetsu Hashimoto. Visita o Santu\u00e1rio Heian e Museu Yurinkan.<\/li>\n<li>Tarde - Aprecia com a fam\u00edlia espet\u00e1culo de dan\u00e7a de Kyoto. Passa pela regi\u00e3o Yase. Retorno ao Shunju-an.<\/li>\n<li>22:00 h - Partida do Shunju-an rumo \u00e0 esta\u00e7\u00e3o de Kyoto. Cerca de duas mil pessoas O aguardam para a despedida.<\/li>\n<li>22:30 h - Partida no trem expresso Aki.<\/li>\n<\/ul>\n<p style=\"text-align: justify;\"><strong>13 de abril<\/strong><\/p>\n<ul style=\"text-align: justify;\">\n<li>Madrugada - Dezenas de membros aguardam a passagem de Meishu-Sama nas esta\u00e7\u00f5es de Numazu e Mishima.<\/li>\n<li>6:37 h - Chegada a Atami.<\/li>\n<\/ul>\n<p style=\"text-align: justify;\"><strong>\u00a0Outono de 1953<\/strong><\/p>\n<p style=\"text-align: justify;\"><strong>8 de novembro<\/strong><\/p>\n<ul style=\"text-align: justify;\">\n<li>7:00 h - Partida de Atami, de autom\u00f3vel.<\/li>\n<li>Chegada a Nagoia.<\/li>\n<li>15:30 h - Palestra no Gin\u00e1sio de Esportes Kanayama.<\/li>\n<li>16:00 h - Partida de Nagoia.<\/li>\n<li>20:00 h - Chegada ao Shunju-an, em Kyoto. Cerca de dois mil membros aguardavam a chegada Meishu-Sama.<\/li>\n<\/ul>\n<p style=\"text-align: justify;\"><strong>9 de novembro<\/strong><\/p>\n<ul style=\"text-align: justify;\">\n<li>9:00 h - Partida do Shunju-an. Visita ao Templo Daigo-ji. Apreciou quadros b\u00fadicos e o biombo \u201cBugaku\u201d de autoria de Sotatsu Tawaraya, e o jardim do Templo Sanbo-in. Conversa com o bonzo Kaigyoku Okada, respons\u00e1vel pelo Templo principal do Templo Daigo-ji.<\/li>\n<li>Retorno ao Shunju-an.<\/li>\n<li>13:30 h - No Templo Kozan-ji, aprecia quadros b\u00fadicos e, no Templo Daikaku-ji, os \u201cfusuma\u201d de Kano Sanraku. No Templo Daitoku-ji, visita o Solar Shinjyu-An e o Templo Daisen-in. Visita o Santu\u00e1rio Kamigamo.<\/li>\n<li>18:00 h - Jantar com cerca de cem respons\u00e1veis de Igrejas, no Hotel Miyako.<\/li>\n<li>19:30 h - Ap\u00f3s o jantar, caminha por Kyogoku juntamente com a fam\u00edlia e, em seguida, retorna ao Shunju-an.<\/li>\n<\/ul>\n<p style=\"text-align: justify;\"><strong>10 de novembro<\/strong><\/p>\n<ul style=\"text-align: justify;\">\n<li>9:00 h - Partida do Shunju-an.<\/li>\n<li>9:30 h - Palestra para cerca de tr\u00eas mil membros no Teatro Kyoto.<\/li>\n<li>10:30 h - Visita ao Museu Nacional de Kyoto. Retorno ao Shunju-an.<\/li>\n<li>13:00 h - Partida para Nara. Aprecia o biombo \u201cTorige Tensho\u201d e o incens\u00f3rio de prata na Exposi\u00e7\u00e3o Shoso-in, no Museu Nacional de Nara. No Templo Shin-Yakushi-ji, aprecia as imagens dos deuses \u201cJyuni-Shinsho\u201d. Retorna a Kyoto, passando pelo topo do Monte Mikasayama.<\/li>\n<\/ul>\n<p style=\"text-align: justify;\"><strong>11 de novembro<\/strong><\/p>\n<ul style=\"text-align: justify;\">\n<li>9:00 h - Partida do Shunju-an rumo a Osaka.<\/li>\n<li>10:00 h - Chegada ao Edif\u00edcio Mainichi, em Osaka.<\/li>\n<li>Almo\u00e7o no Osaka Kittyo. Retorno a Kyoto.<\/li>\n<li>14:00 h - Visita ao Templo Koetsu-ji (Associa\u00e7\u00e3o de Cerim\u00f4nia do Ch\u00e1). Retorno ao Shunju-an. D\u00e1 instru\u00e7\u00f5es sobre a constru\u00e7\u00e3o.<\/li>\n<li>21:40 h - Partida do Shunju-an em dire\u00e7\u00e3o \u00e0 esta\u00e7\u00e3o de Kyoto.<\/li>\n<li>22:00 h - Chegada \u00e0 esta\u00e7\u00e3o de Kyoto. Cerca de dois mil membros se despedem de Meishu-Sama.<\/li>\n<li>22:30 h - Partida em trem expresso.<\/li>\n<\/ul>\n<p style=\"text-align: justify;\"><strong>12 de novembro<\/strong><\/p>\n<ul style=\"text-align: justify;\">\n<li>6:50 h - Chegada a Atami.<\/li>\n<\/ul>\n<p style=\"text-align: justify;\"><strong>Primavera de 1954<\/strong><\/p>\n<p style=\"text-align: justify;\"><strong>10 de abril<\/strong><\/p>\n<ul style=\"text-align: justify;\">\n<li>13:00 h - Partida de Atami, de autom\u00f3vel. Em v\u00e1rios locais da estrada, in\u00fameros membros aguardam a passagem de Meishu-Sama.<\/li>\n<li>22:00 h - Chegada a Nagoia. Hospedagem.<\/li>\n<\/ul>\n<p style=\"text-align: justify;\"><strong>11 de abril<\/strong><\/p>\n<ul style=\"text-align: justify;\">\n<li>10:00 h - Palestra para cerca de quatro mil membros no Gin\u00e1sio de Esportes Kanayama, em Nagoia.<\/li>\n<li>13:00 h - Partida de Nagoia.<\/li>\n<li>18:00 h - Chegada ao Shunju-an. Cerca de dois mil membros aguardam a chegada de Meishu-Sama.<\/li>\n<\/ul>\n<p style=\"text-align: justify;\"><strong>12 de abril<\/strong><\/p>\n<ul style=\"text-align: justify;\">\n<li>8:00 h - Partida do Shunju-an em dire\u00e7\u00e3o Nara, sob chuva No caminho, a chuva cessou.<\/li>\n<li>9:30 h - Chegada ao Hotel Nara. Descanso. Palestra para cerca de dois mil membros no Nara Public Hall.<\/li>\n<li>Aprecia a amostra especial de imagens b\u00fadicas do in\u00edcio do per\u00edodo Heian, no Museu Nacional de Nara.<\/li>\n<li>12:30 h - Partida da cidade de Nara, rumo ao povoado de Muro.<\/li>\n<li>14:30 h - Visita ao Templo Muro-ji.<\/li>\n<li>16:00 h - Partida de Muro.<\/li>\n<li>18:00 h - Chegada ao Hotel Nara. Jantar com cerca de noventa pessoas. Hospedagem no Hotel Nara.<\/li>\n<\/ul>\n<p style=\"text-align: justify;\"><strong>13 de abril<\/strong><\/p>\n<ul style=\"text-align: justify;\">\n<li>9:00 h - Partida do Hotel Nara em dire\u00e7\u00e3o a Yoshino.<\/li>\n<li>10:30 h - Chegada a Yoshino. Visita ao Santu\u00e1rio Yoshino. Almo\u00e7o no Sakura Kadan.<\/li>\n<li>13:00 h - Partida de Yoshino em dire\u00e7\u00e3o a Kyoto.<\/li>\n<li>15:30 h - Visita ao Museu Nacional de Kyoto. Aprecia\u00e7\u00e3o de imagens b\u00fadicas e porcelanas chinesas.<\/li>\n<li>17:30 h - Passando pelo Tihan-tei (Casa Beira do Lago), dirige-se ao Shunju-an. Ap\u00f3s o jantar, turismo na cidade de Kyoto.<\/li>\n<li>22:34 h - Partida de Kyoto no trem expresso Aki. Cerca de duas mil pessoas despedem-se de Meishu-Sama.<\/li>\n<\/ul>\n<p style=\"text-align: justify;\"><strong>14 de abril<\/strong><\/p>\n<ul>\n<li style=\"text-align: justify;\">5:13 h - Chegada a Atami.<\/li>\n<\/ul>\n<\/div>\n<\/div><\/div><div id=\"panel-8065-0-0-1\" class=\"widget_text so-panel widget_custom_html panel-last-child\" data-index=\"1\" ><div class=\"textwidget custom-html-widget\">&nbsp;\n<iframe src=\"http:\/\/www.facebook.com\/plugins\/like.php?href=   http:\/\/www.jinsai.org\/pt-BR\/sagrado\/viagem-a-kyoto-e-nara\/registro-da-viagem-missionaria-de-meishu-sama-a-regiao-kansai&amp;%0Alayout=standard&amp;show_faces=false&amp;width=380&amp;action=like&amp;colorscheme=light&amp;height=25\" style=\"border: medium none ; ovew: hidden; width: 350px; height: 25px;\" allowtransparencyrflo=\"true\" scrolling=\"no\" frameborder=\"0\"><\/iframe><div id=\"fb-root\"><\/div>\n<script src=\"http:\/\/connect.facebook.net\/pt_BR\/all.js#appId=APP_ID&amp;xfbml=1\"><\/script><fb:comments href=\" http:\/\/www.jinsai.org\/pt-BR\/sagrado\/viagem-a-kyoto-e-nara\/registro-da-viagem-missionaria-de-meishu-sama-a-regiao-kansai\" num_posts=\"100\" width=\"500\"><\/fb:comments><meta property=\"fb:app_id\" content=\"171964893011161\">\n\n<div id=\"fb-root\"><\/div>\n<script>(function(d, s, id) {<br \/>\n  var js, fjs = d.getElementsByTagName(s)[0];<br \/>\n  if (d.getElementById(id)) return;<br \/>\n  js = d.createElement(s); js.id = id;<br \/>\n  js.src = 'https:\/\/connect.facebook.net\/pt_BR\/sdk.js#xfbml=1&version=v3.0&appId=171964893011161&autoLogAppEvents=1';<br \/>\n  fjs.parentNode.insertBefore(js, fjs);<br \/>\n}(document, 'script', 'facebook-jssdk'));<\/script>\n<div class=\"fb-share-button\" data-href=\" http:\/\/www.jinsai.org\/pt-BR\/sagrado\/viagem-a-kyoto-e-nara\/registro-da-viagem-missionaria-de-meishu-sama-a-regiao-kansai\" data-layout=\"button_count\" data-size=\"large\" data-mobile-iframe=\"true\"><a target=\"_blank\" href=\"https:\/\/www.facebook.com\/sharer\/sharer.php?u=http%3A%2F% http:\/\/www.jinsai.org\/pt-BR\/sagrado\/viagem-a-kyoto-e-nara\/registro-da-viagem-missionaria-de-meishu-sama-a-regiao-kansai%2F&amp;src=sdkpreparse\" class=\"fb-xfbml-parse-ignore\">Compartilhar<\/a><\/div>\n<\/div><\/div><\/div><\/div><\/div>","protected":false},"excerpt":{"rendered":"<p>Primavera de 1951 \u00a029 de maio Manh\u00e3 &#8211; Partida de Atami. 13:00 h &#8211; Chegada \u00e0 Igreja Tyukyo, em Nagoia. Entrevista com membros. 15:30 h- Partida de Nagoia. Respons\u00e1veis de Igreja recepcionam Meishu-Sama na ponte Karahashi no rio Seta. 19:40 h- Chegada ao local da hospedagem (Mans\u00e3o da fam\u00edlia Kimura, pr\u00f3ximo ao Templo Nanzenji). 30 [&hellip;]<\/p>\n","protected":false},"author":1,"featured_media":0,"parent":7360,"menu_order":0,"comment_status":"open","ping_status":"closed","template":"templates\/template-full.php","meta":{"footnotes":""},"class_list":["post-8065","page","type-page","status-publish","hentry","post"],"_links":{"self":[{"href":"https:\/\/www.jinsai.org\/pt-BR\/wp-json\/wp\/v2\/pages\/8065","targetHints":{"allow":["GET"]}}],"collection":[{"href":"https:\/\/www.jinsai.org\/pt-BR\/wp-json\/wp\/v2\/pages"}],"about":[{"href":"https:\/\/www.jinsai.org\/pt-BR\/wp-json\/wp\/v2\/types\/page"}],"author":[{"embeddable":true,"href":"https:\/\/www.jinsai.org\/pt-BR\/wp-json\/wp\/v2\/users\/1"}],"replies":[{"embeddable":true,"href":"https:\/\/www.jinsai.org\/pt-BR\/wp-json\/wp\/v2\/comments?post=8065"}],"version-history":[{"count":8,"href":"https:\/\/www.jinsai.org\/pt-BR\/wp-json\/wp\/v2\/pages\/8065\/revisions"}],"predecessor-version":[{"id":8094,"href":"https:\/\/www.jinsai.org\/pt-BR\/wp-json\/wp\/v2\/pages\/8065\/revisions\/8094"}],"up":[{"embeddable":true,"href":"https:\/\/www.jinsai.org\/pt-BR\/wp-json\/wp\/v2\/pages\/7360"}],"wp:attachment":[{"href":"https:\/\/www.jinsai.org\/pt-BR\/wp-json\/wp\/v2\/media?parent=8065"}],"curies":[{"name":"wp","href":"https:\/\/api.w.org\/{rel}","templated":true}]}}