{"id":889,"date":"2018-06-26T10:11:17","date_gmt":"2018-06-26T13:11:17","guid":{"rendered":"http:\/\/www.jinsai.org\/pt-BR\/?page_id=889"},"modified":"2020-03-26T18:27:58","modified_gmt":"2020-03-26T21:27:58","slug":"divindades","status":"publish","type":"page","link":"https:\/\/www.jinsai.org\/pt-BR\/sagrado\/divindades\/","title":{"rendered":"Divindades"},"content":{"rendered":"<div id=\"pl-889\"  class=\"panel-layout\" ><div id=\"pg-889-0\"  class=\"panel-grid panel-no-style\" ><div id=\"pgc-889-0-0\"  class=\"panel-grid-cell\" ><div id=\"panel-889-0-0-0\" class=\"so-panel widget_sow-editor panel-first-child\" data-index=\"0\" ><div\n\t\t\t\n\t\t\tclass=\"so-widget-sow-editor so-widget-sow-editor-base\"\n\t\t\t\n\t\t>\n<div class=\"siteorigin-widget-tinymce textwidget\">\n\t<p class=\"style3\" align=\"justify\">Nesta se\u00e7\u00e3o ser\u00e3o apresentadas algumas Divindades relacionadas ao Jap\u00e3o e \u00e0\u00a0 Doutrina Messi\u00e2nica. Para uma melhor compreens\u00e3o a respeito, devemos saber o seguinte:<\/p>\n<p class=\"style3\" align=\"justify\">1) <em> Mikoto <\/em> tem duas formas. A primeira corresponde ao ser humano mais elevado e normalmente coloca-se esse t\u00edtulo ap\u00f3s a morte. A segunda forma de Mikoto \u00e9 colocada no ser humano, que, em vida, tinha posi\u00e7\u00e3o e \u00e9 hierarquicamente superior \u00e0 primeira forma. Um exemplo dessa \u00faltima forma \u00e9 Susanoo-no-Mikoto. Quando um deus nasce sob a forma humana, tamb\u00e9m usa Mikoto.<\/p>\n<p class=\"style3\" align=\"justify\">2) <em> Ookami <\/em> trata-se do Deus Supremo (Miroku Oomikami, Izunome-no-Ookami).<\/p>\n<p class=\"style3\" align=\"justify\">3) <em> Kami <\/em> \u00e9 um deus comum.<\/p>\n<p class=\"style3\" align=\"justify\">Para melhor entendimento, algumas explica\u00e7\u00f5es devem ser lidas conjuntamente, na medida em que elas se complementam, a saber:<\/p>\n<ul>\n<li class=\"style3\">\u00a0As Divindades Ushitora no Konkin Kunitokotati-no-Mikoto, Izunome-no-Ookami e Kanzeon Bossatsu;<\/li>\n<li class=\"style3\">\u00a0As divindades Izanagui e Izanami, Amaterassu Ookami e Sussanoo-no-Mikoto<\/li>\n<li class=\"style3\">\u00a0As divindades Ebissu e Daikoku<\/li>\n<\/ul>\n<p class=\"style3\" align=\"justify\">Nota: com exce\u00e7\u00e3o das explica\u00e7\u00f5es das divindades Daikoku e Ebissu, todas as demais foram extra\u00eddas, na sua quase totalidade, dos Ensinamentos de Meishu-Sama.<\/p>\n<p align=\"justify\">Aqui temos alguns ensinamentos e explica\u00e7\u00f5es sobre as divindades:<\/p>\n<\/div>\n<\/div><\/div><div id=\"panel-889-0-0-1\" class=\"so-panel widget_siteorigin-panels-postloop\" data-index=\"1\" >\n\t<div id=\"vantage-circleicon-loop\" class=\"vantage-circleicon-loop circleicon-loop-columns-3\">\n\n\t\t<div class=\"widget widget_circleicon-widget\">\t\t<div class=\"circle-icon-box circle-icon-position-top circle-icon-hide-box circle-icon-size-small\">\n\t\t\t<div class=\"circle-icon-wrapper\">\n\t\t\t\t<a href=\"https:\/\/www.jinsai.org\/pt-BR\/sagrado\/divindades\/konohana-sakuya-hime-no-mikoto\/\" class=\"link-icon\" >\t\t\t\t<div class=\"circle-icon icon-style-set\" style=\"background-image: url(https:\/\/www.jinsai.org\/pt-BR\/wp-content\/uploads\/2019\/01\/Konohana-Sakuya-Hime-and-Ninigi-no-Mikoto_Japanese-legends_____-150x150.jpg)\">\n\t\t\t\t\t\t\t\t\t<\/div>\n\t\t\t\t<\/a>\t\t\t<\/div>\n\n\t\t\t<a href=\"https:\/\/www.jinsai.org\/pt-BR\/sagrado\/divindades\/konohana-sakuya-hime-no-mikoto\/\" class=\"link-title\" >\t\t\t<h5 >Divindades<\/h5>\t\t\t<h4 >KONOHANA-SAKUYA-HIME-NO-MIKOTO<\/h4>\t\t\t<\/a>\n\t\t\t<p class=\"text\" >Konohana-Sakuya-Hime-no-Mikoto (\u6728\u82b1\u958b\u8036\u59eb, \u6728\u82b1\u54b2\u8036\u59eb ou \u6728\u82b1\u958b\u8036\u59eb), ou deusa das Cerejeiras, \u00e9 a deusa protetora do Monte Fuji e dos vulc\u00f5es em geral. Seu nome significa \u201cPrincesa do Florescimento das \u00c1rvores\u201d e seu s\u00edmbolo \u00e9 a flor de cerejeira, que representa a beleza e efemeridade da vida terrena. Na mitologia japonesa, \u00e9 filha de \u014cyamatsumi-no-Mikoto (Deus Regente [&hellip;]<\/p>\t\t\t\t\t\t\t<a href=\"https:\/\/www.jinsai.org\/pt-BR\/sagrado\/divindades\/konohana-sakuya-hime-no-mikoto\/\" class=\"more-button\" >Continue lendo <i><\/i><\/a>\n\t\t\t\t\t<\/div>\n\t\t<\/div><div class=\"widget widget_circleicon-widget\">\t\t<div class=\"circle-icon-box circle-icon-position-top circle-icon-hide-box circle-icon-size-small\">\n\t\t\t<div class=\"circle-icon-wrapper\">\n\t\t\t\t<a href=\"https:\/\/www.jinsai.org\/pt-BR\/sagrado\/divindades\/o-kyussei-kannon-do-templo-horyu-ji\/\" class=\"link-icon\" >\t\t\t\t<div class=\"circle-icon icon-style-set\" style=\"background-image: url(https:\/\/www.jinsai.org\/pt-BR\/wp-content\/uploads\/2018\/08\/yumedonon-150x150.jpg)\">\n\t\t\t\t\t\t\t\t\t<\/div>\n\t\t\t\t<\/a>\t\t\t<\/div>\n\n\t\t\t<a href=\"https:\/\/www.jinsai.org\/pt-BR\/sagrado\/divindades\/o-kyussei-kannon-do-templo-horyu-ji\/\" class=\"link-title\" >\t\t\t<h5 >Divindades<\/h5>\t\t\t<h4 >O KYUSSEI KANNON DO TEMPLO HORYU-JI<\/h4>\t\t\t<\/a>\n\t\t\t<p class=\"text\" >No Templo Horyu-ji, constru\u00eddo pelo Pr\u00edncipe Shotoku (574 \u2013 622) em 607, h\u00e1 uma imagem de Kannon, denominada Kyussei Kannon (ou Gusse Kannon), que significa Kannon da Salva\u00e7\u00e3o do Mundo, feita por um artista desconhecido do Per\u00edodo Asuka (552 \u2013 710 d.C.). Essa imagem estava sempre fechada no local conhecido como Pavilh\u00e3o dos Sonhos, onde [&hellip;]<\/p>\t\t\t\t\t\t\t<a href=\"https:\/\/www.jinsai.org\/pt-BR\/sagrado\/divindades\/o-kyussei-kannon-do-templo-horyu-ji\/\" class=\"more-button\" >Continue lendo <i><\/i><\/a>\n\t\t\t\t\t<\/div>\n\t\t<\/div><div class=\"widget widget_circleicon-widget\">\t\t<div class=\"circle-icon-box circle-icon-position-top circle-icon-hide-box circle-icon-size-small\">\n\t\t\t<div class=\"circle-icon-wrapper\">\n\t\t\t\t<a href=\"https:\/\/www.jinsai.org\/pt-BR\/sagrado\/divindades\/daikoku\/\" class=\"link-icon\" >\t\t\t\t<div class=\"circle-icon icon-style-set\" style=\"background-image: url(https:\/\/www.jinsai.org\/pt-BR\/wp-content\/uploads\/2018\/06\/WhatsApp-Image-2019-01-15-at-14-150x150.jpg)\">\n\t\t\t\t\t\t\t\t\t<\/div>\n\t\t\t\t<\/a>\t\t\t<\/div>\n\n\t\t\t<a href=\"https:\/\/www.jinsai.org\/pt-BR\/sagrado\/divindades\/daikoku\/\" class=\"link-title\" >\t\t\t<h5 >Divindades<\/h5>\t\t\t<h4 >DAIKOKU<\/h4>\t\t\t<\/a>\n\t\t\t<p class=\"text\" >Daikoku, tamb\u00e9m conhecido como Daikokuten, \u00e9 uma divindade indiana masculina, sendo tamb\u00e9m o deus da fortuna (abund\u00e2ncia), uma divindade dom\u00e9stica (familiar), que tr\u00e1s boa sorte e prosperidade. Daikoku aparece, normalmente, sobre fardos de arroz, vestido com um capuz, carregando uma grande sacola de tesouros sobre seus ombros e segurando um pequeno martelo de madeira m\u00e1gico. [&hellip;]<\/p>\t\t\t\t\t\t\t<a href=\"https:\/\/www.jinsai.org\/pt-BR\/sagrado\/divindades\/daikoku\/\" class=\"more-button\" >Continue lendo <i><\/i><\/a>\n\t\t\t\t\t<\/div>\n\t\t<\/div><div class=\"clear\"><\/div><div class=\"widget widget_circleicon-widget\">\t\t<div class=\"circle-icon-box circle-icon-position-top circle-icon-hide-box circle-icon-size-small\">\n\t\t\t<div class=\"circle-icon-wrapper\">\n\t\t\t\t<a href=\"https:\/\/www.jinsai.org\/pt-BR\/sagrado\/divindades\/ebisu\/\" class=\"link-icon\" >\t\t\t\t<div class=\"circle-icon icon-style-set\" style=\"background-image: url(https:\/\/www.jinsai.org\/pt-BR\/wp-content\/uploads\/2018\/06\/ebisu-150x150.jpg)\">\n\t\t\t\t\t\t\t\t\t<\/div>\n\t\t\t\t<\/a>\t\t\t<\/div>\n\n\t\t\t<a href=\"https:\/\/www.jinsai.org\/pt-BR\/sagrado\/divindades\/ebisu\/\" class=\"link-title\" >\t\t\t<h5 >Divindades<\/h5>\t\t\t<h4 >EBISU<\/h4>\t\t\t<\/a>\n\t\t\t<p class=\"text\" >Nome Xint\u00f4: Kotoshiro-nushi-no-Kami Ebisu \u00e9 uma divindade japonesa masculina, sendo o deus da pesca e da boa sorte. Com sorriso e barba, Ebisu \u00e9 representado sempre com uma vara de pesca, s\u00edmbolo de boa sorte, na m\u00e3o direita, e um grande pargo vermelho (tai), que simboliza comemora\u00e7\u00e3o (omede-tai), pendurado pela linha da vara, ou preso [&hellip;]<\/p>\t\t\t\t\t\t\t<a href=\"https:\/\/www.jinsai.org\/pt-BR\/sagrado\/divindades\/ebisu\/\" class=\"more-button\" >Continue lendo <i><\/i><\/a>\n\t\t\t\t\t<\/div>\n\t\t<\/div><div class=\"widget widget_circleicon-widget\">\t\t<div class=\"circle-icon-box circle-icon-position-top circle-icon-hide-box circle-icon-size-small\">\n\t\t\t<div class=\"circle-icon-wrapper\">\n\t\t\t\t<a href=\"https:\/\/www.jinsai.org\/pt-BR\/sagrado\/divindades\/susanoo-no-mikoto\/\" class=\"link-icon\" >\t\t\t\t<div class=\"circle-icon icon-style-set\" style=\"background-image: url(https:\/\/www.jinsai.org\/pt-BR\/wp-content\/uploads\/2018\/06\/sussanoo-150x150.jpg)\">\n\t\t\t\t\t\t\t\t\t<\/div>\n\t\t\t\t<\/a>\t\t\t<\/div>\n\n\t\t\t<a href=\"https:\/\/www.jinsai.org\/pt-BR\/sagrado\/divindades\/susanoo-no-mikoto\/\" class=\"link-title\" >\t\t\t<h5 >Divindades<\/h5>\t\t\t<h4 >SUSANOO-NO-MIKOTO<\/h4>\t\t\t<\/a>\n\t\t\t<p class=\"text\" >Sussanoo-no-Mikoto \u00e9 irm\u00e3o de Amaterassu Ookami, sendo, portanto, filho de Izanagui e Izanami-no-Mikoto. Ao contr\u00e1rio de sua irm\u00e3, que foi designada para governar o Jap\u00e3o, Sussanoo foi designado para governar a Cor\u00e9ia. Falando ainda sobre a origem de Sussanoo-no-Mikoto, segundo o Kojiki, h\u00e1 tr\u00eas gera\u00e7\u00f5es identificadas com o mesmo nome: Kansussanoo-no (pai), Haya-Susanoo-no (filho) e [&hellip;]<\/p>\t\t\t\t\t\t\t<a href=\"https:\/\/www.jinsai.org\/pt-BR\/sagrado\/divindades\/susanoo-no-mikoto\/\" class=\"more-button\" >Continue lendo <i><\/i><\/a>\n\t\t\t\t\t<\/div>\n\t\t<\/div><div class=\"widget widget_circleicon-widget\">\t\t<div class=\"circle-icon-box circle-icon-position-top circle-icon-hide-box circle-icon-size-small\">\n\t\t\t<div class=\"circle-icon-wrapper\">\n\t\t\t\t<a href=\"https:\/\/www.jinsai.org\/pt-BR\/sagrado\/divindades\/izanagui-e-izanami-no-mikoto\/\" class=\"link-icon\" >\t\t\t\t<div class=\"circle-icon icon-style-set\" style=\"background-image: url(https:\/\/www.jinsai.org\/pt-BR\/wp-content\/uploads\/2018\/06\/izanami_izanagi-150x150.jpg)\">\n\t\t\t\t\t\t\t\t\t<\/div>\n\t\t\t\t<\/a>\t\t\t<\/div>\n\n\t\t\t<a href=\"https:\/\/www.jinsai.org\/pt-BR\/sagrado\/divindades\/izanagui-e-izanami-no-mikoto\/\" class=\"link-title\" >\t\t\t<h5 >Divindades<\/h5>\t\t\t<h4 >IZANAGUI E IZANAMI-NO-MIKOTO<\/h4>\t\t\t<\/a>\n\t\t\t<p class=\"text\" >De acordo com a lenda, Izanagui e Izanami, a \u00faltimas das sete gera\u00e7\u00f5es de deuses, foram mandados pelas divindades celestiais para &#8220;completar a terra \u00e0 deriva&#8221;. Izanagui mergulhou o seu arp\u00e3o do c\u00e9u dentro do oceano e depois o retirou, e a \u00e1gua salgada que dele pingou coagulou-se, formando a primeira Ilha, Ono-goro-jima. Os dois [&hellip;]<\/p>\t\t\t\t\t\t\t<a href=\"https:\/\/www.jinsai.org\/pt-BR\/sagrado\/divindades\/izanagui-e-izanami-no-mikoto\/\" class=\"more-button\" >Continue lendo <i><\/i><\/a>\n\t\t\t\t\t<\/div>\n\t\t<\/div><div class=\"clear\"><\/div><div class=\"widget widget_circleicon-widget\">\t\t<div class=\"circle-icon-box circle-icon-position-top circle-icon-hide-box circle-icon-size-small\">\n\t\t\t<div class=\"circle-icon-wrapper\">\n\t\t\t\t<a href=\"https:\/\/www.jinsai.org\/pt-BR\/sagrado\/divindades\/amaterasu-oomikami\/\" class=\"link-icon\" >\t\t\t\t<div class=\"circle-icon icon-style-set\" style=\"background-image: url(https:\/\/www.jinsai.org\/pt-BR\/wp-content\/uploads\/2018\/06\/amaterasu_cave-150x150.jpg)\">\n\t\t\t\t\t\t\t\t\t<\/div>\n\t\t\t\t<\/a>\t\t\t<\/div>\n\n\t\t\t<a href=\"https:\/\/www.jinsai.org\/pt-BR\/sagrado\/divindades\/amaterasu-oomikami\/\" class=\"link-title\" >\t\t\t<h5 >Divindades<\/h5>\t\t\t<h4 >AMATERASU OOMIKAMI<\/h4>\t\t\t<\/a>\n\t\t\t<p class=\"text\" >A mais alta hierarquia divina, cultuada no Jap\u00e3o, \u00e9 Amaterassu Ookami, divindade tida como ancestral da fam\u00edlia do Imperador. Atualmente, ainda encontra-se presente, no Templo de Isse. O Kojiki, antiga colet\u00e2nea da mitologia e hist\u00f3ria do Jap\u00e3o, faz men\u00e7\u00e3o a um casal de divindades, Izanagui e Izanami-no-Mikoto, que geraram uma filha chamada Amaterassu Ookami, e [&hellip;]<\/p>\t\t\t\t\t\t\t<a href=\"https:\/\/www.jinsai.org\/pt-BR\/sagrado\/divindades\/amaterasu-oomikami\/\" class=\"more-button\" >Continue lendo <i><\/i><\/a>\n\t\t\t\t\t<\/div>\n\t\t<\/div><div class=\"widget widget_circleicon-widget\">\t\t<div class=\"circle-icon-box circle-icon-position-top circle-icon-hide-box circle-icon-size-small\">\n\t\t\t<div class=\"circle-icon-wrapper\">\n\t\t\t\t<a href=\"https:\/\/www.jinsai.org\/pt-BR\/sagrado\/divindades\/ushitora-no-konjin-kunitokotati-no-mikoto\/\" class=\"link-icon\" >\t\t\t\t<div class=\"circle-icon icon-style-set\" style=\"background-image: url(https:\/\/www.jinsai.org\/pt-BR\/wp-content\/uploads\/2018\/06\/ushitora-1-150x150.jpg)\">\n\t\t\t\t\t\t\t\t\t<\/div>\n\t\t\t\t<\/a>\t\t\t<\/div>\n\n\t\t\t<a href=\"https:\/\/www.jinsai.org\/pt-BR\/sagrado\/divindades\/ushitora-no-konjin-kunitokotati-no-mikoto\/\" class=\"link-title\" >\t\t\t<h5 >Divindades<\/h5>\t\t\t<h4 >USHITORA NO KONJIN KUNITOKOTATI-NO-MIKOTO<\/h4>\t\t\t<\/a>\n\t\t\t<p class=\"text\" >Essa divindade \u00e9, em ess\u00eancia, a personifica\u00e7\u00e3o de Ookunitokotati, o Deus Criador do Universo. Nasceu como ser humano, recebendo o nome de Kunitokotati-no-Mikoto. Na comemora\u00e7\u00e3o do dia do Setsubun, realizada em 3 de fevereiro, v\u00e1rios templos xinto\u00edstas e budistas jogam feij\u00e3o torrado, clamando que a fortuna fique dentro e o dem\u00f4nio fora. O objetivo desse [&hellip;]<\/p>\t\t\t\t\t\t\t<a href=\"https:\/\/www.jinsai.org\/pt-BR\/sagrado\/divindades\/ushitora-no-konjin-kunitokotati-no-mikoto\/\" class=\"more-button\" >Continue lendo <i><\/i><\/a>\n\t\t\t\t\t<\/div>\n\t\t<\/div><div class=\"widget widget_circleicon-widget\">\t\t<div class=\"circle-icon-box circle-icon-position-top circle-icon-hide-box circle-icon-size-small\">\n\t\t\t<div class=\"circle-icon-wrapper\">\n\t\t\t\t<a href=\"https:\/\/www.jinsai.org\/pt-BR\/sagrado\/divindades\/o-deus-izunome-no-ookami\/\" class=\"link-icon\" >\t\t\t\t<div class=\"circle-icon icon-style-set\" style=\"background-image: url(https:\/\/www.jinsai.org\/pt-BR\/wp-content\/uploads\/2018\/06\/divindade09-150x150.jpg)\">\n\t\t\t\t\t\t\t\t\t<\/div>\n\t\t\t\t<\/a>\t\t\t<\/div>\n\n\t\t\t<a href=\"https:\/\/www.jinsai.org\/pt-BR\/sagrado\/divindades\/o-deus-izunome-no-ookami\/\" class=\"link-title\" >\t\t\t<h5 >Divindades<\/h5>\t\t\t<h4 >O DEUS IZUNOME-NO-OOKAMI<\/h4>\t\t\t<\/a>\n\t\t\t<p class=\"text\" >Izunome-no-Ookami era o nome do Deus Kanzeon Bosatsu (Kannon) antes Dele ir para a \u00cdndia, ou seja, enquanto ainda estava no Jap\u00e3o. Segundo Meishu-Sama, trata-se, portanto, da verdadeira forma de Kannon. Segundo a doutrina das emana\u00e7\u00f5es (honji suijaku), os deuses origin\u00e1rios do Jap\u00e3o assumiram uma forma de \u201cdisfarce\u201d durante a Era da Noite e tornaram-se [&hellip;]<\/p>\t\t\t\t\t\t\t<a href=\"https:\/\/www.jinsai.org\/pt-BR\/sagrado\/divindades\/o-deus-izunome-no-ookami\/\" class=\"more-button\" >Continue lendo <i><\/i><\/a>\n\t\t\t\t\t<\/div>\n\t\t<\/div><div class=\"clear\"><\/div><div class=\"widget widget_circleicon-widget\">\t\t<div class=\"circle-icon-box circle-icon-position-top circle-icon-hide-box circle-icon-size-small\">\n\t\t\t<div class=\"circle-icon-wrapper\">\n\t\t\t\t<a href=\"https:\/\/www.jinsai.org\/pt-BR\/sagrado\/divindades\/o-deus-kanzeon-bossatsu\/\" class=\"link-icon\" >\t\t\t\t<div class=\"circle-icon icon-style-set\" style=\"background-image: url(https:\/\/www.jinsai.org\/pt-BR\/wp-content\/uploads\/2018\/06\/divindade01-150x150.jpg)\">\n\t\t\t\t\t\t\t\t\t<\/div>\n\t\t\t\t<\/a>\t\t\t<\/div>\n\n\t\t\t<a href=\"https:\/\/www.jinsai.org\/pt-BR\/sagrado\/divindades\/o-deus-kanzeon-bossatsu\/\" class=\"link-title\" >\t\t\t<h5 >Divindades<\/h5>\t\t\t<h4 >O DEUS KANZEON BOSSATSU<\/h4>\t\t\t<\/a>\n\t\t\t<p class=\"text\" >Avalokiteshvara (s\u00e2nscrito) Guanyn, Kuan Yin ou Guanshuyin (chin\u00eas) Kannon, Kanzeon, Kanjizai (japon\u00eas) Kannon \u00e9 provavelmente a mais popular e a mais complexa figura de adora\u00e7\u00e3o do budismo. Ele \u00e9 tamb\u00e9m conhecido como Lokeshvara, \u201cSenhor do Mundo\u201d ou Lokanatha, \u201cProtetor do Mundo\u201d. Al\u00e9m disso, por fornecer seguran\u00e7a \u00e0queles que se encontram em situa\u00e7\u00f5es perigosas, adversas e [&hellip;]<\/p>\t\t\t\t\t\t\t<a href=\"https:\/\/www.jinsai.org\/pt-BR\/sagrado\/divindades\/o-deus-kanzeon-bossatsu\/\" class=\"more-button\" >Continue lendo <i><\/i><\/a>\n\t\t\t\t\t<\/div>\n\t\t<\/div>\t<\/div>\n\t<\/div><div id=\"panel-889-0-0-2\" class=\"widget_text so-panel widget_custom_html panel-last-child\" data-index=\"2\" ><div class=\"textwidget custom-html-widget\"><iframe src=\"http:\/\/www.facebook.com\/plugins\/like.php?href= http:\/\/www.jinsai.org\/pt-BR\/sagrado\/divindades\/&%0Alayout=standard&show_faces=false&width=380&action=like&colorscheme=light&height=25\" style=\"border: medium none ; overflow: hidden; width: 350px; height: 25px;\" allowtransparency=\"true\" frameborder=\"0\" scrolling=\"no\"><\/iframe>\n\n<div id=\"fb-root\"><\/div><script src=\"http:\/\/connect.facebook.net\/pt_BR\/all.js#appId=APP_ID&amp;xfbml=1\"><\/script><fb:comments href=\"http:\/\/www.jinsai.org\/pt-BR\/sagrado\/divindades\/\" num_posts=\"100\" width=\"500\"><\/fb:comments><meta property='fb:app_id' content='171964893011161'\/> \n\n<div id=\"fb-root\"><\/div>\n<script>(function(d, s, id) {\n  var js, fjs = d.getElementsByTagName(s)[0];\n  if (d.getElementById(id)) return;\n  js = d.createElement(s); js.id = id;\n  js.src = 'https:\/\/connect.facebook.net\/pt_BR\/sdk.js#xfbml=1&version=v3.0&appId=171964893011161&autoLogAppEvents=1';\n  fjs.parentNode.insertBefore(js, fjs);\n}(document, 'script', 'facebook-jssdk'));<\/script>\n<div class=\"fb-share-button\" data-href=\"http:\/\/www.jinsai.org\/pt-BR\/sagrado\/divindades\/\" data-layout=\"button_count\" data-size=\"large\" data-mobile-iframe=\"true\"><a target=\"_blank\" href=\"https:\/\/www.facebook.com\/sharer\/sharer.php?u=http%3A%2F%2Fwww.jinsai.org%2Fpt-BR%2Fsagrado%2Fdivindades%2F&amp;src=sdkpreparse\" class=\"fb-xfbml-parse-ignore\">Compartilhar<\/a><\/div>\n<\/div><\/div><\/div><\/div><\/div>","protected":false},"excerpt":{"rendered":"<p>Nesta se\u00e7\u00e3o ser\u00e3o apresentadas algumas Divindades relacionadas ao Jap\u00e3o e \u00e0\u00a0 Doutrina Messi\u00e2nica. Para uma melhor compreens\u00e3o a respeito, devemos saber o seguinte: 1) Mikoto tem duas formas. A primeira corresponde ao ser humano mais elevado e normalmente coloca-se esse t\u00edtulo ap\u00f3s a morte. A segunda forma de Mikoto \u00e9 colocada no ser humano, que, [&hellip;]<\/p>\n","protected":false},"author":1,"featured_media":0,"parent":885,"menu_order":0,"comment_status":"open","ping_status":"closed","template":"templates\/template-full.php","meta":{"footnotes":""},"class_list":["post-889","page","type-page","status-publish","hentry","post","post-with-thumbnail","post-with-thumbnail-icon"],"_links":{"self":[{"href":"https:\/\/www.jinsai.org\/pt-BR\/wp-json\/wp\/v2\/pages\/889","targetHints":{"allow":["GET"]}}],"collection":[{"href":"https:\/\/www.jinsai.org\/pt-BR\/wp-json\/wp\/v2\/pages"}],"about":[{"href":"https:\/\/www.jinsai.org\/pt-BR\/wp-json\/wp\/v2\/types\/page"}],"author":[{"embeddable":true,"href":"https:\/\/www.jinsai.org\/pt-BR\/wp-json\/wp\/v2\/users\/1"}],"replies":[{"embeddable":true,"href":"https:\/\/www.jinsai.org\/pt-BR\/wp-json\/wp\/v2\/comments?post=889"}],"version-history":[{"count":10,"href":"https:\/\/www.jinsai.org\/pt-BR\/wp-json\/wp\/v2\/pages\/889\/revisions"}],"predecessor-version":[{"id":6732,"href":"https:\/\/www.jinsai.org\/pt-BR\/wp-json\/wp\/v2\/pages\/889\/revisions\/6732"}],"up":[{"embeddable":true,"href":"https:\/\/www.jinsai.org\/pt-BR\/wp-json\/wp\/v2\/pages\/885"}],"wp:attachment":[{"href":"https:\/\/www.jinsai.org\/pt-BR\/wp-json\/wp\/v2\/media?parent=889"}],"curies":[{"name":"wp","href":"https:\/\/api.w.org\/{rel}","templated":true}]}}