{"id":899,"date":"2018-06-26T10:38:19","date_gmt":"2018-06-26T13:38:19","guid":{"rendered":"http:\/\/www.jinsai.org\/pt-BR\/?page_id=899"},"modified":"2021-11-16T20:15:37","modified_gmt":"2021-11-16T23:15:37","slug":"cartazes","status":"publish","type":"page","link":"https:\/\/www.jinsai.org\/pt-BR\/mundo-do-belo\/cartazes\/","title":{"rendered":"Cartazes"},"content":{"rendered":"<p class=\"style3\" align=\"justify\">Nesta se\u00e7\u00e3o ser\u00e3o apresentados cartazes sobre arte e sobre os Prot\u00f3tipos do Para\u00edso Terrestre do Jap\u00e3o, em tamanho A1 (59,5 X 84 cm), em formato .pdf. Eles podem ser impressos e colocados nas unidades de difus\u00e3o ou de atendimento de Johrei, de forma a enfeitar e informar as pessoas, servindo como mais um foco de divulga\u00e7\u00e3o do legado do Mestre Jinsai.<\/p>\n<p align=\"justify\"><span style=\"color: #000000;\"><a href=\"https:\/\/www.jinsai.org\/pt-BR\/wp-content\/uploads\/2018\/06\/01_cartaz_risshun.pdf\">Cartaz 01 &#8211; Risshun<\/a><\/span><\/p>\n<p align=\"justify\"><span style=\"color: #000000;\"> <a href=\"https:\/\/www.jinsai.org\/pt-BR\/wp-content\/uploads\/2018\/06\/02_cartaz_zuiun-kyo.pdf\">Cartaz 02 &#8211; Zuiun-kyo (Prot\u00f3tipo do Para\u00edso Terrestre de Atami)<\/a><\/span><\/p>\n<p align=\"justify\"><span style=\"color: #000000;\"> <a href=\"https:\/\/www.jinsai.org\/pt-BR\/wp-content\/uploads\/2018\/06\/03_cartaz_shinsenkyo.pdf\">Cartaz 03 &#8211; Shinsen-kyo (Prot\u00f3tipo do Para\u00edso Terrestre de Hakone)<\/a><\/span><\/p>\n<p align=\"justify\"><span style=\"color: #000000;\"> <a href=\"https:\/\/www.jinsai.org\/pt-BR\/wp-content\/uploads\/2018\/06\/04_cartaz_museu_arte_hakone.pdf\">Cartaz 04 &#8211; Museu de Arte de Hakone<\/a><\/span><\/p>\n<p align=\"justify\"><span style=\"color: #000000;\"> <a href=\"https:\/\/www.jinsai.org\/pt-BR\/wp-content\/uploads\/2018\/06\/05_cartaz_museu_arte_atami.pdf\">Cartaz 05 &#8211; Museu MOA de Atami<\/a><\/span><\/p>\n<p align=\"justify\"><span style=\"color: #000000;\"> <a href=\"https:\/\/www.jinsai.org\/pt-BR\/wp-content\/uploads\/2018\/06\/06_cartaz_palacio_de_cristal.pdf\">Cartaz 06 &#8211; Pal\u00e1cio de Cristal<\/a><\/span><\/p>\n<p align=\"justify\"><span style=\"color: #000000;\"><a href=\"https:\/\/www.jinsai.org\/pt-BR\/wp-content\/uploads\/2018\/06\/07_cartaz_heian-kyo.pdf\">Cartaz 07 &#8211; Heian-kyo (Prot\u00f3tipo do Para\u00edso Terrestre de Kyoto)<\/a><\/span><\/p>\n<p align=\"justify\"><span style=\"color: #000000;\"> <a href=\"https:\/\/www.jinsai.org\/pt-BR\/wp-content\/uploads\/2018\/06\/08_cartaz_sangetsu-an.pdf\">Cartaz 08 &#8211; Sangetsu-An (Casa de Cerim\u00f4nia de Ch\u00e1 Monte e Lua)<\/a><\/span><\/p>\n<p align=\"justify\"><span style=\"color: #000000;\"> <a href=\"https:\/\/www.jinsai.org\/pt-BR\/wp-content\/uploads\/2018\/06\/09_cartaz_goshoten.pdf\">Cartaz 09 &#8211; Goshoten (Ascens\u00e3o de Meishu-Sama)<\/a><\/span><\/p>\n<p align=\"justify\"><span style=\"color: #000000;\"> <a href=\"https:\/\/www.jinsai.org\/pt-BR\/wp-content\/uploads\/2018\/06\/10_cartaz_caligrafias_pinturas.pdf\">Cartaz 10 &#8211; Caligrafias e pinturas de Meishu-Sama<\/a> <\/span><\/p>\n<p>&nbsp;<\/p>\n<p><iframe src=\"http:\/\/www.facebook.com\/plugins\/like.php?href= https:\/\/www.jinsai.org\/pt-BR\/mundo-do-belo\/cartazes\/&amp;%0Alayout=standard&amp;show_faces=false&amp;width=380&amp;action=like&amp;colorscheme=light&amp;height=25\" style=\"border: medium none ; overflow: hidden; width: 350px; height: 25px;\" allowtransparency=\"true\" frameborder=\"0\" scrolling=\"no\"><\/iframe><\/p>\n<div id=\"fb-root\"><\/div>\n<p><script src=\"http:\/\/connect.facebook.net\/pt_BR\/all.js#appId=APP_ID&amp;xfbml=1\"><\/script><fb:comments href=\"https:\/\/www.jinsai.org\/pt-BR\/mundo-do-belo\/cartazes\/\u201d num_posts=\" 100\"=\"\" width=\"500\"><\/fb:comments><meta property=\"fb:app_id\" content=\"171964893011161\"><\/p>\n<div id=\"fb-root\"><\/div>\n<p><script>(function(d, s, id) {<br \/>\n  var js, fjs = d.getElementsByTagName(s)[0];<br \/>\n  if (d.getElementById(id)) return;<br \/>\n  js = d.createElement(s); js.id = id;<br \/>\n  js.src = 'https:\/\/connect.facebook.net\/en_US\/sdk.js#xfbml=1&version=v3.0&appId=171964893011161&autoLogAppEvents=1';<br \/>\n  fjs.parentNode.insertBefore(js, fjs);<br \/>\n}(document, 'script', 'facebook-jssdk'));<\/script><\/p>\n<div class=\"fb-share-button\" data-href=\"https:\/\/www.jinsai.org\/pt-BR\/mundo-do-belo\/cartazes\/\" data-layout=\"button_count\" data-size=\"large\" data-mobile-iframe=\"true\"><a target=\"_blank\" href=\"https:\/\/www.facebook.com\/sharer\/sharer.php?u=http%3A%2F%2Fwww.jinsai.org%2Fpt-BR%2Fmundo-do-belo%2Fcartazes%2F&amp;src=sdkpreparse\" class=\"fb-xfbml-parse-ignore\" rel=\"noopener\">Share<\/a><\/div>\n","protected":false},"excerpt":{"rendered":"<p>Nesta se\u00e7\u00e3o ser\u00e3o apresentados cartazes sobre arte e sobre os Prot\u00f3tipos do Para\u00edso Terrestre do Jap\u00e3o, em tamanho A1 (59,5 X 84 cm), em formato .pdf. Eles podem ser impressos e colocados nas unidades de difus\u00e3o ou de atendimento de Johrei, de forma a enfeitar e informar as pessoas, servindo como mais um foco de [&hellip;]<\/p>\n","protected":false},"author":1,"featured_media":0,"parent":492,"menu_order":0,"comment_status":"open","ping_status":"closed","template":"","meta":{"footnotes":""},"class_list":["post-899","page","type-page","status-publish","hentry","post"],"_links":{"self":[{"href":"https:\/\/www.jinsai.org\/pt-BR\/wp-json\/wp\/v2\/pages\/899","targetHints":{"allow":["GET"]}}],"collection":[{"href":"https:\/\/www.jinsai.org\/pt-BR\/wp-json\/wp\/v2\/pages"}],"about":[{"href":"https:\/\/www.jinsai.org\/pt-BR\/wp-json\/wp\/v2\/types\/page"}],"author":[{"embeddable":true,"href":"https:\/\/www.jinsai.org\/pt-BR\/wp-json\/wp\/v2\/users\/1"}],"replies":[{"embeddable":true,"href":"https:\/\/www.jinsai.org\/pt-BR\/wp-json\/wp\/v2\/comments?post=899"}],"version-history":[{"count":5,"href":"https:\/\/www.jinsai.org\/pt-BR\/wp-json\/wp\/v2\/pages\/899\/revisions"}],"predecessor-version":[{"id":10019,"href":"https:\/\/www.jinsai.org\/pt-BR\/wp-json\/wp\/v2\/pages\/899\/revisions\/10019"}],"up":[{"embeddable":true,"href":"https:\/\/www.jinsai.org\/pt-BR\/wp-json\/wp\/v2\/pages\/492"}],"wp:attachment":[{"href":"https:\/\/www.jinsai.org\/pt-BR\/wp-json\/wp\/v2\/media?parent=899"}],"curies":[{"name":"wp","href":"https:\/\/api.w.org\/{rel}","templated":true}]}}