{"id":921,"date":"2018-06-26T10:53:48","date_gmt":"2018-06-26T13:53:48","guid":{"rendered":"http:\/\/www.jinsai.org\/pt-BR\/?page_id=921"},"modified":"2022-01-03T16:35:57","modified_gmt":"2022-01-03T19:35:57","slug":"ikebanas","status":"publish","type":"page","link":"https:\/\/www.jinsai.org\/pt-BR\/mundo-do-belo\/imagens\/ikebanas\/","title":{"rendered":"Ikebanas"},"content":{"rendered":"<div>\n<p class=\"style50\" style=\"text-align: justify;\" align=\"justify\">O Mestre Jinsai era um grande admirador e divulgador da t\u00e9cnica de Ikebana (arranjo floral). Ele dizia que as flores, como representa\u00e7\u00e3o pict\u00f3rica da Natureza, exercem grande influ\u00eancia na sociedade.<\/p>\n<p class=\"style50\" style=\"text-align: justify;\" align=\"justify\">Dizia Ele: &#8220;Hoje em dia, as flores ornamentam, geralmente, as resid\u00eancias de pessoas acima da classe m\u00e9dia, mas isso \u00e9 insuficiente. Nosso objetivo \u00e9 adornar com elas todos os lugares e classes sociais, colocando-as \u00e0 vista de qualquer pessoa. No canto do escrit\u00f3rio, em cima da escrivaninha, onde quer que seja, n\u00e3o \u00e9 nem preciso dizer o quanto uma flor nos reanima e nos faz sentir um toque de pureza. Em termos ideais, desejamos ornamentar at\u00e9 mesmo pris\u00f5es e locais de execu\u00e7\u00e3o. Qu\u00e3o boa influ\u00eancia isso exerceria sobre os detentos! Se chegarmos ao ponto de existirem flores onde quer que haja pessoas, a for\u00e7a para tornar ameno este mundo infernal ser\u00e1 bem grande.&#8221;<\/p>\n<p class=\"style50\" style=\"text-align: justify;\" align=\"justify\">Assim, Ele tamb\u00e9m deu Sua contribui\u00e7\u00e3o, criando uma t\u00e9cnica inovadora e revolucion\u00e1ria de Ikebana, da qual exibimos alguns exemplos nesta se\u00e7\u00e3o.<\/p>\n<p align=\"justify\">Clique na imagem para abrir as informa\u00e7\u00f5es t\u00e9cnicas.<\/p>\n<p align=\"justify\">\n<\/div>\n<div>\n\n\t\t<style type=\"text\/css\">\n\t\t\t#gallery-1 {\n\t\t\t\tmargin: auto;\n\t\t\t}\n\t\t\t#gallery-1 .gallery-item {\n\t\t\t\tfloat: left;\n\t\t\t\tmargin-top: 10px;\n\t\t\t\ttext-align: center;\n\t\t\t\twidth: 33%;\n\t\t\t}\n\t\t\t#gallery-1 img {\n\t\t\t\tborder: 2px solid #cfcfcf;\n\t\t\t}\n\t\t\t#gallery-1 .gallery-caption {\n\t\t\t\tmargin-left: 0;\n\t\t\t}\n\t\t\t\/* see gallery_shortcode() in wp-includes\/media.php *\/\n\t\t<\/style>\n\t\t<div id='gallery-1' class='gallery galleryid-921 gallery-columns-3 gallery-size-thumbnail'><dl class='gallery-item'>\n\t\t\t<dt class='gallery-icon portrait'>\n\t\t\t\t<a href='https:\/\/www.jinsai.org\/pt-BR\/wp-content\/uploads\/2019\/10\/Ikebana01.jpg'><img loading=\"lazy\" decoding=\"async\" width=\"150\" height=\"150\" src=\"https:\/\/www.jinsai.org\/pt-BR\/wp-content\/uploads\/2019\/10\/Ikebana01-150x150.jpg\" class=\"attachment-thumbnail size-thumbnail\" alt=\"\" \/><\/a>\n\t\t\t<\/dt><\/dl><dl class='gallery-item'>\n\t\t\t<dt class='gallery-icon portrait'>\n\t\t\t\t<a href='https:\/\/www.jinsai.org\/pt-BR\/wp-content\/uploads\/2019\/10\/Ikebana02.jpg'><img loading=\"lazy\" decoding=\"async\" width=\"150\" height=\"150\" src=\"https:\/\/www.jinsai.org\/pt-BR\/wp-content\/uploads\/2019\/10\/Ikebana02-150x150.jpg\" class=\"attachment-thumbnail size-thumbnail\" alt=\"\" \/><\/a>\n\t\t\t<\/dt><\/dl><dl class='gallery-item'>\n\t\t\t<dt class='gallery-icon portrait'>\n\t\t\t\t<a href='https:\/\/www.jinsai.org\/pt-BR\/wp-content\/uploads\/2019\/10\/Ikebana03.jpg'><img loading=\"lazy\" decoding=\"async\" width=\"150\" height=\"150\" src=\"https:\/\/www.jinsai.org\/pt-BR\/wp-content\/uploads\/2019\/10\/Ikebana03-150x150.jpg\" class=\"attachment-thumbnail size-thumbnail\" alt=\"\" \/><\/a>\n\t\t\t<\/dt><\/dl><br style=\"clear: both\" \/><dl class='gallery-item'>\n\t\t\t<dt class='gallery-icon portrait'>\n\t\t\t\t<a href='https:\/\/www.jinsai.org\/pt-BR\/wp-content\/uploads\/2019\/10\/Ikebana04.jpg'><img loading=\"lazy\" decoding=\"async\" width=\"150\" height=\"150\" src=\"https:\/\/www.jinsai.org\/pt-BR\/wp-content\/uploads\/2019\/10\/Ikebana04-150x150.jpg\" class=\"attachment-thumbnail size-thumbnail\" alt=\"\" \/><\/a>\n\t\t\t<\/dt><\/dl><dl class='gallery-item'>\n\t\t\t<dt class='gallery-icon landscape'>\n\t\t\t\t<a href='https:\/\/www.jinsai.org\/pt-BR\/wp-content\/uploads\/2019\/10\/Ikebana05.jpg'><img loading=\"lazy\" decoding=\"async\" width=\"150\" height=\"150\" src=\"https:\/\/www.jinsai.org\/pt-BR\/wp-content\/uploads\/2019\/10\/Ikebana05-150x150.jpg\" class=\"attachment-thumbnail size-thumbnail\" alt=\"\" \/><\/a>\n\t\t\t<\/dt><\/dl><dl class='gallery-item'>\n\t\t\t<dt class='gallery-icon portrait'>\n\t\t\t\t<a href='https:\/\/www.jinsai.org\/pt-BR\/wp-content\/uploads\/2019\/10\/Ikebana06.jpg'><img loading=\"lazy\" decoding=\"async\" width=\"150\" height=\"150\" src=\"https:\/\/www.jinsai.org\/pt-BR\/wp-content\/uploads\/2019\/10\/Ikebana06-150x150.jpg\" class=\"attachment-thumbnail size-thumbnail\" alt=\"\" \/><\/a>\n\t\t\t<\/dt><\/dl><br style=\"clear: both\" \/><dl class='gallery-item'>\n\t\t\t<dt class='gallery-icon portrait'>\n\t\t\t\t<a href='https:\/\/www.jinsai.org\/pt-BR\/wp-content\/uploads\/2019\/10\/Ikebana07.jpg'><img loading=\"lazy\" decoding=\"async\" width=\"150\" height=\"150\" src=\"https:\/\/www.jinsai.org\/pt-BR\/wp-content\/uploads\/2019\/10\/Ikebana07-150x150.jpg\" class=\"attachment-thumbnail size-thumbnail\" alt=\"\" \/><\/a>\n\t\t\t<\/dt><\/dl><dl class='gallery-item'>\n\t\t\t<dt class='gallery-icon portrait'>\n\t\t\t\t<a href='https:\/\/www.jinsai.org\/pt-BR\/wp-content\/uploads\/2019\/10\/Ikebana08.jpg'><img loading=\"lazy\" decoding=\"async\" width=\"150\" height=\"150\" src=\"https:\/\/www.jinsai.org\/pt-BR\/wp-content\/uploads\/2019\/10\/Ikebana08-150x150.jpg\" class=\"attachment-thumbnail size-thumbnail\" alt=\"\" \/><\/a>\n\t\t\t<\/dt><\/dl><dl class='gallery-item'>\n\t\t\t<dt class='gallery-icon portrait'>\n\t\t\t\t<a href='https:\/\/www.jinsai.org\/pt-BR\/wp-content\/uploads\/2019\/10\/Ikebana09.jpg'><img loading=\"lazy\" decoding=\"async\" width=\"150\" height=\"150\" src=\"https:\/\/www.jinsai.org\/pt-BR\/wp-content\/uploads\/2019\/10\/Ikebana09-150x150.jpg\" class=\"attachment-thumbnail size-thumbnail\" alt=\"\" \/><\/a>\n\t\t\t<\/dt><\/dl><br style=\"clear: both\" \/><dl class='gallery-item'>\n\t\t\t<dt class='gallery-icon landscape'>\n\t\t\t\t<a href='https:\/\/www.jinsai.org\/pt-BR\/wp-content\/uploads\/2019\/10\/Ikebana10.jpg'><img loading=\"lazy\" decoding=\"async\" width=\"150\" height=\"150\" src=\"https:\/\/www.jinsai.org\/pt-BR\/wp-content\/uploads\/2019\/10\/Ikebana10-150x150.jpg\" class=\"attachment-thumbnail size-thumbnail\" alt=\"\" \/><\/a>\n\t\t\t<\/dt><\/dl><dl class='gallery-item'>\n\t\t\t<dt class='gallery-icon portrait'>\n\t\t\t\t<a href='https:\/\/www.jinsai.org\/pt-BR\/wp-content\/uploads\/2019\/10\/Ikebana11.jpg'><img loading=\"lazy\" decoding=\"async\" width=\"150\" height=\"150\" src=\"https:\/\/www.jinsai.org\/pt-BR\/wp-content\/uploads\/2019\/10\/Ikebana11-150x150.jpg\" class=\"attachment-thumbnail size-thumbnail\" alt=\"\" \/><\/a>\n\t\t\t<\/dt><\/dl><dl class='gallery-item'>\n\t\t\t<dt class='gallery-icon portrait'>\n\t\t\t\t<a href='https:\/\/www.jinsai.org\/pt-BR\/wp-content\/uploads\/2019\/10\/Ikebana12.jpg'><img loading=\"lazy\" decoding=\"async\" width=\"150\" height=\"150\" src=\"https:\/\/www.jinsai.org\/pt-BR\/wp-content\/uploads\/2019\/10\/Ikebana12-150x150.jpg\" class=\"attachment-thumbnail size-thumbnail\" alt=\"\" \/><\/a>\n\t\t\t<\/dt><\/dl><br style=\"clear: both\" \/><dl class='gallery-item'>\n\t\t\t<dt class='gallery-icon portrait'>\n\t\t\t\t<a href='https:\/\/www.jinsai.org\/pt-BR\/wp-content\/uploads\/2019\/10\/Ikebana13.jpg'><img loading=\"lazy\" decoding=\"async\" width=\"150\" height=\"150\" src=\"https:\/\/www.jinsai.org\/pt-BR\/wp-content\/uploads\/2019\/10\/Ikebana13-150x150.jpg\" class=\"attachment-thumbnail size-thumbnail\" alt=\"\" \/><\/a>\n\t\t\t<\/dt><\/dl><dl class='gallery-item'>\n\t\t\t<dt class='gallery-icon landscape'>\n\t\t\t\t<a href='https:\/\/www.jinsai.org\/pt-BR\/wp-content\/uploads\/2019\/10\/Ikebana14.jpg'><img loading=\"lazy\" decoding=\"async\" width=\"150\" height=\"150\" src=\"https:\/\/www.jinsai.org\/pt-BR\/wp-content\/uploads\/2019\/10\/Ikebana14-150x150.jpg\" class=\"attachment-thumbnail size-thumbnail\" alt=\"\" \/><\/a>\n\t\t\t<\/dt><\/dl><dl class='gallery-item'>\n\t\t\t<dt class='gallery-icon portrait'>\n\t\t\t\t<a href='https:\/\/www.jinsai.org\/pt-BR\/wp-content\/uploads\/2019\/10\/Ikebana15.jpg'><img loading=\"lazy\" decoding=\"async\" width=\"150\" height=\"150\" src=\"https:\/\/www.jinsai.org\/pt-BR\/wp-content\/uploads\/2019\/10\/Ikebana15-150x150.jpg\" class=\"attachment-thumbnail size-thumbnail\" alt=\"\" \/><\/a>\n\t\t\t<\/dt><\/dl><br style=\"clear: both\" \/><dl class='gallery-item'>\n\t\t\t<dt class='gallery-icon portrait'>\n\t\t\t\t<a href='https:\/\/www.jinsai.org\/pt-BR\/wp-content\/uploads\/2019\/10\/Ikebana16.jpg'><img loading=\"lazy\" decoding=\"async\" width=\"150\" height=\"150\" src=\"https:\/\/www.jinsai.org\/pt-BR\/wp-content\/uploads\/2019\/10\/Ikebana16-150x150.jpg\" class=\"attachment-thumbnail size-thumbnail\" alt=\"\" \/><\/a>\n\t\t\t<\/dt><\/dl><dl class='gallery-item'>\n\t\t\t<dt class='gallery-icon portrait'>\n\t\t\t\t<a href='https:\/\/www.jinsai.org\/pt-BR\/wp-content\/uploads\/2019\/10\/Ikebana17.jpg'><img loading=\"lazy\" decoding=\"async\" width=\"150\" height=\"150\" src=\"https:\/\/www.jinsai.org\/pt-BR\/wp-content\/uploads\/2019\/10\/Ikebana17-150x150.jpg\" class=\"attachment-thumbnail size-thumbnail\" alt=\"\" \/><\/a>\n\t\t\t<\/dt><\/dl><dl class='gallery-item'>\n\t\t\t<dt class='gallery-icon portrait'>\n\t\t\t\t<a href='https:\/\/www.jinsai.org\/pt-BR\/wp-content\/uploads\/2019\/10\/Ikebana18.jpg'><img loading=\"lazy\" decoding=\"async\" width=\"150\" height=\"150\" src=\"https:\/\/www.jinsai.org\/pt-BR\/wp-content\/uploads\/2019\/10\/Ikebana18-150x150.jpg\" class=\"attachment-thumbnail size-thumbnail\" alt=\"\" \/><\/a>\n\t\t\t<\/dt><\/dl><br style=\"clear: both\" \/><dl class='gallery-item'>\n\t\t\t<dt class='gallery-icon landscape'>\n\t\t\t\t<a href='https:\/\/www.jinsai.org\/pt-BR\/wp-content\/uploads\/2019\/10\/Ikebana19.jpg'><img loading=\"lazy\" decoding=\"async\" width=\"150\" height=\"150\" src=\"https:\/\/www.jinsai.org\/pt-BR\/wp-content\/uploads\/2019\/10\/Ikebana19-150x150.jpg\" class=\"attachment-thumbnail size-thumbnail\" alt=\"\" \/><\/a>\n\t\t\t<\/dt><\/dl><dl class='gallery-item'>\n\t\t\t<dt class='gallery-icon portrait'>\n\t\t\t\t<a href='https:\/\/www.jinsai.org\/pt-BR\/wp-content\/uploads\/2019\/10\/Ikebana20.jpg'><img loading=\"lazy\" decoding=\"async\" width=\"150\" height=\"150\" src=\"https:\/\/www.jinsai.org\/pt-BR\/wp-content\/uploads\/2019\/10\/Ikebana20-150x150.jpg\" class=\"attachment-thumbnail size-thumbnail\" alt=\"\" \/><\/a>\n\t\t\t<\/dt><\/dl><dl class='gallery-item'>\n\t\t\t<dt class='gallery-icon portrait'>\n\t\t\t\t<a href='https:\/\/www.jinsai.org\/pt-BR\/wp-content\/uploads\/2019\/10\/Ikebana21.jpg'><img loading=\"lazy\" decoding=\"async\" width=\"150\" height=\"150\" src=\"https:\/\/www.jinsai.org\/pt-BR\/wp-content\/uploads\/2019\/10\/Ikebana21-150x150.jpg\" class=\"attachment-thumbnail size-thumbnail\" alt=\"\" \/><\/a>\n\t\t\t<\/dt><\/dl><br style=\"clear: both\" \/><dl class='gallery-item'>\n\t\t\t<dt class='gallery-icon portrait'>\n\t\t\t\t<a href='https:\/\/www.jinsai.org\/pt-BR\/wp-content\/uploads\/2019\/10\/Ikebana22.jpg'><img loading=\"lazy\" decoding=\"async\" width=\"150\" height=\"150\" src=\"https:\/\/www.jinsai.org\/pt-BR\/wp-content\/uploads\/2019\/10\/Ikebana22-150x150.jpg\" class=\"attachment-thumbnail size-thumbnail\" alt=\"\" \/><\/a>\n\t\t\t<\/dt><\/dl><dl class='gallery-item'>\n\t\t\t<dt class='gallery-icon portrait'>\n\t\t\t\t<a href='https:\/\/www.jinsai.org\/pt-BR\/wp-content\/uploads\/2019\/10\/Ikebana23.jpg'><img loading=\"lazy\" decoding=\"async\" width=\"150\" height=\"150\" src=\"https:\/\/www.jinsai.org\/pt-BR\/wp-content\/uploads\/2019\/10\/Ikebana23-150x150.jpg\" class=\"attachment-thumbnail size-thumbnail\" alt=\"\" \/><\/a>\n\t\t\t<\/dt><\/dl><dl class='gallery-item'>\n\t\t\t<dt class='gallery-icon portrait'>\n\t\t\t\t<a href='https:\/\/www.jinsai.org\/pt-BR\/wp-content\/uploads\/2019\/10\/Ikebana24.jpg'><img loading=\"lazy\" decoding=\"async\" width=\"150\" height=\"150\" src=\"https:\/\/www.jinsai.org\/pt-BR\/wp-content\/uploads\/2019\/10\/Ikebana24-150x150.jpg\" class=\"attachment-thumbnail size-thumbnail\" alt=\"\" \/><\/a>\n\t\t\t<\/dt><\/dl><br style=\"clear: both\" \/><dl class='gallery-item'>\n\t\t\t<dt class='gallery-icon portrait'>\n\t\t\t\t<a href='https:\/\/www.jinsai.org\/pt-BR\/wp-content\/uploads\/2019\/10\/Ikebana25.jpg'><img loading=\"lazy\" decoding=\"async\" width=\"150\" height=\"150\" src=\"https:\/\/www.jinsai.org\/pt-BR\/wp-content\/uploads\/2019\/10\/Ikebana25-150x150.jpg\" class=\"attachment-thumbnail size-thumbnail\" alt=\"\" \/><\/a>\n\t\t\t<\/dt><\/dl><dl class='gallery-item'>\n\t\t\t<dt class='gallery-icon portrait'>\n\t\t\t\t<a href='https:\/\/www.jinsai.org\/pt-BR\/wp-content\/uploads\/2019\/10\/Ikebana26.jpg'><img loading=\"lazy\" decoding=\"async\" width=\"150\" height=\"150\" src=\"https:\/\/www.jinsai.org\/pt-BR\/wp-content\/uploads\/2019\/10\/Ikebana26-150x150.jpg\" class=\"attachment-thumbnail size-thumbnail\" alt=\"\" \/><\/a>\n\t\t\t<\/dt><\/dl><dl class='gallery-item'>\n\t\t\t<dt class='gallery-icon landscape'>\n\t\t\t\t<a href='https:\/\/www.jinsai.org\/pt-BR\/wp-content\/uploads\/2019\/10\/Ikebana27.jpg'><img loading=\"lazy\" decoding=\"async\" width=\"150\" height=\"150\" src=\"https:\/\/www.jinsai.org\/pt-BR\/wp-content\/uploads\/2019\/10\/Ikebana27-150x150.jpg\" class=\"attachment-thumbnail size-thumbnail\" alt=\"\" \/><\/a>\n\t\t\t<\/dt><\/dl><br style=\"clear: both\" \/><dl class='gallery-item'>\n\t\t\t<dt class='gallery-icon portrait'>\n\t\t\t\t<a href='https:\/\/www.jinsai.org\/pt-BR\/wp-content\/uploads\/2019\/10\/Ikebana28.jpg'><img loading=\"lazy\" decoding=\"async\" width=\"150\" height=\"150\" src=\"https:\/\/www.jinsai.org\/pt-BR\/wp-content\/uploads\/2019\/10\/Ikebana28-150x150.jpg\" class=\"attachment-thumbnail size-thumbnail\" alt=\"\" \/><\/a>\n\t\t\t<\/dt><\/dl><dl class='gallery-item'>\n\t\t\t<dt class='gallery-icon portrait'>\n\t\t\t\t<a href='https:\/\/www.jinsai.org\/pt-BR\/wp-content\/uploads\/2019\/10\/Ikebana29.jpg'><img loading=\"lazy\" decoding=\"async\" width=\"150\" height=\"150\" src=\"https:\/\/www.jinsai.org\/pt-BR\/wp-content\/uploads\/2019\/10\/Ikebana29-150x150.jpg\" class=\"attachment-thumbnail size-thumbnail\" alt=\"\" \/><\/a>\n\t\t\t<\/dt><\/dl><dl class='gallery-item'>\n\t\t\t<dt class='gallery-icon portrait'>\n\t\t\t\t<a href='https:\/\/www.jinsai.org\/pt-BR\/wp-content\/uploads\/2019\/10\/Ikebana30.jpg'><img loading=\"lazy\" decoding=\"async\" width=\"150\" height=\"150\" src=\"https:\/\/www.jinsai.org\/pt-BR\/wp-content\/uploads\/2019\/10\/Ikebana30-150x150.jpg\" class=\"attachment-thumbnail size-thumbnail\" alt=\"\" \/><\/a>\n\t\t\t<\/dt><\/dl><br style=\"clear: both\" \/><dl class='gallery-item'>\n\t\t\t<dt class='gallery-icon landscape'>\n\t\t\t\t<a href='https:\/\/www.jinsai.org\/pt-BR\/wp-content\/uploads\/2019\/10\/Ikebana31.jpg'><img loading=\"lazy\" decoding=\"async\" width=\"150\" height=\"150\" src=\"https:\/\/www.jinsai.org\/pt-BR\/wp-content\/uploads\/2019\/10\/Ikebana31-150x150.jpg\" class=\"attachment-thumbnail size-thumbnail\" alt=\"\" \/><\/a>\n\t\t\t<\/dt><\/dl><dl class='gallery-item'>\n\t\t\t<dt class='gallery-icon portrait'>\n\t\t\t\t<a href='https:\/\/www.jinsai.org\/pt-BR\/wp-content\/uploads\/2019\/10\/Ikebana32.jpg'><img loading=\"lazy\" decoding=\"async\" width=\"150\" height=\"150\" src=\"https:\/\/www.jinsai.org\/pt-BR\/wp-content\/uploads\/2019\/10\/Ikebana32-150x150.jpg\" class=\"attachment-thumbnail size-thumbnail\" alt=\"\" \/><\/a>\n\t\t\t<\/dt><\/dl><dl class='gallery-item'>\n\t\t\t<dt class='gallery-icon portrait'>\n\t\t\t\t<a href='https:\/\/www.jinsai.org\/pt-BR\/wp-content\/uploads\/2019\/10\/Ikebana33.jpg'><img loading=\"lazy\" decoding=\"async\" width=\"150\" height=\"150\" src=\"https:\/\/www.jinsai.org\/pt-BR\/wp-content\/uploads\/2019\/10\/Ikebana33-150x150.jpg\" class=\"attachment-thumbnail size-thumbnail\" alt=\"\" \/><\/a>\n\t\t\t<\/dt><\/dl><br style=\"clear: both\" \/><dl class='gallery-item'>\n\t\t\t<dt class='gallery-icon portrait'>\n\t\t\t\t<a href='https:\/\/www.jinsai.org\/pt-BR\/wp-content\/uploads\/2019\/10\/Ikebana34.jpg'><img loading=\"lazy\" decoding=\"async\" width=\"150\" height=\"150\" src=\"https:\/\/www.jinsai.org\/pt-BR\/wp-content\/uploads\/2019\/10\/Ikebana34-150x150.jpg\" class=\"attachment-thumbnail size-thumbnail\" alt=\"\" \/><\/a>\n\t\t\t<\/dt><\/dl><dl class='gallery-item'>\n\t\t\t<dt class='gallery-icon portrait'>\n\t\t\t\t<a href='https:\/\/www.jinsai.org\/pt-BR\/wp-content\/uploads\/2019\/10\/Ikebana35.jpg'><img loading=\"lazy\" decoding=\"async\" width=\"150\" height=\"150\" src=\"https:\/\/www.jinsai.org\/pt-BR\/wp-content\/uploads\/2019\/10\/Ikebana35-150x150.jpg\" class=\"attachment-thumbnail size-thumbnail\" alt=\"\" \/><\/a>\n\t\t\t<\/dt><\/dl><dl class='gallery-item'>\n\t\t\t<dt class='gallery-icon portrait'>\n\t\t\t\t<a href='https:\/\/www.jinsai.org\/pt-BR\/wp-content\/uploads\/2019\/10\/Ikebana36.jpg'><img loading=\"lazy\" decoding=\"async\" width=\"150\" height=\"150\" src=\"https:\/\/www.jinsai.org\/pt-BR\/wp-content\/uploads\/2019\/10\/Ikebana36-150x150.jpg\" class=\"attachment-thumbnail size-thumbnail\" alt=\"\" \/><\/a>\n\t\t\t<\/dt><\/dl><br style=\"clear: both\" \/><dl class='gallery-item'>\n\t\t\t<dt class='gallery-icon landscape'>\n\t\t\t\t<a href='https:\/\/www.jinsai.org\/pt-BR\/wp-content\/uploads\/2019\/10\/Ikebana37.jpg'><img loading=\"lazy\" decoding=\"async\" width=\"150\" height=\"150\" src=\"https:\/\/www.jinsai.org\/pt-BR\/wp-content\/uploads\/2019\/10\/Ikebana37-150x150.jpg\" class=\"attachment-thumbnail size-thumbnail\" alt=\"\" \/><\/a>\n\t\t\t<\/dt><\/dl><dl class='gallery-item'>\n\t\t\t<dt class='gallery-icon landscape'>\n\t\t\t\t<a href='https:\/\/www.jinsai.org\/pt-BR\/wp-content\/uploads\/2019\/10\/Ikebana38.jpg'><img loading=\"lazy\" decoding=\"async\" width=\"150\" height=\"150\" src=\"https:\/\/www.jinsai.org\/pt-BR\/wp-content\/uploads\/2019\/10\/Ikebana38-150x150.jpg\" class=\"attachment-thumbnail size-thumbnail\" alt=\"\" \/><\/a>\n\t\t\t<\/dt><\/dl><dl class='gallery-item'>\n\t\t\t<dt class='gallery-icon portrait'>\n\t\t\t\t<a href='https:\/\/www.jinsai.org\/pt-BR\/wp-content\/uploads\/2019\/10\/Ikebana39.jpg'><img loading=\"lazy\" decoding=\"async\" width=\"150\" height=\"150\" src=\"https:\/\/www.jinsai.org\/pt-BR\/wp-content\/uploads\/2019\/10\/Ikebana39-150x150.jpg\" class=\"attachment-thumbnail size-thumbnail\" alt=\"\" \/><\/a>\n\t\t\t<\/dt><\/dl><br style=\"clear: both\" \/><dl class='gallery-item'>\n\t\t\t<dt class='gallery-icon landscape'>\n\t\t\t\t<a href='https:\/\/www.jinsai.org\/pt-BR\/wp-content\/uploads\/2019\/10\/Ikebana40.jpg'><img loading=\"lazy\" decoding=\"async\" width=\"150\" height=\"150\" src=\"https:\/\/www.jinsai.org\/pt-BR\/wp-content\/uploads\/2019\/10\/Ikebana40-150x150.jpg\" class=\"attachment-thumbnail size-thumbnail\" alt=\"\" \/><\/a>\n\t\t\t<\/dt><\/dl><dl class='gallery-item'>\n\t\t\t<dt class='gallery-icon landscape'>\n\t\t\t\t<a href='https:\/\/www.jinsai.org\/pt-BR\/wp-content\/uploads\/2019\/10\/Ikebana41.jpg'><img loading=\"lazy\" decoding=\"async\" width=\"150\" height=\"150\" src=\"https:\/\/www.jinsai.org\/pt-BR\/wp-content\/uploads\/2019\/10\/Ikebana41-150x150.jpg\" class=\"attachment-thumbnail size-thumbnail\" alt=\"\" \/><\/a>\n\t\t\t<\/dt><\/dl><dl class='gallery-item'>\n\t\t\t<dt class='gallery-icon landscape'>\n\t\t\t\t<a href='https:\/\/www.jinsai.org\/pt-BR\/wp-content\/uploads\/2019\/10\/Ikebana42.jpg'><img loading=\"lazy\" decoding=\"async\" width=\"150\" height=\"150\" src=\"https:\/\/www.jinsai.org\/pt-BR\/wp-content\/uploads\/2019\/10\/Ikebana42-150x150.jpg\" class=\"attachment-thumbnail size-thumbnail\" alt=\"\" srcset=\"https:\/\/www.jinsai.org\/pt-BR\/wp-content\/uploads\/2019\/10\/Ikebana42-150x150.jpg 150w, https:\/\/www.jinsai.org\/pt-BR\/wp-content\/uploads\/2019\/10\/Ikebana42-300x298.jpg 300w, https:\/\/www.jinsai.org\/pt-BR\/wp-content\/uploads\/2019\/10\/Ikebana42.jpg 605w\" sizes=\"auto, (max-width: 150px) 100vw, 150px\" \/><\/a>\n\t\t\t<\/dt><\/dl><br style=\"clear: both\" \/><dl class='gallery-item'>\n\t\t\t<dt class='gallery-icon portrait'>\n\t\t\t\t<a href='https:\/\/www.jinsai.org\/pt-BR\/wp-content\/uploads\/2019\/10\/Ikebana43.jpg'><img loading=\"lazy\" decoding=\"async\" width=\"150\" height=\"150\" src=\"https:\/\/www.jinsai.org\/pt-BR\/wp-content\/uploads\/2019\/10\/Ikebana43-150x150.jpg\" class=\"attachment-thumbnail size-thumbnail\" alt=\"\" \/><\/a>\n\t\t\t<\/dt><\/dl><dl class='gallery-item'>\n\t\t\t<dt class='gallery-icon portrait'>\n\t\t\t\t<a href='https:\/\/www.jinsai.org\/pt-BR\/wp-content\/uploads\/2019\/10\/Ikebana44.jpg'><img loading=\"lazy\" decoding=\"async\" width=\"150\" height=\"150\" src=\"https:\/\/www.jinsai.org\/pt-BR\/wp-content\/uploads\/2019\/10\/Ikebana44-150x150.jpg\" class=\"attachment-thumbnail size-thumbnail\" alt=\"\" \/><\/a>\n\t\t\t<\/dt><\/dl><dl class='gallery-item'>\n\t\t\t<dt class='gallery-icon portrait'>\n\t\t\t\t<a href='https:\/\/www.jinsai.org\/pt-BR\/wp-content\/uploads\/2019\/10\/Ikebana45.jpg'><img loading=\"lazy\" decoding=\"async\" width=\"150\" height=\"150\" src=\"https:\/\/www.jinsai.org\/pt-BR\/wp-content\/uploads\/2019\/10\/Ikebana45-150x150.jpg\" class=\"attachment-thumbnail size-thumbnail\" alt=\"\" \/><\/a>\n\t\t\t<\/dt><\/dl><br style=\"clear: both\" \/><dl class='gallery-item'>\n\t\t\t<dt class='gallery-icon portrait'>\n\t\t\t\t<a href='https:\/\/www.jinsai.org\/pt-BR\/wp-content\/uploads\/2019\/10\/Ikebana46.jpg'><img loading=\"lazy\" decoding=\"async\" width=\"150\" height=\"150\" src=\"https:\/\/www.jinsai.org\/pt-BR\/wp-content\/uploads\/2019\/10\/Ikebana46-150x150.jpg\" class=\"attachment-thumbnail size-thumbnail\" alt=\"\" \/><\/a>\n\t\t\t<\/dt><\/dl><dl class='gallery-item'>\n\t\t\t<dt class='gallery-icon portrait'>\n\t\t\t\t<a href='https:\/\/www.jinsai.org\/pt-BR\/wp-content\/uploads\/2019\/10\/Ikebana47.jpg'><img loading=\"lazy\" decoding=\"async\" width=\"150\" height=\"150\" src=\"https:\/\/www.jinsai.org\/pt-BR\/wp-content\/uploads\/2019\/10\/Ikebana47-150x150.jpg\" class=\"attachment-thumbnail size-thumbnail\" alt=\"\" aria-describedby=\"gallery-1-5498\" \/><\/a>\n\t\t\t<\/dt>\n\t\t\t\t<dd class='wp-caption-text gallery-caption' id='gallery-1-5498'>\n\t\t\t\tSala de Bambu do Kanzantei, Hakone.\nMateriais: Cris\u00e2ntemos, cornus.\nRecipiente: vaso de cer\u00e2mica cil\u00edndrico.\n\t\t\t\t<\/dd><\/dl><dl class='gallery-item'>\n\t\t\t<dt class='gallery-icon landscape'>\n\t\t\t\t<a href='https:\/\/www.jinsai.org\/pt-BR\/wp-content\/uploads\/2019\/10\/Ikebana48.jpg'><img loading=\"lazy\" decoding=\"async\" width=\"150\" height=\"150\" src=\"https:\/\/www.jinsai.org\/pt-BR\/wp-content\/uploads\/2019\/10\/Ikebana48-150x150.jpg\" class=\"attachment-thumbnail size-thumbnail\" alt=\"\" \/><\/a>\n\t\t\t<\/dt><\/dl><br style=\"clear: both\" \/><dl class='gallery-item'>\n\t\t\t<dt class='gallery-icon portrait'>\n\t\t\t\t<a href='https:\/\/www.jinsai.org\/pt-BR\/wp-content\/uploads\/2019\/10\/Ikebana49.jpg'><img loading=\"lazy\" decoding=\"async\" width=\"150\" height=\"150\" src=\"https:\/\/www.jinsai.org\/pt-BR\/wp-content\/uploads\/2019\/10\/Ikebana49-150x150.jpg\" class=\"attachment-thumbnail size-thumbnail\" alt=\"\" \/><\/a>\n\t\t\t<\/dt><\/dl><dl class='gallery-item'>\n\t\t\t<dt class='gallery-icon landscape'>\n\t\t\t\t<a href='https:\/\/www.jinsai.org\/pt-BR\/wp-content\/uploads\/2019\/10\/Ikebana50.jpg'><img loading=\"lazy\" decoding=\"async\" width=\"150\" height=\"150\" src=\"https:\/\/www.jinsai.org\/pt-BR\/wp-content\/uploads\/2019\/10\/Ikebana50-150x150.jpg\" class=\"attachment-thumbnail size-thumbnail\" alt=\"\" \/><\/a>\n\t\t\t<\/dt><\/dl>\n\t\t\t<br style='clear: both' \/>\n\t\t<\/div>\n\n<\/div>\n<p><iframe style=\"ovew: hidden; width: 350px; height: 25px;\" src=\"http:\/\/www.facebook.com\/plugins\/like.php?href=  https:\/\/www.jinsai.org\/pt-BR\/mundo-do-belo\/imagens\/ikebanas &amp;%0Alayout=standard&amp;show_faces=false&amp;width=380&amp;action=like&amp;colorscheme=light&amp;height=25\" frameborder=\"0\" scrolling=\"no\"><\/iframe><\/p>\n<div id=\"fb-root\"><\/div>\n<p><script src=\"http:\/\/connect.facebook.net\/pt_BR\/all.js#appId=APP_ID&amp;xfbml=1\"><\/script><\/p>\n<div id=\"fb-root\"><\/div>\n<p><script>(function(d, s, id) {<br \/>\n  var js, fjs = d.getElementsByTagName(s)[0];<br \/>\n  if (d.getElementById(id)) return;<br \/>\n  js = d.createElement(s); js.id = id;<br \/>\n  js.src = 'https:\/\/connect.facebook.net\/pt_BR\/sdk.js#xfbml=1&version=v3.0&appId=171964893011161&autoLogAppEvents=1';<br \/>\n  fjs.parentNode.insertBefore(js, fjs);<br \/>\n}(document, 'script', 'facebook-jssdk'));<\/script><\/p>\n<div class=\"fb-share-button\" data-href=\" https:\/\/www.jinsai.org\/pt-BR\/mundo-do-belo\/imagens\/ikebanas\" data-layout=\"button_count\" data-size=\"large\" data-mobile-iframe=\"true\"><a class=\"fb-xfbml-parse-ignore\" href=\"https:\/\/www.facebook.com\/sharer\/sharer.php?u=http%3A%2F%  https:\/\/www.jinsai.org\/pt-BR\/mundo-do-belo\/imagens\/ikebanas%2F&amp;src=sdkpreparse\" target=\"_blank\" rel=\"noopener noreferrer\">Compartilhar<\/a><\/div>\n","protected":false},"excerpt":{"rendered":"<p>O Mestre Jinsai era um grande admirador e divulgador da t\u00e9cnica de Ikebana (arranjo floral). Ele dizia que as flores, como representa\u00e7\u00e3o pict\u00f3rica da Natureza, exercem grande influ\u00eancia na sociedade. Dizia Ele: &#8220;Hoje em dia, as flores ornamentam, geralmente, as resid\u00eancias de pessoas acima da classe m\u00e9dia, mas isso \u00e9 insuficiente. Nosso objetivo \u00e9 adornar [&hellip;]<\/p>\n","protected":false},"author":1,"featured_media":0,"parent":905,"menu_order":0,"comment_status":"open","ping_status":"closed","template":"","meta":{"footnotes":""},"class_list":["post-921","page","type-page","status-publish","hentry","post"],"_links":{"self":[{"href":"https:\/\/www.jinsai.org\/pt-BR\/wp-json\/wp\/v2\/pages\/921","targetHints":{"allow":["GET"]}}],"collection":[{"href":"https:\/\/www.jinsai.org\/pt-BR\/wp-json\/wp\/v2\/pages"}],"about":[{"href":"https:\/\/www.jinsai.org\/pt-BR\/wp-json\/wp\/v2\/types\/page"}],"author":[{"embeddable":true,"href":"https:\/\/www.jinsai.org\/pt-BR\/wp-json\/wp\/v2\/users\/1"}],"replies":[{"embeddable":true,"href":"https:\/\/www.jinsai.org\/pt-BR\/wp-json\/wp\/v2\/comments?post=921"}],"version-history":[{"count":20,"href":"https:\/\/www.jinsai.org\/pt-BR\/wp-json\/wp\/v2\/pages\/921\/revisions"}],"predecessor-version":[{"id":10414,"href":"https:\/\/www.jinsai.org\/pt-BR\/wp-json\/wp\/v2\/pages\/921\/revisions\/10414"}],"up":[{"embeddable":true,"href":"https:\/\/www.jinsai.org\/pt-BR\/wp-json\/wp\/v2\/pages\/905"}],"wp:attachment":[{"href":"https:\/\/www.jinsai.org\/pt-BR\/wp-json\/wp\/v2\/media?parent=921"}],"curies":[{"name":"wp","href":"https:\/\/api.w.org\/{rel}","templated":true}]}}