{"id":9248,"date":"2021-05-04T21:59:58","date_gmt":"2021-05-05T00:59:58","guid":{"rendered":"http:\/\/www.jinsai.org\/pt-BR\/?page_id=9248"},"modified":"2021-05-04T22:09:14","modified_gmt":"2021-05-05T01:09:14","slug":"estudo-especial-sobre-a-oracao-zenguen-sanji","status":"publish","type":"page","link":"https:\/\/www.jinsai.org\/pt-BR\/estudo-especial-sobre-a-oracao-zenguen-sanji\/","title":{"rendered":"Estudo Especial sobre a Ora\u00e7\u00e3o Zenguen Sanji"},"content":{"rendered":"<p style=\"text-align: justify;\">Participe do nosso estudo especial sobre a Ora\u00e7\u00e3o Zengen Sanji, <strong>segunda-feira, dia 10 de maio, \u00e0s 19:30 h!<\/strong><\/p>\n<p style=\"text-align: justify;\">\n<p style=\"text-align: justify;\"><strong>1\u00ba passo:<\/strong> Cadastre seus dados abaixo. Mesmo quem j\u00e1 est\u00e1 cadastrado em nossa Newsletter, deve se cadastrar de novo.<\/p>\n<p style=\"text-align: justify;\"><strong>2\u00ba passo:<\/strong> Clique no link de confirma\u00e7\u00e3o que ser\u00e1 enviado para seu e-mail. Lembre-se de checar sua caixa de SPAM ou Lixo Eletr\u00f4nico. Usu\u00e1rios de G-Mail devem checar a caixa &#8220;Promo\u00e7\u00e3o&#8221;.<\/p>\n<p style=\"text-align: justify;\"><strong>3\u00ba passo:<\/strong> Entre no grupo do Whatsapp sobre o estudo, que tamb\u00e9m ser\u00e1 enviado para seu e-mail. \u00c9 l\u00e1 no grupo que ser\u00e1 postado o PDF do estudo na pr\u00f3pria segunda-feira, DEPOIS da apresenta\u00e7\u00e3o.<br \/>\n<strong>N\u00c3O SE PREOCUPE!<\/strong> O grupo n\u00e3o pesar\u00e1 em seu celular. Ele ser\u00e1 fechado e extinto na quarta-feira ap\u00f3s a apresenta\u00e7\u00e3o.<\/p>\n<p><strong>4\u00ba passo:<\/strong> Com os conhecimentos da aula e do PDF, voc\u00ea estar\u00e1 apto a construir o Mundo de Miroku atrav\u00e9s da ora\u00e7\u00e3o!<\/p>\n<p><iframe class=\"ipz-iframe\" src=\"https:\/\/jinsai.ipzmarketing.com\/f\/86RXUKRInLw\" width=\"100%\" frameborder=\"0\" scrolling=\"no\"><\/iframe><br \/>\n<script type=\"text\/javascript\" src=\"https:\/\/assets.ipzmarketing.com\/assets\/signup_form\/iframe_v1.js\" data-cfasync=\"false\"><\/script><\/p>\n","protected":false},"excerpt":{"rendered":"<p>Participe do nosso estudo especial sobre a Ora\u00e7\u00e3o Zengen Sanji, segunda-feira, dia 10 de maio, \u00e0s 19:30 h! 1\u00ba passo: Cadastre seus dados abaixo. Mesmo quem j\u00e1 est\u00e1 cadastrado em nossa Newsletter, deve se cadastrar de novo. 2\u00ba passo: Clique no link de confirma\u00e7\u00e3o que ser\u00e1 enviado para seu e-mail. Lembre-se de checar sua caixa [&hellip;]<\/p>\n","protected":false},"author":1,"featured_media":0,"parent":0,"menu_order":0,"comment_status":"closed","ping_status":"closed","template":"templates\/template-full.php","meta":{"footnotes":""},"class_list":["post-9248","page","type-page","status-publish","hentry","post"],"_links":{"self":[{"href":"https:\/\/www.jinsai.org\/pt-BR\/wp-json\/wp\/v2\/pages\/9248","targetHints":{"allow":["GET"]}}],"collection":[{"href":"https:\/\/www.jinsai.org\/pt-BR\/wp-json\/wp\/v2\/pages"}],"about":[{"href":"https:\/\/www.jinsai.org\/pt-BR\/wp-json\/wp\/v2\/types\/page"}],"author":[{"embeddable":true,"href":"https:\/\/www.jinsai.org\/pt-BR\/wp-json\/wp\/v2\/users\/1"}],"replies":[{"embeddable":true,"href":"https:\/\/www.jinsai.org\/pt-BR\/wp-json\/wp\/v2\/comments?post=9248"}],"version-history":[{"count":3,"href":"https:\/\/www.jinsai.org\/pt-BR\/wp-json\/wp\/v2\/pages\/9248\/revisions"}],"predecessor-version":[{"id":9252,"href":"https:\/\/www.jinsai.org\/pt-BR\/wp-json\/wp\/v2\/pages\/9248\/revisions\/9252"}],"wp:attachment":[{"href":"https:\/\/www.jinsai.org\/pt-BR\/wp-json\/wp\/v2\/media?parent=9248"}],"curies":[{"name":"wp","href":"https:\/\/api.w.org\/{rel}","templated":true}]}}