{"id":927,"date":"2018-06-26T10:57:22","date_gmt":"2018-06-26T13:57:22","guid":{"rendered":"http:\/\/www.jinsai.org\/pt-BR\/?page_id=927"},"modified":"2021-11-27T13:42:05","modified_gmt":"2021-11-27T16:42:05","slug":"palestras","status":"publish","type":"page","link":"https:\/\/www.jinsai.org\/pt-BR\/mundo-do-belo\/audio-e-video\/palestras\/","title":{"rendered":"Palestras"},"content":{"rendered":"<div id=\"pl-927\" class=\"panel-layout\">\n<div id=\"pg-927-0\" class=\"panel-grid panel-no-style\">\n<div id=\"pgc-927-0-0\" class=\"panel-grid-cell\" data-weight=\"1\">\n<div data-index=\"0\" data-style=\"{&quot;background_image_attachment&quot;:false,&quot;background_display&quot;:&quot;cover&quot;}\">\n<p class=\"style49\" align=\"justify\"><span class=\"style49 style50\">Palestras do Mestre Jinsai em japon\u00eas. Mesmo n\u00e3o compreendendo o significado, escutar a voz do Dele purifica o ambiente e a mente. <\/span><\/p>\n<p align=\"justify\">\n<\/div>\n<div data-index=\"0\" data-style=\"{&quot;background_image_attachment&quot;:false,&quot;background_display&quot;:&quot;cover&quot;}\"><img loading=\"lazy\" decoding=\"async\" class=\"wp-image-2026 aligncenter\" src=\"https:\/\/www.jinsai.org\/pt-BR\/wp-content\/uploads\/2018\/07\/MeishuSama31.jpg\" alt=\"\" width=\"253\" height=\"493\"><\/div>\n<div data-index=\"0\" data-style=\"{&quot;background_image_attachment&quot;:false,&quot;background_display&quot;:&quot;cover&quot;}\"><\/div>\n<div data-index=\"0\" data-style=\"{&quot;background_image_attachment&quot;:false,&quot;background_display&quot;:&quot;cover&quot;}\">\n<div class=\"wp-playlist wp-audio-playlist wp-playlist-light\">\n\t\t\t<div class=\"wp-playlist-current-item\"><\/div>\n\t\t<audio controls=\"controls\" preload=\"none\" width=\"698\"\n\t\t\t><\/audio>\n\t<div class=\"wp-playlist-next\"><\/div>\n\t<div class=\"wp-playlist-prev\"><\/div>\n\t<noscript>\n\t<ol>\n\t\t<li><a href='https:\/\/www.jinsai.org\/pt-BR\/wp-content\/uploads\/2018\/07\/palestra06.mp3'>Palestra do Mestre Jinsai feita no Pal\u00e1cio de Cristal em 11 de dezembro de 1954!<\/a><\/li><li><a href='https:\/\/www.jinsai.org\/pt-BR\/wp-content\/uploads\/2018\/07\/palestra04.mp3'>Palestra do Mestre Jinsai no qual Ele afirma ser o Construtor da Nova Civiliza\u00e7\u00e3o, o Para\u00edso Terrestre!<\/a><\/li><li><a href='https:\/\/www.jinsai.org\/pt-BR\/wp-content\/uploads\/2018\/07\/palestra01.mp3'>Palestra do Mestre Jinsai sobre a difus\u00e3o no Hava\u00ed, primeiro passo para a salva\u00e7\u00e3o mundial<\/a><\/li><li><a href='https:\/\/www.jinsai.org\/pt-BR\/wp-content\/uploads\/2018\/07\/palestra02-1.mp3'>Palestra 04<\/a><\/li><li><a href='https:\/\/www.jinsai.org\/pt-BR\/wp-content\/uploads\/2018\/07\/palestra07.mp3'>Palestra 05<\/a><\/li><li><a href='https:\/\/www.jinsai.org\/pt-BR\/wp-content\/uploads\/2018\/07\/palestra05.mp3'>Palestra 06<\/a><\/li><li><a href='https:\/\/www.jinsai.org\/pt-BR\/wp-content\/uploads\/2018\/07\/palestra03.mp3'>Palestra 07<\/a><\/li>\t<\/ol>\n\t<\/noscript>\n\t<script type=\"application\/json\" class=\"wp-playlist-script\">{\"type\":\"audio\",\"tracklist\":true,\"tracknumbers\":true,\"images\":true,\"artists\":true,\"tracks\":[{\"src\":\"https:\/\/www.jinsai.org\/pt-BR\/wp-content\/uploads\/2018\/07\/palestra06.mp3\",\"type\":\"audio\/mpeg\",\"title\":\"Palestra do Mestre Jinsai feita no Pal\\u00e1cio de Cristal em 11 de dezembro de 1954!\",\"caption\":\"\",\"description\":\"\\\"004\\\".\",\"meta\":{\"length_formatted\":\"1:21\"},\"image\":{\"src\":\"https:\/\/www.jinsai.org\/pt-BR\/wp-includes\/images\/media\/audio.svg\",\"width\":48,\"height\":64},\"thumb\":{\"src\":\"https:\/\/www.jinsai.org\/pt-BR\/wp-includes\/images\/media\/audio.svg\",\"width\":48,\"height\":64}},{\"src\":\"https:\/\/www.jinsai.org\/pt-BR\/wp-content\/uploads\/2018\/07\/palestra04.mp3\",\"type\":\"audio\/mpeg\",\"title\":\"Palestra do Mestre Jinsai no qual Ele afirma ser o Construtor da Nova Civiliza\\u00e7\\u00e3o, o Para\\u00edso Terrestre!\",\"caption\":\"\",\"description\":\"\\\"meikoe\\\" de Unknown por Unknown. Lan\\u00e7ado: 2012. G\\u00eanero: Other.\",\"meta\":{\"genre\":\"Other\",\"year\":\"2012\",\"length_formatted\":\"0:04\"},\"image\":{\"src\":\"https:\/\/www.jinsai.org\/pt-BR\/wp-includes\/images\/media\/audio.svg\",\"width\":48,\"height\":64},\"thumb\":{\"src\":\"https:\/\/www.jinsai.org\/pt-BR\/wp-includes\/images\/media\/audio.svg\",\"width\":48,\"height\":64}},{\"src\":\"https:\/\/www.jinsai.org\/pt-BR\/wp-content\/uploads\/2018\/07\/palestra01.mp3\",\"type\":\"audio\/mpeg\",\"title\":\"Palestra do Mestre Jinsai sobre a difus\\u00e3o no Hava\\u00ed, primeiro passo para a salva\\u00e7\\u00e3o mundial\",\"caption\":\"\",\"description\":\"\\\"palestra01\\\".\",\"meta\":{\"length_formatted\":\"6:07\"},\"image\":{\"src\":\"https:\/\/www.jinsai.org\/pt-BR\/wp-includes\/images\/media\/audio.svg\",\"width\":48,\"height\":64},\"thumb\":{\"src\":\"https:\/\/www.jinsai.org\/pt-BR\/wp-includes\/images\/media\/audio.svg\",\"width\":48,\"height\":64}},{\"src\":\"https:\/\/www.jinsai.org\/pt-BR\/wp-content\/uploads\/2018\/07\/palestra02-1.mp3\",\"type\":\"audio\/mpeg\",\"title\":\"Palestra 04\",\"caption\":\"\",\"description\":\"\\\"Faixa 6\\\" de \\u00c1lbum Desconhecido (21\/6\/2006 22:08:24). Faixa 6.\",\"meta\":{\"length_formatted\":\"6:09\"},\"image\":{\"src\":\"https:\/\/www.jinsai.org\/pt-BR\/wp-includes\/images\/media\/audio.svg\",\"width\":48,\"height\":64},\"thumb\":{\"src\":\"https:\/\/www.jinsai.org\/pt-BR\/wp-includes\/images\/media\/audio.svg\",\"width\":48,\"height\":64}},{\"src\":\"https:\/\/www.jinsai.org\/pt-BR\/wp-content\/uploads\/2018\/07\/palestra07.mp3\",\"type\":\"audio\/mpeg\",\"title\":\"Palestra 05\",\"caption\":\"\",\"description\":\"\\\"001\\\".\",\"meta\":{\"length_formatted\":\"1:35\"},\"image\":{\"src\":\"https:\/\/www.jinsai.org\/pt-BR\/wp-includes\/images\/media\/audio.svg\",\"width\":48,\"height\":64},\"thumb\":{\"src\":\"https:\/\/www.jinsai.org\/pt-BR\/wp-includes\/images\/media\/audio.svg\",\"width\":48,\"height\":64}},{\"src\":\"https:\/\/www.jinsai.org\/pt-BR\/wp-content\/uploads\/2018\/07\/palestra05.mp3\",\"type\":\"audio\/mpeg\",\"title\":\"Palestra 06\",\"caption\":\"\",\"description\":\"\\\"\\u008c\\u00e4\\u008f\\u00f2\\u0089\\u00bb\\u0082\\u00c9\\u0082\\u00c2\\u0082\\u00a2\\u0082\\u00c4\\u0082\\u00cc\\u008c\\u00e4\\u008c\\u00be\\u0097t\\\".\",\"meta\":{\"length_formatted\":\"2:24\"},\"image\":{\"src\":\"https:\/\/www.jinsai.org\/pt-BR\/wp-includes\/images\/media\/audio.svg\",\"width\":48,\"height\":64},\"thumb\":{\"src\":\"https:\/\/www.jinsai.org\/pt-BR\/wp-includes\/images\/media\/audio.svg\",\"width\":48,\"height\":64}},{\"src\":\"https:\/\/www.jinsai.org\/pt-BR\/wp-content\/uploads\/2018\/07\/palestra03.mp3\",\"type\":\"audio\/mpeg\",\"title\":\"Palestra 07\",\"caption\":\"\",\"description\":\"\\\"Voz de Meishu-Sama\\\" de Palestrando por Meishu Sama. Faixa 1. G\\u00eanero: genre.\",\"meta\":{\"genre\":\"genre\",\"length_formatted\":\"1:41\"},\"image\":{\"src\":\"https:\/\/www.jinsai.org\/pt-BR\/wp-includes\/images\/media\/audio.svg\",\"width\":48,\"height\":64},\"thumb\":{\"src\":\"https:\/\/www.jinsai.org\/pt-BR\/wp-includes\/images\/media\/audio.svg\",\"width\":48,\"height\":64}}]}<\/script>\n<\/div>\n\t\n<\/div>\n<\/div>\n<\/div>\n<\/div>\n<p><iframe src=\"http:\/\/www.facebook.com\/plugins\/like.php?href= https:\/\/www.jinsai.org\/pt-BR\/mundo-do-belo\/audio-e-video\/palestras\/&amp;%0Alayout=standard&amp;show_faces=false&amp;width=380&amp;action=like&amp;colorscheme=light&amp;height=25\" style=\"border: medium none ; overflow: hidden; width: 350px; height: 25px;\" allowtransparency=\"true\" frameborder=\"0\" scrolling=\"no\"><\/iframe><\/p>\n<div id=\"fb-root\"><\/div>\n<p><script src=\"http:\/\/connect.facebook.net\/pt_BR\/all.js#appId=APP_ID&amp;xfbml=1\"><\/script><fb:comments href=\"https:\/\/www.jinsai.org\/pt-BR\/mundo-do-belo\/audio-e-video\/palestras\/\u201d num_posts=\" 100\"=\"\" width=\"500\"><\/fb:comments><meta property=\"fb:app_id\" content=\"171964893011161\"><\/p>\n<div id=\"fb-root\"><\/div>\n<p><script>(function(d, s, id) {<br \/>\n  var js, fjs = d.getElementsByTagName(s)[0];<br \/>\n  if (d.getElementById(id)) return;<br \/>\n  js = d.createElement(s); js.id = id;<br \/>\n  js.src = 'https:\/\/connect.facebook.net\/en_US\/sdk.js#xfbml=1&version=v3.0&appId=171964893011161&autoLogAppEvents=1';<br \/>\n  fjs.parentNode.insertBefore(js, fjs);<br \/>\n}(document, 'script', 'facebook-jssdk'));<\/script><\/p>\n<div class=\"fb-share-button\" data-href=\"https:\/\/www.jinsai.org\/pt-BR\/mundo-do-belo\/audio-e-video\/palestras\/\" data-layout=\"button_count\" data-size=\"large\" data-mobile-iframe=\"true\"><a target=\"_blank\" href=\"https:\/\/www.facebook.com\/sharer\/sharer.php?u=http%3A%2F%2Fwww.jinsai.org%2Fpt-BR%2Fmundo-do-belo%2Faudio-e-video%2Fpalestras%2F&amp;src=sdkpreparse\" class=\"fb-xfbml-parse-ignore\" rel=\"noopener\">Share<\/a><\/div>\n","protected":false},"excerpt":{"rendered":"<p>Palestras do Mestre Jinsai em japon\u00eas. Mesmo n\u00e3o compreendendo o significado, escutar a voz do Dele purifica o ambiente e a mente.<\/p>\n","protected":false},"author":1,"featured_media":0,"parent":907,"menu_order":0,"comment_status":"open","ping_status":"closed","template":"","meta":{"footnotes":""},"class_list":["post-927","page","type-page","status-publish","hentry","post"],"_links":{"self":[{"href":"https:\/\/www.jinsai.org\/pt-BR\/wp-json\/wp\/v2\/pages\/927","targetHints":{"allow":["GET"]}}],"collection":[{"href":"https:\/\/www.jinsai.org\/pt-BR\/wp-json\/wp\/v2\/pages"}],"about":[{"href":"https:\/\/www.jinsai.org\/pt-BR\/wp-json\/wp\/v2\/types\/page"}],"author":[{"embeddable":true,"href":"https:\/\/www.jinsai.org\/pt-BR\/wp-json\/wp\/v2\/users\/1"}],"replies":[{"embeddable":true,"href":"https:\/\/www.jinsai.org\/pt-BR\/wp-json\/wp\/v2\/comments?post=927"}],"version-history":[{"count":20,"href":"https:\/\/www.jinsai.org\/pt-BR\/wp-json\/wp\/v2\/pages\/927\/revisions"}],"predecessor-version":[{"id":10041,"href":"https:\/\/www.jinsai.org\/pt-BR\/wp-json\/wp\/v2\/pages\/927\/revisions\/10041"}],"up":[{"embeddable":true,"href":"https:\/\/www.jinsai.org\/pt-BR\/wp-json\/wp\/v2\/pages\/907"}],"wp:attachment":[{"href":"https:\/\/www.jinsai.org\/pt-BR\/wp-json\/wp\/v2\/media?parent=927"}],"curies":[{"name":"wp","href":"https:\/\/api.w.org\/{rel}","templated":true}]}}